{"id":18620,"date":"2024-02-07T10:58:17","date_gmt":"2024-02-07T08:58:17","guid":{"rendered":"https:\/\/3dvikingsstore.com\/shop\/teren-do-star-wars-rozpetaj-przygody-w-galaktyce\/"},"modified":"2024-02-29T09:22:07","modified_gmt":"2024-02-29T07:22:07","slug":"teren-do-star-wars-rozpetaj-przygody-w-galaktyce","status":"publish","type":"product","link":"https:\/\/3dvikingsstore.com\/pl\/shop\/teren-do-star-wars-rozpetaj-przygody-w-galaktyce\/","title":{"rendered":"Teren do Star Wars: Rozp\u0119taj przygody w galaktyce!"},"content":{"rendered":"<p>Budowanie terenu <strong>Star Wars <\/strong>, urzekaj\u0105cy dodatek do przyg\u00f3d na stole. Zanurz si\u0119 w kultowym uniwersum Gwiezdnych Wojen dzi\u0119ki temu starannie wykonanemu elementowi terenu.<\/p>\n<p><strong>Autentyczny arabski design<\/strong>: Nasza cytadela oddaje ho\u0142d architektonicznym cudom odleg\u0142ej galaktyki. Od rozleg\u0142ych zakr\u0119t\u00f3w Naboo po surowe fortece Tatooine, ka\u017cdy szczeg\u00f3\u0142 oddaje esencj\u0119 stylu Gwiezdnych Wojen.<\/p>\n<p><strong>Dwupoziomowa struktura<\/strong>: Wspinaj si\u0119 po jej poziomach niczym rycerz Jedi lub infiltruj jej ukryte komnaty jako odwa\u017cny szpieg Rebelii. Dwupoziomowa konstrukcja dodaje pionowo\u015bci i z\u0142o\u017cono\u015bci, zapewniaj\u0105c ekscytuj\u0105c\u0105 rozgrywk\u0119.<\/p>\n<p><strong>Wysokiej jako\u015bci materia\u0142<\/strong>: Wykonany z wytrzyma\u0142ego tworzywa PLA budynek Star Wars jest odporny na ostrza\u0142 z blastera i pojedynki na miecze \u015bwietlne. Jego g\u0142adka powierzchnia zach\u0119ca do niestandardowego malowania, umo\u017cliwiaj\u0105c odtworzenie kultowych scen lub wymy\u015blenie w\u0142asnych.<\/p>\n<p><strong>Idealna skala<\/strong>: Niezale\u017cnie od tego, czy dowodzisz \u017co\u0142nierzami-klonami, czy prowadzisz grup\u0119 nieustraszonych przemytnik\u00f3w, nasza cytadela idealnie pasuje do bitew w skali 28\/32 mm. Realizm, jaki wnosi do potyczek, jest niezr\u00f3wnany.<\/p>\n<p><strong>Wszechstronne zastosowanie<\/strong>: Wyrusz na epickie misje w ca\u0142ej galaktyce Gwiezdnych Wojen. Niezale\u017cnie od tego, czy toczysz bitwy, czy odtwarzasz legendarne bitwy w grach wojennych, budynek terenu Star Wars czeka na twoje dow\u00f3dztwo.<\/p>\n<p>Uwolnij Moc podczas swoich sesji gamingowych. Zam\u00f3w sw\u00f3j budynek terenowy Star Wars ju\u017c dzi\u015b i niech ko\u015bci b\u0119d\u0105 zawsze na twoj\u0105 korzy\u015b\u0107! ??<\/p>\n","protected":false},"excerpt":{"rendered":"<p>Budowanie terenu <strong>Star Wars <\/strong>, urzekaj\u0105cy dodatek do przyg\u00f3d na stole. Zanurz si\u0119 w kultowym uniwersum Gwiezdnych Wojen dzi\u0119ki temu starannie wykonanemu elementowi terenu.<\/p>\n","protected":false},"featured_media":18766,"comment_status":"open","ping_status":"closed","template":"","meta":[],"product_cat":[3138,3137,3152],"product_tag":[3212,3160,3209,3211,3210,3203,3208,3207,3205,3202,3206,3204],"yoast_head":"<!-- This site is optimized with the Yoast SEO Premium plugin v22.9 (Yoast SEO v22.9) - https:\/\/yoast.com\/wordpress\/plugins\/seo\/ -->\n<title>Teren do Star Wars: Rozp\u0119taj przygody w galaktyce!<\/title>\n<meta name=\"description\" content=\"Teren do Star Wars \u2013 zniewalaj\u0105cy dodatek do przyg\u00f3d przy stole. Zanurz si\u0119 w kultowym uniwersum Gwiezdnych Wojen.\" \/>\n<meta name=\"robots\" content=\"index, follow, max-snippet:-1, max-image-preview:large, max-video-preview:-1\" \/>\n<link rel=\"canonical\" href=\"https:\/\/3dvikingsstore.com\/pl\/shop\/teren-do-star-wars-rozpetaj-przygody-w-galaktyce\/\" \/>\n<meta property=\"og:locale\" content=\"pl_PL\" \/>\n<meta property=\"og:type\" content=\"article\" \/>\n<meta property=\"og:title\" content=\"Teren do Star Wars: Rozp\u0119taj przygody w galaktyce!\" \/>\n<meta property=\"og:description\" content=\"Teren do Star Wars \u2013 zniewalaj\u0105cy dodatek do przyg\u00f3d przy stole. Zanurz si\u0119 w kultowym uniwersum Gwiezdnych Wojen.\" \/>\n<meta property=\"og:url\" content=\"https:\/\/3dvikingsstore.com\/pl\/shop\/teren-do-star-wars-rozpetaj-przygody-w-galaktyce\/\" \/>\n<meta property=\"og:site_name\" content=\"3D Vikings Store\" \/>\n<meta property=\"article:modified_time\" content=\"2024-02-29T07:22:07+00:00\" \/>\n<meta property=\"og:image\" content=\"https:\/\/3dvikingsstore.com\/wp-content\/uploads\/2024\/02\/DSC_7228.jpg\" \/>\n\t<meta property=\"og:image:width\" content=\"2558\" \/>\n\t<meta property=\"og:image:height\" content=\"2558\" \/>\n\t<meta property=\"og:image:type\" content=\"image\/jpeg\" \/>\n<meta name=\"twitter:card\" content=\"summary_large_image\" \/>\n<meta name=\"twitter:label1\" content=\"Szacowany czas czytania\" \/>\n\t<meta name=\"twitter:data1\" content=\"2 minuty\" \/>\n<script type=\"application\/ld+json\" class=\"yoast-schema-graph\">{\"@context\":\"https:\/\/schema.org\",\"@graph\":[{\"@type\":[\"WebPage\",\"ItemPage\"],\"@id\":\"https:\/\/3dvikingsstore.com\/pl\/shop\/teren-do-star-wars-rozpetaj-przygody-w-galaktyce\/\",\"url\":\"https:\/\/3dvikingsstore.com\/pl\/shop\/teren-do-star-wars-rozpetaj-przygody-w-galaktyce\/\",\"name\":\"Teren do Star Wars: Rozp\u0119taj przygody w galaktyce!\",\"isPartOf\":{\"@id\":\"https:\/\/3dvikingsstore.com\/pl\/#website\"},\"primaryImageOfPage\":{\"@id\":\"https:\/\/3dvikingsstore.com\/pl\/shop\/teren-do-star-wars-rozpetaj-przygody-w-galaktyce\/#primaryimage\"},\"image\":{\"@id\":\"https:\/\/3dvikingsstore.com\/pl\/shop\/teren-do-star-wars-rozpetaj-przygody-w-galaktyce\/#primaryimage\"},\"thumbnailUrl\":\"https:\/\/3dvikingsstore.com\/wp-content\/uploads\/2024\/02\/DSC_7225-1.png\",\"datePublished\":\"2024-02-07T08:58:17+00:00\",\"dateModified\":\"2024-02-29T07:22:07+00:00\",\"description\":\"Teren do Star Wars \u2013 zniewalaj\u0105cy dodatek do przyg\u00f3d przy stole. Zanurz si\u0119 w kultowym uniwersum Gwiezdnych Wojen.\",\"breadcrumb\":{\"@id\":\"https:\/\/3dvikingsstore.com\/pl\/shop\/teren-do-star-wars-rozpetaj-przygody-w-galaktyce\/#breadcrumb\"},\"inLanguage\":\"pl-PL\",\"potentialAction\":[{\"@type\":\"ReadAction\",\"target\":[\"https:\/\/3dvikingsstore.com\/pl\/shop\/teren-do-star-wars-rozpetaj-przygody-w-galaktyce\/\"]}]},{\"@type\":\"ImageObject\",\"inLanguage\":\"pl-PL\",\"@id\":\"https:\/\/3dvikingsstore.com\/pl\/shop\/teren-do-star-wars-rozpetaj-przygody-w-galaktyce\/#primaryimage\",\"url\":\"https:\/\/3dvikingsstore.com\/wp-content\/uploads\/2024\/02\/DSC_7225-1.png\",\"contentUrl\":\"https:\/\/3dvikingsstore.com\/wp-content\/uploads\/2024\/02\/DSC_7225-1.png\",\"width\":2366,\"height\":2366},{\"@type\":\"BreadcrumbList\",\"@id\":\"https:\/\/3dvikingsstore.com\/pl\/shop\/teren-do-star-wars-rozpetaj-przygody-w-galaktyce\/#breadcrumb\",\"itemListElement\":[{\"@type\":\"ListItem\",\"position\":1,\"name\":\"Home\",\"item\":\"https:\/\/3dvikingsstore.com\/pl\/\"},{\"@type\":\"ListItem\",\"position\":2,\"name\":\"Shop\",\"item\":\"https:\/\/3dvikingsstore.com\/shop\/\"},{\"@type\":\"ListItem\",\"position\":3,\"name\":\"Teren do Star Wars: Rozp\u0119taj przygody w galaktyce!\"}]},{\"@type\":\"WebSite\",\"@id\":\"https:\/\/3dvikingsstore.com\/pl\/#website\",\"url\":\"https:\/\/3dvikingsstore.com\/pl\/\",\"name\":\"3D Vikings Store\",\"description\":\"Dekoracje i Akcesoria do Gier Planszowych i Sto\u0142owych\",\"publisher\":{\"@id\":\"https:\/\/3dvikingsstore.com\/pl\/#organization\"},\"potentialAction\":[{\"@type\":\"SearchAction\",\"target\":{\"@type\":\"EntryPoint\",\"urlTemplate\":\"https:\/\/3dvikingsstore.com\/pl\/?s={search_term_string}\"},\"query-input\":\"required name=search_term_string\"}],\"inLanguage\":\"pl-PL\"},{\"@type\":\"Organization\",\"@id\":\"https:\/\/3dvikingsstore.com\/pl\/#organization\",\"name\":\"3D Vikings Store\",\"url\":\"https:\/\/3dvikingsstore.com\/pl\/\",\"logo\":{\"@type\":\"ImageObject\",\"inLanguage\":\"pl-PL\",\"@id\":\"https:\/\/3dvikingsstore.com\/pl\/#\/schema\/logo\/image\/\",\"url\":\"https:\/\/3dvikingsstore.com\/wp-content\/uploads\/2020\/03\/3dvikings-logo-karge-white.jpg\",\"contentUrl\":\"https:\/\/3dvikingsstore.com\/wp-content\/uploads\/2020\/03\/3dvikings-logo-karge-white.jpg\",\"width\":800,\"height\":800,\"caption\":\"3D Vikings Store\"},\"image\":{\"@id\":\"https:\/\/3dvikingsstore.com\/pl\/#\/schema\/logo\/image\/\"}}]}<\/script>\n<!-- \/ Yoast SEO Premium plugin. -->","yoast_head_json":{"title":"Teren do Star Wars: Rozp\u0119taj przygody w galaktyce!","description":"Teren do Star Wars \u2013 zniewalaj\u0105cy dodatek do przyg\u00f3d przy stole. Zanurz si\u0119 w kultowym uniwersum Gwiezdnych Wojen.","robots":{"index":"index","follow":"follow","max-snippet":"max-snippet:-1","max-image-preview":"max-image-preview:large","max-video-preview":"max-video-preview:-1"},"canonical":"https:\/\/3dvikingsstore.com\/pl\/shop\/teren-do-star-wars-rozpetaj-przygody-w-galaktyce\/","og_locale":"pl_PL","og_type":"article","og_title":"Teren do Star Wars: Rozp\u0119taj przygody w galaktyce!","og_description":"Teren do Star Wars \u2013 zniewalaj\u0105cy dodatek do przyg\u00f3d przy stole. Zanurz si\u0119 w kultowym uniwersum Gwiezdnych Wojen.","og_url":"https:\/\/3dvikingsstore.com\/pl\/shop\/teren-do-star-wars-rozpetaj-przygody-w-galaktyce\/","og_site_name":"3D Vikings Store","article_modified_time":"2024-02-29T07:22:07+00:00","og_image":[{"width":2558,"height":2558,"url":"https:\/\/3dvikingsstore.com\/wp-content\/uploads\/2024\/02\/DSC_7228.jpg","type":"image\/jpeg"}],"twitter_card":"summary_large_image","twitter_misc":{"Szacowany czas czytania":"2 minuty"},"schema":{"@context":"https:\/\/schema.org","@graph":[{"@type":["WebPage","ItemPage"],"@id":"https:\/\/3dvikingsstore.com\/pl\/shop\/teren-do-star-wars-rozpetaj-przygody-w-galaktyce\/","url":"https:\/\/3dvikingsstore.com\/pl\/shop\/teren-do-star-wars-rozpetaj-przygody-w-galaktyce\/","name":"Teren do Star Wars: Rozp\u0119taj przygody w galaktyce!","isPartOf":{"@id":"https:\/\/3dvikingsstore.com\/pl\/#website"},"primaryImageOfPage":{"@id":"https:\/\/3dvikingsstore.com\/pl\/shop\/teren-do-star-wars-rozpetaj-przygody-w-galaktyce\/#primaryimage"},"image":{"@id":"https:\/\/3dvikingsstore.com\/pl\/shop\/teren-do-star-wars-rozpetaj-przygody-w-galaktyce\/#primaryimage"},"thumbnailUrl":"https:\/\/3dvikingsstore.com\/wp-content\/uploads\/2024\/02\/DSC_7225-1.png","datePublished":"2024-02-07T08:58:17+00:00","dateModified":"2024-02-29T07:22:07+00:00","description":"Teren do Star Wars \u2013 zniewalaj\u0105cy dodatek do przyg\u00f3d przy stole. Zanurz si\u0119 w kultowym uniwersum Gwiezdnych Wojen.","breadcrumb":{"@id":"https:\/\/3dvikingsstore.com\/pl\/shop\/teren-do-star-wars-rozpetaj-przygody-w-galaktyce\/#breadcrumb"},"inLanguage":"pl-PL","potentialAction":[{"@type":"ReadAction","target":["https:\/\/3dvikingsstore.com\/pl\/shop\/teren-do-star-wars-rozpetaj-przygody-w-galaktyce\/"]}]},{"@type":"ImageObject","inLanguage":"pl-PL","@id":"https:\/\/3dvikingsstore.com\/pl\/shop\/teren-do-star-wars-rozpetaj-przygody-w-galaktyce\/#primaryimage","url":"https:\/\/3dvikingsstore.com\/wp-content\/uploads\/2024\/02\/DSC_7225-1.png","contentUrl":"https:\/\/3dvikingsstore.com\/wp-content\/uploads\/2024\/02\/DSC_7225-1.png","width":2366,"height":2366},{"@type":"BreadcrumbList","@id":"https:\/\/3dvikingsstore.com\/pl\/shop\/teren-do-star-wars-rozpetaj-przygody-w-galaktyce\/#breadcrumb","itemListElement":[{"@type":"ListItem","position":1,"name":"Home","item":"https:\/\/3dvikingsstore.com\/pl\/"},{"@type":"ListItem","position":2,"name":"Shop","item":"https:\/\/3dvikingsstore.com\/shop\/"},{"@type":"ListItem","position":3,"name":"Teren do Star Wars: Rozp\u0119taj przygody w galaktyce!"}]},{"@type":"WebSite","@id":"https:\/\/3dvikingsstore.com\/pl\/#website","url":"https:\/\/3dvikingsstore.com\/pl\/","name":"3D Vikings Store","description":"Dekoracje i Akcesoria do Gier Planszowych i Sto\u0142owych","publisher":{"@id":"https:\/\/3dvikingsstore.com\/pl\/#organization"},"potentialAction":[{"@type":"SearchAction","target":{"@type":"EntryPoint","urlTemplate":"https:\/\/3dvikingsstore.com\/pl\/?s={search_term_string}"},"query-input":"required name=search_term_string"}],"inLanguage":"pl-PL"},{"@type":"Organization","@id":"https:\/\/3dvikingsstore.com\/pl\/#organization","name":"3D Vikings Store","url":"https:\/\/3dvikingsstore.com\/pl\/","logo":{"@type":"ImageObject","inLanguage":"pl-PL","@id":"https:\/\/3dvikingsstore.com\/pl\/#\/schema\/logo\/image\/","url":"https:\/\/3dvikingsstore.com\/wp-content\/uploads\/2020\/03\/3dvikings-logo-karge-white.jpg","contentUrl":"https:\/\/3dvikingsstore.com\/wp-content\/uploads\/2020\/03\/3dvikings-logo-karge-white.jpg","width":800,"height":800,"caption":"3D Vikings Store"},"image":{"@id":"https:\/\/3dvikingsstore.com\/pl\/#\/schema\/logo\/image\/"}}]}},"_links":{"self":[{"href":"https:\/\/3dvikingsstore.com\/pl\/wp-json\/wp\/v2\/product\/18620"}],"collection":[{"href":"https:\/\/3dvikingsstore.com\/pl\/wp-json\/wp\/v2\/product"}],"about":[{"href":"https:\/\/3dvikingsstore.com\/pl\/wp-json\/wp\/v2\/types\/product"}],"replies":[{"embeddable":true,"href":"https:\/\/3dvikingsstore.com\/pl\/wp-json\/wp\/v2\/comments?post=18620"}],"version-history":[{"count":1,"href":"https:\/\/3dvikingsstore.com\/pl\/wp-json\/wp\/v2\/product\/18620\/revisions"}],"predecessor-version":[{"id":18769,"href":"https:\/\/3dvikingsstore.com\/pl\/wp-json\/wp\/v2\/product\/18620\/revisions\/18769"}],"wp:featuredmedia":[{"embeddable":true,"href":"https:\/\/3dvikingsstore.com\/pl\/wp-json\/wp\/v2\/media\/18766"}],"wp:attachment":[{"href":"https:\/\/3dvikingsstore.com\/pl\/wp-json\/wp\/v2\/media?parent=18620"}],"wp:term":[{"taxonomy":"product_cat","embeddable":true,"href":"https:\/\/3dvikingsstore.com\/pl\/wp-json\/wp\/v2\/product_cat?post=18620"},{"taxonomy":"product_tag","embeddable":true,"href":"https:\/\/3dvikingsstore.com\/pl\/wp-json\/wp\/v2\/product_tag?post=18620"}],"curies":[{"name":"wp","href":"https:\/\/api.w.org\/{rel}","templated":true}]}}