{"id":18608,"date":"2024-02-07T13:07:18","date_gmt":"2024-02-07T11:07:18","guid":{"rendered":"https:\/\/3dvikingsstore.com\/shop\/pustynne-placowki-sci-fi-zbuduj-wlasna-oaze-sci-fi\/"},"modified":"2024-02-07T13:07:18","modified_gmt":"2024-02-07T11:07:18","slug":"pustynne-placowki-sci-fi-zbuduj-wlasna-oaze-sci-fi","status":"publish","type":"product","link":"https:\/\/3dvikingsstore.com\/pl\/shop\/pustynne-placowki-sci-fi-zbuduj-wlasna-oaze-sci-fi\/","title":{"rendered":"Pustynne plac\u00f3wki sci-fi: Zbuduj w\u0142asn\u0105 oaz\u0119 sci-fi"},"content":{"rendered":"<p><strong>Wyrusz na ekscytuj\u0105ce galaktyczne przygody z 3D Vikings Pustynnymi Plac\u00f3wkami Sci-Fi!<\/strong> Ten zestaw dw\u00f3ch unikalnych, <strong>futurystycznych<\/strong> budynk\u00f3w wprowadzi urzekaj\u0105c\u0105, pustynn\u0105 sceneri\u0119 do Twoich <strong>gier sto\u0142owych w skali 28\/32mm<\/strong>. Wykonane z wysokiej jako\u015bci, wytrzyma\u0142ego PLA, zapewniaj\u0105 niezliczone godziny wci\u0105gaj\u0105cej rozgrywki.<\/p>\n<p><strong>Kluczowe cechy:<\/strong><\/p>\n<ul>\n<li><strong>Futurystyczny design:<\/strong> Elegancka i nowoczesna estetyka o\u017cywia pustynne bitwy i historie science-fiction.<\/li>\n<li><strong>Wysokiej jako\u015bci PLA:<\/strong> Trwa\u0142a konstrukcja gwarantuje d\u0142ugotrwa\u0142\u0105 przyjemno\u015b\u0107 podczas wielu przyg\u00f3d.<\/li>\n<li><strong>Kompatybilno\u015b\u0107 w skali 28\/32 mm:<\/strong> Dzia\u0142a bezproblemowo z ulubionymi kolekcjami miniatur.<\/li>\n<li><strong>Niepomalowane do personalizacji:<\/strong> Uwolnij swoj\u0105 kreatywno\u015b\u0107 i spersonalizuj swoj\u0105 pustynn\u0105 sceneri\u0119.<\/li>\n<li><strong>Dynamiczna rozgrywka:<\/strong> Tworzy ekscytuj\u0105c\u0105 atmosfer\u0119 pustynnej plac\u00f3wki, zapewniaj\u0105c wci\u0105gaj\u0105ce wra\u017cenia z gry.<\/li>\n<\/ul>\n","protected":false},"excerpt":{"rendered":"<p>Budowanie terenu <strong>Star Wars <\/strong>, urzekaj\u0105cy dodatek do przyg\u00f3d na stole. Zanurz si\u0119 w kultowym uniwersum Gwiezdnych Wojen dzi\u0119ki temu starannie wykonanemu elementowi terenu.<\/p>\n","protected":false},"featured_media":18609,"comment_status":"open","ping_status":"closed","template":"","meta":[],"product_cat":[3138,3137,3152],"product_tag":[3212,3160,3209,3211,3210,3203,3208,3207,3205,3202,3206,3204],"yoast_head":"<!-- This site is optimized with the Yoast SEO Premium plugin v22.9 (Yoast SEO v22.9) - https:\/\/yoast.com\/wordpress\/plugins\/seo\/ -->\n<title>Pustynne plac\u00f3wki sci-fi: Zbuduj w\u0142asn\u0105 oaz\u0119 sci-fi<\/title>\n<meta name=\"description\" content=\"Wyrusz na ekscytuj\u0105ce galaktyczne przygody z 3D Vikings Pustynnymi Plac\u00f3wkami Sci-Fi! Zestaw dw\u00f3ch unikalnych, futurystycznych budynk\u00f3w Sci-Fi.\" \/>\n<meta name=\"robots\" content=\"index, follow, max-snippet:-1, max-image-preview:large, max-video-preview:-1\" \/>\n<link rel=\"canonical\" href=\"https:\/\/3dvikingsstore.com\/pl\/shop\/pustynne-placowki-sci-fi-zbuduj-wlasna-oaze-sci-fi\/\" \/>\n<meta property=\"og:locale\" content=\"pl_PL\" \/>\n<meta property=\"og:type\" content=\"article\" \/>\n<meta property=\"og:title\" content=\"Pustynne plac\u00f3wki sci-fi: Zbuduj w\u0142asn\u0105 oaz\u0119 sci-fi\" \/>\n<meta property=\"og:description\" content=\"Wyrusz na ekscytuj\u0105ce galaktyczne przygody z 3D Vikings Pustynnymi Plac\u00f3wkami Sci-Fi! Zestaw dw\u00f3ch unikalnych, futurystycznych budynk\u00f3w Sci-Fi.\" \/>\n<meta property=\"og:url\" content=\"https:\/\/3dvikingsstore.com\/pl\/shop\/pustynne-placowki-sci-fi-zbuduj-wlasna-oaze-sci-fi\/\" \/>\n<meta property=\"og:site_name\" content=\"3D Vikings Store\" \/>\n<meta property=\"og:image\" content=\"https:\/\/3dvikingsstore.com\/wp-content\/uploads\/2024\/02\/DSC_7275-1024x1024.png\" \/>\n\t<meta property=\"og:image:width\" content=\"1024\" \/>\n\t<meta property=\"og:image:height\" content=\"1024\" \/>\n\t<meta property=\"og:image:type\" content=\"image\/png\" \/>\n<meta name=\"twitter:card\" content=\"summary_large_image\" \/>\n<meta name=\"twitter:label1\" content=\"Szacowany czas czytania\" \/>\n\t<meta name=\"twitter:data1\" content=\"1 minuta\" \/>\n<script type=\"application\/ld+json\" class=\"yoast-schema-graph\">{\"@context\":\"https:\/\/schema.org\",\"@graph\":[{\"@type\":[\"WebPage\",\"ItemPage\"],\"@id\":\"https:\/\/3dvikingsstore.com\/pl\/shop\/pustynne-placowki-sci-fi-zbuduj-wlasna-oaze-sci-fi\/\",\"url\":\"https:\/\/3dvikingsstore.com\/pl\/shop\/pustynne-placowki-sci-fi-zbuduj-wlasna-oaze-sci-fi\/\",\"name\":\"Pustynne plac\u00f3wki sci-fi: Zbuduj w\u0142asn\u0105 oaz\u0119 sci-fi\",\"isPartOf\":{\"@id\":\"https:\/\/3dvikingsstore.com\/pl\/#website\"},\"primaryImageOfPage\":{\"@id\":\"https:\/\/3dvikingsstore.com\/pl\/shop\/pustynne-placowki-sci-fi-zbuduj-wlasna-oaze-sci-fi\/#primaryimage\"},\"image\":{\"@id\":\"https:\/\/3dvikingsstore.com\/pl\/shop\/pustynne-placowki-sci-fi-zbuduj-wlasna-oaze-sci-fi\/#primaryimage\"},\"thumbnailUrl\":\"https:\/\/3dvikingsstore.com\/wp-content\/uploads\/2024\/02\/DSC_7275.png\",\"datePublished\":\"2024-02-07T11:07:18+00:00\",\"dateModified\":\"2024-02-07T11:07:18+00:00\",\"description\":\"Wyrusz na ekscytuj\u0105ce galaktyczne przygody z 3D Vikings Pustynnymi Plac\u00f3wkami Sci-Fi! Zestaw dw\u00f3ch unikalnych, futurystycznych budynk\u00f3w Sci-Fi.\",\"breadcrumb\":{\"@id\":\"https:\/\/3dvikingsstore.com\/pl\/shop\/pustynne-placowki-sci-fi-zbuduj-wlasna-oaze-sci-fi\/#breadcrumb\"},\"inLanguage\":\"pl-PL\",\"potentialAction\":[{\"@type\":\"ReadAction\",\"target\":[\"https:\/\/3dvikingsstore.com\/pl\/shop\/pustynne-placowki-sci-fi-zbuduj-wlasna-oaze-sci-fi\/\"]}]},{\"@type\":\"ImageObject\",\"inLanguage\":\"pl-PL\",\"@id\":\"https:\/\/3dvikingsstore.com\/pl\/shop\/pustynne-placowki-sci-fi-zbuduj-wlasna-oaze-sci-fi\/#primaryimage\",\"url\":\"https:\/\/3dvikingsstore.com\/wp-content\/uploads\/2024\/02\/DSC_7275.png\",\"contentUrl\":\"https:\/\/3dvikingsstore.com\/wp-content\/uploads\/2024\/02\/DSC_7275.png\",\"width\":3842,\"height\":3842},{\"@type\":\"BreadcrumbList\",\"@id\":\"https:\/\/3dvikingsstore.com\/pl\/shop\/pustynne-placowki-sci-fi-zbuduj-wlasna-oaze-sci-fi\/#breadcrumb\",\"itemListElement\":[{\"@type\":\"ListItem\",\"position\":1,\"name\":\"Home\",\"item\":\"https:\/\/3dvikingsstore.com\/pl\/\"},{\"@type\":\"ListItem\",\"position\":2,\"name\":\"Shop\",\"item\":\"https:\/\/3dvikingsstore.com\/shop\/\"},{\"@type\":\"ListItem\",\"position\":3,\"name\":\"Pustynne plac\u00f3wki sci-fi: Zbuduj w\u0142asn\u0105 oaz\u0119 sci-fi\"}]},{\"@type\":\"WebSite\",\"@id\":\"https:\/\/3dvikingsstore.com\/pl\/#website\",\"url\":\"https:\/\/3dvikingsstore.com\/pl\/\",\"name\":\"3D Vikings Store\",\"description\":\"Dekoracje i Akcesoria do Gier Planszowych i Sto\u0142owych\",\"publisher\":{\"@id\":\"https:\/\/3dvikingsstore.com\/pl\/#organization\"},\"potentialAction\":[{\"@type\":\"SearchAction\",\"target\":{\"@type\":\"EntryPoint\",\"urlTemplate\":\"https:\/\/3dvikingsstore.com\/pl\/?s={search_term_string}\"},\"query-input\":\"required name=search_term_string\"}],\"inLanguage\":\"pl-PL\"},{\"@type\":\"Organization\",\"@id\":\"https:\/\/3dvikingsstore.com\/pl\/#organization\",\"name\":\"3D Vikings Store\",\"url\":\"https:\/\/3dvikingsstore.com\/pl\/\",\"logo\":{\"@type\":\"ImageObject\",\"inLanguage\":\"pl-PL\",\"@id\":\"https:\/\/3dvikingsstore.com\/pl\/#\/schema\/logo\/image\/\",\"url\":\"https:\/\/3dvikingsstore.com\/wp-content\/uploads\/2020\/03\/3dvikings-logo-karge-white.jpg\",\"contentUrl\":\"https:\/\/3dvikingsstore.com\/wp-content\/uploads\/2020\/03\/3dvikings-logo-karge-white.jpg\",\"width\":800,\"height\":800,\"caption\":\"3D Vikings Store\"},\"image\":{\"@id\":\"https:\/\/3dvikingsstore.com\/pl\/#\/schema\/logo\/image\/\"}}]}<\/script>\n<!-- \/ Yoast SEO Premium plugin. -->","yoast_head_json":{"title":"Pustynne plac\u00f3wki sci-fi: Zbuduj w\u0142asn\u0105 oaz\u0119 sci-fi","description":"Wyrusz na ekscytuj\u0105ce galaktyczne przygody z 3D Vikings Pustynnymi Plac\u00f3wkami Sci-Fi! Zestaw dw\u00f3ch unikalnych, futurystycznych budynk\u00f3w Sci-Fi.","robots":{"index":"index","follow":"follow","max-snippet":"max-snippet:-1","max-image-preview":"max-image-preview:large","max-video-preview":"max-video-preview:-1"},"canonical":"https:\/\/3dvikingsstore.com\/pl\/shop\/pustynne-placowki-sci-fi-zbuduj-wlasna-oaze-sci-fi\/","og_locale":"pl_PL","og_type":"article","og_title":"Pustynne plac\u00f3wki sci-fi: Zbuduj w\u0142asn\u0105 oaz\u0119 sci-fi","og_description":"Wyrusz na ekscytuj\u0105ce galaktyczne przygody z 3D Vikings Pustynnymi Plac\u00f3wkami Sci-Fi! Zestaw dw\u00f3ch unikalnych, futurystycznych budynk\u00f3w Sci-Fi.","og_url":"https:\/\/3dvikingsstore.com\/pl\/shop\/pustynne-placowki-sci-fi-zbuduj-wlasna-oaze-sci-fi\/","og_site_name":"3D Vikings Store","og_image":[{"width":1024,"height":1024,"url":"https:\/\/3dvikingsstore.com\/wp-content\/uploads\/2024\/02\/DSC_7275-1024x1024.png","type":"image\/png"}],"twitter_card":"summary_large_image","twitter_misc":{"Szacowany czas czytania":"1 minuta"},"schema":{"@context":"https:\/\/schema.org","@graph":[{"@type":["WebPage","ItemPage"],"@id":"https:\/\/3dvikingsstore.com\/pl\/shop\/pustynne-placowki-sci-fi-zbuduj-wlasna-oaze-sci-fi\/","url":"https:\/\/3dvikingsstore.com\/pl\/shop\/pustynne-placowki-sci-fi-zbuduj-wlasna-oaze-sci-fi\/","name":"Pustynne plac\u00f3wki sci-fi: Zbuduj w\u0142asn\u0105 oaz\u0119 sci-fi","isPartOf":{"@id":"https:\/\/3dvikingsstore.com\/pl\/#website"},"primaryImageOfPage":{"@id":"https:\/\/3dvikingsstore.com\/pl\/shop\/pustynne-placowki-sci-fi-zbuduj-wlasna-oaze-sci-fi\/#primaryimage"},"image":{"@id":"https:\/\/3dvikingsstore.com\/pl\/shop\/pustynne-placowki-sci-fi-zbuduj-wlasna-oaze-sci-fi\/#primaryimage"},"thumbnailUrl":"https:\/\/3dvikingsstore.com\/wp-content\/uploads\/2024\/02\/DSC_7275.png","datePublished":"2024-02-07T11:07:18+00:00","dateModified":"2024-02-07T11:07:18+00:00","description":"Wyrusz na ekscytuj\u0105ce galaktyczne przygody z 3D Vikings Pustynnymi Plac\u00f3wkami Sci-Fi! Zestaw dw\u00f3ch unikalnych, futurystycznych budynk\u00f3w Sci-Fi.","breadcrumb":{"@id":"https:\/\/3dvikingsstore.com\/pl\/shop\/pustynne-placowki-sci-fi-zbuduj-wlasna-oaze-sci-fi\/#breadcrumb"},"inLanguage":"pl-PL","potentialAction":[{"@type":"ReadAction","target":["https:\/\/3dvikingsstore.com\/pl\/shop\/pustynne-placowki-sci-fi-zbuduj-wlasna-oaze-sci-fi\/"]}]},{"@type":"ImageObject","inLanguage":"pl-PL","@id":"https:\/\/3dvikingsstore.com\/pl\/shop\/pustynne-placowki-sci-fi-zbuduj-wlasna-oaze-sci-fi\/#primaryimage","url":"https:\/\/3dvikingsstore.com\/wp-content\/uploads\/2024\/02\/DSC_7275.png","contentUrl":"https:\/\/3dvikingsstore.com\/wp-content\/uploads\/2024\/02\/DSC_7275.png","width":3842,"height":3842},{"@type":"BreadcrumbList","@id":"https:\/\/3dvikingsstore.com\/pl\/shop\/pustynne-placowki-sci-fi-zbuduj-wlasna-oaze-sci-fi\/#breadcrumb","itemListElement":[{"@type":"ListItem","position":1,"name":"Home","item":"https:\/\/3dvikingsstore.com\/pl\/"},{"@type":"ListItem","position":2,"name":"Shop","item":"https:\/\/3dvikingsstore.com\/shop\/"},{"@type":"ListItem","position":3,"name":"Pustynne plac\u00f3wki sci-fi: Zbuduj w\u0142asn\u0105 oaz\u0119 sci-fi"}]},{"@type":"WebSite","@id":"https:\/\/3dvikingsstore.com\/pl\/#website","url":"https:\/\/3dvikingsstore.com\/pl\/","name":"3D Vikings Store","description":"Dekoracje i Akcesoria do Gier Planszowych i Sto\u0142owych","publisher":{"@id":"https:\/\/3dvikingsstore.com\/pl\/#organization"},"potentialAction":[{"@type":"SearchAction","target":{"@type":"EntryPoint","urlTemplate":"https:\/\/3dvikingsstore.com\/pl\/?s={search_term_string}"},"query-input":"required name=search_term_string"}],"inLanguage":"pl-PL"},{"@type":"Organization","@id":"https:\/\/3dvikingsstore.com\/pl\/#organization","name":"3D Vikings Store","url":"https:\/\/3dvikingsstore.com\/pl\/","logo":{"@type":"ImageObject","inLanguage":"pl-PL","@id":"https:\/\/3dvikingsstore.com\/pl\/#\/schema\/logo\/image\/","url":"https:\/\/3dvikingsstore.com\/wp-content\/uploads\/2020\/03\/3dvikings-logo-karge-white.jpg","contentUrl":"https:\/\/3dvikingsstore.com\/wp-content\/uploads\/2020\/03\/3dvikings-logo-karge-white.jpg","width":800,"height":800,"caption":"3D Vikings Store"},"image":{"@id":"https:\/\/3dvikingsstore.com\/pl\/#\/schema\/logo\/image\/"}}]}},"_links":{"self":[{"href":"https:\/\/3dvikingsstore.com\/pl\/wp-json\/wp\/v2\/product\/18608"}],"collection":[{"href":"https:\/\/3dvikingsstore.com\/pl\/wp-json\/wp\/v2\/product"}],"about":[{"href":"https:\/\/3dvikingsstore.com\/pl\/wp-json\/wp\/v2\/types\/product"}],"replies":[{"embeddable":true,"href":"https:\/\/3dvikingsstore.com\/pl\/wp-json\/wp\/v2\/comments?post=18608"}],"version-history":[{"count":0,"href":"https:\/\/3dvikingsstore.com\/pl\/wp-json\/wp\/v2\/product\/18608\/revisions"}],"wp:featuredmedia":[{"embeddable":true,"href":"https:\/\/3dvikingsstore.com\/pl\/wp-json\/wp\/v2\/media\/18609"}],"wp:attachment":[{"href":"https:\/\/3dvikingsstore.com\/pl\/wp-json\/wp\/v2\/media?parent=18608"}],"wp:term":[{"taxonomy":"product_cat","embeddable":true,"href":"https:\/\/3dvikingsstore.com\/pl\/wp-json\/wp\/v2\/product_cat?post=18608"},{"taxonomy":"product_tag","embeddable":true,"href":"https:\/\/3dvikingsstore.com\/pl\/wp-json\/wp\/v2\/product_tag?post=18608"}],"curies":[{"name":"wp","href":"https:\/\/api.w.org\/{rel}","templated":true}]}}