{"id":18602,"date":"2024-01-31T15:35:58","date_gmt":"2024-01-31T13:35:58","guid":{"rendered":"https:\/\/3dvikingsstore.com\/shop\/zestaw-gotyckich-ruin-1-miniaturowy-teren-do-gier-fantasy-i-science-fiction\/"},"modified":"2024-01-31T15:35:58","modified_gmt":"2024-01-31T13:35:58","slug":"zestaw-gotyckich-ruin-1-miniaturowy-teren-do-gier-fantasy-i-science-fiction","status":"publish","type":"product","link":"https:\/\/3dvikingsstore.com\/pl\/shop\/zestaw-gotyckich-ruin-1-miniaturowy-teren-do-gier-fantasy-i-science-fiction\/","title":{"rendered":"Zestaw Gotyckich Ruin 1: Miniaturowy teren do gier fantasy i science fiction"},"content":{"rendered":"<p>Czy jeste\u015b gotowy wkroczy\u0107 do \u015bwiata historii i spustoszenia? \u015awiat, w kt\u00f3rym ruiny niegdy\u015b wspania\u0142ego budynku stoj\u0105 jako niemy \u015bwiadek wojen i minionych wiek\u00f3w? Je\u015bli tak, to na pewno spodoba ci si\u0119 zestaw Gotyckich Ruin, najlepszy zestaw do tworzenia osza\u0142amiaj\u0105cych i wci\u0105gaj\u0105cych scen w grach sto\u0142owych i RPG.<\/p>\n<p>Zestaw Gotyckich Ruin zawiera cztery indywidualne elementy, kt\u00f3re mo\u017cna wykorzysta\u0107 na r\u00f3\u017cne sposoby, aby stworzy\u0107 swoj\u0105 w\u0142asn\u0105, unikaln\u0105 struktur\u0119. Mo\u017cna je uk\u0142ada\u0107 w stosy, tworz\u0105c majestatyczn\u0105, trzypi\u0119trow\u0105 budowl\u0119, kt\u00f3ra g\u00f3ruje nad polem bitwy, lub u\u017cywa\u0107 ich osobno, tworz\u0105c mniejsze ruiny na pierwszym pi\u0119trze, kt\u00f3re zapewniaj\u0105 os\u0142on\u0119 i ukrycie. Mo\u017cna je r\u00f3wnie\u017c \u0142\u0105czy\u0107 z innymi zestawami 3D Vikings, aby stworzy\u0107 jeszcze wi\u0119cej mo\u017cliwo\u015bci.<\/p>\n<p>Zestaw Gotyckich Ruin jest nie tylko wszechstronny, ale i pi\u0119kny. Ka\u017cdy element zosta\u0142 zaprojektowany z dba\u0142o\u015bci\u0105 o szczeg\u00f3\u0142y, z realistycznymi teksturami i skomplikowanymi wzorami, kt\u00f3re pokazuj\u0105 pozosta\u0142o\u015bci niegdy\u015b wielkiej architektury. Wida\u0107 p\u0119kni\u0119cia i dziury w \u015bcianach, wybite okna i drzwi, a tak\u017ce powalone kolumny i \u0142uki, kt\u00f3re wskazuj\u0105 na dawn\u0105 \u015bwietno\u015b\u0107 budynku. Zestaw jest dostarczany w niepomalowanym szarym kolorze, dzi\u0119ki czemu mo\u017cna go dostosowa\u0107 za pomoc\u0105 w\u0142asnych farb, aby dopasowa\u0107 go do po\u017c\u0105danej estetyki (zalecany podk\u0142ad).<\/p>\n<p>Zestaw Gotyckich Ruin jest r\u00f3wnie\u017c idealnie skalowany do 28\/32 mm, zapewniaj\u0105c kompatybilno\u015b\u0107 z wi\u0119kszo\u015bci\u0105 popularnych gier miniaturowych i RPG. Niezale\u017cnie od tego, czy grasz w Warhammera, Dungeons &amp; Dragons, czy jak\u0105kolwiek inn\u0105 gr\u0119, mo\u017cesz u\u017cy\u0107 tego zestawu, aby doda\u0107 historyczny i dramatyczny klimat do swoich sesji. Mo\u017cesz sobie wyobrazi\u0107 historie i tajemnice, kt\u00f3re kryj\u0105 si\u0119 w ruinach, a tak\u017ce przygody i bitwy, kt\u00f3re tam czekaj\u0105.<\/p>\n<p>Zestaw Gotyckich Ruin od 3D Vikings to co\u015b wi\u0119cej ni\u017c tylko zestaw klock\u00f3w. Jest to zestaw mo\u017cliwo\u015bci. Jest to zestaw emocji. Jest to zestaw wspomnie\u0144. Zam\u00f3w ju\u017c dzi\u015b i wkrocz do \u015bwiata rozpadu i chwa\u0142y.<\/p>\n","protected":false},"excerpt":{"rendered":"<p>Czy jeste\u015b gotowy wkroczy\u0107 do \u015bwiata historii i spustoszenia? \u015awiat, w kt\u00f3rym ruiny niegdy\u015b wspania\u0142ego budynku stoj\u0105 jako niemy \u015bwiadek wojen i minionych wiek\u00f3w? Je\u015bli tak, to na pewno spodoba ci si\u0119 zestaw Gotyckich Ruin, najlepszy zestaw do tworzenia osza\u0142amiaj\u0105cych i wci\u0105gaj\u0105cych scen w grach sto\u0142owych i RPG.<\/p>\n","protected":false},"featured_media":18603,"comment_status":"open","ping_status":"closed","template":"","meta":[],"product_cat":[3138,3137,3152],"product_tag":[3200,3194,3201,3191,3199,3198,3197,3193,3196,3192,3195],"yoast_head":"<!-- This site is optimized with the Yoast SEO Premium plugin v22.9 (Yoast SEO v22.9) - https:\/\/yoast.com\/wordpress\/plugins\/seo\/ -->\n<title>Zestaw Gotyckich Ruin 1: Miniaturowy teren do gier fantasy i science fiction<\/title>\n<meta name=\"description\" content=\"Pokochasz Zestaw Gotyckich Ruin! Stw\u00f3rz zachwycaj\u0105ce, klimatyczne sceny do swoich gier sto\u0142owych i RPG.\" \/>\n<meta name=\"robots\" content=\"index, follow, max-snippet:-1, max-image-preview:large, max-video-preview:-1\" \/>\n<link rel=\"canonical\" href=\"https:\/\/3dvikingsstore.com\/pl\/shop\/zestaw-gotyckich-ruin-1-miniaturowy-teren-do-gier-fantasy-i-science-fiction\/\" \/>\n<meta property=\"og:locale\" content=\"pl_PL\" \/>\n<meta property=\"og:type\" content=\"article\" \/>\n<meta property=\"og:title\" content=\"Zestaw Gotyckich Ruin 1: Miniaturowy teren do gier fantasy i science fiction\" \/>\n<meta property=\"og:description\" content=\"Pokochasz Zestaw Gotyckich Ruin! Stw\u00f3rz zachwycaj\u0105ce, klimatyczne sceny do swoich gier sto\u0142owych i RPG.\" \/>\n<meta property=\"og:url\" content=\"https:\/\/3dvikingsstore.com\/pl\/shop\/zestaw-gotyckich-ruin-1-miniaturowy-teren-do-gier-fantasy-i-science-fiction\/\" \/>\n<meta property=\"og:site_name\" content=\"3D Vikings Store\" \/>\n<meta property=\"og:image\" content=\"https:\/\/3dvikingsstore.com\/wp-content\/uploads\/2024\/01\/gothic-ruin-1.jpg\" \/>\n\t<meta property=\"og:image:width\" content=\"775\" \/>\n\t<meta property=\"og:image:height\" content=\"1080\" \/>\n\t<meta property=\"og:image:type\" content=\"image\/jpeg\" \/>\n<meta name=\"twitter:card\" content=\"summary_large_image\" \/>\n<meta name=\"twitter:label1\" content=\"Szacowany czas czytania\" \/>\n\t<meta name=\"twitter:data1\" content=\"2 minuty\" \/>\n<script type=\"application\/ld+json\" class=\"yoast-schema-graph\">{\"@context\":\"https:\/\/schema.org\",\"@graph\":[{\"@type\":[\"WebPage\",\"ItemPage\"],\"@id\":\"https:\/\/3dvikingsstore.com\/pl\/shop\/zestaw-gotyckich-ruin-1-miniaturowy-teren-do-gier-fantasy-i-science-fiction\/\",\"url\":\"https:\/\/3dvikingsstore.com\/pl\/shop\/zestaw-gotyckich-ruin-1-miniaturowy-teren-do-gier-fantasy-i-science-fiction\/\",\"name\":\"Zestaw Gotyckich Ruin 1: Miniaturowy teren do gier fantasy i science fiction\",\"isPartOf\":{\"@id\":\"https:\/\/3dvikingsstore.com\/pl\/#website\"},\"primaryImageOfPage\":{\"@id\":\"https:\/\/3dvikingsstore.com\/pl\/shop\/zestaw-gotyckich-ruin-1-miniaturowy-teren-do-gier-fantasy-i-science-fiction\/#primaryimage\"},\"image\":{\"@id\":\"https:\/\/3dvikingsstore.com\/pl\/shop\/zestaw-gotyckich-ruin-1-miniaturowy-teren-do-gier-fantasy-i-science-fiction\/#primaryimage\"},\"thumbnailUrl\":\"https:\/\/3dvikingsstore.com\/wp-content\/uploads\/2024\/01\/gothic-ruin-1.jpg\",\"datePublished\":\"2024-01-31T13:35:58+00:00\",\"dateModified\":\"2024-01-31T13:35:58+00:00\",\"description\":\"Pokochasz Zestaw Gotyckich Ruin! Stw\u00f3rz zachwycaj\u0105ce, klimatyczne sceny do swoich gier sto\u0142owych i RPG.\",\"breadcrumb\":{\"@id\":\"https:\/\/3dvikingsstore.com\/pl\/shop\/zestaw-gotyckich-ruin-1-miniaturowy-teren-do-gier-fantasy-i-science-fiction\/#breadcrumb\"},\"inLanguage\":\"pl-PL\",\"potentialAction\":[{\"@type\":\"ReadAction\",\"target\":[\"https:\/\/3dvikingsstore.com\/pl\/shop\/zestaw-gotyckich-ruin-1-miniaturowy-teren-do-gier-fantasy-i-science-fiction\/\"]}]},{\"@type\":\"ImageObject\",\"inLanguage\":\"pl-PL\",\"@id\":\"https:\/\/3dvikingsstore.com\/pl\/shop\/zestaw-gotyckich-ruin-1-miniaturowy-teren-do-gier-fantasy-i-science-fiction\/#primaryimage\",\"url\":\"https:\/\/3dvikingsstore.com\/wp-content\/uploads\/2024\/01\/gothic-ruin-1.jpg\",\"contentUrl\":\"https:\/\/3dvikingsstore.com\/wp-content\/uploads\/2024\/01\/gothic-ruin-1.jpg\",\"width\":775,\"height\":1080},{\"@type\":\"BreadcrumbList\",\"@id\":\"https:\/\/3dvikingsstore.com\/pl\/shop\/zestaw-gotyckich-ruin-1-miniaturowy-teren-do-gier-fantasy-i-science-fiction\/#breadcrumb\",\"itemListElement\":[{\"@type\":\"ListItem\",\"position\":1,\"name\":\"Home\",\"item\":\"https:\/\/3dvikingsstore.com\/pl\/\"},{\"@type\":\"ListItem\",\"position\":2,\"name\":\"Shop\",\"item\":\"https:\/\/3dvikingsstore.com\/shop\/\"},{\"@type\":\"ListItem\",\"position\":3,\"name\":\"Zestaw Gotyckich Ruin 1: Miniaturowy teren do gier fantasy i science fiction\"}]},{\"@type\":\"WebSite\",\"@id\":\"https:\/\/3dvikingsstore.com\/pl\/#website\",\"url\":\"https:\/\/3dvikingsstore.com\/pl\/\",\"name\":\"3D Vikings Store\",\"description\":\"Dekoracje i Akcesoria do Gier Planszowych i Sto\u0142owych\",\"publisher\":{\"@id\":\"https:\/\/3dvikingsstore.com\/pl\/#organization\"},\"potentialAction\":[{\"@type\":\"SearchAction\",\"target\":{\"@type\":\"EntryPoint\",\"urlTemplate\":\"https:\/\/3dvikingsstore.com\/pl\/?s={search_term_string}\"},\"query-input\":\"required name=search_term_string\"}],\"inLanguage\":\"pl-PL\"},{\"@type\":\"Organization\",\"@id\":\"https:\/\/3dvikingsstore.com\/pl\/#organization\",\"name\":\"3D Vikings Store\",\"url\":\"https:\/\/3dvikingsstore.com\/pl\/\",\"logo\":{\"@type\":\"ImageObject\",\"inLanguage\":\"pl-PL\",\"@id\":\"https:\/\/3dvikingsstore.com\/pl\/#\/schema\/logo\/image\/\",\"url\":\"https:\/\/3dvikingsstore.com\/wp-content\/uploads\/2020\/03\/3dvikings-logo-karge-white.jpg\",\"contentUrl\":\"https:\/\/3dvikingsstore.com\/wp-content\/uploads\/2020\/03\/3dvikings-logo-karge-white.jpg\",\"width\":800,\"height\":800,\"caption\":\"3D Vikings Store\"},\"image\":{\"@id\":\"https:\/\/3dvikingsstore.com\/pl\/#\/schema\/logo\/image\/\"}}]}<\/script>\n<!-- \/ Yoast SEO Premium plugin. -->","yoast_head_json":{"title":"Zestaw Gotyckich Ruin 1: Miniaturowy teren do gier fantasy i science fiction","description":"Pokochasz Zestaw Gotyckich Ruin! Stw\u00f3rz zachwycaj\u0105ce, klimatyczne sceny do swoich gier sto\u0142owych i RPG.","robots":{"index":"index","follow":"follow","max-snippet":"max-snippet:-1","max-image-preview":"max-image-preview:large","max-video-preview":"max-video-preview:-1"},"canonical":"https:\/\/3dvikingsstore.com\/pl\/shop\/zestaw-gotyckich-ruin-1-miniaturowy-teren-do-gier-fantasy-i-science-fiction\/","og_locale":"pl_PL","og_type":"article","og_title":"Zestaw Gotyckich Ruin 1: Miniaturowy teren do gier fantasy i science fiction","og_description":"Pokochasz Zestaw Gotyckich Ruin! Stw\u00f3rz zachwycaj\u0105ce, klimatyczne sceny do swoich gier sto\u0142owych i RPG.","og_url":"https:\/\/3dvikingsstore.com\/pl\/shop\/zestaw-gotyckich-ruin-1-miniaturowy-teren-do-gier-fantasy-i-science-fiction\/","og_site_name":"3D Vikings Store","og_image":[{"width":775,"height":1080,"url":"https:\/\/3dvikingsstore.com\/wp-content\/uploads\/2024\/01\/gothic-ruin-1.jpg","type":"image\/jpeg"}],"twitter_card":"summary_large_image","twitter_misc":{"Szacowany czas czytania":"2 minuty"},"schema":{"@context":"https:\/\/schema.org","@graph":[{"@type":["WebPage","ItemPage"],"@id":"https:\/\/3dvikingsstore.com\/pl\/shop\/zestaw-gotyckich-ruin-1-miniaturowy-teren-do-gier-fantasy-i-science-fiction\/","url":"https:\/\/3dvikingsstore.com\/pl\/shop\/zestaw-gotyckich-ruin-1-miniaturowy-teren-do-gier-fantasy-i-science-fiction\/","name":"Zestaw Gotyckich Ruin 1: Miniaturowy teren do gier fantasy i science fiction","isPartOf":{"@id":"https:\/\/3dvikingsstore.com\/pl\/#website"},"primaryImageOfPage":{"@id":"https:\/\/3dvikingsstore.com\/pl\/shop\/zestaw-gotyckich-ruin-1-miniaturowy-teren-do-gier-fantasy-i-science-fiction\/#primaryimage"},"image":{"@id":"https:\/\/3dvikingsstore.com\/pl\/shop\/zestaw-gotyckich-ruin-1-miniaturowy-teren-do-gier-fantasy-i-science-fiction\/#primaryimage"},"thumbnailUrl":"https:\/\/3dvikingsstore.com\/wp-content\/uploads\/2024\/01\/gothic-ruin-1.jpg","datePublished":"2024-01-31T13:35:58+00:00","dateModified":"2024-01-31T13:35:58+00:00","description":"Pokochasz Zestaw Gotyckich Ruin! Stw\u00f3rz zachwycaj\u0105ce, klimatyczne sceny do swoich gier sto\u0142owych i RPG.","breadcrumb":{"@id":"https:\/\/3dvikingsstore.com\/pl\/shop\/zestaw-gotyckich-ruin-1-miniaturowy-teren-do-gier-fantasy-i-science-fiction\/#breadcrumb"},"inLanguage":"pl-PL","potentialAction":[{"@type":"ReadAction","target":["https:\/\/3dvikingsstore.com\/pl\/shop\/zestaw-gotyckich-ruin-1-miniaturowy-teren-do-gier-fantasy-i-science-fiction\/"]}]},{"@type":"ImageObject","inLanguage":"pl-PL","@id":"https:\/\/3dvikingsstore.com\/pl\/shop\/zestaw-gotyckich-ruin-1-miniaturowy-teren-do-gier-fantasy-i-science-fiction\/#primaryimage","url":"https:\/\/3dvikingsstore.com\/wp-content\/uploads\/2024\/01\/gothic-ruin-1.jpg","contentUrl":"https:\/\/3dvikingsstore.com\/wp-content\/uploads\/2024\/01\/gothic-ruin-1.jpg","width":775,"height":1080},{"@type":"BreadcrumbList","@id":"https:\/\/3dvikingsstore.com\/pl\/shop\/zestaw-gotyckich-ruin-1-miniaturowy-teren-do-gier-fantasy-i-science-fiction\/#breadcrumb","itemListElement":[{"@type":"ListItem","position":1,"name":"Home","item":"https:\/\/3dvikingsstore.com\/pl\/"},{"@type":"ListItem","position":2,"name":"Shop","item":"https:\/\/3dvikingsstore.com\/shop\/"},{"@type":"ListItem","position":3,"name":"Zestaw Gotyckich Ruin 1: Miniaturowy teren do gier fantasy i science fiction"}]},{"@type":"WebSite","@id":"https:\/\/3dvikingsstore.com\/pl\/#website","url":"https:\/\/3dvikingsstore.com\/pl\/","name":"3D Vikings Store","description":"Dekoracje i Akcesoria do Gier Planszowych i Sto\u0142owych","publisher":{"@id":"https:\/\/3dvikingsstore.com\/pl\/#organization"},"potentialAction":[{"@type":"SearchAction","target":{"@type":"EntryPoint","urlTemplate":"https:\/\/3dvikingsstore.com\/pl\/?s={search_term_string}"},"query-input":"required name=search_term_string"}],"inLanguage":"pl-PL"},{"@type":"Organization","@id":"https:\/\/3dvikingsstore.com\/pl\/#organization","name":"3D Vikings Store","url":"https:\/\/3dvikingsstore.com\/pl\/","logo":{"@type":"ImageObject","inLanguage":"pl-PL","@id":"https:\/\/3dvikingsstore.com\/pl\/#\/schema\/logo\/image\/","url":"https:\/\/3dvikingsstore.com\/wp-content\/uploads\/2020\/03\/3dvikings-logo-karge-white.jpg","contentUrl":"https:\/\/3dvikingsstore.com\/wp-content\/uploads\/2020\/03\/3dvikings-logo-karge-white.jpg","width":800,"height":800,"caption":"3D Vikings Store"},"image":{"@id":"https:\/\/3dvikingsstore.com\/pl\/#\/schema\/logo\/image\/"}}]}},"_links":{"self":[{"href":"https:\/\/3dvikingsstore.com\/pl\/wp-json\/wp\/v2\/product\/18602"}],"collection":[{"href":"https:\/\/3dvikingsstore.com\/pl\/wp-json\/wp\/v2\/product"}],"about":[{"href":"https:\/\/3dvikingsstore.com\/pl\/wp-json\/wp\/v2\/types\/product"}],"replies":[{"embeddable":true,"href":"https:\/\/3dvikingsstore.com\/pl\/wp-json\/wp\/v2\/comments?post=18602"}],"version-history":[{"count":0,"href":"https:\/\/3dvikingsstore.com\/pl\/wp-json\/wp\/v2\/product\/18602\/revisions"}],"wp:featuredmedia":[{"embeddable":true,"href":"https:\/\/3dvikingsstore.com\/pl\/wp-json\/wp\/v2\/media\/18603"}],"wp:attachment":[{"href":"https:\/\/3dvikingsstore.com\/pl\/wp-json\/wp\/v2\/media?parent=18602"}],"wp:term":[{"taxonomy":"product_cat","embeddable":true,"href":"https:\/\/3dvikingsstore.com\/pl\/wp-json\/wp\/v2\/product_cat?post=18602"},{"taxonomy":"product_tag","embeddable":true,"href":"https:\/\/3dvikingsstore.com\/pl\/wp-json\/wp\/v2\/product_tag?post=18602"}],"curies":[{"name":"wp","href":"https:\/\/api.w.org\/{rel}","templated":true}]}}