{"id":18579,"date":"2020-03-01T02:58:04","date_gmt":"2020-03-01T00:58:04","guid":{"rendered":"https:\/\/3dvikingsstore.com\/shop\/fantasy-ruins-terrain-w-skali-28-mm\/"},"modified":"2024-02-28T20:52:42","modified_gmt":"2024-02-28T18:52:42","slug":"fantasy-ruins-terrain-w-skali-28-mm","status":"publish","type":"product","link":"https:\/\/3dvikingsstore.com\/pl\/shop\/fantasy-ruins-terrain-w-skali-28-mm\/","title":{"rendered":"Fantasy Ruins Terrain w skali 28 mm"},"content":{"rendered":"<p>Szukasz sposobu na urozmaicenie swoich gier RPG o niesamowite tereny? Chcesz stworzy\u0107 realistyczne i wci\u0105gaj\u0105ce \u015brodowisko dla swoich przyg\u00f3d? W takim razie potrzebujesz elementu terenu fantasy 28 mm &#8211;<strong> Two Level Fantasy Ruins<\/strong> &#8211; osza\u0142amiaj\u0105cego elementu terenu, kt\u00f3ry sprawi, \u017ce twoje gry o\u017cyj\u0105.<\/p>\n<p>Dwupi\u0119trowe Ruiny Fantasy 28mm to model, kt\u00f3ry przedstawia szczeg\u00f3\u0142owy i skomplikowany projekt zniszczonego budynku. Model ma dwa poziomy, do kt\u00f3rych mo\u017cna dosta\u0107 si\u0119 schodami, a tak\u017ce mn\u00f3stwo okien, drzwi i \u0142uk\u00f3w, kt\u00f3re dodaj\u0105 konstrukcji charakteru i uroku. Model ma r\u00f3wnie\u017c kilka p\u0119kni\u0119\u0107, dziur i mchu, kt\u00f3re nadaj\u0105 mu zwietrza\u0142y i staro\u017cytny wygl\u0105d.<\/p>\n<p>Model jest kompatybilny z ka\u017cd\u0105 gr\u0105 RPG, kt\u00f3ra wymaga 28-milimetrowych budynk\u00f3w terenowych fantasy, takich jak Dungeons and Dragons, Warhammer, Forestgrave i inne. Mo\u017cna go u\u017cywa\u0107 jako t\u0142a, os\u0142ony lub celu dla swoich figurek. Model mo\u017cna wykorzysta\u0107 w niemal ka\u017cdym scenariuszu, takim jak nawiedzony zamek, zapomniana \u015bwi\u0105tynia, kryj\u00f3wka bandyt\u00f3w lub wie\u017ca czarodzieja.<\/p>\n<p>Model nie jest pomalowany, wi\u0119c mo\u017cna go dostosowa\u0107 do w\u0142asnych upodoba\u0144. Mo\u017cesz tak\u017ce doda\u0107 troch\u0119 ro\u015blinno\u015bci, trawy lub gruzu, aby poprawi\u0107 wygl\u0105d i wra\u017cenie terenu. Miniatury pokazane na zdj\u0119ciach nie wchodz\u0105 w sk\u0142ad zestawu, s\u0142u\u017c\u0105 jedynie jako odniesienie do skali.<\/p>\n<p>Model jest wykonany z PLA, kt\u00f3ry jest jednym z najbardziej przyjaznych dla \u015brodowiska tworzyw sztucznych dost\u0119pnych obecnie na rynku. PLA pochodzi ze \u017ar\u00f3de\u0142 odnawialnych, takich jak kukurydza i trzcina cukrowa, i jest biodegradowalny i nietoksyczny. PLA jest r\u00f3wnie\u017c trwa\u0142y i mocny, dzi\u0119ki czemu idealnie nadaje si\u0119 na teren do gier wojennych.<\/p>\n<p>Nie przegap tej okazji, aby doda\u0107 troch\u0119 pi\u0119kna i emocji do swoich gier RPG. Zam\u00f3w swoje dwupoziomowe Ruiny Fantasy 28 mm ju\u017c dzi\u015b i przygotuj si\u0119 na odkrywanie sekret\u00f3w i tajemnic ruin! ?\ufe0f??<\/p>\n","protected":false},"excerpt":{"rendered":"<p>Idealny zestaw do gier RPG, Forestgrave, Skyless Realms i Dungeon Terrain.<\/p>\n","protected":false},"featured_media":18580,"comment_status":"open","ping_status":"closed","template":"","meta":[],"product_cat":[3138,3137],"product_tag":[3186,3160,3188,3180,3183,3182,3179,3184,3185,3189,3181,3178,3187,3177],"yoast_head":"<!-- This site is optimized with the Yoast SEO Premium plugin v22.9 (Yoast SEO v22.9) - https:\/\/yoast.com\/wordpress\/plugins\/seo\/ -->\n<title>Fantasy Ruins Terrain w skali 28 mm<\/title>\n<meta name=\"description\" content=\"Teren fantasy 28mm - Dwupi\u0119trowe Ruiny Fantasy - osza\u0142amiaj\u0105cy element terenu, kt\u00f3ry o\u017cywi Twoje gry.\" \/>\n<meta name=\"robots\" content=\"index, follow, max-snippet:-1, max-image-preview:large, max-video-preview:-1\" \/>\n<link rel=\"canonical\" href=\"https:\/\/3dvikingsstore.com\/pl\/shop\/fantasy-ruins-terrain-w-skali-28-mm\/\" \/>\n<meta property=\"og:locale\" content=\"pl_PL\" \/>\n<meta property=\"og:type\" content=\"article\" \/>\n<meta property=\"og:title\" content=\"Fantasy Ruins Terrain w skali 28 mm\" \/>\n<meta property=\"og:description\" content=\"Teren fantasy 28mm - Dwupi\u0119trowe Ruiny Fantasy - osza\u0142amiaj\u0105cy element terenu, kt\u00f3ry o\u017cywi Twoje gry.\" \/>\n<meta property=\"og:url\" content=\"https:\/\/3dvikingsstore.com\/pl\/shop\/fantasy-ruins-terrain-w-skali-28-mm\/\" \/>\n<meta property=\"og:site_name\" content=\"3D Vikings Store\" \/>\n<meta property=\"article:modified_time\" content=\"2024-02-28T18:52:42+00:00\" \/>\n<meta property=\"og:image\" content=\"https:\/\/3dvikingsstore.com\/wp-content\/uploads\/2020\/03\/il_1588xN.1932232784_ckgl.jpg\" \/>\n\t<meta property=\"og:image:width\" content=\"1588\" \/>\n\t<meta property=\"og:image:height\" content=\"1270\" \/>\n\t<meta property=\"og:image:type\" content=\"image\/jpeg\" \/>\n<meta name=\"twitter:card\" content=\"summary_large_image\" \/>\n<meta name=\"twitter:label1\" content=\"Szacowany czas czytania\" \/>\n\t<meta name=\"twitter:data1\" content=\"2 minuty\" \/>\n<script type=\"application\/ld+json\" class=\"yoast-schema-graph\">{\"@context\":\"https:\/\/schema.org\",\"@graph\":[{\"@type\":[\"WebPage\",\"ItemPage\"],\"@id\":\"https:\/\/3dvikingsstore.com\/pl\/shop\/fantasy-ruins-terrain-w-skali-28-mm\/\",\"url\":\"https:\/\/3dvikingsstore.com\/pl\/shop\/fantasy-ruins-terrain-w-skali-28-mm\/\",\"name\":\"Fantasy Ruins Terrain w skali 28 mm\",\"isPartOf\":{\"@id\":\"https:\/\/3dvikingsstore.com\/pl\/#website\"},\"primaryImageOfPage\":{\"@id\":\"https:\/\/3dvikingsstore.com\/pl\/shop\/fantasy-ruins-terrain-w-skali-28-mm\/#primaryimage\"},\"image\":{\"@id\":\"https:\/\/3dvikingsstore.com\/pl\/shop\/fantasy-ruins-terrain-w-skali-28-mm\/#primaryimage\"},\"thumbnailUrl\":\"https:\/\/3dvikingsstore.com\/wp-content\/uploads\/2020\/03\/il_1588xN.1932232784_ckgl.jpg\",\"datePublished\":\"2020-03-01T00:58:04+00:00\",\"dateModified\":\"2024-02-28T18:52:42+00:00\",\"description\":\"Teren fantasy 28mm - Dwupi\u0119trowe Ruiny Fantasy - osza\u0142amiaj\u0105cy element terenu, kt\u00f3ry o\u017cywi Twoje gry.\",\"breadcrumb\":{\"@id\":\"https:\/\/3dvikingsstore.com\/pl\/shop\/fantasy-ruins-terrain-w-skali-28-mm\/#breadcrumb\"},\"inLanguage\":\"pl-PL\",\"potentialAction\":[{\"@type\":\"ReadAction\",\"target\":[\"https:\/\/3dvikingsstore.com\/pl\/shop\/fantasy-ruins-terrain-w-skali-28-mm\/\"]}]},{\"@type\":\"ImageObject\",\"inLanguage\":\"pl-PL\",\"@id\":\"https:\/\/3dvikingsstore.com\/pl\/shop\/fantasy-ruins-terrain-w-skali-28-mm\/#primaryimage\",\"url\":\"https:\/\/3dvikingsstore.com\/wp-content\/uploads\/2020\/03\/il_1588xN.1932232784_ckgl.jpg\",\"contentUrl\":\"https:\/\/3dvikingsstore.com\/wp-content\/uploads\/2020\/03\/il_1588xN.1932232784_ckgl.jpg\",\"width\":1588,\"height\":1270},{\"@type\":\"BreadcrumbList\",\"@id\":\"https:\/\/3dvikingsstore.com\/pl\/shop\/fantasy-ruins-terrain-w-skali-28-mm\/#breadcrumb\",\"itemListElement\":[{\"@type\":\"ListItem\",\"position\":1,\"name\":\"Home\",\"item\":\"https:\/\/3dvikingsstore.com\/pl\/\"},{\"@type\":\"ListItem\",\"position\":2,\"name\":\"Shop\",\"item\":\"https:\/\/3dvikingsstore.com\/shop\/\"},{\"@type\":\"ListItem\",\"position\":3,\"name\":\"Fantasy Ruins Terrain w skali 28 mm\"}]},{\"@type\":\"WebSite\",\"@id\":\"https:\/\/3dvikingsstore.com\/pl\/#website\",\"url\":\"https:\/\/3dvikingsstore.com\/pl\/\",\"name\":\"3D Vikings Store\",\"description\":\"Dekoracje i Akcesoria do Gier Planszowych i Sto\u0142owych\",\"publisher\":{\"@id\":\"https:\/\/3dvikingsstore.com\/pl\/#organization\"},\"potentialAction\":[{\"@type\":\"SearchAction\",\"target\":{\"@type\":\"EntryPoint\",\"urlTemplate\":\"https:\/\/3dvikingsstore.com\/pl\/?s={search_term_string}\"},\"query-input\":\"required name=search_term_string\"}],\"inLanguage\":\"pl-PL\"},{\"@type\":\"Organization\",\"@id\":\"https:\/\/3dvikingsstore.com\/pl\/#organization\",\"name\":\"3D Vikings Store\",\"url\":\"https:\/\/3dvikingsstore.com\/pl\/\",\"logo\":{\"@type\":\"ImageObject\",\"inLanguage\":\"pl-PL\",\"@id\":\"https:\/\/3dvikingsstore.com\/pl\/#\/schema\/logo\/image\/\",\"url\":\"https:\/\/3dvikingsstore.com\/wp-content\/uploads\/2020\/03\/3dvikings-logo-karge-white.jpg\",\"contentUrl\":\"https:\/\/3dvikingsstore.com\/wp-content\/uploads\/2020\/03\/3dvikings-logo-karge-white.jpg\",\"width\":800,\"height\":800,\"caption\":\"3D Vikings Store\"},\"image\":{\"@id\":\"https:\/\/3dvikingsstore.com\/pl\/#\/schema\/logo\/image\/\"}}]}<\/script>\n<!-- \/ Yoast SEO Premium plugin. -->","yoast_head_json":{"title":"Fantasy Ruins Terrain w skali 28 mm","description":"Teren fantasy 28mm - Dwupi\u0119trowe Ruiny Fantasy - osza\u0142amiaj\u0105cy element terenu, kt\u00f3ry o\u017cywi Twoje gry.","robots":{"index":"index","follow":"follow","max-snippet":"max-snippet:-1","max-image-preview":"max-image-preview:large","max-video-preview":"max-video-preview:-1"},"canonical":"https:\/\/3dvikingsstore.com\/pl\/shop\/fantasy-ruins-terrain-w-skali-28-mm\/","og_locale":"pl_PL","og_type":"article","og_title":"Fantasy Ruins Terrain w skali 28 mm","og_description":"Teren fantasy 28mm - Dwupi\u0119trowe Ruiny Fantasy - osza\u0142amiaj\u0105cy element terenu, kt\u00f3ry o\u017cywi Twoje gry.","og_url":"https:\/\/3dvikingsstore.com\/pl\/shop\/fantasy-ruins-terrain-w-skali-28-mm\/","og_site_name":"3D Vikings Store","article_modified_time":"2024-02-28T18:52:42+00:00","og_image":[{"width":1588,"height":1270,"url":"https:\/\/3dvikingsstore.com\/wp-content\/uploads\/2020\/03\/il_1588xN.1932232784_ckgl.jpg","type":"image\/jpeg"}],"twitter_card":"summary_large_image","twitter_misc":{"Szacowany czas czytania":"2 minuty"},"schema":{"@context":"https:\/\/schema.org","@graph":[{"@type":["WebPage","ItemPage"],"@id":"https:\/\/3dvikingsstore.com\/pl\/shop\/fantasy-ruins-terrain-w-skali-28-mm\/","url":"https:\/\/3dvikingsstore.com\/pl\/shop\/fantasy-ruins-terrain-w-skali-28-mm\/","name":"Fantasy Ruins Terrain w skali 28 mm","isPartOf":{"@id":"https:\/\/3dvikingsstore.com\/pl\/#website"},"primaryImageOfPage":{"@id":"https:\/\/3dvikingsstore.com\/pl\/shop\/fantasy-ruins-terrain-w-skali-28-mm\/#primaryimage"},"image":{"@id":"https:\/\/3dvikingsstore.com\/pl\/shop\/fantasy-ruins-terrain-w-skali-28-mm\/#primaryimage"},"thumbnailUrl":"https:\/\/3dvikingsstore.com\/wp-content\/uploads\/2020\/03\/il_1588xN.1932232784_ckgl.jpg","datePublished":"2020-03-01T00:58:04+00:00","dateModified":"2024-02-28T18:52:42+00:00","description":"Teren fantasy 28mm - Dwupi\u0119trowe Ruiny Fantasy - osza\u0142amiaj\u0105cy element terenu, kt\u00f3ry o\u017cywi Twoje gry.","breadcrumb":{"@id":"https:\/\/3dvikingsstore.com\/pl\/shop\/fantasy-ruins-terrain-w-skali-28-mm\/#breadcrumb"},"inLanguage":"pl-PL","potentialAction":[{"@type":"ReadAction","target":["https:\/\/3dvikingsstore.com\/pl\/shop\/fantasy-ruins-terrain-w-skali-28-mm\/"]}]},{"@type":"ImageObject","inLanguage":"pl-PL","@id":"https:\/\/3dvikingsstore.com\/pl\/shop\/fantasy-ruins-terrain-w-skali-28-mm\/#primaryimage","url":"https:\/\/3dvikingsstore.com\/wp-content\/uploads\/2020\/03\/il_1588xN.1932232784_ckgl.jpg","contentUrl":"https:\/\/3dvikingsstore.com\/wp-content\/uploads\/2020\/03\/il_1588xN.1932232784_ckgl.jpg","width":1588,"height":1270},{"@type":"BreadcrumbList","@id":"https:\/\/3dvikingsstore.com\/pl\/shop\/fantasy-ruins-terrain-w-skali-28-mm\/#breadcrumb","itemListElement":[{"@type":"ListItem","position":1,"name":"Home","item":"https:\/\/3dvikingsstore.com\/pl\/"},{"@type":"ListItem","position":2,"name":"Shop","item":"https:\/\/3dvikingsstore.com\/shop\/"},{"@type":"ListItem","position":3,"name":"Fantasy Ruins Terrain w skali 28 mm"}]},{"@type":"WebSite","@id":"https:\/\/3dvikingsstore.com\/pl\/#website","url":"https:\/\/3dvikingsstore.com\/pl\/","name":"3D Vikings Store","description":"Dekoracje i Akcesoria do Gier Planszowych i Sto\u0142owych","publisher":{"@id":"https:\/\/3dvikingsstore.com\/pl\/#organization"},"potentialAction":[{"@type":"SearchAction","target":{"@type":"EntryPoint","urlTemplate":"https:\/\/3dvikingsstore.com\/pl\/?s={search_term_string}"},"query-input":"required name=search_term_string"}],"inLanguage":"pl-PL"},{"@type":"Organization","@id":"https:\/\/3dvikingsstore.com\/pl\/#organization","name":"3D Vikings Store","url":"https:\/\/3dvikingsstore.com\/pl\/","logo":{"@type":"ImageObject","inLanguage":"pl-PL","@id":"https:\/\/3dvikingsstore.com\/pl\/#\/schema\/logo\/image\/","url":"https:\/\/3dvikingsstore.com\/wp-content\/uploads\/2020\/03\/3dvikings-logo-karge-white.jpg","contentUrl":"https:\/\/3dvikingsstore.com\/wp-content\/uploads\/2020\/03\/3dvikings-logo-karge-white.jpg","width":800,"height":800,"caption":"3D Vikings Store"},"image":{"@id":"https:\/\/3dvikingsstore.com\/pl\/#\/schema\/logo\/image\/"}}]}},"_links":{"self":[{"href":"https:\/\/3dvikingsstore.com\/pl\/wp-json\/wp\/v2\/product\/18579"}],"collection":[{"href":"https:\/\/3dvikingsstore.com\/pl\/wp-json\/wp\/v2\/product"}],"about":[{"href":"https:\/\/3dvikingsstore.com\/pl\/wp-json\/wp\/v2\/types\/product"}],"replies":[{"embeddable":true,"href":"https:\/\/3dvikingsstore.com\/pl\/wp-json\/wp\/v2\/comments?post=18579"}],"version-history":[{"count":1,"href":"https:\/\/3dvikingsstore.com\/pl\/wp-json\/wp\/v2\/product\/18579\/revisions"}],"predecessor-version":[{"id":18676,"href":"https:\/\/3dvikingsstore.com\/pl\/wp-json\/wp\/v2\/product\/18579\/revisions\/18676"}],"wp:featuredmedia":[{"embeddable":true,"href":"https:\/\/3dvikingsstore.com\/pl\/wp-json\/wp\/v2\/media\/18580"}],"wp:attachment":[{"href":"https:\/\/3dvikingsstore.com\/pl\/wp-json\/wp\/v2\/media?parent=18579"}],"wp:term":[{"taxonomy":"product_cat","embeddable":true,"href":"https:\/\/3dvikingsstore.com\/pl\/wp-json\/wp\/v2\/product_cat?post=18579"},{"taxonomy":"product_tag","embeddable":true,"href":"https:\/\/3dvikingsstore.com\/pl\/wp-json\/wp\/v2\/product_tag?post=18579"}],"curies":[{"name":"wp","href":"https:\/\/api.w.org\/{rel}","templated":true}]}}