{"id":18577,"date":"2024-02-07T16:00:08","date_gmt":"2024-02-07T14:00:08","guid":{"rendered":"https:\/\/3dvikingsstore.com\/shop\/dwupietrowe-ruiny-fantasy-28mm-do-epickich-przygod\/"},"modified":"2024-02-07T16:00:08","modified_gmt":"2024-02-07T14:00:08","slug":"dwupietrowe-ruiny-fantasy-28mm-do-epickich-przygod","status":"publish","type":"product","link":"https:\/\/3dvikingsstore.com\/pl\/shop\/dwupietrowe-ruiny-fantasy-28mm-do-epickich-przygod\/","title":{"rendered":"Dwupi\u0119trowe Ruiny Fantasy 28mm do Epickich Przyg\u00f3d"},"content":{"rendered":"<p><strong>Poczuj dreszczyk eksploracji dzi\u0119ki skomplikowanym dwupoziomowym ruinom fantasy 28 mm!<\/strong>  Ten r\u0119cznie wykonany element terenu przenosi graczy RPG do zapomnianych krain, pe\u0142nych przyg\u00f3d i ukrytych cud\u00f3w.<\/p>\n<p><strong>Cechy:<\/strong><\/p>\n<ul>\n<li><strong>Skrupulatnie wykonane:<\/strong> Skomplikowana konstrukcja z wyblak\u0142ymi \u015bcianami, krusz\u0105cymi si\u0119 \u0142ukami i kr\u0119tymi schodami.<\/li>\n<li><strong>Dwa poziomy eksploracji:<\/strong> Odkryj ukryte sekrety i mo\u017cliwo\u015bci taktyczne dzi\u0119ki g\u00f3rnym i dolnym sekcjom.<\/li>\n<li><strong>Niesko\u0144czone mo\u017cliwo\u015bci personalizacji:<\/strong> Niepomalowany wygl\u0105d zewn\u0119trzny pozwala dostosowa\u0107 go do ustawie\u0144 kampanii i wizji artystycznej.<\/li>\n<li><strong>Wszechstronno\u015b\u0107 w najlepszym wydaniu:<\/strong> nadaje si\u0119 do nawiedzonych zamk\u00f3w, opuszczonych \u015bwi\u0105ty\u0144, kryj\u00f3wek bandyt\u00f3w i nie tylko!<\/li>\n<li><strong>Materia\u0142y przyjazne dla \u015brodowiska:<\/strong> Wykonany z PLA, zr\u00f3wnowa\u017conego i trwa\u0142ego tworzywa sztucznego zapewniaj\u0105cego d\u0142ugotrwa\u0142e przygody.<\/li>\n<\/ul>\n<p><strong>Wi\u0119cej ni\u017c tylko sceneria:<\/strong> Tchnij \u017cycie w swoj\u0105 narracj\u0119 dzi\u0119ki temu sugestywnemu elementowi, kt\u00f3ry sprzyja niezapomnianym spotkaniom i ekscytuj\u0105cym bitwom.<\/p>\n<p><strong>Ulepsz swoje wra\u017cenia z gry ju\u017c dzi\u015b!<\/strong>  Zam\u00f3w swoje dwupoziomowe ruiny fantasy 28 mm i wyrusz na epickie przygody!<\/p>\n<p>W zestawie bez farby.<\/p>\n","protected":false},"excerpt":{"rendered":"<p>Ten starannie wykonany element terenu wykracza poza zwyk\u0142\u0105 sceneri\u0119, oferuj\u0105c wci\u0105gaj\u0105ce pole bitwy dla <strong>\u015bredniowiecznych potyczek, fantastycznych zada\u0144 i ekscytuj\u0105cych spotka\u0144 Frostgrave<\/strong>.<\/p>\n","protected":false},"featured_media":18578,"comment_status":"open","ping_status":"closed","template":"","meta":[],"product_cat":[3138,3137],"product_tag":[3186,3160,3188,3180,3183,3182,3179,3184,3185,3189,3181,3178,3187,3177],"yoast_head":"<!-- This site is optimized with the Yoast SEO Premium plugin v22.9 (Yoast SEO v22.9) - https:\/\/yoast.com\/wordpress\/plugins\/seo\/ -->\n<title>Dwupi\u0119trowe Ruiny Fantasy 28mm do Epickich Przyg\u00f3d<\/title>\n<meta name=\"description\" content=\"Poczuj dreszczyk eksploracji dzi\u0119ki skomplikowanym dwupoziomowym ruinom fantasy 28 mm! Przenie\u015b swoje gry RPG do zapomnianych krain.\" \/>\n<meta name=\"robots\" content=\"index, follow, max-snippet:-1, max-image-preview:large, max-video-preview:-1\" \/>\n<link rel=\"canonical\" href=\"https:\/\/3dvikingsstore.com\/pl\/shop\/dwupietrowe-ruiny-fantasy-28mm-do-epickich-przygod\/\" \/>\n<meta property=\"og:locale\" content=\"pl_PL\" \/>\n<meta property=\"og:type\" content=\"article\" \/>\n<meta property=\"og:title\" content=\"Dwupi\u0119trowe Ruiny Fantasy 28mm do Epickich Przyg\u00f3d\" \/>\n<meta property=\"og:description\" content=\"Poczuj dreszczyk eksploracji dzi\u0119ki skomplikowanym dwupoziomowym ruinom fantasy 28 mm! Przenie\u015b swoje gry RPG do zapomnianych krain.\" \/>\n<meta property=\"og:url\" content=\"https:\/\/3dvikingsstore.com\/pl\/shop\/dwupietrowe-ruiny-fantasy-28mm-do-epickich-przygod\/\" \/>\n<meta property=\"og:site_name\" content=\"3D Vikings Store\" \/>\n<meta property=\"og:image\" content=\"https:\/\/3dvikingsstore.com\/wp-content\/uploads\/2024\/02\/28mm-fantasy-ruins-terrain.jpg\" \/>\n\t<meta property=\"og:image:width\" content=\"1024\" \/>\n\t<meta property=\"og:image:height\" content=\"819\" \/>\n\t<meta property=\"og:image:type\" content=\"image\/jpeg\" \/>\n<meta name=\"twitter:card\" content=\"summary_large_image\" \/>\n<meta name=\"twitter:label1\" content=\"Szacowany czas czytania\" \/>\n\t<meta name=\"twitter:data1\" content=\"1 minuta\" \/>\n<script type=\"application\/ld+json\" class=\"yoast-schema-graph\">{\"@context\":\"https:\/\/schema.org\",\"@graph\":[{\"@type\":[\"WebPage\",\"ItemPage\"],\"@id\":\"https:\/\/3dvikingsstore.com\/pl\/shop\/dwupietrowe-ruiny-fantasy-28mm-do-epickich-przygod\/\",\"url\":\"https:\/\/3dvikingsstore.com\/pl\/shop\/dwupietrowe-ruiny-fantasy-28mm-do-epickich-przygod\/\",\"name\":\"Dwupi\u0119trowe Ruiny Fantasy 28mm do Epickich Przyg\u00f3d\",\"isPartOf\":{\"@id\":\"https:\/\/3dvikingsstore.com\/pl\/#website\"},\"primaryImageOfPage\":{\"@id\":\"https:\/\/3dvikingsstore.com\/pl\/shop\/dwupietrowe-ruiny-fantasy-28mm-do-epickich-przygod\/#primaryimage\"},\"image\":{\"@id\":\"https:\/\/3dvikingsstore.com\/pl\/shop\/dwupietrowe-ruiny-fantasy-28mm-do-epickich-przygod\/#primaryimage\"},\"thumbnailUrl\":\"https:\/\/3dvikingsstore.com\/wp-content\/uploads\/2024\/02\/28mm-fantasy-ruins-terrain.jpg\",\"datePublished\":\"2024-02-07T14:00:08+00:00\",\"dateModified\":\"2024-02-07T14:00:08+00:00\",\"description\":\"Poczuj dreszczyk eksploracji dzi\u0119ki skomplikowanym dwupoziomowym ruinom fantasy 28 mm! Przenie\u015b swoje gry RPG do zapomnianych krain.\",\"breadcrumb\":{\"@id\":\"https:\/\/3dvikingsstore.com\/pl\/shop\/dwupietrowe-ruiny-fantasy-28mm-do-epickich-przygod\/#breadcrumb\"},\"inLanguage\":\"pl-PL\",\"potentialAction\":[{\"@type\":\"ReadAction\",\"target\":[\"https:\/\/3dvikingsstore.com\/pl\/shop\/dwupietrowe-ruiny-fantasy-28mm-do-epickich-przygod\/\"]}]},{\"@type\":\"ImageObject\",\"inLanguage\":\"pl-PL\",\"@id\":\"https:\/\/3dvikingsstore.com\/pl\/shop\/dwupietrowe-ruiny-fantasy-28mm-do-epickich-przygod\/#primaryimage\",\"url\":\"https:\/\/3dvikingsstore.com\/wp-content\/uploads\/2024\/02\/28mm-fantasy-ruins-terrain.jpg\",\"contentUrl\":\"https:\/\/3dvikingsstore.com\/wp-content\/uploads\/2024\/02\/28mm-fantasy-ruins-terrain.jpg\",\"width\":1024,\"height\":819},{\"@type\":\"BreadcrumbList\",\"@id\":\"https:\/\/3dvikingsstore.com\/pl\/shop\/dwupietrowe-ruiny-fantasy-28mm-do-epickich-przygod\/#breadcrumb\",\"itemListElement\":[{\"@type\":\"ListItem\",\"position\":1,\"name\":\"Home\",\"item\":\"https:\/\/3dvikingsstore.com\/pl\/\"},{\"@type\":\"ListItem\",\"position\":2,\"name\":\"Shop\",\"item\":\"https:\/\/3dvikingsstore.com\/shop\/\"},{\"@type\":\"ListItem\",\"position\":3,\"name\":\"Dwupi\u0119trowe Ruiny Fantasy 28mm do Epickich Przyg\u00f3d\"}]},{\"@type\":\"WebSite\",\"@id\":\"https:\/\/3dvikingsstore.com\/pl\/#website\",\"url\":\"https:\/\/3dvikingsstore.com\/pl\/\",\"name\":\"3D Vikings Store\",\"description\":\"Dekoracje i Akcesoria do Gier Planszowych i Sto\u0142owych\",\"publisher\":{\"@id\":\"https:\/\/3dvikingsstore.com\/pl\/#organization\"},\"potentialAction\":[{\"@type\":\"SearchAction\",\"target\":{\"@type\":\"EntryPoint\",\"urlTemplate\":\"https:\/\/3dvikingsstore.com\/pl\/?s={search_term_string}\"},\"query-input\":\"required name=search_term_string\"}],\"inLanguage\":\"pl-PL\"},{\"@type\":\"Organization\",\"@id\":\"https:\/\/3dvikingsstore.com\/pl\/#organization\",\"name\":\"3D Vikings Store\",\"url\":\"https:\/\/3dvikingsstore.com\/pl\/\",\"logo\":{\"@type\":\"ImageObject\",\"inLanguage\":\"pl-PL\",\"@id\":\"https:\/\/3dvikingsstore.com\/pl\/#\/schema\/logo\/image\/\",\"url\":\"https:\/\/3dvikingsstore.com\/wp-content\/uploads\/2020\/03\/3dvikings-logo-karge-white.jpg\",\"contentUrl\":\"https:\/\/3dvikingsstore.com\/wp-content\/uploads\/2020\/03\/3dvikings-logo-karge-white.jpg\",\"width\":800,\"height\":800,\"caption\":\"3D Vikings Store\"},\"image\":{\"@id\":\"https:\/\/3dvikingsstore.com\/pl\/#\/schema\/logo\/image\/\"}}]}<\/script>\n<!-- \/ Yoast SEO Premium plugin. -->","yoast_head_json":{"title":"Dwupi\u0119trowe Ruiny Fantasy 28mm do Epickich Przyg\u00f3d","description":"Poczuj dreszczyk eksploracji dzi\u0119ki skomplikowanym dwupoziomowym ruinom fantasy 28 mm! Przenie\u015b swoje gry RPG do zapomnianych krain.","robots":{"index":"index","follow":"follow","max-snippet":"max-snippet:-1","max-image-preview":"max-image-preview:large","max-video-preview":"max-video-preview:-1"},"canonical":"https:\/\/3dvikingsstore.com\/pl\/shop\/dwupietrowe-ruiny-fantasy-28mm-do-epickich-przygod\/","og_locale":"pl_PL","og_type":"article","og_title":"Dwupi\u0119trowe Ruiny Fantasy 28mm do Epickich Przyg\u00f3d","og_description":"Poczuj dreszczyk eksploracji dzi\u0119ki skomplikowanym dwupoziomowym ruinom fantasy 28 mm! Przenie\u015b swoje gry RPG do zapomnianych krain.","og_url":"https:\/\/3dvikingsstore.com\/pl\/shop\/dwupietrowe-ruiny-fantasy-28mm-do-epickich-przygod\/","og_site_name":"3D Vikings Store","og_image":[{"width":1024,"height":819,"url":"https:\/\/3dvikingsstore.com\/wp-content\/uploads\/2024\/02\/28mm-fantasy-ruins-terrain.jpg","type":"image\/jpeg"}],"twitter_card":"summary_large_image","twitter_misc":{"Szacowany czas czytania":"1 minuta"},"schema":{"@context":"https:\/\/schema.org","@graph":[{"@type":["WebPage","ItemPage"],"@id":"https:\/\/3dvikingsstore.com\/pl\/shop\/dwupietrowe-ruiny-fantasy-28mm-do-epickich-przygod\/","url":"https:\/\/3dvikingsstore.com\/pl\/shop\/dwupietrowe-ruiny-fantasy-28mm-do-epickich-przygod\/","name":"Dwupi\u0119trowe Ruiny Fantasy 28mm do Epickich Przyg\u00f3d","isPartOf":{"@id":"https:\/\/3dvikingsstore.com\/pl\/#website"},"primaryImageOfPage":{"@id":"https:\/\/3dvikingsstore.com\/pl\/shop\/dwupietrowe-ruiny-fantasy-28mm-do-epickich-przygod\/#primaryimage"},"image":{"@id":"https:\/\/3dvikingsstore.com\/pl\/shop\/dwupietrowe-ruiny-fantasy-28mm-do-epickich-przygod\/#primaryimage"},"thumbnailUrl":"https:\/\/3dvikingsstore.com\/wp-content\/uploads\/2024\/02\/28mm-fantasy-ruins-terrain.jpg","datePublished":"2024-02-07T14:00:08+00:00","dateModified":"2024-02-07T14:00:08+00:00","description":"Poczuj dreszczyk eksploracji dzi\u0119ki skomplikowanym dwupoziomowym ruinom fantasy 28 mm! Przenie\u015b swoje gry RPG do zapomnianych krain.","breadcrumb":{"@id":"https:\/\/3dvikingsstore.com\/pl\/shop\/dwupietrowe-ruiny-fantasy-28mm-do-epickich-przygod\/#breadcrumb"},"inLanguage":"pl-PL","potentialAction":[{"@type":"ReadAction","target":["https:\/\/3dvikingsstore.com\/pl\/shop\/dwupietrowe-ruiny-fantasy-28mm-do-epickich-przygod\/"]}]},{"@type":"ImageObject","inLanguage":"pl-PL","@id":"https:\/\/3dvikingsstore.com\/pl\/shop\/dwupietrowe-ruiny-fantasy-28mm-do-epickich-przygod\/#primaryimage","url":"https:\/\/3dvikingsstore.com\/wp-content\/uploads\/2024\/02\/28mm-fantasy-ruins-terrain.jpg","contentUrl":"https:\/\/3dvikingsstore.com\/wp-content\/uploads\/2024\/02\/28mm-fantasy-ruins-terrain.jpg","width":1024,"height":819},{"@type":"BreadcrumbList","@id":"https:\/\/3dvikingsstore.com\/pl\/shop\/dwupietrowe-ruiny-fantasy-28mm-do-epickich-przygod\/#breadcrumb","itemListElement":[{"@type":"ListItem","position":1,"name":"Home","item":"https:\/\/3dvikingsstore.com\/pl\/"},{"@type":"ListItem","position":2,"name":"Shop","item":"https:\/\/3dvikingsstore.com\/shop\/"},{"@type":"ListItem","position":3,"name":"Dwupi\u0119trowe Ruiny Fantasy 28mm do Epickich Przyg\u00f3d"}]},{"@type":"WebSite","@id":"https:\/\/3dvikingsstore.com\/pl\/#website","url":"https:\/\/3dvikingsstore.com\/pl\/","name":"3D Vikings Store","description":"Dekoracje i Akcesoria do Gier Planszowych i Sto\u0142owych","publisher":{"@id":"https:\/\/3dvikingsstore.com\/pl\/#organization"},"potentialAction":[{"@type":"SearchAction","target":{"@type":"EntryPoint","urlTemplate":"https:\/\/3dvikingsstore.com\/pl\/?s={search_term_string}"},"query-input":"required name=search_term_string"}],"inLanguage":"pl-PL"},{"@type":"Organization","@id":"https:\/\/3dvikingsstore.com\/pl\/#organization","name":"3D Vikings Store","url":"https:\/\/3dvikingsstore.com\/pl\/","logo":{"@type":"ImageObject","inLanguage":"pl-PL","@id":"https:\/\/3dvikingsstore.com\/pl\/#\/schema\/logo\/image\/","url":"https:\/\/3dvikingsstore.com\/wp-content\/uploads\/2020\/03\/3dvikings-logo-karge-white.jpg","contentUrl":"https:\/\/3dvikingsstore.com\/wp-content\/uploads\/2020\/03\/3dvikings-logo-karge-white.jpg","width":800,"height":800,"caption":"3D Vikings Store"},"image":{"@id":"https:\/\/3dvikingsstore.com\/pl\/#\/schema\/logo\/image\/"}}]}},"_links":{"self":[{"href":"https:\/\/3dvikingsstore.com\/pl\/wp-json\/wp\/v2\/product\/18577"}],"collection":[{"href":"https:\/\/3dvikingsstore.com\/pl\/wp-json\/wp\/v2\/product"}],"about":[{"href":"https:\/\/3dvikingsstore.com\/pl\/wp-json\/wp\/v2\/types\/product"}],"replies":[{"embeddable":true,"href":"https:\/\/3dvikingsstore.com\/pl\/wp-json\/wp\/v2\/comments?post=18577"}],"version-history":[{"count":0,"href":"https:\/\/3dvikingsstore.com\/pl\/wp-json\/wp\/v2\/product\/18577\/revisions"}],"wp:featuredmedia":[{"embeddable":true,"href":"https:\/\/3dvikingsstore.com\/pl\/wp-json\/wp\/v2\/media\/18578"}],"wp:attachment":[{"href":"https:\/\/3dvikingsstore.com\/pl\/wp-json\/wp\/v2\/media?parent=18577"}],"wp:term":[{"taxonomy":"product_cat","embeddable":true,"href":"https:\/\/3dvikingsstore.com\/pl\/wp-json\/wp\/v2\/product_cat?post=18577"},{"taxonomy":"product_tag","embeddable":true,"href":"https:\/\/3dvikingsstore.com\/pl\/wp-json\/wp\/v2\/product_tag?post=18577"}],"curies":[{"name":"wp","href":"https:\/\/api.w.org\/{rel}","templated":true}]}}