{"id":18572,"date":"2024-02-07T16:20:46","date_gmt":"2024-02-07T14:20:46","guid":{"rendered":"https:\/\/3dvikingsstore.com\/shop\/kamienna-zrujnowana-placowka-ruiny-fantasy-28mm-do-epickich-przygod\/"},"modified":"2024-02-07T16:20:46","modified_gmt":"2024-02-07T14:20:46","slug":"kamienna-zrujnowana-placowka-ruiny-fantasy-28mm-do-epickich-przygod","status":"publish","type":"product","link":"https:\/\/3dvikingsstore.com\/pl\/shop\/kamienna-zrujnowana-placowka-ruiny-fantasy-28mm-do-epickich-przygod\/","title":{"rendered":"Kamienna Zrujnowana Plac\u00f3wka: Ruiny Fantasy 28mm do Epickich Przyg\u00f3d"},"content":{"rendered":"<p><strong>Wykute w ogniu wyobra\u017ani i stworzone z drobiazgow\u0105 dba\u0142o\u015bci\u0105 o szczeg\u00f3\u0142y, ruiny Ulvheim: Kamienna, Zrujnowana Plac\u00f3wka przenios\u0105 Twoje przygody przy stole do krainy zapomnianych historii i emocjonuj\u0105cych spotka\u0144.<\/strong><\/p>\n<p><strong>Uwolnij swojego wewn\u0119trznego odkrywc\u0119:<\/strong><\/p>\n<ul>\n<li><strong>Bogaty w szczeg\u00f3\u0142y projekt:<\/strong> Zanurz swoich graczy w urzekaj\u0105cej aurze \u015bredniowiecznej plac\u00f3wki, o\u017cywionej dzi\u0119ki misternej kamieniarce i urzekaj\u0105cym teksturom.<\/li>\n<li><strong>Zbudowany, by przetrwa\u0107:<\/strong> Wykonany z wysokiej jako\u015bci PLA, ten wytrzyma\u0142y element terenu wytrzyma niezliczone bitwy i historie, zapewniaj\u0105c d\u0142ugotrwa\u0142e przygody.<\/li>\n<li><strong>Uniwersalna kompatybilno\u015b\u0107:<\/strong> Bezproblemowa integracja z ulubionymi grami 28\/32 mm, w tym Dungeons &amp; Dragons, Pathfinder, Warhammer i nie tylko.<\/li>\n<li><strong>P\u0142\u00f3tno dla twojej kreatywno\u015bci:<\/strong> Niepomalowany i gotowy na artystyczne akcenty, dostosuj go do scenerii swojej kampanii, od nawiedzonych las\u00f3w po mistyczne ruiny.<\/li>\n<li><strong>Nieograniczona wszechstronno\u015b\u0107:<\/strong> Dostosuj go do r\u00f3\u017cnych scenariuszy, od epickich obl\u0119\u017ce\u0144 po postapokaliptyczne pustkowia, pozwalaj\u0105c wyobra\u017ani prowadzi\u0107 narracj\u0119.<\/li>\n<\/ul>\n<p><strong>Wi\u0119cej ni\u017c tylko sceneria:<\/strong><\/p>\n<ul>\n<li><strong>Inspiruj wci\u0105gaj\u0105ce opowie\u015bci:<\/strong> Niech zwietrza\u0142e \u015bciany szepcz\u0105 opowie\u015bci o minionych epokach, wywo\u0142uj\u0105c u graczy niezapomniane wspomnienia.<\/li>\n<li><strong>Ulepsz taktyczn\u0105 rozgrywk\u0119:<\/strong> Tw\u00f3rz strategiczne pola bitew z wieloma poziomami i ukrytymi zakamarkami, oferuj\u0105c ekscytuj\u0105ce wyzwania dla swoich figurek.<\/li>\n<li><strong>Wspieraj trwa\u0142e wspomnienia:<\/strong> Sta\u0144 si\u0119 cz\u0119\u015bci\u0105 przyg\u00f3d swoich graczy, milcz\u0105cym \u015bwiadkiem ich zwyci\u0119stw i pora\u017cek.<\/li>\n<\/ul>\n<p>W zestawie bez farby.<\/p>\n","protected":false},"excerpt":{"rendered":"<p>Wykute w ogniu wyobra\u017ani i stworzone z drobiazgow\u0105 dba\u0142o\u015bci\u0105 o szczeg\u00f3\u0142y, ruiny Ulvheim: Kamienna, Zrujnowana Plac\u00f3wka przenios\u0105 Twoje przygody przy stole do krainy zapomnianych historii i emocjonuj\u0105cych spotka\u0144.<\/p>\n","protected":false},"featured_media":18573,"comment_status":"open","ping_status":"closed","template":"","meta":[],"product_cat":[2694,2717],"product_tag":[2847,2751,2849,2766,2845,2844,2810,2846,2684,2850,2767,2843,2848,2678],"yoast_head":"<!-- This site is optimized with the Yoast SEO Premium plugin v22.9 (Yoast SEO v22.9) - https:\/\/yoast.com\/wordpress\/plugins\/seo\/ -->\n<title>Kamienna Zrujnowana Plac\u00f3wka: Ruiny Fantasy 28mm do Epickich Przyg\u00f3d<\/title>\n<meta name=\"description\" content=\"Wykute w ogniu wyobra\u017ani i stworzone z drobiazgow\u0105 dba\u0142o\u015bci\u0105 o szczeg\u00f3\u0142y: Seria Ruin Ulvheim - Kamienna, Zrujnowana Plac\u00f3wka - Ruiny Fantasy 28mm.\" \/>\n<meta name=\"robots\" content=\"index, follow, max-snippet:-1, max-image-preview:large, max-video-preview:-1\" \/>\n<link rel=\"canonical\" href=\"https:\/\/3dvikingsstore.com\/pl\/shop\/kamienna-zrujnowana-placowka-ruiny-fantasy-28mm-do-epickich-przygod\/\" \/>\n<meta property=\"og:locale\" content=\"pl_PL\" \/>\n<meta property=\"og:type\" content=\"article\" \/>\n<meta property=\"og:title\" content=\"Kamienna Zrujnowana Plac\u00f3wka: Ruiny Fantasy 28mm do Epickich Przyg\u00f3d\" \/>\n<meta property=\"og:description\" content=\"Wykute w ogniu wyobra\u017ani i stworzone z drobiazgow\u0105 dba\u0142o\u015bci\u0105 o szczeg\u00f3\u0142y: Seria Ruin Ulvheim - Kamienna, Zrujnowana Plac\u00f3wka - Ruiny Fantasy 28mm.\" \/>\n<meta property=\"og:url\" content=\"https:\/\/3dvikingsstore.com\/pl\/shop\/kamienna-zrujnowana-placowka-ruiny-fantasy-28mm-do-epickich-przygod\/\" \/>\n<meta property=\"og:site_name\" content=\"3D Vikings Store\" \/>\n<meta property=\"og:image\" content=\"https:\/\/3dvikingsstore.com\/wp-content\/uploads\/2024\/02\/DSC_7198-1024x1024.png\" \/>\n\t<meta property=\"og:image:width\" content=\"1024\" \/>\n\t<meta property=\"og:image:height\" content=\"1024\" \/>\n\t<meta property=\"og:image:type\" content=\"image\/png\" \/>\n<meta name=\"twitter:card\" content=\"summary_large_image\" \/>\n<meta name=\"twitter:label1\" content=\"Szacowany czas czytania\" \/>\n\t<meta name=\"twitter:data1\" content=\"1 minuta\" \/>\n<script type=\"application\/ld+json\" class=\"yoast-schema-graph\">{\"@context\":\"https:\/\/schema.org\",\"@graph\":[{\"@type\":[\"WebPage\",\"ItemPage\"],\"@id\":\"https:\/\/3dvikingsstore.com\/pl\/shop\/kamienna-zrujnowana-placowka-ruiny-fantasy-28mm-do-epickich-przygod\/\",\"url\":\"https:\/\/3dvikingsstore.com\/pl\/shop\/kamienna-zrujnowana-placowka-ruiny-fantasy-28mm-do-epickich-przygod\/\",\"name\":\"Kamienna Zrujnowana Plac\u00f3wka: Ruiny Fantasy 28mm do Epickich Przyg\u00f3d\",\"isPartOf\":{\"@id\":\"https:\/\/3dvikingsstore.com\/pl\/#website\"},\"primaryImageOfPage\":{\"@id\":\"https:\/\/3dvikingsstore.com\/pl\/shop\/kamienna-zrujnowana-placowka-ruiny-fantasy-28mm-do-epickich-przygod\/#primaryimage\"},\"image\":{\"@id\":\"https:\/\/3dvikingsstore.com\/pl\/shop\/kamienna-zrujnowana-placowka-ruiny-fantasy-28mm-do-epickich-przygod\/#primaryimage\"},\"thumbnailUrl\":\"https:\/\/3dvikingsstore.com\/wp-content\/uploads\/2024\/02\/DSC_7198.png\",\"datePublished\":\"2024-02-07T14:20:46+00:00\",\"dateModified\":\"2024-02-07T14:20:46+00:00\",\"description\":\"Wykute w ogniu wyobra\u017ani i stworzone z drobiazgow\u0105 dba\u0142o\u015bci\u0105 o szczeg\u00f3\u0142y: Seria Ruin Ulvheim - Kamienna, Zrujnowana Plac\u00f3wka - Ruiny Fantasy 28mm.\",\"breadcrumb\":{\"@id\":\"https:\/\/3dvikingsstore.com\/pl\/shop\/kamienna-zrujnowana-placowka-ruiny-fantasy-28mm-do-epickich-przygod\/#breadcrumb\"},\"inLanguage\":\"pl-PL\",\"potentialAction\":[{\"@type\":\"ReadAction\",\"target\":[\"https:\/\/3dvikingsstore.com\/pl\/shop\/kamienna-zrujnowana-placowka-ruiny-fantasy-28mm-do-epickich-przygod\/\"]}]},{\"@type\":\"ImageObject\",\"inLanguage\":\"pl-PL\",\"@id\":\"https:\/\/3dvikingsstore.com\/pl\/shop\/kamienna-zrujnowana-placowka-ruiny-fantasy-28mm-do-epickich-przygod\/#primaryimage\",\"url\":\"https:\/\/3dvikingsstore.com\/wp-content\/uploads\/2024\/02\/DSC_7198.png\",\"contentUrl\":\"https:\/\/3dvikingsstore.com\/wp-content\/uploads\/2024\/02\/DSC_7198.png\",\"width\":2384,\"height\":2384},{\"@type\":\"BreadcrumbList\",\"@id\":\"https:\/\/3dvikingsstore.com\/pl\/shop\/kamienna-zrujnowana-placowka-ruiny-fantasy-28mm-do-epickich-przygod\/#breadcrumb\",\"itemListElement\":[{\"@type\":\"ListItem\",\"position\":1,\"name\":\"Home\",\"item\":\"https:\/\/3dvikingsstore.com\/pl\/\"},{\"@type\":\"ListItem\",\"position\":2,\"name\":\"Shop\",\"item\":\"https:\/\/3dvikingsstore.com\/shop\/\"},{\"@type\":\"ListItem\",\"position\":3,\"name\":\"Kamienna Zrujnowana Plac\u00f3wka: Ruiny Fantasy 28mm do Epickich Przyg\u00f3d\"}]},{\"@type\":\"WebSite\",\"@id\":\"https:\/\/3dvikingsstore.com\/pl\/#website\",\"url\":\"https:\/\/3dvikingsstore.com\/pl\/\",\"name\":\"3D Vikings Store\",\"description\":\"Dekoracje i Akcesoria do Gier Planszowych i Sto\u0142owych\",\"publisher\":{\"@id\":\"https:\/\/3dvikingsstore.com\/pl\/#organization\"},\"potentialAction\":[{\"@type\":\"SearchAction\",\"target\":{\"@type\":\"EntryPoint\",\"urlTemplate\":\"https:\/\/3dvikingsstore.com\/pl\/?s={search_term_string}\"},\"query-input\":\"required name=search_term_string\"}],\"inLanguage\":\"pl-PL\"},{\"@type\":\"Organization\",\"@id\":\"https:\/\/3dvikingsstore.com\/pl\/#organization\",\"name\":\"3D Vikings Store\",\"url\":\"https:\/\/3dvikingsstore.com\/pl\/\",\"logo\":{\"@type\":\"ImageObject\",\"inLanguage\":\"pl-PL\",\"@id\":\"https:\/\/3dvikingsstore.com\/pl\/#\/schema\/logo\/image\/\",\"url\":\"https:\/\/3dvikingsstore.com\/wp-content\/uploads\/2020\/03\/3dvikings-logo-karge-white.jpg\",\"contentUrl\":\"https:\/\/3dvikingsstore.com\/wp-content\/uploads\/2020\/03\/3dvikings-logo-karge-white.jpg\",\"width\":800,\"height\":800,\"caption\":\"3D Vikings Store\"},\"image\":{\"@id\":\"https:\/\/3dvikingsstore.com\/pl\/#\/schema\/logo\/image\/\"}}]}<\/script>\n<!-- \/ Yoast SEO Premium plugin. -->","yoast_head_json":{"title":"Kamienna Zrujnowana Plac\u00f3wka: Ruiny Fantasy 28mm do Epickich Przyg\u00f3d","description":"Wykute w ogniu wyobra\u017ani i stworzone z drobiazgow\u0105 dba\u0142o\u015bci\u0105 o szczeg\u00f3\u0142y: Seria Ruin Ulvheim - Kamienna, Zrujnowana Plac\u00f3wka - Ruiny Fantasy 28mm.","robots":{"index":"index","follow":"follow","max-snippet":"max-snippet:-1","max-image-preview":"max-image-preview:large","max-video-preview":"max-video-preview:-1"},"canonical":"https:\/\/3dvikingsstore.com\/pl\/shop\/kamienna-zrujnowana-placowka-ruiny-fantasy-28mm-do-epickich-przygod\/","og_locale":"pl_PL","og_type":"article","og_title":"Kamienna Zrujnowana Plac\u00f3wka: Ruiny Fantasy 28mm do Epickich Przyg\u00f3d","og_description":"Wykute w ogniu wyobra\u017ani i stworzone z drobiazgow\u0105 dba\u0142o\u015bci\u0105 o szczeg\u00f3\u0142y: Seria Ruin Ulvheim - Kamienna, Zrujnowana Plac\u00f3wka - Ruiny Fantasy 28mm.","og_url":"https:\/\/3dvikingsstore.com\/pl\/shop\/kamienna-zrujnowana-placowka-ruiny-fantasy-28mm-do-epickich-przygod\/","og_site_name":"3D Vikings Store","og_image":[{"width":1024,"height":1024,"url":"https:\/\/3dvikingsstore.com\/wp-content\/uploads\/2024\/02\/DSC_7198-1024x1024.png","type":"image\/png"}],"twitter_card":"summary_large_image","twitter_misc":{"Szacowany czas czytania":"1 minuta"},"schema":{"@context":"https:\/\/schema.org","@graph":[{"@type":["WebPage","ItemPage"],"@id":"https:\/\/3dvikingsstore.com\/pl\/shop\/kamienna-zrujnowana-placowka-ruiny-fantasy-28mm-do-epickich-przygod\/","url":"https:\/\/3dvikingsstore.com\/pl\/shop\/kamienna-zrujnowana-placowka-ruiny-fantasy-28mm-do-epickich-przygod\/","name":"Kamienna Zrujnowana Plac\u00f3wka: Ruiny Fantasy 28mm do Epickich Przyg\u00f3d","isPartOf":{"@id":"https:\/\/3dvikingsstore.com\/pl\/#website"},"primaryImageOfPage":{"@id":"https:\/\/3dvikingsstore.com\/pl\/shop\/kamienna-zrujnowana-placowka-ruiny-fantasy-28mm-do-epickich-przygod\/#primaryimage"},"image":{"@id":"https:\/\/3dvikingsstore.com\/pl\/shop\/kamienna-zrujnowana-placowka-ruiny-fantasy-28mm-do-epickich-przygod\/#primaryimage"},"thumbnailUrl":"https:\/\/3dvikingsstore.com\/wp-content\/uploads\/2024\/02\/DSC_7198.png","datePublished":"2024-02-07T14:20:46+00:00","dateModified":"2024-02-07T14:20:46+00:00","description":"Wykute w ogniu wyobra\u017ani i stworzone z drobiazgow\u0105 dba\u0142o\u015bci\u0105 o szczeg\u00f3\u0142y: Seria Ruin Ulvheim - Kamienna, Zrujnowana Plac\u00f3wka - Ruiny Fantasy 28mm.","breadcrumb":{"@id":"https:\/\/3dvikingsstore.com\/pl\/shop\/kamienna-zrujnowana-placowka-ruiny-fantasy-28mm-do-epickich-przygod\/#breadcrumb"},"inLanguage":"pl-PL","potentialAction":[{"@type":"ReadAction","target":["https:\/\/3dvikingsstore.com\/pl\/shop\/kamienna-zrujnowana-placowka-ruiny-fantasy-28mm-do-epickich-przygod\/"]}]},{"@type":"ImageObject","inLanguage":"pl-PL","@id":"https:\/\/3dvikingsstore.com\/pl\/shop\/kamienna-zrujnowana-placowka-ruiny-fantasy-28mm-do-epickich-przygod\/#primaryimage","url":"https:\/\/3dvikingsstore.com\/wp-content\/uploads\/2024\/02\/DSC_7198.png","contentUrl":"https:\/\/3dvikingsstore.com\/wp-content\/uploads\/2024\/02\/DSC_7198.png","width":2384,"height":2384},{"@type":"BreadcrumbList","@id":"https:\/\/3dvikingsstore.com\/pl\/shop\/kamienna-zrujnowana-placowka-ruiny-fantasy-28mm-do-epickich-przygod\/#breadcrumb","itemListElement":[{"@type":"ListItem","position":1,"name":"Home","item":"https:\/\/3dvikingsstore.com\/pl\/"},{"@type":"ListItem","position":2,"name":"Shop","item":"https:\/\/3dvikingsstore.com\/shop\/"},{"@type":"ListItem","position":3,"name":"Kamienna Zrujnowana Plac\u00f3wka: Ruiny Fantasy 28mm do Epickich Przyg\u00f3d"}]},{"@type":"WebSite","@id":"https:\/\/3dvikingsstore.com\/pl\/#website","url":"https:\/\/3dvikingsstore.com\/pl\/","name":"3D Vikings Store","description":"Dekoracje i Akcesoria do Gier Planszowych i Sto\u0142owych","publisher":{"@id":"https:\/\/3dvikingsstore.com\/pl\/#organization"},"potentialAction":[{"@type":"SearchAction","target":{"@type":"EntryPoint","urlTemplate":"https:\/\/3dvikingsstore.com\/pl\/?s={search_term_string}"},"query-input":"required name=search_term_string"}],"inLanguage":"pl-PL"},{"@type":"Organization","@id":"https:\/\/3dvikingsstore.com\/pl\/#organization","name":"3D Vikings Store","url":"https:\/\/3dvikingsstore.com\/pl\/","logo":{"@type":"ImageObject","inLanguage":"pl-PL","@id":"https:\/\/3dvikingsstore.com\/pl\/#\/schema\/logo\/image\/","url":"https:\/\/3dvikingsstore.com\/wp-content\/uploads\/2020\/03\/3dvikings-logo-karge-white.jpg","contentUrl":"https:\/\/3dvikingsstore.com\/wp-content\/uploads\/2020\/03\/3dvikings-logo-karge-white.jpg","width":800,"height":800,"caption":"3D Vikings Store"},"image":{"@id":"https:\/\/3dvikingsstore.com\/pl\/#\/schema\/logo\/image\/"}}]}},"_links":{"self":[{"href":"https:\/\/3dvikingsstore.com\/pl\/wp-json\/wp\/v2\/product\/18572"}],"collection":[{"href":"https:\/\/3dvikingsstore.com\/pl\/wp-json\/wp\/v2\/product"}],"about":[{"href":"https:\/\/3dvikingsstore.com\/pl\/wp-json\/wp\/v2\/types\/product"}],"replies":[{"embeddable":true,"href":"https:\/\/3dvikingsstore.com\/pl\/wp-json\/wp\/v2\/comments?post=18572"}],"version-history":[{"count":0,"href":"https:\/\/3dvikingsstore.com\/pl\/wp-json\/wp\/v2\/product\/18572\/revisions"}],"wp:featuredmedia":[{"embeddable":true,"href":"https:\/\/3dvikingsstore.com\/pl\/wp-json\/wp\/v2\/media\/18573"}],"wp:attachment":[{"href":"https:\/\/3dvikingsstore.com\/pl\/wp-json\/wp\/v2\/media?parent=18572"}],"wp:term":[{"taxonomy":"product_cat","embeddable":true,"href":"https:\/\/3dvikingsstore.com\/pl\/wp-json\/wp\/v2\/product_cat?post=18572"},{"taxonomy":"product_tag","embeddable":true,"href":"https:\/\/3dvikingsstore.com\/pl\/wp-json\/wp\/v2\/product_tag?post=18572"}],"curies":[{"name":"wp","href":"https:\/\/api.w.org\/{rel}","templated":true}]}}