{"id":18557,"date":"2024-02-13T19:33:06","date_gmt":"2024-02-13T17:33:06","guid":{"rendered":"https:\/\/3dvikingsstore.com\/shop\/teren-przemyslowy-z-rozsypanym-gruzem-wciagajace-pola-bitew-warhammera-40k-28-mm\/"},"modified":"2024-02-13T19:33:06","modified_gmt":"2024-02-13T17:33:06","slug":"teren-przemyslowy-z-rozsypanym-gruzem-wciagajace-pola-bitew-warhammera-40k-28-mm","status":"publish","type":"product","link":"https:\/\/3dvikingsstore.com\/pl\/shop\/teren-przemyslowy-z-rozsypanym-gruzem-wciagajace-pola-bitew-warhammera-40k-28-mm\/","title":{"rendered":"Teren przemys\u0142owy z rozsypanym gruzem: Wci\u0105gaj\u0105ce pola bitew Warhammera 40k (28 mm)"},"content":{"rendered":"<p>W\u015br\u00f3d nieko\u0144cz\u0105cych si\u0119 wojen 41. tysi\u0105clecia, nawet najpot\u0119\u017cniejsze o\u015brodki przemys\u0142owe rozpadaj\u0105 si\u0119&#8230; tworz\u0105c idealne tereny \u0142up\u00f3w dla ka\u017cdego szanuj\u0105cego si\u0119 Orka Waaagh! Ten ogromny, 16-cz\u0119\u015bciowy zestaw terenu do gry Warhammer 40k przenosi ha\u0142dy z\u0142omu, zniszczone chodniki i przewr\u00f3cone machiny wojenne prosto na blat sto\u0142u. To ca\u0142e pole bitwy, kt\u00f3re tylko czeka, by sta\u0107 si\u0119 placem zabaw Ork\u00f3w! Ka\u017cdy kawa\u0142ek metalu to historia upad\u0142ego przemys\u0142u &#8211; ale co wa\u017cniejsze, to potencjalny \u0142up, materia\u0142 budowlany i z\u0142om do rozstrzygania spor\u00f3w w stary dobry spos\u00f3b.<\/p>\n<p><strong>Cechy: Bloki konstrukcyjne dla intensywnej rozgrywki, dramatyczna grafika i fantastyczny z\u0142om Ork\u00f3w<\/strong><\/p>\n<ul>\n<li><strong>Stworzony dla Grim-Dark i da Boyz:<\/strong> Ka\u017cda skr\u0119cona belka i zgnieciona maszyna krzyczy Warhammer 40k&#8230; i niesko\u0144czone mo\u017cliwo\u015bci \u0142up\u00f3w! Wyobra\u017a sobie Groty wbijaj\u0105ce si\u0119 w roztrzaskane \u015bciany, Flash Gitz zamieniaj\u0105ce gruz w os\u0142on\u0119 dla swoich strza\u0142\u00f3w lub najwi\u0119kszego Mekboya u\u017cywaj\u0105cego go do majstrowania czego\u015b wyj\u0105tkowo zab\u00f3jczego i wybuchowego.<\/li>\n<li><strong>Rozbud\u017a swoj\u0105 wyobra\u017ani\u0119:<\/strong> Te ruiny pola bitwy to nie tylko sceneria! U\u017cyj ich, aby skierowa\u0107 szar\u017cuj\u0105cych Slugga Boyz do prawdziwej bijatyki, stw\u00f3rz prowizoryczne forty i platformy z najwi\u0119kszych kawa\u0142k\u00f3w lub po prostu zaznacz, gdzie ukrywaj\u0105 si\u0119 wszystkie teefy, aby brutalnie walczy\u0107 po bitwie.<\/li>\n<li><strong>Idealny plac zabaw dla ka\u017cdego zielonosk\u00f3rego:<\/strong> Zaprojektowany z my\u015bl\u0105 o twoich 28-milimetrowych ch\u0142opcach, niezale\u017cnie od tego, czy s\u0105 to piesze Nobz, p\u0119dz\u0105ce Trucki potrzebuj\u0105ce os\u0142ony, g\u0142odne z\u0142omu Groty czy Stompy, kt\u00f3re chc\u0105 rozwali\u0107 wi\u0119cej \u015bmieci ni\u017c cokolwiek innego na polu bitwy.<\/li>\n<li><strong>Przyjazne pole bitwy:<\/strong> Do stworzenia tych gotowych do bitwy ruin u\u017cyli\u015bmy najlepszych surowc\u00f3w wt\u00f3rnych, jakie uda\u0142o nam si\u0119 znale\u017a\u0107 (prawdopodobnie odzyskanych z jakich\u015b marnych ludzkich czo\u0142g\u00f3w). Mniej budowania, wi\u0119cej walki!<\/li>\n<li><strong>Gotowy na Da Mek Workshop:<\/strong> Ka\u017cdy element jest niepomalowany i czeka, a\u017c poka\u017cesz mu prawdziwe zniszczenia! Rdza, \u0142upy, blizny bitewne, orkowe graffiti&#8230; jedynym ograniczeniem jest zapas farby i to, jak brutalnie chcesz wygl\u0105da\u0107.<\/li>\n<\/ul>\n<p><strong>Wykuj swoj\u0105 z\u0142omow\u0105 wojn\u0119 z orkami! Zam\u00f3w zestaw gruzu przemys\u0142owego ju\u017c dzi\u015b!<\/strong><\/p>\n<p><strong>Dodatkowa wskaz\u00f3wka dotycz\u0105ca personalizacji:<\/strong> To ju\u017c jest z\u0142om nadaj\u0105cy si\u0119 na proppa Waaagh, ale nie poprzestawaj na tym! Dorzu\u0107 dodatkowe glify, zgarnij troch\u0119 zapasowych broni i bit\u00f3w na stosy \u0142up\u00f3w, a mo\u017ce grot lub dwa utkn\u0119\u0142y pod czym\u015b, czego nigdy nie powinny dotyka\u0107. Poniewa\u017c wszyscy wiemy, \u017ce nie ma czego\u015b takiego jak za du\u017co z\u0142omu dla Ork\u00f3w!<\/p>\n","protected":false},"excerpt":{"rendered":"<p>W\u015br\u00f3d nieko\u0144cz\u0105cych si\u0119 wojen 41. tysi\u0105clecia, nawet najpot\u0119\u017cniejsze o\u015brodki przemys\u0142owe rozpadaj\u0105 si\u0119&#8230; tworz\u0105c idealne tereny \u0142up\u00f3w dla ka\u017cdego szanuj\u0105cego si\u0119 Orka Waaagh! Ten ogromny, 16-cz\u0119\u015bciowy zestaw terenu do gry Warhammer 40k przenosi ha\u0142dy z\u0142omu, zniszczone chodniki i przewr\u00f3cone machiny wojenne prosto na blat sto\u0142u. To ca\u0142e pole bitwy, kt\u00f3re tylko czeka, by sta\u0107 si\u0119 placem zabaw Ork\u00f3w! Ka\u017cdy kawa\u0142ek metalu to historia upad\u0142ego przemys\u0142u &#8211; ale co wa\u017cniejsze, to potencjalny \u0142up, materia\u0142 budowlany i z\u0142om do rozstrzygania spor\u00f3w w stary dobry spos\u00f3b.<\/p>\n","protected":false},"featured_media":18558,"comment_status":"open","ping_status":"closed","template":"","meta":[],"product_cat":[3137],"product_tag":[3160,3166,3174,3162,3163,3176,3171,3173,3175,3170,3168,3167,3172,3165,3164,3169,3161],"yoast_head":"<!-- This site is optimized with the Yoast SEO Premium plugin v22.9 (Yoast SEO v22.9) - https:\/\/yoast.com\/wordpress\/plugins\/seo\/ -->\n<title>Gruzowisko przemys\u0142owe: Wci\u0105gaj\u0105cy teren rozproszony w Warhammer 40k<\/title>\n<meta name=\"description\" content=\"Przekszta\u0142\u0107 swoje pole bitwy Warhammer 40k w ponure, mroczne ruiny przemys\u0142owe. Doskona\u0142y teren rozproszony Warhammer 40k do strategicznych walk i brutalnych efekt\u00f3w wizualnych.\" \/>\n<meta name=\"robots\" content=\"index, follow, max-snippet:-1, max-image-preview:large, max-video-preview:-1\" \/>\n<link rel=\"canonical\" href=\"https:\/\/3dvikingsstore.com\/pl\/shop\/teren-przemyslowy-z-rozsypanym-gruzem-wciagajace-pola-bitew-warhammera-40k-28-mm\/\" \/>\n<meta property=\"og:locale\" content=\"pl_PL\" \/>\n<meta property=\"og:type\" content=\"article\" \/>\n<meta property=\"og:title\" content=\"Teren przemys\u0142owy z rozsypanym gruzem: Wci\u0105gaj\u0105ce pola bitew Warhammera 40k (28 mm)\" \/>\n<meta property=\"og:description\" content=\"Przekszta\u0142\u0107 swoje pole bitwy Warhammer 40k w ponure, mroczne ruiny przemys\u0142owe. Doskona\u0142y teren rozproszony Warhammer 40k do strategicznych walk i brutalnych efekt\u00f3w wizualnych.\" \/>\n<meta property=\"og:url\" content=\"https:\/\/3dvikingsstore.com\/pl\/shop\/teren-przemyslowy-z-rozsypanym-gruzem-wciagajace-pola-bitew-warhammera-40k-28-mm\/\" \/>\n<meta property=\"og:site_name\" content=\"3D Vikings Store\" \/>\n<meta property=\"og:image\" content=\"https:\/\/3dvikingsstore.com\/wp-content\/uploads\/2024\/01\/DSC_6912-scaled.jpg\" \/>\n\t<meta property=\"og:image:width\" content=\"2560\" \/>\n\t<meta property=\"og:image:height\" content=\"2560\" \/>\n\t<meta property=\"og:image:type\" content=\"image\/jpeg\" \/>\n<meta name=\"twitter:card\" content=\"summary_large_image\" \/>\n<meta name=\"twitter:label1\" content=\"Szacowany czas czytania\" \/>\n\t<meta name=\"twitter:data1\" content=\"2 minuty\" \/>\n<script type=\"application\/ld+json\" class=\"yoast-schema-graph\">{\"@context\":\"https:\/\/schema.org\",\"@graph\":[{\"@type\":[\"WebPage\",\"ItemPage\"],\"@id\":\"https:\/\/3dvikingsstore.com\/pl\/shop\/teren-przemyslowy-z-rozsypanym-gruzem-wciagajace-pola-bitew-warhammera-40k-28-mm\/\",\"url\":\"https:\/\/3dvikingsstore.com\/pl\/shop\/teren-przemyslowy-z-rozsypanym-gruzem-wciagajace-pola-bitew-warhammera-40k-28-mm\/\",\"name\":\"Gruzowisko przemys\u0142owe: Wci\u0105gaj\u0105cy teren rozproszony w Warhammer 40k\",\"isPartOf\":{\"@id\":\"https:\/\/3dvikingsstore.com\/pl\/#website\"},\"primaryImageOfPage\":{\"@id\":\"https:\/\/3dvikingsstore.com\/pl\/shop\/teren-przemyslowy-z-rozsypanym-gruzem-wciagajace-pola-bitew-warhammera-40k-28-mm\/#primaryimage\"},\"image\":{\"@id\":\"https:\/\/3dvikingsstore.com\/pl\/shop\/teren-przemyslowy-z-rozsypanym-gruzem-wciagajace-pola-bitew-warhammera-40k-28-mm\/#primaryimage\"},\"thumbnailUrl\":\"https:\/\/3dvikingsstore.com\/wp-content\/uploads\/2024\/01\/DSC_6912-scaled.jpg\",\"datePublished\":\"2024-02-13T17:33:06+00:00\",\"dateModified\":\"2024-02-13T17:33:06+00:00\",\"description\":\"Przekszta\u0142\u0107 swoje pole bitwy Warhammer 40k w ponure, mroczne ruiny przemys\u0142owe. Doskona\u0142y teren rozproszony Warhammer 40k do strategicznych walk i brutalnych efekt\u00f3w wizualnych.\",\"breadcrumb\":{\"@id\":\"https:\/\/3dvikingsstore.com\/pl\/shop\/teren-przemyslowy-z-rozsypanym-gruzem-wciagajace-pola-bitew-warhammera-40k-28-mm\/#breadcrumb\"},\"inLanguage\":\"pl-PL\",\"potentialAction\":[{\"@type\":\"ReadAction\",\"target\":[\"https:\/\/3dvikingsstore.com\/pl\/shop\/teren-przemyslowy-z-rozsypanym-gruzem-wciagajace-pola-bitew-warhammera-40k-28-mm\/\"]}]},{\"@type\":\"ImageObject\",\"inLanguage\":\"pl-PL\",\"@id\":\"https:\/\/3dvikingsstore.com\/pl\/shop\/teren-przemyslowy-z-rozsypanym-gruzem-wciagajace-pola-bitew-warhammera-40k-28-mm\/#primaryimage\",\"url\":\"https:\/\/3dvikingsstore.com\/wp-content\/uploads\/2024\/01\/DSC_6912-scaled.jpg\",\"contentUrl\":\"https:\/\/3dvikingsstore.com\/wp-content\/uploads\/2024\/01\/DSC_6912-scaled.jpg\",\"width\":2560,\"height\":2560},{\"@type\":\"BreadcrumbList\",\"@id\":\"https:\/\/3dvikingsstore.com\/pl\/shop\/teren-przemyslowy-z-rozsypanym-gruzem-wciagajace-pola-bitew-warhammera-40k-28-mm\/#breadcrumb\",\"itemListElement\":[{\"@type\":\"ListItem\",\"position\":1,\"name\":\"Home\",\"item\":\"https:\/\/3dvikingsstore.com\/pl\/\"},{\"@type\":\"ListItem\",\"position\":2,\"name\":\"Shop\",\"item\":\"https:\/\/3dvikingsstore.com\/shop\/\"},{\"@type\":\"ListItem\",\"position\":3,\"name\":\"Teren przemys\u0142owy z rozsypanym gruzem: Wci\u0105gaj\u0105ce pola bitew Warhammera 40k (28 mm)\"}]},{\"@type\":\"WebSite\",\"@id\":\"https:\/\/3dvikingsstore.com\/pl\/#website\",\"url\":\"https:\/\/3dvikingsstore.com\/pl\/\",\"name\":\"3D Vikings Store\",\"description\":\"Dekoracje i Akcesoria do Gier Planszowych i Sto\u0142owych\",\"publisher\":{\"@id\":\"https:\/\/3dvikingsstore.com\/pl\/#organization\"},\"potentialAction\":[{\"@type\":\"SearchAction\",\"target\":{\"@type\":\"EntryPoint\",\"urlTemplate\":\"https:\/\/3dvikingsstore.com\/pl\/?s={search_term_string}\"},\"query-input\":\"required name=search_term_string\"}],\"inLanguage\":\"pl-PL\"},{\"@type\":\"Organization\",\"@id\":\"https:\/\/3dvikingsstore.com\/pl\/#organization\",\"name\":\"3D Vikings Store\",\"url\":\"https:\/\/3dvikingsstore.com\/pl\/\",\"logo\":{\"@type\":\"ImageObject\",\"inLanguage\":\"pl-PL\",\"@id\":\"https:\/\/3dvikingsstore.com\/pl\/#\/schema\/logo\/image\/\",\"url\":\"https:\/\/3dvikingsstore.com\/wp-content\/uploads\/2020\/03\/3dvikings-logo-karge-white.jpg\",\"contentUrl\":\"https:\/\/3dvikingsstore.com\/wp-content\/uploads\/2020\/03\/3dvikings-logo-karge-white.jpg\",\"width\":800,\"height\":800,\"caption\":\"3D Vikings Store\"},\"image\":{\"@id\":\"https:\/\/3dvikingsstore.com\/pl\/#\/schema\/logo\/image\/\"}}]}<\/script>\n<!-- \/ Yoast SEO Premium plugin. -->","yoast_head_json":{"title":"Gruzowisko przemys\u0142owe: Wci\u0105gaj\u0105cy teren rozproszony w Warhammer 40k","description":"Przekszta\u0142\u0107 swoje pole bitwy Warhammer 40k w ponure, mroczne ruiny przemys\u0142owe. Doskona\u0142y teren rozproszony Warhammer 40k do strategicznych walk i brutalnych efekt\u00f3w wizualnych.","robots":{"index":"index","follow":"follow","max-snippet":"max-snippet:-1","max-image-preview":"max-image-preview:large","max-video-preview":"max-video-preview:-1"},"canonical":"https:\/\/3dvikingsstore.com\/pl\/shop\/teren-przemyslowy-z-rozsypanym-gruzem-wciagajace-pola-bitew-warhammera-40k-28-mm\/","og_locale":"pl_PL","og_type":"article","og_title":"Teren przemys\u0142owy z rozsypanym gruzem: Wci\u0105gaj\u0105ce pola bitew Warhammera 40k (28 mm)","og_description":"Przekszta\u0142\u0107 swoje pole bitwy Warhammer 40k w ponure, mroczne ruiny przemys\u0142owe. Doskona\u0142y teren rozproszony Warhammer 40k do strategicznych walk i brutalnych efekt\u00f3w wizualnych.","og_url":"https:\/\/3dvikingsstore.com\/pl\/shop\/teren-przemyslowy-z-rozsypanym-gruzem-wciagajace-pola-bitew-warhammera-40k-28-mm\/","og_site_name":"3D Vikings Store","og_image":[{"width":2560,"height":2560,"url":"https:\/\/3dvikingsstore.com\/wp-content\/uploads\/2024\/01\/DSC_6912-scaled.jpg","type":"image\/jpeg"}],"twitter_card":"summary_large_image","twitter_misc":{"Szacowany czas czytania":"2 minuty"},"schema":{"@context":"https:\/\/schema.org","@graph":[{"@type":["WebPage","ItemPage"],"@id":"https:\/\/3dvikingsstore.com\/pl\/shop\/teren-przemyslowy-z-rozsypanym-gruzem-wciagajace-pola-bitew-warhammera-40k-28-mm\/","url":"https:\/\/3dvikingsstore.com\/pl\/shop\/teren-przemyslowy-z-rozsypanym-gruzem-wciagajace-pola-bitew-warhammera-40k-28-mm\/","name":"Gruzowisko przemys\u0142owe: Wci\u0105gaj\u0105cy teren rozproszony w Warhammer 40k","isPartOf":{"@id":"https:\/\/3dvikingsstore.com\/pl\/#website"},"primaryImageOfPage":{"@id":"https:\/\/3dvikingsstore.com\/pl\/shop\/teren-przemyslowy-z-rozsypanym-gruzem-wciagajace-pola-bitew-warhammera-40k-28-mm\/#primaryimage"},"image":{"@id":"https:\/\/3dvikingsstore.com\/pl\/shop\/teren-przemyslowy-z-rozsypanym-gruzem-wciagajace-pola-bitew-warhammera-40k-28-mm\/#primaryimage"},"thumbnailUrl":"https:\/\/3dvikingsstore.com\/wp-content\/uploads\/2024\/01\/DSC_6912-scaled.jpg","datePublished":"2024-02-13T17:33:06+00:00","dateModified":"2024-02-13T17:33:06+00:00","description":"Przekszta\u0142\u0107 swoje pole bitwy Warhammer 40k w ponure, mroczne ruiny przemys\u0142owe. Doskona\u0142y teren rozproszony Warhammer 40k do strategicznych walk i brutalnych efekt\u00f3w wizualnych.","breadcrumb":{"@id":"https:\/\/3dvikingsstore.com\/pl\/shop\/teren-przemyslowy-z-rozsypanym-gruzem-wciagajace-pola-bitew-warhammera-40k-28-mm\/#breadcrumb"},"inLanguage":"pl-PL","potentialAction":[{"@type":"ReadAction","target":["https:\/\/3dvikingsstore.com\/pl\/shop\/teren-przemyslowy-z-rozsypanym-gruzem-wciagajace-pola-bitew-warhammera-40k-28-mm\/"]}]},{"@type":"ImageObject","inLanguage":"pl-PL","@id":"https:\/\/3dvikingsstore.com\/pl\/shop\/teren-przemyslowy-z-rozsypanym-gruzem-wciagajace-pola-bitew-warhammera-40k-28-mm\/#primaryimage","url":"https:\/\/3dvikingsstore.com\/wp-content\/uploads\/2024\/01\/DSC_6912-scaled.jpg","contentUrl":"https:\/\/3dvikingsstore.com\/wp-content\/uploads\/2024\/01\/DSC_6912-scaled.jpg","width":2560,"height":2560},{"@type":"BreadcrumbList","@id":"https:\/\/3dvikingsstore.com\/pl\/shop\/teren-przemyslowy-z-rozsypanym-gruzem-wciagajace-pola-bitew-warhammera-40k-28-mm\/#breadcrumb","itemListElement":[{"@type":"ListItem","position":1,"name":"Home","item":"https:\/\/3dvikingsstore.com\/pl\/"},{"@type":"ListItem","position":2,"name":"Shop","item":"https:\/\/3dvikingsstore.com\/shop\/"},{"@type":"ListItem","position":3,"name":"Teren przemys\u0142owy z rozsypanym gruzem: Wci\u0105gaj\u0105ce pola bitew Warhammera 40k (28 mm)"}]},{"@type":"WebSite","@id":"https:\/\/3dvikingsstore.com\/pl\/#website","url":"https:\/\/3dvikingsstore.com\/pl\/","name":"3D Vikings Store","description":"Dekoracje i Akcesoria do Gier Planszowych i Sto\u0142owych","publisher":{"@id":"https:\/\/3dvikingsstore.com\/pl\/#organization"},"potentialAction":[{"@type":"SearchAction","target":{"@type":"EntryPoint","urlTemplate":"https:\/\/3dvikingsstore.com\/pl\/?s={search_term_string}"},"query-input":"required name=search_term_string"}],"inLanguage":"pl-PL"},{"@type":"Organization","@id":"https:\/\/3dvikingsstore.com\/pl\/#organization","name":"3D Vikings Store","url":"https:\/\/3dvikingsstore.com\/pl\/","logo":{"@type":"ImageObject","inLanguage":"pl-PL","@id":"https:\/\/3dvikingsstore.com\/pl\/#\/schema\/logo\/image\/","url":"https:\/\/3dvikingsstore.com\/wp-content\/uploads\/2020\/03\/3dvikings-logo-karge-white.jpg","contentUrl":"https:\/\/3dvikingsstore.com\/wp-content\/uploads\/2020\/03\/3dvikings-logo-karge-white.jpg","width":800,"height":800,"caption":"3D Vikings Store"},"image":{"@id":"https:\/\/3dvikingsstore.com\/pl\/#\/schema\/logo\/image\/"}}]}},"_links":{"self":[{"href":"https:\/\/3dvikingsstore.com\/pl\/wp-json\/wp\/v2\/product\/18557"}],"collection":[{"href":"https:\/\/3dvikingsstore.com\/pl\/wp-json\/wp\/v2\/product"}],"about":[{"href":"https:\/\/3dvikingsstore.com\/pl\/wp-json\/wp\/v2\/types\/product"}],"replies":[{"embeddable":true,"href":"https:\/\/3dvikingsstore.com\/pl\/wp-json\/wp\/v2\/comments?post=18557"}],"version-history":[{"count":0,"href":"https:\/\/3dvikingsstore.com\/pl\/wp-json\/wp\/v2\/product\/18557\/revisions"}],"wp:featuredmedia":[{"embeddable":true,"href":"https:\/\/3dvikingsstore.com\/pl\/wp-json\/wp\/v2\/media\/18558"}],"wp:attachment":[{"href":"https:\/\/3dvikingsstore.com\/pl\/wp-json\/wp\/v2\/media?parent=18557"}],"wp:term":[{"taxonomy":"product_cat","embeddable":true,"href":"https:\/\/3dvikingsstore.com\/pl\/wp-json\/wp\/v2\/product_cat?post=18557"},{"taxonomy":"product_tag","embeddable":true,"href":"https:\/\/3dvikingsstore.com\/pl\/wp-json\/wp\/v2\/product_tag?post=18557"}],"curies":[{"name":"wp","href":"https:\/\/api.w.org\/{rel}","templated":true}]}}