{"id":18552,"date":"2024-02-13T21:29:35","date_gmt":"2024-02-13T19:29:35","guid":{"rendered":"https:\/\/3dvikingsstore.com\/shop\/zestaw-przeszkod-shanty-buduj-brutalne-krajobrazy-bitewne-dla-swoich-miniatur\/"},"modified":"2024-02-13T21:29:35","modified_gmt":"2024-02-13T19:29:35","slug":"zestaw-przeszkod-shanty-buduj-brutalne-krajobrazy-bitewne-dla-swoich-miniatur","status":"publish","type":"product","link":"https:\/\/3dvikingsstore.com\/pl\/shop\/zestaw-przeszkod-shanty-buduj-brutalne-krajobrazy-bitewne-dla-swoich-miniatur\/","title":{"rendered":"Zestaw przeszk\u00f3d Shanty: Buduj brutalne krajobrazy bitewne dla swoich miniatur"},"content":{"rendered":"<p>Rozleg\u0142e podziemia imperi\u00f3w t\u0119tni\u0105 \u017cyciem&#8230; i konfliktami. Niezale\u017cnie od tego, czy jest to zdesperowane schronienie padlino\u017cerc\u00f3w w upad\u0142ym mie\u015bcie-roju, czy te\u017c ufortyfikowane wraki zaj\u0119te przez brutalne gangi, ten 7-cz\u0119\u015bciowy zestaw przeszk\u00f3d szantowych przenosi te zdesperowane, prowizoryczne konstrukcje na blat sto\u0142u.<\/p>\n<p><strong>Stworzony dla wojownik\u00f3w 28 mm<\/strong><\/p>\n<p>Ka\u017cdy drobiazgowo szczeg\u00f3\u0142owy element zanurza twoje 28-milimetrowe figurki w \u015bwiecie brutalnego przetrwania. Zestaw ten przekszta\u0142ca sterylne pola bitew w zwalczane ha\u0142dy z\u0142omu i niszczej\u0105ce rudery. Wyobra\u017a sobie zahartowanych weteran\u00f3w szukaj\u0105cych schronienia w\u015br\u00f3d rdzewiej\u0105cych beczek z paliwem, infiltrator\u00f3w wspinaj\u0105cych si\u0119 na prowizoryczne wie\u017ce stra\u017cnicze lub potwornych wrog\u00f3w przebijaj\u0105cych si\u0119 przez s\u0142abe mury sza\u0142as\u00f3w.<\/p>\n<p><strong>Trwa\u0142o\u015b\u0107 dla intensywnych kampanii<\/strong><\/p>\n<p>Zbudowane z wytrzyma\u0142ego PLA, te przeszkody s\u0105 odporne na chaos kampanii. Niezale\u017cnie od tego, czy jest to rozleg\u0142e slumsowisko, czy ciasna strefa przemys\u0142owa, ka\u017cda zwietrza\u0142a powierzchnia i wgnieciona gr\u00f3d\u017a wytrzymuje akcj\u0119, gotowa do nap\u0119dzania niezliczonych narracji.<\/p>\n<p><strong>Pomaluj sw\u00f3j krajobraz pustkowi<\/strong><\/p>\n<p>Te konstrukcje szantowe s\u0105 dostarczane niepomalowane &#8211; puste p\u0142\u00f3tno dla Twojej kreatywno\u015bci. Czy wtopi\u0105 si\u0119 w toksyczne pustkowia, b\u0119d\u0105 nosi\u0107 blizny po wojnie gang\u00f3w lub b\u0142yszcze\u0107 skradzion\u0105 imperialn\u0105 technologi\u0105? To Twoja historia, kt\u00f3r\u0105 opowiesz ka\u017cdym poci\u0105gni\u0119ciem p\u0119dzla.<\/p>\n<p><strong>Gotowy do bitwy po wyj\u0119ciu z pude\u0142ka<\/strong><\/p>\n<p>Uwolnij swoje si\u0142y natychmiast &#8211; brak monta\u017cu oznacza, \u017ce uwaga pozostaje tam, gdzie powinna &#8211; na walce o przetrwanie! Dodaj g\u0142\u0119bi desperackim strzelaninom, stw\u00f3rz w\u0105skie gard\u0142a do brutalnych star\u0107 wr\u0119cz lub utkaj g\u0119sty labirynt prowizorycznych schronie\u0144 w misjach opartych na skradaniu.<\/p>\n<p><strong>Rozszerz swoje pole bitwy ju\u017c dzi\u015b!<\/strong><\/p>\n<p><strong>Idealny dla:<\/strong><\/p>\n<ul>\n<li>Sto\u0142owe gry RPG (sci-fi, postapokaliptyczne, cyberpunk, grimdark fantasy)<\/li>\n<li>Gry wojenne (Warhammer 40K, Necromunda, Infinity, Kill Team itp.)<\/li>\n<li>Entuzja\u015bci budowania dioram\/teren\u00f3w poszukuj\u0105cy industrialnego rozk\u0142adu<\/li>\n<\/ul>\n<p><strong>Stw\u00f3rz niezapomnian\u0105, szorstk\u0105 narracj\u0119 &#8211; niech ta szanta stanie si\u0119 t\u0142em dla kolejnego konfliktu na stole!<\/strong><\/p>\n","protected":false},"excerpt":{"rendered":"<p>Rozleg\u0142e podziemia imperi\u00f3w t\u0119tni\u0105 \u017cyciem&#8230; i konfliktami. Niezale\u017cnie od tego, czy jest to zdesperowana przysta\u0144 padlino\u017cerc\u00f3w w upad\u0142ym mie\u015bcie-roju, czy te\u017c ufortyfikowane wraki zaj\u0119te przez brutalne gangi, ten 7-cz\u0119\u015bciowy zestaw przeszk\u00f3d szantowych przenosi te zdesperowane, prowizoryczne konstrukcje na blat sto\u0142u.<\/p>\n","protected":false},"featured_media":18553,"comment_status":"open","ping_status":"closed","template":"","meta":[],"product_cat":[3137],"product_tag":[3160,3166,3174,3162,3163,3176,3171,3173,3175,3170,3168,3167,3172,3165,3164,3169,3161],"yoast_head":"<!-- This site is optimized with the Yoast SEO Premium plugin v22.9 (Yoast SEO v22.9) - https:\/\/yoast.com\/wordpress\/plugins\/seo\/ -->\n<title>Zestaw przeszk\u00f3d Shanty: Buduj brutalne krajobrazy bitewne dla swoich miniatur<\/title>\n<meta name=\"description\" content=\"Zestaw przeszk\u00f3d w szantach przemys\u0142owych do scenerii RPG i terenu do gier wojennych. Idealny do miniatur 28 mm. Mo\u017cliwo\u015b\u0107 dostosowania, trwa\u0142o\u015b\u0107, ponura estetyka.\" \/>\n<meta name=\"robots\" content=\"index, follow, max-snippet:-1, max-image-preview:large, max-video-preview:-1\" \/>\n<link rel=\"canonical\" href=\"https:\/\/3dvikingsstore.com\/pl\/shop\/zestaw-przeszkod-shanty-buduj-brutalne-krajobrazy-bitewne-dla-swoich-miniatur\/\" \/>\n<meta property=\"og:locale\" content=\"pl_PL\" \/>\n<meta property=\"og:type\" content=\"article\" \/>\n<meta property=\"og:title\" content=\"Zestaw przeszk\u00f3d Shanty: Buduj brutalne krajobrazy bitewne dla swoich miniatur\" \/>\n<meta property=\"og:description\" content=\"Zestaw przeszk\u00f3d w szantach przemys\u0142owych do scenerii RPG i terenu do gier wojennych. Idealny do miniatur 28 mm. Mo\u017cliwo\u015b\u0107 dostosowania, trwa\u0142o\u015b\u0107, ponura estetyka.\" \/>\n<meta property=\"og:url\" content=\"https:\/\/3dvikingsstore.com\/pl\/shop\/zestaw-przeszkod-shanty-buduj-brutalne-krajobrazy-bitewne-dla-swoich-miniatur\/\" \/>\n<meta property=\"og:site_name\" content=\"3D Vikings Store\" \/>\n<meta property=\"og:image\" content=\"https:\/\/3dvikingsstore.com\/wp-content\/uploads\/2024\/02\/Shanty-obstacles-1024x768.png\" \/>\n\t<meta property=\"og:image:width\" content=\"1024\" \/>\n\t<meta property=\"og:image:height\" content=\"768\" \/>\n\t<meta property=\"og:image:type\" content=\"image\/png\" \/>\n<meta name=\"twitter:card\" content=\"summary_large_image\" \/>\n<meta name=\"twitter:label1\" content=\"Szacowany czas czytania\" \/>\n\t<meta name=\"twitter:data1\" content=\"2 minuty\" \/>\n<script type=\"application\/ld+json\" class=\"yoast-schema-graph\">{\"@context\":\"https:\/\/schema.org\",\"@graph\":[{\"@type\":[\"WebPage\",\"ItemPage\"],\"@id\":\"https:\/\/3dvikingsstore.com\/pl\/shop\/zestaw-przeszkod-shanty-buduj-brutalne-krajobrazy-bitewne-dla-swoich-miniatur\/\",\"url\":\"https:\/\/3dvikingsstore.com\/pl\/shop\/zestaw-przeszkod-shanty-buduj-brutalne-krajobrazy-bitewne-dla-swoich-miniatur\/\",\"name\":\"Zestaw przeszk\u00f3d Shanty: Buduj brutalne krajobrazy bitewne dla swoich miniatur\",\"isPartOf\":{\"@id\":\"https:\/\/3dvikingsstore.com\/pl\/#website\"},\"primaryImageOfPage\":{\"@id\":\"https:\/\/3dvikingsstore.com\/pl\/shop\/zestaw-przeszkod-shanty-buduj-brutalne-krajobrazy-bitewne-dla-swoich-miniatur\/#primaryimage\"},\"image\":{\"@id\":\"https:\/\/3dvikingsstore.com\/pl\/shop\/zestaw-przeszkod-shanty-buduj-brutalne-krajobrazy-bitewne-dla-swoich-miniatur\/#primaryimage\"},\"thumbnailUrl\":\"https:\/\/3dvikingsstore.com\/wp-content\/uploads\/2024\/02\/Shanty-obstacles.png\",\"datePublished\":\"2024-02-13T19:29:35+00:00\",\"dateModified\":\"2024-02-13T19:29:35+00:00\",\"description\":\"Zestaw przeszk\u00f3d w szantach przemys\u0142owych do scenerii RPG i terenu do gier wojennych. Idealny do miniatur 28 mm. Mo\u017cliwo\u015b\u0107 dostosowania, trwa\u0142o\u015b\u0107, ponura estetyka.\",\"breadcrumb\":{\"@id\":\"https:\/\/3dvikingsstore.com\/pl\/shop\/zestaw-przeszkod-shanty-buduj-brutalne-krajobrazy-bitewne-dla-swoich-miniatur\/#breadcrumb\"},\"inLanguage\":\"pl-PL\",\"potentialAction\":[{\"@type\":\"ReadAction\",\"target\":[\"https:\/\/3dvikingsstore.com\/pl\/shop\/zestaw-przeszkod-shanty-buduj-brutalne-krajobrazy-bitewne-dla-swoich-miniatur\/\"]}]},{\"@type\":\"ImageObject\",\"inLanguage\":\"pl-PL\",\"@id\":\"https:\/\/3dvikingsstore.com\/pl\/shop\/zestaw-przeszkod-shanty-buduj-brutalne-krajobrazy-bitewne-dla-swoich-miniatur\/#primaryimage\",\"url\":\"https:\/\/3dvikingsstore.com\/wp-content\/uploads\/2024\/02\/Shanty-obstacles.png\",\"contentUrl\":\"https:\/\/3dvikingsstore.com\/wp-content\/uploads\/2024\/02\/Shanty-obstacles.png\",\"width\":3132,\"height\":2349},{\"@type\":\"BreadcrumbList\",\"@id\":\"https:\/\/3dvikingsstore.com\/pl\/shop\/zestaw-przeszkod-shanty-buduj-brutalne-krajobrazy-bitewne-dla-swoich-miniatur\/#breadcrumb\",\"itemListElement\":[{\"@type\":\"ListItem\",\"position\":1,\"name\":\"Home\",\"item\":\"https:\/\/3dvikingsstore.com\/pl\/\"},{\"@type\":\"ListItem\",\"position\":2,\"name\":\"Shop\",\"item\":\"https:\/\/3dvikingsstore.com\/shop\/\"},{\"@type\":\"ListItem\",\"position\":3,\"name\":\"Zestaw przeszk\u00f3d Shanty: Buduj brutalne krajobrazy bitewne dla swoich miniatur\"}]},{\"@type\":\"WebSite\",\"@id\":\"https:\/\/3dvikingsstore.com\/pl\/#website\",\"url\":\"https:\/\/3dvikingsstore.com\/pl\/\",\"name\":\"3D Vikings Store\",\"description\":\"Dekoracje i Akcesoria do Gier Planszowych i Sto\u0142owych\",\"publisher\":{\"@id\":\"https:\/\/3dvikingsstore.com\/pl\/#organization\"},\"potentialAction\":[{\"@type\":\"SearchAction\",\"target\":{\"@type\":\"EntryPoint\",\"urlTemplate\":\"https:\/\/3dvikingsstore.com\/pl\/?s={search_term_string}\"},\"query-input\":\"required name=search_term_string\"}],\"inLanguage\":\"pl-PL\"},{\"@type\":\"Organization\",\"@id\":\"https:\/\/3dvikingsstore.com\/pl\/#organization\",\"name\":\"3D Vikings Store\",\"url\":\"https:\/\/3dvikingsstore.com\/pl\/\",\"logo\":{\"@type\":\"ImageObject\",\"inLanguage\":\"pl-PL\",\"@id\":\"https:\/\/3dvikingsstore.com\/pl\/#\/schema\/logo\/image\/\",\"url\":\"https:\/\/3dvikingsstore.com\/wp-content\/uploads\/2020\/03\/3dvikings-logo-karge-white.jpg\",\"contentUrl\":\"https:\/\/3dvikingsstore.com\/wp-content\/uploads\/2020\/03\/3dvikings-logo-karge-white.jpg\",\"width\":800,\"height\":800,\"caption\":\"3D Vikings Store\"},\"image\":{\"@id\":\"https:\/\/3dvikingsstore.com\/pl\/#\/schema\/logo\/image\/\"}}]}<\/script>\n<!-- \/ Yoast SEO Premium plugin. -->","yoast_head_json":{"title":"Zestaw przeszk\u00f3d Shanty: Buduj brutalne krajobrazy bitewne dla swoich miniatur","description":"Zestaw przeszk\u00f3d w szantach przemys\u0142owych do scenerii RPG i terenu do gier wojennych. Idealny do miniatur 28 mm. Mo\u017cliwo\u015b\u0107 dostosowania, trwa\u0142o\u015b\u0107, ponura estetyka.","robots":{"index":"index","follow":"follow","max-snippet":"max-snippet:-1","max-image-preview":"max-image-preview:large","max-video-preview":"max-video-preview:-1"},"canonical":"https:\/\/3dvikingsstore.com\/pl\/shop\/zestaw-przeszkod-shanty-buduj-brutalne-krajobrazy-bitewne-dla-swoich-miniatur\/","og_locale":"pl_PL","og_type":"article","og_title":"Zestaw przeszk\u00f3d Shanty: Buduj brutalne krajobrazy bitewne dla swoich miniatur","og_description":"Zestaw przeszk\u00f3d w szantach przemys\u0142owych do scenerii RPG i terenu do gier wojennych. Idealny do miniatur 28 mm. Mo\u017cliwo\u015b\u0107 dostosowania, trwa\u0142o\u015b\u0107, ponura estetyka.","og_url":"https:\/\/3dvikingsstore.com\/pl\/shop\/zestaw-przeszkod-shanty-buduj-brutalne-krajobrazy-bitewne-dla-swoich-miniatur\/","og_site_name":"3D Vikings Store","og_image":[{"width":1024,"height":768,"url":"https:\/\/3dvikingsstore.com\/wp-content\/uploads\/2024\/02\/Shanty-obstacles-1024x768.png","type":"image\/png"}],"twitter_card":"summary_large_image","twitter_misc":{"Szacowany czas czytania":"2 minuty"},"schema":{"@context":"https:\/\/schema.org","@graph":[{"@type":["WebPage","ItemPage"],"@id":"https:\/\/3dvikingsstore.com\/pl\/shop\/zestaw-przeszkod-shanty-buduj-brutalne-krajobrazy-bitewne-dla-swoich-miniatur\/","url":"https:\/\/3dvikingsstore.com\/pl\/shop\/zestaw-przeszkod-shanty-buduj-brutalne-krajobrazy-bitewne-dla-swoich-miniatur\/","name":"Zestaw przeszk\u00f3d Shanty: Buduj brutalne krajobrazy bitewne dla swoich miniatur","isPartOf":{"@id":"https:\/\/3dvikingsstore.com\/pl\/#website"},"primaryImageOfPage":{"@id":"https:\/\/3dvikingsstore.com\/pl\/shop\/zestaw-przeszkod-shanty-buduj-brutalne-krajobrazy-bitewne-dla-swoich-miniatur\/#primaryimage"},"image":{"@id":"https:\/\/3dvikingsstore.com\/pl\/shop\/zestaw-przeszkod-shanty-buduj-brutalne-krajobrazy-bitewne-dla-swoich-miniatur\/#primaryimage"},"thumbnailUrl":"https:\/\/3dvikingsstore.com\/wp-content\/uploads\/2024\/02\/Shanty-obstacles.png","datePublished":"2024-02-13T19:29:35+00:00","dateModified":"2024-02-13T19:29:35+00:00","description":"Zestaw przeszk\u00f3d w szantach przemys\u0142owych do scenerii RPG i terenu do gier wojennych. Idealny do miniatur 28 mm. Mo\u017cliwo\u015b\u0107 dostosowania, trwa\u0142o\u015b\u0107, ponura estetyka.","breadcrumb":{"@id":"https:\/\/3dvikingsstore.com\/pl\/shop\/zestaw-przeszkod-shanty-buduj-brutalne-krajobrazy-bitewne-dla-swoich-miniatur\/#breadcrumb"},"inLanguage":"pl-PL","potentialAction":[{"@type":"ReadAction","target":["https:\/\/3dvikingsstore.com\/pl\/shop\/zestaw-przeszkod-shanty-buduj-brutalne-krajobrazy-bitewne-dla-swoich-miniatur\/"]}]},{"@type":"ImageObject","inLanguage":"pl-PL","@id":"https:\/\/3dvikingsstore.com\/pl\/shop\/zestaw-przeszkod-shanty-buduj-brutalne-krajobrazy-bitewne-dla-swoich-miniatur\/#primaryimage","url":"https:\/\/3dvikingsstore.com\/wp-content\/uploads\/2024\/02\/Shanty-obstacles.png","contentUrl":"https:\/\/3dvikingsstore.com\/wp-content\/uploads\/2024\/02\/Shanty-obstacles.png","width":3132,"height":2349},{"@type":"BreadcrumbList","@id":"https:\/\/3dvikingsstore.com\/pl\/shop\/zestaw-przeszkod-shanty-buduj-brutalne-krajobrazy-bitewne-dla-swoich-miniatur\/#breadcrumb","itemListElement":[{"@type":"ListItem","position":1,"name":"Home","item":"https:\/\/3dvikingsstore.com\/pl\/"},{"@type":"ListItem","position":2,"name":"Shop","item":"https:\/\/3dvikingsstore.com\/shop\/"},{"@type":"ListItem","position":3,"name":"Zestaw przeszk\u00f3d Shanty: Buduj brutalne krajobrazy bitewne dla swoich miniatur"}]},{"@type":"WebSite","@id":"https:\/\/3dvikingsstore.com\/pl\/#website","url":"https:\/\/3dvikingsstore.com\/pl\/","name":"3D Vikings Store","description":"Dekoracje i Akcesoria do Gier Planszowych i Sto\u0142owych","publisher":{"@id":"https:\/\/3dvikingsstore.com\/pl\/#organization"},"potentialAction":[{"@type":"SearchAction","target":{"@type":"EntryPoint","urlTemplate":"https:\/\/3dvikingsstore.com\/pl\/?s={search_term_string}"},"query-input":"required name=search_term_string"}],"inLanguage":"pl-PL"},{"@type":"Organization","@id":"https:\/\/3dvikingsstore.com\/pl\/#organization","name":"3D Vikings Store","url":"https:\/\/3dvikingsstore.com\/pl\/","logo":{"@type":"ImageObject","inLanguage":"pl-PL","@id":"https:\/\/3dvikingsstore.com\/pl\/#\/schema\/logo\/image\/","url":"https:\/\/3dvikingsstore.com\/wp-content\/uploads\/2020\/03\/3dvikings-logo-karge-white.jpg","contentUrl":"https:\/\/3dvikingsstore.com\/wp-content\/uploads\/2020\/03\/3dvikings-logo-karge-white.jpg","width":800,"height":800,"caption":"3D Vikings Store"},"image":{"@id":"https:\/\/3dvikingsstore.com\/pl\/#\/schema\/logo\/image\/"}}]}},"_links":{"self":[{"href":"https:\/\/3dvikingsstore.com\/pl\/wp-json\/wp\/v2\/product\/18552"}],"collection":[{"href":"https:\/\/3dvikingsstore.com\/pl\/wp-json\/wp\/v2\/product"}],"about":[{"href":"https:\/\/3dvikingsstore.com\/pl\/wp-json\/wp\/v2\/types\/product"}],"replies":[{"embeddable":true,"href":"https:\/\/3dvikingsstore.com\/pl\/wp-json\/wp\/v2\/comments?post=18552"}],"version-history":[{"count":0,"href":"https:\/\/3dvikingsstore.com\/pl\/wp-json\/wp\/v2\/product\/18552\/revisions"}],"wp:featuredmedia":[{"embeddable":true,"href":"https:\/\/3dvikingsstore.com\/pl\/wp-json\/wp\/v2\/media\/18553"}],"wp:attachment":[{"href":"https:\/\/3dvikingsstore.com\/pl\/wp-json\/wp\/v2\/media?parent=18552"}],"wp:term":[{"taxonomy":"product_cat","embeddable":true,"href":"https:\/\/3dvikingsstore.com\/pl\/wp-json\/wp\/v2\/product_cat?post=18552"},{"taxonomy":"product_tag","embeddable":true,"href":"https:\/\/3dvikingsstore.com\/pl\/wp-json\/wp\/v2\/product_tag?post=18552"}],"curies":[{"name":"wp","href":"https:\/\/api.w.org\/{rel}","templated":true}]}}