{"id":18545,"date":"2024-02-14T11:05:32","date_gmt":"2024-02-14T09:05:32","guid":{"rendered":"https:\/\/3dvikingsstore.com\/shop\/kontenery-transportowe-wargaming-na-pola-bitew-wargaming-4-czesciowy-zestaw\/"},"modified":"2024-02-27T18:31:31","modified_gmt":"2024-02-27T16:31:31","slug":"kontenery-transportowe-wargaming-na-pola-bitew-wargaming-4-czesciowy-zestaw","status":"publish","type":"product","link":"https:\/\/3dvikingsstore.com\/pl\/shop\/kontenery-transportowe-wargaming-na-pola-bitew-wargaming-4-czesciowy-zestaw\/","title":{"rendered":"Kontenery transportowe Wargaming: na pola bitew Wargaming (4-cz\u0119\u015bciowy zestaw)"},"content":{"rendered":"<p>Przekszta\u0142\u0107 sw\u00f3j st\u00f3\u0142 w opustosza\u0142\u0105 stref\u0119 wojny lub przemys\u0142owe pustkowie dzi\u0119ki tym 28-milimetrowym kontenerom transportowym do gier wojennych. Zaprojektowany specjalnie do gier wojennych w skali 28 mm i 32 mm, ten 4-cz\u0119\u015bciowy zestaw dodaje realizmu, mo\u017cliwo\u015bci os\u0142ony i taktycznej g\u0142\u0119bi do Warhammera 40k, Necromundy, Kill Team, Infinity lub dowolnej nowoczesnej potyczki science-fiction.<\/p>\n<p><strong>Od przemys\u0142owej pot\u0119gi do pozosta\u0142o\u015bci po polu bitwy<\/strong><\/p>\n<p>Nie ma dw\u00f3ch takich samych p\u00f3l bitewnych i ten zestaw to odzwierciedla. Znajdziesz pojemniki otwarte przez brutalne uderzenia, podziurawione kulami, a inne po prostu zmia\u017cd\u017cone pod niewyobra\u017calnym ci\u0119\u017carem. Niezale\u017cnie od tego, czy twoje otoczenie to postapokaliptyczne pustkowia, rozleg\u0142e podziemia Necromundy, ponure pola bitew Warhammera 40k, czy te\u017c pe\u0142na napi\u0119cia wsp\u00f3\u0142czesna potyczka, te pojemniki opowiadaj\u0105 histori\u0119 ka\u017cd\u0105 pokiereszowan\u0105 powierzchni\u0105.<\/p>\n<p><strong>Idealna skala dla twoich miniatur<\/strong><\/p>\n<p>Skrupulatnie zaprojektowane dla najpopularniejszych skal do gier wojennych 28 mm i 32 mm, te pojemniki doskonale oprawiaj\u0105 twoje oddzia\u0142y i bohater\u00f3w. Wyobra\u017a sobie weterana Gwardii Imperialnej skulonego za 28-milimetrowym kontenerem transportowym, na kt\u00f3ry pada ogie\u0144 laser\u00f3w, kultowego zasadzk\u0119 Genestealera wyskakuj\u0105cego z zardzewia\u0142ego kad\u0142uba lub meganobz\u00f3w Ork\u00f3w zamieniaj\u0105cych przewr\u00f3cony kontener w zrujnowan\u0105 os\u0142on\u0119. Ka\u017cdy centymetr tych przemys\u0142owych przeszk\u00f3d wzbogaca narracj\u0119 na stole.<\/p>\n<p><strong>Trwa\u0142e, konfigurowalne ikony pola bitwy<\/strong><\/p>\n<p>Zbudowane z wytrzyma\u0142ego PLA, pojemniki te z \u0142atwo\u015bci\u0105 wytrzymuj\u0105 rygory niezliczonych gier wojennych. S\u0105 one jednak r\u00f3wnie\u017c pustym p\u0142\u00f3tnem dla Twojej kreatywno\u015bci. Niepomalowane, s\u0105 gotowe do dopasowania do istniej\u0105cego terenu lub uwolnienia technik pogodowych. Przekszta\u0142\u0107 je w kadzie z chemikaliami w paski zagro\u017cenia, prze\u017carte rdz\u0105 relikty, twierdze oznaczone frakcjami lub za\u0142ataj je z\u0142omem, aby wygl\u0105da\u0142y jak naprawione na polu bitwy.<\/p>\n<p><strong>Taktyczna r\u00f3\u017cnorodno\u015b\u0107 nap\u0119dza intensywn\u0105 rozgrywk\u0119<\/strong><\/p>\n<p>To co\u015b wi\u0119cej ni\u017c tylko statyczna sceneria, te kontenery wymuszaj\u0105 wybory i otwieraj\u0105 niesko\u0144czone mo\u017cliwo\u015bci taktyczne. Blokowanie linii wzroku w celu przeprowadzania niszczycielskich zasadzek, tworzenie w\u0105skich garde\u0142 w celu kierowania atakuj\u0105cych, uk\u0142adanie ich w nadci\u0105gaj\u0105ce plac\u00f3wki&#8230; nawet ich wewn\u0119trzne przestrzenie mog\u0105 sta\u0107 si\u0119 cz\u0119\u015bci\u0105 walki w potyczkach w zwarciu. Niezale\u017cnie od tego, czy jest to rozleg\u0142a strefa przemys\u0142owa, czy desperacki scenariusz ostatniej szansy, ten zestaw daje graczom i mistrzom gry du\u017ce mo\u017cliwo\u015bci.<\/p>\n<p><strong>Otw\u00f3rz pude\u0142ko \u2013 Rozpocznij akcj\u0119!<\/strong><\/p>\n<p>Brak monta\u017cu oznacza, \u017ce nast\u0119pna bitwa rozpocznie si\u0119 szybciej. Skoncentruj si\u0119 na strategowaniu, rozmieszczaniu si\u0142 i tworzeniu niezapomnianych historii walki dzi\u0119ki tym szczeg\u00f3\u0142owym elementom terenu.<\/p>\n<p><strong>Dodaj swoim grom taktycznej g\u0142\u0119bi &#8211; zam\u00f3w 28-milimetrowe kontenery transportowe ju\u017c dzi\u015b!<\/strong><\/p>\n","protected":false},"excerpt":{"rendered":"<p>Przekszta\u0142\u0107 sw\u00f3j st\u00f3\u0142 w opustosza\u0142\u0105 stref\u0119 wojny lub przemys\u0142owe pustkowie dzi\u0119ki tym 28-milimetrowym kontenerom transportowym do gier wojennych. Zaprojektowany specjalnie do gier wojennych w skali 28 mm i 32 mm, ten 4-cz\u0119\u015bciowy zestaw dodaje realizmu, mo\u017cliwo\u015bci os\u0142ony i taktycznej g\u0142\u0119bi do Warhammera 40k, Necromundy, Kill Team, Infinity lub dowolnej nowoczesnej potyczki science-fiction.<\/p>\n","protected":false},"featured_media":18546,"comment_status":"open","ping_status":"closed","template":"","meta":[],"product_cat":[3137],"product_tag":[3160,3166,3174,3162,3163,3176,3171,3173,3175,3170,3168,3167,3172,3165,3164,3169,3161],"yoast_head":"<!-- This site is optimized with the Yoast SEO Premium plugin v22.9 (Yoast SEO v22.9) - https:\/\/yoast.com\/wordpress\/plugins\/seo\/ -->\n<title>Kontenery Transportowe 28mm do Gier Bitewnych: Na Twoje Pola Bitew<\/title>\n<meta name=\"description\" content=\"Ulepsz swoje pola bitew Warhammer 40k i Necromunda dzi\u0119ki szczeg\u00f3\u0142owym kontenerom transportowym 28 mm. Idealny do budowania wci\u0105gaj\u0105cego, ziarnistego terenu.\" \/>\n<meta name=\"robots\" content=\"index, follow, max-snippet:-1, max-image-preview:large, max-video-preview:-1\" \/>\n<link rel=\"canonical\" href=\"https:\/\/3dvikingsstore.com\/pl\/shop\/kontenery-transportowe-wargaming-na-pola-bitew-wargaming-4-czesciowy-zestaw\/\" \/>\n<meta property=\"og:locale\" content=\"pl_PL\" \/>\n<meta property=\"og:type\" content=\"article\" \/>\n<meta property=\"og:title\" content=\"Kontenery transportowe Wargaming: na pola bitew Wargaming (4-cz\u0119\u015bciowy zestaw)\" \/>\n<meta property=\"og:description\" content=\"Ulepsz swoje pola bitew Warhammer 40k i Necromunda dzi\u0119ki szczeg\u00f3\u0142owym kontenerom transportowym 28 mm. Idealny do budowania wci\u0105gaj\u0105cego, ziarnistego terenu.\" \/>\n<meta property=\"og:url\" content=\"https:\/\/3dvikingsstore.com\/pl\/shop\/kontenery-transportowe-wargaming-na-pola-bitew-wargaming-4-czesciowy-zestaw\/\" \/>\n<meta property=\"og:site_name\" content=\"3D Vikings Store\" \/>\n<meta property=\"article:modified_time\" content=\"2024-02-27T16:31:31+00:00\" \/>\n<meta property=\"og:image\" content=\"https:\/\/3dvikingsstore.com\/wp-content\/uploads\/2024\/02\/DSC_7131-1024x1024.png\" \/>\n\t<meta property=\"og:image:width\" content=\"1024\" \/>\n\t<meta property=\"og:image:height\" content=\"1024\" \/>\n\t<meta property=\"og:image:type\" content=\"image\/png\" \/>\n<meta name=\"twitter:card\" content=\"summary_large_image\" \/>\n<meta name=\"twitter:label1\" content=\"Szacowany czas czytania\" \/>\n\t<meta name=\"twitter:data1\" content=\"2 minuty\" \/>\n<script type=\"application\/ld+json\" class=\"yoast-schema-graph\">{\"@context\":\"https:\/\/schema.org\",\"@graph\":[{\"@type\":[\"WebPage\",\"ItemPage\"],\"@id\":\"https:\/\/3dvikingsstore.com\/pl\/shop\/kontenery-transportowe-wargaming-na-pola-bitew-wargaming-4-czesciowy-zestaw\/\",\"url\":\"https:\/\/3dvikingsstore.com\/pl\/shop\/kontenery-transportowe-wargaming-na-pola-bitew-wargaming-4-czesciowy-zestaw\/\",\"name\":\"Kontenery Transportowe 28mm do Gier Bitewnych: Na Twoje Pola Bitew\",\"isPartOf\":{\"@id\":\"https:\/\/3dvikingsstore.com\/pl\/#website\"},\"primaryImageOfPage\":{\"@id\":\"https:\/\/3dvikingsstore.com\/pl\/shop\/kontenery-transportowe-wargaming-na-pola-bitew-wargaming-4-czesciowy-zestaw\/#primaryimage\"},\"image\":{\"@id\":\"https:\/\/3dvikingsstore.com\/pl\/shop\/kontenery-transportowe-wargaming-na-pola-bitew-wargaming-4-czesciowy-zestaw\/#primaryimage\"},\"thumbnailUrl\":\"https:\/\/3dvikingsstore.com\/wp-content\/uploads\/2024\/02\/DSC_7131.png\",\"datePublished\":\"2024-02-14T09:05:32+00:00\",\"dateModified\":\"2024-02-27T16:31:31+00:00\",\"description\":\"Ulepsz swoje pola bitew Warhammer 40k i Necromunda dzi\u0119ki szczeg\u00f3\u0142owym kontenerom transportowym 28 mm. Idealny do budowania wci\u0105gaj\u0105cego, ziarnistego terenu.\",\"breadcrumb\":{\"@id\":\"https:\/\/3dvikingsstore.com\/pl\/shop\/kontenery-transportowe-wargaming-na-pola-bitew-wargaming-4-czesciowy-zestaw\/#breadcrumb\"},\"inLanguage\":\"pl-PL\",\"potentialAction\":[{\"@type\":\"ReadAction\",\"target\":[\"https:\/\/3dvikingsstore.com\/pl\/shop\/kontenery-transportowe-wargaming-na-pola-bitew-wargaming-4-czesciowy-zestaw\/\"]}]},{\"@type\":\"ImageObject\",\"inLanguage\":\"pl-PL\",\"@id\":\"https:\/\/3dvikingsstore.com\/pl\/shop\/kontenery-transportowe-wargaming-na-pola-bitew-wargaming-4-czesciowy-zestaw\/#primaryimage\",\"url\":\"https:\/\/3dvikingsstore.com\/wp-content\/uploads\/2024\/02\/DSC_7131.png\",\"contentUrl\":\"https:\/\/3dvikingsstore.com\/wp-content\/uploads\/2024\/02\/DSC_7131.png\",\"width\":3558,\"height\":3558},{\"@type\":\"BreadcrumbList\",\"@id\":\"https:\/\/3dvikingsstore.com\/pl\/shop\/kontenery-transportowe-wargaming-na-pola-bitew-wargaming-4-czesciowy-zestaw\/#breadcrumb\",\"itemListElement\":[{\"@type\":\"ListItem\",\"position\":1,\"name\":\"Home\",\"item\":\"https:\/\/3dvikingsstore.com\/pl\/\"},{\"@type\":\"ListItem\",\"position\":2,\"name\":\"Shop\",\"item\":\"https:\/\/3dvikingsstore.com\/shop\/\"},{\"@type\":\"ListItem\",\"position\":3,\"name\":\"Kontenery transportowe Wargaming: na pola bitew Wargaming (4-cz\u0119\u015bciowy zestaw)\"}]},{\"@type\":\"WebSite\",\"@id\":\"https:\/\/3dvikingsstore.com\/pl\/#website\",\"url\":\"https:\/\/3dvikingsstore.com\/pl\/\",\"name\":\"3D Vikings Store\",\"description\":\"Dekoracje i Akcesoria do Gier Planszowych i Sto\u0142owych\",\"publisher\":{\"@id\":\"https:\/\/3dvikingsstore.com\/pl\/#organization\"},\"potentialAction\":[{\"@type\":\"SearchAction\",\"target\":{\"@type\":\"EntryPoint\",\"urlTemplate\":\"https:\/\/3dvikingsstore.com\/pl\/?s={search_term_string}\"},\"query-input\":\"required name=search_term_string\"}],\"inLanguage\":\"pl-PL\"},{\"@type\":\"Organization\",\"@id\":\"https:\/\/3dvikingsstore.com\/pl\/#organization\",\"name\":\"3D Vikings Store\",\"url\":\"https:\/\/3dvikingsstore.com\/pl\/\",\"logo\":{\"@type\":\"ImageObject\",\"inLanguage\":\"pl-PL\",\"@id\":\"https:\/\/3dvikingsstore.com\/pl\/#\/schema\/logo\/image\/\",\"url\":\"https:\/\/3dvikingsstore.com\/wp-content\/uploads\/2020\/03\/3dvikings-logo-karge-white.jpg\",\"contentUrl\":\"https:\/\/3dvikingsstore.com\/wp-content\/uploads\/2020\/03\/3dvikings-logo-karge-white.jpg\",\"width\":800,\"height\":800,\"caption\":\"3D Vikings Store\"},\"image\":{\"@id\":\"https:\/\/3dvikingsstore.com\/pl\/#\/schema\/logo\/image\/\"}}]}<\/script>\n<!-- \/ Yoast SEO Premium plugin. -->","yoast_head_json":{"title":"Kontenery Transportowe 28mm do Gier Bitewnych: Na Twoje Pola Bitew","description":"Ulepsz swoje pola bitew Warhammer 40k i Necromunda dzi\u0119ki szczeg\u00f3\u0142owym kontenerom transportowym 28 mm. Idealny do budowania wci\u0105gaj\u0105cego, ziarnistego terenu.","robots":{"index":"index","follow":"follow","max-snippet":"max-snippet:-1","max-image-preview":"max-image-preview:large","max-video-preview":"max-video-preview:-1"},"canonical":"https:\/\/3dvikingsstore.com\/pl\/shop\/kontenery-transportowe-wargaming-na-pola-bitew-wargaming-4-czesciowy-zestaw\/","og_locale":"pl_PL","og_type":"article","og_title":"Kontenery transportowe Wargaming: na pola bitew Wargaming (4-cz\u0119\u015bciowy zestaw)","og_description":"Ulepsz swoje pola bitew Warhammer 40k i Necromunda dzi\u0119ki szczeg\u00f3\u0142owym kontenerom transportowym 28 mm. Idealny do budowania wci\u0105gaj\u0105cego, ziarnistego terenu.","og_url":"https:\/\/3dvikingsstore.com\/pl\/shop\/kontenery-transportowe-wargaming-na-pola-bitew-wargaming-4-czesciowy-zestaw\/","og_site_name":"3D Vikings Store","article_modified_time":"2024-02-27T16:31:31+00:00","og_image":[{"width":1024,"height":1024,"url":"https:\/\/3dvikingsstore.com\/wp-content\/uploads\/2024\/02\/DSC_7131-1024x1024.png","type":"image\/png"}],"twitter_card":"summary_large_image","twitter_misc":{"Szacowany czas czytania":"2 minuty"},"schema":{"@context":"https:\/\/schema.org","@graph":[{"@type":["WebPage","ItemPage"],"@id":"https:\/\/3dvikingsstore.com\/pl\/shop\/kontenery-transportowe-wargaming-na-pola-bitew-wargaming-4-czesciowy-zestaw\/","url":"https:\/\/3dvikingsstore.com\/pl\/shop\/kontenery-transportowe-wargaming-na-pola-bitew-wargaming-4-czesciowy-zestaw\/","name":"Kontenery Transportowe 28mm do Gier Bitewnych: Na Twoje Pola Bitew","isPartOf":{"@id":"https:\/\/3dvikingsstore.com\/pl\/#website"},"primaryImageOfPage":{"@id":"https:\/\/3dvikingsstore.com\/pl\/shop\/kontenery-transportowe-wargaming-na-pola-bitew-wargaming-4-czesciowy-zestaw\/#primaryimage"},"image":{"@id":"https:\/\/3dvikingsstore.com\/pl\/shop\/kontenery-transportowe-wargaming-na-pola-bitew-wargaming-4-czesciowy-zestaw\/#primaryimage"},"thumbnailUrl":"https:\/\/3dvikingsstore.com\/wp-content\/uploads\/2024\/02\/DSC_7131.png","datePublished":"2024-02-14T09:05:32+00:00","dateModified":"2024-02-27T16:31:31+00:00","description":"Ulepsz swoje pola bitew Warhammer 40k i Necromunda dzi\u0119ki szczeg\u00f3\u0142owym kontenerom transportowym 28 mm. Idealny do budowania wci\u0105gaj\u0105cego, ziarnistego terenu.","breadcrumb":{"@id":"https:\/\/3dvikingsstore.com\/pl\/shop\/kontenery-transportowe-wargaming-na-pola-bitew-wargaming-4-czesciowy-zestaw\/#breadcrumb"},"inLanguage":"pl-PL","potentialAction":[{"@type":"ReadAction","target":["https:\/\/3dvikingsstore.com\/pl\/shop\/kontenery-transportowe-wargaming-na-pola-bitew-wargaming-4-czesciowy-zestaw\/"]}]},{"@type":"ImageObject","inLanguage":"pl-PL","@id":"https:\/\/3dvikingsstore.com\/pl\/shop\/kontenery-transportowe-wargaming-na-pola-bitew-wargaming-4-czesciowy-zestaw\/#primaryimage","url":"https:\/\/3dvikingsstore.com\/wp-content\/uploads\/2024\/02\/DSC_7131.png","contentUrl":"https:\/\/3dvikingsstore.com\/wp-content\/uploads\/2024\/02\/DSC_7131.png","width":3558,"height":3558},{"@type":"BreadcrumbList","@id":"https:\/\/3dvikingsstore.com\/pl\/shop\/kontenery-transportowe-wargaming-na-pola-bitew-wargaming-4-czesciowy-zestaw\/#breadcrumb","itemListElement":[{"@type":"ListItem","position":1,"name":"Home","item":"https:\/\/3dvikingsstore.com\/pl\/"},{"@type":"ListItem","position":2,"name":"Shop","item":"https:\/\/3dvikingsstore.com\/shop\/"},{"@type":"ListItem","position":3,"name":"Kontenery transportowe Wargaming: na pola bitew Wargaming (4-cz\u0119\u015bciowy zestaw)"}]},{"@type":"WebSite","@id":"https:\/\/3dvikingsstore.com\/pl\/#website","url":"https:\/\/3dvikingsstore.com\/pl\/","name":"3D Vikings Store","description":"Dekoracje i Akcesoria do Gier Planszowych i Sto\u0142owych","publisher":{"@id":"https:\/\/3dvikingsstore.com\/pl\/#organization"},"potentialAction":[{"@type":"SearchAction","target":{"@type":"EntryPoint","urlTemplate":"https:\/\/3dvikingsstore.com\/pl\/?s={search_term_string}"},"query-input":"required name=search_term_string"}],"inLanguage":"pl-PL"},{"@type":"Organization","@id":"https:\/\/3dvikingsstore.com\/pl\/#organization","name":"3D Vikings Store","url":"https:\/\/3dvikingsstore.com\/pl\/","logo":{"@type":"ImageObject","inLanguage":"pl-PL","@id":"https:\/\/3dvikingsstore.com\/pl\/#\/schema\/logo\/image\/","url":"https:\/\/3dvikingsstore.com\/wp-content\/uploads\/2020\/03\/3dvikings-logo-karge-white.jpg","contentUrl":"https:\/\/3dvikingsstore.com\/wp-content\/uploads\/2020\/03\/3dvikings-logo-karge-white.jpg","width":800,"height":800,"caption":"3D Vikings Store"},"image":{"@id":"https:\/\/3dvikingsstore.com\/pl\/#\/schema\/logo\/image\/"}}]}},"_links":{"self":[{"href":"https:\/\/3dvikingsstore.com\/pl\/wp-json\/wp\/v2\/product\/18545"}],"collection":[{"href":"https:\/\/3dvikingsstore.com\/pl\/wp-json\/wp\/v2\/product"}],"about":[{"href":"https:\/\/3dvikingsstore.com\/pl\/wp-json\/wp\/v2\/types\/product"}],"replies":[{"embeddable":true,"href":"https:\/\/3dvikingsstore.com\/pl\/wp-json\/wp\/v2\/comments?post=18545"}],"version-history":[{"count":1,"href":"https:\/\/3dvikingsstore.com\/pl\/wp-json\/wp\/v2\/product\/18545\/revisions"}],"predecessor-version":[{"id":18551,"href":"https:\/\/3dvikingsstore.com\/pl\/wp-json\/wp\/v2\/product\/18545\/revisions\/18551"}],"wp:featuredmedia":[{"embeddable":true,"href":"https:\/\/3dvikingsstore.com\/pl\/wp-json\/wp\/v2\/media\/18546"}],"wp:attachment":[{"href":"https:\/\/3dvikingsstore.com\/pl\/wp-json\/wp\/v2\/media?parent=18545"}],"wp:term":[{"taxonomy":"product_cat","embeddable":true,"href":"https:\/\/3dvikingsstore.com\/pl\/wp-json\/wp\/v2\/product_cat?post=18545"},{"taxonomy":"product_tag","embeddable":true,"href":"https:\/\/3dvikingsstore.com\/pl\/wp-json\/wp\/v2\/product_tag?post=18545"}],"curies":[{"name":"wp","href":"https:\/\/api.w.org\/{rel}","templated":true}]}}