{"id":18516,"date":"2024-02-20T19:25:19","date_gmt":"2024-02-20T17:25:19","guid":{"rendered":"https:\/\/3dvikingsstore.com\/shop\/tawerna-w-wiosce-rybackiej-teren-rpg-28-32mm-dd-warhammer\/"},"modified":"2024-02-20T19:25:19","modified_gmt":"2024-02-20T17:25:19","slug":"tawerna-w-wiosce-rybackiej-teren-rpg-28-32mm-dd-warhammer","status":"publish","type":"product","link":"https:\/\/3dvikingsstore.com\/pl\/shop\/tawerna-w-wiosce-rybackiej-teren-rpg-28-32mm-dd-warhammer\/","title":{"rendered":"Tawerna w Wiosce Rybackiej | Teren RPG 28\/32mm | D&amp;D, Warhammer"},"content":{"rendered":"<p data-sourcepos=\"9:1-9:75\"><strong>Stw\u00f3rz niezapomniane przygody przy stole z tawern\u0105 Fishermen&#8217;s Village Tavern<\/strong><\/p>\n<p data-sourcepos=\"11:1-11:36\">Ucieknij do t\u0119tni\u0105cej \u017cyciem nadmorskiej wioski w swoich ulubionych grach RPG i wojennych! Misternie wykonana Tawerna Rybacka, skalowana do bezproblemowej integracji z miniaturami 28\/32mm, wzbogaca Twoje przygody o bogate detale i nieograniczone mo\u017cliwo\u015bci opowiadania historii. Niezale\u017cnie od tego, czy szukasz \u017cywej scenerii do intryg fabularnych, t\u0142a dla napi\u0119tych miniaturowych bitew, czy po prostu chcesz tchn\u0105\u0107 \u017cycie w swoje istniej\u0105ce nadmorskie krajobrazy, ta solidna, ale konfigurowalna tawerna spe\u0142ni Twoje oczekiwania.<\/p>\n<p data-sourcepos=\"13:1-13:36\"><strong>Funkcje inspiruj\u0105ce do przyg\u00f3d:<\/strong><\/p>\n<ul data-sourcepos=\"15:1-15:127\">\n<li data-sourcepos=\"15:1-15:127\"><strong>Wci\u0105gaj\u0105ce szczeg\u00f3\u0142y:<\/strong> Zwietrza\u0142e drewno, sieci rybackie nawleczone na beczki i migocz\u0105ce latarnie&#8230; nawet niepomalowany, ten element tawerny przywo\u0142uje wyj\u0105tkow\u0105 nadmorsk\u0105 atmosfer\u0119. Wyobra\u017a sobie ha\u0142a\u015bliwych marynarzy w kampanii D&amp;D lub zziajanych wie\u015bniak\u00f3w prze\u017cywaj\u0105cych obl\u0119\u017cenie w settingu Warhammera.<\/li>\n<li data-sourcepos=\"16:1-16:257\"><strong>Twoje p\u0142\u00f3tno czeka:<\/strong> Zaprojektowany z my\u015bl\u0105 o personalizacji, ten niepomalowany teren PLA z \u0142atwo\u015bci\u0105 przyjmuje ulubione farby i techniki pogodowe. Czy b\u0119dzie to urocza, sk\u0105pana w s\u0142o\u0144cu tawerna w twoim \u015bwiecie RPG, czy mroczna i z\u0142owieszcza kryj\u00f3wka dla wojownik\u00f3w Warhammera?<\/li>\n<li data-sourcepos=\"17:1-17:238\"><strong>Stworzony do epickich nocy gier:<\/strong> Wytrzyma\u0142a konstrukcja zapewnia, \u017ce tawerna stanie si\u0119 podstaw\u0105 niezliczonych scenariuszy. Idealne centrum spotka\u0144 towarzyskich, ekscytuj\u0105cych walk, a nawet spokojnych chwil wytchnienia w surowym \u017cyciu na wybrze\u017cu.<\/li>\n<li data-sourcepos=\"18:1-18:157\"><strong>Idealny dla budowniczych i pocz\u0105tkuj\u0105cych:<\/strong> Prosty w monta\u017cu zestaw Tawerna w wiosce rybackiej pozwala doda\u0107 realizmu do kampanii przy minimalnym czasie konfiguracji.<\/li>\n<li data-sourcepos=\"19:1-20:0\"><strong>Serce Twojej Wioski:<\/strong> Po\u0142\u0105cz ten element z innymi elementami z serii &#8222;Wioska Rybacka&#8221; (stragany targowe, doki itp., je\u015bli je planujesz), aby stworzy\u0107 prawdziwie wci\u0105gaj\u0105ce \u015brodowisko, kt\u00f3re ewoluuje wraz z Twoimi przygodami przy stole.<\/li>\n<\/ul>\n<p><strong>Zam\u00f3w ju\u017c dzi\u015b \u2013 przygoda czeka w Tawernie Rybackiej!<\/strong><\/p>\n","protected":false},"excerpt":{"rendered":"<p>Ucieknij do t\u0119tni\u0105cej \u017cyciem nadmorskiej wioski w swoich ulubionych grach RPG i wojennych! Misternie wykonana Tawerna w Wiosce Rybackiej, skalowana do bezproblemowej integracji z miniaturami 28\/32mm, wzbogaca Twoje przygody o bogate detale i nieograniczone mo\u017cliwo\u015bci opowiadania historii. Niezale\u017cnie od tego, czy szukasz \u017cywej scenerii do intryg fabularnych, t\u0142a dla napi\u0119tych miniaturowych bitew, czy po prostu chcesz tchn\u0105\u0107 \u017cycie w swoje istniej\u0105ce nadmorskie krajobrazy, ta solidna, ale konfigurowalna tawerna spe\u0142ni Twoje oczekiwania.<\/p>\n","protected":false},"featured_media":18517,"comment_status":"open","ping_status":"closed","template":"","meta":[],"product_cat":[3138,3137],"product_tag":[],"yoast_head":"<!-- This site is optimized with the Yoast SEO Premium plugin v22.9 (Yoast SEO v22.9) - https:\/\/yoast.com\/wordpress\/plugins\/seo\/ -->\n<title>Tawerna w Wiosce Rybackiej | Teren RPG 28\/32mm | D&amp;D, Warhammer<\/title>\n<meta name=\"description\" content=\"Zanurz swoich graczy! Nasza szczeg\u00f3\u0142owa Tawerna w Wiosce Rybackiej (28\/32mm) idealnie nadaje si\u0119 do D&amp;D, Warhammera i innych gier. Niepomalowana, trwa\u0142a, \u0142atwa do zbudowania.\" \/>\n<meta name=\"robots\" content=\"index, follow, max-snippet:-1, max-image-preview:large, max-video-preview:-1\" \/>\n<link rel=\"canonical\" href=\"https:\/\/3dvikingsstore.com\/pl\/shop\/tawerna-w-wiosce-rybackiej-teren-rpg-28-32mm-dd-warhammer\/\" \/>\n<meta property=\"og:locale\" content=\"pl_PL\" \/>\n<meta property=\"og:type\" content=\"article\" \/>\n<meta property=\"og:title\" content=\"Tawerna w Wiosce Rybackiej | Teren RPG 28\/32mm | D&amp;D, Warhammer\" \/>\n<meta property=\"og:description\" content=\"Zanurz swoich graczy! Nasza szczeg\u00f3\u0142owa Tawerna w Wiosce Rybackiej (28\/32mm) idealnie nadaje si\u0119 do D&amp;D, Warhammera i innych gier. Niepomalowana, trwa\u0142a, \u0142atwa do zbudowania.\" \/>\n<meta property=\"og:url\" content=\"https:\/\/3dvikingsstore.com\/pl\/shop\/tawerna-w-wiosce-rybackiej-teren-rpg-28-32mm-dd-warhammer\/\" \/>\n<meta property=\"og:site_name\" content=\"3D Vikings Store\" \/>\n<meta property=\"og:image\" content=\"https:\/\/3dvikingsstore.com\/wp-content\/uploads\/2024\/02\/fisher-village-tavern-1024x1024.png\" \/>\n\t<meta property=\"og:image:width\" content=\"1024\" \/>\n\t<meta property=\"og:image:height\" content=\"1024\" \/>\n\t<meta property=\"og:image:type\" content=\"image\/png\" \/>\n<meta name=\"twitter:card\" content=\"summary_large_image\" \/>\n<meta name=\"twitter:label1\" content=\"Szacowany czas czytania\" \/>\n\t<meta name=\"twitter:data1\" content=\"2 minuty\" \/>\n<script type=\"application\/ld+json\" class=\"yoast-schema-graph\">{\"@context\":\"https:\/\/schema.org\",\"@graph\":[{\"@type\":[\"WebPage\",\"ItemPage\"],\"@id\":\"https:\/\/3dvikingsstore.com\/pl\/shop\/tawerna-w-wiosce-rybackiej-teren-rpg-28-32mm-dd-warhammer\/\",\"url\":\"https:\/\/3dvikingsstore.com\/pl\/shop\/tawerna-w-wiosce-rybackiej-teren-rpg-28-32mm-dd-warhammer\/\",\"name\":\"Tawerna w Wiosce Rybackiej | Teren RPG 28\/32mm | D&amp;D, Warhammer\",\"isPartOf\":{\"@id\":\"https:\/\/3dvikingsstore.com\/pl\/#website\"},\"primaryImageOfPage\":{\"@id\":\"https:\/\/3dvikingsstore.com\/pl\/shop\/tawerna-w-wiosce-rybackiej-teren-rpg-28-32mm-dd-warhammer\/#primaryimage\"},\"image\":{\"@id\":\"https:\/\/3dvikingsstore.com\/pl\/shop\/tawerna-w-wiosce-rybackiej-teren-rpg-28-32mm-dd-warhammer\/#primaryimage\"},\"thumbnailUrl\":\"https:\/\/3dvikingsstore.com\/wp-content\/uploads\/2024\/02\/fisher-village-tavern.png\",\"datePublished\":\"2024-02-20T17:25:19+00:00\",\"dateModified\":\"2024-02-20T17:25:19+00:00\",\"description\":\"Zanurz swoich graczy! Nasza szczeg\u00f3\u0142owa Tawerna w Wiosce Rybackiej (28\/32mm) idealnie nadaje si\u0119 do D&D, Warhammera i innych gier. Niepomalowana, trwa\u0142a, \u0142atwa do zbudowania.\",\"breadcrumb\":{\"@id\":\"https:\/\/3dvikingsstore.com\/pl\/shop\/tawerna-w-wiosce-rybackiej-teren-rpg-28-32mm-dd-warhammer\/#breadcrumb\"},\"inLanguage\":\"pl-PL\",\"potentialAction\":[{\"@type\":\"ReadAction\",\"target\":[\"https:\/\/3dvikingsstore.com\/pl\/shop\/tawerna-w-wiosce-rybackiej-teren-rpg-28-32mm-dd-warhammer\/\"]}]},{\"@type\":\"ImageObject\",\"inLanguage\":\"pl-PL\",\"@id\":\"https:\/\/3dvikingsstore.com\/pl\/shop\/tawerna-w-wiosce-rybackiej-teren-rpg-28-32mm-dd-warhammer\/#primaryimage\",\"url\":\"https:\/\/3dvikingsstore.com\/wp-content\/uploads\/2024\/02\/fisher-village-tavern.png\",\"contentUrl\":\"https:\/\/3dvikingsstore.com\/wp-content\/uploads\/2024\/02\/fisher-village-tavern.png\",\"width\":3558,\"height\":3558},{\"@type\":\"BreadcrumbList\",\"@id\":\"https:\/\/3dvikingsstore.com\/pl\/shop\/tawerna-w-wiosce-rybackiej-teren-rpg-28-32mm-dd-warhammer\/#breadcrumb\",\"itemListElement\":[{\"@type\":\"ListItem\",\"position\":1,\"name\":\"Home\",\"item\":\"https:\/\/3dvikingsstore.com\/pl\/\"},{\"@type\":\"ListItem\",\"position\":2,\"name\":\"Shop\",\"item\":\"https:\/\/3dvikingsstore.com\/shop\/\"},{\"@type\":\"ListItem\",\"position\":3,\"name\":\"Tawerna w Wiosce Rybackiej | Teren RPG 28\/32mm | D&amp;D, Warhammer\"}]},{\"@type\":\"WebSite\",\"@id\":\"https:\/\/3dvikingsstore.com\/pl\/#website\",\"url\":\"https:\/\/3dvikingsstore.com\/pl\/\",\"name\":\"3D Vikings Store\",\"description\":\"Dekoracje i Akcesoria do Gier Planszowych i Sto\u0142owych\",\"publisher\":{\"@id\":\"https:\/\/3dvikingsstore.com\/pl\/#organization\"},\"potentialAction\":[{\"@type\":\"SearchAction\",\"target\":{\"@type\":\"EntryPoint\",\"urlTemplate\":\"https:\/\/3dvikingsstore.com\/pl\/?s={search_term_string}\"},\"query-input\":\"required name=search_term_string\"}],\"inLanguage\":\"pl-PL\"},{\"@type\":\"Organization\",\"@id\":\"https:\/\/3dvikingsstore.com\/pl\/#organization\",\"name\":\"3D Vikings Store\",\"url\":\"https:\/\/3dvikingsstore.com\/pl\/\",\"logo\":{\"@type\":\"ImageObject\",\"inLanguage\":\"pl-PL\",\"@id\":\"https:\/\/3dvikingsstore.com\/pl\/#\/schema\/logo\/image\/\",\"url\":\"https:\/\/3dvikingsstore.com\/wp-content\/uploads\/2020\/03\/3dvikings-logo-karge-white.jpg\",\"contentUrl\":\"https:\/\/3dvikingsstore.com\/wp-content\/uploads\/2020\/03\/3dvikings-logo-karge-white.jpg\",\"width\":800,\"height\":800,\"caption\":\"3D Vikings Store\"},\"image\":{\"@id\":\"https:\/\/3dvikingsstore.com\/pl\/#\/schema\/logo\/image\/\"}}]}<\/script>\n<!-- \/ Yoast SEO Premium plugin. -->","yoast_head_json":{"title":"Tawerna w Wiosce Rybackiej | Teren RPG 28\/32mm | D&amp;D, Warhammer","description":"Zanurz swoich graczy! Nasza szczeg\u00f3\u0142owa Tawerna w Wiosce Rybackiej (28\/32mm) idealnie nadaje si\u0119 do D&D, Warhammera i innych gier. Niepomalowana, trwa\u0142a, \u0142atwa do zbudowania.","robots":{"index":"index","follow":"follow","max-snippet":"max-snippet:-1","max-image-preview":"max-image-preview:large","max-video-preview":"max-video-preview:-1"},"canonical":"https:\/\/3dvikingsstore.com\/pl\/shop\/tawerna-w-wiosce-rybackiej-teren-rpg-28-32mm-dd-warhammer\/","og_locale":"pl_PL","og_type":"article","og_title":"Tawerna w Wiosce Rybackiej | Teren RPG 28\/32mm | D&amp;D, Warhammer","og_description":"Zanurz swoich graczy! Nasza szczeg\u00f3\u0142owa Tawerna w Wiosce Rybackiej (28\/32mm) idealnie nadaje si\u0119 do D&D, Warhammera i innych gier. Niepomalowana, trwa\u0142a, \u0142atwa do zbudowania.","og_url":"https:\/\/3dvikingsstore.com\/pl\/shop\/tawerna-w-wiosce-rybackiej-teren-rpg-28-32mm-dd-warhammer\/","og_site_name":"3D Vikings Store","og_image":[{"width":1024,"height":1024,"url":"https:\/\/3dvikingsstore.com\/wp-content\/uploads\/2024\/02\/fisher-village-tavern-1024x1024.png","type":"image\/png"}],"twitter_card":"summary_large_image","twitter_misc":{"Szacowany czas czytania":"2 minuty"},"schema":{"@context":"https:\/\/schema.org","@graph":[{"@type":["WebPage","ItemPage"],"@id":"https:\/\/3dvikingsstore.com\/pl\/shop\/tawerna-w-wiosce-rybackiej-teren-rpg-28-32mm-dd-warhammer\/","url":"https:\/\/3dvikingsstore.com\/pl\/shop\/tawerna-w-wiosce-rybackiej-teren-rpg-28-32mm-dd-warhammer\/","name":"Tawerna w Wiosce Rybackiej | Teren RPG 28\/32mm | D&amp;D, Warhammer","isPartOf":{"@id":"https:\/\/3dvikingsstore.com\/pl\/#website"},"primaryImageOfPage":{"@id":"https:\/\/3dvikingsstore.com\/pl\/shop\/tawerna-w-wiosce-rybackiej-teren-rpg-28-32mm-dd-warhammer\/#primaryimage"},"image":{"@id":"https:\/\/3dvikingsstore.com\/pl\/shop\/tawerna-w-wiosce-rybackiej-teren-rpg-28-32mm-dd-warhammer\/#primaryimage"},"thumbnailUrl":"https:\/\/3dvikingsstore.com\/wp-content\/uploads\/2024\/02\/fisher-village-tavern.png","datePublished":"2024-02-20T17:25:19+00:00","dateModified":"2024-02-20T17:25:19+00:00","description":"Zanurz swoich graczy! Nasza szczeg\u00f3\u0142owa Tawerna w Wiosce Rybackiej (28\/32mm) idealnie nadaje si\u0119 do D&D, Warhammera i innych gier. Niepomalowana, trwa\u0142a, \u0142atwa do zbudowania.","breadcrumb":{"@id":"https:\/\/3dvikingsstore.com\/pl\/shop\/tawerna-w-wiosce-rybackiej-teren-rpg-28-32mm-dd-warhammer\/#breadcrumb"},"inLanguage":"pl-PL","potentialAction":[{"@type":"ReadAction","target":["https:\/\/3dvikingsstore.com\/pl\/shop\/tawerna-w-wiosce-rybackiej-teren-rpg-28-32mm-dd-warhammer\/"]}]},{"@type":"ImageObject","inLanguage":"pl-PL","@id":"https:\/\/3dvikingsstore.com\/pl\/shop\/tawerna-w-wiosce-rybackiej-teren-rpg-28-32mm-dd-warhammer\/#primaryimage","url":"https:\/\/3dvikingsstore.com\/wp-content\/uploads\/2024\/02\/fisher-village-tavern.png","contentUrl":"https:\/\/3dvikingsstore.com\/wp-content\/uploads\/2024\/02\/fisher-village-tavern.png","width":3558,"height":3558},{"@type":"BreadcrumbList","@id":"https:\/\/3dvikingsstore.com\/pl\/shop\/tawerna-w-wiosce-rybackiej-teren-rpg-28-32mm-dd-warhammer\/#breadcrumb","itemListElement":[{"@type":"ListItem","position":1,"name":"Home","item":"https:\/\/3dvikingsstore.com\/pl\/"},{"@type":"ListItem","position":2,"name":"Shop","item":"https:\/\/3dvikingsstore.com\/shop\/"},{"@type":"ListItem","position":3,"name":"Tawerna w Wiosce Rybackiej | Teren RPG 28\/32mm | D&amp;D, Warhammer"}]},{"@type":"WebSite","@id":"https:\/\/3dvikingsstore.com\/pl\/#website","url":"https:\/\/3dvikingsstore.com\/pl\/","name":"3D Vikings Store","description":"Dekoracje i Akcesoria do Gier Planszowych i Sto\u0142owych","publisher":{"@id":"https:\/\/3dvikingsstore.com\/pl\/#organization"},"potentialAction":[{"@type":"SearchAction","target":{"@type":"EntryPoint","urlTemplate":"https:\/\/3dvikingsstore.com\/pl\/?s={search_term_string}"},"query-input":"required name=search_term_string"}],"inLanguage":"pl-PL"},{"@type":"Organization","@id":"https:\/\/3dvikingsstore.com\/pl\/#organization","name":"3D Vikings Store","url":"https:\/\/3dvikingsstore.com\/pl\/","logo":{"@type":"ImageObject","inLanguage":"pl-PL","@id":"https:\/\/3dvikingsstore.com\/pl\/#\/schema\/logo\/image\/","url":"https:\/\/3dvikingsstore.com\/wp-content\/uploads\/2020\/03\/3dvikings-logo-karge-white.jpg","contentUrl":"https:\/\/3dvikingsstore.com\/wp-content\/uploads\/2020\/03\/3dvikings-logo-karge-white.jpg","width":800,"height":800,"caption":"3D Vikings Store"},"image":{"@id":"https:\/\/3dvikingsstore.com\/pl\/#\/schema\/logo\/image\/"}}]}},"_links":{"self":[{"href":"https:\/\/3dvikingsstore.com\/pl\/wp-json\/wp\/v2\/product\/18516"}],"collection":[{"href":"https:\/\/3dvikingsstore.com\/pl\/wp-json\/wp\/v2\/product"}],"about":[{"href":"https:\/\/3dvikingsstore.com\/pl\/wp-json\/wp\/v2\/types\/product"}],"replies":[{"embeddable":true,"href":"https:\/\/3dvikingsstore.com\/pl\/wp-json\/wp\/v2\/comments?post=18516"}],"version-history":[{"count":0,"href":"https:\/\/3dvikingsstore.com\/pl\/wp-json\/wp\/v2\/product\/18516\/revisions"}],"wp:featuredmedia":[{"embeddable":true,"href":"https:\/\/3dvikingsstore.com\/pl\/wp-json\/wp\/v2\/media\/18517"}],"wp:attachment":[{"href":"https:\/\/3dvikingsstore.com\/pl\/wp-json\/wp\/v2\/media?parent=18516"}],"wp:term":[{"taxonomy":"product_cat","embeddable":true,"href":"https:\/\/3dvikingsstore.com\/pl\/wp-json\/wp\/v2\/product_cat?post=18516"},{"taxonomy":"product_tag","embeddable":true,"href":"https:\/\/3dvikingsstore.com\/pl\/wp-json\/wp\/v2\/product_tag?post=18516"}],"curies":[{"name":"wp","href":"https:\/\/api.w.org\/{rel}","templated":true}]}}