{"id":18503,"date":"2024-02-20T19:59:35","date_gmt":"2024-02-20T17:59:35","guid":{"rendered":"https:\/\/3dvikingsstore.com\/shop\/teren-pustynnej-wiezy-dd-warhammer-mistyczna-i-bitewna-sceneria-28-32mm\/"},"modified":"2024-02-20T19:59:35","modified_gmt":"2024-02-20T17:59:35","slug":"teren-pustynnej-wiezy-dd-warhammer-mistyczna-i-bitewna-sceneria-28-32mm","status":"publish","type":"product","link":"https:\/\/3dvikingsstore.com\/pl\/shop\/teren-pustynnej-wiezy-dd-warhammer-mistyczna-i-bitewna-sceneria-28-32mm\/","title":{"rendered":"Teren Pustynnej Wie\u017cy | D&amp;D, Warhammer | Mistyczna i Bitewna Sceneria (28\/32mm)"},"content":{"rendered":"<p data-sourcepos=\"11:1-11:68\"><strong>Odkryj sekrety Miasta Intryg: Wci\u0105gaj\u0105ca pustynna wie\u017ca do gier RPG i wojennych<\/strong><\/p>\n<p data-sourcepos=\"13:1-13:493\">Wyrusz w podr\u00f3\u017c do pustynnych krain i ukrytych magicznych enklaw dzi\u0119ki tej starannie wykonanej pustynnej wie\u017cy. Skalowany z my\u015bl\u0105 o ekscytuj\u0105cych bitwach i g\u0142\u0119bi narracji w ulubionych grach wojennych 28\/32 mm i sto\u0142owych grach RPG, przekszta\u0142ca st\u00f3\u0142 w krajobraz pe\u0142en cud\u00f3w i wyzwa\u0144 taktycznych. Niezale\u017cnie od tego, czy wyobra\u017casz sobie zapomniane sanktuarium czarnoksi\u0119\u017cnika, rozpadaj\u0105cy si\u0119 bastion przeciwko pustynnym naje\u017ad\u017acom, czy tajemnicze ruiny skrywaj\u0105ce sekrety, ta pustynna wie\u017ca rozpali wyobra\u017ani\u0119 twojej kampanii.<\/p>\n<p data-sourcepos=\"15:1-15:33\"><strong>Funkcje, kt\u00f3re nap\u0119dz\u0105 Twoje przygody:<\/strong><\/p>\n<ul data-sourcepos=\"17:1-17:56\">\n<li data-sourcepos=\"17:1-17:56\"><strong>Echa zaginionych cywilizacji: <\/strong>Skomplikowane rze\u017abienia, zu\u017cyte tekstury piaskowca i by\u0107 mo\u017ce odrobina migocz\u0105cej magii zach\u0119caj\u0105 do epickich opowie\u015bci. Czy jest to relikt zapomnianego ludu, czy te\u017c roi si\u0119 od niewidzialnych niebezpiecze\u0144stw, kt\u00f3re musz\u0105 pokona\u0107 twoi bohaterowie?<\/li>\n<li data-sourcepos=\"18:1-18:261\"><strong>Mo\u017cliwo\u015b\u0107 dostosowania do w\u0142asnych wizji: <\/strong>Ta wytrzyma\u0142a wie\u017ca PLA, dostarczana w stanie niepomalowanym, jest gotowa na twoj\u0105 kreatywno\u015b\u0107. Stw\u00f3rz spalone s\u0142o\u0144cem ruiny zagubione na wydmach, t\u0119tni\u0105c\u0105 \u017cyciem wie\u017c\u0119 z ozdobnymi wzorami lub z\u0142owrog\u0105 plac\u00f3wk\u0119 pe\u0142n\u0105 mrocznej magii &#8211; tw\u00f3j p\u0119dzel opowiada histori\u0119.<\/li>\n<li data-sourcepos=\"19:1-19:228\"><strong>Scena dla heroicznych czyn\u00f3w i przebieg\u0142ej strategii: <\/strong>Jej strategiczna wysoko\u015b\u0107 i potencjalny uk\u0142ad wn\u0119trza sprawiaj\u0105, \u017ce ta wie\u017ca jest czym\u015b wi\u0119cej ni\u017c tylko sceneri\u0105. Wyobra\u017a sobie napi\u0119te potyczki Warhammera na jego balkonach lub przebieg\u0142e D&amp;D w ukrytych komnatach.<\/li>\n<li data-sourcepos=\"20:1-20:190\"><strong>Serce pustynnego imperium:<\/strong> Po\u0142\u0105cz go z innymi elementami Miasta Intryg (murami, bramami itp.), aby zaprojektowa\u0107 rozleg\u0142y, tematyczny krajobraz gotowy do konfliktu, handlu lub magicznej eksploracji.<\/li>\n<li data-sourcepos=\"21:1-22:0\"><strong>Zbudowana dla twojej sagi:<\/strong> Ta szczeg\u00f3\u0142owa wie\u017ca, stworzona z my\u015bl\u0105 o niezliczonych kampaniach, wytrzyma nawet najbardziej intensywne bitwy.<\/li>\n<\/ul>\n<p data-sourcepos=\"23:2-23:21\"><strong>Specyfikacje:<\/strong><\/p>\n<ul data-sourcepos=\"25:1-27:0\">\n<li data-sourcepos=\"25:1-25:53\">Wymiary: Oko\u0142o 15,98 cm x 15,98 cm x 22 cm<\/li>\n<li data-sourcepos=\"26:1-27:0\">Waga: 265 gram\u00f3w<\/li>\n<\/ul>\n<p data-sourcepos=\"28:1-28:26\"><strong>Uwolnij swoj\u0105 wyobra\u017ani\u0119 \u2013 Zam\u00f3w swoj\u0105 Pustynn\u0105 Wie\u017c\u0119 ju\u017c dzi\u015b!<\/strong><\/p>\n","protected":false},"excerpt":{"rendered":"<p>Wyrusz w podr\u00f3\u017c do pustynnych krain i ukrytych magicznych enklaw dzi\u0119ki tej starannie wykonanej pustynnej wie\u017cy. Skalowany z my\u015bl\u0105 o ekscytuj\u0105cych bitwach i g\u0142\u0119bi narracji w ulubionych grach wojennych 28\/32 mm i sto\u0142owych grach RPG, przekszta\u0142ca st\u00f3\u0142 w krajobraz pe\u0142en cud\u00f3w i wyzwa\u0144 taktycznych.<\/p>\n","protected":false},"featured_media":18504,"comment_status":"open","ping_status":"closed","template":"","meta":[],"product_cat":[3138,3137],"product_tag":[],"yoast_head":"<!-- This site is optimized with the Yoast SEO Premium plugin v22.9 (Yoast SEO v22.9) - https:\/\/yoast.com\/wordpress\/plugins\/seo\/ -->\n<title>Teren Pustynnej Wie\u017cy | D&amp;D, Warhammer | Mistyczna Sceneria<\/title>\n<meta name=\"description\" content=\"Dodaj pustynn\u0105 intryg\u0119 do swoich gier D&amp;D lub Warhammera! Niemalowany teren Pustynnej Wie\u017cy, wytrzyma\u0142y PLA, stworzony do epickich bitew i tajemniczych spotka\u0144.\" \/>\n<meta name=\"robots\" content=\"index, follow, max-snippet:-1, max-image-preview:large, max-video-preview:-1\" \/>\n<link rel=\"canonical\" href=\"https:\/\/3dvikingsstore.com\/pl\/shop\/teren-pustynnej-wiezy-dd-warhammer-mistyczna-i-bitewna-sceneria-28-32mm\/\" \/>\n<meta property=\"og:locale\" content=\"pl_PL\" \/>\n<meta property=\"og:type\" content=\"article\" \/>\n<meta property=\"og:title\" content=\"Teren Pustynnej Wie\u017cy | D&amp;D, Warhammer | Mistyczna i Bitewna Sceneria (28\/32mm)\" \/>\n<meta property=\"og:description\" content=\"Dodaj pustynn\u0105 intryg\u0119 do swoich gier D&amp;D lub Warhammera! Niemalowany teren Pustynnej Wie\u017cy, wytrzyma\u0142y PLA, stworzony do epickich bitew i tajemniczych spotka\u0144.\" \/>\n<meta property=\"og:url\" content=\"https:\/\/3dvikingsstore.com\/pl\/shop\/teren-pustynnej-wiezy-dd-warhammer-mistyczna-i-bitewna-sceneria-28-32mm\/\" \/>\n<meta property=\"og:site_name\" content=\"3D Vikings Store\" \/>\n<meta property=\"og:image\" content=\"https:\/\/3dvikingsstore.com\/wp-content\/uploads\/2024\/02\/City-of-Intrigues-Tower-1024x1024.png\" \/>\n\t<meta property=\"og:image:width\" content=\"1024\" \/>\n\t<meta property=\"og:image:height\" content=\"1024\" \/>\n\t<meta property=\"og:image:type\" content=\"image\/png\" \/>\n<meta name=\"twitter:card\" content=\"summary_large_image\" \/>\n<meta name=\"twitter:label1\" content=\"Szacowany czas czytania\" \/>\n\t<meta name=\"twitter:data1\" content=\"2 minuty\" \/>\n<script type=\"application\/ld+json\" class=\"yoast-schema-graph\">{\"@context\":\"https:\/\/schema.org\",\"@graph\":[{\"@type\":[\"WebPage\",\"ItemPage\"],\"@id\":\"https:\/\/3dvikingsstore.com\/pl\/shop\/teren-pustynnej-wiezy-dd-warhammer-mistyczna-i-bitewna-sceneria-28-32mm\/\",\"url\":\"https:\/\/3dvikingsstore.com\/pl\/shop\/teren-pustynnej-wiezy-dd-warhammer-mistyczna-i-bitewna-sceneria-28-32mm\/\",\"name\":\"Teren Pustynnej Wie\u017cy | D&D, Warhammer | Mistyczna Sceneria\",\"isPartOf\":{\"@id\":\"https:\/\/3dvikingsstore.com\/pl\/#website\"},\"primaryImageOfPage\":{\"@id\":\"https:\/\/3dvikingsstore.com\/pl\/shop\/teren-pustynnej-wiezy-dd-warhammer-mistyczna-i-bitewna-sceneria-28-32mm\/#primaryimage\"},\"image\":{\"@id\":\"https:\/\/3dvikingsstore.com\/pl\/shop\/teren-pustynnej-wiezy-dd-warhammer-mistyczna-i-bitewna-sceneria-28-32mm\/#primaryimage\"},\"thumbnailUrl\":\"https:\/\/3dvikingsstore.com\/wp-content\/uploads\/2024\/02\/City-of-Intrigues-Tower.png\",\"datePublished\":\"2024-02-20T17:59:35+00:00\",\"dateModified\":\"2024-02-20T17:59:35+00:00\",\"description\":\"Dodaj pustynn\u0105 intryg\u0119 do swoich gier D&D lub Warhammera! Niemalowany teren Pustynnej Wie\u017cy, wytrzyma\u0142y PLA, stworzony do epickich bitew i tajemniczych spotka\u0144.\",\"breadcrumb\":{\"@id\":\"https:\/\/3dvikingsstore.com\/pl\/shop\/teren-pustynnej-wiezy-dd-warhammer-mistyczna-i-bitewna-sceneria-28-32mm\/#breadcrumb\"},\"inLanguage\":\"pl-PL\",\"potentialAction\":[{\"@type\":\"ReadAction\",\"target\":[\"https:\/\/3dvikingsstore.com\/pl\/shop\/teren-pustynnej-wiezy-dd-warhammer-mistyczna-i-bitewna-sceneria-28-32mm\/\"]}]},{\"@type\":\"ImageObject\",\"inLanguage\":\"pl-PL\",\"@id\":\"https:\/\/3dvikingsstore.com\/pl\/shop\/teren-pustynnej-wiezy-dd-warhammer-mistyczna-i-bitewna-sceneria-28-32mm\/#primaryimage\",\"url\":\"https:\/\/3dvikingsstore.com\/wp-content\/uploads\/2024\/02\/City-of-Intrigues-Tower.png\",\"contentUrl\":\"https:\/\/3dvikingsstore.com\/wp-content\/uploads\/2024\/02\/City-of-Intrigues-Tower.png\",\"width\":2480,\"height\":2480},{\"@type\":\"BreadcrumbList\",\"@id\":\"https:\/\/3dvikingsstore.com\/pl\/shop\/teren-pustynnej-wiezy-dd-warhammer-mistyczna-i-bitewna-sceneria-28-32mm\/#breadcrumb\",\"itemListElement\":[{\"@type\":\"ListItem\",\"position\":1,\"name\":\"Home\",\"item\":\"https:\/\/3dvikingsstore.com\/pl\/\"},{\"@type\":\"ListItem\",\"position\":2,\"name\":\"Shop\",\"item\":\"https:\/\/3dvikingsstore.com\/shop\/\"},{\"@type\":\"ListItem\",\"position\":3,\"name\":\"Teren Pustynnej Wie\u017cy | D&amp;D, Warhammer | Mistyczna i Bitewna Sceneria (28\/32mm)\"}]},{\"@type\":\"WebSite\",\"@id\":\"https:\/\/3dvikingsstore.com\/pl\/#website\",\"url\":\"https:\/\/3dvikingsstore.com\/pl\/\",\"name\":\"3D Vikings Store\",\"description\":\"Dekoracje i Akcesoria do Gier Planszowych i Sto\u0142owych\",\"publisher\":{\"@id\":\"https:\/\/3dvikingsstore.com\/pl\/#organization\"},\"potentialAction\":[{\"@type\":\"SearchAction\",\"target\":{\"@type\":\"EntryPoint\",\"urlTemplate\":\"https:\/\/3dvikingsstore.com\/pl\/?s={search_term_string}\"},\"query-input\":\"required name=search_term_string\"}],\"inLanguage\":\"pl-PL\"},{\"@type\":\"Organization\",\"@id\":\"https:\/\/3dvikingsstore.com\/pl\/#organization\",\"name\":\"3D Vikings Store\",\"url\":\"https:\/\/3dvikingsstore.com\/pl\/\",\"logo\":{\"@type\":\"ImageObject\",\"inLanguage\":\"pl-PL\",\"@id\":\"https:\/\/3dvikingsstore.com\/pl\/#\/schema\/logo\/image\/\",\"url\":\"https:\/\/3dvikingsstore.com\/wp-content\/uploads\/2020\/03\/3dvikings-logo-karge-white.jpg\",\"contentUrl\":\"https:\/\/3dvikingsstore.com\/wp-content\/uploads\/2020\/03\/3dvikings-logo-karge-white.jpg\",\"width\":800,\"height\":800,\"caption\":\"3D Vikings Store\"},\"image\":{\"@id\":\"https:\/\/3dvikingsstore.com\/pl\/#\/schema\/logo\/image\/\"}}]}<\/script>\n<!-- \/ Yoast SEO Premium plugin. -->","yoast_head_json":{"title":"Teren Pustynnej Wie\u017cy | D&D, Warhammer | Mistyczna Sceneria","description":"Dodaj pustynn\u0105 intryg\u0119 do swoich gier D&D lub Warhammera! Niemalowany teren Pustynnej Wie\u017cy, wytrzyma\u0142y PLA, stworzony do epickich bitew i tajemniczych spotka\u0144.","robots":{"index":"index","follow":"follow","max-snippet":"max-snippet:-1","max-image-preview":"max-image-preview:large","max-video-preview":"max-video-preview:-1"},"canonical":"https:\/\/3dvikingsstore.com\/pl\/shop\/teren-pustynnej-wiezy-dd-warhammer-mistyczna-i-bitewna-sceneria-28-32mm\/","og_locale":"pl_PL","og_type":"article","og_title":"Teren Pustynnej Wie\u017cy | D&amp;D, Warhammer | Mistyczna i Bitewna Sceneria (28\/32mm)","og_description":"Dodaj pustynn\u0105 intryg\u0119 do swoich gier D&D lub Warhammera! Niemalowany teren Pustynnej Wie\u017cy, wytrzyma\u0142y PLA, stworzony do epickich bitew i tajemniczych spotka\u0144.","og_url":"https:\/\/3dvikingsstore.com\/pl\/shop\/teren-pustynnej-wiezy-dd-warhammer-mistyczna-i-bitewna-sceneria-28-32mm\/","og_site_name":"3D Vikings Store","og_image":[{"width":1024,"height":1024,"url":"https:\/\/3dvikingsstore.com\/wp-content\/uploads\/2024\/02\/City-of-Intrigues-Tower-1024x1024.png","type":"image\/png"}],"twitter_card":"summary_large_image","twitter_misc":{"Szacowany czas czytania":"2 minuty"},"schema":{"@context":"https:\/\/schema.org","@graph":[{"@type":["WebPage","ItemPage"],"@id":"https:\/\/3dvikingsstore.com\/pl\/shop\/teren-pustynnej-wiezy-dd-warhammer-mistyczna-i-bitewna-sceneria-28-32mm\/","url":"https:\/\/3dvikingsstore.com\/pl\/shop\/teren-pustynnej-wiezy-dd-warhammer-mistyczna-i-bitewna-sceneria-28-32mm\/","name":"Teren Pustynnej Wie\u017cy | D&D, Warhammer | Mistyczna Sceneria","isPartOf":{"@id":"https:\/\/3dvikingsstore.com\/pl\/#website"},"primaryImageOfPage":{"@id":"https:\/\/3dvikingsstore.com\/pl\/shop\/teren-pustynnej-wiezy-dd-warhammer-mistyczna-i-bitewna-sceneria-28-32mm\/#primaryimage"},"image":{"@id":"https:\/\/3dvikingsstore.com\/pl\/shop\/teren-pustynnej-wiezy-dd-warhammer-mistyczna-i-bitewna-sceneria-28-32mm\/#primaryimage"},"thumbnailUrl":"https:\/\/3dvikingsstore.com\/wp-content\/uploads\/2024\/02\/City-of-Intrigues-Tower.png","datePublished":"2024-02-20T17:59:35+00:00","dateModified":"2024-02-20T17:59:35+00:00","description":"Dodaj pustynn\u0105 intryg\u0119 do swoich gier D&D lub Warhammera! Niemalowany teren Pustynnej Wie\u017cy, wytrzyma\u0142y PLA, stworzony do epickich bitew i tajemniczych spotka\u0144.","breadcrumb":{"@id":"https:\/\/3dvikingsstore.com\/pl\/shop\/teren-pustynnej-wiezy-dd-warhammer-mistyczna-i-bitewna-sceneria-28-32mm\/#breadcrumb"},"inLanguage":"pl-PL","potentialAction":[{"@type":"ReadAction","target":["https:\/\/3dvikingsstore.com\/pl\/shop\/teren-pustynnej-wiezy-dd-warhammer-mistyczna-i-bitewna-sceneria-28-32mm\/"]}]},{"@type":"ImageObject","inLanguage":"pl-PL","@id":"https:\/\/3dvikingsstore.com\/pl\/shop\/teren-pustynnej-wiezy-dd-warhammer-mistyczna-i-bitewna-sceneria-28-32mm\/#primaryimage","url":"https:\/\/3dvikingsstore.com\/wp-content\/uploads\/2024\/02\/City-of-Intrigues-Tower.png","contentUrl":"https:\/\/3dvikingsstore.com\/wp-content\/uploads\/2024\/02\/City-of-Intrigues-Tower.png","width":2480,"height":2480},{"@type":"BreadcrumbList","@id":"https:\/\/3dvikingsstore.com\/pl\/shop\/teren-pustynnej-wiezy-dd-warhammer-mistyczna-i-bitewna-sceneria-28-32mm\/#breadcrumb","itemListElement":[{"@type":"ListItem","position":1,"name":"Home","item":"https:\/\/3dvikingsstore.com\/pl\/"},{"@type":"ListItem","position":2,"name":"Shop","item":"https:\/\/3dvikingsstore.com\/shop\/"},{"@type":"ListItem","position":3,"name":"Teren Pustynnej Wie\u017cy | D&amp;D, Warhammer | Mistyczna i Bitewna Sceneria (28\/32mm)"}]},{"@type":"WebSite","@id":"https:\/\/3dvikingsstore.com\/pl\/#website","url":"https:\/\/3dvikingsstore.com\/pl\/","name":"3D Vikings Store","description":"Dekoracje i Akcesoria do Gier Planszowych i Sto\u0142owych","publisher":{"@id":"https:\/\/3dvikingsstore.com\/pl\/#organization"},"potentialAction":[{"@type":"SearchAction","target":{"@type":"EntryPoint","urlTemplate":"https:\/\/3dvikingsstore.com\/pl\/?s={search_term_string}"},"query-input":"required name=search_term_string"}],"inLanguage":"pl-PL"},{"@type":"Organization","@id":"https:\/\/3dvikingsstore.com\/pl\/#organization","name":"3D Vikings Store","url":"https:\/\/3dvikingsstore.com\/pl\/","logo":{"@type":"ImageObject","inLanguage":"pl-PL","@id":"https:\/\/3dvikingsstore.com\/pl\/#\/schema\/logo\/image\/","url":"https:\/\/3dvikingsstore.com\/wp-content\/uploads\/2020\/03\/3dvikings-logo-karge-white.jpg","contentUrl":"https:\/\/3dvikingsstore.com\/wp-content\/uploads\/2020\/03\/3dvikings-logo-karge-white.jpg","width":800,"height":800,"caption":"3D Vikings Store"},"image":{"@id":"https:\/\/3dvikingsstore.com\/pl\/#\/schema\/logo\/image\/"}}]}},"_links":{"self":[{"href":"https:\/\/3dvikingsstore.com\/pl\/wp-json\/wp\/v2\/product\/18503"}],"collection":[{"href":"https:\/\/3dvikingsstore.com\/pl\/wp-json\/wp\/v2\/product"}],"about":[{"href":"https:\/\/3dvikingsstore.com\/pl\/wp-json\/wp\/v2\/types\/product"}],"replies":[{"embeddable":true,"href":"https:\/\/3dvikingsstore.com\/pl\/wp-json\/wp\/v2\/comments?post=18503"}],"version-history":[{"count":0,"href":"https:\/\/3dvikingsstore.com\/pl\/wp-json\/wp\/v2\/product\/18503\/revisions"}],"wp:featuredmedia":[{"embeddable":true,"href":"https:\/\/3dvikingsstore.com\/pl\/wp-json\/wp\/v2\/media\/18504"}],"wp:attachment":[{"href":"https:\/\/3dvikingsstore.com\/pl\/wp-json\/wp\/v2\/media?parent=18503"}],"wp:term":[{"taxonomy":"product_cat","embeddable":true,"href":"https:\/\/3dvikingsstore.com\/pl\/wp-json\/wp\/v2\/product_cat?post=18503"},{"taxonomy":"product_tag","embeddable":true,"href":"https:\/\/3dvikingsstore.com\/pl\/wp-json\/wp\/v2\/product_tag?post=18503"}],"curies":[{"name":"wp","href":"https:\/\/api.w.org\/{rel}","templated":true}]}}