{"id":18491,"date":"2024-02-21T11:31:55","date_gmt":"2024-02-21T09:31:55","guid":{"rendered":"https:\/\/3dvikingsstore.com\/shop\/zestaw-obozu-orkow-4-szt-wzmocnij-obozy-orkow-w-grach-rpg-i-wojennych-28-32-mm\/"},"modified":"2024-02-21T11:31:55","modified_gmt":"2024-02-21T09:31:55","slug":"zestaw-obozu-orkow-4-szt-wzmocnij-obozy-orkow-w-grach-rpg-i-wojennych-28-32-mm","status":"publish","type":"product","link":"https:\/\/3dvikingsstore.com\/pl\/shop\/zestaw-obozu-orkow-4-szt-wzmocnij-obozy-orkow-w-grach-rpg-i-wojennych-28-32-mm\/","title":{"rendered":"Zestaw obozu ork\u00f3w (4 szt.) | Wzmocnij obozy ork\u00f3w w grach RPG i wojennych | 28\/32 mm"},"content":{"rendered":"<p data-sourcepos=\"9:1-9:51\"><strong>Stw\u00f3rz niezapomniane obozowisko ork\u00f3w: Wci\u0105gaj\u0105cy 4-cz\u0119\u015bciowy zestaw miniaturowego terenu<\/strong><\/p>\n<p data-sourcepos=\"11:1-11:470\">Przenie\u015b nieokie\u0142znanego ducha orkowego \u017cycia na sw\u00f3j st\u00f3\u0142! Zaprojektowany z my\u015bl\u0105 o grach wojennych i RPG w skali 28\/32 mm, 4-cz\u0119\u015bciowy zestaw Orc Camp przekszta\u0142ca pola bitew i mapy kampanii w enklawy godne przera\u017caj\u0105cej hordy. Wyobra\u017a sobie starcia przed zniszczon\u0105 bitw\u0105 chat\u0105, strategi\u0119 pod imponuj\u0105cym sztandarem lub zielonosk\u00f3rych bohater\u00f3w chrz\u0105kaj\u0105cych przy trzaskaj\u0105cym ognisku&#8230; dzi\u0119ki temu niepomalowanemu zestawowi te kultowe sceny stan\u0105 si\u0119 jak najbardziej realne.<\/p>\n<p data-sourcepos=\"13:1-13:23\"><strong>Co dostaje tw\u00f3j zesp\u00f3\u0142 wojenny:<\/strong><\/p>\n<ul data-sourcepos=\"15:1-15:56\">\n<li data-sourcepos=\"15:1-15:56\"><strong>Solidna orkowa chata:<\/strong> \u017badnych lichych sza\u0142as\u00f3w! Wyblak\u0142e tekstury drewna i solidna konstrukcja sprawiaj\u0105, \u017ce ta kabina jest centralnym punktem, wok\u00f3\u0142 kt\u00f3rego obracaj\u0105 si\u0119 twoje scenariusze. Niezale\u017cnie od tego, czy jest to ostatnie stanowisko obronne w potyczce Warhammera, czy zacienione miejsce spotka\u0144 podczas najazdu D&amp;D, podsyca dramaturgi\u0119.<\/li>\n<li data-sourcepos=\"16:1-16:259\"><strong>Sztandar Pot\u0119gi:<\/strong> Zasad\u017a go z dum\u0105! Ten szczeg\u00f3\u0142owy baner to nie tylko dekoracja. Czy b\u0119dzie oznacza\u0107 niedawno zdobyte terytorium, s\u0142u\u017cy\u0107 jako punkt zborny przeciwko naje\u017ad\u017acom, a nawet zawiera\u0107 prymitywnie namalowane gro\u017aby dla rywalizuj\u0105cych klan\u00f3w, w zale\u017cno\u015bci od zwrot\u00f3w akcji?<\/li>\n<li data-sourcepos=\"17:1-17:147\"><strong>Trzaskaj\u0105ce ognisko:<\/strong> Serce ka\u017cdej obozowej sceny. Dodaje blasku realizmu na stole i jest idealny do napi\u0119tego planowania taktycznego, raczenia \u017co\u0142nierzy bohaterskimi opowie\u015bciami lub z\u0142owieszczej ciszy przed zasadzk\u0105&#8230;<\/li>\n<li data-sourcepos=\"18:1-19:0\"><strong>Rustykalna \u0142awka: <\/strong>Wi\u0119cej ni\u017c tylko akcent, oferuje praktyczn\u0105 r\u00f3\u017cnorodno\u015b\u0107. Wyobra\u017a sobie zm\u0119czonych ork\u00f3w odpoczywaj\u0105cych, wi\u0119\u017ani\u00f3w przywi\u0105zanych do niego, a nawet prymitywny &#8222;tron&#8221; wodza &#8211; dostosowuje si\u0119 do twojej fabu\u0142y.<\/li>\n<\/ul>\n<p data-sourcepos=\"20:1-20:254\"><strong>Niepomalowany dla TWOJEGO ducha hordy:<\/strong> Ten niepomalowany zestaw oferuje niesko\u0144czone mo\u017cliwo\u015bci pokazania unikalnego charakteru twoich si\u0142 ork\u00f3w. Czy b\u0119d\u0105 dumnie eksponowa\u0107 barwy swojego klanu na sztandarze, czy te\u017c pozostawi\u0105 kabin\u0119 na naturaln\u0105 pogod\u0119, aby uzyska\u0107 bardziej ponury ton?<\/p>\n","protected":false},"excerpt":{"rendered":"<p>Przenie\u015b nieokie\u0142znanego ducha orkowego \u017cycia na sw\u00f3j st\u00f3\u0142! Zaprojektowany z my\u015bl\u0105 o grach wojennych i RPG w skali 28\/32 mm, 4-cz\u0119\u015bciowy zestaw Orc Camp przekszta\u0142ca pola bitew i mapy kampanii w enklawy godne przera\u017caj\u0105cej hordy. Wyobra\u017a sobie starcia przed zniszczon\u0105 bitw\u0105 chat\u0105, strategi\u0119 pod imponuj\u0105cym sztandarem lub zielonosk\u00f3rych bohater\u00f3w chrz\u0105kaj\u0105cych przy trzaskaj\u0105cym ognisku&#8230; dzi\u0119ki temu niepomalowanemu zestawowi te kultowe sceny stan\u0105 si\u0119 jak najbardziej realne.<\/p>\n","protected":false},"featured_media":18492,"comment_status":"open","ping_status":"closed","template":"","meta":[],"product_cat":[3138,3137],"product_tag":[],"yoast_head":"<!-- This site is optimized with the Yoast SEO Premium plugin v22.9 (Yoast SEO v22.9) - https:\/\/yoast.com\/wordpress\/plugins\/seo\/ -->\n<title>Zestaw obozu ork\u00f3w (4 szt.), Wzmocnij obozy ork\u00f3w w grach RPG i Wargame<\/title>\n<meta name=\"description\" content=\"Zbuduj swoj\u0105 orkow\u0105 twierdz\u0119! 4 niepomalowane elementy terenu: Chata ork\u00f3w, sztandar, ognisko, \u0142awka. Idealny do D&amp;D, Warhammera i innych gier sto\u0142owych.\" \/>\n<meta name=\"robots\" content=\"index, follow, max-snippet:-1, max-image-preview:large, max-video-preview:-1\" \/>\n<link rel=\"canonical\" href=\"https:\/\/3dvikingsstore.com\/pl\/shop\/zestaw-obozu-orkow-4-szt-wzmocnij-obozy-orkow-w-grach-rpg-i-wojennych-28-32-mm\/\" \/>\n<meta property=\"og:locale\" content=\"pl_PL\" \/>\n<meta property=\"og:type\" content=\"article\" \/>\n<meta property=\"og:title\" content=\"Zestaw obozu ork\u00f3w (4 szt.) | Wzmocnij obozy ork\u00f3w w grach RPG i wojennych | 28\/32 mm\" \/>\n<meta property=\"og:description\" content=\"Zbuduj swoj\u0105 orkow\u0105 twierdz\u0119! 4 niepomalowane elementy terenu: Chata ork\u00f3w, sztandar, ognisko, \u0142awka. Idealny do D&amp;D, Warhammera i innych gier sto\u0142owych.\" \/>\n<meta property=\"og:url\" content=\"https:\/\/3dvikingsstore.com\/pl\/shop\/zestaw-obozu-orkow-4-szt-wzmocnij-obozy-orkow-w-grach-rpg-i-wojennych-28-32-mm\/\" \/>\n<meta property=\"og:site_name\" content=\"3D Vikings Store\" \/>\n<meta property=\"og:image\" content=\"https:\/\/3dvikingsstore.com\/wp-content\/uploads\/2024\/02\/DSC_7238-1024x1024.png\" \/>\n\t<meta property=\"og:image:width\" content=\"1024\" \/>\n\t<meta property=\"og:image:height\" content=\"1024\" \/>\n\t<meta property=\"og:image:type\" content=\"image\/png\" \/>\n<meta name=\"twitter:card\" content=\"summary_large_image\" \/>\n<meta name=\"twitter:label1\" content=\"Szacowany czas czytania\" \/>\n\t<meta name=\"twitter:data1\" content=\"2 minuty\" \/>\n<script type=\"application\/ld+json\" class=\"yoast-schema-graph\">{\"@context\":\"https:\/\/schema.org\",\"@graph\":[{\"@type\":[\"WebPage\",\"ItemPage\"],\"@id\":\"https:\/\/3dvikingsstore.com\/pl\/shop\/zestaw-obozu-orkow-4-szt-wzmocnij-obozy-orkow-w-grach-rpg-i-wojennych-28-32-mm\/\",\"url\":\"https:\/\/3dvikingsstore.com\/pl\/shop\/zestaw-obozu-orkow-4-szt-wzmocnij-obozy-orkow-w-grach-rpg-i-wojennych-28-32-mm\/\",\"name\":\"Zestaw obozu ork\u00f3w (4 szt.), Wzmocnij obozy ork\u00f3w w grach RPG i Wargame\",\"isPartOf\":{\"@id\":\"https:\/\/3dvikingsstore.com\/pl\/#website\"},\"primaryImageOfPage\":{\"@id\":\"https:\/\/3dvikingsstore.com\/pl\/shop\/zestaw-obozu-orkow-4-szt-wzmocnij-obozy-orkow-w-grach-rpg-i-wojennych-28-32-mm\/#primaryimage\"},\"image\":{\"@id\":\"https:\/\/3dvikingsstore.com\/pl\/shop\/zestaw-obozu-orkow-4-szt-wzmocnij-obozy-orkow-w-grach-rpg-i-wojennych-28-32-mm\/#primaryimage\"},\"thumbnailUrl\":\"https:\/\/3dvikingsstore.com\/wp-content\/uploads\/2024\/02\/DSC_7238.png\",\"datePublished\":\"2024-02-21T09:31:55+00:00\",\"dateModified\":\"2024-02-21T09:31:55+00:00\",\"description\":\"Zbuduj swoj\u0105 orkow\u0105 twierdz\u0119! 4 niepomalowane elementy terenu: Chata ork\u00f3w, sztandar, ognisko, \u0142awka. Idealny do D&D, Warhammera i innych gier sto\u0142owych.\",\"breadcrumb\":{\"@id\":\"https:\/\/3dvikingsstore.com\/pl\/shop\/zestaw-obozu-orkow-4-szt-wzmocnij-obozy-orkow-w-grach-rpg-i-wojennych-28-32-mm\/#breadcrumb\"},\"inLanguage\":\"pl-PL\",\"potentialAction\":[{\"@type\":\"ReadAction\",\"target\":[\"https:\/\/3dvikingsstore.com\/pl\/shop\/zestaw-obozu-orkow-4-szt-wzmocnij-obozy-orkow-w-grach-rpg-i-wojennych-28-32-mm\/\"]}]},{\"@type\":\"ImageObject\",\"inLanguage\":\"pl-PL\",\"@id\":\"https:\/\/3dvikingsstore.com\/pl\/shop\/zestaw-obozu-orkow-4-szt-wzmocnij-obozy-orkow-w-grach-rpg-i-wojennych-28-32-mm\/#primaryimage\",\"url\":\"https:\/\/3dvikingsstore.com\/wp-content\/uploads\/2024\/02\/DSC_7238.png\",\"contentUrl\":\"https:\/\/3dvikingsstore.com\/wp-content\/uploads\/2024\/02\/DSC_7238.png\",\"width\":3376,\"height\":3376},{\"@type\":\"BreadcrumbList\",\"@id\":\"https:\/\/3dvikingsstore.com\/pl\/shop\/zestaw-obozu-orkow-4-szt-wzmocnij-obozy-orkow-w-grach-rpg-i-wojennych-28-32-mm\/#breadcrumb\",\"itemListElement\":[{\"@type\":\"ListItem\",\"position\":1,\"name\":\"Home\",\"item\":\"https:\/\/3dvikingsstore.com\/pl\/\"},{\"@type\":\"ListItem\",\"position\":2,\"name\":\"Shop\",\"item\":\"https:\/\/3dvikingsstore.com\/shop\/\"},{\"@type\":\"ListItem\",\"position\":3,\"name\":\"Zestaw obozu ork\u00f3w (4 szt.) | Wzmocnij obozy ork\u00f3w w grach RPG i wojennych | 28\/32 mm\"}]},{\"@type\":\"WebSite\",\"@id\":\"https:\/\/3dvikingsstore.com\/pl\/#website\",\"url\":\"https:\/\/3dvikingsstore.com\/pl\/\",\"name\":\"3D Vikings Store\",\"description\":\"Dekoracje i Akcesoria do Gier Planszowych i Sto\u0142owych\",\"publisher\":{\"@id\":\"https:\/\/3dvikingsstore.com\/pl\/#organization\"},\"potentialAction\":[{\"@type\":\"SearchAction\",\"target\":{\"@type\":\"EntryPoint\",\"urlTemplate\":\"https:\/\/3dvikingsstore.com\/pl\/?s={search_term_string}\"},\"query-input\":\"required name=search_term_string\"}],\"inLanguage\":\"pl-PL\"},{\"@type\":\"Organization\",\"@id\":\"https:\/\/3dvikingsstore.com\/pl\/#organization\",\"name\":\"3D Vikings Store\",\"url\":\"https:\/\/3dvikingsstore.com\/pl\/\",\"logo\":{\"@type\":\"ImageObject\",\"inLanguage\":\"pl-PL\",\"@id\":\"https:\/\/3dvikingsstore.com\/pl\/#\/schema\/logo\/image\/\",\"url\":\"https:\/\/3dvikingsstore.com\/wp-content\/uploads\/2020\/03\/3dvikings-logo-karge-white.jpg\",\"contentUrl\":\"https:\/\/3dvikingsstore.com\/wp-content\/uploads\/2020\/03\/3dvikings-logo-karge-white.jpg\",\"width\":800,\"height\":800,\"caption\":\"3D Vikings Store\"},\"image\":{\"@id\":\"https:\/\/3dvikingsstore.com\/pl\/#\/schema\/logo\/image\/\"}}]}<\/script>\n<!-- \/ Yoast SEO Premium plugin. -->","yoast_head_json":{"title":"Zestaw obozu ork\u00f3w (4 szt.), Wzmocnij obozy ork\u00f3w w grach RPG i Wargame","description":"Zbuduj swoj\u0105 orkow\u0105 twierdz\u0119! 4 niepomalowane elementy terenu: Chata ork\u00f3w, sztandar, ognisko, \u0142awka. Idealny do D&D, Warhammera i innych gier sto\u0142owych.","robots":{"index":"index","follow":"follow","max-snippet":"max-snippet:-1","max-image-preview":"max-image-preview:large","max-video-preview":"max-video-preview:-1"},"canonical":"https:\/\/3dvikingsstore.com\/pl\/shop\/zestaw-obozu-orkow-4-szt-wzmocnij-obozy-orkow-w-grach-rpg-i-wojennych-28-32-mm\/","og_locale":"pl_PL","og_type":"article","og_title":"Zestaw obozu ork\u00f3w (4 szt.) | Wzmocnij obozy ork\u00f3w w grach RPG i wojennych | 28\/32 mm","og_description":"Zbuduj swoj\u0105 orkow\u0105 twierdz\u0119! 4 niepomalowane elementy terenu: Chata ork\u00f3w, sztandar, ognisko, \u0142awka. Idealny do D&D, Warhammera i innych gier sto\u0142owych.","og_url":"https:\/\/3dvikingsstore.com\/pl\/shop\/zestaw-obozu-orkow-4-szt-wzmocnij-obozy-orkow-w-grach-rpg-i-wojennych-28-32-mm\/","og_site_name":"3D Vikings Store","og_image":[{"width":1024,"height":1024,"url":"https:\/\/3dvikingsstore.com\/wp-content\/uploads\/2024\/02\/DSC_7238-1024x1024.png","type":"image\/png"}],"twitter_card":"summary_large_image","twitter_misc":{"Szacowany czas czytania":"2 minuty"},"schema":{"@context":"https:\/\/schema.org","@graph":[{"@type":["WebPage","ItemPage"],"@id":"https:\/\/3dvikingsstore.com\/pl\/shop\/zestaw-obozu-orkow-4-szt-wzmocnij-obozy-orkow-w-grach-rpg-i-wojennych-28-32-mm\/","url":"https:\/\/3dvikingsstore.com\/pl\/shop\/zestaw-obozu-orkow-4-szt-wzmocnij-obozy-orkow-w-grach-rpg-i-wojennych-28-32-mm\/","name":"Zestaw obozu ork\u00f3w (4 szt.), Wzmocnij obozy ork\u00f3w w grach RPG i Wargame","isPartOf":{"@id":"https:\/\/3dvikingsstore.com\/pl\/#website"},"primaryImageOfPage":{"@id":"https:\/\/3dvikingsstore.com\/pl\/shop\/zestaw-obozu-orkow-4-szt-wzmocnij-obozy-orkow-w-grach-rpg-i-wojennych-28-32-mm\/#primaryimage"},"image":{"@id":"https:\/\/3dvikingsstore.com\/pl\/shop\/zestaw-obozu-orkow-4-szt-wzmocnij-obozy-orkow-w-grach-rpg-i-wojennych-28-32-mm\/#primaryimage"},"thumbnailUrl":"https:\/\/3dvikingsstore.com\/wp-content\/uploads\/2024\/02\/DSC_7238.png","datePublished":"2024-02-21T09:31:55+00:00","dateModified":"2024-02-21T09:31:55+00:00","description":"Zbuduj swoj\u0105 orkow\u0105 twierdz\u0119! 4 niepomalowane elementy terenu: Chata ork\u00f3w, sztandar, ognisko, \u0142awka. Idealny do D&D, Warhammera i innych gier sto\u0142owych.","breadcrumb":{"@id":"https:\/\/3dvikingsstore.com\/pl\/shop\/zestaw-obozu-orkow-4-szt-wzmocnij-obozy-orkow-w-grach-rpg-i-wojennych-28-32-mm\/#breadcrumb"},"inLanguage":"pl-PL","potentialAction":[{"@type":"ReadAction","target":["https:\/\/3dvikingsstore.com\/pl\/shop\/zestaw-obozu-orkow-4-szt-wzmocnij-obozy-orkow-w-grach-rpg-i-wojennych-28-32-mm\/"]}]},{"@type":"ImageObject","inLanguage":"pl-PL","@id":"https:\/\/3dvikingsstore.com\/pl\/shop\/zestaw-obozu-orkow-4-szt-wzmocnij-obozy-orkow-w-grach-rpg-i-wojennych-28-32-mm\/#primaryimage","url":"https:\/\/3dvikingsstore.com\/wp-content\/uploads\/2024\/02\/DSC_7238.png","contentUrl":"https:\/\/3dvikingsstore.com\/wp-content\/uploads\/2024\/02\/DSC_7238.png","width":3376,"height":3376},{"@type":"BreadcrumbList","@id":"https:\/\/3dvikingsstore.com\/pl\/shop\/zestaw-obozu-orkow-4-szt-wzmocnij-obozy-orkow-w-grach-rpg-i-wojennych-28-32-mm\/#breadcrumb","itemListElement":[{"@type":"ListItem","position":1,"name":"Home","item":"https:\/\/3dvikingsstore.com\/pl\/"},{"@type":"ListItem","position":2,"name":"Shop","item":"https:\/\/3dvikingsstore.com\/shop\/"},{"@type":"ListItem","position":3,"name":"Zestaw obozu ork\u00f3w (4 szt.) | Wzmocnij obozy ork\u00f3w w grach RPG i wojennych | 28\/32 mm"}]},{"@type":"WebSite","@id":"https:\/\/3dvikingsstore.com\/pl\/#website","url":"https:\/\/3dvikingsstore.com\/pl\/","name":"3D Vikings Store","description":"Dekoracje i Akcesoria do Gier Planszowych i Sto\u0142owych","publisher":{"@id":"https:\/\/3dvikingsstore.com\/pl\/#organization"},"potentialAction":[{"@type":"SearchAction","target":{"@type":"EntryPoint","urlTemplate":"https:\/\/3dvikingsstore.com\/pl\/?s={search_term_string}"},"query-input":"required name=search_term_string"}],"inLanguage":"pl-PL"},{"@type":"Organization","@id":"https:\/\/3dvikingsstore.com\/pl\/#organization","name":"3D Vikings Store","url":"https:\/\/3dvikingsstore.com\/pl\/","logo":{"@type":"ImageObject","inLanguage":"pl-PL","@id":"https:\/\/3dvikingsstore.com\/pl\/#\/schema\/logo\/image\/","url":"https:\/\/3dvikingsstore.com\/wp-content\/uploads\/2020\/03\/3dvikings-logo-karge-white.jpg","contentUrl":"https:\/\/3dvikingsstore.com\/wp-content\/uploads\/2020\/03\/3dvikings-logo-karge-white.jpg","width":800,"height":800,"caption":"3D Vikings Store"},"image":{"@id":"https:\/\/3dvikingsstore.com\/pl\/#\/schema\/logo\/image\/"}}]}},"_links":{"self":[{"href":"https:\/\/3dvikingsstore.com\/pl\/wp-json\/wp\/v2\/product\/18491"}],"collection":[{"href":"https:\/\/3dvikingsstore.com\/pl\/wp-json\/wp\/v2\/product"}],"about":[{"href":"https:\/\/3dvikingsstore.com\/pl\/wp-json\/wp\/v2\/types\/product"}],"replies":[{"embeddable":true,"href":"https:\/\/3dvikingsstore.com\/pl\/wp-json\/wp\/v2\/comments?post=18491"}],"version-history":[{"count":0,"href":"https:\/\/3dvikingsstore.com\/pl\/wp-json\/wp\/v2\/product\/18491\/revisions"}],"wp:featuredmedia":[{"embeddable":true,"href":"https:\/\/3dvikingsstore.com\/pl\/wp-json\/wp\/v2\/media\/18492"}],"wp:attachment":[{"href":"https:\/\/3dvikingsstore.com\/pl\/wp-json\/wp\/v2\/media?parent=18491"}],"wp:term":[{"taxonomy":"product_cat","embeddable":true,"href":"https:\/\/3dvikingsstore.com\/pl\/wp-json\/wp\/v2\/product_cat?post=18491"},{"taxonomy":"product_tag","embeddable":true,"href":"https:\/\/3dvikingsstore.com\/pl\/wp-json\/wp\/v2\/product_tag?post=18491"}],"curies":[{"name":"wp","href":"https:\/\/api.w.org\/{rel}","templated":true}]}}