{"id":18479,"date":"2024-02-21T14:03:23","date_gmt":"2024-02-21T12:03:23","guid":{"rendered":"https:\/\/3dvikingsstore.com\/shop\/modulowe-barykady-orkow-dynamiczne-pola-bitew-28-32-mm-niepomalowany-teren\/"},"modified":"2024-02-21T14:03:23","modified_gmt":"2024-02-21T12:03:23","slug":"modulowe-barykady-orkow-dynamiczne-pola-bitew-28-32-mm-niepomalowany-teren","status":"publish","type":"product","link":"https:\/\/3dvikingsstore.com\/pl\/shop\/modulowe-barykady-orkow-dynamiczne-pola-bitew-28-32-mm-niepomalowany-teren\/","title":{"rendered":"Modu\u0142owe barykady ork\u00f3w | Dynamiczne pola bitew 28\/32 mm | Niepomalowany teren"},"content":{"rendered":"<p data-sourcepos=\"9:1-9:74\"><strong>Wzmocnij sw\u00f3j ob\u00f3z ork\u00f3w za pomoc\u0105 wszechstronnego modu\u0142owego zestawu barykad i ogrodze\u0144<\/strong><\/p>\n<p data-sourcepos=\"11:1-11:79\">Odnie\u015b zwyci\u0119stwo na stole dzi\u0119ki temu 11-elementowemu zestawowi barykad Ork\u00f3w, kt\u00f3ry doda strategicznej g\u0142\u0119bi twoim krajobrazom 28\/32 mm. Wyobra\u017a sobie brutalne potyczki Warhammera z orkami skulonymi za po\u015bpiesznie zbudowan\u0105 obron\u0105, zdesperowanych bohater\u00f3w D&amp;D walcz\u0105cych o sforsowanie kolczastego ogrodzenia lub rozleg\u0142e granice ca\u0142ego obozu wojennego ork\u00f3w. Dzi\u0119ki modu\u0142owej konstrukcji zestaw ten daje niesko\u0144czone mo\u017cliwo\u015bci taktyczne.<\/p>\n<p data-sourcepos=\"13:1-13:30\"><strong>Zbuduj swoj\u0105 obron\u0119 na sw\u00f3j spos\u00f3b:<\/strong><\/p>\n<ul data-sourcepos=\"15:1-15:222\">\n<li data-sourcepos=\"15:1-15:222\"><strong>To nie tylko zwyk\u0142y mur:<\/strong> To zestaw narz\u0119dzi na pole bitwy. Proste odcinki, sko\u015bne naro\u017cniki, prymitywne bramy&#8230; po\u0142\u0105cz je, aby stworzy\u0107 zgrany fort w locie, kr\u0119t\u0105 lini\u0119 obronn\u0105 lub rozproszone punkty zwrotne do kierowania atakuj\u0105cych.<\/li>\n<li data-sourcepos=\"16:1-16:195\"><strong>Zr\u00f3\u017cnicowana wysoko\u015b\u0107:<\/strong> Uk\u0142adaj elementy w stosy, aby uzyska\u0107 dodatkow\u0105 os\u0142on\u0119 idealn\u0105 dla \u0142ucznik\u00f3w, lub pozw\u00f3l zdesperowanym wojownikom wspina\u0107 si\u0119 po niskich sekcjach w trakcie bitwy. To scenariusz dyktuje kszta\u0142t strefy dzia\u0142a\u0144 wojennych, a nie teren!<\/li>\n<li data-sourcepos=\"17:1-17:172\"><strong>Orcish Grit:<\/strong> To nie s\u0105 nieskazitelne mury zamku. Pomy\u015bl o roz\u0142upanych k\u0142odach, m\u0142otkowanym z\u0142omie&#8230; autentycznie Orky dla tych, kt\u00f3rzy s\u0105 dumni z estetyki swojej armii.<\/li>\n<li data-sourcepos=\"18:1-18:173\"><strong>Uwolnij swojego wewn\u0119trznego wata\u017ck\u0119:<\/strong> Zestaw dostarczany jest niepomalowany, wi\u0119c mo\u017cesz nada\u0107 mu niepowtarzalny charakter. Zwietrza\u0142e drewno, oznaczenia klanowe, a nawet plamy krwi po zwyci\u0119skiej b\u00f3jce &#8211; odzwierciedlaj\u0105 zwyci\u0119stwa Twojej orkowej hordy.<\/li>\n<li data-sourcepos=\"19:1-20:0\"><strong>Wytrzyma\u0142o\u015b\u0107 na epickie kampanie:<\/strong> Wykonane z my\u015bl\u0105 o intensywnym u\u017cytkowaniu, te barykady przetrwaj\u0105 niezliczone bitwy, a ich solidna konstrukcja dopasuje si\u0119 do zaciek\u0142o\u015bci star\u0107.<\/li>\n<\/ul>\n<p data-sourcepos=\"21:1-21:15\"><strong>Specyfikacje:<\/strong><\/p>\n<ul data-sourcepos=\"23:1-26:0\">\n<li data-sourcepos=\"23:1-23:108\">Zestaw zawiera: Zr\u00f3\u017cnicowane sekcje ogrodzenia, sztaplowane elementy barykady (szczeg\u00f3\u0142owy podzia\u0142, je\u015bli b\u0119dzie pomocny dla kupuj\u0105cych)<\/li>\n<li data-sourcepos=\"24:1-24:105\">Wymiary: Przybli\u017cone rozmiary najwi\u0119kszych element\u00f3w (16 cm d\u0142ugo\u015bci itp.) s\u0105 pomocne w wizualizacji konfiguracji.<\/li>\n<li data-sourcepos=\"25:1-26:0\">Waga: Oko\u0142o 300 gram\u00f3w<\/li>\n<\/ul>\n<p data-sourcepos=\"27:1-27:48\"><strong>Zam\u00f3w ju\u017c dzi\u015b &#8211; uczy\u0144 sw\u00f3j ob\u00f3z ork\u00f3w fortec\u0105!<\/strong><\/p>\n","protected":false},"excerpt":{"rendered":"<p>Odnie\u015b zwyci\u0119stwo na stole dzi\u0119ki temu 11-elementowemu zestawowi barykad Ork\u00f3w, kt\u00f3ry doda strategicznej g\u0142\u0119bi twoim krajobrazom 28\/32 mm. Wyobra\u017a sobie brutalne potyczki Warhammera z orkami skulonymi za po\u015bpiesznie zbudowan\u0105 obron\u0105, zdesperowanych bohater\u00f3w D&amp;D walcz\u0105cych o sforsowanie kolczastego ogrodzenia lub rozleg\u0142e granice ca\u0142ego obozu wojennego ork\u00f3w. Dzi\u0119ki modu\u0142owej konstrukcji zestaw ten daje niesko\u0144czone mo\u017cliwo\u015bci taktyczne.<\/p>\n","protected":false},"featured_media":18480,"comment_status":"open","ping_status":"closed","template":"","meta":[],"product_cat":[3137],"product_tag":[],"yoast_head":"<!-- This site is optimized with the Yoast SEO Premium plugin v22.9 (Yoast SEO v22.9) - https:\/\/yoast.com\/wordpress\/plugins\/seo\/ -->\n<title>Modu\u0142owe barykady ork\u00f3w | Buduj dynamiczne pola bitew 28\/32 mm<\/title>\n<meta name=\"description\" content=\"Uwolnij strategiczn\u0105 obron\u0119 ork\u00f3w! 11 modu\u0142owych element\u00f3w barykady, niepomalowanych dla niestandardowego wygl\u0105du. D&amp;D, Warhammer... wasz ob\u00f3z ork\u00f3w trzyma teraz lini\u0119.\" \/>\n<meta name=\"robots\" content=\"index, follow, max-snippet:-1, max-image-preview:large, max-video-preview:-1\" \/>\n<link rel=\"canonical\" href=\"https:\/\/3dvikingsstore.com\/pl\/shop\/modulowe-barykady-orkow-dynamiczne-pola-bitew-28-32-mm-niepomalowany-teren\/\" \/>\n<meta property=\"og:locale\" content=\"pl_PL\" \/>\n<meta property=\"og:type\" content=\"article\" \/>\n<meta property=\"og:title\" content=\"Modu\u0142owe barykady ork\u00f3w | Dynamiczne pola bitew 28\/32 mm | Niepomalowany teren\" \/>\n<meta property=\"og:description\" content=\"Uwolnij strategiczn\u0105 obron\u0119 ork\u00f3w! 11 modu\u0142owych element\u00f3w barykady, niepomalowanych dla niestandardowego wygl\u0105du. D&amp;D, Warhammer... wasz ob\u00f3z ork\u00f3w trzyma teraz lini\u0119.\" \/>\n<meta property=\"og:url\" content=\"https:\/\/3dvikingsstore.com\/pl\/shop\/modulowe-barykady-orkow-dynamiczne-pola-bitew-28-32-mm-niepomalowany-teren\/\" \/>\n<meta property=\"og:site_name\" content=\"3D Vikings Store\" \/>\n<meta property=\"og:image\" content=\"https:\/\/3dvikingsstore.com\/wp-content\/uploads\/2024\/02\/DSC_7171-1024x1024.png\" \/>\n\t<meta property=\"og:image:width\" content=\"1024\" \/>\n\t<meta property=\"og:image:height\" content=\"1024\" \/>\n\t<meta property=\"og:image:type\" content=\"image\/png\" \/>\n<meta name=\"twitter:card\" content=\"summary_large_image\" \/>\n<meta name=\"twitter:label1\" content=\"Szacowany czas czytania\" \/>\n\t<meta name=\"twitter:data1\" content=\"2 minuty\" \/>\n<script type=\"application\/ld+json\" class=\"yoast-schema-graph\">{\"@context\":\"https:\/\/schema.org\",\"@graph\":[{\"@type\":[\"WebPage\",\"ItemPage\"],\"@id\":\"https:\/\/3dvikingsstore.com\/pl\/shop\/modulowe-barykady-orkow-dynamiczne-pola-bitew-28-32-mm-niepomalowany-teren\/\",\"url\":\"https:\/\/3dvikingsstore.com\/pl\/shop\/modulowe-barykady-orkow-dynamiczne-pola-bitew-28-32-mm-niepomalowany-teren\/\",\"name\":\"Modu\u0142owe barykady ork\u00f3w | Buduj dynamiczne pola bitew 28\/32 mm\",\"isPartOf\":{\"@id\":\"https:\/\/3dvikingsstore.com\/pl\/#website\"},\"primaryImageOfPage\":{\"@id\":\"https:\/\/3dvikingsstore.com\/pl\/shop\/modulowe-barykady-orkow-dynamiczne-pola-bitew-28-32-mm-niepomalowany-teren\/#primaryimage\"},\"image\":{\"@id\":\"https:\/\/3dvikingsstore.com\/pl\/shop\/modulowe-barykady-orkow-dynamiczne-pola-bitew-28-32-mm-niepomalowany-teren\/#primaryimage\"},\"thumbnailUrl\":\"https:\/\/3dvikingsstore.com\/wp-content\/uploads\/2024\/02\/DSC_7171.png\",\"datePublished\":\"2024-02-21T12:03:23+00:00\",\"dateModified\":\"2024-02-21T12:03:23+00:00\",\"description\":\"Uwolnij strategiczn\u0105 obron\u0119 ork\u00f3w! 11 modu\u0142owych element\u00f3w barykady, niepomalowanych dla niestandardowego wygl\u0105du. D&D, Warhammer... wasz ob\u00f3z ork\u00f3w trzyma teraz lini\u0119.\",\"breadcrumb\":{\"@id\":\"https:\/\/3dvikingsstore.com\/pl\/shop\/modulowe-barykady-orkow-dynamiczne-pola-bitew-28-32-mm-niepomalowany-teren\/#breadcrumb\"},\"inLanguage\":\"pl-PL\",\"potentialAction\":[{\"@type\":\"ReadAction\",\"target\":[\"https:\/\/3dvikingsstore.com\/pl\/shop\/modulowe-barykady-orkow-dynamiczne-pola-bitew-28-32-mm-niepomalowany-teren\/\"]}]},{\"@type\":\"ImageObject\",\"inLanguage\":\"pl-PL\",\"@id\":\"https:\/\/3dvikingsstore.com\/pl\/shop\/modulowe-barykady-orkow-dynamiczne-pola-bitew-28-32-mm-niepomalowany-teren\/#primaryimage\",\"url\":\"https:\/\/3dvikingsstore.com\/wp-content\/uploads\/2024\/02\/DSC_7171.png\",\"contentUrl\":\"https:\/\/3dvikingsstore.com\/wp-content\/uploads\/2024\/02\/DSC_7171.png\",\"width\":3504,\"height\":3504},{\"@type\":\"BreadcrumbList\",\"@id\":\"https:\/\/3dvikingsstore.com\/pl\/shop\/modulowe-barykady-orkow-dynamiczne-pola-bitew-28-32-mm-niepomalowany-teren\/#breadcrumb\",\"itemListElement\":[{\"@type\":\"ListItem\",\"position\":1,\"name\":\"Home\",\"item\":\"https:\/\/3dvikingsstore.com\/pl\/\"},{\"@type\":\"ListItem\",\"position\":2,\"name\":\"Shop\",\"item\":\"https:\/\/3dvikingsstore.com\/shop\/\"},{\"@type\":\"ListItem\",\"position\":3,\"name\":\"Modu\u0142owe barykady ork\u00f3w | Dynamiczne pola bitew 28\/32 mm | Niepomalowany teren\"}]},{\"@type\":\"WebSite\",\"@id\":\"https:\/\/3dvikingsstore.com\/pl\/#website\",\"url\":\"https:\/\/3dvikingsstore.com\/pl\/\",\"name\":\"3D Vikings Store\",\"description\":\"Dekoracje i Akcesoria do Gier Planszowych i Sto\u0142owych\",\"publisher\":{\"@id\":\"https:\/\/3dvikingsstore.com\/pl\/#organization\"},\"potentialAction\":[{\"@type\":\"SearchAction\",\"target\":{\"@type\":\"EntryPoint\",\"urlTemplate\":\"https:\/\/3dvikingsstore.com\/pl\/?s={search_term_string}\"},\"query-input\":\"required name=search_term_string\"}],\"inLanguage\":\"pl-PL\"},{\"@type\":\"Organization\",\"@id\":\"https:\/\/3dvikingsstore.com\/pl\/#organization\",\"name\":\"3D Vikings Store\",\"url\":\"https:\/\/3dvikingsstore.com\/pl\/\",\"logo\":{\"@type\":\"ImageObject\",\"inLanguage\":\"pl-PL\",\"@id\":\"https:\/\/3dvikingsstore.com\/pl\/#\/schema\/logo\/image\/\",\"url\":\"https:\/\/3dvikingsstore.com\/wp-content\/uploads\/2020\/03\/3dvikings-logo-karge-white.jpg\",\"contentUrl\":\"https:\/\/3dvikingsstore.com\/wp-content\/uploads\/2020\/03\/3dvikings-logo-karge-white.jpg\",\"width\":800,\"height\":800,\"caption\":\"3D Vikings Store\"},\"image\":{\"@id\":\"https:\/\/3dvikingsstore.com\/pl\/#\/schema\/logo\/image\/\"}}]}<\/script>\n<!-- \/ Yoast SEO Premium plugin. -->","yoast_head_json":{"title":"Modu\u0142owe barykady ork\u00f3w | Buduj dynamiczne pola bitew 28\/32 mm","description":"Uwolnij strategiczn\u0105 obron\u0119 ork\u00f3w! 11 modu\u0142owych element\u00f3w barykady, niepomalowanych dla niestandardowego wygl\u0105du. D&D, Warhammer... wasz ob\u00f3z ork\u00f3w trzyma teraz lini\u0119.","robots":{"index":"index","follow":"follow","max-snippet":"max-snippet:-1","max-image-preview":"max-image-preview:large","max-video-preview":"max-video-preview:-1"},"canonical":"https:\/\/3dvikingsstore.com\/pl\/shop\/modulowe-barykady-orkow-dynamiczne-pola-bitew-28-32-mm-niepomalowany-teren\/","og_locale":"pl_PL","og_type":"article","og_title":"Modu\u0142owe barykady ork\u00f3w | Dynamiczne pola bitew 28\/32 mm | Niepomalowany teren","og_description":"Uwolnij strategiczn\u0105 obron\u0119 ork\u00f3w! 11 modu\u0142owych element\u00f3w barykady, niepomalowanych dla niestandardowego wygl\u0105du. D&D, Warhammer... wasz ob\u00f3z ork\u00f3w trzyma teraz lini\u0119.","og_url":"https:\/\/3dvikingsstore.com\/pl\/shop\/modulowe-barykady-orkow-dynamiczne-pola-bitew-28-32-mm-niepomalowany-teren\/","og_site_name":"3D Vikings Store","og_image":[{"width":1024,"height":1024,"url":"https:\/\/3dvikingsstore.com\/wp-content\/uploads\/2024\/02\/DSC_7171-1024x1024.png","type":"image\/png"}],"twitter_card":"summary_large_image","twitter_misc":{"Szacowany czas czytania":"2 minuty"},"schema":{"@context":"https:\/\/schema.org","@graph":[{"@type":["WebPage","ItemPage"],"@id":"https:\/\/3dvikingsstore.com\/pl\/shop\/modulowe-barykady-orkow-dynamiczne-pola-bitew-28-32-mm-niepomalowany-teren\/","url":"https:\/\/3dvikingsstore.com\/pl\/shop\/modulowe-barykady-orkow-dynamiczne-pola-bitew-28-32-mm-niepomalowany-teren\/","name":"Modu\u0142owe barykady ork\u00f3w | Buduj dynamiczne pola bitew 28\/32 mm","isPartOf":{"@id":"https:\/\/3dvikingsstore.com\/pl\/#website"},"primaryImageOfPage":{"@id":"https:\/\/3dvikingsstore.com\/pl\/shop\/modulowe-barykady-orkow-dynamiczne-pola-bitew-28-32-mm-niepomalowany-teren\/#primaryimage"},"image":{"@id":"https:\/\/3dvikingsstore.com\/pl\/shop\/modulowe-barykady-orkow-dynamiczne-pola-bitew-28-32-mm-niepomalowany-teren\/#primaryimage"},"thumbnailUrl":"https:\/\/3dvikingsstore.com\/wp-content\/uploads\/2024\/02\/DSC_7171.png","datePublished":"2024-02-21T12:03:23+00:00","dateModified":"2024-02-21T12:03:23+00:00","description":"Uwolnij strategiczn\u0105 obron\u0119 ork\u00f3w! 11 modu\u0142owych element\u00f3w barykady, niepomalowanych dla niestandardowego wygl\u0105du. D&D, Warhammer... wasz ob\u00f3z ork\u00f3w trzyma teraz lini\u0119.","breadcrumb":{"@id":"https:\/\/3dvikingsstore.com\/pl\/shop\/modulowe-barykady-orkow-dynamiczne-pola-bitew-28-32-mm-niepomalowany-teren\/#breadcrumb"},"inLanguage":"pl-PL","potentialAction":[{"@type":"ReadAction","target":["https:\/\/3dvikingsstore.com\/pl\/shop\/modulowe-barykady-orkow-dynamiczne-pola-bitew-28-32-mm-niepomalowany-teren\/"]}]},{"@type":"ImageObject","inLanguage":"pl-PL","@id":"https:\/\/3dvikingsstore.com\/pl\/shop\/modulowe-barykady-orkow-dynamiczne-pola-bitew-28-32-mm-niepomalowany-teren\/#primaryimage","url":"https:\/\/3dvikingsstore.com\/wp-content\/uploads\/2024\/02\/DSC_7171.png","contentUrl":"https:\/\/3dvikingsstore.com\/wp-content\/uploads\/2024\/02\/DSC_7171.png","width":3504,"height":3504},{"@type":"BreadcrumbList","@id":"https:\/\/3dvikingsstore.com\/pl\/shop\/modulowe-barykady-orkow-dynamiczne-pola-bitew-28-32-mm-niepomalowany-teren\/#breadcrumb","itemListElement":[{"@type":"ListItem","position":1,"name":"Home","item":"https:\/\/3dvikingsstore.com\/pl\/"},{"@type":"ListItem","position":2,"name":"Shop","item":"https:\/\/3dvikingsstore.com\/shop\/"},{"@type":"ListItem","position":3,"name":"Modu\u0142owe barykady ork\u00f3w | Dynamiczne pola bitew 28\/32 mm | Niepomalowany teren"}]},{"@type":"WebSite","@id":"https:\/\/3dvikingsstore.com\/pl\/#website","url":"https:\/\/3dvikingsstore.com\/pl\/","name":"3D Vikings Store","description":"Dekoracje i Akcesoria do Gier Planszowych i Sto\u0142owych","publisher":{"@id":"https:\/\/3dvikingsstore.com\/pl\/#organization"},"potentialAction":[{"@type":"SearchAction","target":{"@type":"EntryPoint","urlTemplate":"https:\/\/3dvikingsstore.com\/pl\/?s={search_term_string}"},"query-input":"required name=search_term_string"}],"inLanguage":"pl-PL"},{"@type":"Organization","@id":"https:\/\/3dvikingsstore.com\/pl\/#organization","name":"3D Vikings Store","url":"https:\/\/3dvikingsstore.com\/pl\/","logo":{"@type":"ImageObject","inLanguage":"pl-PL","@id":"https:\/\/3dvikingsstore.com\/pl\/#\/schema\/logo\/image\/","url":"https:\/\/3dvikingsstore.com\/wp-content\/uploads\/2020\/03\/3dvikings-logo-karge-white.jpg","contentUrl":"https:\/\/3dvikingsstore.com\/wp-content\/uploads\/2020\/03\/3dvikings-logo-karge-white.jpg","width":800,"height":800,"caption":"3D Vikings Store"},"image":{"@id":"https:\/\/3dvikingsstore.com\/pl\/#\/schema\/logo\/image\/"}}]}},"_links":{"self":[{"href":"https:\/\/3dvikingsstore.com\/pl\/wp-json\/wp\/v2\/product\/18479"}],"collection":[{"href":"https:\/\/3dvikingsstore.com\/pl\/wp-json\/wp\/v2\/product"}],"about":[{"href":"https:\/\/3dvikingsstore.com\/pl\/wp-json\/wp\/v2\/types\/product"}],"replies":[{"embeddable":true,"href":"https:\/\/3dvikingsstore.com\/pl\/wp-json\/wp\/v2\/comments?post=18479"}],"version-history":[{"count":0,"href":"https:\/\/3dvikingsstore.com\/pl\/wp-json\/wp\/v2\/product\/18479\/revisions"}],"wp:featuredmedia":[{"embeddable":true,"href":"https:\/\/3dvikingsstore.com\/pl\/wp-json\/wp\/v2\/media\/18480"}],"wp:attachment":[{"href":"https:\/\/3dvikingsstore.com\/pl\/wp-json\/wp\/v2\/media?parent=18479"}],"wp:term":[{"taxonomy":"product_cat","embeddable":true,"href":"https:\/\/3dvikingsstore.com\/pl\/wp-json\/wp\/v2\/product_cat?post=18479"},{"taxonomy":"product_tag","embeddable":true,"href":"https:\/\/3dvikingsstore.com\/pl\/wp-json\/wp\/v2\/product_tag?post=18479"}],"curies":[{"name":"wp","href":"https:\/\/api.w.org\/{rel}","templated":true}]}}