{"id":18461,"date":"2024-02-21T15:18:56","date_gmt":"2024-02-21T13:18:56","guid":{"rendered":"https:\/\/3dvikingsstore.com\/shop\/zestaw-kowalskiej-kuzni-kowadlo-stojak-na-bron-teren-niemalowany-28-32mm\/"},"modified":"2024-02-21T15:18:56","modified_gmt":"2024-02-21T13:18:56","slug":"zestaw-kowalskiej-kuzni-kowadlo-stojak-na-bron-teren-niemalowany-28-32mm","status":"publish","type":"product","link":"https:\/\/3dvikingsstore.com\/pl\/shop\/zestaw-kowalskiej-kuzni-kowadlo-stojak-na-bron-teren-niemalowany-28-32mm\/","title":{"rendered":"Zestaw Kowalskiej Ku\u017ani | Kowad\u0142o, Stojak na Bro\u0144 | Teren Niemalowany 28\/32mm"},"content":{"rendered":"<p data-sourcepos=\"9:1-9:76\"><strong>Podsy\u0107 ogie\u0144 krasnoludzkiego rzemios\u0142a dzi\u0119ki zestawowi ku\u017ani, kowad\u0142a i stojaka na bro\u0144.<\/strong><\/p>\n<p data-sourcepos=\"11:1-11:85\">Przenie\u015b serce ka\u017cdej krasnoludzkiej osady na sw\u00f3j st\u00f3\u0142! Ten starannie wykonany trzycz\u0119\u015bciowy zestaw, skalowany do miniatur 28\/32 mm, przekszta\u0142ca krajobrazy w miejsce solidnego rzemios\u0142a i echa m\u0142otkowanej stali. Niezale\u017cnie od tego, czy zasilasz armi\u0119 Warhammera legendarn\u0105 broni\u0105, czy tworzysz artefakt definiuj\u0105cy zadanie w kampanii D&amp;D, te elementy ku\u017ani nie s\u0105 tylko t\u0142em &#8211; s\u0105 miejscem, w kt\u00f3rym twoje krasnoludy odnosz\u0105 zwyci\u0119stwa na d\u0142ugo przed polem bitwy.<\/p>\n<p data-sourcepos=\"13:1-13:18\"><strong>Wykuj swoj\u0105 legend\u0119:<\/strong><\/p>\n<ul data-sourcepos=\"15:1-15:181\">\n<li data-sourcepos=\"15:1-15:181\"><strong>Serce twierdzy: <\/strong>Wyobra\u017a sobie p\u0142on\u0105c\u0105 ku\u017ani\u0119, lec\u0105ce iskry, gdy tw\u00f3j krasnoludzki kowal trudzi si\u0119 nad kowad\u0142em. Nie jest to tylko pojedynczy kawa\u0142ek terenu, ale rdze\u0144, wok\u00f3\u0142 kt\u00f3rego buduje si\u0119 pracowit\u0105 scen\u0119 zaopatrzenia i przygotowa\u0144.<\/li>\n<li data-sourcepos=\"16:1-16:208\"><strong>Duma z ka\u017cdej broni:<\/strong> Stojak to nie tylko miecze i topory &#8211; to \u015bwiadectwo umiej\u0119tno\u015bci krasnolud\u00f3w. Czy znajd\u0105 si\u0119 w nim misternie wykonane arcydzie\u0142a, czy poobijane, niezawodne narz\u0119dzia zahartowanego klanu?<\/li>\n<li data-sourcepos=\"17:1-17:214\"><strong>Zatrzymuj\u0105ce uwag\u0119 detale: <\/strong>Misterna kamienna robota w ku\u017ani, masywny wygl\u0105d kowad\u0142a&#8230; to wszystko powinno zosta\u0107 zauwa\u017cone! Go\u015bcie podziwiaj\u0105cy pomalowane miniatury b\u0119d\u0105 zachwyceni realistycznym warsztatem obok nich.<\/li>\n<li data-sourcepos=\"18:1-18:130\"><strong>Tw\u00f3j klan, Twoje kolory: <\/strong>Ten niepomalowany zestaw zach\u0119ca do nadania mu wyj\u0105tkowego charakteru. Wybierz b\u0142yszcz\u0105ce metale dla dobrze prosperuj\u0105cej farmy, realizm sadzy ku\u017ani frontowej lub spersonalizuj j\u0105 za pomoc\u0105 specyficznych oznacze\u0144 swojego klanu krasnolud\u00f3w.<\/li>\n<\/ul>\n<p data-sourcepos=\"20:1-20:15\"><strong>Specyfikacje:<\/strong><\/p>\n<ul data-sourcepos=\"22:1-24:0\">\n<li data-sourcepos=\"22:1-22:97\">Zestaw zawiera: Szczeg\u00f3\u0142ow\u0105 ku\u017ani\u0119, kowad\u0142o, stojak na bro\u0144<\/li>\n<\/ul>\n<p data-sourcepos=\"25:1-25:59\"><strong>Zam\u00f3w sw\u00f3j zestaw ku\u017ani \u2013 Stw\u00f3rz swoje dziedzictwo krasnolud\u00f3w ju\u017c dzi\u015b!<\/strong><\/p>\n","protected":false},"excerpt":{"rendered":"<p>Przenie\u015b serce ka\u017cdej krasnoludzkiej osady na sw\u00f3j st\u00f3\u0142! Ten starannie wykonany trzycz\u0119\u015bciowy zestaw, skalowany do miniatur 28\/32 mm, przekszta\u0142ca krajobrazy w miejsce solidnego rzemios\u0142a i echa m\u0142otkowanej stali. Niezale\u017cnie od tego, czy zasilasz armi\u0119 Warhammera legendarn\u0105 broni\u0105, czy tworzysz artefakt definiuj\u0105cy zadanie w kampanii D&amp;D, te elementy ku\u017ani nie s\u0105 tylko t\u0142em &#8211; s\u0105 miejscem, w kt\u00f3rym twoje krasnoludy odnosz\u0105 zwyci\u0119stwa na d\u0142ugo przed polem bitwy.<\/p>\n","protected":false},"featured_media":18462,"comment_status":"open","ping_status":"closed","template":"","meta":[],"product_cat":[3138,3137],"product_tag":[],"yoast_head":"<!-- This site is optimized with the Yoast SEO Premium plugin v22.9 (Yoast SEO v22.9) - https:\/\/yoast.com\/wordpress\/plugins\/seo\/ -->\n<title>Zestaw Kowalskiej Ku\u017ani | Kowad\u0142o, Stojak na Bro\u0144 | Teren 28\/32mm<\/title>\n<meta name=\"description\" content=\"Zbuduj swoj\u0105 krasnoludzk\u0105 twierdz\u0119! Szczeg\u00f3\u0142owy zestaw ku\u017ani, niepomalowany dla niestandardowego wygl\u0105du. Idealny do gier RPG, gier wojennych, pokazuje twoj\u0105 krasnoludzk\u0105 pot\u0119g\u0119.\" \/>\n<meta name=\"robots\" content=\"index, follow, max-snippet:-1, max-image-preview:large, max-video-preview:-1\" \/>\n<link rel=\"canonical\" href=\"https:\/\/3dvikingsstore.com\/pl\/shop\/zestaw-kowalskiej-kuzni-kowadlo-stojak-na-bron-teren-niemalowany-28-32mm\/\" \/>\n<meta property=\"og:locale\" content=\"pl_PL\" \/>\n<meta property=\"og:type\" content=\"article\" \/>\n<meta property=\"og:title\" content=\"Zestaw Kowalskiej Ku\u017ani | Kowad\u0142o, Stojak na Bro\u0144 | Teren Niemalowany 28\/32mm\" \/>\n<meta property=\"og:description\" content=\"Zbuduj swoj\u0105 krasnoludzk\u0105 twierdz\u0119! Szczeg\u00f3\u0142owy zestaw ku\u017ani, niepomalowany dla niestandardowego wygl\u0105du. Idealny do gier RPG, gier wojennych, pokazuje twoj\u0105 krasnoludzk\u0105 pot\u0119g\u0119.\" \/>\n<meta property=\"og:url\" content=\"https:\/\/3dvikingsstore.com\/pl\/shop\/zestaw-kowalskiej-kuzni-kowadlo-stojak-na-bron-teren-niemalowany-28-32mm\/\" \/>\n<meta property=\"og:site_name\" content=\"3D Vikings Store\" \/>\n<meta property=\"og:image\" content=\"https:\/\/3dvikingsstore.com\/wp-content\/uploads\/2024\/02\/Dwarf-Settlement-Forge-1024x1024.png\" \/>\n\t<meta property=\"og:image:width\" content=\"1024\" \/>\n\t<meta property=\"og:image:height\" content=\"1024\" \/>\n\t<meta property=\"og:image:type\" content=\"image\/png\" \/>\n<meta name=\"twitter:card\" content=\"summary_large_image\" \/>\n<meta name=\"twitter:label1\" content=\"Szacowany czas czytania\" \/>\n\t<meta name=\"twitter:data1\" content=\"1 minuta\" \/>\n<script type=\"application\/ld+json\" class=\"yoast-schema-graph\">{\"@context\":\"https:\/\/schema.org\",\"@graph\":[{\"@type\":[\"WebPage\",\"ItemPage\"],\"@id\":\"https:\/\/3dvikingsstore.com\/pl\/shop\/zestaw-kowalskiej-kuzni-kowadlo-stojak-na-bron-teren-niemalowany-28-32mm\/\",\"url\":\"https:\/\/3dvikingsstore.com\/pl\/shop\/zestaw-kowalskiej-kuzni-kowadlo-stojak-na-bron-teren-niemalowany-28-32mm\/\",\"name\":\"Zestaw Kowalskiej Ku\u017ani | Kowad\u0142o, Stojak na Bro\u0144 | Teren 28\/32mm\",\"isPartOf\":{\"@id\":\"https:\/\/3dvikingsstore.com\/pl\/#website\"},\"primaryImageOfPage\":{\"@id\":\"https:\/\/3dvikingsstore.com\/pl\/shop\/zestaw-kowalskiej-kuzni-kowadlo-stojak-na-bron-teren-niemalowany-28-32mm\/#primaryimage\"},\"image\":{\"@id\":\"https:\/\/3dvikingsstore.com\/pl\/shop\/zestaw-kowalskiej-kuzni-kowadlo-stojak-na-bron-teren-niemalowany-28-32mm\/#primaryimage\"},\"thumbnailUrl\":\"https:\/\/3dvikingsstore.com\/wp-content\/uploads\/2024\/02\/Dwarf-Settlement-Forge.png\",\"datePublished\":\"2024-02-21T13:18:56+00:00\",\"dateModified\":\"2024-02-21T13:18:56+00:00\",\"description\":\"Zbuduj swoj\u0105 krasnoludzk\u0105 twierdz\u0119! Szczeg\u00f3\u0142owy zestaw ku\u017ani, niepomalowany dla niestandardowego wygl\u0105du. Idealny do gier RPG, gier wojennych, pokazuje twoj\u0105 krasnoludzk\u0105 pot\u0119g\u0119.\",\"breadcrumb\":{\"@id\":\"https:\/\/3dvikingsstore.com\/pl\/shop\/zestaw-kowalskiej-kuzni-kowadlo-stojak-na-bron-teren-niemalowany-28-32mm\/#breadcrumb\"},\"inLanguage\":\"pl-PL\",\"potentialAction\":[{\"@type\":\"ReadAction\",\"target\":[\"https:\/\/3dvikingsstore.com\/pl\/shop\/zestaw-kowalskiej-kuzni-kowadlo-stojak-na-bron-teren-niemalowany-28-32mm\/\"]}]},{\"@type\":\"ImageObject\",\"inLanguage\":\"pl-PL\",\"@id\":\"https:\/\/3dvikingsstore.com\/pl\/shop\/zestaw-kowalskiej-kuzni-kowadlo-stojak-na-bron-teren-niemalowany-28-32mm\/#primaryimage\",\"url\":\"https:\/\/3dvikingsstore.com\/wp-content\/uploads\/2024\/02\/Dwarf-Settlement-Forge.png\",\"contentUrl\":\"https:\/\/3dvikingsstore.com\/wp-content\/uploads\/2024\/02\/Dwarf-Settlement-Forge.png\",\"width\":3985,\"height\":3984},{\"@type\":\"BreadcrumbList\",\"@id\":\"https:\/\/3dvikingsstore.com\/pl\/shop\/zestaw-kowalskiej-kuzni-kowadlo-stojak-na-bron-teren-niemalowany-28-32mm\/#breadcrumb\",\"itemListElement\":[{\"@type\":\"ListItem\",\"position\":1,\"name\":\"Home\",\"item\":\"https:\/\/3dvikingsstore.com\/pl\/\"},{\"@type\":\"ListItem\",\"position\":2,\"name\":\"Shop\",\"item\":\"https:\/\/3dvikingsstore.com\/shop\/\"},{\"@type\":\"ListItem\",\"position\":3,\"name\":\"Zestaw Kowalskiej Ku\u017ani | Kowad\u0142o, Stojak na Bro\u0144 | Teren Niemalowany 28\/32mm\"}]},{\"@type\":\"WebSite\",\"@id\":\"https:\/\/3dvikingsstore.com\/pl\/#website\",\"url\":\"https:\/\/3dvikingsstore.com\/pl\/\",\"name\":\"3D Vikings Store\",\"description\":\"Dekoracje i Akcesoria do Gier Planszowych i Sto\u0142owych\",\"publisher\":{\"@id\":\"https:\/\/3dvikingsstore.com\/pl\/#organization\"},\"potentialAction\":[{\"@type\":\"SearchAction\",\"target\":{\"@type\":\"EntryPoint\",\"urlTemplate\":\"https:\/\/3dvikingsstore.com\/pl\/?s={search_term_string}\"},\"query-input\":\"required name=search_term_string\"}],\"inLanguage\":\"pl-PL\"},{\"@type\":\"Organization\",\"@id\":\"https:\/\/3dvikingsstore.com\/pl\/#organization\",\"name\":\"3D Vikings Store\",\"url\":\"https:\/\/3dvikingsstore.com\/pl\/\",\"logo\":{\"@type\":\"ImageObject\",\"inLanguage\":\"pl-PL\",\"@id\":\"https:\/\/3dvikingsstore.com\/pl\/#\/schema\/logo\/image\/\",\"url\":\"https:\/\/3dvikingsstore.com\/wp-content\/uploads\/2020\/03\/3dvikings-logo-karge-white.jpg\",\"contentUrl\":\"https:\/\/3dvikingsstore.com\/wp-content\/uploads\/2020\/03\/3dvikings-logo-karge-white.jpg\",\"width\":800,\"height\":800,\"caption\":\"3D Vikings Store\"},\"image\":{\"@id\":\"https:\/\/3dvikingsstore.com\/pl\/#\/schema\/logo\/image\/\"}}]}<\/script>\n<!-- \/ Yoast SEO Premium plugin. -->","yoast_head_json":{"title":"Zestaw Kowalskiej Ku\u017ani | Kowad\u0142o, Stojak na Bro\u0144 | Teren 28\/32mm","description":"Zbuduj swoj\u0105 krasnoludzk\u0105 twierdz\u0119! Szczeg\u00f3\u0142owy zestaw ku\u017ani, niepomalowany dla niestandardowego wygl\u0105du. Idealny do gier RPG, gier wojennych, pokazuje twoj\u0105 krasnoludzk\u0105 pot\u0119g\u0119.","robots":{"index":"index","follow":"follow","max-snippet":"max-snippet:-1","max-image-preview":"max-image-preview:large","max-video-preview":"max-video-preview:-1"},"canonical":"https:\/\/3dvikingsstore.com\/pl\/shop\/zestaw-kowalskiej-kuzni-kowadlo-stojak-na-bron-teren-niemalowany-28-32mm\/","og_locale":"pl_PL","og_type":"article","og_title":"Zestaw Kowalskiej Ku\u017ani | Kowad\u0142o, Stojak na Bro\u0144 | Teren Niemalowany 28\/32mm","og_description":"Zbuduj swoj\u0105 krasnoludzk\u0105 twierdz\u0119! Szczeg\u00f3\u0142owy zestaw ku\u017ani, niepomalowany dla niestandardowego wygl\u0105du. Idealny do gier RPG, gier wojennych, pokazuje twoj\u0105 krasnoludzk\u0105 pot\u0119g\u0119.","og_url":"https:\/\/3dvikingsstore.com\/pl\/shop\/zestaw-kowalskiej-kuzni-kowadlo-stojak-na-bron-teren-niemalowany-28-32mm\/","og_site_name":"3D Vikings Store","og_image":[{"width":1024,"height":1024,"url":"https:\/\/3dvikingsstore.com\/wp-content\/uploads\/2024\/02\/Dwarf-Settlement-Forge-1024x1024.png","type":"image\/png"}],"twitter_card":"summary_large_image","twitter_misc":{"Szacowany czas czytania":"1 minuta"},"schema":{"@context":"https:\/\/schema.org","@graph":[{"@type":["WebPage","ItemPage"],"@id":"https:\/\/3dvikingsstore.com\/pl\/shop\/zestaw-kowalskiej-kuzni-kowadlo-stojak-na-bron-teren-niemalowany-28-32mm\/","url":"https:\/\/3dvikingsstore.com\/pl\/shop\/zestaw-kowalskiej-kuzni-kowadlo-stojak-na-bron-teren-niemalowany-28-32mm\/","name":"Zestaw Kowalskiej Ku\u017ani | Kowad\u0142o, Stojak na Bro\u0144 | Teren 28\/32mm","isPartOf":{"@id":"https:\/\/3dvikingsstore.com\/pl\/#website"},"primaryImageOfPage":{"@id":"https:\/\/3dvikingsstore.com\/pl\/shop\/zestaw-kowalskiej-kuzni-kowadlo-stojak-na-bron-teren-niemalowany-28-32mm\/#primaryimage"},"image":{"@id":"https:\/\/3dvikingsstore.com\/pl\/shop\/zestaw-kowalskiej-kuzni-kowadlo-stojak-na-bron-teren-niemalowany-28-32mm\/#primaryimage"},"thumbnailUrl":"https:\/\/3dvikingsstore.com\/wp-content\/uploads\/2024\/02\/Dwarf-Settlement-Forge.png","datePublished":"2024-02-21T13:18:56+00:00","dateModified":"2024-02-21T13:18:56+00:00","description":"Zbuduj swoj\u0105 krasnoludzk\u0105 twierdz\u0119! Szczeg\u00f3\u0142owy zestaw ku\u017ani, niepomalowany dla niestandardowego wygl\u0105du. Idealny do gier RPG, gier wojennych, pokazuje twoj\u0105 krasnoludzk\u0105 pot\u0119g\u0119.","breadcrumb":{"@id":"https:\/\/3dvikingsstore.com\/pl\/shop\/zestaw-kowalskiej-kuzni-kowadlo-stojak-na-bron-teren-niemalowany-28-32mm\/#breadcrumb"},"inLanguage":"pl-PL","potentialAction":[{"@type":"ReadAction","target":["https:\/\/3dvikingsstore.com\/pl\/shop\/zestaw-kowalskiej-kuzni-kowadlo-stojak-na-bron-teren-niemalowany-28-32mm\/"]}]},{"@type":"ImageObject","inLanguage":"pl-PL","@id":"https:\/\/3dvikingsstore.com\/pl\/shop\/zestaw-kowalskiej-kuzni-kowadlo-stojak-na-bron-teren-niemalowany-28-32mm\/#primaryimage","url":"https:\/\/3dvikingsstore.com\/wp-content\/uploads\/2024\/02\/Dwarf-Settlement-Forge.png","contentUrl":"https:\/\/3dvikingsstore.com\/wp-content\/uploads\/2024\/02\/Dwarf-Settlement-Forge.png","width":3985,"height":3984},{"@type":"BreadcrumbList","@id":"https:\/\/3dvikingsstore.com\/pl\/shop\/zestaw-kowalskiej-kuzni-kowadlo-stojak-na-bron-teren-niemalowany-28-32mm\/#breadcrumb","itemListElement":[{"@type":"ListItem","position":1,"name":"Home","item":"https:\/\/3dvikingsstore.com\/pl\/"},{"@type":"ListItem","position":2,"name":"Shop","item":"https:\/\/3dvikingsstore.com\/shop\/"},{"@type":"ListItem","position":3,"name":"Zestaw Kowalskiej Ku\u017ani | Kowad\u0142o, Stojak na Bro\u0144 | Teren Niemalowany 28\/32mm"}]},{"@type":"WebSite","@id":"https:\/\/3dvikingsstore.com\/pl\/#website","url":"https:\/\/3dvikingsstore.com\/pl\/","name":"3D Vikings Store","description":"Dekoracje i Akcesoria do Gier Planszowych i Sto\u0142owych","publisher":{"@id":"https:\/\/3dvikingsstore.com\/pl\/#organization"},"potentialAction":[{"@type":"SearchAction","target":{"@type":"EntryPoint","urlTemplate":"https:\/\/3dvikingsstore.com\/pl\/?s={search_term_string}"},"query-input":"required name=search_term_string"}],"inLanguage":"pl-PL"},{"@type":"Organization","@id":"https:\/\/3dvikingsstore.com\/pl\/#organization","name":"3D Vikings Store","url":"https:\/\/3dvikingsstore.com\/pl\/","logo":{"@type":"ImageObject","inLanguage":"pl-PL","@id":"https:\/\/3dvikingsstore.com\/pl\/#\/schema\/logo\/image\/","url":"https:\/\/3dvikingsstore.com\/wp-content\/uploads\/2020\/03\/3dvikings-logo-karge-white.jpg","contentUrl":"https:\/\/3dvikingsstore.com\/wp-content\/uploads\/2020\/03\/3dvikings-logo-karge-white.jpg","width":800,"height":800,"caption":"3D Vikings Store"},"image":{"@id":"https:\/\/3dvikingsstore.com\/pl\/#\/schema\/logo\/image\/"}}]}},"_links":{"self":[{"href":"https:\/\/3dvikingsstore.com\/pl\/wp-json\/wp\/v2\/product\/18461"}],"collection":[{"href":"https:\/\/3dvikingsstore.com\/pl\/wp-json\/wp\/v2\/product"}],"about":[{"href":"https:\/\/3dvikingsstore.com\/pl\/wp-json\/wp\/v2\/types\/product"}],"replies":[{"embeddable":true,"href":"https:\/\/3dvikingsstore.com\/pl\/wp-json\/wp\/v2\/comments?post=18461"}],"version-history":[{"count":0,"href":"https:\/\/3dvikingsstore.com\/pl\/wp-json\/wp\/v2\/product\/18461\/revisions"}],"wp:featuredmedia":[{"embeddable":true,"href":"https:\/\/3dvikingsstore.com\/pl\/wp-json\/wp\/v2\/media\/18462"}],"wp:attachment":[{"href":"https:\/\/3dvikingsstore.com\/pl\/wp-json\/wp\/v2\/media?parent=18461"}],"wp:term":[{"taxonomy":"product_cat","embeddable":true,"href":"https:\/\/3dvikingsstore.com\/pl\/wp-json\/wp\/v2\/product_cat?post=18461"},{"taxonomy":"product_tag","embeddable":true,"href":"https:\/\/3dvikingsstore.com\/pl\/wp-json\/wp\/v2\/product_tag?post=18461"}],"curies":[{"name":"wp","href":"https:\/\/api.w.org\/{rel}","templated":true}]}}