{"id":18455,"date":"2024-02-21T15:38:05","date_gmt":"2024-02-21T13:38:05","guid":{"rendered":"https:\/\/3dvikingsstore.com\/shop\/teren-zrujnowanej-wiezy-28-mm-sredniowiecze-fantasy-niepomalowane-do-ukladania-w-stosy-rpg\/"},"modified":"2024-02-21T15:38:05","modified_gmt":"2024-02-21T13:38:05","slug":"teren-zrujnowanej-wiezy-28-mm-sredniowiecze-fantasy-niepomalowane-do-ukladania-w-stosy-rpg","status":"publish","type":"product","link":"https:\/\/3dvikingsstore.com\/pl\/shop\/teren-zrujnowanej-wiezy-28-mm-sredniowiecze-fantasy-niepomalowane-do-ukladania-w-stosy-rpg\/","title":{"rendered":"Teren Zrujnowanej Wie\u017cy | 28 mm \u015aredniowiecze, Fantasy | Niepomalowane, do uk\u0142adania w stosy | RPG"},"content":{"rendered":"<p data-sourcepos=\"9:1-9:80\"><strong>Echa minionych bitew: Wci\u0105gaj\u0105ca zrujnowana wie\u017ca dla scen \u015bredniowiecznych i fantasy<\/strong><\/p>\n<p data-sourcepos=\"11:1-11:84\">Przekszta\u0142\u0107 sw\u00f3j st\u00f3\u0142 w upiornie pi\u0119kn\u0105 pozosta\u0142o\u015b\u0107 po dawnych konfliktach dzi\u0119ki temu starannie wykonanemu zestawowi Ruined Tower. Ten dwucz\u0119\u015bciowy model, przeskalowany pod k\u0105tem p\u0142ynnej integracji w skali 28 mm, dodaje narracyjnej g\u0142\u0119bi i ekscytuj\u0105cego poczucia tajemnicy do historycznych wiosek, fantastycznych krajobraz\u00f3w i kampanii sto\u0142owych. Niezale\u017cnie od tego, czy jest to rozpadaj\u0105ca si\u0119 plac\u00f3wka w \u015bredniowiecznej potyczce, czy miejsce zapomnianego rytua\u0142u w przygodach Pathfinder, wie\u017ca zach\u0119ca do eksploracji i niesko\u0144czonych mo\u017cliwo\u015bci opowiadania historii.<\/p>\n<p data-sourcepos=\"13:1-13:26\"><strong>Jakie tajemnice skrywa?<\/strong><\/p>\n<ul data-sourcepos=\"15:1-15:169\">\n<li data-sourcepos=\"15:1-15:169\"><strong>Przywo\u0142uje histori\u0119:<\/strong> Wyobra\u017a sobie zwietrza\u0142e kamienie, rozpadaj\u0105cy si\u0119 g\u00f3rny poziom i by\u0107 mo\u017ce winoro\u015bl pn\u0105c\u0105 si\u0119 po jego niegdy\u015b pot\u0119\u017cnych \u015bcianach. To NIE jest zwyk\u0142y budynek, ale miejsce, w kt\u00f3rym bohaterowie mog\u0105 odkry\u0107 ukryty skarb, zmierzy\u0107 si\u0119 z czaj\u0105cymi si\u0119 bandytami lub odkry\u0107 szepty dawno zapomnianej mrocznej magii&#8230;<\/li>\n<li data-sourcepos=\"16:1-16:230\"><strong>Wszechstronno\u015b\u0107:<\/strong> Dwa poziomy oferuj\u0105 dynamiczne opcje rozgrywki. Zorganizuj zasadzk\u0119, wykorzystuj\u0105c zniszczone g\u00f3rne pi\u0119tro, aby zyska\u0107 przewag\u0119 wysoko\u015bci, lub ka\u017c odwa\u017cnym bohaterom desperacko zej\u015b\u0107 na zacieniony parter w poszukiwaniu wskaz\u00f3wek lub ucieczki.<\/li>\n<li data-sourcepos=\"17:1-17:316\"><strong>Tw\u00f3j dotyk o\u017cywi go: <\/strong>Ten wytrzyma\u0142y teren PLA, dostarczany bez malowania, pozwala na dodanie kreatywnego akcentu. Wykorzystaj zwietrza\u0142e szaro\u015bci i br\u0105zy, aby uzyska\u0107 historyczny klimat, dodaj \u017cywy mech i pe\u0142zaj\u0105cy bluszcz, aby nada\u0107 mu fantastyczny charakter, a nawet przekszta\u0142\u0107 go w z\u0142owrogie, przesi\u0105kni\u0119te krwi\u0105 ruiny&#8230; wyb\u00f3r nale\u017cy do Ciebie!<\/li>\n<li data-sourcepos=\"18:1-18:15\"><strong>Zbudowany z my\u015bl\u0105 o trudnych warunkach gry: <\/strong>solidna konstrukcja wytrzymuje niezliczone przygody, gdy gracze odkrywaj\u0105 jego wn\u0119trze i u\u017cywaj\u0105 go do ekscytuj\u0105cej os\u0142ony taktycznej podczas potyczek.<\/li>\n<\/ul>\n<p data-sourcepos=\"20:1-20:15\"><strong>Specyfikacje:<\/strong><\/p>\n<ul data-sourcepos=\"22:1-24:0\">\n<li data-sourcepos=\"22:1-22:29\">Wysoko\u015b\u0107: Oko\u0142o 145 mm<\/li>\n<\/ul>\n<p data-sourcepos=\"25:1-25:50\"><strong>Zam\u00f3w swoj\u0105 zrujnowan\u0105 wie\u017c\u0119 &#8211; przygoda czeka w \u015brodku!<\/strong><\/p>\n","protected":false},"excerpt":{"rendered":"<p>Przekszta\u0142\u0107 sw\u00f3j st\u00f3\u0142 w upiornie pi\u0119kn\u0105 pozosta\u0142o\u015b\u0107 po dawnych konfliktach dzi\u0119ki temu starannie wykonanemu zestawowi Ruined Tower. Ten dwucz\u0119\u015bciowy model, przeskalowany pod k\u0105tem p\u0142ynnej integracji w skali 28 mm, dodaje narracyjnej g\u0142\u0119bi i ekscytuj\u0105cego poczucia tajemnicy do historycznych wiosek, krajobraz\u00f3w fantasy i kampanii sto\u0142owych. Niezale\u017cnie od tego, czy jest to rozpadaj\u0105ca si\u0119 plac\u00f3wka w \u015bredniowiecznej potyczce, czy miejsce zapomnianego rytua\u0142u w przygodach Pathfinder, wie\u017ca zach\u0119ca do eksploracji i niesko\u0144czonych mo\u017cliwo\u015bci opowiadania historii.<\/p>\n","protected":false},"featured_media":18456,"comment_status":"open","ping_status":"closed","template":"","meta":[],"product_cat":[3138,3137],"product_tag":[],"yoast_head":"<!-- This site is optimized with the Yoast SEO Premium plugin v22.9 (Yoast SEO v22.9) - https:\/\/yoast.com\/wordpress\/plugins\/seo\/ -->\n<title>Teren Zrujnowanej Wie\u017cy | 28mm \u015aredniowieczne, Fantasy | RPG<\/title>\n<meta name=\"description\" content=\"Zbadaj rozpadaj\u0105c\u0105 si\u0119 wie\u017c\u0119! Dwa poziomy, kt\u00f3re mo\u017cna uk\u0142ada\u0107 jeden na drugim, niepomalowane dla niestandardowego wygl\u0105du. Idealny do scen wiejskich, ruin RPG, Pathfinder i nie tylko.\" \/>\n<meta name=\"robots\" content=\"index, follow, max-snippet:-1, max-image-preview:large, max-video-preview:-1\" \/>\n<link rel=\"canonical\" href=\"https:\/\/3dvikingsstore.com\/pl\/shop\/teren-zrujnowanej-wiezy-28-mm-sredniowiecze-fantasy-niepomalowane-do-ukladania-w-stosy-rpg\/\" \/>\n<meta property=\"og:locale\" content=\"pl_PL\" \/>\n<meta property=\"og:type\" content=\"article\" \/>\n<meta property=\"og:title\" content=\"Teren Zrujnowanej Wie\u017cy | 28 mm \u015aredniowiecze, Fantasy | Niepomalowane, do uk\u0142adania w stosy | RPG\" \/>\n<meta property=\"og:description\" content=\"Zbadaj rozpadaj\u0105c\u0105 si\u0119 wie\u017c\u0119! Dwa poziomy, kt\u00f3re mo\u017cna uk\u0142ada\u0107 jeden na drugim, niepomalowane dla niestandardowego wygl\u0105du. Idealny do scen wiejskich, ruin RPG, Pathfinder i nie tylko.\" \/>\n<meta property=\"og:url\" content=\"https:\/\/3dvikingsstore.com\/pl\/shop\/teren-zrujnowanej-wiezy-28-mm-sredniowiecze-fantasy-niepomalowane-do-ukladania-w-stosy-rpg\/\" \/>\n<meta property=\"og:site_name\" content=\"3D Vikings Store\" \/>\n<meta property=\"og:image\" content=\"https:\/\/3dvikingsstore.com\/wp-content\/uploads\/2024\/02\/ruins-1-1024x996.png\" \/>\n\t<meta property=\"og:image:width\" content=\"1024\" \/>\n\t<meta property=\"og:image:height\" content=\"996\" \/>\n\t<meta property=\"og:image:type\" content=\"image\/png\" \/>\n<meta name=\"twitter:card\" content=\"summary_large_image\" \/>\n<meta name=\"twitter:label1\" content=\"Szacowany czas czytania\" \/>\n\t<meta name=\"twitter:data1\" content=\"2 minuty\" \/>\n<script type=\"application\/ld+json\" class=\"yoast-schema-graph\">{\"@context\":\"https:\/\/schema.org\",\"@graph\":[{\"@type\":[\"WebPage\",\"ItemPage\"],\"@id\":\"https:\/\/3dvikingsstore.com\/pl\/shop\/teren-zrujnowanej-wiezy-28-mm-sredniowiecze-fantasy-niepomalowane-do-ukladania-w-stosy-rpg\/\",\"url\":\"https:\/\/3dvikingsstore.com\/pl\/shop\/teren-zrujnowanej-wiezy-28-mm-sredniowiecze-fantasy-niepomalowane-do-ukladania-w-stosy-rpg\/\",\"name\":\"Teren Zrujnowanej Wie\u017cy | 28mm \u015aredniowieczne, Fantasy | RPG\",\"isPartOf\":{\"@id\":\"https:\/\/3dvikingsstore.com\/pl\/#website\"},\"primaryImageOfPage\":{\"@id\":\"https:\/\/3dvikingsstore.com\/pl\/shop\/teren-zrujnowanej-wiezy-28-mm-sredniowiecze-fantasy-niepomalowane-do-ukladania-w-stosy-rpg\/#primaryimage\"},\"image\":{\"@id\":\"https:\/\/3dvikingsstore.com\/pl\/shop\/teren-zrujnowanej-wiezy-28-mm-sredniowiecze-fantasy-niepomalowane-do-ukladania-w-stosy-rpg\/#primaryimage\"},\"thumbnailUrl\":\"https:\/\/3dvikingsstore.com\/wp-content\/uploads\/2024\/02\/ruins-1.png\",\"datePublished\":\"2024-02-21T13:38:05+00:00\",\"dateModified\":\"2024-02-21T13:38:05+00:00\",\"description\":\"Zbadaj rozpadaj\u0105c\u0105 si\u0119 wie\u017c\u0119! Dwa poziomy, kt\u00f3re mo\u017cna uk\u0142ada\u0107 jeden na drugim, niepomalowane dla niestandardowego wygl\u0105du. Idealny do scen wiejskich, ruin RPG, Pathfinder i nie tylko.\",\"breadcrumb\":{\"@id\":\"https:\/\/3dvikingsstore.com\/pl\/shop\/teren-zrujnowanej-wiezy-28-mm-sredniowiecze-fantasy-niepomalowane-do-ukladania-w-stosy-rpg\/#breadcrumb\"},\"inLanguage\":\"pl-PL\",\"potentialAction\":[{\"@type\":\"ReadAction\",\"target\":[\"https:\/\/3dvikingsstore.com\/pl\/shop\/teren-zrujnowanej-wiezy-28-mm-sredniowiecze-fantasy-niepomalowane-do-ukladania-w-stosy-rpg\/\"]}]},{\"@type\":\"ImageObject\",\"inLanguage\":\"pl-PL\",\"@id\":\"https:\/\/3dvikingsstore.com\/pl\/shop\/teren-zrujnowanej-wiezy-28-mm-sredniowiecze-fantasy-niepomalowane-do-ukladania-w-stosy-rpg\/#primaryimage\",\"url\":\"https:\/\/3dvikingsstore.com\/wp-content\/uploads\/2024\/02\/ruins-1.png\",\"contentUrl\":\"https:\/\/3dvikingsstore.com\/wp-content\/uploads\/2024\/02\/ruins-1.png\",\"width\":2555,\"height\":2485},{\"@type\":\"BreadcrumbList\",\"@id\":\"https:\/\/3dvikingsstore.com\/pl\/shop\/teren-zrujnowanej-wiezy-28-mm-sredniowiecze-fantasy-niepomalowane-do-ukladania-w-stosy-rpg\/#breadcrumb\",\"itemListElement\":[{\"@type\":\"ListItem\",\"position\":1,\"name\":\"Home\",\"item\":\"https:\/\/3dvikingsstore.com\/pl\/\"},{\"@type\":\"ListItem\",\"position\":2,\"name\":\"Shop\",\"item\":\"https:\/\/3dvikingsstore.com\/shop\/\"},{\"@type\":\"ListItem\",\"position\":3,\"name\":\"Teren Zrujnowanej Wie\u017cy | 28 mm \u015aredniowiecze, Fantasy | Niepomalowane, do uk\u0142adania w stosy | RPG\"}]},{\"@type\":\"WebSite\",\"@id\":\"https:\/\/3dvikingsstore.com\/pl\/#website\",\"url\":\"https:\/\/3dvikingsstore.com\/pl\/\",\"name\":\"3D Vikings Store\",\"description\":\"Dekoracje i Akcesoria do Gier Planszowych i Sto\u0142owych\",\"publisher\":{\"@id\":\"https:\/\/3dvikingsstore.com\/pl\/#organization\"},\"potentialAction\":[{\"@type\":\"SearchAction\",\"target\":{\"@type\":\"EntryPoint\",\"urlTemplate\":\"https:\/\/3dvikingsstore.com\/pl\/?s={search_term_string}\"},\"query-input\":\"required name=search_term_string\"}],\"inLanguage\":\"pl-PL\"},{\"@type\":\"Organization\",\"@id\":\"https:\/\/3dvikingsstore.com\/pl\/#organization\",\"name\":\"3D Vikings Store\",\"url\":\"https:\/\/3dvikingsstore.com\/pl\/\",\"logo\":{\"@type\":\"ImageObject\",\"inLanguage\":\"pl-PL\",\"@id\":\"https:\/\/3dvikingsstore.com\/pl\/#\/schema\/logo\/image\/\",\"url\":\"https:\/\/3dvikingsstore.com\/wp-content\/uploads\/2020\/03\/3dvikings-logo-karge-white.jpg\",\"contentUrl\":\"https:\/\/3dvikingsstore.com\/wp-content\/uploads\/2020\/03\/3dvikings-logo-karge-white.jpg\",\"width\":800,\"height\":800,\"caption\":\"3D Vikings Store\"},\"image\":{\"@id\":\"https:\/\/3dvikingsstore.com\/pl\/#\/schema\/logo\/image\/\"}}]}<\/script>\n<!-- \/ Yoast SEO Premium plugin. -->","yoast_head_json":{"title":"Teren Zrujnowanej Wie\u017cy | 28mm \u015aredniowieczne, Fantasy | RPG","description":"Zbadaj rozpadaj\u0105c\u0105 si\u0119 wie\u017c\u0119! Dwa poziomy, kt\u00f3re mo\u017cna uk\u0142ada\u0107 jeden na drugim, niepomalowane dla niestandardowego wygl\u0105du. Idealny do scen wiejskich, ruin RPG, Pathfinder i nie tylko.","robots":{"index":"index","follow":"follow","max-snippet":"max-snippet:-1","max-image-preview":"max-image-preview:large","max-video-preview":"max-video-preview:-1"},"canonical":"https:\/\/3dvikingsstore.com\/pl\/shop\/teren-zrujnowanej-wiezy-28-mm-sredniowiecze-fantasy-niepomalowane-do-ukladania-w-stosy-rpg\/","og_locale":"pl_PL","og_type":"article","og_title":"Teren Zrujnowanej Wie\u017cy | 28 mm \u015aredniowiecze, Fantasy | Niepomalowane, do uk\u0142adania w stosy | RPG","og_description":"Zbadaj rozpadaj\u0105c\u0105 si\u0119 wie\u017c\u0119! Dwa poziomy, kt\u00f3re mo\u017cna uk\u0142ada\u0107 jeden na drugim, niepomalowane dla niestandardowego wygl\u0105du. Idealny do scen wiejskich, ruin RPG, Pathfinder i nie tylko.","og_url":"https:\/\/3dvikingsstore.com\/pl\/shop\/teren-zrujnowanej-wiezy-28-mm-sredniowiecze-fantasy-niepomalowane-do-ukladania-w-stosy-rpg\/","og_site_name":"3D Vikings Store","og_image":[{"width":1024,"height":996,"url":"https:\/\/3dvikingsstore.com\/wp-content\/uploads\/2024\/02\/ruins-1-1024x996.png","type":"image\/png"}],"twitter_card":"summary_large_image","twitter_misc":{"Szacowany czas czytania":"2 minuty"},"schema":{"@context":"https:\/\/schema.org","@graph":[{"@type":["WebPage","ItemPage"],"@id":"https:\/\/3dvikingsstore.com\/pl\/shop\/teren-zrujnowanej-wiezy-28-mm-sredniowiecze-fantasy-niepomalowane-do-ukladania-w-stosy-rpg\/","url":"https:\/\/3dvikingsstore.com\/pl\/shop\/teren-zrujnowanej-wiezy-28-mm-sredniowiecze-fantasy-niepomalowane-do-ukladania-w-stosy-rpg\/","name":"Teren Zrujnowanej Wie\u017cy | 28mm \u015aredniowieczne, Fantasy | RPG","isPartOf":{"@id":"https:\/\/3dvikingsstore.com\/pl\/#website"},"primaryImageOfPage":{"@id":"https:\/\/3dvikingsstore.com\/pl\/shop\/teren-zrujnowanej-wiezy-28-mm-sredniowiecze-fantasy-niepomalowane-do-ukladania-w-stosy-rpg\/#primaryimage"},"image":{"@id":"https:\/\/3dvikingsstore.com\/pl\/shop\/teren-zrujnowanej-wiezy-28-mm-sredniowiecze-fantasy-niepomalowane-do-ukladania-w-stosy-rpg\/#primaryimage"},"thumbnailUrl":"https:\/\/3dvikingsstore.com\/wp-content\/uploads\/2024\/02\/ruins-1.png","datePublished":"2024-02-21T13:38:05+00:00","dateModified":"2024-02-21T13:38:05+00:00","description":"Zbadaj rozpadaj\u0105c\u0105 si\u0119 wie\u017c\u0119! Dwa poziomy, kt\u00f3re mo\u017cna uk\u0142ada\u0107 jeden na drugim, niepomalowane dla niestandardowego wygl\u0105du. Idealny do scen wiejskich, ruin RPG, Pathfinder i nie tylko.","breadcrumb":{"@id":"https:\/\/3dvikingsstore.com\/pl\/shop\/teren-zrujnowanej-wiezy-28-mm-sredniowiecze-fantasy-niepomalowane-do-ukladania-w-stosy-rpg\/#breadcrumb"},"inLanguage":"pl-PL","potentialAction":[{"@type":"ReadAction","target":["https:\/\/3dvikingsstore.com\/pl\/shop\/teren-zrujnowanej-wiezy-28-mm-sredniowiecze-fantasy-niepomalowane-do-ukladania-w-stosy-rpg\/"]}]},{"@type":"ImageObject","inLanguage":"pl-PL","@id":"https:\/\/3dvikingsstore.com\/pl\/shop\/teren-zrujnowanej-wiezy-28-mm-sredniowiecze-fantasy-niepomalowane-do-ukladania-w-stosy-rpg\/#primaryimage","url":"https:\/\/3dvikingsstore.com\/wp-content\/uploads\/2024\/02\/ruins-1.png","contentUrl":"https:\/\/3dvikingsstore.com\/wp-content\/uploads\/2024\/02\/ruins-1.png","width":2555,"height":2485},{"@type":"BreadcrumbList","@id":"https:\/\/3dvikingsstore.com\/pl\/shop\/teren-zrujnowanej-wiezy-28-mm-sredniowiecze-fantasy-niepomalowane-do-ukladania-w-stosy-rpg\/#breadcrumb","itemListElement":[{"@type":"ListItem","position":1,"name":"Home","item":"https:\/\/3dvikingsstore.com\/pl\/"},{"@type":"ListItem","position":2,"name":"Shop","item":"https:\/\/3dvikingsstore.com\/shop\/"},{"@type":"ListItem","position":3,"name":"Teren Zrujnowanej Wie\u017cy | 28 mm \u015aredniowiecze, Fantasy | Niepomalowane, do uk\u0142adania w stosy | RPG"}]},{"@type":"WebSite","@id":"https:\/\/3dvikingsstore.com\/pl\/#website","url":"https:\/\/3dvikingsstore.com\/pl\/","name":"3D Vikings Store","description":"Dekoracje i Akcesoria do Gier Planszowych i Sto\u0142owych","publisher":{"@id":"https:\/\/3dvikingsstore.com\/pl\/#organization"},"potentialAction":[{"@type":"SearchAction","target":{"@type":"EntryPoint","urlTemplate":"https:\/\/3dvikingsstore.com\/pl\/?s={search_term_string}"},"query-input":"required name=search_term_string"}],"inLanguage":"pl-PL"},{"@type":"Organization","@id":"https:\/\/3dvikingsstore.com\/pl\/#organization","name":"3D Vikings Store","url":"https:\/\/3dvikingsstore.com\/pl\/","logo":{"@type":"ImageObject","inLanguage":"pl-PL","@id":"https:\/\/3dvikingsstore.com\/pl\/#\/schema\/logo\/image\/","url":"https:\/\/3dvikingsstore.com\/wp-content\/uploads\/2020\/03\/3dvikings-logo-karge-white.jpg","contentUrl":"https:\/\/3dvikingsstore.com\/wp-content\/uploads\/2020\/03\/3dvikings-logo-karge-white.jpg","width":800,"height":800,"caption":"3D Vikings Store"},"image":{"@id":"https:\/\/3dvikingsstore.com\/pl\/#\/schema\/logo\/image\/"}}]}},"_links":{"self":[{"href":"https:\/\/3dvikingsstore.com\/pl\/wp-json\/wp\/v2\/product\/18455"}],"collection":[{"href":"https:\/\/3dvikingsstore.com\/pl\/wp-json\/wp\/v2\/product"}],"about":[{"href":"https:\/\/3dvikingsstore.com\/pl\/wp-json\/wp\/v2\/types\/product"}],"replies":[{"embeddable":true,"href":"https:\/\/3dvikingsstore.com\/pl\/wp-json\/wp\/v2\/comments?post=18455"}],"version-history":[{"count":0,"href":"https:\/\/3dvikingsstore.com\/pl\/wp-json\/wp\/v2\/product\/18455\/revisions"}],"wp:featuredmedia":[{"embeddable":true,"href":"https:\/\/3dvikingsstore.com\/pl\/wp-json\/wp\/v2\/media\/18456"}],"wp:attachment":[{"href":"https:\/\/3dvikingsstore.com\/pl\/wp-json\/wp\/v2\/media?parent=18455"}],"wp:term":[{"taxonomy":"product_cat","embeddable":true,"href":"https:\/\/3dvikingsstore.com\/pl\/wp-json\/wp\/v2\/product_cat?post=18455"},{"taxonomy":"product_tag","embeddable":true,"href":"https:\/\/3dvikingsstore.com\/pl\/wp-json\/wp\/v2\/product_tag?post=18455"}],"curies":[{"name":"wp","href":"https:\/\/api.w.org\/{rel}","templated":true}]}}