{"id":19236,"date":"2024-03-08T11:05:32","date_gmt":"2024-03-08T09:05:32","guid":{"rendered":"https:\/\/3dvikingsstore.com\/?post_type=product&#038;p=19236"},"modified":"2024-03-08T11:31:29","modified_gmt":"2024-03-08T09:31:29","slug":"spider-man-kopfhorerstander-ihr-freundlicher-kopfhorertreffpunkt-in-der-nachbarschaft-copy","status":"publish","type":"product","link":"https:\/\/3dvikingsstore.com\/de\/shop\/spider-man-kopfhorerstander-ihr-freundlicher-kopfhorertreffpunkt-in-der-nachbarschaft-copy\/","title":{"rendered":"Johnny Silverhand Kopfh\u00f6rerst\u00e4nder: Rock deine Welt, k\u00e4mpfe gegen das System"},"content":{"rendered":"<p><strong>Wir stellen den Johnny Silverhand Kopfh\u00f6rerst\u00e4nder vor: Vorbereiten auf die Rebellion<\/strong><\/p>\n<p>Verlieren Sie nie wieder den \u00dcberblick \u00fcber Ihre Kopfh\u00f6rer, choomba. Dieser knallharte Johnny Silverhand-Kopfh\u00f6rerst\u00e4nder ist bereit, deine Welt zu rocken und dein Audio-Equipment vor Konzernheinis und gehirngewaschenen Drohnen zu sch\u00fctzen.<\/p>\n<p><strong>Haltung mit Ziel<\/strong><\/p>\n<p>Inspiriert von Night Citys legend\u00e4rstem Rockerboy, verk\u00f6rpert dieser St\u00e4nder Johnnys rebellischen Geist. Es ist mehr als nur ein Ort, an dem man seine Kopfh\u00f6rer aufh\u00e4ngt; es ist ein Statement gegen das System. Es ist trotzig gestaltet, mit Johnnys unverkennbarem Stil und diesen feurigen, entschlossenen Augen. Die solide Bauweise des St\u00e4nders sorgt daf\u00fcr, dass Ihre Kopfh\u00f6rer sicher stehen und Sie die Musik genie\u00dfen k\u00f6nnen, die Ihren Kampf anheizt.<\/p>\n<p><strong>Verbessern Sie Ihr Rebellenversteck<\/strong><\/p>\n<p>Der Johnny Silverhand-Kopfh\u00f6rerst\u00e4nder sorgt nicht nur f\u00fcr Ordnung, sondern verwandelt Ihren Raum in einen Zufluchtsort f\u00fcr Freidenker und Anti-Konzern-Rebellen. Der graue Kunststoff und das trotzige Design verleihen Ihrem Schreibtisch, Ihrem Spielesetup oder Ihrem Aufnahmestudio einen Hauch von Night City-Grauen. Es ist eine st\u00e4ndige Erinnerung an Johnnys unerbittlichen Kampf f\u00fcr die Freiheit.<\/p>\n<p><strong>Das perfekte Geschenk f\u00fcr Cyberpunk-Rebellen<\/strong><\/p>\n<p>Kennen Sie einen eingefleischten Cyberpunk 2077-Fan oder einen echten Rebellen mit einem Anliegen? Dieser St\u00e4nder ist die perfekte Art und Weise, Ihre Wertsch\u00e4tzung f\u00fcr ihren unnachgiebigen Geist zu zeigen. Es ist ein einzigartiges und knallhartes St\u00fcck, das den Kampf gegen Unterdr\u00fcckung und die Macht eines fetzigen Soundtracks feiert.<\/p>\n<p><strong>Nutze die Nacht und vergehe niemals<\/strong><\/p>\n<p>Mit dem Johnny Silverhand Headphone Stand kaufst du nicht nur ein St\u00fcck Cyberpunk-Merchandise, du schlie\u00dft dich dem Widerstand an. Lassen Sie sich von ihm anspornen zu n\u00e4chtlichen Spielesessions, leidenschaftlichen kreativen Projekten und dem unerm\u00fcdlichen Drang, Ihrer Stimme Geh\u00f6r zu verschaffen.<\/p>\n<p><strong>Bestellen Sie noch heute Ihren Johnny Silverhand Headphone Stand &#8211; Wake the f* up, Samurai! Wir haben eine Stadt zu verbrennen.<\/strong><\/p>\n","protected":false},"excerpt":{"rendered":"<p><strong>Wir stellen den Johnny Silverhand Kopfh\u00f6rerst\u00e4nder vor: Vorbereiten auf die Rebellion<\/strong><\/p>\n<p>Verlieren Sie nie wieder den \u00dcberblick \u00fcber Ihre Kopfh\u00f6rer, choomba. Dieser knallharte Johnny Silverhand-Kopfh\u00f6rerst\u00e4nder ist bereit, deine Welt zu rocken und dein Audio-Equipment vor Konzernheinis und gehirngewaschenen Drohnen zu sch\u00fctzen.<\/p>\n","protected":false},"featured_media":19243,"comment_status":"open","ping_status":"closed","template":"","meta":[],"product_cat":[3427],"product_tag":[],"yoast_head":"<!-- This site is optimized with the Yoast SEO Premium plugin v22.9 (Yoast SEO v22.9) - https:\/\/yoast.com\/wordpress\/plugins\/seo\/ -->\n<title>Johnny Silverhand Kopfh\u00f6rerst\u00e4nder: Kampf gegen das System<\/title>\n<meta name=\"description\" content=\"Dieser knallharte Johnny Silverhand-Kopfh\u00f6rerst\u00e4nder ist bereit, deine Welt zu rocken und dein Audio-Equipment vor Konzernheinis und gehirngewaschenen Drohnen zu sch\u00fctzen.\" \/>\n<meta name=\"robots\" content=\"index, follow, max-snippet:-1, max-image-preview:large, max-video-preview:-1\" \/>\n<link rel=\"canonical\" href=\"https:\/\/3dvikingsstore.com\/de\/shop\/spider-man-kopfhorerstander-ihr-freundlicher-kopfhorertreffpunkt-in-der-nachbarschaft-copy\/\" \/>\n<meta property=\"og:locale\" content=\"de_DE\" \/>\n<meta property=\"og:type\" content=\"article\" \/>\n<meta property=\"og:title\" content=\"Johnny Silverhand Kopfh\u00f6rerst\u00e4nder: Rock deine Welt, k\u00e4mpfe gegen das System\" \/>\n<meta property=\"og:description\" content=\"Dieser knallharte Johnny Silverhand-Kopfh\u00f6rerst\u00e4nder ist bereit, deine Welt zu rocken und dein Audio-Equipment vor Konzernheinis und gehirngewaschenen Drohnen zu sch\u00fctzen.\" \/>\n<meta property=\"og:url\" content=\"https:\/\/3dvikingsstore.com\/de\/shop\/spider-man-kopfhorerstander-ihr-freundlicher-kopfhorertreffpunkt-in-der-nachbarschaft-copy\/\" \/>\n<meta property=\"og:site_name\" content=\"3D Vikings Store\" \/>\n<meta property=\"article:modified_time\" content=\"2024-03-08T09:31:29+00:00\" \/>\n<meta property=\"og:image\" content=\"https:\/\/3dvikingsstore.com\/wp-content\/uploads\/2024\/03\/Silverhand-1-1024x1024.png\" \/>\n\t<meta property=\"og:image:width\" content=\"1024\" \/>\n\t<meta property=\"og:image:height\" content=\"1024\" \/>\n\t<meta property=\"og:image:type\" content=\"image\/png\" \/>\n<meta name=\"twitter:card\" content=\"summary_large_image\" \/>\n<meta name=\"twitter:label1\" content=\"Gesch\u00e4tzte Lesezeit\" \/>\n\t<meta name=\"twitter:data1\" content=\"2\u00a0Minuten\" \/>\n<script type=\"application\/ld+json\" class=\"yoast-schema-graph\">{\"@context\":\"https:\/\/schema.org\",\"@graph\":[{\"@type\":[\"WebPage\",\"ItemPage\"],\"@id\":\"https:\/\/3dvikingsstore.com\/de\/shop\/spider-man-kopfhorerstander-ihr-freundlicher-kopfhorertreffpunkt-in-der-nachbarschaft-copy\/\",\"url\":\"https:\/\/3dvikingsstore.com\/de\/shop\/spider-man-kopfhorerstander-ihr-freundlicher-kopfhorertreffpunkt-in-der-nachbarschaft-copy\/\",\"name\":\"Johnny Silverhand Kopfh\u00f6rerst\u00e4nder: Kampf gegen das System\",\"isPartOf\":{\"@id\":\"https:\/\/3dvikingsstore.com\/de\/#website\"},\"primaryImageOfPage\":{\"@id\":\"https:\/\/3dvikingsstore.com\/de\/shop\/spider-man-kopfhorerstander-ihr-freundlicher-kopfhorertreffpunkt-in-der-nachbarschaft-copy\/#primaryimage\"},\"image\":{\"@id\":\"https:\/\/3dvikingsstore.com\/de\/shop\/spider-man-kopfhorerstander-ihr-freundlicher-kopfhorertreffpunkt-in-der-nachbarschaft-copy\/#primaryimage\"},\"thumbnailUrl\":\"https:\/\/3dvikingsstore.com\/wp-content\/uploads\/2024\/03\/Silverhand-1.png\",\"datePublished\":\"2024-03-08T09:05:32+00:00\",\"dateModified\":\"2024-03-08T09:31:29+00:00\",\"description\":\"Dieser knallharte Johnny Silverhand-Kopfh\u00f6rerst\u00e4nder ist bereit, deine Welt zu rocken und dein Audio-Equipment vor Konzernheinis und gehirngewaschenen Drohnen zu sch\u00fctzen.\",\"breadcrumb\":{\"@id\":\"https:\/\/3dvikingsstore.com\/de\/shop\/spider-man-kopfhorerstander-ihr-freundlicher-kopfhorertreffpunkt-in-der-nachbarschaft-copy\/#breadcrumb\"},\"inLanguage\":\"de\",\"potentialAction\":[{\"@type\":\"ReadAction\",\"target\":[\"https:\/\/3dvikingsstore.com\/de\/shop\/spider-man-kopfhorerstander-ihr-freundlicher-kopfhorertreffpunkt-in-der-nachbarschaft-copy\/\"]}]},{\"@type\":\"ImageObject\",\"inLanguage\":\"de\",\"@id\":\"https:\/\/3dvikingsstore.com\/de\/shop\/spider-man-kopfhorerstander-ihr-freundlicher-kopfhorertreffpunkt-in-der-nachbarschaft-copy\/#primaryimage\",\"url\":\"https:\/\/3dvikingsstore.com\/wp-content\/uploads\/2024\/03\/Silverhand-1.png\",\"contentUrl\":\"https:\/\/3dvikingsstore.com\/wp-content\/uploads\/2024\/03\/Silverhand-1.png\",\"width\":2259,\"height\":2259},{\"@type\":\"BreadcrumbList\",\"@id\":\"https:\/\/3dvikingsstore.com\/de\/shop\/spider-man-kopfhorerstander-ihr-freundlicher-kopfhorertreffpunkt-in-der-nachbarschaft-copy\/#breadcrumb\",\"itemListElement\":[{\"@type\":\"ListItem\",\"position\":1,\"name\":\"Home\",\"item\":\"https:\/\/3dvikingsstore.com\/de\/\"},{\"@type\":\"ListItem\",\"position\":2,\"name\":\"Gesch\u00e4ft\",\"item\":\"https:\/\/3dvikingsstore.com\/shop\/\"},{\"@type\":\"ListItem\",\"position\":3,\"name\":\"Johnny Silverhand Kopfh\u00f6rerst\u00e4nder: Rock deine Welt, k\u00e4mpfe gegen das System\"}]},{\"@type\":\"WebSite\",\"@id\":\"https:\/\/3dvikingsstore.com\/de\/#website\",\"url\":\"https:\/\/3dvikingsstore.com\/de\/\",\"name\":\"3D Vikings Store\",\"description\":\"Scenery and Accessories for Tabletop and Board Games\",\"publisher\":{\"@id\":\"https:\/\/3dvikingsstore.com\/de\/#organization\"},\"potentialAction\":[{\"@type\":\"SearchAction\",\"target\":{\"@type\":\"EntryPoint\",\"urlTemplate\":\"https:\/\/3dvikingsstore.com\/de\/?s={search_term_string}\"},\"query-input\":\"required name=search_term_string\"}],\"inLanguage\":\"de\"},{\"@type\":\"Organization\",\"@id\":\"https:\/\/3dvikingsstore.com\/de\/#organization\",\"name\":\"3D Vikings Store\",\"url\":\"https:\/\/3dvikingsstore.com\/de\/\",\"logo\":{\"@type\":\"ImageObject\",\"inLanguage\":\"de\",\"@id\":\"https:\/\/3dvikingsstore.com\/de\/#\/schema\/logo\/image\/\",\"url\":\"https:\/\/3dvikingsstore.com\/wp-content\/uploads\/2020\/03\/3dvikings-logo-karge-white.jpg\",\"contentUrl\":\"https:\/\/3dvikingsstore.com\/wp-content\/uploads\/2020\/03\/3dvikings-logo-karge-white.jpg\",\"width\":800,\"height\":800,\"caption\":\"3D Vikings Store\"},\"image\":{\"@id\":\"https:\/\/3dvikingsstore.com\/de\/#\/schema\/logo\/image\/\"}}]}<\/script>\n<!-- \/ Yoast SEO Premium plugin. -->","yoast_head_json":{"title":"Johnny Silverhand Kopfh\u00f6rerst\u00e4nder: Kampf gegen das System","description":"Dieser knallharte Johnny Silverhand-Kopfh\u00f6rerst\u00e4nder ist bereit, deine Welt zu rocken und dein Audio-Equipment vor Konzernheinis und gehirngewaschenen Drohnen zu sch\u00fctzen.","robots":{"index":"index","follow":"follow","max-snippet":"max-snippet:-1","max-image-preview":"max-image-preview:large","max-video-preview":"max-video-preview:-1"},"canonical":"https:\/\/3dvikingsstore.com\/de\/shop\/spider-man-kopfhorerstander-ihr-freundlicher-kopfhorertreffpunkt-in-der-nachbarschaft-copy\/","og_locale":"de_DE","og_type":"article","og_title":"Johnny Silverhand Kopfh\u00f6rerst\u00e4nder: Rock deine Welt, k\u00e4mpfe gegen das System","og_description":"Dieser knallharte Johnny Silverhand-Kopfh\u00f6rerst\u00e4nder ist bereit, deine Welt zu rocken und dein Audio-Equipment vor Konzernheinis und gehirngewaschenen Drohnen zu sch\u00fctzen.","og_url":"https:\/\/3dvikingsstore.com\/de\/shop\/spider-man-kopfhorerstander-ihr-freundlicher-kopfhorertreffpunkt-in-der-nachbarschaft-copy\/","og_site_name":"3D Vikings Store","article_modified_time":"2024-03-08T09:31:29+00:00","og_image":[{"width":1024,"height":1024,"url":"https:\/\/3dvikingsstore.com\/wp-content\/uploads\/2024\/03\/Silverhand-1-1024x1024.png","type":"image\/png"}],"twitter_card":"summary_large_image","twitter_misc":{"Gesch\u00e4tzte Lesezeit":"2\u00a0Minuten"},"schema":{"@context":"https:\/\/schema.org","@graph":[{"@type":["WebPage","ItemPage"],"@id":"https:\/\/3dvikingsstore.com\/de\/shop\/spider-man-kopfhorerstander-ihr-freundlicher-kopfhorertreffpunkt-in-der-nachbarschaft-copy\/","url":"https:\/\/3dvikingsstore.com\/de\/shop\/spider-man-kopfhorerstander-ihr-freundlicher-kopfhorertreffpunkt-in-der-nachbarschaft-copy\/","name":"Johnny Silverhand Kopfh\u00f6rerst\u00e4nder: Kampf gegen das System","isPartOf":{"@id":"https:\/\/3dvikingsstore.com\/de\/#website"},"primaryImageOfPage":{"@id":"https:\/\/3dvikingsstore.com\/de\/shop\/spider-man-kopfhorerstander-ihr-freundlicher-kopfhorertreffpunkt-in-der-nachbarschaft-copy\/#primaryimage"},"image":{"@id":"https:\/\/3dvikingsstore.com\/de\/shop\/spider-man-kopfhorerstander-ihr-freundlicher-kopfhorertreffpunkt-in-der-nachbarschaft-copy\/#primaryimage"},"thumbnailUrl":"https:\/\/3dvikingsstore.com\/wp-content\/uploads\/2024\/03\/Silverhand-1.png","datePublished":"2024-03-08T09:05:32+00:00","dateModified":"2024-03-08T09:31:29+00:00","description":"Dieser knallharte Johnny Silverhand-Kopfh\u00f6rerst\u00e4nder ist bereit, deine Welt zu rocken und dein Audio-Equipment vor Konzernheinis und gehirngewaschenen Drohnen zu sch\u00fctzen.","breadcrumb":{"@id":"https:\/\/3dvikingsstore.com\/de\/shop\/spider-man-kopfhorerstander-ihr-freundlicher-kopfhorertreffpunkt-in-der-nachbarschaft-copy\/#breadcrumb"},"inLanguage":"de","potentialAction":[{"@type":"ReadAction","target":["https:\/\/3dvikingsstore.com\/de\/shop\/spider-man-kopfhorerstander-ihr-freundlicher-kopfhorertreffpunkt-in-der-nachbarschaft-copy\/"]}]},{"@type":"ImageObject","inLanguage":"de","@id":"https:\/\/3dvikingsstore.com\/de\/shop\/spider-man-kopfhorerstander-ihr-freundlicher-kopfhorertreffpunkt-in-der-nachbarschaft-copy\/#primaryimage","url":"https:\/\/3dvikingsstore.com\/wp-content\/uploads\/2024\/03\/Silverhand-1.png","contentUrl":"https:\/\/3dvikingsstore.com\/wp-content\/uploads\/2024\/03\/Silverhand-1.png","width":2259,"height":2259},{"@type":"BreadcrumbList","@id":"https:\/\/3dvikingsstore.com\/de\/shop\/spider-man-kopfhorerstander-ihr-freundlicher-kopfhorertreffpunkt-in-der-nachbarschaft-copy\/#breadcrumb","itemListElement":[{"@type":"ListItem","position":1,"name":"Home","item":"https:\/\/3dvikingsstore.com\/de\/"},{"@type":"ListItem","position":2,"name":"Gesch\u00e4ft","item":"https:\/\/3dvikingsstore.com\/shop\/"},{"@type":"ListItem","position":3,"name":"Johnny Silverhand Kopfh\u00f6rerst\u00e4nder: Rock deine Welt, k\u00e4mpfe gegen das System"}]},{"@type":"WebSite","@id":"https:\/\/3dvikingsstore.com\/de\/#website","url":"https:\/\/3dvikingsstore.com\/de\/","name":"3D Vikings Store","description":"Scenery and Accessories for Tabletop and Board Games","publisher":{"@id":"https:\/\/3dvikingsstore.com\/de\/#organization"},"potentialAction":[{"@type":"SearchAction","target":{"@type":"EntryPoint","urlTemplate":"https:\/\/3dvikingsstore.com\/de\/?s={search_term_string}"},"query-input":"required name=search_term_string"}],"inLanguage":"de"},{"@type":"Organization","@id":"https:\/\/3dvikingsstore.com\/de\/#organization","name":"3D Vikings Store","url":"https:\/\/3dvikingsstore.com\/de\/","logo":{"@type":"ImageObject","inLanguage":"de","@id":"https:\/\/3dvikingsstore.com\/de\/#\/schema\/logo\/image\/","url":"https:\/\/3dvikingsstore.com\/wp-content\/uploads\/2020\/03\/3dvikings-logo-karge-white.jpg","contentUrl":"https:\/\/3dvikingsstore.com\/wp-content\/uploads\/2020\/03\/3dvikings-logo-karge-white.jpg","width":800,"height":800,"caption":"3D Vikings Store"},"image":{"@id":"https:\/\/3dvikingsstore.com\/de\/#\/schema\/logo\/image\/"}}]}},"_links":{"self":[{"href":"https:\/\/3dvikingsstore.com\/de\/wp-json\/wp\/v2\/product\/19236"}],"collection":[{"href":"https:\/\/3dvikingsstore.com\/de\/wp-json\/wp\/v2\/product"}],"about":[{"href":"https:\/\/3dvikingsstore.com\/de\/wp-json\/wp\/v2\/types\/product"}],"replies":[{"embeddable":true,"href":"https:\/\/3dvikingsstore.com\/de\/wp-json\/wp\/v2\/comments?post=19236"}],"version-history":[{"count":2,"href":"https:\/\/3dvikingsstore.com\/de\/wp-json\/wp\/v2\/product\/19236\/revisions"}],"predecessor-version":[{"id":19261,"href":"https:\/\/3dvikingsstore.com\/de\/wp-json\/wp\/v2\/product\/19236\/revisions\/19261"}],"wp:featuredmedia":[{"embeddable":true,"href":"https:\/\/3dvikingsstore.com\/de\/wp-json\/wp\/v2\/media\/19243"}],"wp:attachment":[{"href":"https:\/\/3dvikingsstore.com\/de\/wp-json\/wp\/v2\/media?parent=19236"}],"wp:term":[{"taxonomy":"product_cat","embeddable":true,"href":"https:\/\/3dvikingsstore.com\/de\/wp-json\/wp\/v2\/product_cat?post=19236"},{"taxonomy":"product_tag","embeddable":true,"href":"https:\/\/3dvikingsstore.com\/de\/wp-json\/wp\/v2\/product_tag?post=19236"}],"curies":[{"name":"wp","href":"https:\/\/api.w.org\/{rel}","templated":true}]}}