{"id":19111,"date":"2024-03-05T14:11:46","date_gmt":"2024-03-05T12:11:46","guid":{"rendered":"https:\/\/3dvikingsstore.com\/?post_type=product&#038;p=19111"},"modified":"2024-03-05T14:47:36","modified_gmt":"2024-03-05T12:47:36","slug":"batman-kopfhoererstaender","status":"publish","type":"product","link":"https:\/\/3dvikingsstore.com\/de\/shop\/batman-kopfhoererstaender\/","title":{"rendered":"Batman-Kopfh\u00f6rerst\u00e4nder: Aufr\u00fcsten f\u00fcr Gerechtigkeit"},"content":{"rendered":"<p data-sourcepos=\"11:1-11:237\">Umarme die Schatten und besch\u00fctze dein Audio-Equipment mit dem ultimativen W\u00e4chter: dem Batman-Kopfh\u00f6rerst\u00e4nder. Diese detaillierte B\u00fcste aus Kunststoff f\u00e4ngt die einsch\u00fcchternde Pr\u00e4senz und unersch\u00fctterliche Entschlossenheit des Dunklen Ritters ein.<\/p>\n<p data-sourcepos=\"13:1-13:20\"><strong>Das Symbol von Gotham<\/strong><\/p>\n<p data-sourcepos=\"15:1-15:215\">Batmans ikonische Kutte mit den spitzen Ohren und schattigen Augen ist eine Botschaft an die kriminelle Unterwelt. Lassen Sie diesen St\u00e4nder eine \u00e4hnliche Pose auf Ihrem Schreibtisch einnehmen, als stille Warnung an alle, die es wagen, Ihre Konzentration zu st\u00f6ren.<\/p>\n<p data-sourcepos=\"17:1-17:25\"><strong>Taktischer technischer Schutz<\/strong><\/p>\n<p data-sourcepos=\"19:1-19:265\">Das Arsenal des Dunklen Ritters ist nicht nur zur Schau gestellt, es ist f\u00fcr seine Mission unerl\u00e4sslich. Dieser robuste St\u00e4nder hebt Ihre Kopfh\u00f6rer an und spiegelt Batmans taktische Denkweise wider. Halten Sie Ihre Ausr\u00fcstung geordnet, sicher vor Besch\u00e4digungen und einsatzbereit &#8211; genau wie der Caped Crusader selbst.<\/p>\n<p data-sourcepos=\"21:1-21:28\"><strong>Entfesseln Sie Ihren inneren Vigilanten<\/strong><\/p>\n<p data-sourcepos=\"23:1-23:236\">Lass dich von Batmans unerbittlichem Tatendrang leiten, w\u00e4hrend du deine Arbeit erledigst, deine n\u00e4chsten Spielz\u00fcge planst oder einfach nur in deine Lieblingssongs eintauchst. Seine unersch\u00fctterliche Wachsamkeit inspiriert Sie und sorgt daf\u00fcr, dass Sie konzentriert und auf jede Herausforderung vorbereitet sind.<\/p>\n<p data-sourcepos=\"25:1-25:41\"><strong>Das ultimative Upgrade f\u00fcr den ultimativen Fan<\/strong><\/p>\n<p data-sourcepos=\"27:1-27:247\">Dieser Batman-Kopfh\u00f6rerst\u00e4nder ist ein Muss f\u00fcr jeden DC-Fan. Es ist ein Schmuckst\u00fcck f\u00fcr deinen Schreibtisch, das deine Liebe zu dem legend\u00e4ren Helden und seiner kultigen Ausr\u00fcstung zeigt. Werten Sie Ihre Audioanlage auf und huldigen Sie gleichzeitig dem ultimativen Symbol der Gerechtigkeit.<\/p>\n","protected":false},"excerpt":{"rendered":"<p data-sourcepos=\"9:1-9:39\">Der Batman Headphone Stand ist der ultimative Besch\u00fctzer f\u00fcr deine Audioausr\u00fcstung. Diese detaillierte B\u00fcste aus Kunststoff f\u00e4ngt die einsch\u00fcchternde Pr\u00e4senz und unersch\u00fctterliche Entschlossenheit des Dunklen Ritters ein.<\/p>\n","protected":false},"featured_media":19083,"comment_status":"open","ping_status":"closed","template":"","meta":[],"product_cat":[3427],"product_tag":[],"yoast_head":"<!-- This site is optimized with the Yoast SEO Premium plugin v22.9 (Yoast SEO v22.9) - https:\/\/yoast.com\/wordpress\/plugins\/seo\/ -->\n<title>3D Vikings Store<\/title>\n<meta name=\"description\" content=\"Umarme die Schatten und besch\u00fctze dein Audio-Equipment mit dem ultimativen W\u00e4chter: dem Batman Kopfh\u00f6rerst\u00e4nder. Es f\u00e4ngt die einsch\u00fcchternde Pr\u00e4senz des Dunklen Ritters ein.\" \/>\n<meta name=\"robots\" content=\"index, follow, max-snippet:-1, max-image-preview:large, max-video-preview:-1\" \/>\n<link rel=\"canonical\" href=\"https:\/\/3dvikingsstore.com\/de\/shop\/batman-kopfhoererstaender\/\" \/>\n<meta property=\"og:locale\" content=\"de_DE\" \/>\n<meta property=\"og:type\" content=\"article\" \/>\n<meta property=\"og:title\" content=\"Batman-Kopfh\u00f6rerst\u00e4nder: Aufr\u00fcsten f\u00fcr Gerechtigkeit\" \/>\n<meta property=\"og:description\" content=\"Umarme die Schatten und besch\u00fctze dein Audio-Equipment mit dem ultimativen W\u00e4chter: dem Batman Kopfh\u00f6rerst\u00e4nder. Es f\u00e4ngt die einsch\u00fcchternde Pr\u00e4senz des Dunklen Ritters ein.\" \/>\n<meta property=\"og:url\" content=\"https:\/\/3dvikingsstore.com\/de\/shop\/batman-kopfhoererstaender\/\" \/>\n<meta property=\"og:site_name\" content=\"3D Vikings Store\" \/>\n<meta property=\"article:modified_time\" content=\"2024-03-05T12:47:36+00:00\" \/>\n<meta property=\"og:image\" content=\"https:\/\/3dvikingsstore.com\/wp-content\/uploads\/2024\/03\/Batman-1.jpg\" \/>\n\t<meta property=\"og:image:width\" content=\"2475\" \/>\n\t<meta property=\"og:image:height\" content=\"2475\" \/>\n\t<meta property=\"og:image:type\" content=\"image\/jpeg\" \/>\n<meta name=\"twitter:card\" content=\"summary_large_image\" \/>\n<meta name=\"twitter:label1\" content=\"Gesch\u00e4tzte Lesezeit\" \/>\n\t<meta name=\"twitter:data1\" content=\"2\u00a0Minuten\" \/>\n<script type=\"application\/ld+json\" class=\"yoast-schema-graph\">{\"@context\":\"https:\/\/schema.org\",\"@graph\":[{\"@type\":[\"WebPage\",\"ItemPage\"],\"@id\":\"https:\/\/3dvikingsstore.com\/de\/shop\/batman-kopfhoererstaender\/\",\"url\":\"https:\/\/3dvikingsstore.com\/de\/shop\/batman-kopfhoererstaender\/\",\"name\":\"\",\"isPartOf\":{\"@id\":\"https:\/\/3dvikingsstore.com\/de\/#website\"},\"primaryImageOfPage\":{\"@id\":\"https:\/\/3dvikingsstore.com\/de\/shop\/batman-kopfhoererstaender\/#primaryimage\"},\"image\":{\"@id\":\"https:\/\/3dvikingsstore.com\/de\/shop\/batman-kopfhoererstaender\/#primaryimage\"},\"thumbnailUrl\":\"https:\/\/3dvikingsstore.com\/wp-content\/uploads\/2024\/03\/Batman-1.jpg\",\"datePublished\":\"2024-03-05T12:11:46+00:00\",\"dateModified\":\"2024-03-05T12:47:36+00:00\",\"description\":\"Umarme die Schatten und besch\u00fctze dein Audio-Equipment mit dem ultimativen W\u00e4chter: dem Batman Kopfh\u00f6rerst\u00e4nder. Es f\u00e4ngt die einsch\u00fcchternde Pr\u00e4senz des Dunklen Ritters ein.\",\"breadcrumb\":{\"@id\":\"https:\/\/3dvikingsstore.com\/de\/shop\/batman-kopfhoererstaender\/#breadcrumb\"},\"inLanguage\":\"de\",\"potentialAction\":[{\"@type\":\"ReadAction\",\"target\":[\"https:\/\/3dvikingsstore.com\/de\/shop\/batman-kopfhoererstaender\/\"]}]},{\"@type\":\"ImageObject\",\"inLanguage\":\"de\",\"@id\":\"https:\/\/3dvikingsstore.com\/de\/shop\/batman-kopfhoererstaender\/#primaryimage\",\"url\":\"https:\/\/3dvikingsstore.com\/wp-content\/uploads\/2024\/03\/Batman-1.jpg\",\"contentUrl\":\"https:\/\/3dvikingsstore.com\/wp-content\/uploads\/2024\/03\/Batman-1.jpg\",\"width\":2475,\"height\":2475},{\"@type\":\"BreadcrumbList\",\"@id\":\"https:\/\/3dvikingsstore.com\/de\/shop\/batman-kopfhoererstaender\/#breadcrumb\",\"itemListElement\":[{\"@type\":\"ListItem\",\"position\":1,\"name\":\"Home\",\"item\":\"https:\/\/3dvikingsstore.com\/de\/\"},{\"@type\":\"ListItem\",\"position\":2,\"name\":\"Gesch\u00e4ft\",\"item\":\"https:\/\/3dvikingsstore.com\/shop\/\"},{\"@type\":\"ListItem\",\"position\":3,\"name\":\"Batman-Kopfh\u00f6rerst\u00e4nder: Aufr\u00fcsten f\u00fcr Gerechtigkeit\"}]},{\"@type\":\"WebSite\",\"@id\":\"https:\/\/3dvikingsstore.com\/de\/#website\",\"url\":\"https:\/\/3dvikingsstore.com\/de\/\",\"name\":\"3D Vikings Store\",\"description\":\"Scenery and Accessories for Tabletop and Board Games\",\"publisher\":{\"@id\":\"https:\/\/3dvikingsstore.com\/de\/#organization\"},\"potentialAction\":[{\"@type\":\"SearchAction\",\"target\":{\"@type\":\"EntryPoint\",\"urlTemplate\":\"https:\/\/3dvikingsstore.com\/de\/?s={search_term_string}\"},\"query-input\":\"required name=search_term_string\"}],\"inLanguage\":\"de\"},{\"@type\":\"Organization\",\"@id\":\"https:\/\/3dvikingsstore.com\/de\/#organization\",\"name\":\"3D Vikings Store\",\"url\":\"https:\/\/3dvikingsstore.com\/de\/\",\"logo\":{\"@type\":\"ImageObject\",\"inLanguage\":\"de\",\"@id\":\"https:\/\/3dvikingsstore.com\/de\/#\/schema\/logo\/image\/\",\"url\":\"https:\/\/3dvikingsstore.com\/wp-content\/uploads\/2020\/03\/3dvikings-logo-karge-white.jpg\",\"contentUrl\":\"https:\/\/3dvikingsstore.com\/wp-content\/uploads\/2020\/03\/3dvikings-logo-karge-white.jpg\",\"width\":800,\"height\":800,\"caption\":\"3D Vikings Store\"},\"image\":{\"@id\":\"https:\/\/3dvikingsstore.com\/de\/#\/schema\/logo\/image\/\"}}]}<\/script>\n<!-- \/ Yoast SEO Premium plugin. -->","yoast_head_json":{"title":"3D Vikings Store","description":"Umarme die Schatten und besch\u00fctze dein Audio-Equipment mit dem ultimativen W\u00e4chter: dem Batman Kopfh\u00f6rerst\u00e4nder. Es f\u00e4ngt die einsch\u00fcchternde Pr\u00e4senz des Dunklen Ritters ein.","robots":{"index":"index","follow":"follow","max-snippet":"max-snippet:-1","max-image-preview":"max-image-preview:large","max-video-preview":"max-video-preview:-1"},"canonical":"https:\/\/3dvikingsstore.com\/de\/shop\/batman-kopfhoererstaender\/","og_locale":"de_DE","og_type":"article","og_title":"Batman-Kopfh\u00f6rerst\u00e4nder: Aufr\u00fcsten f\u00fcr Gerechtigkeit","og_description":"Umarme die Schatten und besch\u00fctze dein Audio-Equipment mit dem ultimativen W\u00e4chter: dem Batman Kopfh\u00f6rerst\u00e4nder. Es f\u00e4ngt die einsch\u00fcchternde Pr\u00e4senz des Dunklen Ritters ein.","og_url":"https:\/\/3dvikingsstore.com\/de\/shop\/batman-kopfhoererstaender\/","og_site_name":"3D Vikings Store","article_modified_time":"2024-03-05T12:47:36+00:00","og_image":[{"width":2475,"height":2475,"url":"https:\/\/3dvikingsstore.com\/wp-content\/uploads\/2024\/03\/Batman-1.jpg","type":"image\/jpeg"}],"twitter_card":"summary_large_image","twitter_misc":{"Gesch\u00e4tzte Lesezeit":"2\u00a0Minuten"},"schema":{"@context":"https:\/\/schema.org","@graph":[{"@type":["WebPage","ItemPage"],"@id":"https:\/\/3dvikingsstore.com\/de\/shop\/batman-kopfhoererstaender\/","url":"https:\/\/3dvikingsstore.com\/de\/shop\/batman-kopfhoererstaender\/","name":"","isPartOf":{"@id":"https:\/\/3dvikingsstore.com\/de\/#website"},"primaryImageOfPage":{"@id":"https:\/\/3dvikingsstore.com\/de\/shop\/batman-kopfhoererstaender\/#primaryimage"},"image":{"@id":"https:\/\/3dvikingsstore.com\/de\/shop\/batman-kopfhoererstaender\/#primaryimage"},"thumbnailUrl":"https:\/\/3dvikingsstore.com\/wp-content\/uploads\/2024\/03\/Batman-1.jpg","datePublished":"2024-03-05T12:11:46+00:00","dateModified":"2024-03-05T12:47:36+00:00","description":"Umarme die Schatten und besch\u00fctze dein Audio-Equipment mit dem ultimativen W\u00e4chter: dem Batman Kopfh\u00f6rerst\u00e4nder. Es f\u00e4ngt die einsch\u00fcchternde Pr\u00e4senz des Dunklen Ritters ein.","breadcrumb":{"@id":"https:\/\/3dvikingsstore.com\/de\/shop\/batman-kopfhoererstaender\/#breadcrumb"},"inLanguage":"de","potentialAction":[{"@type":"ReadAction","target":["https:\/\/3dvikingsstore.com\/de\/shop\/batman-kopfhoererstaender\/"]}]},{"@type":"ImageObject","inLanguage":"de","@id":"https:\/\/3dvikingsstore.com\/de\/shop\/batman-kopfhoererstaender\/#primaryimage","url":"https:\/\/3dvikingsstore.com\/wp-content\/uploads\/2024\/03\/Batman-1.jpg","contentUrl":"https:\/\/3dvikingsstore.com\/wp-content\/uploads\/2024\/03\/Batman-1.jpg","width":2475,"height":2475},{"@type":"BreadcrumbList","@id":"https:\/\/3dvikingsstore.com\/de\/shop\/batman-kopfhoererstaender\/#breadcrumb","itemListElement":[{"@type":"ListItem","position":1,"name":"Home","item":"https:\/\/3dvikingsstore.com\/de\/"},{"@type":"ListItem","position":2,"name":"Gesch\u00e4ft","item":"https:\/\/3dvikingsstore.com\/shop\/"},{"@type":"ListItem","position":3,"name":"Batman-Kopfh\u00f6rerst\u00e4nder: Aufr\u00fcsten f\u00fcr Gerechtigkeit"}]},{"@type":"WebSite","@id":"https:\/\/3dvikingsstore.com\/de\/#website","url":"https:\/\/3dvikingsstore.com\/de\/","name":"3D Vikings Store","description":"Scenery and Accessories for Tabletop and Board Games","publisher":{"@id":"https:\/\/3dvikingsstore.com\/de\/#organization"},"potentialAction":[{"@type":"SearchAction","target":{"@type":"EntryPoint","urlTemplate":"https:\/\/3dvikingsstore.com\/de\/?s={search_term_string}"},"query-input":"required name=search_term_string"}],"inLanguage":"de"},{"@type":"Organization","@id":"https:\/\/3dvikingsstore.com\/de\/#organization","name":"3D Vikings Store","url":"https:\/\/3dvikingsstore.com\/de\/","logo":{"@type":"ImageObject","inLanguage":"de","@id":"https:\/\/3dvikingsstore.com\/de\/#\/schema\/logo\/image\/","url":"https:\/\/3dvikingsstore.com\/wp-content\/uploads\/2020\/03\/3dvikings-logo-karge-white.jpg","contentUrl":"https:\/\/3dvikingsstore.com\/wp-content\/uploads\/2020\/03\/3dvikings-logo-karge-white.jpg","width":800,"height":800,"caption":"3D Vikings Store"},"image":{"@id":"https:\/\/3dvikingsstore.com\/de\/#\/schema\/logo\/image\/"}}]}},"_links":{"self":[{"href":"https:\/\/3dvikingsstore.com\/de\/wp-json\/wp\/v2\/product\/19111"}],"collection":[{"href":"https:\/\/3dvikingsstore.com\/de\/wp-json\/wp\/v2\/product"}],"about":[{"href":"https:\/\/3dvikingsstore.com\/de\/wp-json\/wp\/v2\/types\/product"}],"replies":[{"embeddable":true,"href":"https:\/\/3dvikingsstore.com\/de\/wp-json\/wp\/v2\/comments?post=19111"}],"version-history":[{"count":2,"href":"https:\/\/3dvikingsstore.com\/de\/wp-json\/wp\/v2\/product\/19111\/revisions"}],"predecessor-version":[{"id":19120,"href":"https:\/\/3dvikingsstore.com\/de\/wp-json\/wp\/v2\/product\/19111\/revisions\/19120"}],"wp:featuredmedia":[{"embeddable":true,"href":"https:\/\/3dvikingsstore.com\/de\/wp-json\/wp\/v2\/media\/19083"}],"wp:attachment":[{"href":"https:\/\/3dvikingsstore.com\/de\/wp-json\/wp\/v2\/media?parent=19111"}],"wp:term":[{"taxonomy":"product_cat","embeddable":true,"href":"https:\/\/3dvikingsstore.com\/de\/wp-json\/wp\/v2\/product_cat?post=19111"},{"taxonomy":"product_tag","embeddable":true,"href":"https:\/\/3dvikingsstore.com\/de\/wp-json\/wp\/v2\/product_tag?post=19111"}],"curies":[{"name":"wp","href":"https:\/\/api.w.org\/{rel}","templated":true}]}}