{"id":19094,"date":"2024-03-05T12:45:07","date_gmt":"2024-03-05T10:45:07","guid":{"rendered":"https:\/\/3dvikingsstore.com\/?post_type=product&#038;p=19094"},"modified":"2024-03-05T14:23:57","modified_gmt":"2024-03-05T12:23:57","slug":"lobo-kopfhoererstaender","status":"publish","type":"product","link":"https:\/\/3dvikingsstore.com\/de\/shop\/lobo-kopfhoererstaender\/","title":{"rendered":"Lobo Kopfh\u00f6rerst\u00e4nder: Sch\u00fctz deine Ausr\u00fcstung, verdammter Mistkerl!"},"content":{"rendered":"<p><strong>&#8222;Verdammter Idiot hat meine Kopfh\u00f6rer geklaut!&#8220; &#8230; Mit dem Lobo-Kopfh\u00f6rerst\u00e4nder wird das nicht passieren<\/strong><\/p>\n<p>Der Main Man h\u00f6chstpers\u00f6nlich ist hier, um Ihre Audioausr\u00fcstung zu bewachen! Dieser knorrige Kopfh\u00f6rerst\u00e4nder zeigt Lobos ikonische, mit Totenk\u00f6pfen besetzte Visage, mit Ketten, Narben und einer unberechenbaren Einstellung. Sein bedrohliches Grinsen und die blutunterlaufenen Augen sollen eine klare Botschaft vermitteln: Wer sich mit meiner Musik anlegt, muss sich vor dem letzten Zaren verantworten!<\/p>\n<p><strong>Attitude bereit f\u00fcr Ihre individuelle Note<\/strong><\/p>\n<p>Das hier ist kein Sch\u00f6nling-Heldenstand. Diese detaillierte graue Plastikb\u00fcste ist eine leere Leinwand f\u00fcr deine eigene Art von Chaos! Fangen Sie Lobo in seiner brutalsten Form ein oder f\u00fcgen Sie Ihre eigene individuelle Lackierung hinzu. Jede Kette, jede Narbe und jeder abgebrochene Zahn erz\u00e4hlt eine Geschichte des intergalaktischen Chaos &#8211; passe sie an, um deine Geschichte zu erz\u00e4hlen.<\/p>\n<p><strong>Entfesseln Sie den Kopfgeldj\u00e4ger in Ihnen<\/strong><\/p>\n<p>Lobo l\u00e4sst sich von niemandem etwas gefallen! Lassen Sie sich von seiner unnachgiebigen Einstellung leiten, w\u00e4hrend Sie die Musik aufdrehen oder Ihre n\u00e4chste Eroberung planen. Egal, ob Sie eine Deadline einhalten oder virtuelle Kopfgelder jagen m\u00fcssen, der Main Man h\u00e4lt Ihnen den R\u00fccken frei (und Ihre Kopfh\u00f6rer).<\/p>\n<p><strong>Das schlimmste Upgrade f\u00fcr den schlimmsten Fan<\/strong><\/p>\n<p>Dieser Lobo-Kopfh\u00f6rerst\u00e4nder ist pure, ungefilterte kosmische Abgebr\u00fchtheit. Es ist ein Schmuckst\u00fcck f\u00fcr deinen Schreibtisch, eine Hommage an DCs b\u00f6sesten Kopfgeldj\u00e4ger und eine verdammt gute M\u00f6glichkeit, deine tollen Kopfh\u00f6rer zu pr\u00e4sentieren. Wenn Sie Antihelden, explosive Action und eigene Ideen lieben, ist dies der richtige Stand f\u00fcr Sie!<\/p>\n","protected":false},"excerpt":{"rendered":"<p data-sourcepos=\"9:1-9:39\">Der Main Man h\u00f6chstpers\u00f6nlich ist hier, um Ihre Audioausr\u00fcstung zu bewachen! Dieser knorrige Kopfh\u00f6rerst\u00e4nder zeigt Lobos ikonische, mit Totenk\u00f6pfen besetzte Visage, mit Ketten, Narben und einer unberechenbaren Einstellung. Sein bedrohliches Grinsen und die blutunterlaufenen Augen sollen eine klare Botschaft vermitteln: Wer sich mit meiner Musik anlegt, muss sich vor dem letzten Zaren verantworten!<\/p>\n","protected":false},"featured_media":19077,"comment_status":"open","ping_status":"closed","template":"","meta":[],"product_cat":[3427],"product_tag":[],"yoast_head":"<!-- This site is optimized with the Yoast SEO Premium plugin v22.9 (Yoast SEO v22.9) - https:\/\/yoast.com\/wordpress\/plugins\/seo\/ -->\n<title>3D Vikings Store<\/title>\n<meta name=\"description\" content=\"Dieser knorrige Kopfh\u00f6rerst\u00e4nder zeigt Lobos ikonische, mit Totenk\u00f6pfen besetzte Visage, mit Ketten, Narben und einer unberechenbaren Einstellung.\" \/>\n<meta name=\"robots\" content=\"index, follow, max-snippet:-1, max-image-preview:large, max-video-preview:-1\" \/>\n<link rel=\"canonical\" href=\"https:\/\/3dvikingsstore.com\/de\/shop\/lobo-kopfhoererstaender\/\" \/>\n<meta property=\"og:locale\" content=\"de_DE\" \/>\n<meta property=\"og:type\" content=\"article\" \/>\n<meta property=\"og:title\" content=\"Lobo Kopfh\u00f6rerst\u00e4nder: Sch\u00fctz deine Ausr\u00fcstung, verdammter Mistkerl!\" \/>\n<meta property=\"og:description\" content=\"Dieser knorrige Kopfh\u00f6rerst\u00e4nder zeigt Lobos ikonische, mit Totenk\u00f6pfen besetzte Visage, mit Ketten, Narben und einer unberechenbaren Einstellung.\" \/>\n<meta property=\"og:url\" content=\"https:\/\/3dvikingsstore.com\/de\/shop\/lobo-kopfhoererstaender\/\" \/>\n<meta property=\"og:site_name\" content=\"3D Vikings Store\" \/>\n<meta property=\"article:modified_time\" content=\"2024-03-05T12:23:57+00:00\" \/>\n<meta property=\"og:image\" content=\"https:\/\/3dvikingsstore.com\/wp-content\/uploads\/2024\/03\/Lobo-1-scaled.jpg\" \/>\n\t<meta property=\"og:image:width\" content=\"2560\" \/>\n\t<meta property=\"og:image:height\" content=\"2560\" \/>\n\t<meta property=\"og:image:type\" content=\"image\/jpeg\" \/>\n<meta name=\"twitter:card\" content=\"summary_large_image\" \/>\n<meta name=\"twitter:label1\" content=\"Gesch\u00e4tzte Lesezeit\" \/>\n\t<meta name=\"twitter:data1\" content=\"2\u00a0Minuten\" \/>\n<script type=\"application\/ld+json\" class=\"yoast-schema-graph\">{\"@context\":\"https:\/\/schema.org\",\"@graph\":[{\"@type\":[\"WebPage\",\"ItemPage\"],\"@id\":\"https:\/\/3dvikingsstore.com\/de\/shop\/lobo-kopfhoererstaender\/\",\"url\":\"https:\/\/3dvikingsstore.com\/de\/shop\/lobo-kopfhoererstaender\/\",\"name\":\"\",\"isPartOf\":{\"@id\":\"https:\/\/3dvikingsstore.com\/de\/#website\"},\"primaryImageOfPage\":{\"@id\":\"https:\/\/3dvikingsstore.com\/de\/shop\/lobo-kopfhoererstaender\/#primaryimage\"},\"image\":{\"@id\":\"https:\/\/3dvikingsstore.com\/de\/shop\/lobo-kopfhoererstaender\/#primaryimage\"},\"thumbnailUrl\":\"https:\/\/3dvikingsstore.com\/wp-content\/uploads\/2024\/03\/Lobo-1-scaled.jpg\",\"datePublished\":\"2024-03-05T10:45:07+00:00\",\"dateModified\":\"2024-03-05T12:23:57+00:00\",\"description\":\"Dieser knorrige Kopfh\u00f6rerst\u00e4nder zeigt Lobos ikonische, mit Totenk\u00f6pfen besetzte Visage, mit Ketten, Narben und einer unberechenbaren Einstellung.\",\"breadcrumb\":{\"@id\":\"https:\/\/3dvikingsstore.com\/de\/shop\/lobo-kopfhoererstaender\/#breadcrumb\"},\"inLanguage\":\"de\",\"potentialAction\":[{\"@type\":\"ReadAction\",\"target\":[\"https:\/\/3dvikingsstore.com\/de\/shop\/lobo-kopfhoererstaender\/\"]}]},{\"@type\":\"ImageObject\",\"inLanguage\":\"de\",\"@id\":\"https:\/\/3dvikingsstore.com\/de\/shop\/lobo-kopfhoererstaender\/#primaryimage\",\"url\":\"https:\/\/3dvikingsstore.com\/wp-content\/uploads\/2024\/03\/Lobo-1-scaled.jpg\",\"contentUrl\":\"https:\/\/3dvikingsstore.com\/wp-content\/uploads\/2024\/03\/Lobo-1-scaled.jpg\",\"width\":2560,\"height\":2560},{\"@type\":\"BreadcrumbList\",\"@id\":\"https:\/\/3dvikingsstore.com\/de\/shop\/lobo-kopfhoererstaender\/#breadcrumb\",\"itemListElement\":[{\"@type\":\"ListItem\",\"position\":1,\"name\":\"Home\",\"item\":\"https:\/\/3dvikingsstore.com\/de\/\"},{\"@type\":\"ListItem\",\"position\":2,\"name\":\"Gesch\u00e4ft\",\"item\":\"https:\/\/3dvikingsstore.com\/shop\/\"},{\"@type\":\"ListItem\",\"position\":3,\"name\":\"Lobo Kopfh\u00f6rerst\u00e4nder: Sch\u00fctz deine Ausr\u00fcstung, verdammter Mistkerl!\"}]},{\"@type\":\"WebSite\",\"@id\":\"https:\/\/3dvikingsstore.com\/de\/#website\",\"url\":\"https:\/\/3dvikingsstore.com\/de\/\",\"name\":\"3D Vikings Store\",\"description\":\"Scenery and Accessories for Tabletop and Board Games\",\"publisher\":{\"@id\":\"https:\/\/3dvikingsstore.com\/de\/#organization\"},\"potentialAction\":[{\"@type\":\"SearchAction\",\"target\":{\"@type\":\"EntryPoint\",\"urlTemplate\":\"https:\/\/3dvikingsstore.com\/de\/?s={search_term_string}\"},\"query-input\":\"required name=search_term_string\"}],\"inLanguage\":\"de\"},{\"@type\":\"Organization\",\"@id\":\"https:\/\/3dvikingsstore.com\/de\/#organization\",\"name\":\"3D Vikings Store\",\"url\":\"https:\/\/3dvikingsstore.com\/de\/\",\"logo\":{\"@type\":\"ImageObject\",\"inLanguage\":\"de\",\"@id\":\"https:\/\/3dvikingsstore.com\/de\/#\/schema\/logo\/image\/\",\"url\":\"https:\/\/3dvikingsstore.com\/wp-content\/uploads\/2020\/03\/3dvikings-logo-karge-white.jpg\",\"contentUrl\":\"https:\/\/3dvikingsstore.com\/wp-content\/uploads\/2020\/03\/3dvikings-logo-karge-white.jpg\",\"width\":800,\"height\":800,\"caption\":\"3D Vikings Store\"},\"image\":{\"@id\":\"https:\/\/3dvikingsstore.com\/de\/#\/schema\/logo\/image\/\"}}]}<\/script>\n<!-- \/ Yoast SEO Premium plugin. -->","yoast_head_json":{"title":"3D Vikings Store","description":"Dieser knorrige Kopfh\u00f6rerst\u00e4nder zeigt Lobos ikonische, mit Totenk\u00f6pfen besetzte Visage, mit Ketten, Narben und einer unberechenbaren Einstellung.","robots":{"index":"index","follow":"follow","max-snippet":"max-snippet:-1","max-image-preview":"max-image-preview:large","max-video-preview":"max-video-preview:-1"},"canonical":"https:\/\/3dvikingsstore.com\/de\/shop\/lobo-kopfhoererstaender\/","og_locale":"de_DE","og_type":"article","og_title":"Lobo Kopfh\u00f6rerst\u00e4nder: Sch\u00fctz deine Ausr\u00fcstung, verdammter Mistkerl!","og_description":"Dieser knorrige Kopfh\u00f6rerst\u00e4nder zeigt Lobos ikonische, mit Totenk\u00f6pfen besetzte Visage, mit Ketten, Narben und einer unberechenbaren Einstellung.","og_url":"https:\/\/3dvikingsstore.com\/de\/shop\/lobo-kopfhoererstaender\/","og_site_name":"3D Vikings Store","article_modified_time":"2024-03-05T12:23:57+00:00","og_image":[{"width":2560,"height":2560,"url":"https:\/\/3dvikingsstore.com\/wp-content\/uploads\/2024\/03\/Lobo-1-scaled.jpg","type":"image\/jpeg"}],"twitter_card":"summary_large_image","twitter_misc":{"Gesch\u00e4tzte Lesezeit":"2\u00a0Minuten"},"schema":{"@context":"https:\/\/schema.org","@graph":[{"@type":["WebPage","ItemPage"],"@id":"https:\/\/3dvikingsstore.com\/de\/shop\/lobo-kopfhoererstaender\/","url":"https:\/\/3dvikingsstore.com\/de\/shop\/lobo-kopfhoererstaender\/","name":"","isPartOf":{"@id":"https:\/\/3dvikingsstore.com\/de\/#website"},"primaryImageOfPage":{"@id":"https:\/\/3dvikingsstore.com\/de\/shop\/lobo-kopfhoererstaender\/#primaryimage"},"image":{"@id":"https:\/\/3dvikingsstore.com\/de\/shop\/lobo-kopfhoererstaender\/#primaryimage"},"thumbnailUrl":"https:\/\/3dvikingsstore.com\/wp-content\/uploads\/2024\/03\/Lobo-1-scaled.jpg","datePublished":"2024-03-05T10:45:07+00:00","dateModified":"2024-03-05T12:23:57+00:00","description":"Dieser knorrige Kopfh\u00f6rerst\u00e4nder zeigt Lobos ikonische, mit Totenk\u00f6pfen besetzte Visage, mit Ketten, Narben und einer unberechenbaren Einstellung.","breadcrumb":{"@id":"https:\/\/3dvikingsstore.com\/de\/shop\/lobo-kopfhoererstaender\/#breadcrumb"},"inLanguage":"de","potentialAction":[{"@type":"ReadAction","target":["https:\/\/3dvikingsstore.com\/de\/shop\/lobo-kopfhoererstaender\/"]}]},{"@type":"ImageObject","inLanguage":"de","@id":"https:\/\/3dvikingsstore.com\/de\/shop\/lobo-kopfhoererstaender\/#primaryimage","url":"https:\/\/3dvikingsstore.com\/wp-content\/uploads\/2024\/03\/Lobo-1-scaled.jpg","contentUrl":"https:\/\/3dvikingsstore.com\/wp-content\/uploads\/2024\/03\/Lobo-1-scaled.jpg","width":2560,"height":2560},{"@type":"BreadcrumbList","@id":"https:\/\/3dvikingsstore.com\/de\/shop\/lobo-kopfhoererstaender\/#breadcrumb","itemListElement":[{"@type":"ListItem","position":1,"name":"Home","item":"https:\/\/3dvikingsstore.com\/de\/"},{"@type":"ListItem","position":2,"name":"Gesch\u00e4ft","item":"https:\/\/3dvikingsstore.com\/shop\/"},{"@type":"ListItem","position":3,"name":"Lobo Kopfh\u00f6rerst\u00e4nder: Sch\u00fctz deine Ausr\u00fcstung, verdammter Mistkerl!"}]},{"@type":"WebSite","@id":"https:\/\/3dvikingsstore.com\/de\/#website","url":"https:\/\/3dvikingsstore.com\/de\/","name":"3D Vikings Store","description":"Scenery and Accessories for Tabletop and Board Games","publisher":{"@id":"https:\/\/3dvikingsstore.com\/de\/#organization"},"potentialAction":[{"@type":"SearchAction","target":{"@type":"EntryPoint","urlTemplate":"https:\/\/3dvikingsstore.com\/de\/?s={search_term_string}"},"query-input":"required name=search_term_string"}],"inLanguage":"de"},{"@type":"Organization","@id":"https:\/\/3dvikingsstore.com\/de\/#organization","name":"3D Vikings Store","url":"https:\/\/3dvikingsstore.com\/de\/","logo":{"@type":"ImageObject","inLanguage":"de","@id":"https:\/\/3dvikingsstore.com\/de\/#\/schema\/logo\/image\/","url":"https:\/\/3dvikingsstore.com\/wp-content\/uploads\/2020\/03\/3dvikings-logo-karge-white.jpg","contentUrl":"https:\/\/3dvikingsstore.com\/wp-content\/uploads\/2020\/03\/3dvikings-logo-karge-white.jpg","width":800,"height":800,"caption":"3D Vikings Store"},"image":{"@id":"https:\/\/3dvikingsstore.com\/de\/#\/schema\/logo\/image\/"}}]}},"_links":{"self":[{"href":"https:\/\/3dvikingsstore.com\/de\/wp-json\/wp\/v2\/product\/19094"}],"collection":[{"href":"https:\/\/3dvikingsstore.com\/de\/wp-json\/wp\/v2\/product"}],"about":[{"href":"https:\/\/3dvikingsstore.com\/de\/wp-json\/wp\/v2\/types\/product"}],"replies":[{"embeddable":true,"href":"https:\/\/3dvikingsstore.com\/de\/wp-json\/wp\/v2\/comments?post=19094"}],"version-history":[{"count":3,"href":"https:\/\/3dvikingsstore.com\/de\/wp-json\/wp\/v2\/product\/19094\/revisions"}],"predecessor-version":[{"id":19115,"href":"https:\/\/3dvikingsstore.com\/de\/wp-json\/wp\/v2\/product\/19094\/revisions\/19115"}],"wp:featuredmedia":[{"embeddable":true,"href":"https:\/\/3dvikingsstore.com\/de\/wp-json\/wp\/v2\/media\/19077"}],"wp:attachment":[{"href":"https:\/\/3dvikingsstore.com\/de\/wp-json\/wp\/v2\/media?parent=19094"}],"wp:term":[{"taxonomy":"product_cat","embeddable":true,"href":"https:\/\/3dvikingsstore.com\/de\/wp-json\/wp\/v2\/product_cat?post=19094"},{"taxonomy":"product_tag","embeddable":true,"href":"https:\/\/3dvikingsstore.com\/de\/wp-json\/wp\/v2\/product_tag?post=19094"}],"curies":[{"name":"wp","href":"https:\/\/api.w.org\/{rel}","templated":true}]}}