{"id":19014,"date":"2024-03-04T22:26:32","date_gmt":"2024-03-04T20:26:32","guid":{"rendered":"https:\/\/3dvikingsstore.com\/?post_type=product&#038;p=19014"},"modified":"2024-03-05T12:40:20","modified_gmt":"2024-03-05T10:40:20","slug":"wolverine-der-ultimative-kopfhoererstaender","status":"publish","type":"product","link":"https:\/\/3dvikingsstore.com\/de\/shop\/wolverine-der-ultimative-kopfhoererstaender\/","title":{"rendered":"Entfesseln Sie Ihren inneren Wolverine: Der ultimative Kopfh\u00f6rerst\u00e4nder"},"content":{"rendered":"<p>Dieser wilde Kopfh\u00f6rerst\u00e4nder verk\u00f6rpert die rohe Kraft und den unzerbrechlichen Willen von Wolverine! Diese B\u00fcste ist seiner ikonischen Maske nachempfunden, die mit gefletschten Z\u00e4hnen wie ein Berserker knurrt. Der graue Kunststoff hebt jedes Detail hervor und spiegelt die kalte St\u00e4rke von Adamantium selbst wider. Die modellierten Krallen sch\u00fctzen deine Ausr\u00fcstung und erinnern dich daran, dass deine Lieblingsmusik den gleichen Schutz verdient, den Wolverine denen gibt, die ihm wichtig sind.<\/p>\n<p><strong>Gemei\u00dfelter Zorn<\/strong><\/p>\n<p>Jeder Zentimeter dieser B\u00fcste f\u00e4ngt Wolverine in seiner intensivsten Form ein. Tiefe Falten auf seiner Stirn deuten auf die Last hin, die er zu tragen hat. Seine gefletschten Z\u00e4hne bilden ein trotziges Knurren, eine Warnung an jeden, der ihm in die Quere kommt. Sogar seine Haare sind wie Klingen geformt und unterstreichen sein wildes, kaum zu b\u00e4ndigendes Wesen. Der verwitterte, graue Kunststoff verleiht ihm eine gewisse H\u00e4rte, und jede Schramme und Unvollkommenheit deutet auf die zahllosen K\u00e4mpfe hin, die er \u00fcberstanden hat.<\/p>\n<p><strong>Sch\u00fctzen Sie Ihr Audio-Arsenal<\/strong><\/p>\n<p>Wolverine duldet keine Schw\u00e4che, und das sollten Sie auch nicht, wenn es um Ihre Kopfh\u00f6rer geht. Dieser robuste St\u00e4nder hebt Ihre Ausr\u00fcstung an und sch\u00fctzt sie vor den Schrammen und Verwicklungen des Alltags. Legen Sie Ihr wertvolles Headset auf diese unnachgiebigen Klauen, deren k\u00fchle graue Oberfl\u00e4che Sie stets an ihre St\u00e4rke erinnert, die von Adamantium inspiriert ist. Sie sind so gebaut, dass sie allem widerstehen k\u00f6nnen, genau wie der Mutant, der sie inspiriert hat.<\/p>\n<p><strong>Kanalisieren Sie den Wolverine-Geist<\/strong><\/p>\n<p>Ganz gleich, ob Sie sich durch einen harten Arbeitstag k\u00e4mpfen, Ihre Lieblingshymnen abspielen oder in eine virtuelle Welt eintauchen, dieser St\u00e4nder verleiht Ihrem Raum die unersch\u00fctterliche Entschlossenheit von Wolverine. So wie er sich von jeder Wunde erholt, sorgt dieser St\u00e4nder daf\u00fcr, dass Ihre Kopfh\u00f6rer unbeschadet aus dem Chaos hervorgehen. Lassen Sie sich von seinem unzerbrechlichen Geist anspornen und daran erinnern, dass Sie jedes Hindernis \u00fcberwinden k\u00f6nnen, genau wie der &#8222;Beste, den es gibt&#8220; in dem, was er tut.<\/p>\n<p><strong>Das ultimative Wolverine-Fan-Upgrade<\/strong><\/p>\n<p>Dieser Wolverine-Kopfh\u00f6rerst\u00e4nder ist nicht nur ein funktionelles Accessoire, sondern auch ein Bekenntnis zu deiner X-Men-Fangemeinde. Das subtile Grau spiegelt die st\u00e4hlerne St\u00e4rke von Adamantium wider und schafft ein einzigartiges und auff\u00e4lliges Ausstellungsst\u00fcck. Stellen Sie es stolz auf Ihren Schreibtisch, als Beweis f\u00fcr Ihre Liebe zu dem z\u00e4hesten Mutanten von allen. Es ist die perfekte M\u00f6glichkeit, sowohl deine tolle Audioanlage als auch deine unersch\u00fctterliche X-Men-Loyalit\u00e4t zu pr\u00e4sentieren.<\/p>\n","protected":false},"excerpt":{"rendered":"<p data-sourcepos=\"9:1-9:39\">Dieser wilde Kopfh\u00f6rerst\u00e4nder verk\u00f6rpert die rohe Kraft und den unzerbrechlichen Willen von Wolverine! Diese B\u00fcste ist seiner ikonischen Maske nachempfunden, die mit gefletschten Z\u00e4hnen wie ein Berserker knurrt. Der graue Kunststoff hebt jedes Detail hervor und spiegelt die kalte St\u00e4rke von Adamantium selbst wider. Die modellierten Krallen sch\u00fctzen deine Ausr\u00fcstung und erinnern dich daran, dass deine Lieblingsmusik den gleichen Schutz verdient, den Wolverine denen gibt, die ihm wichtig sind.<\/p>\n","protected":false},"featured_media":19074,"comment_status":"open","ping_status":"closed","template":"","meta":[],"product_cat":[3427],"product_tag":[],"yoast_head":"<!-- This site is optimized with the Yoast SEO Premium plugin v22.9 (Yoast SEO v22.9) - https:\/\/yoast.com\/wordpress\/plugins\/seo\/ -->\n<title>Entfesseln Sie Ihren inneren Wolverine: Der ultimative Kopfh\u00f6rerst\u00e4nder<\/title>\n<meta name=\"description\" content=\"Jeder Zentimeter dieses Kopfh\u00f6rerst\u00e4nders f\u00e4ngt Wolverine in seiner intensivsten Form ein. Tiefe Falten auf seiner Stirn deuten auf die Last hin, die er zu tragen hat.\" \/>\n<meta name=\"robots\" content=\"index, follow, max-snippet:-1, max-image-preview:large, max-video-preview:-1\" \/>\n<link rel=\"canonical\" href=\"https:\/\/3dvikingsstore.com\/de\/shop\/wolverine-der-ultimative-kopfhoererstaender\/\" \/>\n<meta property=\"og:locale\" content=\"de_DE\" \/>\n<meta property=\"og:type\" content=\"article\" \/>\n<meta property=\"og:title\" content=\"Entfesseln Sie Ihren inneren Wolverine: Der ultimative Kopfh\u00f6rerst\u00e4nder\" \/>\n<meta property=\"og:description\" content=\"Jeder Zentimeter dieses Kopfh\u00f6rerst\u00e4nders f\u00e4ngt Wolverine in seiner intensivsten Form ein. Tiefe Falten auf seiner Stirn deuten auf die Last hin, die er zu tragen hat.\" \/>\n<meta property=\"og:url\" content=\"https:\/\/3dvikingsstore.com\/de\/shop\/wolverine-der-ultimative-kopfhoererstaender\/\" \/>\n<meta property=\"og:site_name\" content=\"3D Vikings Store\" \/>\n<meta property=\"article:modified_time\" content=\"2024-03-05T10:40:20+00:00\" \/>\n<meta property=\"og:image\" content=\"https:\/\/3dvikingsstore.com\/wp-content\/uploads\/2024\/03\/Wolverine-1-scaled.jpg\" \/>\n\t<meta property=\"og:image:width\" content=\"2560\" \/>\n\t<meta property=\"og:image:height\" content=\"2560\" \/>\n\t<meta property=\"og:image:type\" content=\"image\/jpeg\" \/>\n<meta name=\"twitter:card\" content=\"summary_large_image\" \/>\n<meta name=\"twitter:label1\" content=\"Gesch\u00e4tzte Lesezeit\" \/>\n\t<meta name=\"twitter:data1\" content=\"2\u00a0Minuten\" \/>\n<script type=\"application\/ld+json\" class=\"yoast-schema-graph\">{\"@context\":\"https:\/\/schema.org\",\"@graph\":[{\"@type\":[\"WebPage\",\"ItemPage\"],\"@id\":\"https:\/\/3dvikingsstore.com\/de\/shop\/wolverine-der-ultimative-kopfhoererstaender\/\",\"url\":\"https:\/\/3dvikingsstore.com\/de\/shop\/wolverine-der-ultimative-kopfhoererstaender\/\",\"name\":\"Entfesseln Sie Ihren inneren Wolverine: Der ultimative Kopfh\u00f6rerst\u00e4nder\",\"isPartOf\":{\"@id\":\"https:\/\/3dvikingsstore.com\/de\/#website\"},\"primaryImageOfPage\":{\"@id\":\"https:\/\/3dvikingsstore.com\/de\/shop\/wolverine-der-ultimative-kopfhoererstaender\/#primaryimage\"},\"image\":{\"@id\":\"https:\/\/3dvikingsstore.com\/de\/shop\/wolverine-der-ultimative-kopfhoererstaender\/#primaryimage\"},\"thumbnailUrl\":\"https:\/\/3dvikingsstore.com\/wp-content\/uploads\/2024\/03\/Wolverine-1-scaled.jpg\",\"datePublished\":\"2024-03-04T20:26:32+00:00\",\"dateModified\":\"2024-03-05T10:40:20+00:00\",\"description\":\"Jeder Zentimeter dieses Kopfh\u00f6rerst\u00e4nders f\u00e4ngt Wolverine in seiner intensivsten Form ein. Tiefe Falten auf seiner Stirn deuten auf die Last hin, die er zu tragen hat.\",\"breadcrumb\":{\"@id\":\"https:\/\/3dvikingsstore.com\/de\/shop\/wolverine-der-ultimative-kopfhoererstaender\/#breadcrumb\"},\"inLanguage\":\"de\",\"potentialAction\":[{\"@type\":\"ReadAction\",\"target\":[\"https:\/\/3dvikingsstore.com\/de\/shop\/wolverine-der-ultimative-kopfhoererstaender\/\"]}]},{\"@type\":\"ImageObject\",\"inLanguage\":\"de\",\"@id\":\"https:\/\/3dvikingsstore.com\/de\/shop\/wolverine-der-ultimative-kopfhoererstaender\/#primaryimage\",\"url\":\"https:\/\/3dvikingsstore.com\/wp-content\/uploads\/2024\/03\/Wolverine-1-scaled.jpg\",\"contentUrl\":\"https:\/\/3dvikingsstore.com\/wp-content\/uploads\/2024\/03\/Wolverine-1-scaled.jpg\",\"width\":2560,\"height\":2560},{\"@type\":\"BreadcrumbList\",\"@id\":\"https:\/\/3dvikingsstore.com\/de\/shop\/wolverine-der-ultimative-kopfhoererstaender\/#breadcrumb\",\"itemListElement\":[{\"@type\":\"ListItem\",\"position\":1,\"name\":\"Home\",\"item\":\"https:\/\/3dvikingsstore.com\/de\/\"},{\"@type\":\"ListItem\",\"position\":2,\"name\":\"Gesch\u00e4ft\",\"item\":\"https:\/\/3dvikingsstore.com\/shop\/\"},{\"@type\":\"ListItem\",\"position\":3,\"name\":\"Entfesseln Sie Ihren inneren Wolverine: Der ultimative Kopfh\u00f6rerst\u00e4nder\"}]},{\"@type\":\"WebSite\",\"@id\":\"https:\/\/3dvikingsstore.com\/de\/#website\",\"url\":\"https:\/\/3dvikingsstore.com\/de\/\",\"name\":\"3D Vikings Store\",\"description\":\"Scenery and Accessories for Tabletop and Board Games\",\"publisher\":{\"@id\":\"https:\/\/3dvikingsstore.com\/de\/#organization\"},\"potentialAction\":[{\"@type\":\"SearchAction\",\"target\":{\"@type\":\"EntryPoint\",\"urlTemplate\":\"https:\/\/3dvikingsstore.com\/de\/?s={search_term_string}\"},\"query-input\":\"required name=search_term_string\"}],\"inLanguage\":\"de\"},{\"@type\":\"Organization\",\"@id\":\"https:\/\/3dvikingsstore.com\/de\/#organization\",\"name\":\"3D Vikings Store\",\"url\":\"https:\/\/3dvikingsstore.com\/de\/\",\"logo\":{\"@type\":\"ImageObject\",\"inLanguage\":\"de\",\"@id\":\"https:\/\/3dvikingsstore.com\/de\/#\/schema\/logo\/image\/\",\"url\":\"https:\/\/3dvikingsstore.com\/wp-content\/uploads\/2020\/03\/3dvikings-logo-karge-white.jpg\",\"contentUrl\":\"https:\/\/3dvikingsstore.com\/wp-content\/uploads\/2020\/03\/3dvikings-logo-karge-white.jpg\",\"width\":800,\"height\":800,\"caption\":\"3D Vikings Store\"},\"image\":{\"@id\":\"https:\/\/3dvikingsstore.com\/de\/#\/schema\/logo\/image\/\"}}]}<\/script>\n<!-- \/ Yoast SEO Premium plugin. -->","yoast_head_json":{"title":"Entfesseln Sie Ihren inneren Wolverine: Der ultimative Kopfh\u00f6rerst\u00e4nder","description":"Jeder Zentimeter dieses Kopfh\u00f6rerst\u00e4nders f\u00e4ngt Wolverine in seiner intensivsten Form ein. Tiefe Falten auf seiner Stirn deuten auf die Last hin, die er zu tragen hat.","robots":{"index":"index","follow":"follow","max-snippet":"max-snippet:-1","max-image-preview":"max-image-preview:large","max-video-preview":"max-video-preview:-1"},"canonical":"https:\/\/3dvikingsstore.com\/de\/shop\/wolverine-der-ultimative-kopfhoererstaender\/","og_locale":"de_DE","og_type":"article","og_title":"Entfesseln Sie Ihren inneren Wolverine: Der ultimative Kopfh\u00f6rerst\u00e4nder","og_description":"Jeder Zentimeter dieses Kopfh\u00f6rerst\u00e4nders f\u00e4ngt Wolverine in seiner intensivsten Form ein. Tiefe Falten auf seiner Stirn deuten auf die Last hin, die er zu tragen hat.","og_url":"https:\/\/3dvikingsstore.com\/de\/shop\/wolverine-der-ultimative-kopfhoererstaender\/","og_site_name":"3D Vikings Store","article_modified_time":"2024-03-05T10:40:20+00:00","og_image":[{"width":2560,"height":2560,"url":"https:\/\/3dvikingsstore.com\/wp-content\/uploads\/2024\/03\/Wolverine-1-scaled.jpg","type":"image\/jpeg"}],"twitter_card":"summary_large_image","twitter_misc":{"Gesch\u00e4tzte Lesezeit":"2\u00a0Minuten"},"schema":{"@context":"https:\/\/schema.org","@graph":[{"@type":["WebPage","ItemPage"],"@id":"https:\/\/3dvikingsstore.com\/de\/shop\/wolverine-der-ultimative-kopfhoererstaender\/","url":"https:\/\/3dvikingsstore.com\/de\/shop\/wolverine-der-ultimative-kopfhoererstaender\/","name":"Entfesseln Sie Ihren inneren Wolverine: Der ultimative Kopfh\u00f6rerst\u00e4nder","isPartOf":{"@id":"https:\/\/3dvikingsstore.com\/de\/#website"},"primaryImageOfPage":{"@id":"https:\/\/3dvikingsstore.com\/de\/shop\/wolverine-der-ultimative-kopfhoererstaender\/#primaryimage"},"image":{"@id":"https:\/\/3dvikingsstore.com\/de\/shop\/wolverine-der-ultimative-kopfhoererstaender\/#primaryimage"},"thumbnailUrl":"https:\/\/3dvikingsstore.com\/wp-content\/uploads\/2024\/03\/Wolverine-1-scaled.jpg","datePublished":"2024-03-04T20:26:32+00:00","dateModified":"2024-03-05T10:40:20+00:00","description":"Jeder Zentimeter dieses Kopfh\u00f6rerst\u00e4nders f\u00e4ngt Wolverine in seiner intensivsten Form ein. Tiefe Falten auf seiner Stirn deuten auf die Last hin, die er zu tragen hat.","breadcrumb":{"@id":"https:\/\/3dvikingsstore.com\/de\/shop\/wolverine-der-ultimative-kopfhoererstaender\/#breadcrumb"},"inLanguage":"de","potentialAction":[{"@type":"ReadAction","target":["https:\/\/3dvikingsstore.com\/de\/shop\/wolverine-der-ultimative-kopfhoererstaender\/"]}]},{"@type":"ImageObject","inLanguage":"de","@id":"https:\/\/3dvikingsstore.com\/de\/shop\/wolverine-der-ultimative-kopfhoererstaender\/#primaryimage","url":"https:\/\/3dvikingsstore.com\/wp-content\/uploads\/2024\/03\/Wolverine-1-scaled.jpg","contentUrl":"https:\/\/3dvikingsstore.com\/wp-content\/uploads\/2024\/03\/Wolverine-1-scaled.jpg","width":2560,"height":2560},{"@type":"BreadcrumbList","@id":"https:\/\/3dvikingsstore.com\/de\/shop\/wolverine-der-ultimative-kopfhoererstaender\/#breadcrumb","itemListElement":[{"@type":"ListItem","position":1,"name":"Home","item":"https:\/\/3dvikingsstore.com\/de\/"},{"@type":"ListItem","position":2,"name":"Gesch\u00e4ft","item":"https:\/\/3dvikingsstore.com\/shop\/"},{"@type":"ListItem","position":3,"name":"Entfesseln Sie Ihren inneren Wolverine: Der ultimative Kopfh\u00f6rerst\u00e4nder"}]},{"@type":"WebSite","@id":"https:\/\/3dvikingsstore.com\/de\/#website","url":"https:\/\/3dvikingsstore.com\/de\/","name":"3D Vikings Store","description":"Scenery and Accessories for Tabletop and Board Games","publisher":{"@id":"https:\/\/3dvikingsstore.com\/de\/#organization"},"potentialAction":[{"@type":"SearchAction","target":{"@type":"EntryPoint","urlTemplate":"https:\/\/3dvikingsstore.com\/de\/?s={search_term_string}"},"query-input":"required name=search_term_string"}],"inLanguage":"de"},{"@type":"Organization","@id":"https:\/\/3dvikingsstore.com\/de\/#organization","name":"3D Vikings Store","url":"https:\/\/3dvikingsstore.com\/de\/","logo":{"@type":"ImageObject","inLanguage":"de","@id":"https:\/\/3dvikingsstore.com\/de\/#\/schema\/logo\/image\/","url":"https:\/\/3dvikingsstore.com\/wp-content\/uploads\/2020\/03\/3dvikings-logo-karge-white.jpg","contentUrl":"https:\/\/3dvikingsstore.com\/wp-content\/uploads\/2020\/03\/3dvikings-logo-karge-white.jpg","width":800,"height":800,"caption":"3D Vikings Store"},"image":{"@id":"https:\/\/3dvikingsstore.com\/de\/#\/schema\/logo\/image\/"}}]}},"_links":{"self":[{"href":"https:\/\/3dvikingsstore.com\/de\/wp-json\/wp\/v2\/product\/19014"}],"collection":[{"href":"https:\/\/3dvikingsstore.com\/de\/wp-json\/wp\/v2\/product"}],"about":[{"href":"https:\/\/3dvikingsstore.com\/de\/wp-json\/wp\/v2\/types\/product"}],"replies":[{"embeddable":true,"href":"https:\/\/3dvikingsstore.com\/de\/wp-json\/wp\/v2\/comments?post=19014"}],"version-history":[{"count":2,"href":"https:\/\/3dvikingsstore.com\/de\/wp-json\/wp\/v2\/product\/19014\/revisions"}],"predecessor-version":[{"id":19092,"href":"https:\/\/3dvikingsstore.com\/de\/wp-json\/wp\/v2\/product\/19014\/revisions\/19092"}],"wp:featuredmedia":[{"embeddable":true,"href":"https:\/\/3dvikingsstore.com\/de\/wp-json\/wp\/v2\/media\/19074"}],"wp:attachment":[{"href":"https:\/\/3dvikingsstore.com\/de\/wp-json\/wp\/v2\/media?parent=19014"}],"wp:term":[{"taxonomy":"product_cat","embeddable":true,"href":"https:\/\/3dvikingsstore.com\/de\/wp-json\/wp\/v2\/product_cat?post=19014"},{"taxonomy":"product_tag","embeddable":true,"href":"https:\/\/3dvikingsstore.com\/de\/wp-json\/wp\/v2\/product_tag?post=19014"}],"curies":[{"name":"wp","href":"https:\/\/api.w.org\/{rel}","templated":true}]}}