{"id":18988,"date":"2024-03-04T12:50:08","date_gmt":"2024-03-04T10:50:10","guid":{"rendered":"https:\/\/3dvikingsstore.com\/?post_type=product&#038;p=18988"},"modified":"2024-03-04T14:05:08","modified_gmt":"2024-03-04T12:05:08","slug":"die-macht-erwartet-sie-der-cal-kestis-kopfhorerstander-copy","status":"publish","type":"product","link":"https:\/\/3dvikingsstore.com\/de\/shop\/die-macht-erwartet-sie-der-cal-kestis-kopfhorerstander-copy\/","title":{"rendered":"Der Darth Maul-Kopfh\u00f6rerst\u00e4nder: Umarme die dunkle Seite"},"content":{"rendered":"<p>Entfessle die Macht der Sith und r\u00fcste deine Audioanlage mit dem ultimativen Kopfh\u00f6rer-W\u00e4chter auf &#8211; Darth Maul! Dieser furchterregende Kopfh\u00f6rerst\u00e4nder f\u00e4ngt die unerbittliche Wut und das markante Aussehen des legend\u00e4ren Zabrak-Kriegers ein.<\/p>\n<p><strong>Beherrschen Sie Ihren Raum<\/strong><\/p>\n<p>Mit seinen bedrohlichen H\u00f6rnern, den feuerroten und schwarzen Tattoos und den stechenden gelben Augen verlangt diese detaillierte Plastikb\u00fcste nach Aufmerksamkeit. Die einsch\u00fcchternde Pr\u00e4senz von Darth Maul bringt einen Hauch der dunklen Seite auf deinen Schreibtisch oder dein Spielsystem und macht deutlich, dass du eine Macht bist, mit der man rechnen muss.<\/p>\n<p><strong>Un\u00fcbertroffener Sith-Schutz<\/strong><\/p>\n<p>Sorgen Sie daf\u00fcr, dass Ihre Kopfh\u00f6rer kampfbereit bleiben! Dieser robuste St\u00e4nder hebt Ihre Ausr\u00fcstung an und sch\u00fctzt sie vor Kratzern, Verhedderungen und dem Chaos des t\u00e4glichen Lebens. Lenke die unerbittliche Konzentration von Darth Maul auf dich und lass deine Feinde erzittern, wenn sie deine Kopfh\u00f6rer unter seinem Schutz sehen.<\/p>\n<p><strong>Erwecke deinen inneren Sith<\/strong><\/p>\n<p>Egal, ob du ein eingefleischter Star Wars-Fan bist oder einfach nur einen wahrhaft knallharten B\u00f6sewicht zu sch\u00e4tzen wei\u00dft, der Darth Maul-Kopfh\u00f6rerst\u00e4nder ist ein absolutes Must-have. Es ist ein Statement, eine Hommage an eine unvergessliche Figur und eine praktische M\u00f6glichkeit, Ihre tolle Audioanlage zu pr\u00e4sentieren.<\/p>\n<p><strong>Sie haben die Wahl<\/strong><\/p>\n<p>Wirst du die Macht der Macht f\u00fcr den Sieg einsetzen oder dich mit dem Darth Maul Kopfh\u00f6rerst\u00e4nder den Sith anschlie\u00dfen? Dieses einzigartige Accessoire ist die perfekte M\u00f6glichkeit, eine spannende Dosis Star Wars in Ihren Alltag zu bringen.<\/p>\n","protected":false},"excerpt":{"rendered":"<p data-sourcepos=\"9:1-9:39\">Entfessle die Macht der Sith und r\u00fcste deine Audioanlage mit dem ultimativen Kopfh\u00f6rer-W\u00e4chter auf &#8211; Darth Maul! Dieser furchterregende Kopfh\u00f6rerst\u00e4nder f\u00e4ngt die unerbittliche Wut und das markante Aussehen des legend\u00e4ren Zabrak-Kriegers ein.<\/p>\n","protected":false},"featured_media":19003,"comment_status":"open","ping_status":"closed","template":"","meta":[],"product_cat":[3427],"product_tag":[],"yoast_head":"<!-- This site is optimized with the Yoast SEO Premium plugin v22.9 (Yoast SEO v22.9) - https:\/\/yoast.com\/wordpress\/plugins\/seo\/ -->\n<title>Der Darth Maul-Kopfh\u00f6rerst\u00e4nder: Umarme die dunkle Seite<\/title>\n<meta name=\"description\" content=\"Entfessle die Macht der Sith und r\u00fcste deine Audioanlage mit dem ultimativen Kopfh\u00f6rer-W\u00e4chter auf - Darth Maul!\" \/>\n<meta name=\"robots\" content=\"index, follow, max-snippet:-1, max-image-preview:large, max-video-preview:-1\" \/>\n<link rel=\"canonical\" href=\"https:\/\/3dvikingsstore.com\/de\/shop\/die-macht-erwartet-sie-der-cal-kestis-kopfhorerstander-copy\/\" \/>\n<meta property=\"og:locale\" content=\"de_DE\" \/>\n<meta property=\"og:type\" content=\"article\" \/>\n<meta property=\"og:title\" content=\"Der Darth Maul-Kopfh\u00f6rerst\u00e4nder: Umarme die dunkle Seite\" \/>\n<meta property=\"og:description\" content=\"Entfessle die Macht der Sith und r\u00fcste deine Audioanlage mit dem ultimativen Kopfh\u00f6rer-W\u00e4chter auf - Darth Maul!\" \/>\n<meta property=\"og:url\" content=\"https:\/\/3dvikingsstore.com\/de\/shop\/die-macht-erwartet-sie-der-cal-kestis-kopfhorerstander-copy\/\" \/>\n<meta property=\"og:site_name\" content=\"3D Vikings Store\" \/>\n<meta property=\"article:modified_time\" content=\"2024-03-04T12:05:08+00:00\" \/>\n<meta property=\"og:image\" content=\"https:\/\/3dvikingsstore.com\/wp-content\/uploads\/2024\/03\/Maul-1-1024x1024.png\" \/>\n\t<meta property=\"og:image:width\" content=\"1024\" \/>\n\t<meta property=\"og:image:height\" content=\"1024\" \/>\n\t<meta property=\"og:image:type\" content=\"image\/png\" \/>\n<meta name=\"twitter:card\" content=\"summary_large_image\" \/>\n<meta name=\"twitter:label1\" content=\"Gesch\u00e4tzte Lesezeit\" \/>\n\t<meta name=\"twitter:data1\" content=\"2\u00a0Minuten\" \/>\n<script type=\"application\/ld+json\" class=\"yoast-schema-graph\">{\"@context\":\"https:\/\/schema.org\",\"@graph\":[{\"@type\":[\"WebPage\",\"ItemPage\"],\"@id\":\"https:\/\/3dvikingsstore.com\/de\/shop\/die-macht-erwartet-sie-der-cal-kestis-kopfhorerstander-copy\/\",\"url\":\"https:\/\/3dvikingsstore.com\/de\/shop\/die-macht-erwartet-sie-der-cal-kestis-kopfhorerstander-copy\/\",\"name\":\"Der Darth Maul-Kopfh\u00f6rerst\u00e4nder: Umarme die dunkle Seite\",\"isPartOf\":{\"@id\":\"https:\/\/3dvikingsstore.com\/de\/#website\"},\"primaryImageOfPage\":{\"@id\":\"https:\/\/3dvikingsstore.com\/de\/shop\/die-macht-erwartet-sie-der-cal-kestis-kopfhorerstander-copy\/#primaryimage\"},\"image\":{\"@id\":\"https:\/\/3dvikingsstore.com\/de\/shop\/die-macht-erwartet-sie-der-cal-kestis-kopfhorerstander-copy\/#primaryimage\"},\"thumbnailUrl\":\"https:\/\/3dvikingsstore.com\/wp-content\/uploads\/2024\/03\/Maul-1.png\",\"datePublished\":\"2024-03-04T10:50:10+00:00\",\"dateModified\":\"2024-03-04T12:05:08+00:00\",\"description\":\"Entfessle die Macht der Sith und r\u00fcste deine Audioanlage mit dem ultimativen Kopfh\u00f6rer-W\u00e4chter auf - Darth Maul!\",\"breadcrumb\":{\"@id\":\"https:\/\/3dvikingsstore.com\/de\/shop\/die-macht-erwartet-sie-der-cal-kestis-kopfhorerstander-copy\/#breadcrumb\"},\"inLanguage\":\"de\",\"potentialAction\":[{\"@type\":\"ReadAction\",\"target\":[\"https:\/\/3dvikingsstore.com\/de\/shop\/die-macht-erwartet-sie-der-cal-kestis-kopfhorerstander-copy\/\"]}]},{\"@type\":\"ImageObject\",\"inLanguage\":\"de\",\"@id\":\"https:\/\/3dvikingsstore.com\/de\/shop\/die-macht-erwartet-sie-der-cal-kestis-kopfhorerstander-copy\/#primaryimage\",\"url\":\"https:\/\/3dvikingsstore.com\/wp-content\/uploads\/2024\/03\/Maul-1.png\",\"contentUrl\":\"https:\/\/3dvikingsstore.com\/wp-content\/uploads\/2024\/03\/Maul-1.png\",\"width\":2406,\"height\":2406},{\"@type\":\"BreadcrumbList\",\"@id\":\"https:\/\/3dvikingsstore.com\/de\/shop\/die-macht-erwartet-sie-der-cal-kestis-kopfhorerstander-copy\/#breadcrumb\",\"itemListElement\":[{\"@type\":\"ListItem\",\"position\":1,\"name\":\"Home\",\"item\":\"https:\/\/3dvikingsstore.com\/de\/\"},{\"@type\":\"ListItem\",\"position\":2,\"name\":\"Gesch\u00e4ft\",\"item\":\"https:\/\/3dvikingsstore.com\/shop\/\"},{\"@type\":\"ListItem\",\"position\":3,\"name\":\"Der Darth Maul-Kopfh\u00f6rerst\u00e4nder: Umarme die dunkle Seite\"}]},{\"@type\":\"WebSite\",\"@id\":\"https:\/\/3dvikingsstore.com\/de\/#website\",\"url\":\"https:\/\/3dvikingsstore.com\/de\/\",\"name\":\"3D Vikings Store\",\"description\":\"Scenery and Accessories for Tabletop and Board Games\",\"publisher\":{\"@id\":\"https:\/\/3dvikingsstore.com\/de\/#organization\"},\"potentialAction\":[{\"@type\":\"SearchAction\",\"target\":{\"@type\":\"EntryPoint\",\"urlTemplate\":\"https:\/\/3dvikingsstore.com\/de\/?s={search_term_string}\"},\"query-input\":\"required name=search_term_string\"}],\"inLanguage\":\"de\"},{\"@type\":\"Organization\",\"@id\":\"https:\/\/3dvikingsstore.com\/de\/#organization\",\"name\":\"3D Vikings Store\",\"url\":\"https:\/\/3dvikingsstore.com\/de\/\",\"logo\":{\"@type\":\"ImageObject\",\"inLanguage\":\"de\",\"@id\":\"https:\/\/3dvikingsstore.com\/de\/#\/schema\/logo\/image\/\",\"url\":\"https:\/\/3dvikingsstore.com\/wp-content\/uploads\/2020\/03\/3dvikings-logo-karge-white.jpg\",\"contentUrl\":\"https:\/\/3dvikingsstore.com\/wp-content\/uploads\/2020\/03\/3dvikings-logo-karge-white.jpg\",\"width\":800,\"height\":800,\"caption\":\"3D Vikings Store\"},\"image\":{\"@id\":\"https:\/\/3dvikingsstore.com\/de\/#\/schema\/logo\/image\/\"}}]}<\/script>\n<!-- \/ Yoast SEO Premium plugin. -->","yoast_head_json":{"title":"Der Darth Maul-Kopfh\u00f6rerst\u00e4nder: Umarme die dunkle Seite","description":"Entfessle die Macht der Sith und r\u00fcste deine Audioanlage mit dem ultimativen Kopfh\u00f6rer-W\u00e4chter auf - Darth Maul!","robots":{"index":"index","follow":"follow","max-snippet":"max-snippet:-1","max-image-preview":"max-image-preview:large","max-video-preview":"max-video-preview:-1"},"canonical":"https:\/\/3dvikingsstore.com\/de\/shop\/die-macht-erwartet-sie-der-cal-kestis-kopfhorerstander-copy\/","og_locale":"de_DE","og_type":"article","og_title":"Der Darth Maul-Kopfh\u00f6rerst\u00e4nder: Umarme die dunkle Seite","og_description":"Entfessle die Macht der Sith und r\u00fcste deine Audioanlage mit dem ultimativen Kopfh\u00f6rer-W\u00e4chter auf - Darth Maul!","og_url":"https:\/\/3dvikingsstore.com\/de\/shop\/die-macht-erwartet-sie-der-cal-kestis-kopfhorerstander-copy\/","og_site_name":"3D Vikings Store","article_modified_time":"2024-03-04T12:05:08+00:00","og_image":[{"width":1024,"height":1024,"url":"https:\/\/3dvikingsstore.com\/wp-content\/uploads\/2024\/03\/Maul-1-1024x1024.png","type":"image\/png"}],"twitter_card":"summary_large_image","twitter_misc":{"Gesch\u00e4tzte Lesezeit":"2\u00a0Minuten"},"schema":{"@context":"https:\/\/schema.org","@graph":[{"@type":["WebPage","ItemPage"],"@id":"https:\/\/3dvikingsstore.com\/de\/shop\/die-macht-erwartet-sie-der-cal-kestis-kopfhorerstander-copy\/","url":"https:\/\/3dvikingsstore.com\/de\/shop\/die-macht-erwartet-sie-der-cal-kestis-kopfhorerstander-copy\/","name":"Der Darth Maul-Kopfh\u00f6rerst\u00e4nder: Umarme die dunkle Seite","isPartOf":{"@id":"https:\/\/3dvikingsstore.com\/de\/#website"},"primaryImageOfPage":{"@id":"https:\/\/3dvikingsstore.com\/de\/shop\/die-macht-erwartet-sie-der-cal-kestis-kopfhorerstander-copy\/#primaryimage"},"image":{"@id":"https:\/\/3dvikingsstore.com\/de\/shop\/die-macht-erwartet-sie-der-cal-kestis-kopfhorerstander-copy\/#primaryimage"},"thumbnailUrl":"https:\/\/3dvikingsstore.com\/wp-content\/uploads\/2024\/03\/Maul-1.png","datePublished":"2024-03-04T10:50:10+00:00","dateModified":"2024-03-04T12:05:08+00:00","description":"Entfessle die Macht der Sith und r\u00fcste deine Audioanlage mit dem ultimativen Kopfh\u00f6rer-W\u00e4chter auf - Darth Maul!","breadcrumb":{"@id":"https:\/\/3dvikingsstore.com\/de\/shop\/die-macht-erwartet-sie-der-cal-kestis-kopfhorerstander-copy\/#breadcrumb"},"inLanguage":"de","potentialAction":[{"@type":"ReadAction","target":["https:\/\/3dvikingsstore.com\/de\/shop\/die-macht-erwartet-sie-der-cal-kestis-kopfhorerstander-copy\/"]}]},{"@type":"ImageObject","inLanguage":"de","@id":"https:\/\/3dvikingsstore.com\/de\/shop\/die-macht-erwartet-sie-der-cal-kestis-kopfhorerstander-copy\/#primaryimage","url":"https:\/\/3dvikingsstore.com\/wp-content\/uploads\/2024\/03\/Maul-1.png","contentUrl":"https:\/\/3dvikingsstore.com\/wp-content\/uploads\/2024\/03\/Maul-1.png","width":2406,"height":2406},{"@type":"BreadcrumbList","@id":"https:\/\/3dvikingsstore.com\/de\/shop\/die-macht-erwartet-sie-der-cal-kestis-kopfhorerstander-copy\/#breadcrumb","itemListElement":[{"@type":"ListItem","position":1,"name":"Home","item":"https:\/\/3dvikingsstore.com\/de\/"},{"@type":"ListItem","position":2,"name":"Gesch\u00e4ft","item":"https:\/\/3dvikingsstore.com\/shop\/"},{"@type":"ListItem","position":3,"name":"Der Darth Maul-Kopfh\u00f6rerst\u00e4nder: Umarme die dunkle Seite"}]},{"@type":"WebSite","@id":"https:\/\/3dvikingsstore.com\/de\/#website","url":"https:\/\/3dvikingsstore.com\/de\/","name":"3D Vikings Store","description":"Scenery and Accessories for Tabletop and Board Games","publisher":{"@id":"https:\/\/3dvikingsstore.com\/de\/#organization"},"potentialAction":[{"@type":"SearchAction","target":{"@type":"EntryPoint","urlTemplate":"https:\/\/3dvikingsstore.com\/de\/?s={search_term_string}"},"query-input":"required name=search_term_string"}],"inLanguage":"de"},{"@type":"Organization","@id":"https:\/\/3dvikingsstore.com\/de\/#organization","name":"3D Vikings Store","url":"https:\/\/3dvikingsstore.com\/de\/","logo":{"@type":"ImageObject","inLanguage":"de","@id":"https:\/\/3dvikingsstore.com\/de\/#\/schema\/logo\/image\/","url":"https:\/\/3dvikingsstore.com\/wp-content\/uploads\/2020\/03\/3dvikings-logo-karge-white.jpg","contentUrl":"https:\/\/3dvikingsstore.com\/wp-content\/uploads\/2020\/03\/3dvikings-logo-karge-white.jpg","width":800,"height":800,"caption":"3D Vikings Store"},"image":{"@id":"https:\/\/3dvikingsstore.com\/de\/#\/schema\/logo\/image\/"}}]}},"_links":{"self":[{"href":"https:\/\/3dvikingsstore.com\/de\/wp-json\/wp\/v2\/product\/18988"}],"collection":[{"href":"https:\/\/3dvikingsstore.com\/de\/wp-json\/wp\/v2\/product"}],"about":[{"href":"https:\/\/3dvikingsstore.com\/de\/wp-json\/wp\/v2\/types\/product"}],"replies":[{"embeddable":true,"href":"https:\/\/3dvikingsstore.com\/de\/wp-json\/wp\/v2\/comments?post=18988"}],"version-history":[{"count":2,"href":"https:\/\/3dvikingsstore.com\/de\/wp-json\/wp\/v2\/product\/18988\/revisions"}],"predecessor-version":[{"id":19010,"href":"https:\/\/3dvikingsstore.com\/de\/wp-json\/wp\/v2\/product\/18988\/revisions\/19010"}],"wp:featuredmedia":[{"embeddable":true,"href":"https:\/\/3dvikingsstore.com\/de\/wp-json\/wp\/v2\/media\/19003"}],"wp:attachment":[{"href":"https:\/\/3dvikingsstore.com\/de\/wp-json\/wp\/v2\/media?parent=18988"}],"wp:term":[{"taxonomy":"product_cat","embeddable":true,"href":"https:\/\/3dvikingsstore.com\/de\/wp-json\/wp\/v2\/product_cat?post=18988"},{"taxonomy":"product_tag","embeddable":true,"href":"https:\/\/3dvikingsstore.com\/de\/wp-json\/wp\/v2\/product_tag?post=18988"}],"curies":[{"name":"wp","href":"https:\/\/api.w.org\/{rel}","templated":true}]}}