{"id":18965,"date":"2024-03-04T12:31:12","date_gmt":"2024-03-04T10:31:12","guid":{"rendered":"https:\/\/3dvikingsstore.com\/?post_type=product&#038;p=18965"},"modified":"2024-03-04T14:03:42","modified_gmt":"2024-03-04T12:03:42","slug":"der-cal-kestis-kopfhoererstaender","status":"publish","type":"product","link":"https:\/\/3dvikingsstore.com\/de\/shop\/der-cal-kestis-kopfhoererstaender\/","title":{"rendered":"Die Macht erwartet Sie: Der Cal Kestis Kopfh\u00f6rerst\u00e4nder"},"content":{"rendered":"<p>Star Wars-Fans, vereinigt euch! Sch\u00fctzen Sie Ihr Audioger\u00e4t in echtem Jedi-Stil mit diesem fantastischen Cal Kestis Kopfh\u00f6rerst\u00e4nder. Egal, ob du dich f\u00fcr seine Geschichte aus Jedi: Fallen Order oder einfach nur einen mutigen Helden sch\u00e4tzt, dieser St\u00e4nder verleiht jedem Schreibtisch oder jeder Spieleinrichtung einen coolen Star Wars Touch.<\/p>\n<p><strong>Der verk\u00f6rperte Fokus eines Jedi<\/strong><\/p>\n<p>Diese unglaublich detaillierte Plastikb\u00fcste zeigt die ruhige Entschlossenheit und den unersch\u00fctterlichen Geist von Cal Kestis. Seine realistischen Z\u00fcge, von seinem fokussierten Blick bis zu den subtilen Verwitterungen seiner Reise, lassen diesen St\u00e4nder wie ein zum Leben erwecktes St\u00fcck des Star Wars-Universums erscheinen.<\/p>\n<p><strong>Sch\u00fctzen Sie Ihre Ausr\u00fcstung, besiegen Sie das Imperium (der verworrenen Kabel)<\/strong><\/p>\n<p>Inspiriert von seinem abenteuerlichen Weg, h\u00e4lt dieser St\u00e4nder Ihre Kopfh\u00f6rer sicher und organisiert. Schluss mit dem Kabelsalat und dem Risiko, dass Ihr Lieblings-Headset besch\u00e4digt wird &#8211; Cal h\u00e4lt Ihnen den R\u00fccken frei! Lege deine Kopfh\u00f6rer auf seine Schultern und kanalisiere die Macht, um dich auf die Arbeit zu konzentrieren, zu spielen oder einfach nur tolle Musik zu h\u00f6ren.<\/p>\n<p><strong>Mach mit bei der Rebellion gegen langweiliges Schreibtischzubeh\u00f6r<\/strong><\/p>\n<p>Lassen Sie das Gew\u00f6hnliche hinter sich und werten Sie Ihren Raum mit dem Cal Kestis Kopfh\u00f6rerst\u00e4nder auf. Es ist ein fantastischer Gespr\u00e4chsanlass, feiert eine \u00fcberzeugende Star Wars-Figur und zeigt, dass du sowohl bei Helden als auch bei Kopfh\u00f6rern einen guten Geschmack hast.<\/p>\n","protected":false},"excerpt":{"rendered":"<p data-sourcepos=\"9:1-9:39\">Star Wars-Fans, vereinigt euch! Sch\u00fctzen Sie Ihr Audioger\u00e4t in echtem Jedi-Stil mit diesem fantastischen Cal Kestis Kopfh\u00f6rerst\u00e4nder. Egal, ob du dich f\u00fcr seine Geschichte aus Jedi: Fallen Order oder einfach nur einen mutigen Helden sch\u00e4tzt, dieser St\u00e4nder verleiht jedem Schreibtisch oder jeder Spieleinrichtung einen coolen Star Wars Touch.<\/p>\n","protected":false},"featured_media":18968,"comment_status":"open","ping_status":"closed","template":"","meta":[],"product_cat":[3427],"product_tag":[],"yoast_head":"<!-- This site is optimized with the Yoast SEO Premium plugin v22.9 (Yoast SEO v22.9) - https:\/\/yoast.com\/wordpress\/plugins\/seo\/ -->\n<title>Die Macht erwartet Sie: Der Cal Kestis Kopfh\u00f6rerst\u00e4nder<\/title>\n<meta name=\"description\" content=\"Star Wars-Fans, vereinigt euch! Sch\u00fctzen Sie Ihr Audioger\u00e4t in echtem Jedi-Stil mit diesem fantastischen Cal Kestis Kopfh\u00f6rerst\u00e4nder.\" \/>\n<meta name=\"robots\" content=\"index, follow, max-snippet:-1, max-image-preview:large, max-video-preview:-1\" \/>\n<link rel=\"canonical\" href=\"https:\/\/3dvikingsstore.com\/de\/shop\/der-cal-kestis-kopfhoererstaender\/\" \/>\n<meta property=\"og:locale\" content=\"de_DE\" \/>\n<meta property=\"og:type\" content=\"article\" \/>\n<meta property=\"og:title\" content=\"Die Macht erwartet Sie: Der Cal Kestis Kopfh\u00f6rerst\u00e4nder\" \/>\n<meta property=\"og:description\" content=\"Star Wars-Fans, vereinigt euch! Sch\u00fctzen Sie Ihr Audioger\u00e4t in echtem Jedi-Stil mit diesem fantastischen Cal Kestis Kopfh\u00f6rerst\u00e4nder.\" \/>\n<meta property=\"og:url\" content=\"https:\/\/3dvikingsstore.com\/de\/shop\/der-cal-kestis-kopfhoererstaender\/\" \/>\n<meta property=\"og:site_name\" content=\"3D Vikings Store\" \/>\n<meta property=\"article:modified_time\" content=\"2024-03-04T12:03:42+00:00\" \/>\n<meta property=\"og:image\" content=\"https:\/\/3dvikingsstore.com\/wp-content\/uploads\/2024\/03\/Kal-Cestis-h.stand-1-1024x1024.png\" \/>\n\t<meta property=\"og:image:width\" content=\"1024\" \/>\n\t<meta property=\"og:image:height\" content=\"1024\" \/>\n\t<meta property=\"og:image:type\" content=\"image\/png\" \/>\n<meta name=\"twitter:card\" content=\"summary_large_image\" \/>\n<meta name=\"twitter:label1\" content=\"Gesch\u00e4tzte Lesezeit\" \/>\n\t<meta name=\"twitter:data1\" content=\"2\u00a0Minuten\" \/>\n<script type=\"application\/ld+json\" class=\"yoast-schema-graph\">{\"@context\":\"https:\/\/schema.org\",\"@graph\":[{\"@type\":[\"WebPage\",\"ItemPage\"],\"@id\":\"https:\/\/3dvikingsstore.com\/de\/shop\/der-cal-kestis-kopfhoererstaender\/\",\"url\":\"https:\/\/3dvikingsstore.com\/de\/shop\/der-cal-kestis-kopfhoererstaender\/\",\"name\":\"Die Macht erwartet Sie: Der Cal Kestis Kopfh\u00f6rerst\u00e4nder\",\"isPartOf\":{\"@id\":\"https:\/\/3dvikingsstore.com\/de\/#website\"},\"primaryImageOfPage\":{\"@id\":\"https:\/\/3dvikingsstore.com\/de\/shop\/der-cal-kestis-kopfhoererstaender\/#primaryimage\"},\"image\":{\"@id\":\"https:\/\/3dvikingsstore.com\/de\/shop\/der-cal-kestis-kopfhoererstaender\/#primaryimage\"},\"thumbnailUrl\":\"https:\/\/3dvikingsstore.com\/wp-content\/uploads\/2024\/03\/Kal-Cestis-h.stand-1.png\",\"datePublished\":\"2024-03-04T10:31:12+00:00\",\"dateModified\":\"2024-03-04T12:03:42+00:00\",\"description\":\"Star Wars-Fans, vereinigt euch! Sch\u00fctzen Sie Ihr Audioger\u00e4t in echtem Jedi-Stil mit diesem fantastischen Cal Kestis Kopfh\u00f6rerst\u00e4nder.\",\"breadcrumb\":{\"@id\":\"https:\/\/3dvikingsstore.com\/de\/shop\/der-cal-kestis-kopfhoererstaender\/#breadcrumb\"},\"inLanguage\":\"de\",\"potentialAction\":[{\"@type\":\"ReadAction\",\"target\":[\"https:\/\/3dvikingsstore.com\/de\/shop\/der-cal-kestis-kopfhoererstaender\/\"]}]},{\"@type\":\"ImageObject\",\"inLanguage\":\"de\",\"@id\":\"https:\/\/3dvikingsstore.com\/de\/shop\/der-cal-kestis-kopfhoererstaender\/#primaryimage\",\"url\":\"https:\/\/3dvikingsstore.com\/wp-content\/uploads\/2024\/03\/Kal-Cestis-h.stand-1.png\",\"contentUrl\":\"https:\/\/3dvikingsstore.com\/wp-content\/uploads\/2024\/03\/Kal-Cestis-h.stand-1.png\",\"width\":2335,\"height\":2335},{\"@type\":\"BreadcrumbList\",\"@id\":\"https:\/\/3dvikingsstore.com\/de\/shop\/der-cal-kestis-kopfhoererstaender\/#breadcrumb\",\"itemListElement\":[{\"@type\":\"ListItem\",\"position\":1,\"name\":\"Home\",\"item\":\"https:\/\/3dvikingsstore.com\/de\/\"},{\"@type\":\"ListItem\",\"position\":2,\"name\":\"Gesch\u00e4ft\",\"item\":\"https:\/\/3dvikingsstore.com\/shop\/\"},{\"@type\":\"ListItem\",\"position\":3,\"name\":\"Die Macht erwartet Sie: Der Cal Kestis Kopfh\u00f6rerst\u00e4nder\"}]},{\"@type\":\"WebSite\",\"@id\":\"https:\/\/3dvikingsstore.com\/de\/#website\",\"url\":\"https:\/\/3dvikingsstore.com\/de\/\",\"name\":\"3D Vikings Store\",\"description\":\"Scenery and Accessories for Tabletop and Board Games\",\"publisher\":{\"@id\":\"https:\/\/3dvikingsstore.com\/de\/#organization\"},\"potentialAction\":[{\"@type\":\"SearchAction\",\"target\":{\"@type\":\"EntryPoint\",\"urlTemplate\":\"https:\/\/3dvikingsstore.com\/de\/?s={search_term_string}\"},\"query-input\":\"required name=search_term_string\"}],\"inLanguage\":\"de\"},{\"@type\":\"Organization\",\"@id\":\"https:\/\/3dvikingsstore.com\/de\/#organization\",\"name\":\"3D Vikings Store\",\"url\":\"https:\/\/3dvikingsstore.com\/de\/\",\"logo\":{\"@type\":\"ImageObject\",\"inLanguage\":\"de\",\"@id\":\"https:\/\/3dvikingsstore.com\/de\/#\/schema\/logo\/image\/\",\"url\":\"https:\/\/3dvikingsstore.com\/wp-content\/uploads\/2020\/03\/3dvikings-logo-karge-white.jpg\",\"contentUrl\":\"https:\/\/3dvikingsstore.com\/wp-content\/uploads\/2020\/03\/3dvikings-logo-karge-white.jpg\",\"width\":800,\"height\":800,\"caption\":\"3D Vikings Store\"},\"image\":{\"@id\":\"https:\/\/3dvikingsstore.com\/de\/#\/schema\/logo\/image\/\"}}]}<\/script>\n<!-- \/ Yoast SEO Premium plugin. -->","yoast_head_json":{"title":"Die Macht erwartet Sie: Der Cal Kestis Kopfh\u00f6rerst\u00e4nder","description":"Star Wars-Fans, vereinigt euch! Sch\u00fctzen Sie Ihr Audioger\u00e4t in echtem Jedi-Stil mit diesem fantastischen Cal Kestis Kopfh\u00f6rerst\u00e4nder.","robots":{"index":"index","follow":"follow","max-snippet":"max-snippet:-1","max-image-preview":"max-image-preview:large","max-video-preview":"max-video-preview:-1"},"canonical":"https:\/\/3dvikingsstore.com\/de\/shop\/der-cal-kestis-kopfhoererstaender\/","og_locale":"de_DE","og_type":"article","og_title":"Die Macht erwartet Sie: Der Cal Kestis Kopfh\u00f6rerst\u00e4nder","og_description":"Star Wars-Fans, vereinigt euch! Sch\u00fctzen Sie Ihr Audioger\u00e4t in echtem Jedi-Stil mit diesem fantastischen Cal Kestis Kopfh\u00f6rerst\u00e4nder.","og_url":"https:\/\/3dvikingsstore.com\/de\/shop\/der-cal-kestis-kopfhoererstaender\/","og_site_name":"3D Vikings Store","article_modified_time":"2024-03-04T12:03:42+00:00","og_image":[{"width":1024,"height":1024,"url":"https:\/\/3dvikingsstore.com\/wp-content\/uploads\/2024\/03\/Kal-Cestis-h.stand-1-1024x1024.png","type":"image\/png"}],"twitter_card":"summary_large_image","twitter_misc":{"Gesch\u00e4tzte Lesezeit":"2\u00a0Minuten"},"schema":{"@context":"https:\/\/schema.org","@graph":[{"@type":["WebPage","ItemPage"],"@id":"https:\/\/3dvikingsstore.com\/de\/shop\/der-cal-kestis-kopfhoererstaender\/","url":"https:\/\/3dvikingsstore.com\/de\/shop\/der-cal-kestis-kopfhoererstaender\/","name":"Die Macht erwartet Sie: Der Cal Kestis Kopfh\u00f6rerst\u00e4nder","isPartOf":{"@id":"https:\/\/3dvikingsstore.com\/de\/#website"},"primaryImageOfPage":{"@id":"https:\/\/3dvikingsstore.com\/de\/shop\/der-cal-kestis-kopfhoererstaender\/#primaryimage"},"image":{"@id":"https:\/\/3dvikingsstore.com\/de\/shop\/der-cal-kestis-kopfhoererstaender\/#primaryimage"},"thumbnailUrl":"https:\/\/3dvikingsstore.com\/wp-content\/uploads\/2024\/03\/Kal-Cestis-h.stand-1.png","datePublished":"2024-03-04T10:31:12+00:00","dateModified":"2024-03-04T12:03:42+00:00","description":"Star Wars-Fans, vereinigt euch! Sch\u00fctzen Sie Ihr Audioger\u00e4t in echtem Jedi-Stil mit diesem fantastischen Cal Kestis Kopfh\u00f6rerst\u00e4nder.","breadcrumb":{"@id":"https:\/\/3dvikingsstore.com\/de\/shop\/der-cal-kestis-kopfhoererstaender\/#breadcrumb"},"inLanguage":"de","potentialAction":[{"@type":"ReadAction","target":["https:\/\/3dvikingsstore.com\/de\/shop\/der-cal-kestis-kopfhoererstaender\/"]}]},{"@type":"ImageObject","inLanguage":"de","@id":"https:\/\/3dvikingsstore.com\/de\/shop\/der-cal-kestis-kopfhoererstaender\/#primaryimage","url":"https:\/\/3dvikingsstore.com\/wp-content\/uploads\/2024\/03\/Kal-Cestis-h.stand-1.png","contentUrl":"https:\/\/3dvikingsstore.com\/wp-content\/uploads\/2024\/03\/Kal-Cestis-h.stand-1.png","width":2335,"height":2335},{"@type":"BreadcrumbList","@id":"https:\/\/3dvikingsstore.com\/de\/shop\/der-cal-kestis-kopfhoererstaender\/#breadcrumb","itemListElement":[{"@type":"ListItem","position":1,"name":"Home","item":"https:\/\/3dvikingsstore.com\/de\/"},{"@type":"ListItem","position":2,"name":"Gesch\u00e4ft","item":"https:\/\/3dvikingsstore.com\/shop\/"},{"@type":"ListItem","position":3,"name":"Die Macht erwartet Sie: Der Cal Kestis Kopfh\u00f6rerst\u00e4nder"}]},{"@type":"WebSite","@id":"https:\/\/3dvikingsstore.com\/de\/#website","url":"https:\/\/3dvikingsstore.com\/de\/","name":"3D Vikings Store","description":"Scenery and Accessories for Tabletop and Board Games","publisher":{"@id":"https:\/\/3dvikingsstore.com\/de\/#organization"},"potentialAction":[{"@type":"SearchAction","target":{"@type":"EntryPoint","urlTemplate":"https:\/\/3dvikingsstore.com\/de\/?s={search_term_string}"},"query-input":"required name=search_term_string"}],"inLanguage":"de"},{"@type":"Organization","@id":"https:\/\/3dvikingsstore.com\/de\/#organization","name":"3D Vikings Store","url":"https:\/\/3dvikingsstore.com\/de\/","logo":{"@type":"ImageObject","inLanguage":"de","@id":"https:\/\/3dvikingsstore.com\/de\/#\/schema\/logo\/image\/","url":"https:\/\/3dvikingsstore.com\/wp-content\/uploads\/2020\/03\/3dvikings-logo-karge-white.jpg","contentUrl":"https:\/\/3dvikingsstore.com\/wp-content\/uploads\/2020\/03\/3dvikings-logo-karge-white.jpg","width":800,"height":800,"caption":"3D Vikings Store"},"image":{"@id":"https:\/\/3dvikingsstore.com\/de\/#\/schema\/logo\/image\/"}}]}},"_links":{"self":[{"href":"https:\/\/3dvikingsstore.com\/de\/wp-json\/wp\/v2\/product\/18965"}],"collection":[{"href":"https:\/\/3dvikingsstore.com\/de\/wp-json\/wp\/v2\/product"}],"about":[{"href":"https:\/\/3dvikingsstore.com\/de\/wp-json\/wp\/v2\/types\/product"}],"replies":[{"embeddable":true,"href":"https:\/\/3dvikingsstore.com\/de\/wp-json\/wp\/v2\/comments?post=18965"}],"version-history":[{"count":2,"href":"https:\/\/3dvikingsstore.com\/de\/wp-json\/wp\/v2\/product\/18965\/revisions"}],"predecessor-version":[{"id":18986,"href":"https:\/\/3dvikingsstore.com\/de\/wp-json\/wp\/v2\/product\/18965\/revisions\/18986"}],"wp:featuredmedia":[{"embeddable":true,"href":"https:\/\/3dvikingsstore.com\/de\/wp-json\/wp\/v2\/media\/18968"}],"wp:attachment":[{"href":"https:\/\/3dvikingsstore.com\/de\/wp-json\/wp\/v2\/media?parent=18965"}],"wp:term":[{"taxonomy":"product_cat","embeddable":true,"href":"https:\/\/3dvikingsstore.com\/de\/wp-json\/wp\/v2\/product_cat?post=18965"},{"taxonomy":"product_tag","embeddable":true,"href":"https:\/\/3dvikingsstore.com\/de\/wp-json\/wp\/v2\/product_tag?post=18965"}],"curies":[{"name":"wp","href":"https:\/\/api.w.org\/{rel}","templated":true}]}}