{"id":18942,"date":"2024-03-04T11:59:38","date_gmt":"2024-03-04T09:59:38","guid":{"rendered":"https:\/\/3dvikingsstore.com\/?post_type=product&#038;p=18942"},"modified":"2024-08-16T14:39:01","modified_gmt":"2024-08-16T12:39:01","slug":"john-wick-kopfhoererstaender-keanu-reeves","status":"publish","type":"product","link":"https:\/\/3dvikingsstore.com\/de\/shop\/john-wick-kopfhoererstaender-keanu-reeves\/","title":{"rendered":"John Wick Kopfh\u00f6rerst\u00e4nder (Keanu Reeves) &#8211; Sch\u00fctze deine Ausr\u00fcstung im Assassinen-Stil"},"content":{"rendered":"<p><strong>&#8222;Baba Yaga h\u00e4lt dir den R\u00fccken frei &#8230; und deine Kopfh\u00f6rer!&#8220; &#8211; Der John Wick Kopfh\u00f6rerst\u00e4nder<\/strong><\/p>\n<p>Vergessen Sie diese langweiligen Kopfh\u00f6rerst\u00e4nder &#8211; es ist an der Zeit, dass der legend\u00e4re Killer pers\u00f6nlich Ihre Audioausr\u00fcstung sicher und stilvoll aufbewahrt! Dieser einzigartige John Wick-Kopfh\u00f6rerst\u00e4nder zeigt den Mann, den Mythos, den Kopf der Baba Yaga (nat\u00fcrlich Keanu Reeves), der bereit ist, deine kostbaren Kopfh\u00f6rer zu besch\u00fctzen.<\/p>\n<p><strong>&#8222;Warte&#8230; Ist das John Wicks Kopf auf meinem Schreibtisch?&#8220;<\/strong><\/p>\n<p>Jawohl! Diese detaillierte Plastikb\u00fcste sieht aus, als w\u00e4re sie direkt aus dem Continental Hotel teleportiert worden. Es hat alles, was John Wick ausmacht: den stoischen Gesichtsausdruck, das perfekt zerzauste Haar, vielleicht sogar eine Andeutung einer Kampfnarbe. Und hey, mit seinen Ma\u00dfen von 15 cm (B) x 18 cm (L) x 21 cm (H) ist er einsch\u00fcchternd genug, um jeden abzuschrecken, der es wagt, sich an Ihrer Musikanlage zu schaffen zu machen.<\/p>\n<p><strong>Mehr als nur ein h\u00fcbsches Gesicht (auch wenn es das von Keanu Reeves ist)<\/strong><\/p>\n<p>Dieser St\u00e4nder ist nicht nur ein echter Hingucker f\u00fcr Ihren Schreibtisch, er ist auch praktisch! Johns stabiler Kopf (erstaunlich stabil f\u00fcr nur 300 Gramm!) h\u00e4lt die teuren Kopfh\u00f6rer vom Boden fern und verheddert sich nicht. Kein hektisches Suchen mehr vor einer Spielsession &#8211; Ihre Ausr\u00fcstung ist immer einsatzbereit.<\/p>\n<p><strong>Das ultimative Geschenk f\u00fcr den John Wick Superfan<\/strong><\/p>\n<p>Ob f\u00fcr dich selbst oder den gr\u00f6\u00dften Wick-Fan, den du kennst, dieser Kopfh\u00f6rerst\u00e4nder ist pures Fan-Service-Gold. Es ist ein witziger Gespr\u00e4chsanlass, ein Beweis f\u00fcr deine Liebe zu Filmen und eine verdammt n\u00fctzliche Art, deine Kopfh\u00f6rer zu pr\u00e4sentieren.<\/p>\n<p><strong>&#8222;Ich habe einmal meine Kopfh\u00f6rer mit einem Bleistift gesch\u00fctzt&#8230;&#8220;<\/strong><\/p>\n<p>&#8230;Aber diese Zeiten sind vorbei. Verbessern Sie Ihr Klangerlebnis mit dem John Wick Headphone Stand &#8211; denn manchmal ist ein Overkill die beste L\u00f6sung.<\/p>\n","protected":false},"excerpt":{"rendered":"<p data-sourcepos=\"9:1-9:39\">Vergessen Sie diese langweiligen Kopfh\u00f6rerst\u00e4nder &#8211; es ist an der Zeit, dass der legend\u00e4re Killer pers\u00f6nlich Ihre Audioausr\u00fcstung sicher und stilvoll aufbewahrt! Dieser einzigartige John Wick-Kopfh\u00f6rerst\u00e4nder zeigt den Mann, den Mythos, den Kopf der Baba Yaga (nat\u00fcrlich Keanu Reeves), der bereit ist, deine kostbaren Kopfh\u00f6rer zu besch\u00fctzen.<\/p>\n","protected":false},"featured_media":18945,"comment_status":"open","ping_status":"closed","template":"","meta":[],"product_cat":[3427],"product_tag":[],"yoast_head":"<!-- This site is optimized with the Yoast SEO Premium plugin v22.9 (Yoast SEO v22.9) - https:\/\/yoast.com\/wordpress\/plugins\/seo\/ -->\n<title>John Wick Kopfh\u00f6rerst\u00e4nder - Sch\u00fctze deine Ausr\u00fcstung im Assassinen-Stil<\/title>\n<meta name=\"description\" content=\"Vergessen Sie diese langweiligen Kopfh\u00f6rerst\u00e4nder - es ist an der Zeit, dass der legend\u00e4re Killer pers\u00f6nlich Ihre Audioausr\u00fcstung sicher und stilvoll aufbewahrt!\" \/>\n<meta name=\"robots\" content=\"index, follow, max-snippet:-1, max-image-preview:large, max-video-preview:-1\" \/>\n<link rel=\"canonical\" href=\"https:\/\/3dvikingsstore.com\/de\/shop\/john-wick-kopfhoererstaender-keanu-reeves\/\" \/>\n<meta property=\"og:locale\" content=\"de_DE\" \/>\n<meta property=\"og:type\" content=\"article\" \/>\n<meta property=\"og:title\" content=\"John Wick Kopfh\u00f6rerst\u00e4nder (Keanu Reeves) - Sch\u00fctze deine Ausr\u00fcstung im Assassinen-Stil\" \/>\n<meta property=\"og:description\" content=\"Vergessen Sie diese langweiligen Kopfh\u00f6rerst\u00e4nder - es ist an der Zeit, dass der legend\u00e4re Killer pers\u00f6nlich Ihre Audioausr\u00fcstung sicher und stilvoll aufbewahrt!\" \/>\n<meta property=\"og:url\" content=\"https:\/\/3dvikingsstore.com\/de\/shop\/john-wick-kopfhoererstaender-keanu-reeves\/\" \/>\n<meta property=\"og:site_name\" content=\"3D Vikings Store\" \/>\n<meta property=\"article:modified_time\" content=\"2024-08-16T12:39:01+00:00\" \/>\n<meta property=\"og:image\" content=\"https:\/\/3dvikingsstore.com\/wp-content\/uploads\/2024\/03\/John-Wick-1.jpg\" \/>\n\t<meta property=\"og:image:width\" content=\"2446\" \/>\n\t<meta property=\"og:image:height\" content=\"2446\" \/>\n\t<meta property=\"og:image:type\" content=\"image\/jpeg\" \/>\n<meta name=\"twitter:card\" content=\"summary_large_image\" \/>\n<meta name=\"twitter:label1\" content=\"Gesch\u00e4tzte Lesezeit\" \/>\n\t<meta name=\"twitter:data1\" content=\"2\u00a0Minuten\" \/>\n<script type=\"application\/ld+json\" class=\"yoast-schema-graph\">{\"@context\":\"https:\/\/schema.org\",\"@graph\":[{\"@type\":[\"WebPage\",\"ItemPage\"],\"@id\":\"https:\/\/3dvikingsstore.com\/de\/shop\/john-wick-kopfhoererstaender-keanu-reeves\/\",\"url\":\"https:\/\/3dvikingsstore.com\/de\/shop\/john-wick-kopfhoererstaender-keanu-reeves\/\",\"name\":\"John Wick Kopfh\u00f6rerst\u00e4nder - Sch\u00fctze deine Ausr\u00fcstung im Assassinen-Stil\",\"isPartOf\":{\"@id\":\"https:\/\/3dvikingsstore.com\/de\/#website\"},\"primaryImageOfPage\":{\"@id\":\"https:\/\/3dvikingsstore.com\/de\/shop\/john-wick-kopfhoererstaender-keanu-reeves\/#primaryimage\"},\"image\":{\"@id\":\"https:\/\/3dvikingsstore.com\/de\/shop\/john-wick-kopfhoererstaender-keanu-reeves\/#primaryimage\"},\"thumbnailUrl\":\"https:\/\/3dvikingsstore.com\/wp-content\/uploads\/2024\/03\/John-Wick-1.jpg\",\"datePublished\":\"2024-03-04T09:59:38+00:00\",\"dateModified\":\"2024-08-16T12:39:01+00:00\",\"description\":\"Vergessen Sie diese langweiligen Kopfh\u00f6rerst\u00e4nder - es ist an der Zeit, dass der legend\u00e4re Killer pers\u00f6nlich Ihre Audioausr\u00fcstung sicher und stilvoll aufbewahrt!\",\"breadcrumb\":{\"@id\":\"https:\/\/3dvikingsstore.com\/de\/shop\/john-wick-kopfhoererstaender-keanu-reeves\/#breadcrumb\"},\"inLanguage\":\"de\",\"potentialAction\":[{\"@type\":\"ReadAction\",\"target\":[\"https:\/\/3dvikingsstore.com\/de\/shop\/john-wick-kopfhoererstaender-keanu-reeves\/\"]}]},{\"@type\":\"ImageObject\",\"inLanguage\":\"de\",\"@id\":\"https:\/\/3dvikingsstore.com\/de\/shop\/john-wick-kopfhoererstaender-keanu-reeves\/#primaryimage\",\"url\":\"https:\/\/3dvikingsstore.com\/wp-content\/uploads\/2024\/03\/John-Wick-1.jpg\",\"contentUrl\":\"https:\/\/3dvikingsstore.com\/wp-content\/uploads\/2024\/03\/John-Wick-1.jpg\",\"width\":2446,\"height\":2446},{\"@type\":\"BreadcrumbList\",\"@id\":\"https:\/\/3dvikingsstore.com\/de\/shop\/john-wick-kopfhoererstaender-keanu-reeves\/#breadcrumb\",\"itemListElement\":[{\"@type\":\"ListItem\",\"position\":1,\"name\":\"Home\",\"item\":\"https:\/\/3dvikingsstore.com\/de\/\"},{\"@type\":\"ListItem\",\"position\":2,\"name\":\"Gesch\u00e4ft\",\"item\":\"https:\/\/3dvikingsstore.com\/shop\/\"},{\"@type\":\"ListItem\",\"position\":3,\"name\":\"John Wick Kopfh\u00f6rerst\u00e4nder (Keanu Reeves) &#8211; Sch\u00fctze deine Ausr\u00fcstung im Assassinen-Stil\"}]},{\"@type\":\"WebSite\",\"@id\":\"https:\/\/3dvikingsstore.com\/de\/#website\",\"url\":\"https:\/\/3dvikingsstore.com\/de\/\",\"name\":\"3D Vikings Store\",\"description\":\"Scenery and Accessories for Tabletop and Board Games\",\"publisher\":{\"@id\":\"https:\/\/3dvikingsstore.com\/de\/#organization\"},\"potentialAction\":[{\"@type\":\"SearchAction\",\"target\":{\"@type\":\"EntryPoint\",\"urlTemplate\":\"https:\/\/3dvikingsstore.com\/de\/?s={search_term_string}\"},\"query-input\":\"required name=search_term_string\"}],\"inLanguage\":\"de\"},{\"@type\":\"Organization\",\"@id\":\"https:\/\/3dvikingsstore.com\/de\/#organization\",\"name\":\"3D Vikings Store\",\"url\":\"https:\/\/3dvikingsstore.com\/de\/\",\"logo\":{\"@type\":\"ImageObject\",\"inLanguage\":\"de\",\"@id\":\"https:\/\/3dvikingsstore.com\/de\/#\/schema\/logo\/image\/\",\"url\":\"https:\/\/3dvikingsstore.com\/wp-content\/uploads\/2020\/03\/3dvikings-logo-karge-white.jpg\",\"contentUrl\":\"https:\/\/3dvikingsstore.com\/wp-content\/uploads\/2020\/03\/3dvikings-logo-karge-white.jpg\",\"width\":800,\"height\":800,\"caption\":\"3D Vikings Store\"},\"image\":{\"@id\":\"https:\/\/3dvikingsstore.com\/de\/#\/schema\/logo\/image\/\"}}]}<\/script>\n<!-- \/ Yoast SEO Premium plugin. -->","yoast_head_json":{"title":"John Wick Kopfh\u00f6rerst\u00e4nder - Sch\u00fctze deine Ausr\u00fcstung im Assassinen-Stil","description":"Vergessen Sie diese langweiligen Kopfh\u00f6rerst\u00e4nder - es ist an der Zeit, dass der legend\u00e4re Killer pers\u00f6nlich Ihre Audioausr\u00fcstung sicher und stilvoll aufbewahrt!","robots":{"index":"index","follow":"follow","max-snippet":"max-snippet:-1","max-image-preview":"max-image-preview:large","max-video-preview":"max-video-preview:-1"},"canonical":"https:\/\/3dvikingsstore.com\/de\/shop\/john-wick-kopfhoererstaender-keanu-reeves\/","og_locale":"de_DE","og_type":"article","og_title":"John Wick Kopfh\u00f6rerst\u00e4nder (Keanu Reeves) - Sch\u00fctze deine Ausr\u00fcstung im Assassinen-Stil","og_description":"Vergessen Sie diese langweiligen Kopfh\u00f6rerst\u00e4nder - es ist an der Zeit, dass der legend\u00e4re Killer pers\u00f6nlich Ihre Audioausr\u00fcstung sicher und stilvoll aufbewahrt!","og_url":"https:\/\/3dvikingsstore.com\/de\/shop\/john-wick-kopfhoererstaender-keanu-reeves\/","og_site_name":"3D Vikings Store","article_modified_time":"2024-08-16T12:39:01+00:00","og_image":[{"width":2446,"height":2446,"url":"https:\/\/3dvikingsstore.com\/wp-content\/uploads\/2024\/03\/John-Wick-1.jpg","type":"image\/jpeg"}],"twitter_card":"summary_large_image","twitter_misc":{"Gesch\u00e4tzte Lesezeit":"2\u00a0Minuten"},"schema":{"@context":"https:\/\/schema.org","@graph":[{"@type":["WebPage","ItemPage"],"@id":"https:\/\/3dvikingsstore.com\/de\/shop\/john-wick-kopfhoererstaender-keanu-reeves\/","url":"https:\/\/3dvikingsstore.com\/de\/shop\/john-wick-kopfhoererstaender-keanu-reeves\/","name":"John Wick Kopfh\u00f6rerst\u00e4nder - Sch\u00fctze deine Ausr\u00fcstung im Assassinen-Stil","isPartOf":{"@id":"https:\/\/3dvikingsstore.com\/de\/#website"},"primaryImageOfPage":{"@id":"https:\/\/3dvikingsstore.com\/de\/shop\/john-wick-kopfhoererstaender-keanu-reeves\/#primaryimage"},"image":{"@id":"https:\/\/3dvikingsstore.com\/de\/shop\/john-wick-kopfhoererstaender-keanu-reeves\/#primaryimage"},"thumbnailUrl":"https:\/\/3dvikingsstore.com\/wp-content\/uploads\/2024\/03\/John-Wick-1.jpg","datePublished":"2024-03-04T09:59:38+00:00","dateModified":"2024-08-16T12:39:01+00:00","description":"Vergessen Sie diese langweiligen Kopfh\u00f6rerst\u00e4nder - es ist an der Zeit, dass der legend\u00e4re Killer pers\u00f6nlich Ihre Audioausr\u00fcstung sicher und stilvoll aufbewahrt!","breadcrumb":{"@id":"https:\/\/3dvikingsstore.com\/de\/shop\/john-wick-kopfhoererstaender-keanu-reeves\/#breadcrumb"},"inLanguage":"de","potentialAction":[{"@type":"ReadAction","target":["https:\/\/3dvikingsstore.com\/de\/shop\/john-wick-kopfhoererstaender-keanu-reeves\/"]}]},{"@type":"ImageObject","inLanguage":"de","@id":"https:\/\/3dvikingsstore.com\/de\/shop\/john-wick-kopfhoererstaender-keanu-reeves\/#primaryimage","url":"https:\/\/3dvikingsstore.com\/wp-content\/uploads\/2024\/03\/John-Wick-1.jpg","contentUrl":"https:\/\/3dvikingsstore.com\/wp-content\/uploads\/2024\/03\/John-Wick-1.jpg","width":2446,"height":2446},{"@type":"BreadcrumbList","@id":"https:\/\/3dvikingsstore.com\/de\/shop\/john-wick-kopfhoererstaender-keanu-reeves\/#breadcrumb","itemListElement":[{"@type":"ListItem","position":1,"name":"Home","item":"https:\/\/3dvikingsstore.com\/de\/"},{"@type":"ListItem","position":2,"name":"Gesch\u00e4ft","item":"https:\/\/3dvikingsstore.com\/shop\/"},{"@type":"ListItem","position":3,"name":"John Wick Kopfh\u00f6rerst\u00e4nder (Keanu Reeves) &#8211; Sch\u00fctze deine Ausr\u00fcstung im Assassinen-Stil"}]},{"@type":"WebSite","@id":"https:\/\/3dvikingsstore.com\/de\/#website","url":"https:\/\/3dvikingsstore.com\/de\/","name":"3D Vikings Store","description":"Scenery and Accessories for Tabletop and Board Games","publisher":{"@id":"https:\/\/3dvikingsstore.com\/de\/#organization"},"potentialAction":[{"@type":"SearchAction","target":{"@type":"EntryPoint","urlTemplate":"https:\/\/3dvikingsstore.com\/de\/?s={search_term_string}"},"query-input":"required name=search_term_string"}],"inLanguage":"de"},{"@type":"Organization","@id":"https:\/\/3dvikingsstore.com\/de\/#organization","name":"3D Vikings Store","url":"https:\/\/3dvikingsstore.com\/de\/","logo":{"@type":"ImageObject","inLanguage":"de","@id":"https:\/\/3dvikingsstore.com\/de\/#\/schema\/logo\/image\/","url":"https:\/\/3dvikingsstore.com\/wp-content\/uploads\/2020\/03\/3dvikings-logo-karge-white.jpg","contentUrl":"https:\/\/3dvikingsstore.com\/wp-content\/uploads\/2020\/03\/3dvikings-logo-karge-white.jpg","width":800,"height":800,"caption":"3D Vikings Store"},"image":{"@id":"https:\/\/3dvikingsstore.com\/de\/#\/schema\/logo\/image\/"}}]}},"_links":{"self":[{"href":"https:\/\/3dvikingsstore.com\/de\/wp-json\/wp\/v2\/product\/18942"}],"collection":[{"href":"https:\/\/3dvikingsstore.com\/de\/wp-json\/wp\/v2\/product"}],"about":[{"href":"https:\/\/3dvikingsstore.com\/de\/wp-json\/wp\/v2\/types\/product"}],"replies":[{"embeddable":true,"href":"https:\/\/3dvikingsstore.com\/de\/wp-json\/wp\/v2\/comments?post=18942"}],"version-history":[{"count":2,"href":"https:\/\/3dvikingsstore.com\/de\/wp-json\/wp\/v2\/product\/18942\/revisions"}],"predecessor-version":[{"id":18963,"href":"https:\/\/3dvikingsstore.com\/de\/wp-json\/wp\/v2\/product\/18942\/revisions\/18963"}],"wp:featuredmedia":[{"embeddable":true,"href":"https:\/\/3dvikingsstore.com\/de\/wp-json\/wp\/v2\/media\/18945"}],"wp:attachment":[{"href":"https:\/\/3dvikingsstore.com\/de\/wp-json\/wp\/v2\/media?parent=18942"}],"wp:term":[{"taxonomy":"product_cat","embeddable":true,"href":"https:\/\/3dvikingsstore.com\/de\/wp-json\/wp\/v2\/product_cat?post=18942"},{"taxonomy":"product_tag","embeddable":true,"href":"https:\/\/3dvikingsstore.com\/de\/wp-json\/wp\/v2\/product_tag?post=18942"}],"curies":[{"name":"wp","href":"https:\/\/api.w.org\/{rel}","templated":true}]}}