{"id":18420,"date":"2024-02-24T17:56:02","date_gmt":"2024-02-24T15:56:02","guid":{"rendered":"https:\/\/3dvikingsstore.com\/?post_type=product&#038;p=18420"},"modified":"2024-02-24T21:24:16","modified_gmt":"2024-02-24T19:24:16","slug":"wustenpavillon-d-fantasy-szenerie-copy","status":"publish","type":"product","link":"https:\/\/3dvikingsstore.com\/de\/shop\/wustenpavillon-d-fantasy-szenerie-copy\/","title":{"rendered":"Charme der K\u00fcste: Fischerdorf mit Pavillon und Bootshaus (28\/32mm)"},"content":{"rendered":"<p data-sourcepos=\"9:1-9:39\"><strong>Tauchen Sie ein in eine Seeszene<\/strong><\/p>\n<p data-sourcepos=\"11:1-11:338\">Erweitern Sie Ihr Tischdorf mit diesem authentischen Fischerdorf-Set! Diese f\u00fcr 28\/32-mm-Miniaturen konzipierte Kollektion bringt den malerischen Charme eines K\u00fcstendorfs direkt auf Ihren Spieltisch. Mit zwei einzigartigen Bauten &#8211; einem Gazebo und einer charakteristischen Bootsh\u00fctte &#8211; schaffen Sie die Voraussetzungen f\u00fcr unz\u00e4hlige Abenteuer am Meer.<\/p>\n<p data-sourcepos=\"13:1-13:25\"><strong>Merkmale, die verzaubern<\/strong><\/p>\n<ul data-sourcepos=\"15:1-19:0\">\n<li data-sourcepos=\"15:1-15:174\"><strong>Un\u00fcbertroffene Bootsh\u00fctte:<\/strong> Das fesselnde Design verwandelt ein halb zerlegtes Boot in einen stabilen Unterstand &#8211; ein Muss f\u00fcr jedes Fischerdorf.<\/li>\n<li data-sourcepos=\"16:1-16:185\"><strong>Elegantes Gazebo:<\/strong> Diese charmante Struktur bietet einen Treffpunkt mit Blick aufs Meer, ideal f\u00fcr m\u00fcde Reisende oder \u00fcberm\u00fctige Fischh\u00e4ndler.<\/li>\n<li data-sourcepos=\"17:1-17:116\"><strong>28\/32mm Ma\u00dfstab:<\/strong> F\u00fcgt sich nahtlos in Ihre vorhandenen Tabletop-Miniaturen ein und erh\u00f6ht die Immersion und den Realismus.<\/li>\n<li data-sourcepos=\"18:1-19:0\"><strong>Langlebiges, unlackiertes PLA:<\/strong> Bereit, Ihr Meisterwerk zu werden! Diese vielseitigen St\u00fccke lassen sich leicht streichen (Grundierung empfohlen).<\/li>\n<\/ul>\n<p data-sourcepos=\"20:1-20:25\"><strong>Unendliche M\u00f6glichkeiten<\/strong><\/p>\n<p data-sourcepos=\"22:1-22:63\">Dieses Set l\u00e4sst sich weit \u00fcber die Dorfgrenzen hinaus verwenden! Stellen Sie sich vor:<\/p>\n<ul data-sourcepos=\"24:1-27:0\">\n<li data-sourcepos=\"24:1-24:116\"><strong>RPG-Abenteuer:<\/strong> Das Geheimversteck eines Schmugglers in der Bootsh\u00fctte oder eine hitzige Handelsverhandlung unter der Gartenlaube.<\/li>\n<li data-sourcepos=\"25:1-25:109\"><strong>Wargame-Szenarien:<\/strong> Diese Strukturen bieten taktische Deckung und erz\u00e4hlerische Intrigen in K\u00fcstenscharm\u00fctzeln.<\/li>\n<li data-sourcepos=\"26:1-27:0\"><strong>Brettspiel-Flair:<\/strong> Verbessern Sie jedes Spiel mit einem Fischerdorf-Thema, indem Sie diese detaillierten Figuren hinzuf\u00fcgen.<\/li>\n<\/ul>\n<p data-sourcepos=\"32:1-32:63\"><strong>Bestellen Sie noch heute und lassen Sie Ihre Tischabenteuer an der K\u00fcste beginnen!<\/strong><\/p>\n","protected":false},"excerpt":{"rendered":"<p data-sourcepos=\"9:1-9:39\"><strong>Tauchen Sie ein in eine Seeszene<\/strong><\/p>\n<p data-sourcepos=\"11:1-11:338\">Erweitern Sie Ihr Tischdorf mit diesem authentischen Fischerdorf-Set! Diese f\u00fcr 28\/32-mm-Miniaturen konzipierte Kollektion bringt den malerischen Charme eines K\u00fcstendorfs direkt auf Ihren Spieltisch. Mit zwei einzigartigen Bauten &#8211; einem Gazebo und einer charakteristischen Bootsh\u00fctte &#8211; schaffen Sie die Voraussetzungen f\u00fcr unz\u00e4hlige Abenteuer am Meer.<\/p>\n","protected":false},"featured_media":18422,"comment_status":"open","ping_status":"closed","template":"","meta":[],"product_cat":[2694,2717],"product_tag":[],"yoast_head":"<!-- This site is optimized with the Yoast SEO Premium plugin v22.9 (Yoast SEO v22.9) - https:\/\/yoast.com\/wordpress\/plugins\/seo\/ -->\n<title>Charme der K\u00fcste: Fischerdorf mit Gazebo und Bootsh\u00fctte<\/title>\n<meta name=\"description\" content=\"Erwecke dein Fischerdorf auf dem Tisch zum Leben! Dieses 28\/32-mm-Set enth\u00e4lt eine einzigartige vertikale Bootsh\u00fctte, ein charmantes Gazebo. Perfekt f\u00fcr RPGs, Wargames und mehr.\" \/>\n<meta name=\"robots\" content=\"index, follow, max-snippet:-1, max-image-preview:large, max-video-preview:-1\" \/>\n<link rel=\"canonical\" href=\"https:\/\/3dvikingsstore.com\/de\/shop\/wustenpavillon-d-fantasy-szenerie-copy\/\" \/>\n<meta property=\"og:locale\" content=\"de_DE\" \/>\n<meta property=\"og:type\" content=\"article\" \/>\n<meta property=\"og:title\" content=\"Charme der K\u00fcste: Fischerdorf mit Pavillon und Bootshaus (28\/32mm)\" \/>\n<meta property=\"og:description\" content=\"Erwecke dein Fischerdorf auf dem Tisch zum Leben! Dieses 28\/32-mm-Set enth\u00e4lt eine einzigartige vertikale Bootsh\u00fctte, ein charmantes Gazebo. Perfekt f\u00fcr RPGs, Wargames und mehr.\" \/>\n<meta property=\"og:url\" content=\"https:\/\/3dvikingsstore.com\/de\/shop\/wustenpavillon-d-fantasy-szenerie-copy\/\" \/>\n<meta property=\"og:site_name\" content=\"3D Vikings Store\" \/>\n<meta property=\"article:modified_time\" content=\"2024-02-24T19:24:16+00:00\" \/>\n<meta property=\"og:image\" content=\"https:\/\/3dvikingsstore.com\/wp-content\/uploads\/2024\/02\/Fishing-Village-Gazebo-and-Boat-hut-1024x1024.png\" \/>\n\t<meta property=\"og:image:width\" content=\"1024\" \/>\n\t<meta property=\"og:image:height\" content=\"1024\" \/>\n\t<meta property=\"og:image:type\" content=\"image\/png\" \/>\n<meta name=\"twitter:card\" content=\"summary_large_image\" \/>\n<meta name=\"twitter:label1\" content=\"Gesch\u00e4tzte Lesezeit\" \/>\n\t<meta name=\"twitter:data1\" content=\"2\u00a0Minuten\" \/>\n<script type=\"application\/ld+json\" class=\"yoast-schema-graph\">{\"@context\":\"https:\/\/schema.org\",\"@graph\":[{\"@type\":[\"WebPage\",\"ItemPage\"],\"@id\":\"https:\/\/3dvikingsstore.com\/de\/shop\/wustenpavillon-d-fantasy-szenerie-copy\/\",\"url\":\"https:\/\/3dvikingsstore.com\/de\/shop\/wustenpavillon-d-fantasy-szenerie-copy\/\",\"name\":\"Charme der K\u00fcste: Fischerdorf mit Gazebo und Bootsh\u00fctte\",\"isPartOf\":{\"@id\":\"https:\/\/3dvikingsstore.com\/de\/#website\"},\"primaryImageOfPage\":{\"@id\":\"https:\/\/3dvikingsstore.com\/de\/shop\/wustenpavillon-d-fantasy-szenerie-copy\/#primaryimage\"},\"image\":{\"@id\":\"https:\/\/3dvikingsstore.com\/de\/shop\/wustenpavillon-d-fantasy-szenerie-copy\/#primaryimage\"},\"thumbnailUrl\":\"https:\/\/3dvikingsstore.com\/wp-content\/uploads\/2024\/02\/Fishing-Village-Gazebo-and-Boat-hut.png\",\"datePublished\":\"2024-02-24T15:56:02+00:00\",\"dateModified\":\"2024-02-24T19:24:16+00:00\",\"description\":\"Erwecke dein Fischerdorf auf dem Tisch zum Leben! Dieses 28\/32-mm-Set enth\u00e4lt eine einzigartige vertikale Bootsh\u00fctte, ein charmantes Gazebo. Perfekt f\u00fcr RPGs, Wargames und mehr.\",\"breadcrumb\":{\"@id\":\"https:\/\/3dvikingsstore.com\/de\/shop\/wustenpavillon-d-fantasy-szenerie-copy\/#breadcrumb\"},\"inLanguage\":\"de\",\"potentialAction\":[{\"@type\":\"ReadAction\",\"target\":[\"https:\/\/3dvikingsstore.com\/de\/shop\/wustenpavillon-d-fantasy-szenerie-copy\/\"]}]},{\"@type\":\"ImageObject\",\"inLanguage\":\"de\",\"@id\":\"https:\/\/3dvikingsstore.com\/de\/shop\/wustenpavillon-d-fantasy-szenerie-copy\/#primaryimage\",\"url\":\"https:\/\/3dvikingsstore.com\/wp-content\/uploads\/2024\/02\/Fishing-Village-Gazebo-and-Boat-hut.png\",\"contentUrl\":\"https:\/\/3dvikingsstore.com\/wp-content\/uploads\/2024\/02\/Fishing-Village-Gazebo-and-Boat-hut.png\",\"width\":3543,\"height\":3543},{\"@type\":\"BreadcrumbList\",\"@id\":\"https:\/\/3dvikingsstore.com\/de\/shop\/wustenpavillon-d-fantasy-szenerie-copy\/#breadcrumb\",\"itemListElement\":[{\"@type\":\"ListItem\",\"position\":1,\"name\":\"Home\",\"item\":\"https:\/\/3dvikingsstore.com\/de\/\"},{\"@type\":\"ListItem\",\"position\":2,\"name\":\"Gesch\u00e4ft\",\"item\":\"https:\/\/3dvikingsstore.com\/shop\/\"},{\"@type\":\"ListItem\",\"position\":3,\"name\":\"Charme der K\u00fcste: Fischerdorf mit Pavillon und Bootshaus (28\/32mm)\"}]},{\"@type\":\"WebSite\",\"@id\":\"https:\/\/3dvikingsstore.com\/de\/#website\",\"url\":\"https:\/\/3dvikingsstore.com\/de\/\",\"name\":\"3D Vikings Store\",\"description\":\"Scenery and Accessories for Tabletop and Board Games\",\"publisher\":{\"@id\":\"https:\/\/3dvikingsstore.com\/de\/#organization\"},\"potentialAction\":[{\"@type\":\"SearchAction\",\"target\":{\"@type\":\"EntryPoint\",\"urlTemplate\":\"https:\/\/3dvikingsstore.com\/de\/?s={search_term_string}\"},\"query-input\":\"required name=search_term_string\"}],\"inLanguage\":\"de\"},{\"@type\":\"Organization\",\"@id\":\"https:\/\/3dvikingsstore.com\/de\/#organization\",\"name\":\"3D Vikings Store\",\"url\":\"https:\/\/3dvikingsstore.com\/de\/\",\"logo\":{\"@type\":\"ImageObject\",\"inLanguage\":\"de\",\"@id\":\"https:\/\/3dvikingsstore.com\/de\/#\/schema\/logo\/image\/\",\"url\":\"https:\/\/3dvikingsstore.com\/wp-content\/uploads\/2020\/03\/3dvikings-logo-karge-white.jpg\",\"contentUrl\":\"https:\/\/3dvikingsstore.com\/wp-content\/uploads\/2020\/03\/3dvikings-logo-karge-white.jpg\",\"width\":800,\"height\":800,\"caption\":\"3D Vikings Store\"},\"image\":{\"@id\":\"https:\/\/3dvikingsstore.com\/de\/#\/schema\/logo\/image\/\"}}]}<\/script>\n<!-- \/ Yoast SEO Premium plugin. -->","yoast_head_json":{"title":"Charme der K\u00fcste: Fischerdorf mit Gazebo und Bootsh\u00fctte","description":"Erwecke dein Fischerdorf auf dem Tisch zum Leben! Dieses 28\/32-mm-Set enth\u00e4lt eine einzigartige vertikale Bootsh\u00fctte, ein charmantes Gazebo. Perfekt f\u00fcr RPGs, Wargames und mehr.","robots":{"index":"index","follow":"follow","max-snippet":"max-snippet:-1","max-image-preview":"max-image-preview:large","max-video-preview":"max-video-preview:-1"},"canonical":"https:\/\/3dvikingsstore.com\/de\/shop\/wustenpavillon-d-fantasy-szenerie-copy\/","og_locale":"de_DE","og_type":"article","og_title":"Charme der K\u00fcste: Fischerdorf mit Pavillon und Bootshaus (28\/32mm)","og_description":"Erwecke dein Fischerdorf auf dem Tisch zum Leben! Dieses 28\/32-mm-Set enth\u00e4lt eine einzigartige vertikale Bootsh\u00fctte, ein charmantes Gazebo. Perfekt f\u00fcr RPGs, Wargames und mehr.","og_url":"https:\/\/3dvikingsstore.com\/de\/shop\/wustenpavillon-d-fantasy-szenerie-copy\/","og_site_name":"3D Vikings Store","article_modified_time":"2024-02-24T19:24:16+00:00","og_image":[{"width":1024,"height":1024,"url":"https:\/\/3dvikingsstore.com\/wp-content\/uploads\/2024\/02\/Fishing-Village-Gazebo-and-Boat-hut-1024x1024.png","type":"image\/png"}],"twitter_card":"summary_large_image","twitter_misc":{"Gesch\u00e4tzte Lesezeit":"2\u00a0Minuten"},"schema":{"@context":"https:\/\/schema.org","@graph":[{"@type":["WebPage","ItemPage"],"@id":"https:\/\/3dvikingsstore.com\/de\/shop\/wustenpavillon-d-fantasy-szenerie-copy\/","url":"https:\/\/3dvikingsstore.com\/de\/shop\/wustenpavillon-d-fantasy-szenerie-copy\/","name":"Charme der K\u00fcste: Fischerdorf mit Gazebo und Bootsh\u00fctte","isPartOf":{"@id":"https:\/\/3dvikingsstore.com\/de\/#website"},"primaryImageOfPage":{"@id":"https:\/\/3dvikingsstore.com\/de\/shop\/wustenpavillon-d-fantasy-szenerie-copy\/#primaryimage"},"image":{"@id":"https:\/\/3dvikingsstore.com\/de\/shop\/wustenpavillon-d-fantasy-szenerie-copy\/#primaryimage"},"thumbnailUrl":"https:\/\/3dvikingsstore.com\/wp-content\/uploads\/2024\/02\/Fishing-Village-Gazebo-and-Boat-hut.png","datePublished":"2024-02-24T15:56:02+00:00","dateModified":"2024-02-24T19:24:16+00:00","description":"Erwecke dein Fischerdorf auf dem Tisch zum Leben! Dieses 28\/32-mm-Set enth\u00e4lt eine einzigartige vertikale Bootsh\u00fctte, ein charmantes Gazebo. Perfekt f\u00fcr RPGs, Wargames und mehr.","breadcrumb":{"@id":"https:\/\/3dvikingsstore.com\/de\/shop\/wustenpavillon-d-fantasy-szenerie-copy\/#breadcrumb"},"inLanguage":"de","potentialAction":[{"@type":"ReadAction","target":["https:\/\/3dvikingsstore.com\/de\/shop\/wustenpavillon-d-fantasy-szenerie-copy\/"]}]},{"@type":"ImageObject","inLanguage":"de","@id":"https:\/\/3dvikingsstore.com\/de\/shop\/wustenpavillon-d-fantasy-szenerie-copy\/#primaryimage","url":"https:\/\/3dvikingsstore.com\/wp-content\/uploads\/2024\/02\/Fishing-Village-Gazebo-and-Boat-hut.png","contentUrl":"https:\/\/3dvikingsstore.com\/wp-content\/uploads\/2024\/02\/Fishing-Village-Gazebo-and-Boat-hut.png","width":3543,"height":3543},{"@type":"BreadcrumbList","@id":"https:\/\/3dvikingsstore.com\/de\/shop\/wustenpavillon-d-fantasy-szenerie-copy\/#breadcrumb","itemListElement":[{"@type":"ListItem","position":1,"name":"Home","item":"https:\/\/3dvikingsstore.com\/de\/"},{"@type":"ListItem","position":2,"name":"Gesch\u00e4ft","item":"https:\/\/3dvikingsstore.com\/shop\/"},{"@type":"ListItem","position":3,"name":"Charme der K\u00fcste: Fischerdorf mit Pavillon und Bootshaus (28\/32mm)"}]},{"@type":"WebSite","@id":"https:\/\/3dvikingsstore.com\/de\/#website","url":"https:\/\/3dvikingsstore.com\/de\/","name":"3D Vikings Store","description":"Scenery and Accessories for Tabletop and Board Games","publisher":{"@id":"https:\/\/3dvikingsstore.com\/de\/#organization"},"potentialAction":[{"@type":"SearchAction","target":{"@type":"EntryPoint","urlTemplate":"https:\/\/3dvikingsstore.com\/de\/?s={search_term_string}"},"query-input":"required name=search_term_string"}],"inLanguage":"de"},{"@type":"Organization","@id":"https:\/\/3dvikingsstore.com\/de\/#organization","name":"3D Vikings Store","url":"https:\/\/3dvikingsstore.com\/de\/","logo":{"@type":"ImageObject","inLanguage":"de","@id":"https:\/\/3dvikingsstore.com\/de\/#\/schema\/logo\/image\/","url":"https:\/\/3dvikingsstore.com\/wp-content\/uploads\/2020\/03\/3dvikings-logo-karge-white.jpg","contentUrl":"https:\/\/3dvikingsstore.com\/wp-content\/uploads\/2020\/03\/3dvikings-logo-karge-white.jpg","width":800,"height":800,"caption":"3D Vikings Store"},"image":{"@id":"https:\/\/3dvikingsstore.com\/de\/#\/schema\/logo\/image\/"}}]}},"_links":{"self":[{"href":"https:\/\/3dvikingsstore.com\/de\/wp-json\/wp\/v2\/product\/18420"}],"collection":[{"href":"https:\/\/3dvikingsstore.com\/de\/wp-json\/wp\/v2\/product"}],"about":[{"href":"https:\/\/3dvikingsstore.com\/de\/wp-json\/wp\/v2\/types\/product"}],"replies":[{"embeddable":true,"href":"https:\/\/3dvikingsstore.com\/de\/wp-json\/wp\/v2\/comments?post=18420"}],"version-history":[{"count":3,"href":"https:\/\/3dvikingsstore.com\/de\/wp-json\/wp\/v2\/product\/18420\/revisions"}],"predecessor-version":[{"id":18435,"href":"https:\/\/3dvikingsstore.com\/de\/wp-json\/wp\/v2\/product\/18420\/revisions\/18435"}],"wp:featuredmedia":[{"embeddable":true,"href":"https:\/\/3dvikingsstore.com\/de\/wp-json\/wp\/v2\/media\/18422"}],"wp:attachment":[{"href":"https:\/\/3dvikingsstore.com\/de\/wp-json\/wp\/v2\/media?parent=18420"}],"wp:term":[{"taxonomy":"product_cat","embeddable":true,"href":"https:\/\/3dvikingsstore.com\/de\/wp-json\/wp\/v2\/product_cat?post=18420"},{"taxonomy":"product_tag","embeddable":true,"href":"https:\/\/3dvikingsstore.com\/de\/wp-json\/wp\/v2\/product_tag?post=18420"}],"curies":[{"name":"wp","href":"https:\/\/api.w.org\/{rel}","templated":true}]}}