{"id":18294,"date":"2024-02-21T14:03:23","date_gmt":"2024-02-21T12:03:23","guid":{"rendered":"https:\/\/3dvikingsstore.com\/?post_type=product&#038;p=18294"},"modified":"2024-02-21T14:16:24","modified_gmt":"2024-02-21T12:16:24","slug":"ork-barrikaden","status":"publish","type":"product","link":"https:\/\/3dvikingsstore.com\/de\/shop\/ork-barrikaden\/","title":{"rendered":"Modulare Ork-Barrikaden | Dynamische 28\/32mm Schlachtfelder bauen | Unbemaltes Gel\u00e4nde"},"content":{"rendered":"<p data-sourcepos=\"9:1-9:74\"><strong>Befestige dein Ork-Lager mit dem vielseitigen modularen Barrikaden- und Zaun-Set<\/strong><\/p>\n<p data-sourcepos=\"11:1-11:79\">Mit diesem 11-teiligen Ork-Barrikadenset kannst du deinen 28\/32-mm-Landschaften sowohl H\u00e4rte als auch strategische Tiefe verleihen und den Sieg auf dem Spielfeld erringen. Stell dir brutale Warhammer-Scharm\u00fctzel mit Orks vor, die sich hinter eilig errichteten Verteidigungsanlagen verschanzt haben, verzweifelte D&amp;D-Helden, die versuchen, einen Stachelzaun zu durchbrechen, oder die sich ausbreitenden Grenzen eines ganzen Ork-Kriegslagers. Dank seines modularen Aufbaus bietet dieses Set unendlich viele taktische M\u00f6glichkeiten.<\/p>\n<p data-sourcepos=\"13:1-13:30\"><strong>Bauen Sie Ihre Verteidigung auf, wie Sie wollen:<\/strong><\/p>\n<ul data-sourcepos=\"15:1-15:222\">\n<li data-sourcepos=\"15:1-15:222\"><strong>Nicht nur eine einzelne Wand:<\/strong> Dies ist ein BATTLEFIELD TOOLKIT. Gerade Abschnitte, abgewinkelte Ecken, grobe Tore &#8230; Kombinieren Sie sie f\u00fcr eine rauflustige Festung im Handumdrehen, eine gewundene Verteidigungslinie oder verstreute Engp\u00e4sse, um Angreifer auszusperren.<\/li>\n<li data-sourcepos=\"16:1-16:195\"><strong>Unterschiedliche H\u00f6he:<\/strong> Stapeln Sie Teile f\u00fcr zus\u00e4tzliche Deckung, ideal f\u00fcr Bogensch\u00fctzen, oder lassen Sie verzweifelte Krieger mitten im Kampf \u00fcber niedrige Abschnitte klettern. Ihr Szenario bestimmt die Form des Kriegsgebiets, nicht das Gel\u00e4nde!<\/li>\n<li data-sourcepos=\"17:1-17:172\"><strong>Orkischer Grit:<\/strong> Dies sind keine unber\u00fchrten Burgmauern. Denken Sie an gesplitterte Baumst\u00e4mme, zusammengeh\u00e4mmerten Schrott&#8230; authentisch Orky f\u00fcr diejenigen, die stolz auf die \u00c4sthetik ihrer Armee sind.<\/li>\n<li data-sourcepos=\"18:1-18:173\"><strong>Entfessle deinen inneren Warlord:<\/strong> Das Set wird unbemalt geliefert und kann von dir einzigartig gestaltet werden. Verwittertes Holz, Clan-Zeichen oder sogar Blutflecken nach einer siegreichen Schl\u00e4gerei &#8211; sie spiegeln die Siege IHRER Ork-Horde wider.<\/li>\n<li data-sourcepos=\"19:1-20:0\"><strong>Langlebig f\u00fcr epische Kampagnen:<\/strong> Diese Barrikaden sind f\u00fcr den harten Einsatz gefertigt und halten unz\u00e4hlige Schlachten aus. Ihre robuste Konstruktion passt sich der Heftigkeit der K\u00e4mpfe an.<\/li>\n<\/ul>\n<p data-sourcepos=\"21:1-21:15\"><strong>Spezifikationen:<\/strong><\/p>\n<ul data-sourcepos=\"23:1-26:0\">\n<li data-sourcepos=\"23:1-23:108\">Das Set enth\u00e4lt: Verschiedene Zaunteile, stapelbare Barrikadenteile (eine detaillierte Aufschl\u00fcsselung ist f\u00fcr K\u00e4ufer hilfreich)<\/li>\n<li data-sourcepos=\"24:1-24:105\">Abmessungen: Ungef\u00e4hre Gr\u00f6\u00dfen der gr\u00f6\u00dften Teile (16 cm lang usw.) sind hilfreich, um den Aufbau zu veranschaulichen.<\/li>\n<li data-sourcepos=\"25:1-26:0\">Gewicht: Ungef\u00e4hr 300 Gramm<\/li>\n<\/ul>\n<p data-sourcepos=\"27:1-27:48\"><strong>Bestellen Sie noch heute &#8211; Machen Sie Ihr Ork-Lager zu einer Festung!<\/strong><\/p>\n","protected":false},"excerpt":{"rendered":"<p>Mit diesem 11-teiligen Ork-Barrikadenset kannst du deinen 28\/32-mm-Landschaften sowohl H\u00e4rte als auch strategische Tiefe verleihen und den Sieg auf dem Spielfeld erringen. Stell dir brutale Warhammer-Scharm\u00fctzel mit Orks vor, die sich hinter eilig errichteten Verteidigungsanlagen verschanzt haben, verzweifelte D&amp;D-Helden, die versuchen, einen Stachelzaun zu durchbrechen, oder die sich ausbreitenden Grenzen eines ganzen Ork-Kriegslagers. Dank seines modularen Aufbaus bietet dieses Set unendlich viele taktische M\u00f6glichkeiten.<\/p>\n","protected":false},"featured_media":18298,"comment_status":"open","ping_status":"closed","template":"","meta":[],"product_cat":[2717],"product_tag":[],"yoast_head":"<!-- This site is optimized with the Yoast SEO Premium plugin v22.9 (Yoast SEO v22.9) - https:\/\/yoast.com\/wordpress\/plugins\/seo\/ -->\n<title>Modulare Ork-Barrikaden | Dynamische 28\/32mm Schlachtfelder bauen<\/title>\n<meta name=\"description\" content=\"Entfesselt die strategische Ork-Verteidigung! 11 modulare Barrikadenteile, unbemalt f\u00fcr individuelles Aussehen. D&amp;D, Warhammer... euer Ork-Lager hat jetzt das Sagen.\" \/>\n<meta name=\"robots\" content=\"index, follow, max-snippet:-1, max-image-preview:large, max-video-preview:-1\" \/>\n<link rel=\"canonical\" href=\"https:\/\/3dvikingsstore.com\/de\/shop\/ork-barrikaden\/\" \/>\n<meta property=\"og:locale\" content=\"de_DE\" \/>\n<meta property=\"og:type\" content=\"article\" \/>\n<meta property=\"og:title\" content=\"Modulare Ork-Barrikaden | Dynamische 28\/32mm Schlachtfelder bauen | Unbemaltes Gel\u00e4nde\" \/>\n<meta property=\"og:description\" content=\"Entfesselt die strategische Ork-Verteidigung! 11 modulare Barrikadenteile, unbemalt f\u00fcr individuelles Aussehen. D&amp;D, Warhammer... euer Ork-Lager hat jetzt das Sagen.\" \/>\n<meta property=\"og:url\" content=\"https:\/\/3dvikingsstore.com\/de\/shop\/ork-barrikaden\/\" \/>\n<meta property=\"og:site_name\" content=\"3D Vikings Store\" \/>\n<meta property=\"article:modified_time\" content=\"2024-02-21T12:16:24+00:00\" \/>\n<meta property=\"og:image\" content=\"https:\/\/3dvikingsstore.com\/wp-content\/uploads\/2024\/02\/DSC_7171-1024x1024.png\" \/>\n\t<meta property=\"og:image:width\" content=\"1024\" \/>\n\t<meta property=\"og:image:height\" content=\"1024\" \/>\n\t<meta property=\"og:image:type\" content=\"image\/png\" \/>\n<meta name=\"twitter:card\" content=\"summary_large_image\" \/>\n<meta name=\"twitter:label1\" content=\"Gesch\u00e4tzte Lesezeit\" \/>\n\t<meta name=\"twitter:data1\" content=\"2\u00a0Minuten\" \/>\n<script type=\"application\/ld+json\" class=\"yoast-schema-graph\">{\"@context\":\"https:\/\/schema.org\",\"@graph\":[{\"@type\":[\"WebPage\",\"ItemPage\"],\"@id\":\"https:\/\/3dvikingsstore.com\/de\/shop\/ork-barrikaden\/\",\"url\":\"https:\/\/3dvikingsstore.com\/de\/shop\/ork-barrikaden\/\",\"name\":\"Modulare Ork-Barrikaden | Dynamische 28\/32mm Schlachtfelder bauen\",\"isPartOf\":{\"@id\":\"https:\/\/3dvikingsstore.com\/de\/#website\"},\"primaryImageOfPage\":{\"@id\":\"https:\/\/3dvikingsstore.com\/de\/shop\/ork-barrikaden\/#primaryimage\"},\"image\":{\"@id\":\"https:\/\/3dvikingsstore.com\/de\/shop\/ork-barrikaden\/#primaryimage\"},\"thumbnailUrl\":\"https:\/\/3dvikingsstore.com\/wp-content\/uploads\/2024\/02\/DSC_7171.png\",\"datePublished\":\"2024-02-21T12:03:23+00:00\",\"dateModified\":\"2024-02-21T12:16:24+00:00\",\"description\":\"Entfesselt die strategische Ork-Verteidigung! 11 modulare Barrikadenteile, unbemalt f\u00fcr individuelles Aussehen. D&D, Warhammer... euer Ork-Lager hat jetzt das Sagen.\",\"breadcrumb\":{\"@id\":\"https:\/\/3dvikingsstore.com\/de\/shop\/ork-barrikaden\/#breadcrumb\"},\"inLanguage\":\"de\",\"potentialAction\":[{\"@type\":\"ReadAction\",\"target\":[\"https:\/\/3dvikingsstore.com\/de\/shop\/ork-barrikaden\/\"]}]},{\"@type\":\"ImageObject\",\"inLanguage\":\"de\",\"@id\":\"https:\/\/3dvikingsstore.com\/de\/shop\/ork-barrikaden\/#primaryimage\",\"url\":\"https:\/\/3dvikingsstore.com\/wp-content\/uploads\/2024\/02\/DSC_7171.png\",\"contentUrl\":\"https:\/\/3dvikingsstore.com\/wp-content\/uploads\/2024\/02\/DSC_7171.png\",\"width\":3504,\"height\":3504},{\"@type\":\"BreadcrumbList\",\"@id\":\"https:\/\/3dvikingsstore.com\/de\/shop\/ork-barrikaden\/#breadcrumb\",\"itemListElement\":[{\"@type\":\"ListItem\",\"position\":1,\"name\":\"Home\",\"item\":\"https:\/\/3dvikingsstore.com\/de\/\"},{\"@type\":\"ListItem\",\"position\":2,\"name\":\"Gesch\u00e4ft\",\"item\":\"https:\/\/3dvikingsstore.com\/shop\/\"},{\"@type\":\"ListItem\",\"position\":3,\"name\":\"Modulare Ork-Barrikaden | Dynamische 28\/32mm Schlachtfelder bauen | Unbemaltes Gel\u00e4nde\"}]},{\"@type\":\"WebSite\",\"@id\":\"https:\/\/3dvikingsstore.com\/de\/#website\",\"url\":\"https:\/\/3dvikingsstore.com\/de\/\",\"name\":\"3D Vikings Store\",\"description\":\"Scenery and Accessories for Tabletop and Board Games\",\"publisher\":{\"@id\":\"https:\/\/3dvikingsstore.com\/de\/#organization\"},\"potentialAction\":[{\"@type\":\"SearchAction\",\"target\":{\"@type\":\"EntryPoint\",\"urlTemplate\":\"https:\/\/3dvikingsstore.com\/de\/?s={search_term_string}\"},\"query-input\":\"required name=search_term_string\"}],\"inLanguage\":\"de\"},{\"@type\":\"Organization\",\"@id\":\"https:\/\/3dvikingsstore.com\/de\/#organization\",\"name\":\"3D Vikings Store\",\"url\":\"https:\/\/3dvikingsstore.com\/de\/\",\"logo\":{\"@type\":\"ImageObject\",\"inLanguage\":\"de\",\"@id\":\"https:\/\/3dvikingsstore.com\/de\/#\/schema\/logo\/image\/\",\"url\":\"https:\/\/3dvikingsstore.com\/wp-content\/uploads\/2020\/03\/3dvikings-logo-karge-white.jpg\",\"contentUrl\":\"https:\/\/3dvikingsstore.com\/wp-content\/uploads\/2020\/03\/3dvikings-logo-karge-white.jpg\",\"width\":800,\"height\":800,\"caption\":\"3D Vikings Store\"},\"image\":{\"@id\":\"https:\/\/3dvikingsstore.com\/de\/#\/schema\/logo\/image\/\"}}]}<\/script>\n<!-- \/ Yoast SEO Premium plugin. -->","yoast_head_json":{"title":"Modulare Ork-Barrikaden | Dynamische 28\/32mm Schlachtfelder bauen","description":"Entfesselt die strategische Ork-Verteidigung! 11 modulare Barrikadenteile, unbemalt f\u00fcr individuelles Aussehen. D&D, Warhammer... euer Ork-Lager hat jetzt das Sagen.","robots":{"index":"index","follow":"follow","max-snippet":"max-snippet:-1","max-image-preview":"max-image-preview:large","max-video-preview":"max-video-preview:-1"},"canonical":"https:\/\/3dvikingsstore.com\/de\/shop\/ork-barrikaden\/","og_locale":"de_DE","og_type":"article","og_title":"Modulare Ork-Barrikaden | Dynamische 28\/32mm Schlachtfelder bauen | Unbemaltes Gel\u00e4nde","og_description":"Entfesselt die strategische Ork-Verteidigung! 11 modulare Barrikadenteile, unbemalt f\u00fcr individuelles Aussehen. D&D, Warhammer... euer Ork-Lager hat jetzt das Sagen.","og_url":"https:\/\/3dvikingsstore.com\/de\/shop\/ork-barrikaden\/","og_site_name":"3D Vikings Store","article_modified_time":"2024-02-21T12:16:24+00:00","og_image":[{"width":1024,"height":1024,"url":"https:\/\/3dvikingsstore.com\/wp-content\/uploads\/2024\/02\/DSC_7171-1024x1024.png","type":"image\/png"}],"twitter_card":"summary_large_image","twitter_misc":{"Gesch\u00e4tzte Lesezeit":"2\u00a0Minuten"},"schema":{"@context":"https:\/\/schema.org","@graph":[{"@type":["WebPage","ItemPage"],"@id":"https:\/\/3dvikingsstore.com\/de\/shop\/ork-barrikaden\/","url":"https:\/\/3dvikingsstore.com\/de\/shop\/ork-barrikaden\/","name":"Modulare Ork-Barrikaden | Dynamische 28\/32mm Schlachtfelder bauen","isPartOf":{"@id":"https:\/\/3dvikingsstore.com\/de\/#website"},"primaryImageOfPage":{"@id":"https:\/\/3dvikingsstore.com\/de\/shop\/ork-barrikaden\/#primaryimage"},"image":{"@id":"https:\/\/3dvikingsstore.com\/de\/shop\/ork-barrikaden\/#primaryimage"},"thumbnailUrl":"https:\/\/3dvikingsstore.com\/wp-content\/uploads\/2024\/02\/DSC_7171.png","datePublished":"2024-02-21T12:03:23+00:00","dateModified":"2024-02-21T12:16:24+00:00","description":"Entfesselt die strategische Ork-Verteidigung! 11 modulare Barrikadenteile, unbemalt f\u00fcr individuelles Aussehen. D&D, Warhammer... euer Ork-Lager hat jetzt das Sagen.","breadcrumb":{"@id":"https:\/\/3dvikingsstore.com\/de\/shop\/ork-barrikaden\/#breadcrumb"},"inLanguage":"de","potentialAction":[{"@type":"ReadAction","target":["https:\/\/3dvikingsstore.com\/de\/shop\/ork-barrikaden\/"]}]},{"@type":"ImageObject","inLanguage":"de","@id":"https:\/\/3dvikingsstore.com\/de\/shop\/ork-barrikaden\/#primaryimage","url":"https:\/\/3dvikingsstore.com\/wp-content\/uploads\/2024\/02\/DSC_7171.png","contentUrl":"https:\/\/3dvikingsstore.com\/wp-content\/uploads\/2024\/02\/DSC_7171.png","width":3504,"height":3504},{"@type":"BreadcrumbList","@id":"https:\/\/3dvikingsstore.com\/de\/shop\/ork-barrikaden\/#breadcrumb","itemListElement":[{"@type":"ListItem","position":1,"name":"Home","item":"https:\/\/3dvikingsstore.com\/de\/"},{"@type":"ListItem","position":2,"name":"Gesch\u00e4ft","item":"https:\/\/3dvikingsstore.com\/shop\/"},{"@type":"ListItem","position":3,"name":"Modulare Ork-Barrikaden | Dynamische 28\/32mm Schlachtfelder bauen | Unbemaltes Gel\u00e4nde"}]},{"@type":"WebSite","@id":"https:\/\/3dvikingsstore.com\/de\/#website","url":"https:\/\/3dvikingsstore.com\/de\/","name":"3D Vikings Store","description":"Scenery and Accessories for Tabletop and Board Games","publisher":{"@id":"https:\/\/3dvikingsstore.com\/de\/#organization"},"potentialAction":[{"@type":"SearchAction","target":{"@type":"EntryPoint","urlTemplate":"https:\/\/3dvikingsstore.com\/de\/?s={search_term_string}"},"query-input":"required name=search_term_string"}],"inLanguage":"de"},{"@type":"Organization","@id":"https:\/\/3dvikingsstore.com\/de\/#organization","name":"3D Vikings Store","url":"https:\/\/3dvikingsstore.com\/de\/","logo":{"@type":"ImageObject","inLanguage":"de","@id":"https:\/\/3dvikingsstore.com\/de\/#\/schema\/logo\/image\/","url":"https:\/\/3dvikingsstore.com\/wp-content\/uploads\/2020\/03\/3dvikings-logo-karge-white.jpg","contentUrl":"https:\/\/3dvikingsstore.com\/wp-content\/uploads\/2020\/03\/3dvikings-logo-karge-white.jpg","width":800,"height":800,"caption":"3D Vikings Store"},"image":{"@id":"https:\/\/3dvikingsstore.com\/de\/#\/schema\/logo\/image\/"}}]}},"_links":{"self":[{"href":"https:\/\/3dvikingsstore.com\/de\/wp-json\/wp\/v2\/product\/18294"}],"collection":[{"href":"https:\/\/3dvikingsstore.com\/de\/wp-json\/wp\/v2\/product"}],"about":[{"href":"https:\/\/3dvikingsstore.com\/de\/wp-json\/wp\/v2\/types\/product"}],"replies":[{"embeddable":true,"href":"https:\/\/3dvikingsstore.com\/de\/wp-json\/wp\/v2\/comments?post=18294"}],"version-history":[{"count":2,"href":"https:\/\/3dvikingsstore.com\/de\/wp-json\/wp\/v2\/product\/18294\/revisions"}],"predecessor-version":[{"id":18307,"href":"https:\/\/3dvikingsstore.com\/de\/wp-json\/wp\/v2\/product\/18294\/revisions\/18307"}],"wp:featuredmedia":[{"embeddable":true,"href":"https:\/\/3dvikingsstore.com\/de\/wp-json\/wp\/v2\/media\/18298"}],"wp:attachment":[{"href":"https:\/\/3dvikingsstore.com\/de\/wp-json\/wp\/v2\/media?parent=18294"}],"wp:term":[{"taxonomy":"product_cat","embeddable":true,"href":"https:\/\/3dvikingsstore.com\/de\/wp-json\/wp\/v2\/product_cat?post=18294"},{"taxonomy":"product_tag","embeddable":true,"href":"https:\/\/3dvikingsstore.com\/de\/wp-json\/wp\/v2\/product_tag?post=18294"}],"curies":[{"name":"wp","href":"https:\/\/api.w.org\/{rel}","templated":true}]}}