{"id":18265,"date":"2024-02-21T11:31:55","date_gmt":"2024-02-21T09:31:55","guid":{"rendered":"https:\/\/3dvikingsstore.com\/?post_type=product&#038;p=18265"},"modified":"2024-02-21T12:15:24","modified_gmt":"2024-02-21T10:15:24","slug":"orklager-set","status":"publish","type":"product","link":"https:\/\/3dvikingsstore.com\/de\/shop\/orklager-set\/","title":{"rendered":"Orklager-Set (4tlg.) | Verst\u00e4rkung f\u00fcr RPG &amp; Wargame Orklager | 28\/32mm"},"content":{"rendered":"<p data-sourcepos=\"9:1-9:51\"><strong>Schmiede ein unvergessliches Ork-Lager: Beeindruckendes 4-teiliges Miniatur-Gel\u00e4ndeset<\/strong><\/p>\n<p data-sourcepos=\"11:1-11:470\">Bringen Sie den ungez\u00e4hmten Geist der Orks auf Ihr Tabletop! Dieses 4-teilige Orklager-Set wurde sorgf\u00e4ltig f\u00fcr 28\/32 mm Wargames und RPGs entwickelt und verwandelt deine Schlachtfelder und Kampagnenkarten in d\u00fcstere Enklaven, die einer furchterregenden Horde w\u00fcrdig sind. Stellen Sie sich die Auseinandersetzungen vor der kampfersch\u00fctterten H\u00fctte vor, das Strategieren unter dem imposanten Banner oder Ihre gr\u00fcnh\u00e4utigen Helden, die sich am knisternden Lagerfeuer Geschichten erz\u00e4hlen&#8230; mit diesem unbemalten Set werden diese ikonischen Szenen lebendig und real.<\/p>\n<p data-sourcepos=\"13:1-13:23\"><strong>Was Ihre Kriegsbande bekommt:<\/strong><\/p>\n<ul data-sourcepos=\"15:1-15:56\">\n<li data-sourcepos=\"15:1-15:56\"><strong>Stabile orkische H\u00fctte:<\/strong> Keine fadenscheinigen H\u00fctten! Verwitterte Holztexturen und ein robustes Design machen diese H\u00fctte zum Mittelpunkt Ihrer Szenarien. Ob als letzte Verteidigungsstellung in einem Warhammer-Scharm\u00fctzel oder als schattiger Treffpunkt f\u00fcr einen D&amp;D-Schlachtzug, er sorgt f\u00fcr Dramatik.<\/li>\n<li data-sourcepos=\"16:1-16:259\"><strong>Banner der Macht:<\/strong> Pflanze es mit Stolz! Dieses detaillierte Banner ist nicht nur Dekoration. Wird es ein k\u00fcrzlich erobertes Gebiet markieren, als Sammelpunkt gegen Eindringlinge dienen oder sogar grob gemalte Drohungen gegen rivalisierende Clans tragen, je nach den Wendungen Ihrer Kampagne?<\/li>\n<li data-sourcepos=\"17:1-17:147\"><strong>Knisterndes Lagerfeuer:<\/strong> Das Herzst\u00fcck einer jeden Lagerszene. Es verleiht Ihrem Spieltisch einen Hauch von Realismus und ist ideal f\u00fcr die spannungsgeladene taktische Planung, die Unterhaltung der Truppen mit Heldengeschichten oder die bedrohliche Stille vor einem Hinterhalt&#8230;<\/li>\n<li data-sourcepos=\"18:1-19:0\"><strong>Rustikale Bank: <\/strong>Sie ist mehr als nur ein Akzent und bietet praktische Abwechslung. Stellen Sie sich m\u00fcde Orks vor, die sich darauf ausruhen, Gefangene, die daran gefesselt sind, oder sogar den &#8222;Thron&#8220; eines groben H\u00e4uptlings &#8211; er passt sich Ihrer Erz\u00e4hlung an.<\/li>\n<\/ul>\n<p data-sourcepos=\"20:1-20:254\"><strong>Unbemalt f\u00fcr den Geist deiner Horde:<\/strong> Dieses Set wird unbemalt geliefert und bietet unendlich viele M\u00f6glichkeiten, den einzigartigen Charakter deiner Ork-Truppe zu pr\u00e4sentieren. Werden sie stolz die Farben ihres Clans auf dem Banner tragen oder die H\u00fctte dem Wetter \u00fcberlassen und einen d\u00fcsteren Ton anschlagen?<\/p>\n","protected":false},"excerpt":{"rendered":"<p>Bringen Sie den ungez\u00e4hmten Geist der Orks auf Ihr Tabletop! Dieses 4-teilige Orklager-Set wurde sorgf\u00e4ltig f\u00fcr 28\/32 mm Wargames und RPGs entwickelt und verwandelt deine Schlachtfelder und Kampagnenkarten in d\u00fcstere Enklaven, die einer furchterregenden Horde w\u00fcrdig sind. Stellen Sie sich die Auseinandersetzungen vor der kampfersch\u00fctterten H\u00fctte vor, das Strategieren unter dem imposanten Banner oder Ihre gr\u00fcnh\u00e4utigen Helden, die sich am knisternden Lagerfeuer Geschichten erz\u00e4hlen&#8230; mit diesem unbemalten Set werden diese ikonischen Szenen lebendig und real.<\/p>\n","protected":false},"featured_media":18269,"comment_status":"open","ping_status":"closed","template":"","meta":[],"product_cat":[2694,2717],"product_tag":[],"yoast_head":"<!-- This site is optimized with the Yoast SEO Premium plugin v22.9 (Yoast SEO v22.9) - https:\/\/yoast.com\/wordpress\/plugins\/seo\/ -->\n<title>Ork-Lager-Set (4tlg.), Ork-Lager f\u00fcr Rollenspiele und Kriegsspiele verbessern<\/title>\n<meta name=\"description\" content=\"Baue deine Ork-Festung! 4 unbemalte Gel\u00e4ndest\u00fccke: Ork-H\u00fctte, Fahne, Lagerfeuer, Bank. Perfekt f\u00fcr D&amp;D, Warhammer und andere Tabletop-Spiele.\" \/>\n<meta name=\"robots\" content=\"index, follow, max-snippet:-1, max-image-preview:large, max-video-preview:-1\" \/>\n<link rel=\"canonical\" href=\"https:\/\/3dvikingsstore.com\/de\/shop\/orklager-set\/\" \/>\n<meta property=\"og:locale\" content=\"de_DE\" \/>\n<meta property=\"og:type\" content=\"article\" \/>\n<meta property=\"og:title\" content=\"Orklager-Set (4tlg.) | Verst\u00e4rkung f\u00fcr RPG &amp; Wargame Orklager | 28\/32mm\" \/>\n<meta property=\"og:description\" content=\"Baue deine Ork-Festung! 4 unbemalte Gel\u00e4ndest\u00fccke: Ork-H\u00fctte, Fahne, Lagerfeuer, Bank. Perfekt f\u00fcr D&amp;D, Warhammer und andere Tabletop-Spiele.\" \/>\n<meta property=\"og:url\" content=\"https:\/\/3dvikingsstore.com\/de\/shop\/orklager-set\/\" \/>\n<meta property=\"og:site_name\" content=\"3D Vikings Store\" \/>\n<meta property=\"article:modified_time\" content=\"2024-02-21T10:15:24+00:00\" \/>\n<meta property=\"og:image\" content=\"https:\/\/3dvikingsstore.com\/wp-content\/uploads\/2024\/02\/DSC_7238-1024x1024.png\" \/>\n\t<meta property=\"og:image:width\" content=\"1024\" \/>\n\t<meta property=\"og:image:height\" content=\"1024\" \/>\n\t<meta property=\"og:image:type\" content=\"image\/png\" \/>\n<meta name=\"twitter:card\" content=\"summary_large_image\" \/>\n<meta name=\"twitter:label1\" content=\"Gesch\u00e4tzte Lesezeit\" \/>\n\t<meta name=\"twitter:data1\" content=\"2\u00a0Minuten\" \/>\n<script type=\"application\/ld+json\" class=\"yoast-schema-graph\">{\"@context\":\"https:\/\/schema.org\",\"@graph\":[{\"@type\":[\"WebPage\",\"ItemPage\"],\"@id\":\"https:\/\/3dvikingsstore.com\/de\/shop\/orklager-set\/\",\"url\":\"https:\/\/3dvikingsstore.com\/de\/shop\/orklager-set\/\",\"name\":\"Ork-Lager-Set (4tlg.), Ork-Lager f\u00fcr Rollenspiele und Kriegsspiele verbessern\",\"isPartOf\":{\"@id\":\"https:\/\/3dvikingsstore.com\/de\/#website\"},\"primaryImageOfPage\":{\"@id\":\"https:\/\/3dvikingsstore.com\/de\/shop\/orklager-set\/#primaryimage\"},\"image\":{\"@id\":\"https:\/\/3dvikingsstore.com\/de\/shop\/orklager-set\/#primaryimage\"},\"thumbnailUrl\":\"https:\/\/3dvikingsstore.com\/wp-content\/uploads\/2024\/02\/DSC_7238.png\",\"datePublished\":\"2024-02-21T09:31:55+00:00\",\"dateModified\":\"2024-02-21T10:15:24+00:00\",\"description\":\"Baue deine Ork-Festung! 4 unbemalte Gel\u00e4ndest\u00fccke: Ork-H\u00fctte, Fahne, Lagerfeuer, Bank. Perfekt f\u00fcr D&D, Warhammer und andere Tabletop-Spiele.\",\"breadcrumb\":{\"@id\":\"https:\/\/3dvikingsstore.com\/de\/shop\/orklager-set\/#breadcrumb\"},\"inLanguage\":\"de\",\"potentialAction\":[{\"@type\":\"ReadAction\",\"target\":[\"https:\/\/3dvikingsstore.com\/de\/shop\/orklager-set\/\"]}]},{\"@type\":\"ImageObject\",\"inLanguage\":\"de\",\"@id\":\"https:\/\/3dvikingsstore.com\/de\/shop\/orklager-set\/#primaryimage\",\"url\":\"https:\/\/3dvikingsstore.com\/wp-content\/uploads\/2024\/02\/DSC_7238.png\",\"contentUrl\":\"https:\/\/3dvikingsstore.com\/wp-content\/uploads\/2024\/02\/DSC_7238.png\",\"width\":3376,\"height\":3376},{\"@type\":\"BreadcrumbList\",\"@id\":\"https:\/\/3dvikingsstore.com\/de\/shop\/orklager-set\/#breadcrumb\",\"itemListElement\":[{\"@type\":\"ListItem\",\"position\":1,\"name\":\"Home\",\"item\":\"https:\/\/3dvikingsstore.com\/de\/\"},{\"@type\":\"ListItem\",\"position\":2,\"name\":\"Gesch\u00e4ft\",\"item\":\"https:\/\/3dvikingsstore.com\/shop\/\"},{\"@type\":\"ListItem\",\"position\":3,\"name\":\"Orklager-Set (4tlg.) | Verst\u00e4rkung f\u00fcr RPG &amp; Wargame Orklager | 28\/32mm\"}]},{\"@type\":\"WebSite\",\"@id\":\"https:\/\/3dvikingsstore.com\/de\/#website\",\"url\":\"https:\/\/3dvikingsstore.com\/de\/\",\"name\":\"3D Vikings Store\",\"description\":\"Scenery and Accessories for Tabletop and Board Games\",\"publisher\":{\"@id\":\"https:\/\/3dvikingsstore.com\/de\/#organization\"},\"potentialAction\":[{\"@type\":\"SearchAction\",\"target\":{\"@type\":\"EntryPoint\",\"urlTemplate\":\"https:\/\/3dvikingsstore.com\/de\/?s={search_term_string}\"},\"query-input\":\"required name=search_term_string\"}],\"inLanguage\":\"de\"},{\"@type\":\"Organization\",\"@id\":\"https:\/\/3dvikingsstore.com\/de\/#organization\",\"name\":\"3D Vikings Store\",\"url\":\"https:\/\/3dvikingsstore.com\/de\/\",\"logo\":{\"@type\":\"ImageObject\",\"inLanguage\":\"de\",\"@id\":\"https:\/\/3dvikingsstore.com\/de\/#\/schema\/logo\/image\/\",\"url\":\"https:\/\/3dvikingsstore.com\/wp-content\/uploads\/2020\/03\/3dvikings-logo-karge-white.jpg\",\"contentUrl\":\"https:\/\/3dvikingsstore.com\/wp-content\/uploads\/2020\/03\/3dvikings-logo-karge-white.jpg\",\"width\":800,\"height\":800,\"caption\":\"3D Vikings Store\"},\"image\":{\"@id\":\"https:\/\/3dvikingsstore.com\/de\/#\/schema\/logo\/image\/\"}}]}<\/script>\n<!-- \/ Yoast SEO Premium plugin. -->","yoast_head_json":{"title":"Ork-Lager-Set (4tlg.), Ork-Lager f\u00fcr Rollenspiele und Kriegsspiele verbessern","description":"Baue deine Ork-Festung! 4 unbemalte Gel\u00e4ndest\u00fccke: Ork-H\u00fctte, Fahne, Lagerfeuer, Bank. Perfekt f\u00fcr D&D, Warhammer und andere Tabletop-Spiele.","robots":{"index":"index","follow":"follow","max-snippet":"max-snippet:-1","max-image-preview":"max-image-preview:large","max-video-preview":"max-video-preview:-1"},"canonical":"https:\/\/3dvikingsstore.com\/de\/shop\/orklager-set\/","og_locale":"de_DE","og_type":"article","og_title":"Orklager-Set (4tlg.) | Verst\u00e4rkung f\u00fcr RPG &amp; Wargame Orklager | 28\/32mm","og_description":"Baue deine Ork-Festung! 4 unbemalte Gel\u00e4ndest\u00fccke: Ork-H\u00fctte, Fahne, Lagerfeuer, Bank. Perfekt f\u00fcr D&D, Warhammer und andere Tabletop-Spiele.","og_url":"https:\/\/3dvikingsstore.com\/de\/shop\/orklager-set\/","og_site_name":"3D Vikings Store","article_modified_time":"2024-02-21T10:15:24+00:00","og_image":[{"width":1024,"height":1024,"url":"https:\/\/3dvikingsstore.com\/wp-content\/uploads\/2024\/02\/DSC_7238-1024x1024.png","type":"image\/png"}],"twitter_card":"summary_large_image","twitter_misc":{"Gesch\u00e4tzte Lesezeit":"2\u00a0Minuten"},"schema":{"@context":"https:\/\/schema.org","@graph":[{"@type":["WebPage","ItemPage"],"@id":"https:\/\/3dvikingsstore.com\/de\/shop\/orklager-set\/","url":"https:\/\/3dvikingsstore.com\/de\/shop\/orklager-set\/","name":"Ork-Lager-Set (4tlg.), Ork-Lager f\u00fcr Rollenspiele und Kriegsspiele verbessern","isPartOf":{"@id":"https:\/\/3dvikingsstore.com\/de\/#website"},"primaryImageOfPage":{"@id":"https:\/\/3dvikingsstore.com\/de\/shop\/orklager-set\/#primaryimage"},"image":{"@id":"https:\/\/3dvikingsstore.com\/de\/shop\/orklager-set\/#primaryimage"},"thumbnailUrl":"https:\/\/3dvikingsstore.com\/wp-content\/uploads\/2024\/02\/DSC_7238.png","datePublished":"2024-02-21T09:31:55+00:00","dateModified":"2024-02-21T10:15:24+00:00","description":"Baue deine Ork-Festung! 4 unbemalte Gel\u00e4ndest\u00fccke: Ork-H\u00fctte, Fahne, Lagerfeuer, Bank. Perfekt f\u00fcr D&D, Warhammer und andere Tabletop-Spiele.","breadcrumb":{"@id":"https:\/\/3dvikingsstore.com\/de\/shop\/orklager-set\/#breadcrumb"},"inLanguage":"de","potentialAction":[{"@type":"ReadAction","target":["https:\/\/3dvikingsstore.com\/de\/shop\/orklager-set\/"]}]},{"@type":"ImageObject","inLanguage":"de","@id":"https:\/\/3dvikingsstore.com\/de\/shop\/orklager-set\/#primaryimage","url":"https:\/\/3dvikingsstore.com\/wp-content\/uploads\/2024\/02\/DSC_7238.png","contentUrl":"https:\/\/3dvikingsstore.com\/wp-content\/uploads\/2024\/02\/DSC_7238.png","width":3376,"height":3376},{"@type":"BreadcrumbList","@id":"https:\/\/3dvikingsstore.com\/de\/shop\/orklager-set\/#breadcrumb","itemListElement":[{"@type":"ListItem","position":1,"name":"Home","item":"https:\/\/3dvikingsstore.com\/de\/"},{"@type":"ListItem","position":2,"name":"Gesch\u00e4ft","item":"https:\/\/3dvikingsstore.com\/shop\/"},{"@type":"ListItem","position":3,"name":"Orklager-Set (4tlg.) | Verst\u00e4rkung f\u00fcr RPG &amp; Wargame Orklager | 28\/32mm"}]},{"@type":"WebSite","@id":"https:\/\/3dvikingsstore.com\/de\/#website","url":"https:\/\/3dvikingsstore.com\/de\/","name":"3D Vikings Store","description":"Scenery and Accessories for Tabletop and Board Games","publisher":{"@id":"https:\/\/3dvikingsstore.com\/de\/#organization"},"potentialAction":[{"@type":"SearchAction","target":{"@type":"EntryPoint","urlTemplate":"https:\/\/3dvikingsstore.com\/de\/?s={search_term_string}"},"query-input":"required name=search_term_string"}],"inLanguage":"de"},{"@type":"Organization","@id":"https:\/\/3dvikingsstore.com\/de\/#organization","name":"3D Vikings Store","url":"https:\/\/3dvikingsstore.com\/de\/","logo":{"@type":"ImageObject","inLanguage":"de","@id":"https:\/\/3dvikingsstore.com\/de\/#\/schema\/logo\/image\/","url":"https:\/\/3dvikingsstore.com\/wp-content\/uploads\/2020\/03\/3dvikings-logo-karge-white.jpg","contentUrl":"https:\/\/3dvikingsstore.com\/wp-content\/uploads\/2020\/03\/3dvikings-logo-karge-white.jpg","width":800,"height":800,"caption":"3D Vikings Store"},"image":{"@id":"https:\/\/3dvikingsstore.com\/de\/#\/schema\/logo\/image\/"}}]}},"_links":{"self":[{"href":"https:\/\/3dvikingsstore.com\/de\/wp-json\/wp\/v2\/product\/18265"}],"collection":[{"href":"https:\/\/3dvikingsstore.com\/de\/wp-json\/wp\/v2\/product"}],"about":[{"href":"https:\/\/3dvikingsstore.com\/de\/wp-json\/wp\/v2\/types\/product"}],"replies":[{"embeddable":true,"href":"https:\/\/3dvikingsstore.com\/de\/wp-json\/wp\/v2\/comments?post=18265"}],"version-history":[{"count":2,"href":"https:\/\/3dvikingsstore.com\/de\/wp-json\/wp\/v2\/product\/18265\/revisions"}],"predecessor-version":[{"id":18278,"href":"https:\/\/3dvikingsstore.com\/de\/wp-json\/wp\/v2\/product\/18265\/revisions\/18278"}],"wp:featuredmedia":[{"embeddable":true,"href":"https:\/\/3dvikingsstore.com\/de\/wp-json\/wp\/v2\/media\/18269"}],"wp:attachment":[{"href":"https:\/\/3dvikingsstore.com\/de\/wp-json\/wp\/v2\/media?parent=18265"}],"wp:term":[{"taxonomy":"product_cat","embeddable":true,"href":"https:\/\/3dvikingsstore.com\/de\/wp-json\/wp\/v2\/product_cat?post=18265"},{"taxonomy":"product_tag","embeddable":true,"href":"https:\/\/3dvikingsstore.com\/de\/wp-json\/wp\/v2\/product_tag?post=18265"}],"curies":[{"name":"wp","href":"https:\/\/api.w.org\/{rel}","templated":true}]}}