{"id":18215,"date":"2020-03-01T02:58:22","date_gmt":"2020-03-01T00:58:22","guid":{"rendered":"https:\/\/3dvikingsstore.com\/shop\/sci-fi-gelaende-gepanzerte-faesser-set-im-28mm-massstab\/"},"modified":"2024-02-20T15:24:36","modified_gmt":"2024-02-20T13:24:36","slug":"sci-fi-gelaende-gepanzerte-faesser-set-im-28mm-massstab","status":"publish","type":"product","link":"https:\/\/3dvikingsstore.com\/de\/shop\/sci-fi-gelaende-gepanzerte-faesser-set-im-28mm-massstab\/","title":{"rendered":"Sci-Fi Gel\u00e4nde: Gepanzerte F\u00e4sser-Set im 28mm Ma\u00dfstab"},"content":{"rendered":"<p>Bereite dich auf ein immersives Spielerlebnis vor \u2013 mit dem Sci-Fi Gel\u00e4nde Gepanzerte F\u00e4sser-Set. Diese kunstvoll gefertigten F\u00e4sser eignen sich perfekt f\u00fcr Tabletop-Enthusiasten im 28-mm-Ma\u00dfstab und bieten sowohl eine funktionale Abdeckung als auch Aufbewahrungsl\u00f6sungen f\u00fcr Ihre Sci-Fi-Abenteuer.<\/p>\n<p>Mit einer H\u00f6he von 28 mm bietet jedes Fass erheblichen Schutz f\u00fcr Ihre Einheiten. Ihr schwer gepanzertes Geh\u00e4use sorgt daf\u00fcr, dass sie selbst den intensivsten Feuergefechten standhalten und Sie strategische Positionen auf dem Schlachtfeld halten k\u00f6nnen.<\/p>\n<p>Diese F\u00e4sser dienen nicht nur als hervorragende Deckung, sondern bieten auch ein einzigartiges Design, das Ihrer Spielumgebung mehr Tiefe verleiht.<\/p>\n<p><strong>Das Set enth\u00e4lt:<\/strong><\/p>\n<ul>\n<li>Ein Halter f\u00fcr sieben Kapseln<\/li>\n<li>Sieben Kapseln mit Deckeln<\/li>\n<\/ul>\n<p>In diesen Kapseln k\u00f6nnen lebenswichtige Vorr\u00e4te, Munition oder sogar seltsam leuchtende Fl\u00fcssigkeiten aufbewahrt werden, was Ihren Spielen einen Hauch von Realismus und Immersion verleiht. Die Deckel sorgen f\u00fcr einen sicheren Verschluss, so dass Ihre kostbare Ladung auch bei intensiven K\u00e4mpfen nicht auslaufen kann.<\/p>\n<p>Das mit Pr\u00e4zision und Liebe zum Detail gefertigte Armored Barrels Scatter Terrain Set besteht aus hochwertigen Materialien, die Langlebigkeit und Haltbarkeit versprechen. Jedes Fass ist so konzipiert, dass es sich nahtlos in Ihre Sci-Fi-Tabletop-Szenarien einf\u00fcgt und ein wahrhaft fesselndes Spielerlebnis bietet.<\/p>\n<p>Egal, ob du einen Hinterhalt planst, eine strategische Position verteidigst oder deinem Schlachtfeld einfach etwas Leben einhauchen willst \u2013 das Sci-Fi Gel\u00e4nde Gepanzerte F\u00e4sser-Set ist die perfekte Wahl. Verbessern Sie Ihre Spielabenteuer noch heute mit diesem au\u00dfergew\u00f6hnlichen Gel\u00e4ndest\u00fcck, das Sie in die fesselnde Welt der Sci-Fi-Brettspiele versetzt.<\/p>\n<p>&nbsp;<\/p>\n","protected":false},"excerpt":{"rendered":"<p>Ein einziger Lauf ist 28 mm hoch und bietet durch sein stark gepanzertes Geh\u00e4use eine hervorragende Deckung.<\/p>\n","protected":false},"featured_media":14369,"comment_status":"open","ping_status":"closed","template":"","meta":[],"product_cat":[2732,2717],"product_tag":[3088,2734,2733,2804,2807,3089,2803,2808,2752,2736,2805,2678,2735,2967],"yoast_head":"<!-- This site is optimized with the Yoast SEO Premium plugin v22.9 (Yoast SEO v22.9) - https:\/\/yoast.com\/wordpress\/plugins\/seo\/ -->\n<title>Sci-Fi Gel\u00e4nde: Gepanzerte F\u00e4sser-Set im 28mm Ma\u00dfstab<\/title>\n<meta name=\"robots\" content=\"index, follow, max-snippet:-1, max-image-preview:large, max-video-preview:-1\" \/>\n<link rel=\"canonical\" href=\"https:\/\/3dvikingsstore.com\/de\/shop\/sci-fi-gelaende-gepanzerte-faesser-set-im-28mm-massstab\/\" \/>\n<meta property=\"og:locale\" content=\"de_DE\" \/>\n<meta property=\"og:type\" content=\"article\" \/>\n<meta property=\"og:title\" content=\"Sci-Fi Gel\u00e4nde: Gepanzerte F\u00e4sser-Set im 28mm Ma\u00dfstab\" \/>\n<meta property=\"og:description\" content=\"Ein einziger Lauf ist 28 mm hoch und bietet durch sein stark gepanzertes Geh\u00e4use eine hervorragende Deckung.\" \/>\n<meta property=\"og:url\" content=\"https:\/\/3dvikingsstore.com\/de\/shop\/sci-fi-gelaende-gepanzerte-faesser-set-im-28mm-massstab\/\" \/>\n<meta property=\"og:site_name\" content=\"3D Vikings Store\" \/>\n<meta property=\"article:modified_time\" content=\"2024-02-20T13:24:36+00:00\" \/>\n<meta property=\"og:image\" content=\"https:\/\/3dvikingsstore.com\/wp-content\/uploads\/2020\/03\/il_1588xN.1983658527_a6b6.jpg\" \/>\n\t<meta property=\"og:image:width\" content=\"1588\" \/>\n\t<meta property=\"og:image:height\" content=\"1190\" \/>\n\t<meta property=\"og:image:type\" content=\"image\/jpeg\" \/>\n<meta name=\"twitter:card\" content=\"summary_large_image\" \/>\n<meta name=\"twitter:label1\" content=\"Gesch\u00e4tzte Lesezeit\" \/>\n\t<meta name=\"twitter:data1\" content=\"1\u00a0Minute\" \/>\n<script type=\"application\/ld+json\" class=\"yoast-schema-graph\">{\"@context\":\"https:\/\/schema.org\",\"@graph\":[{\"@type\":[\"WebPage\",\"ItemPage\"],\"@id\":\"https:\/\/3dvikingsstore.com\/de\/shop\/sci-fi-gelaende-gepanzerte-faesser-set-im-28mm-massstab\/\",\"url\":\"https:\/\/3dvikingsstore.com\/de\/shop\/sci-fi-gelaende-gepanzerte-faesser-set-im-28mm-massstab\/\",\"name\":\"Sci-Fi Gel\u00e4nde: Gepanzerte F\u00e4sser-Set im 28mm Ma\u00dfstab\",\"isPartOf\":{\"@id\":\"https:\/\/3dvikingsstore.com\/de\/#website\"},\"primaryImageOfPage\":{\"@id\":\"https:\/\/3dvikingsstore.com\/de\/shop\/sci-fi-gelaende-gepanzerte-faesser-set-im-28mm-massstab\/#primaryimage\"},\"image\":{\"@id\":\"https:\/\/3dvikingsstore.com\/de\/shop\/sci-fi-gelaende-gepanzerte-faesser-set-im-28mm-massstab\/#primaryimage\"},\"thumbnailUrl\":\"https:\/\/3dvikingsstore.com\/wp-content\/uploads\/2020\/03\/il_1588xN.1983658527_a6b6.jpg\",\"datePublished\":\"2020-03-01T00:58:22+00:00\",\"dateModified\":\"2024-02-20T13:24:36+00:00\",\"breadcrumb\":{\"@id\":\"https:\/\/3dvikingsstore.com\/de\/shop\/sci-fi-gelaende-gepanzerte-faesser-set-im-28mm-massstab\/#breadcrumb\"},\"inLanguage\":\"de\",\"potentialAction\":[{\"@type\":\"ReadAction\",\"target\":[\"https:\/\/3dvikingsstore.com\/de\/shop\/sci-fi-gelaende-gepanzerte-faesser-set-im-28mm-massstab\/\"]}]},{\"@type\":\"ImageObject\",\"inLanguage\":\"de\",\"@id\":\"https:\/\/3dvikingsstore.com\/de\/shop\/sci-fi-gelaende-gepanzerte-faesser-set-im-28mm-massstab\/#primaryimage\",\"url\":\"https:\/\/3dvikingsstore.com\/wp-content\/uploads\/2020\/03\/il_1588xN.1983658527_a6b6.jpg\",\"contentUrl\":\"https:\/\/3dvikingsstore.com\/wp-content\/uploads\/2020\/03\/il_1588xN.1983658527_a6b6.jpg\",\"width\":1588,\"height\":1190},{\"@type\":\"BreadcrumbList\",\"@id\":\"https:\/\/3dvikingsstore.com\/de\/shop\/sci-fi-gelaende-gepanzerte-faesser-set-im-28mm-massstab\/#breadcrumb\",\"itemListElement\":[{\"@type\":\"ListItem\",\"position\":1,\"name\":\"Home\",\"item\":\"https:\/\/3dvikingsstore.com\/de\/\"},{\"@type\":\"ListItem\",\"position\":2,\"name\":\"Gesch\u00e4ft\",\"item\":\"https:\/\/3dvikingsstore.com\/shop\/\"},{\"@type\":\"ListItem\",\"position\":3,\"name\":\"Sci-Fi Gel\u00e4nde: Gepanzerte F\u00e4sser-Set im 28mm Ma\u00dfstab\"}]},{\"@type\":\"WebSite\",\"@id\":\"https:\/\/3dvikingsstore.com\/de\/#website\",\"url\":\"https:\/\/3dvikingsstore.com\/de\/\",\"name\":\"3D Vikings Store\",\"description\":\"Scenery and Accessories for Tabletop and Board Games\",\"publisher\":{\"@id\":\"https:\/\/3dvikingsstore.com\/de\/#organization\"},\"potentialAction\":[{\"@type\":\"SearchAction\",\"target\":{\"@type\":\"EntryPoint\",\"urlTemplate\":\"https:\/\/3dvikingsstore.com\/de\/?s={search_term_string}\"},\"query-input\":\"required name=search_term_string\"}],\"inLanguage\":\"de\"},{\"@type\":\"Organization\",\"@id\":\"https:\/\/3dvikingsstore.com\/de\/#organization\",\"name\":\"3D Vikings Store\",\"url\":\"https:\/\/3dvikingsstore.com\/de\/\",\"logo\":{\"@type\":\"ImageObject\",\"inLanguage\":\"de\",\"@id\":\"https:\/\/3dvikingsstore.com\/de\/#\/schema\/logo\/image\/\",\"url\":\"https:\/\/3dvikingsstore.com\/wp-content\/uploads\/2020\/03\/3dvikings-logo-karge-white.jpg\",\"contentUrl\":\"https:\/\/3dvikingsstore.com\/wp-content\/uploads\/2020\/03\/3dvikings-logo-karge-white.jpg\",\"width\":800,\"height\":800,\"caption\":\"3D Vikings Store\"},\"image\":{\"@id\":\"https:\/\/3dvikingsstore.com\/de\/#\/schema\/logo\/image\/\"}}]}<\/script>\n<!-- \/ Yoast SEO Premium plugin. -->","yoast_head_json":{"title":"Sci-Fi Gel\u00e4nde: Gepanzerte F\u00e4sser-Set im 28mm Ma\u00dfstab","robots":{"index":"index","follow":"follow","max-snippet":"max-snippet:-1","max-image-preview":"max-image-preview:large","max-video-preview":"max-video-preview:-1"},"canonical":"https:\/\/3dvikingsstore.com\/de\/shop\/sci-fi-gelaende-gepanzerte-faesser-set-im-28mm-massstab\/","og_locale":"de_DE","og_type":"article","og_title":"Sci-Fi Gel\u00e4nde: Gepanzerte F\u00e4sser-Set im 28mm Ma\u00dfstab","og_description":"Ein einziger Lauf ist 28 mm hoch und bietet durch sein stark gepanzertes Geh\u00e4use eine hervorragende Deckung.","og_url":"https:\/\/3dvikingsstore.com\/de\/shop\/sci-fi-gelaende-gepanzerte-faesser-set-im-28mm-massstab\/","og_site_name":"3D Vikings Store","article_modified_time":"2024-02-20T13:24:36+00:00","og_image":[{"width":1588,"height":1190,"url":"https:\/\/3dvikingsstore.com\/wp-content\/uploads\/2020\/03\/il_1588xN.1983658527_a6b6.jpg","type":"image\/jpeg"}],"twitter_card":"summary_large_image","twitter_misc":{"Gesch\u00e4tzte Lesezeit":"1\u00a0Minute"},"schema":{"@context":"https:\/\/schema.org","@graph":[{"@type":["WebPage","ItemPage"],"@id":"https:\/\/3dvikingsstore.com\/de\/shop\/sci-fi-gelaende-gepanzerte-faesser-set-im-28mm-massstab\/","url":"https:\/\/3dvikingsstore.com\/de\/shop\/sci-fi-gelaende-gepanzerte-faesser-set-im-28mm-massstab\/","name":"Sci-Fi Gel\u00e4nde: Gepanzerte F\u00e4sser-Set im 28mm Ma\u00dfstab","isPartOf":{"@id":"https:\/\/3dvikingsstore.com\/de\/#website"},"primaryImageOfPage":{"@id":"https:\/\/3dvikingsstore.com\/de\/shop\/sci-fi-gelaende-gepanzerte-faesser-set-im-28mm-massstab\/#primaryimage"},"image":{"@id":"https:\/\/3dvikingsstore.com\/de\/shop\/sci-fi-gelaende-gepanzerte-faesser-set-im-28mm-massstab\/#primaryimage"},"thumbnailUrl":"https:\/\/3dvikingsstore.com\/wp-content\/uploads\/2020\/03\/il_1588xN.1983658527_a6b6.jpg","datePublished":"2020-03-01T00:58:22+00:00","dateModified":"2024-02-20T13:24:36+00:00","breadcrumb":{"@id":"https:\/\/3dvikingsstore.com\/de\/shop\/sci-fi-gelaende-gepanzerte-faesser-set-im-28mm-massstab\/#breadcrumb"},"inLanguage":"de","potentialAction":[{"@type":"ReadAction","target":["https:\/\/3dvikingsstore.com\/de\/shop\/sci-fi-gelaende-gepanzerte-faesser-set-im-28mm-massstab\/"]}]},{"@type":"ImageObject","inLanguage":"de","@id":"https:\/\/3dvikingsstore.com\/de\/shop\/sci-fi-gelaende-gepanzerte-faesser-set-im-28mm-massstab\/#primaryimage","url":"https:\/\/3dvikingsstore.com\/wp-content\/uploads\/2020\/03\/il_1588xN.1983658527_a6b6.jpg","contentUrl":"https:\/\/3dvikingsstore.com\/wp-content\/uploads\/2020\/03\/il_1588xN.1983658527_a6b6.jpg","width":1588,"height":1190},{"@type":"BreadcrumbList","@id":"https:\/\/3dvikingsstore.com\/de\/shop\/sci-fi-gelaende-gepanzerte-faesser-set-im-28mm-massstab\/#breadcrumb","itemListElement":[{"@type":"ListItem","position":1,"name":"Home","item":"https:\/\/3dvikingsstore.com\/de\/"},{"@type":"ListItem","position":2,"name":"Gesch\u00e4ft","item":"https:\/\/3dvikingsstore.com\/shop\/"},{"@type":"ListItem","position":3,"name":"Sci-Fi Gel\u00e4nde: Gepanzerte F\u00e4sser-Set im 28mm Ma\u00dfstab"}]},{"@type":"WebSite","@id":"https:\/\/3dvikingsstore.com\/de\/#website","url":"https:\/\/3dvikingsstore.com\/de\/","name":"3D Vikings Store","description":"Scenery and Accessories for Tabletop and Board Games","publisher":{"@id":"https:\/\/3dvikingsstore.com\/de\/#organization"},"potentialAction":[{"@type":"SearchAction","target":{"@type":"EntryPoint","urlTemplate":"https:\/\/3dvikingsstore.com\/de\/?s={search_term_string}"},"query-input":"required name=search_term_string"}],"inLanguage":"de"},{"@type":"Organization","@id":"https:\/\/3dvikingsstore.com\/de\/#organization","name":"3D Vikings Store","url":"https:\/\/3dvikingsstore.com\/de\/","logo":{"@type":"ImageObject","inLanguage":"de","@id":"https:\/\/3dvikingsstore.com\/de\/#\/schema\/logo\/image\/","url":"https:\/\/3dvikingsstore.com\/wp-content\/uploads\/2020\/03\/3dvikings-logo-karge-white.jpg","contentUrl":"https:\/\/3dvikingsstore.com\/wp-content\/uploads\/2020\/03\/3dvikings-logo-karge-white.jpg","width":800,"height":800,"caption":"3D Vikings Store"},"image":{"@id":"https:\/\/3dvikingsstore.com\/de\/#\/schema\/logo\/image\/"}}]}},"_links":{"self":[{"href":"https:\/\/3dvikingsstore.com\/de\/wp-json\/wp\/v2\/product\/18215"}],"collection":[{"href":"https:\/\/3dvikingsstore.com\/de\/wp-json\/wp\/v2\/product"}],"about":[{"href":"https:\/\/3dvikingsstore.com\/de\/wp-json\/wp\/v2\/types\/product"}],"replies":[{"embeddable":true,"href":"https:\/\/3dvikingsstore.com\/de\/wp-json\/wp\/v2\/comments?post=18215"}],"version-history":[{"count":1,"href":"https:\/\/3dvikingsstore.com\/de\/wp-json\/wp\/v2\/product\/18215\/revisions"}],"predecessor-version":[{"id":18216,"href":"https:\/\/3dvikingsstore.com\/de\/wp-json\/wp\/v2\/product\/18215\/revisions\/18216"}],"wp:featuredmedia":[{"embeddable":true,"href":"https:\/\/3dvikingsstore.com\/de\/wp-json\/wp\/v2\/media\/14369"}],"wp:attachment":[{"href":"https:\/\/3dvikingsstore.com\/de\/wp-json\/wp\/v2\/media?parent=18215"}],"wp:term":[{"taxonomy":"product_cat","embeddable":true,"href":"https:\/\/3dvikingsstore.com\/de\/wp-json\/wp\/v2\/product_cat?post=18215"},{"taxonomy":"product_tag","embeddable":true,"href":"https:\/\/3dvikingsstore.com\/de\/wp-json\/wp\/v2\/product_tag?post=18215"}],"curies":[{"name":"wp","href":"https:\/\/api.w.org\/{rel}","templated":true}]}}