{"id":18193,"date":"2020-03-01T02:58:30","date_gmt":"2020-03-01T00:58:30","guid":{"rendered":"https:\/\/3dvikingsstore.com\/shop\/wrackteile-eines-massive-modular-gothic-raumschiffwracks-im-28mm-massstab\/"},"modified":"2020-03-01T02:58:30","modified_gmt":"2020-03-01T00:58:30","slug":"wrackteile-eines-massive-modular-gothic-raumschiffwracks-im-28mm-massstab","status":"publish","type":"product","link":"https:\/\/3dvikingsstore.com\/de\/shop\/wrackteile-eines-massive-modular-gothic-raumschiffwracks-im-28mm-massstab\/","title":{"rendered":"Wrackteile eines Massive Modular Gothic Raumschiffwracks im 28mm Ma\u00dfstab"},"content":{"rendered":"<p>Dieses Set enth\u00e4lt zwei Wrackteile aus der Serie der gotischen Raumschiffwracks. Eines mit Schie\u00dfscharte und ein anderes mit einer Nische f\u00fcr ein dekoratives Symbol (3 verschiedene Symbole sind enthalten, au\u00dferdem 5 kleinere f\u00fcr die Schie\u00dfscharte).<\/p>\n<p>Alle Teile der Gothic-Wrack-Raumschiffserie sind miteinander kompatibel, d. h. Sie k\u00f6nnen sie nach Belieben miteinander kombinieren.<\/p>\n<p>Er wird unbemalt geliefert.<\/p>\n<p>Es wird mit PLA gedruckt, einem der umweltfreundlichsten Filamente, die es derzeit auf dem Markt gibt. PLA wird aus Pflanzen wie Mais und Zuckerrohr gewonnen, ist erneuerbar und vor allem biologisch abbaubar und ungiftig. Die damit bedruckten Gegenst\u00e4nde sind haltbar und stabil.<\/p>\n","protected":false},"excerpt":{"rendered":"<p>Dieses Set enth\u00e4lt zwei Wrackteile aus der Serie der gotischen Raumschiffwracks. Eines mit Schie\u00dfscharte und ein anderes mit einer Nische f\u00fcr ein dekoratives Symbol (3 verschiedene Symbole sind enthalten, au\u00dferdem 5 kleinere f\u00fcr die Schie\u00dfscharte).<\/p>\n","protected":false},"featured_media":14547,"comment_status":"open","ping_status":"closed","template":"","meta":[],"product_cat":[2732,2717],"product_tag":[2734,2733,2740,2738,2741,2739,2737,2744,2742,2736,2678,2735,2967,2743],"yoast_head":"<!-- This site is optimized with the Yoast SEO Premium plugin v22.9 (Yoast SEO v22.9) - https:\/\/yoast.com\/wordpress\/plugins\/seo\/ -->\n<title>Wrackteile eines Massive Modular Gothic Raumschiffwracks im 28mm Ma\u00dfstab<\/title>\n<meta name=\"robots\" content=\"index, follow, max-snippet:-1, max-image-preview:large, max-video-preview:-1\" \/>\n<link rel=\"canonical\" href=\"https:\/\/3dvikingsstore.com\/de\/shop\/wrackteile-eines-massive-modular-gothic-raumschiffwracks-im-28mm-massstab\/\" \/>\n<meta property=\"og:locale\" content=\"de_DE\" \/>\n<meta property=\"og:type\" content=\"article\" \/>\n<meta property=\"og:title\" content=\"Wrackteile eines Massive Modular Gothic Raumschiffwracks im 28mm Ma\u00dfstab\" \/>\n<meta property=\"og:description\" content=\"Dieses Set enth\u00e4lt zwei Wrackteile aus der Serie der gotischen Raumschiffwracks. Eines mit Schie\u00dfscharte und ein anderes mit einer Nische f\u00fcr ein dekoratives Symbol (3 verschiedene Symbole sind enthalten, au\u00dferdem 5 kleinere f\u00fcr die Schie\u00dfscharte).\" \/>\n<meta property=\"og:url\" content=\"https:\/\/3dvikingsstore.com\/de\/shop\/wrackteile-eines-massive-modular-gothic-raumschiffwracks-im-28mm-massstab\/\" \/>\n<meta property=\"og:site_name\" content=\"3D Vikings Store\" \/>\n<meta property=\"og:image\" content=\"https:\/\/3dvikingsstore.com\/wp-content\/uploads\/2020\/03\/il_794xN.1932153270_ej20.jpg\" \/>\n\t<meta property=\"og:image:width\" content=\"794\" \/>\n\t<meta property=\"og:image:height\" content=\"564\" \/>\n\t<meta property=\"og:image:type\" content=\"image\/jpeg\" \/>\n<meta name=\"twitter:card\" content=\"summary_large_image\" \/>\n<meta name=\"twitter:label1\" content=\"Gesch\u00e4tzte Lesezeit\" \/>\n\t<meta name=\"twitter:data1\" content=\"1\u00a0Minute\" \/>\n<script type=\"application\/ld+json\" class=\"yoast-schema-graph\">{\"@context\":\"https:\/\/schema.org\",\"@graph\":[{\"@type\":[\"WebPage\",\"ItemPage\"],\"@id\":\"https:\/\/3dvikingsstore.com\/de\/shop\/wrackteile-eines-massive-modular-gothic-raumschiffwracks-im-28mm-massstab\/\",\"url\":\"https:\/\/3dvikingsstore.com\/de\/shop\/wrackteile-eines-massive-modular-gothic-raumschiffwracks-im-28mm-massstab\/\",\"name\":\"Wrackteile eines Massive Modular Gothic Raumschiffwracks im 28mm Ma\u00dfstab\",\"isPartOf\":{\"@id\":\"https:\/\/3dvikingsstore.com\/de\/#website\"},\"primaryImageOfPage\":{\"@id\":\"https:\/\/3dvikingsstore.com\/de\/shop\/wrackteile-eines-massive-modular-gothic-raumschiffwracks-im-28mm-massstab\/#primaryimage\"},\"image\":{\"@id\":\"https:\/\/3dvikingsstore.com\/de\/shop\/wrackteile-eines-massive-modular-gothic-raumschiffwracks-im-28mm-massstab\/#primaryimage\"},\"thumbnailUrl\":\"https:\/\/3dvikingsstore.com\/wp-content\/uploads\/2020\/03\/il_794xN.1932153270_ej20.jpg\",\"datePublished\":\"2020-03-01T00:58:30+00:00\",\"dateModified\":\"2020-03-01T00:58:30+00:00\",\"breadcrumb\":{\"@id\":\"https:\/\/3dvikingsstore.com\/de\/shop\/wrackteile-eines-massive-modular-gothic-raumschiffwracks-im-28mm-massstab\/#breadcrumb\"},\"inLanguage\":\"de\",\"potentialAction\":[{\"@type\":\"ReadAction\",\"target\":[\"https:\/\/3dvikingsstore.com\/de\/shop\/wrackteile-eines-massive-modular-gothic-raumschiffwracks-im-28mm-massstab\/\"]}]},{\"@type\":\"ImageObject\",\"inLanguage\":\"de\",\"@id\":\"https:\/\/3dvikingsstore.com\/de\/shop\/wrackteile-eines-massive-modular-gothic-raumschiffwracks-im-28mm-massstab\/#primaryimage\",\"url\":\"https:\/\/3dvikingsstore.com\/wp-content\/uploads\/2020\/03\/il_794xN.1932153270_ej20.jpg\",\"contentUrl\":\"https:\/\/3dvikingsstore.com\/wp-content\/uploads\/2020\/03\/il_794xN.1932153270_ej20.jpg\",\"width\":794,\"height\":564},{\"@type\":\"BreadcrumbList\",\"@id\":\"https:\/\/3dvikingsstore.com\/de\/shop\/wrackteile-eines-massive-modular-gothic-raumschiffwracks-im-28mm-massstab\/#breadcrumb\",\"itemListElement\":[{\"@type\":\"ListItem\",\"position\":1,\"name\":\"Home\",\"item\":\"https:\/\/3dvikingsstore.com\/de\/\"},{\"@type\":\"ListItem\",\"position\":2,\"name\":\"Gesch\u00e4ft\",\"item\":\"https:\/\/3dvikingsstore.com\/shop\/\"},{\"@type\":\"ListItem\",\"position\":3,\"name\":\"Wrackteile eines Massive Modular Gothic Raumschiffwracks im 28mm Ma\u00dfstab\"}]},{\"@type\":\"WebSite\",\"@id\":\"https:\/\/3dvikingsstore.com\/de\/#website\",\"url\":\"https:\/\/3dvikingsstore.com\/de\/\",\"name\":\"3D Vikings Store\",\"description\":\"Scenery and Accessories for Tabletop and Board Games\",\"publisher\":{\"@id\":\"https:\/\/3dvikingsstore.com\/de\/#organization\"},\"potentialAction\":[{\"@type\":\"SearchAction\",\"target\":{\"@type\":\"EntryPoint\",\"urlTemplate\":\"https:\/\/3dvikingsstore.com\/de\/?s={search_term_string}\"},\"query-input\":\"required name=search_term_string\"}],\"inLanguage\":\"de\"},{\"@type\":\"Organization\",\"@id\":\"https:\/\/3dvikingsstore.com\/de\/#organization\",\"name\":\"3D Vikings Store\",\"url\":\"https:\/\/3dvikingsstore.com\/de\/\",\"logo\":{\"@type\":\"ImageObject\",\"inLanguage\":\"de\",\"@id\":\"https:\/\/3dvikingsstore.com\/de\/#\/schema\/logo\/image\/\",\"url\":\"https:\/\/3dvikingsstore.com\/wp-content\/uploads\/2020\/03\/3dvikings-logo-karge-white.jpg\",\"contentUrl\":\"https:\/\/3dvikingsstore.com\/wp-content\/uploads\/2020\/03\/3dvikings-logo-karge-white.jpg\",\"width\":800,\"height\":800,\"caption\":\"3D Vikings Store\"},\"image\":{\"@id\":\"https:\/\/3dvikingsstore.com\/de\/#\/schema\/logo\/image\/\"}}]}<\/script>\n<!-- \/ Yoast SEO Premium plugin. -->","yoast_head_json":{"title":"Wrackteile eines Massive Modular Gothic Raumschiffwracks im 28mm Ma\u00dfstab","robots":{"index":"index","follow":"follow","max-snippet":"max-snippet:-1","max-image-preview":"max-image-preview:large","max-video-preview":"max-video-preview:-1"},"canonical":"https:\/\/3dvikingsstore.com\/de\/shop\/wrackteile-eines-massive-modular-gothic-raumschiffwracks-im-28mm-massstab\/","og_locale":"de_DE","og_type":"article","og_title":"Wrackteile eines Massive Modular Gothic Raumschiffwracks im 28mm Ma\u00dfstab","og_description":"Dieses Set enth\u00e4lt zwei Wrackteile aus der Serie der gotischen Raumschiffwracks. Eines mit Schie\u00dfscharte und ein anderes mit einer Nische f\u00fcr ein dekoratives Symbol (3 verschiedene Symbole sind enthalten, au\u00dferdem 5 kleinere f\u00fcr die Schie\u00dfscharte).","og_url":"https:\/\/3dvikingsstore.com\/de\/shop\/wrackteile-eines-massive-modular-gothic-raumschiffwracks-im-28mm-massstab\/","og_site_name":"3D Vikings Store","og_image":[{"width":794,"height":564,"url":"https:\/\/3dvikingsstore.com\/wp-content\/uploads\/2020\/03\/il_794xN.1932153270_ej20.jpg","type":"image\/jpeg"}],"twitter_card":"summary_large_image","twitter_misc":{"Gesch\u00e4tzte Lesezeit":"1\u00a0Minute"},"schema":{"@context":"https:\/\/schema.org","@graph":[{"@type":["WebPage","ItemPage"],"@id":"https:\/\/3dvikingsstore.com\/de\/shop\/wrackteile-eines-massive-modular-gothic-raumschiffwracks-im-28mm-massstab\/","url":"https:\/\/3dvikingsstore.com\/de\/shop\/wrackteile-eines-massive-modular-gothic-raumschiffwracks-im-28mm-massstab\/","name":"Wrackteile eines Massive Modular Gothic Raumschiffwracks im 28mm Ma\u00dfstab","isPartOf":{"@id":"https:\/\/3dvikingsstore.com\/de\/#website"},"primaryImageOfPage":{"@id":"https:\/\/3dvikingsstore.com\/de\/shop\/wrackteile-eines-massive-modular-gothic-raumschiffwracks-im-28mm-massstab\/#primaryimage"},"image":{"@id":"https:\/\/3dvikingsstore.com\/de\/shop\/wrackteile-eines-massive-modular-gothic-raumschiffwracks-im-28mm-massstab\/#primaryimage"},"thumbnailUrl":"https:\/\/3dvikingsstore.com\/wp-content\/uploads\/2020\/03\/il_794xN.1932153270_ej20.jpg","datePublished":"2020-03-01T00:58:30+00:00","dateModified":"2020-03-01T00:58:30+00:00","breadcrumb":{"@id":"https:\/\/3dvikingsstore.com\/de\/shop\/wrackteile-eines-massive-modular-gothic-raumschiffwracks-im-28mm-massstab\/#breadcrumb"},"inLanguage":"de","potentialAction":[{"@type":"ReadAction","target":["https:\/\/3dvikingsstore.com\/de\/shop\/wrackteile-eines-massive-modular-gothic-raumschiffwracks-im-28mm-massstab\/"]}]},{"@type":"ImageObject","inLanguage":"de","@id":"https:\/\/3dvikingsstore.com\/de\/shop\/wrackteile-eines-massive-modular-gothic-raumschiffwracks-im-28mm-massstab\/#primaryimage","url":"https:\/\/3dvikingsstore.com\/wp-content\/uploads\/2020\/03\/il_794xN.1932153270_ej20.jpg","contentUrl":"https:\/\/3dvikingsstore.com\/wp-content\/uploads\/2020\/03\/il_794xN.1932153270_ej20.jpg","width":794,"height":564},{"@type":"BreadcrumbList","@id":"https:\/\/3dvikingsstore.com\/de\/shop\/wrackteile-eines-massive-modular-gothic-raumschiffwracks-im-28mm-massstab\/#breadcrumb","itemListElement":[{"@type":"ListItem","position":1,"name":"Home","item":"https:\/\/3dvikingsstore.com\/de\/"},{"@type":"ListItem","position":2,"name":"Gesch\u00e4ft","item":"https:\/\/3dvikingsstore.com\/shop\/"},{"@type":"ListItem","position":3,"name":"Wrackteile eines Massive Modular Gothic Raumschiffwracks im 28mm Ma\u00dfstab"}]},{"@type":"WebSite","@id":"https:\/\/3dvikingsstore.com\/de\/#website","url":"https:\/\/3dvikingsstore.com\/de\/","name":"3D Vikings Store","description":"Scenery and Accessories for Tabletop and Board Games","publisher":{"@id":"https:\/\/3dvikingsstore.com\/de\/#organization"},"potentialAction":[{"@type":"SearchAction","target":{"@type":"EntryPoint","urlTemplate":"https:\/\/3dvikingsstore.com\/de\/?s={search_term_string}"},"query-input":"required name=search_term_string"}],"inLanguage":"de"},{"@type":"Organization","@id":"https:\/\/3dvikingsstore.com\/de\/#organization","name":"3D Vikings Store","url":"https:\/\/3dvikingsstore.com\/de\/","logo":{"@type":"ImageObject","inLanguage":"de","@id":"https:\/\/3dvikingsstore.com\/de\/#\/schema\/logo\/image\/","url":"https:\/\/3dvikingsstore.com\/wp-content\/uploads\/2020\/03\/3dvikings-logo-karge-white.jpg","contentUrl":"https:\/\/3dvikingsstore.com\/wp-content\/uploads\/2020\/03\/3dvikings-logo-karge-white.jpg","width":800,"height":800,"caption":"3D Vikings Store"},"image":{"@id":"https:\/\/3dvikingsstore.com\/de\/#\/schema\/logo\/image\/"}}]}},"_links":{"self":[{"href":"https:\/\/3dvikingsstore.com\/de\/wp-json\/wp\/v2\/product\/18193"}],"collection":[{"href":"https:\/\/3dvikingsstore.com\/de\/wp-json\/wp\/v2\/product"}],"about":[{"href":"https:\/\/3dvikingsstore.com\/de\/wp-json\/wp\/v2\/types\/product"}],"replies":[{"embeddable":true,"href":"https:\/\/3dvikingsstore.com\/de\/wp-json\/wp\/v2\/comments?post=18193"}],"version-history":[{"count":0,"href":"https:\/\/3dvikingsstore.com\/de\/wp-json\/wp\/v2\/product\/18193\/revisions"}],"wp:featuredmedia":[{"embeddable":true,"href":"https:\/\/3dvikingsstore.com\/de\/wp-json\/wp\/v2\/media\/14547"}],"wp:attachment":[{"href":"https:\/\/3dvikingsstore.com\/de\/wp-json\/wp\/v2\/media?parent=18193"}],"wp:term":[{"taxonomy":"product_cat","embeddable":true,"href":"https:\/\/3dvikingsstore.com\/de\/wp-json\/wp\/v2\/product_cat?post=18193"},{"taxonomy":"product_tag","embeddable":true,"href":"https:\/\/3dvikingsstore.com\/de\/wp-json\/wp\/v2\/product_tag?post=18193"}],"curies":[{"name":"wp","href":"https:\/\/api.w.org\/{rel}","templated":true}]}}