{"id":18121,"date":"2024-02-18T15:35:07","date_gmt":"2024-02-18T13:35:07","guid":{"rendered":"https:\/\/3dvikingsstore.com\/?post_type=product&#038;p=18121"},"modified":"2024-02-18T15:48:05","modified_gmt":"2024-02-18T13:48:05","slug":"zauberwald-gelaende-28mm","status":"publish","type":"product","link":"https:\/\/3dvikingsstore.com\/de\/shop\/zauberwald-gelaende-28mm\/","title":{"rendered":"Verzauberndes Zauberwald-Gel\u00e4nde f\u00fcr immersive Tabletop-Rollenspiele"},"content":{"rendered":"<p>Treten Sie ein in ein Reich der Verzauberung mit dem 4-teiligen Magical Forest Terrain Set. Diese mystische Sammlung wurde sorgf\u00e4ltig zusammengestellt, um Sie in ein fesselndes Spielerlebnis einzutauchen.<\/p>\n<p><strong>Die Mystik der Natur:<\/strong><\/p>\n<p>Das Set besteht aus vier \u00e4therischen Teilen, die Ihren Tisch in eine magische Oase verwandeln werden. Dazu geh\u00f6ren drei bezaubernde B\u00e4ume, jeder mit komplizierten Schnitzereien und einzigartigen Mustern, und eine faszinierende Felswand, die von den Wurzeln eines hoch aufragenden Baumes umarmt wird.<\/p>\n<p><strong>Perfekter Ma\u00dfstab und Kompatibilit\u00e4t:<\/strong><\/p>\n<p>Das Magical Forest Terrain wurde f\u00fcr ein optimales Gameplay in 28\/32mm Tabletop-Rollenspielen entwickelt und gew\u00e4hrleistet Kompatibilit\u00e4t mit einer Vielzahl von Spielen. Ob Dungeons &amp; Dragons, Pathfinder oder ein anderes Tabletop-Abenteuer, diese Teile werden Ihr Spielerlebnis nahtlos erweitern.<\/p>\n<p><strong>Entfesseln Sie Ihre Kreativit\u00e4t:<\/strong><\/p>\n<p>Das aus strapazierf\u00e4higem grauem PLA gefertigte Gel\u00e4ndeset ist f\u00fcr die individuelle Gestaltung bestens geeignet. Malen Sie es so, dass es der \u00c4sthetik Ihrer Welt entspricht und Ihre Vision zum Leben erweckt. F\u00fcr ein optimales Ergebnis wird eine Grundierung empfohlen, mit der Sie einzigartige und individuelle Designs erstellen k\u00f6nnen.<\/p>\n<p><strong>M\u00fchelose Einrichtung:<\/strong><\/p>\n<p>Keine Montage erforderlich! Legen Sie diese Teile einfach auf Ihre Tischplatte und lassen Sie die Magie beginnen. Die einfache Einrichtung spart Ihnen Zeit und sorgt daf\u00fcr, dass Sie sich ganz auf Ihr Spiel konzentrieren k\u00f6nnen.<\/p>\n<p><strong>Verbessern Sie Ihr Gameplay:<\/strong><\/p>\n<p>Das magische Waldgel\u00e4nde verleiht jedem Spielszenario Tiefe und Zauber. Die komplizierten Details, von den flie\u00dfenden Bl\u00e4ttern bis hin zu den antiken Schnitzereien, schaffen eine eindrucksvolle Umgebung, die das Spielerlebnis erh\u00f6ht.<\/p>\n<p>Egal, ob du einen versteckten Waldpfad erkundest oder gegen Kreaturen in einem mystischen Reich k\u00e4mpfst, das Magical Forest Terrain Set wird dich in eine Welt voller Wunder und Abenteuer entf\u00fchren. Lassen Sie sich von der Magie einfangen und schaffen Sie unvergessliche Spielerinnerungen.<\/p>\n","protected":false},"excerpt":{"rendered":"<p><strong>Die Mystik der Natur:<\/strong><\/p>\n<p>Das Set besteht aus vier \u00e4therischen Teilen, die Ihren Tisch in eine magische Oase verwandeln werden. Dazu geh\u00f6ren drei bezaubernde B\u00e4ume, jeder mit komplizierten Schnitzereien und einzigartigen Mustern, und eine faszinierende Felswand, die von den Wurzeln eines hoch aufragenden Baumes umarmt wird.<\/p>\n","protected":false},"featured_media":18123,"comment_status":"open","ping_status":"closed","template":"","meta":[],"product_cat":[2717],"product_tag":[],"yoast_head":"<!-- This site is optimized with the Yoast SEO Premium plugin v22.9 (Yoast SEO v22.9) - https:\/\/yoast.com\/wordpress\/plugins\/seo\/ -->\n<title>3D Vikings Store<\/title>\n<meta name=\"description\" content=\"Magisches Waldgel\u00e4nde-Set: Mit mystischen B\u00e4umen, einer geschnitzten Felswand und kompatibel mit 28\/32mm RPGs Entfesseln Sie Ihre Kreativit\u00e4t.\" \/>\n<meta name=\"robots\" content=\"index, follow, max-snippet:-1, max-image-preview:large, max-video-preview:-1\" \/>\n<link rel=\"canonical\" href=\"https:\/\/3dvikingsstore.com\/de\/shop\/zauberwald-gelaende-28mm\/\" \/>\n<meta property=\"og:locale\" content=\"de_DE\" \/>\n<meta property=\"og:type\" content=\"article\" \/>\n<meta property=\"og:title\" content=\"Verzauberndes Zauberwald-Gel\u00e4nde f\u00fcr immersive Tabletop-Rollenspiele\" \/>\n<meta property=\"og:description\" content=\"Magisches Waldgel\u00e4nde-Set: Mit mystischen B\u00e4umen, einer geschnitzten Felswand und kompatibel mit 28\/32mm RPGs Entfesseln Sie Ihre Kreativit\u00e4t.\" \/>\n<meta property=\"og:url\" content=\"https:\/\/3dvikingsstore.com\/de\/shop\/zauberwald-gelaende-28mm\/\" \/>\n<meta property=\"og:site_name\" content=\"3D Vikings Store\" \/>\n<meta property=\"article:modified_time\" content=\"2024-02-18T13:48:05+00:00\" \/>\n<meta property=\"og:image\" content=\"https:\/\/3dvikingsstore.com\/wp-content\/uploads\/2024\/02\/magical-forest-terrain.jpg\" \/>\n\t<meta property=\"og:image:width\" content=\"1500\" \/>\n\t<meta property=\"og:image:height\" content=\"796\" \/>\n\t<meta property=\"og:image:type\" content=\"image\/jpeg\" \/>\n<meta name=\"twitter:card\" content=\"summary_large_image\" \/>\n<meta name=\"twitter:label1\" content=\"Gesch\u00e4tzte Lesezeit\" \/>\n\t<meta name=\"twitter:data1\" content=\"2\u00a0Minuten\" \/>\n<script type=\"application\/ld+json\" class=\"yoast-schema-graph\">{\"@context\":\"https:\/\/schema.org\",\"@graph\":[{\"@type\":[\"WebPage\",\"ItemPage\"],\"@id\":\"https:\/\/3dvikingsstore.com\/de\/shop\/zauberwald-gelaende-28mm\/\",\"url\":\"https:\/\/3dvikingsstore.com\/de\/shop\/zauberwald-gelaende-28mm\/\",\"name\":\"\",\"isPartOf\":{\"@id\":\"https:\/\/3dvikingsstore.com\/de\/#website\"},\"primaryImageOfPage\":{\"@id\":\"https:\/\/3dvikingsstore.com\/de\/shop\/zauberwald-gelaende-28mm\/#primaryimage\"},\"image\":{\"@id\":\"https:\/\/3dvikingsstore.com\/de\/shop\/zauberwald-gelaende-28mm\/#primaryimage\"},\"thumbnailUrl\":\"https:\/\/3dvikingsstore.com\/wp-content\/uploads\/2024\/02\/magical-forest-terrain.jpg\",\"datePublished\":\"2024-02-18T13:35:07+00:00\",\"dateModified\":\"2024-02-18T13:48:05+00:00\",\"description\":\"Magisches Waldgel\u00e4nde-Set: Mit mystischen B\u00e4umen, einer geschnitzten Felswand und kompatibel mit 28\/32mm RPGs Entfesseln Sie Ihre Kreativit\u00e4t.\",\"breadcrumb\":{\"@id\":\"https:\/\/3dvikingsstore.com\/de\/shop\/zauberwald-gelaende-28mm\/#breadcrumb\"},\"inLanguage\":\"de\",\"potentialAction\":[{\"@type\":\"ReadAction\",\"target\":[\"https:\/\/3dvikingsstore.com\/de\/shop\/zauberwald-gelaende-28mm\/\"]}]},{\"@type\":\"ImageObject\",\"inLanguage\":\"de\",\"@id\":\"https:\/\/3dvikingsstore.com\/de\/shop\/zauberwald-gelaende-28mm\/#primaryimage\",\"url\":\"https:\/\/3dvikingsstore.com\/wp-content\/uploads\/2024\/02\/magical-forest-terrain.jpg\",\"contentUrl\":\"https:\/\/3dvikingsstore.com\/wp-content\/uploads\/2024\/02\/magical-forest-terrain.jpg\",\"width\":1500,\"height\":796},{\"@type\":\"BreadcrumbList\",\"@id\":\"https:\/\/3dvikingsstore.com\/de\/shop\/zauberwald-gelaende-28mm\/#breadcrumb\",\"itemListElement\":[{\"@type\":\"ListItem\",\"position\":1,\"name\":\"Home\",\"item\":\"https:\/\/3dvikingsstore.com\/de\/\"},{\"@type\":\"ListItem\",\"position\":2,\"name\":\"Gesch\u00e4ft\",\"item\":\"https:\/\/3dvikingsstore.com\/shop\/\"},{\"@type\":\"ListItem\",\"position\":3,\"name\":\"Verzauberndes Zauberwald-Gel\u00e4nde f\u00fcr immersive Tabletop-Rollenspiele\"}]},{\"@type\":\"WebSite\",\"@id\":\"https:\/\/3dvikingsstore.com\/de\/#website\",\"url\":\"https:\/\/3dvikingsstore.com\/de\/\",\"name\":\"3D Vikings Store\",\"description\":\"Scenery and Accessories for Tabletop and Board Games\",\"publisher\":{\"@id\":\"https:\/\/3dvikingsstore.com\/de\/#organization\"},\"potentialAction\":[{\"@type\":\"SearchAction\",\"target\":{\"@type\":\"EntryPoint\",\"urlTemplate\":\"https:\/\/3dvikingsstore.com\/de\/?s={search_term_string}\"},\"query-input\":\"required name=search_term_string\"}],\"inLanguage\":\"de\"},{\"@type\":\"Organization\",\"@id\":\"https:\/\/3dvikingsstore.com\/de\/#organization\",\"name\":\"3D Vikings Store\",\"url\":\"https:\/\/3dvikingsstore.com\/de\/\",\"logo\":{\"@type\":\"ImageObject\",\"inLanguage\":\"de\",\"@id\":\"https:\/\/3dvikingsstore.com\/de\/#\/schema\/logo\/image\/\",\"url\":\"https:\/\/3dvikingsstore.com\/wp-content\/uploads\/2020\/03\/3dvikings-logo-karge-white.jpg\",\"contentUrl\":\"https:\/\/3dvikingsstore.com\/wp-content\/uploads\/2020\/03\/3dvikings-logo-karge-white.jpg\",\"width\":800,\"height\":800,\"caption\":\"3D Vikings Store\"},\"image\":{\"@id\":\"https:\/\/3dvikingsstore.com\/de\/#\/schema\/logo\/image\/\"}}]}<\/script>\n<!-- \/ Yoast SEO Premium plugin. -->","yoast_head_json":{"title":"3D Vikings Store","description":"Magisches Waldgel\u00e4nde-Set: Mit mystischen B\u00e4umen, einer geschnitzten Felswand und kompatibel mit 28\/32mm RPGs Entfesseln Sie Ihre Kreativit\u00e4t.","robots":{"index":"index","follow":"follow","max-snippet":"max-snippet:-1","max-image-preview":"max-image-preview:large","max-video-preview":"max-video-preview:-1"},"canonical":"https:\/\/3dvikingsstore.com\/de\/shop\/zauberwald-gelaende-28mm\/","og_locale":"de_DE","og_type":"article","og_title":"Verzauberndes Zauberwald-Gel\u00e4nde f\u00fcr immersive Tabletop-Rollenspiele","og_description":"Magisches Waldgel\u00e4nde-Set: Mit mystischen B\u00e4umen, einer geschnitzten Felswand und kompatibel mit 28\/32mm RPGs Entfesseln Sie Ihre Kreativit\u00e4t.","og_url":"https:\/\/3dvikingsstore.com\/de\/shop\/zauberwald-gelaende-28mm\/","og_site_name":"3D Vikings Store","article_modified_time":"2024-02-18T13:48:05+00:00","og_image":[{"width":1500,"height":796,"url":"https:\/\/3dvikingsstore.com\/wp-content\/uploads\/2024\/02\/magical-forest-terrain.jpg","type":"image\/jpeg"}],"twitter_card":"summary_large_image","twitter_misc":{"Gesch\u00e4tzte Lesezeit":"2\u00a0Minuten"},"schema":{"@context":"https:\/\/schema.org","@graph":[{"@type":["WebPage","ItemPage"],"@id":"https:\/\/3dvikingsstore.com\/de\/shop\/zauberwald-gelaende-28mm\/","url":"https:\/\/3dvikingsstore.com\/de\/shop\/zauberwald-gelaende-28mm\/","name":"","isPartOf":{"@id":"https:\/\/3dvikingsstore.com\/de\/#website"},"primaryImageOfPage":{"@id":"https:\/\/3dvikingsstore.com\/de\/shop\/zauberwald-gelaende-28mm\/#primaryimage"},"image":{"@id":"https:\/\/3dvikingsstore.com\/de\/shop\/zauberwald-gelaende-28mm\/#primaryimage"},"thumbnailUrl":"https:\/\/3dvikingsstore.com\/wp-content\/uploads\/2024\/02\/magical-forest-terrain.jpg","datePublished":"2024-02-18T13:35:07+00:00","dateModified":"2024-02-18T13:48:05+00:00","description":"Magisches Waldgel\u00e4nde-Set: Mit mystischen B\u00e4umen, einer geschnitzten Felswand und kompatibel mit 28\/32mm RPGs Entfesseln Sie Ihre Kreativit\u00e4t.","breadcrumb":{"@id":"https:\/\/3dvikingsstore.com\/de\/shop\/zauberwald-gelaende-28mm\/#breadcrumb"},"inLanguage":"de","potentialAction":[{"@type":"ReadAction","target":["https:\/\/3dvikingsstore.com\/de\/shop\/zauberwald-gelaende-28mm\/"]}]},{"@type":"ImageObject","inLanguage":"de","@id":"https:\/\/3dvikingsstore.com\/de\/shop\/zauberwald-gelaende-28mm\/#primaryimage","url":"https:\/\/3dvikingsstore.com\/wp-content\/uploads\/2024\/02\/magical-forest-terrain.jpg","contentUrl":"https:\/\/3dvikingsstore.com\/wp-content\/uploads\/2024\/02\/magical-forest-terrain.jpg","width":1500,"height":796},{"@type":"BreadcrumbList","@id":"https:\/\/3dvikingsstore.com\/de\/shop\/zauberwald-gelaende-28mm\/#breadcrumb","itemListElement":[{"@type":"ListItem","position":1,"name":"Home","item":"https:\/\/3dvikingsstore.com\/de\/"},{"@type":"ListItem","position":2,"name":"Gesch\u00e4ft","item":"https:\/\/3dvikingsstore.com\/shop\/"},{"@type":"ListItem","position":3,"name":"Verzauberndes Zauberwald-Gel\u00e4nde f\u00fcr immersive Tabletop-Rollenspiele"}]},{"@type":"WebSite","@id":"https:\/\/3dvikingsstore.com\/de\/#website","url":"https:\/\/3dvikingsstore.com\/de\/","name":"3D Vikings Store","description":"Scenery and Accessories for Tabletop and Board Games","publisher":{"@id":"https:\/\/3dvikingsstore.com\/de\/#organization"},"potentialAction":[{"@type":"SearchAction","target":{"@type":"EntryPoint","urlTemplate":"https:\/\/3dvikingsstore.com\/de\/?s={search_term_string}"},"query-input":"required name=search_term_string"}],"inLanguage":"de"},{"@type":"Organization","@id":"https:\/\/3dvikingsstore.com\/de\/#organization","name":"3D Vikings Store","url":"https:\/\/3dvikingsstore.com\/de\/","logo":{"@type":"ImageObject","inLanguage":"de","@id":"https:\/\/3dvikingsstore.com\/de\/#\/schema\/logo\/image\/","url":"https:\/\/3dvikingsstore.com\/wp-content\/uploads\/2020\/03\/3dvikings-logo-karge-white.jpg","contentUrl":"https:\/\/3dvikingsstore.com\/wp-content\/uploads\/2020\/03\/3dvikings-logo-karge-white.jpg","width":800,"height":800,"caption":"3D Vikings Store"},"image":{"@id":"https:\/\/3dvikingsstore.com\/de\/#\/schema\/logo\/image\/"}}]}},"_links":{"self":[{"href":"https:\/\/3dvikingsstore.com\/de\/wp-json\/wp\/v2\/product\/18121"}],"collection":[{"href":"https:\/\/3dvikingsstore.com\/de\/wp-json\/wp\/v2\/product"}],"about":[{"href":"https:\/\/3dvikingsstore.com\/de\/wp-json\/wp\/v2\/types\/product"}],"replies":[{"embeddable":true,"href":"https:\/\/3dvikingsstore.com\/de\/wp-json\/wp\/v2\/comments?post=18121"}],"version-history":[{"count":2,"href":"https:\/\/3dvikingsstore.com\/de\/wp-json\/wp\/v2\/product\/18121\/revisions"}],"predecessor-version":[{"id":18133,"href":"https:\/\/3dvikingsstore.com\/de\/wp-json\/wp\/v2\/product\/18121\/revisions\/18133"}],"wp:featuredmedia":[{"embeddable":true,"href":"https:\/\/3dvikingsstore.com\/de\/wp-json\/wp\/v2\/media\/18123"}],"wp:attachment":[{"href":"https:\/\/3dvikingsstore.com\/de\/wp-json\/wp\/v2\/media?parent=18121"}],"wp:term":[{"taxonomy":"product_cat","embeddable":true,"href":"https:\/\/3dvikingsstore.com\/de\/wp-json\/wp\/v2\/product_cat?post=18121"},{"taxonomy":"product_tag","embeddable":true,"href":"https:\/\/3dvikingsstore.com\/de\/wp-json\/wp\/v2\/product_tag?post=18121"}],"curies":[{"name":"wp","href":"https:\/\/api.w.org\/{rel}","templated":true}]}}