{"id":17818,"date":"2024-02-07T10:58:17","date_gmt":"2024-02-07T08:58:17","guid":{"rendered":"https:\/\/3dvikingsstore.com\/shop\/star-wars-terrain-building-entfessle-galaktische-abenteuer\/"},"modified":"2024-02-07T10:58:17","modified_gmt":"2024-02-07T08:58:17","slug":"star-wars-terrain-building-entfessle-galaktische-abenteuer","status":"publish","type":"product","link":"https:\/\/3dvikingsstore.com\/de\/shop\/star-wars-terrain-building-entfessle-galaktische-abenteuer\/","title":{"rendered":"Star Wars Terrain Building: Entfessle galaktische Abenteuer!"},"content":{"rendered":"<p><strong>Star Wars <\/strong>Terrain Building, eine fesselnde Erg\u00e4nzung zu deinen Tabletop-Abenteuern. Tauchen Sie mit diesem sorgf\u00e4ltig gefertigten Gel\u00e4ndest\u00fcck in das ikonische Universum von Star Wars ein.<\/p>\n<p><strong>Authentisches arabisches Design<\/strong>: Unsere Zitadelle ist eine Hommage an die architektonischen Wunderwerke der weit, weit entfernten Galaxie. Von den geschwungenen Kurven von Naboo bis zu den zerkl\u00fcfteten Festungen von Tatooine f\u00e4ngt jedes Detail die Essenz des Star Wars-Stils ein.<\/p>\n<p><strong>Zwei-Ebenen-Struktur<\/strong>: Erklimmen Sie die Ebenen wie ein Jedi-Ritter oder infiltrieren Sie die verborgenen Kammern als wagemutiger Spion der Rebellen. Das zweistufige Design sorgt f\u00fcr Vertikalit\u00e4t und Komplexit\u00e4t und damit f\u00fcr ein spannendes Gameplay.<\/p>\n<p><strong>Hochwertiges Material<\/strong>: Das aus strapazierf\u00e4higem PLA gefertigte Star Wars-Geb\u00e4ude h\u00e4lt Blasterfeuer und Lichtschwertduellen stand. Die glatte Oberfl\u00e4che l\u00e4dt zu individuellen Bemalungen ein, so dass Sie ikonische Szenen nachbilden oder Ihre eigenen erfinden k\u00f6nnen.<\/p>\n<p><strong>Perfekter Ma\u00dfstab<\/strong>: Ob du nun Klontruppen kommandierst oder eine Gruppe unerschrockener Schmuggler anf\u00fchrst, unsere Zitadelle f\u00fcgt sich nahtlos in Schlachten im Ma\u00dfstab 28\/32 mm ein. Der Realismus, den es in Ihre Scharm\u00fctzel bringt, ist un\u00fcbertroffen.<\/p>\n<p><strong>Vielseitig einsetzbar<\/strong>: Begib dich auf epische Abenteuer in der Star Wars Galaxie. Egal, ob du in Schlachten k\u00e4mpfst oder legend\u00e4re Schlachten in Wargames nachstellst, das Star Wars-Gel\u00e4ndegeb\u00e4ude wartet auf dein Kommando.<\/p>\n<p>Entfessle die Macht in deinen Spielsitzungen. Bestellen Sie Ihr Star Wars Terrain Building noch heute und m\u00f6gen die W\u00fcrfel immer zu Ihren Gunsten stehen! ??<\/p>\n","protected":false},"excerpt":{"rendered":"<p><strong>Star Wars <\/strong>Terrain Building, eine fesselnde Erg\u00e4nzung zu deinen Tabletop-Abenteuern. Tauchen Sie mit diesem sorgf\u00e4ltig gefertigten Gel\u00e4ndest\u00fcck in das ikonische Universum von Star Wars ein.<\/p>\n","protected":false},"featured_media":18768,"comment_status":"open","ping_status":"closed","template":"","meta":[],"product_cat":[2694,2732,2717],"product_tag":[2761,2751,2757,2740,2759,2756,2755,2753,2752,2754,2758,2682],"yoast_head":"<!-- This site is optimized with the Yoast SEO Premium plugin v22.9 (Yoast SEO v22.9) - https:\/\/yoast.com\/wordpress\/plugins\/seo\/ -->\n<title>Star Wars Terrain Building: Entfessle galaktische Abenteuer!<\/title>\n<meta name=\"description\" content=\"Star Wars-Gel\u00e4ndebau: Eine fesselnde Erg\u00e4nzung f\u00fcr deine Tabletop-Abenteuer. Tauchen Sie ein in das ikonische Universum von Star Wars.\" \/>\n<meta name=\"robots\" content=\"index, follow, max-snippet:-1, max-image-preview:large, max-video-preview:-1\" \/>\n<link rel=\"canonical\" href=\"https:\/\/3dvikingsstore.com\/de\/shop\/star-wars-terrain-building-entfessle-galaktische-abenteuer\/\" \/>\n<meta property=\"og:locale\" content=\"de_DE\" \/>\n<meta property=\"og:type\" content=\"article\" \/>\n<meta property=\"og:title\" content=\"Star Wars Terrain Building: Entfessle galaktische Abenteuer!\" \/>\n<meta property=\"og:description\" content=\"Star Wars-Gel\u00e4ndebau: Eine fesselnde Erg\u00e4nzung f\u00fcr deine Tabletop-Abenteuer. Tauchen Sie ein in das ikonische Universum von Star Wars.\" \/>\n<meta property=\"og:url\" content=\"https:\/\/3dvikingsstore.com\/de\/shop\/star-wars-terrain-building-entfessle-galaktische-abenteuer\/\" \/>\n<meta property=\"og:site_name\" content=\"3D Vikings Store\" \/>\n<meta property=\"og:image\" content=\"https:\/\/3dvikingsstore.com\/wp-content\/uploads\/2024\/02\/DSC_7228.jpg\" \/>\n\t<meta property=\"og:image:width\" content=\"2558\" \/>\n\t<meta property=\"og:image:height\" content=\"2558\" \/>\n\t<meta property=\"og:image:type\" content=\"image\/jpeg\" \/>\n<meta name=\"twitter:card\" content=\"summary_large_image\" \/>\n<meta name=\"twitter:label1\" content=\"Gesch\u00e4tzte Lesezeit\" \/>\n\t<meta name=\"twitter:data1\" content=\"1\u00a0Minute\" \/>\n<script type=\"application\/ld+json\" class=\"yoast-schema-graph\">{\"@context\":\"https:\/\/schema.org\",\"@graph\":[{\"@type\":[\"WebPage\",\"ItemPage\"],\"@id\":\"https:\/\/3dvikingsstore.com\/de\/shop\/star-wars-terrain-building-entfessle-galaktische-abenteuer\/\",\"url\":\"https:\/\/3dvikingsstore.com\/de\/shop\/star-wars-terrain-building-entfessle-galaktische-abenteuer\/\",\"name\":\"Star Wars Terrain Building: Entfessle galaktische Abenteuer!\",\"isPartOf\":{\"@id\":\"https:\/\/3dvikingsstore.com\/de\/#website\"},\"primaryImageOfPage\":{\"@id\":\"https:\/\/3dvikingsstore.com\/de\/shop\/star-wars-terrain-building-entfessle-galaktische-abenteuer\/#primaryimage\"},\"image\":{\"@id\":\"https:\/\/3dvikingsstore.com\/de\/shop\/star-wars-terrain-building-entfessle-galaktische-abenteuer\/#primaryimage\"},\"thumbnailUrl\":\"https:\/\/3dvikingsstore.com\/wp-content\/uploads\/2024\/02\/DSC_7225-1.png\",\"datePublished\":\"2024-02-07T08:58:17+00:00\",\"dateModified\":\"2024-02-07T08:58:17+00:00\",\"description\":\"Star Wars-Gel\u00e4ndebau: Eine fesselnde Erg\u00e4nzung f\u00fcr deine Tabletop-Abenteuer. Tauchen Sie ein in das ikonische Universum von Star Wars.\",\"breadcrumb\":{\"@id\":\"https:\/\/3dvikingsstore.com\/de\/shop\/star-wars-terrain-building-entfessle-galaktische-abenteuer\/#breadcrumb\"},\"inLanguage\":\"de\",\"potentialAction\":[{\"@type\":\"ReadAction\",\"target\":[\"https:\/\/3dvikingsstore.com\/de\/shop\/star-wars-terrain-building-entfessle-galaktische-abenteuer\/\"]}]},{\"@type\":\"ImageObject\",\"inLanguage\":\"de\",\"@id\":\"https:\/\/3dvikingsstore.com\/de\/shop\/star-wars-terrain-building-entfessle-galaktische-abenteuer\/#primaryimage\",\"url\":\"https:\/\/3dvikingsstore.com\/wp-content\/uploads\/2024\/02\/DSC_7225-1.png\",\"contentUrl\":\"https:\/\/3dvikingsstore.com\/wp-content\/uploads\/2024\/02\/DSC_7225-1.png\",\"width\":2366,\"height\":2366},{\"@type\":\"BreadcrumbList\",\"@id\":\"https:\/\/3dvikingsstore.com\/de\/shop\/star-wars-terrain-building-entfessle-galaktische-abenteuer\/#breadcrumb\",\"itemListElement\":[{\"@type\":\"ListItem\",\"position\":1,\"name\":\"Home\",\"item\":\"https:\/\/3dvikingsstore.com\/de\/\"},{\"@type\":\"ListItem\",\"position\":2,\"name\":\"Gesch\u00e4ft\",\"item\":\"https:\/\/3dvikingsstore.com\/shop\/\"},{\"@type\":\"ListItem\",\"position\":3,\"name\":\"Star Wars Terrain Building: Entfessle galaktische Abenteuer!\"}]},{\"@type\":\"WebSite\",\"@id\":\"https:\/\/3dvikingsstore.com\/de\/#website\",\"url\":\"https:\/\/3dvikingsstore.com\/de\/\",\"name\":\"3D Vikings Store\",\"description\":\"Scenery and Accessories for Tabletop and Board Games\",\"publisher\":{\"@id\":\"https:\/\/3dvikingsstore.com\/de\/#organization\"},\"potentialAction\":[{\"@type\":\"SearchAction\",\"target\":{\"@type\":\"EntryPoint\",\"urlTemplate\":\"https:\/\/3dvikingsstore.com\/de\/?s={search_term_string}\"},\"query-input\":\"required name=search_term_string\"}],\"inLanguage\":\"de\"},{\"@type\":\"Organization\",\"@id\":\"https:\/\/3dvikingsstore.com\/de\/#organization\",\"name\":\"3D Vikings Store\",\"url\":\"https:\/\/3dvikingsstore.com\/de\/\",\"logo\":{\"@type\":\"ImageObject\",\"inLanguage\":\"de\",\"@id\":\"https:\/\/3dvikingsstore.com\/de\/#\/schema\/logo\/image\/\",\"url\":\"https:\/\/3dvikingsstore.com\/wp-content\/uploads\/2020\/03\/3dvikings-logo-karge-white.jpg\",\"contentUrl\":\"https:\/\/3dvikingsstore.com\/wp-content\/uploads\/2020\/03\/3dvikings-logo-karge-white.jpg\",\"width\":800,\"height\":800,\"caption\":\"3D Vikings Store\"},\"image\":{\"@id\":\"https:\/\/3dvikingsstore.com\/de\/#\/schema\/logo\/image\/\"}}]}<\/script>\n<!-- \/ Yoast SEO Premium plugin. -->","yoast_head_json":{"title":"Star Wars Terrain Building: Entfessle galaktische Abenteuer!","description":"Star Wars-Gel\u00e4ndebau: Eine fesselnde Erg\u00e4nzung f\u00fcr deine Tabletop-Abenteuer. Tauchen Sie ein in das ikonische Universum von Star Wars.","robots":{"index":"index","follow":"follow","max-snippet":"max-snippet:-1","max-image-preview":"max-image-preview:large","max-video-preview":"max-video-preview:-1"},"canonical":"https:\/\/3dvikingsstore.com\/de\/shop\/star-wars-terrain-building-entfessle-galaktische-abenteuer\/","og_locale":"de_DE","og_type":"article","og_title":"Star Wars Terrain Building: Entfessle galaktische Abenteuer!","og_description":"Star Wars-Gel\u00e4ndebau: Eine fesselnde Erg\u00e4nzung f\u00fcr deine Tabletop-Abenteuer. Tauchen Sie ein in das ikonische Universum von Star Wars.","og_url":"https:\/\/3dvikingsstore.com\/de\/shop\/star-wars-terrain-building-entfessle-galaktische-abenteuer\/","og_site_name":"3D Vikings Store","og_image":[{"width":2558,"height":2558,"url":"https:\/\/3dvikingsstore.com\/wp-content\/uploads\/2024\/02\/DSC_7228.jpg","type":"image\/jpeg"}],"twitter_card":"summary_large_image","twitter_misc":{"Gesch\u00e4tzte Lesezeit":"1\u00a0Minute"},"schema":{"@context":"https:\/\/schema.org","@graph":[{"@type":["WebPage","ItemPage"],"@id":"https:\/\/3dvikingsstore.com\/de\/shop\/star-wars-terrain-building-entfessle-galaktische-abenteuer\/","url":"https:\/\/3dvikingsstore.com\/de\/shop\/star-wars-terrain-building-entfessle-galaktische-abenteuer\/","name":"Star Wars Terrain Building: Entfessle galaktische Abenteuer!","isPartOf":{"@id":"https:\/\/3dvikingsstore.com\/de\/#website"},"primaryImageOfPage":{"@id":"https:\/\/3dvikingsstore.com\/de\/shop\/star-wars-terrain-building-entfessle-galaktische-abenteuer\/#primaryimage"},"image":{"@id":"https:\/\/3dvikingsstore.com\/de\/shop\/star-wars-terrain-building-entfessle-galaktische-abenteuer\/#primaryimage"},"thumbnailUrl":"https:\/\/3dvikingsstore.com\/wp-content\/uploads\/2024\/02\/DSC_7225-1.png","datePublished":"2024-02-07T08:58:17+00:00","dateModified":"2024-02-07T08:58:17+00:00","description":"Star Wars-Gel\u00e4ndebau: Eine fesselnde Erg\u00e4nzung f\u00fcr deine Tabletop-Abenteuer. Tauchen Sie ein in das ikonische Universum von Star Wars.","breadcrumb":{"@id":"https:\/\/3dvikingsstore.com\/de\/shop\/star-wars-terrain-building-entfessle-galaktische-abenteuer\/#breadcrumb"},"inLanguage":"de","potentialAction":[{"@type":"ReadAction","target":["https:\/\/3dvikingsstore.com\/de\/shop\/star-wars-terrain-building-entfessle-galaktische-abenteuer\/"]}]},{"@type":"ImageObject","inLanguage":"de","@id":"https:\/\/3dvikingsstore.com\/de\/shop\/star-wars-terrain-building-entfessle-galaktische-abenteuer\/#primaryimage","url":"https:\/\/3dvikingsstore.com\/wp-content\/uploads\/2024\/02\/DSC_7225-1.png","contentUrl":"https:\/\/3dvikingsstore.com\/wp-content\/uploads\/2024\/02\/DSC_7225-1.png","width":2366,"height":2366},{"@type":"BreadcrumbList","@id":"https:\/\/3dvikingsstore.com\/de\/shop\/star-wars-terrain-building-entfessle-galaktische-abenteuer\/#breadcrumb","itemListElement":[{"@type":"ListItem","position":1,"name":"Home","item":"https:\/\/3dvikingsstore.com\/de\/"},{"@type":"ListItem","position":2,"name":"Gesch\u00e4ft","item":"https:\/\/3dvikingsstore.com\/shop\/"},{"@type":"ListItem","position":3,"name":"Star Wars Terrain Building: Entfessle galaktische Abenteuer!"}]},{"@type":"WebSite","@id":"https:\/\/3dvikingsstore.com\/de\/#website","url":"https:\/\/3dvikingsstore.com\/de\/","name":"3D Vikings Store","description":"Scenery and Accessories for Tabletop and Board Games","publisher":{"@id":"https:\/\/3dvikingsstore.com\/de\/#organization"},"potentialAction":[{"@type":"SearchAction","target":{"@type":"EntryPoint","urlTemplate":"https:\/\/3dvikingsstore.com\/de\/?s={search_term_string}"},"query-input":"required name=search_term_string"}],"inLanguage":"de"},{"@type":"Organization","@id":"https:\/\/3dvikingsstore.com\/de\/#organization","name":"3D Vikings Store","url":"https:\/\/3dvikingsstore.com\/de\/","logo":{"@type":"ImageObject","inLanguage":"de","@id":"https:\/\/3dvikingsstore.com\/de\/#\/schema\/logo\/image\/","url":"https:\/\/3dvikingsstore.com\/wp-content\/uploads\/2020\/03\/3dvikings-logo-karge-white.jpg","contentUrl":"https:\/\/3dvikingsstore.com\/wp-content\/uploads\/2020\/03\/3dvikings-logo-karge-white.jpg","width":800,"height":800,"caption":"3D Vikings Store"},"image":{"@id":"https:\/\/3dvikingsstore.com\/de\/#\/schema\/logo\/image\/"}}]}},"_links":{"self":[{"href":"https:\/\/3dvikingsstore.com\/de\/wp-json\/wp\/v2\/product\/17818"}],"collection":[{"href":"https:\/\/3dvikingsstore.com\/de\/wp-json\/wp\/v2\/product"}],"about":[{"href":"https:\/\/3dvikingsstore.com\/de\/wp-json\/wp\/v2\/types\/product"}],"replies":[{"embeddable":true,"href":"https:\/\/3dvikingsstore.com\/de\/wp-json\/wp\/v2\/comments?post=17818"}],"version-history":[{"count":0,"href":"https:\/\/3dvikingsstore.com\/de\/wp-json\/wp\/v2\/product\/17818\/revisions"}],"wp:featuredmedia":[{"embeddable":true,"href":"https:\/\/3dvikingsstore.com\/de\/wp-json\/wp\/v2\/media\/18768"}],"wp:attachment":[{"href":"https:\/\/3dvikingsstore.com\/de\/wp-json\/wp\/v2\/media?parent=17818"}],"wp:term":[{"taxonomy":"product_cat","embeddable":true,"href":"https:\/\/3dvikingsstore.com\/de\/wp-json\/wp\/v2\/product_cat?post=17818"},{"taxonomy":"product_tag","embeddable":true,"href":"https:\/\/3dvikingsstore.com\/de\/wp-json\/wp\/v2\/product_tag?post=17818"}],"curies":[{"name":"wp","href":"https:\/\/api.w.org\/{rel}","templated":true}]}}