{"id":17814,"date":"2024-02-07T13:07:18","date_gmt":"2024-02-07T11:07:18","guid":{"rendered":"https:\/\/3dvikingsstore.com\/shop\/sci-fi-aussenposten-in-der-wueste-bauen-sie-ihre-eigene-sci-fi-oase\/"},"modified":"2024-02-07T13:07:18","modified_gmt":"2024-02-07T11:07:18","slug":"sci-fi-aussenposten-in-der-wueste-bauen-sie-ihre-eigene-sci-fi-oase","status":"publish","type":"product","link":"https:\/\/3dvikingsstore.com\/de\/shop\/sci-fi-aussenposten-in-der-wueste-bauen-sie-ihre-eigene-sci-fi-oase\/","title":{"rendered":"Sci-Fi-Au\u00dfenposten in der W\u00fcste: Bauen Sie Ihre eigene Sci-Fi-Oase"},"content":{"rendered":"<p><strong>St\u00fcrzen Sie sich in aufregende galaktische Abenteuer mit den 3D Vikings Desert Sci-Fi Outposts!<\/strong> Dieses Set aus zwei einzigartigen, <strong>futuristischen Geb\u00e4uden<\/strong> bringt eine fesselnde W\u00fcstenszenerie in deine <strong>28\/32mm Tabletop-Spiele<\/strong>. Sie sind aus hochwertigem, strapazierf\u00e4higem PLA gefertigt und garantieren unz\u00e4hlige Stunden fesselndes Spielvergn\u00fcgen.<\/p>\n<p><strong>Wesentliche Merkmale:<\/strong><\/p>\n<ul>\n<li><strong>Futuristisches Design:<\/strong> Die elegante und moderne \u00c4sthetik erweckt deine W\u00fcsten-Sci-Fi-Schlachten und Geschichten zum Leben.<\/li>\n<li><strong>Hochwertiges PLA:<\/strong> Langlebige Konstruktion garantiert lang anhaltende Freude an vielen Abenteuern.<\/li>\n<li><strong>Kompatibilit\u00e4t im Ma\u00dfstab 28\/32 mm:<\/strong> Funktioniert nahtlos mit Ihren Lieblingsminiaturensammlungen.<\/li>\n<li><strong>Unbemalt zur individuellen Gestaltung:<\/strong> Lassen Sie Ihrer Kreativit\u00e4t freien Lauf und gestalten Sie Ihre W\u00fcstenszenerie individuell.<\/li>\n<li><strong>Dynamische Spielumgebung:<\/strong> Schafft eine aufregende W\u00fcsten-Au\u00dfenposten-Atmosph\u00e4re f\u00fcr fesselnde Tabletop-Erlebnisse.<\/li>\n<\/ul>\n","protected":false},"excerpt":{"rendered":"<p><strong>Star Wars <\/strong>Terrain Building, eine fesselnde Erg\u00e4nzung zu deinen Tabletop-Abenteuern. Tauchen Sie mit diesem sorgf\u00e4ltig gefertigten Gel\u00e4ndest\u00fcck in das ikonische Universum von Star Wars ein.<\/p>\n","protected":false},"featured_media":17034,"comment_status":"open","ping_status":"closed","template":"","meta":[],"product_cat":[2694,2732,2717],"product_tag":[2761,2751,2757,2740,2759,2756,2755,2753,2752,2754,2758,2682],"yoast_head":"<!-- This site is optimized with the Yoast SEO Premium plugin v22.9 (Yoast SEO v22.9) - https:\/\/yoast.com\/wordpress\/plugins\/seo\/ -->\n<title>Sci-Fi-Au\u00dfenposten in der W\u00fcste: Bauen Sie Ihre eigene Sci-Fi-Oase<\/title>\n<meta name=\"description\" content=\"St\u00fcrz dich in spannende galaktische Abenteuer mit den 3D Vikings Desert Sci-Fi Outposts! Ein Set aus zwei einzigartigen, futuristischen Sci-Fi-Geb\u00e4uden.\" \/>\n<meta name=\"robots\" content=\"index, follow, max-snippet:-1, max-image-preview:large, max-video-preview:-1\" \/>\n<link rel=\"canonical\" href=\"https:\/\/3dvikingsstore.com\/de\/shop\/sci-fi-aussenposten-in-der-wueste-bauen-sie-ihre-eigene-sci-fi-oase\/\" \/>\n<meta property=\"og:locale\" content=\"de_DE\" \/>\n<meta property=\"og:type\" content=\"article\" \/>\n<meta property=\"og:title\" content=\"Sci-Fi-Au\u00dfenposten in der W\u00fcste: Bauen Sie Ihre eigene Sci-Fi-Oase\" \/>\n<meta property=\"og:description\" content=\"St\u00fcrz dich in spannende galaktische Abenteuer mit den 3D Vikings Desert Sci-Fi Outposts! Ein Set aus zwei einzigartigen, futuristischen Sci-Fi-Geb\u00e4uden.\" \/>\n<meta property=\"og:url\" content=\"https:\/\/3dvikingsstore.com\/de\/shop\/sci-fi-aussenposten-in-der-wueste-bauen-sie-ihre-eigene-sci-fi-oase\/\" \/>\n<meta property=\"og:site_name\" content=\"3D Vikings Store\" \/>\n<meta property=\"og:image\" content=\"https:\/\/3dvikingsstore.com\/wp-content\/uploads\/2024\/02\/DSC_7275-1024x1024.png\" \/>\n\t<meta property=\"og:image:width\" content=\"1024\" \/>\n\t<meta property=\"og:image:height\" content=\"1024\" \/>\n\t<meta property=\"og:image:type\" content=\"image\/png\" \/>\n<meta name=\"twitter:card\" content=\"summary_large_image\" \/>\n<meta name=\"twitter:label1\" content=\"Gesch\u00e4tzte Lesezeit\" \/>\n\t<meta name=\"twitter:data1\" content=\"1\u00a0Minute\" \/>\n<script type=\"application\/ld+json\" class=\"yoast-schema-graph\">{\"@context\":\"https:\/\/schema.org\",\"@graph\":[{\"@type\":[\"WebPage\",\"ItemPage\"],\"@id\":\"https:\/\/3dvikingsstore.com\/de\/shop\/sci-fi-aussenposten-in-der-wueste-bauen-sie-ihre-eigene-sci-fi-oase\/\",\"url\":\"https:\/\/3dvikingsstore.com\/de\/shop\/sci-fi-aussenposten-in-der-wueste-bauen-sie-ihre-eigene-sci-fi-oase\/\",\"name\":\"Sci-Fi-Au\u00dfenposten in der W\u00fcste: Bauen Sie Ihre eigene Sci-Fi-Oase\",\"isPartOf\":{\"@id\":\"https:\/\/3dvikingsstore.com\/de\/#website\"},\"primaryImageOfPage\":{\"@id\":\"https:\/\/3dvikingsstore.com\/de\/shop\/sci-fi-aussenposten-in-der-wueste-bauen-sie-ihre-eigene-sci-fi-oase\/#primaryimage\"},\"image\":{\"@id\":\"https:\/\/3dvikingsstore.com\/de\/shop\/sci-fi-aussenposten-in-der-wueste-bauen-sie-ihre-eigene-sci-fi-oase\/#primaryimage\"},\"thumbnailUrl\":\"https:\/\/3dvikingsstore.com\/wp-content\/uploads\/2024\/02\/DSC_7275.png\",\"datePublished\":\"2024-02-07T11:07:18+00:00\",\"dateModified\":\"2024-02-07T11:07:18+00:00\",\"description\":\"St\u00fcrz dich in spannende galaktische Abenteuer mit den 3D Vikings Desert Sci-Fi Outposts! Ein Set aus zwei einzigartigen, futuristischen Sci-Fi-Geb\u00e4uden.\",\"breadcrumb\":{\"@id\":\"https:\/\/3dvikingsstore.com\/de\/shop\/sci-fi-aussenposten-in-der-wueste-bauen-sie-ihre-eigene-sci-fi-oase\/#breadcrumb\"},\"inLanguage\":\"de\",\"potentialAction\":[{\"@type\":\"ReadAction\",\"target\":[\"https:\/\/3dvikingsstore.com\/de\/shop\/sci-fi-aussenposten-in-der-wueste-bauen-sie-ihre-eigene-sci-fi-oase\/\"]}]},{\"@type\":\"ImageObject\",\"inLanguage\":\"de\",\"@id\":\"https:\/\/3dvikingsstore.com\/de\/shop\/sci-fi-aussenposten-in-der-wueste-bauen-sie-ihre-eigene-sci-fi-oase\/#primaryimage\",\"url\":\"https:\/\/3dvikingsstore.com\/wp-content\/uploads\/2024\/02\/DSC_7275.png\",\"contentUrl\":\"https:\/\/3dvikingsstore.com\/wp-content\/uploads\/2024\/02\/DSC_7275.png\",\"width\":3842,\"height\":3842,\"caption\":\"Desert Sci-Fi Outposts\"},{\"@type\":\"BreadcrumbList\",\"@id\":\"https:\/\/3dvikingsstore.com\/de\/shop\/sci-fi-aussenposten-in-der-wueste-bauen-sie-ihre-eigene-sci-fi-oase\/#breadcrumb\",\"itemListElement\":[{\"@type\":\"ListItem\",\"position\":1,\"name\":\"Home\",\"item\":\"https:\/\/3dvikingsstore.com\/de\/\"},{\"@type\":\"ListItem\",\"position\":2,\"name\":\"Gesch\u00e4ft\",\"item\":\"https:\/\/3dvikingsstore.com\/shop\/\"},{\"@type\":\"ListItem\",\"position\":3,\"name\":\"Sci-Fi-Au\u00dfenposten in der W\u00fcste: Bauen Sie Ihre eigene Sci-Fi-Oase\"}]},{\"@type\":\"WebSite\",\"@id\":\"https:\/\/3dvikingsstore.com\/de\/#website\",\"url\":\"https:\/\/3dvikingsstore.com\/de\/\",\"name\":\"3D Vikings Store\",\"description\":\"Scenery and Accessories for Tabletop and Board Games\",\"publisher\":{\"@id\":\"https:\/\/3dvikingsstore.com\/de\/#organization\"},\"potentialAction\":[{\"@type\":\"SearchAction\",\"target\":{\"@type\":\"EntryPoint\",\"urlTemplate\":\"https:\/\/3dvikingsstore.com\/de\/?s={search_term_string}\"},\"query-input\":\"required name=search_term_string\"}],\"inLanguage\":\"de\"},{\"@type\":\"Organization\",\"@id\":\"https:\/\/3dvikingsstore.com\/de\/#organization\",\"name\":\"3D Vikings Store\",\"url\":\"https:\/\/3dvikingsstore.com\/de\/\",\"logo\":{\"@type\":\"ImageObject\",\"inLanguage\":\"de\",\"@id\":\"https:\/\/3dvikingsstore.com\/de\/#\/schema\/logo\/image\/\",\"url\":\"https:\/\/3dvikingsstore.com\/wp-content\/uploads\/2020\/03\/3dvikings-logo-karge-white.jpg\",\"contentUrl\":\"https:\/\/3dvikingsstore.com\/wp-content\/uploads\/2020\/03\/3dvikings-logo-karge-white.jpg\",\"width\":800,\"height\":800,\"caption\":\"3D Vikings Store\"},\"image\":{\"@id\":\"https:\/\/3dvikingsstore.com\/de\/#\/schema\/logo\/image\/\"}}]}<\/script>\n<!-- \/ Yoast SEO Premium plugin. -->","yoast_head_json":{"title":"Sci-Fi-Au\u00dfenposten in der W\u00fcste: Bauen Sie Ihre eigene Sci-Fi-Oase","description":"St\u00fcrz dich in spannende galaktische Abenteuer mit den 3D Vikings Desert Sci-Fi Outposts! Ein Set aus zwei einzigartigen, futuristischen Sci-Fi-Geb\u00e4uden.","robots":{"index":"index","follow":"follow","max-snippet":"max-snippet:-1","max-image-preview":"max-image-preview:large","max-video-preview":"max-video-preview:-1"},"canonical":"https:\/\/3dvikingsstore.com\/de\/shop\/sci-fi-aussenposten-in-der-wueste-bauen-sie-ihre-eigene-sci-fi-oase\/","og_locale":"de_DE","og_type":"article","og_title":"Sci-Fi-Au\u00dfenposten in der W\u00fcste: Bauen Sie Ihre eigene Sci-Fi-Oase","og_description":"St\u00fcrz dich in spannende galaktische Abenteuer mit den 3D Vikings Desert Sci-Fi Outposts! Ein Set aus zwei einzigartigen, futuristischen Sci-Fi-Geb\u00e4uden.","og_url":"https:\/\/3dvikingsstore.com\/de\/shop\/sci-fi-aussenposten-in-der-wueste-bauen-sie-ihre-eigene-sci-fi-oase\/","og_site_name":"3D Vikings Store","og_image":[{"width":1024,"height":1024,"url":"https:\/\/3dvikingsstore.com\/wp-content\/uploads\/2024\/02\/DSC_7275-1024x1024.png","type":"image\/png"}],"twitter_card":"summary_large_image","twitter_misc":{"Gesch\u00e4tzte Lesezeit":"1\u00a0Minute"},"schema":{"@context":"https:\/\/schema.org","@graph":[{"@type":["WebPage","ItemPage"],"@id":"https:\/\/3dvikingsstore.com\/de\/shop\/sci-fi-aussenposten-in-der-wueste-bauen-sie-ihre-eigene-sci-fi-oase\/","url":"https:\/\/3dvikingsstore.com\/de\/shop\/sci-fi-aussenposten-in-der-wueste-bauen-sie-ihre-eigene-sci-fi-oase\/","name":"Sci-Fi-Au\u00dfenposten in der W\u00fcste: Bauen Sie Ihre eigene Sci-Fi-Oase","isPartOf":{"@id":"https:\/\/3dvikingsstore.com\/de\/#website"},"primaryImageOfPage":{"@id":"https:\/\/3dvikingsstore.com\/de\/shop\/sci-fi-aussenposten-in-der-wueste-bauen-sie-ihre-eigene-sci-fi-oase\/#primaryimage"},"image":{"@id":"https:\/\/3dvikingsstore.com\/de\/shop\/sci-fi-aussenposten-in-der-wueste-bauen-sie-ihre-eigene-sci-fi-oase\/#primaryimage"},"thumbnailUrl":"https:\/\/3dvikingsstore.com\/wp-content\/uploads\/2024\/02\/DSC_7275.png","datePublished":"2024-02-07T11:07:18+00:00","dateModified":"2024-02-07T11:07:18+00:00","description":"St\u00fcrz dich in spannende galaktische Abenteuer mit den 3D Vikings Desert Sci-Fi Outposts! Ein Set aus zwei einzigartigen, futuristischen Sci-Fi-Geb\u00e4uden.","breadcrumb":{"@id":"https:\/\/3dvikingsstore.com\/de\/shop\/sci-fi-aussenposten-in-der-wueste-bauen-sie-ihre-eigene-sci-fi-oase\/#breadcrumb"},"inLanguage":"de","potentialAction":[{"@type":"ReadAction","target":["https:\/\/3dvikingsstore.com\/de\/shop\/sci-fi-aussenposten-in-der-wueste-bauen-sie-ihre-eigene-sci-fi-oase\/"]}]},{"@type":"ImageObject","inLanguage":"de","@id":"https:\/\/3dvikingsstore.com\/de\/shop\/sci-fi-aussenposten-in-der-wueste-bauen-sie-ihre-eigene-sci-fi-oase\/#primaryimage","url":"https:\/\/3dvikingsstore.com\/wp-content\/uploads\/2024\/02\/DSC_7275.png","contentUrl":"https:\/\/3dvikingsstore.com\/wp-content\/uploads\/2024\/02\/DSC_7275.png","width":3842,"height":3842,"caption":"Desert Sci-Fi Outposts"},{"@type":"BreadcrumbList","@id":"https:\/\/3dvikingsstore.com\/de\/shop\/sci-fi-aussenposten-in-der-wueste-bauen-sie-ihre-eigene-sci-fi-oase\/#breadcrumb","itemListElement":[{"@type":"ListItem","position":1,"name":"Home","item":"https:\/\/3dvikingsstore.com\/de\/"},{"@type":"ListItem","position":2,"name":"Gesch\u00e4ft","item":"https:\/\/3dvikingsstore.com\/shop\/"},{"@type":"ListItem","position":3,"name":"Sci-Fi-Au\u00dfenposten in der W\u00fcste: Bauen Sie Ihre eigene Sci-Fi-Oase"}]},{"@type":"WebSite","@id":"https:\/\/3dvikingsstore.com\/de\/#website","url":"https:\/\/3dvikingsstore.com\/de\/","name":"3D Vikings Store","description":"Scenery and Accessories for Tabletop and Board Games","publisher":{"@id":"https:\/\/3dvikingsstore.com\/de\/#organization"},"potentialAction":[{"@type":"SearchAction","target":{"@type":"EntryPoint","urlTemplate":"https:\/\/3dvikingsstore.com\/de\/?s={search_term_string}"},"query-input":"required name=search_term_string"}],"inLanguage":"de"},{"@type":"Organization","@id":"https:\/\/3dvikingsstore.com\/de\/#organization","name":"3D Vikings Store","url":"https:\/\/3dvikingsstore.com\/de\/","logo":{"@type":"ImageObject","inLanguage":"de","@id":"https:\/\/3dvikingsstore.com\/de\/#\/schema\/logo\/image\/","url":"https:\/\/3dvikingsstore.com\/wp-content\/uploads\/2020\/03\/3dvikings-logo-karge-white.jpg","contentUrl":"https:\/\/3dvikingsstore.com\/wp-content\/uploads\/2020\/03\/3dvikings-logo-karge-white.jpg","width":800,"height":800,"caption":"3D Vikings Store"},"image":{"@id":"https:\/\/3dvikingsstore.com\/de\/#\/schema\/logo\/image\/"}}]}},"_links":{"self":[{"href":"https:\/\/3dvikingsstore.com\/de\/wp-json\/wp\/v2\/product\/17814"}],"collection":[{"href":"https:\/\/3dvikingsstore.com\/de\/wp-json\/wp\/v2\/product"}],"about":[{"href":"https:\/\/3dvikingsstore.com\/de\/wp-json\/wp\/v2\/types\/product"}],"replies":[{"embeddable":true,"href":"https:\/\/3dvikingsstore.com\/de\/wp-json\/wp\/v2\/comments?post=17814"}],"version-history":[{"count":0,"href":"https:\/\/3dvikingsstore.com\/de\/wp-json\/wp\/v2\/product\/17814\/revisions"}],"wp:featuredmedia":[{"embeddable":true,"href":"https:\/\/3dvikingsstore.com\/de\/wp-json\/wp\/v2\/media\/17034"}],"wp:attachment":[{"href":"https:\/\/3dvikingsstore.com\/de\/wp-json\/wp\/v2\/media?parent=17814"}],"wp:term":[{"taxonomy":"product_cat","embeddable":true,"href":"https:\/\/3dvikingsstore.com\/de\/wp-json\/wp\/v2\/product_cat?post=17814"},{"taxonomy":"product_tag","embeddable":true,"href":"https:\/\/3dvikingsstore.com\/de\/wp-json\/wp\/v2\/product_tag?post=17814"}],"curies":[{"name":"wp","href":"https:\/\/api.w.org\/{rel}","templated":true}]}}