{"id":17793,"date":"2024-02-14T11:05:32","date_gmt":"2024-02-14T09:05:32","guid":{"rendered":"https:\/\/3dvikingsstore.com\/?post_type=product&#038;p=17793"},"modified":"2024-02-14T11:27:30","modified_gmt":"2024-02-14T09:27:30","slug":"kriegsfuehrungs-versandcontainer","status":"publish","type":"product","link":"https:\/\/3dvikingsstore.com\/de\/shop\/kriegsfuehrungs-versandcontainer\/","title":{"rendered":"Kriegsf\u00fchrungs-Versandcontainer: F\u00fcr deine Tabletop-Schlachtfelder (4-teiliges Set)"},"content":{"rendered":"<p>Verwandeln Sie Ihre Spielfl\u00e4che mit diesen 28mm Wargaming-Schiffscontainern in ein trostloses Kriegsgebiet oder industrielles \u00d6dland. Dieses 4-teilige Set wurde speziell f\u00fcr Wargames im 28-mm- und 32-mm-Ma\u00dfstab entwickelt und verleiht deinen Warhammer 40k-, Necromunda-, Kill Team-, Infinity- oder anderen Modern\/Sci-Fi-Scharm\u00fctzeln d\u00fcsteren Realismus, Deckungsm\u00f6glichkeiten und taktische Tiefe.<\/p>\n<p><strong>Von der industriellen Macht zu den \u00dcberresten der Schlachtfelder<\/strong><\/p>\n<p>Kein Schlachtfeld gleicht dem anderen, und dieses Set spiegelt dies wider. Sie werden Container finden, die durch brutale St\u00f6\u00dfe aufgerissen wurden, die von Einschussl\u00f6chern durchl\u00f6chert sind, und andere, die einfach unter dem unvorstellbaren Gewicht zerdr\u00fcckt wurden. Egal, ob es sich um ein postapokalyptisches \u00d6dland, einen weitl\u00e4ufigen Necromunda-Unterschlupf, die d\u00fcsteren Schlachtfelder von Warhammer 40k oder ein spannendes modernes Scharm\u00fctzel handelt, diese Container erz\u00e4hlen mit jeder vernarbten Oberfl\u00e4che eine Geschichte.<\/p>\n<p><strong>Der perfekte Ma\u00dfstab f\u00fcr Ihre Miniaturen<\/strong><\/p>\n<p>Diese Beh\u00e4lter wurden sorgf\u00e4ltig f\u00fcr die beliebtesten Wargaming-Ma\u00dfst\u00e4be von 28 mm und 32 mm entworfen und bilden den perfekten Rahmen f\u00fcr Ihre Truppen und Helden. Stell dir einen Veteranen der Imperialen Garde vor, der hinter einem 28-mm-Schiffscontainer kauert, w\u00e4hrend Laserbeschuss auf ihn niederprasselt, oder einen Hinterhalt eines Genestealer-Kults, der aus einem verrosteten Wrack springt, oder einen riesigen Ork-Meganobz, der einen umgest\u00fcrzten Container in eine bauf\u00e4llige Deckung verwandelt. Jeder Zentimeter dieser industriellen Hindernisse bereichert Ihre Tabletop-Erz\u00e4hlung.<\/p>\n<p><strong>Langlebige, anpassbare Schlachtfeld-Symbole<\/strong><\/p>\n<p>Diese aus robustem PLA gefertigten Beh\u00e4lter halten den Strapazen unz\u00e4hliger Wargames problemlos stand. Aber sie sind auch eine leere Leinwand f\u00fcr Ihre Kreativit\u00e4t. Unbemalt sind sie bereit, sich deinem vorhandenen Terrain anzupassen oder deine Verwitterungstechniken zu entfesseln. Verwandeln Sie sie in gef\u00e4hrliche Chemikalienf\u00e4sser, rostzerfressene Relikte, Festungen mit Fraktionszeichen oder flicken Sie sie mit Metallschrott, um den Look eines reparierten Schlachtfelds zu erzielen.<\/p>\n<p><strong>Taktische Abwechslung sorgt f\u00fcr intensives Gameplay<\/strong><\/p>\n<p>Diese Container sind mehr als nur eine statische Kulisse, sie zwingen zu Entscheidungen und er\u00f6ffnen endlose taktische M\u00f6glichkeiten. Blockieren Sie die Sichtlinien f\u00fcr verheerende Hinterhalte, schaffen Sie Engp\u00e4sse, um Angreifer einzukesseln, stapeln Sie sie zu drohenden Au\u00dfenposten&#8230; sogar ihre Innenr\u00e4ume k\u00f6nnen in Nahk\u00e4mpfen Teil des Kampfes werden. Ob ein ausgedehntes Industriegebiet oder ein verzweifeltes letztes Gefecht, dieses Set unterst\u00fctzt Spieler und Spielleiter gleicherma\u00dfen.<\/p>\n<p><strong>Unbox Them &#8211; Entfessle die Action!<\/strong><\/p>\n<p>Keine Montage bedeutet, dass der n\u00e4chste Kampf fr\u00fcher beginnt. Konzentrieren Sie sich auf die strategische Planung, die Aufstellung Ihrer Truppen und die Erschaffung unvergesslicher Kampfgeschichten mit diesen detaillierten Gel\u00e4ndest\u00fccken.<\/p>\n<p><strong>Verleihen Sie Ihrem Wargaming mehr Grit und taktische Tiefe &#8211; bestellen Sie noch heute Ihre 28mm Shipping Containers!<\/strong><\/p>\n","protected":false},"excerpt":{"rendered":"<p>Verwandeln Sie Ihre Spielfl\u00e4che mit diesen 28mm Wargaming-Schiffscontainern in ein trostloses Kriegsgebiet oder industrielles \u00d6dland. Dieses 4-teilige Set wurde speziell f\u00fcr Wargames im 28-mm- und 32-mm-Ma\u00dfstab entwickelt und verleiht deinen Warhammer 40k-, Necromunda-, Kill Team-, Infinity- oder anderen Modern\/Sci-Fi-Scharm\u00fctzeln d\u00fcsteren Realismus, Deckungsm\u00f6glichkeiten und taktische Tiefe.<\/p>\n","protected":false},"featured_media":17795,"comment_status":"open","ping_status":"closed","template":"","meta":[],"product_cat":[2717],"product_tag":[2952,2951,2948,2942,2751,2950,2940,2945,2939,2937,2938,2947,2944,2943,2946,2941,2949],"yoast_head":"<!-- This site is optimized with the Yoast SEO Premium plugin v22.9 (Yoast SEO v22.9) - https:\/\/yoast.com\/wordpress\/plugins\/seo\/ -->\n<title>28mm Wargaming-Schiffscontainer: f\u00fcr Ihre Schlachtfelder<\/title>\n<meta name=\"description\" content=\"Verbessere deine Warhammer 40k- und Necromunda-Schlachtfelder mit detaillierten 28mm-Schiffscontainern. Ideal f\u00fcr den Aufbau eines realistischen, d\u00fcsteren Gel\u00e4ndes.\" \/>\n<meta name=\"robots\" content=\"index, follow, max-snippet:-1, max-image-preview:large, max-video-preview:-1\" \/>\n<link rel=\"canonical\" href=\"https:\/\/3dvikingsstore.com\/de\/shop\/kriegsfuehrungs-versandcontainer\/\" \/>\n<meta property=\"og:locale\" content=\"de_DE\" \/>\n<meta property=\"og:type\" content=\"article\" \/>\n<meta property=\"og:title\" content=\"Kriegsf\u00fchrungs-Versandcontainer: F\u00fcr deine Tabletop-Schlachtfelder (4-teiliges Set)\" \/>\n<meta property=\"og:description\" content=\"Verbessere deine Warhammer 40k- und Necromunda-Schlachtfelder mit detaillierten 28mm-Schiffscontainern. Ideal f\u00fcr den Aufbau eines realistischen, d\u00fcsteren Gel\u00e4ndes.\" \/>\n<meta property=\"og:url\" content=\"https:\/\/3dvikingsstore.com\/de\/shop\/kriegsfuehrungs-versandcontainer\/\" \/>\n<meta property=\"og:site_name\" content=\"3D Vikings Store\" \/>\n<meta property=\"article:modified_time\" content=\"2024-02-14T09:27:30+00:00\" \/>\n<meta property=\"og:image\" content=\"https:\/\/3dvikingsstore.com\/wp-content\/uploads\/2024\/02\/DSC_7131-1024x1024.png\" \/>\n\t<meta property=\"og:image:width\" content=\"1024\" \/>\n\t<meta property=\"og:image:height\" content=\"1024\" \/>\n\t<meta property=\"og:image:type\" content=\"image\/png\" \/>\n<meta name=\"twitter:card\" content=\"summary_large_image\" \/>\n<meta name=\"twitter:label1\" content=\"Gesch\u00e4tzte Lesezeit\" \/>\n\t<meta name=\"twitter:data1\" content=\"2\u00a0Minuten\" \/>\n<script type=\"application\/ld+json\" class=\"yoast-schema-graph\">{\"@context\":\"https:\/\/schema.org\",\"@graph\":[{\"@type\":[\"WebPage\",\"ItemPage\"],\"@id\":\"https:\/\/3dvikingsstore.com\/de\/shop\/kriegsfuehrungs-versandcontainer\/\",\"url\":\"https:\/\/3dvikingsstore.com\/de\/shop\/kriegsfuehrungs-versandcontainer\/\",\"name\":\"28mm Wargaming-Schiffscontainer: f\u00fcr Ihre Schlachtfelder\",\"isPartOf\":{\"@id\":\"https:\/\/3dvikingsstore.com\/de\/#website\"},\"primaryImageOfPage\":{\"@id\":\"https:\/\/3dvikingsstore.com\/de\/shop\/kriegsfuehrungs-versandcontainer\/#primaryimage\"},\"image\":{\"@id\":\"https:\/\/3dvikingsstore.com\/de\/shop\/kriegsfuehrungs-versandcontainer\/#primaryimage\"},\"thumbnailUrl\":\"https:\/\/3dvikingsstore.com\/wp-content\/uploads\/2024\/02\/DSC_7131.png\",\"datePublished\":\"2024-02-14T09:05:32+00:00\",\"dateModified\":\"2024-02-14T09:27:30+00:00\",\"description\":\"Verbessere deine Warhammer 40k- und Necromunda-Schlachtfelder mit detaillierten 28mm-Schiffscontainern. Ideal f\u00fcr den Aufbau eines realistischen, d\u00fcsteren Gel\u00e4ndes.\",\"breadcrumb\":{\"@id\":\"https:\/\/3dvikingsstore.com\/de\/shop\/kriegsfuehrungs-versandcontainer\/#breadcrumb\"},\"inLanguage\":\"de\",\"potentialAction\":[{\"@type\":\"ReadAction\",\"target\":[\"https:\/\/3dvikingsstore.com\/de\/shop\/kriegsfuehrungs-versandcontainer\/\"]}]},{\"@type\":\"ImageObject\",\"inLanguage\":\"de\",\"@id\":\"https:\/\/3dvikingsstore.com\/de\/shop\/kriegsfuehrungs-versandcontainer\/#primaryimage\",\"url\":\"https:\/\/3dvikingsstore.com\/wp-content\/uploads\/2024\/02\/DSC_7131.png\",\"contentUrl\":\"https:\/\/3dvikingsstore.com\/wp-content\/uploads\/2024\/02\/DSC_7131.png\",\"width\":3558,\"height\":3558,\"caption\":\"wargaming shipping containers\"},{\"@type\":\"BreadcrumbList\",\"@id\":\"https:\/\/3dvikingsstore.com\/de\/shop\/kriegsfuehrungs-versandcontainer\/#breadcrumb\",\"itemListElement\":[{\"@type\":\"ListItem\",\"position\":1,\"name\":\"Home\",\"item\":\"https:\/\/3dvikingsstore.com\/de\/\"},{\"@type\":\"ListItem\",\"position\":2,\"name\":\"Gesch\u00e4ft\",\"item\":\"https:\/\/3dvikingsstore.com\/shop\/\"},{\"@type\":\"ListItem\",\"position\":3,\"name\":\"Kriegsf\u00fchrungs-Versandcontainer: F\u00fcr deine Tabletop-Schlachtfelder (4-teiliges Set)\"}]},{\"@type\":\"WebSite\",\"@id\":\"https:\/\/3dvikingsstore.com\/de\/#website\",\"url\":\"https:\/\/3dvikingsstore.com\/de\/\",\"name\":\"3D Vikings Store\",\"description\":\"Scenery and Accessories for Tabletop and Board Games\",\"publisher\":{\"@id\":\"https:\/\/3dvikingsstore.com\/de\/#organization\"},\"potentialAction\":[{\"@type\":\"SearchAction\",\"target\":{\"@type\":\"EntryPoint\",\"urlTemplate\":\"https:\/\/3dvikingsstore.com\/de\/?s={search_term_string}\"},\"query-input\":\"required name=search_term_string\"}],\"inLanguage\":\"de\"},{\"@type\":\"Organization\",\"@id\":\"https:\/\/3dvikingsstore.com\/de\/#organization\",\"name\":\"3D Vikings Store\",\"url\":\"https:\/\/3dvikingsstore.com\/de\/\",\"logo\":{\"@type\":\"ImageObject\",\"inLanguage\":\"de\",\"@id\":\"https:\/\/3dvikingsstore.com\/de\/#\/schema\/logo\/image\/\",\"url\":\"https:\/\/3dvikingsstore.com\/wp-content\/uploads\/2020\/03\/3dvikings-logo-karge-white.jpg\",\"contentUrl\":\"https:\/\/3dvikingsstore.com\/wp-content\/uploads\/2020\/03\/3dvikings-logo-karge-white.jpg\",\"width\":800,\"height\":800,\"caption\":\"3D Vikings Store\"},\"image\":{\"@id\":\"https:\/\/3dvikingsstore.com\/de\/#\/schema\/logo\/image\/\"}}]}<\/script>\n<!-- \/ Yoast SEO Premium plugin. -->","yoast_head_json":{"title":"28mm Wargaming-Schiffscontainer: f\u00fcr Ihre Schlachtfelder","description":"Verbessere deine Warhammer 40k- und Necromunda-Schlachtfelder mit detaillierten 28mm-Schiffscontainern. Ideal f\u00fcr den Aufbau eines realistischen, d\u00fcsteren Gel\u00e4ndes.","robots":{"index":"index","follow":"follow","max-snippet":"max-snippet:-1","max-image-preview":"max-image-preview:large","max-video-preview":"max-video-preview:-1"},"canonical":"https:\/\/3dvikingsstore.com\/de\/shop\/kriegsfuehrungs-versandcontainer\/","og_locale":"de_DE","og_type":"article","og_title":"Kriegsf\u00fchrungs-Versandcontainer: F\u00fcr deine Tabletop-Schlachtfelder (4-teiliges Set)","og_description":"Verbessere deine Warhammer 40k- und Necromunda-Schlachtfelder mit detaillierten 28mm-Schiffscontainern. Ideal f\u00fcr den Aufbau eines realistischen, d\u00fcsteren Gel\u00e4ndes.","og_url":"https:\/\/3dvikingsstore.com\/de\/shop\/kriegsfuehrungs-versandcontainer\/","og_site_name":"3D Vikings Store","article_modified_time":"2024-02-14T09:27:30+00:00","og_image":[{"width":1024,"height":1024,"url":"https:\/\/3dvikingsstore.com\/wp-content\/uploads\/2024\/02\/DSC_7131-1024x1024.png","type":"image\/png"}],"twitter_card":"summary_large_image","twitter_misc":{"Gesch\u00e4tzte Lesezeit":"2\u00a0Minuten"},"schema":{"@context":"https:\/\/schema.org","@graph":[{"@type":["WebPage","ItemPage"],"@id":"https:\/\/3dvikingsstore.com\/de\/shop\/kriegsfuehrungs-versandcontainer\/","url":"https:\/\/3dvikingsstore.com\/de\/shop\/kriegsfuehrungs-versandcontainer\/","name":"28mm Wargaming-Schiffscontainer: f\u00fcr Ihre Schlachtfelder","isPartOf":{"@id":"https:\/\/3dvikingsstore.com\/de\/#website"},"primaryImageOfPage":{"@id":"https:\/\/3dvikingsstore.com\/de\/shop\/kriegsfuehrungs-versandcontainer\/#primaryimage"},"image":{"@id":"https:\/\/3dvikingsstore.com\/de\/shop\/kriegsfuehrungs-versandcontainer\/#primaryimage"},"thumbnailUrl":"https:\/\/3dvikingsstore.com\/wp-content\/uploads\/2024\/02\/DSC_7131.png","datePublished":"2024-02-14T09:05:32+00:00","dateModified":"2024-02-14T09:27:30+00:00","description":"Verbessere deine Warhammer 40k- und Necromunda-Schlachtfelder mit detaillierten 28mm-Schiffscontainern. Ideal f\u00fcr den Aufbau eines realistischen, d\u00fcsteren Gel\u00e4ndes.","breadcrumb":{"@id":"https:\/\/3dvikingsstore.com\/de\/shop\/kriegsfuehrungs-versandcontainer\/#breadcrumb"},"inLanguage":"de","potentialAction":[{"@type":"ReadAction","target":["https:\/\/3dvikingsstore.com\/de\/shop\/kriegsfuehrungs-versandcontainer\/"]}]},{"@type":"ImageObject","inLanguage":"de","@id":"https:\/\/3dvikingsstore.com\/de\/shop\/kriegsfuehrungs-versandcontainer\/#primaryimage","url":"https:\/\/3dvikingsstore.com\/wp-content\/uploads\/2024\/02\/DSC_7131.png","contentUrl":"https:\/\/3dvikingsstore.com\/wp-content\/uploads\/2024\/02\/DSC_7131.png","width":3558,"height":3558,"caption":"wargaming shipping containers"},{"@type":"BreadcrumbList","@id":"https:\/\/3dvikingsstore.com\/de\/shop\/kriegsfuehrungs-versandcontainer\/#breadcrumb","itemListElement":[{"@type":"ListItem","position":1,"name":"Home","item":"https:\/\/3dvikingsstore.com\/de\/"},{"@type":"ListItem","position":2,"name":"Gesch\u00e4ft","item":"https:\/\/3dvikingsstore.com\/shop\/"},{"@type":"ListItem","position":3,"name":"Kriegsf\u00fchrungs-Versandcontainer: F\u00fcr deine Tabletop-Schlachtfelder (4-teiliges Set)"}]},{"@type":"WebSite","@id":"https:\/\/3dvikingsstore.com\/de\/#website","url":"https:\/\/3dvikingsstore.com\/de\/","name":"3D Vikings Store","description":"Scenery and Accessories for Tabletop and Board Games","publisher":{"@id":"https:\/\/3dvikingsstore.com\/de\/#organization"},"potentialAction":[{"@type":"SearchAction","target":{"@type":"EntryPoint","urlTemplate":"https:\/\/3dvikingsstore.com\/de\/?s={search_term_string}"},"query-input":"required name=search_term_string"}],"inLanguage":"de"},{"@type":"Organization","@id":"https:\/\/3dvikingsstore.com\/de\/#organization","name":"3D Vikings Store","url":"https:\/\/3dvikingsstore.com\/de\/","logo":{"@type":"ImageObject","inLanguage":"de","@id":"https:\/\/3dvikingsstore.com\/de\/#\/schema\/logo\/image\/","url":"https:\/\/3dvikingsstore.com\/wp-content\/uploads\/2020\/03\/3dvikings-logo-karge-white.jpg","contentUrl":"https:\/\/3dvikingsstore.com\/wp-content\/uploads\/2020\/03\/3dvikings-logo-karge-white.jpg","width":800,"height":800,"caption":"3D Vikings Store"},"image":{"@id":"https:\/\/3dvikingsstore.com\/de\/#\/schema\/logo\/image\/"}}]}},"_links":{"self":[{"href":"https:\/\/3dvikingsstore.com\/de\/wp-json\/wp\/v2\/product\/17793"}],"collection":[{"href":"https:\/\/3dvikingsstore.com\/de\/wp-json\/wp\/v2\/product"}],"about":[{"href":"https:\/\/3dvikingsstore.com\/de\/wp-json\/wp\/v2\/types\/product"}],"replies":[{"embeddable":true,"href":"https:\/\/3dvikingsstore.com\/de\/wp-json\/wp\/v2\/comments?post=17793"}],"version-history":[{"count":4,"href":"https:\/\/3dvikingsstore.com\/de\/wp-json\/wp\/v2\/product\/17793\/revisions"}],"predecessor-version":[{"id":17806,"href":"https:\/\/3dvikingsstore.com\/de\/wp-json\/wp\/v2\/product\/17793\/revisions\/17806"}],"wp:featuredmedia":[{"embeddable":true,"href":"https:\/\/3dvikingsstore.com\/de\/wp-json\/wp\/v2\/media\/17795"}],"wp:attachment":[{"href":"https:\/\/3dvikingsstore.com\/de\/wp-json\/wp\/v2\/media?parent=17793"}],"wp:term":[{"taxonomy":"product_cat","embeddable":true,"href":"https:\/\/3dvikingsstore.com\/de\/wp-json\/wp\/v2\/product_cat?post=17793"},{"taxonomy":"product_tag","embeddable":true,"href":"https:\/\/3dvikingsstore.com\/de\/wp-json\/wp\/v2\/product_tag?post=17793"}],"curies":[{"name":"wp","href":"https:\/\/api.w.org\/{rel}","templated":true}]}}