{"id":17780,"date":"2024-02-13T21:29:35","date_gmt":"2024-02-13T19:29:35","guid":{"rendered":"https:\/\/3dvikingsstore.com\/?post_type=product&#038;p=17780"},"modified":"2024-02-18T17:48:14","modified_gmt":"2024-02-18T15:48:14","slug":"shanty-hindernis-set","status":"publish","type":"product","link":"https:\/\/3dvikingsstore.com\/de\/shop\/shanty-hindernis-set\/","title":{"rendered":"Shanty-Hindernis-Set: Bauen Sie d\u00fcstere Schlachtenlandschaften f\u00fcr Ihre Miniaturen"},"content":{"rendered":"<p>In der sich ausbreitenden Unterwelt der Imperien wimmelt es von Leben &#8230; und Konflikten. Egal, ob es sich um den verzweifelten Zufluchtsort von Pl\u00fcnderern in einer gefallenen Bienenstockstadt oder um die befestigten Tr\u00fcmmer handelt, die von brutalen Banden erobert wurden, dieses 7-teilige Shanty-Hindernis-Set bringt diese verzweifelten, behelfsm\u00e4\u00dfigen Strukturen auf dein Spielfeld.<\/p>\n<p><strong>Hergestellt f\u00fcr Ihre 28mm-Krieger<\/strong><\/p>\n<p>Jedes der detailliert ausgearbeiteten Teile l\u00e4sst deine 28mm-Miniaturen in eine Welt des brutalen \u00dcberlebens eintauchen. Dieses Set verwandelt sterile Schlachtfelder in umk\u00e4mpfte Schrottpl\u00e4tze und verfallene H\u00fctten. Stellen Sie sich vor, wie Ihre abgeh\u00e4rteten Veteranen zwischen rostigen Treibstofff\u00e4ssern Schutz suchen, Infiltratoren behelfsm\u00e4\u00dfige Wacht\u00fcrme erklimmen oder monstr\u00f6se Feinde durch fadenscheinige Barackenw\u00e4nde brechen.<\/p>\n<p><strong>Langlebigkeit f\u00fcr intensive Kampagnen<\/strong><\/p>\n<p>Diese Hindernisse, die mit der robusten PLA gebaut wurden, trotzen dem Chaos Ihrer Kampagnen. Ob weitl\u00e4ufige Barackensiedlung oder dicht gedr\u00e4ngtes Industriegebiet, jede verwitterte Oberfl\u00e4che und jedes verbeulte Schott h\u00e4lt dem Geschehen stand und bietet Stoff f\u00fcr unz\u00e4hlige Erz\u00e4hlungen.<\/p>\n<p><strong>Malen Sie Ihre \u00d6dland-Landschaft<\/strong><\/p>\n<p>Diese Baracken werden unbemalt geliefert &#8211; eine leere Leinwand f\u00fcr Ihre Kreativit\u00e4t. Werden sie sich in eine giftige Ein\u00f6de einf\u00fcgen, die Narben von Bandenkriegen tragen oder mit gestohlener imperialer Technologie gl\u00e4nzen? Es ist Ihre Geschichte, die Sie mit jedem Pinselstrich erz\u00e4hlen.<\/p>\n<p><strong>Kampfbereit aus der Box heraus<\/strong><\/p>\n<p>Entfesseln Sie Ihre Kr\u00e4fte sofort &#8211; kein Zusammenbau bedeutet, dass der Fokus dort bleibt, wo er hingeh\u00f6rt, auf dem Kampf ums \u00dcberleben! F\u00fcgen Sie verzweifelten Schie\u00dfereien mehr Tiefe hinzu, schaffen Sie Engp\u00e4sse f\u00fcr brutale Nahk\u00e4mpfe oder weben Sie ein dichtes Labyrinth aus behelfsm\u00e4\u00dfigen Unterst\u00e4nden f\u00fcr Stealth-Missionen.<\/p>\n<p><strong>Erweitern Sie Ihr Schlachtfeld noch heute!<\/strong><\/p>\n<p><strong>Ideal f\u00fcr:<\/strong><\/p>\n<ul>\n<li>Tabletop-Rollenspiele (Sci-Fi, postapokalyptisch, Cyberpunk, Grimdark-Fantasy)<\/li>\n<li>Kriegsspiele (Warhammer 40K, Necromunda, Infinity, Kill Team, usw.)<\/li>\n<li>Dioramen-\/Gel\u00e4ndebau-Enthusiasten, die den industriellen Verfall suchen<\/li>\n<\/ul>\n<p><strong>Schmieden Sie unvergessliche, d\u00fcstere Geschichten &#8211; machen Sie dieses Shanty-Set zur Kulisse f\u00fcr Ihren n\u00e4chsten Tabletop-Konflikt!<\/strong><\/p>\n","protected":false},"excerpt":{"rendered":"<p>In der sich ausbreitenden Unterwelt der Imperien wimmelt es von Leben &#8230; und Konflikten. Egal, ob es sich um den verzweifelten Zufluchtsort von Pl\u00fcnderern in einer gefallenen Bienenstockstadt oder um die befestigten Tr\u00fcmmer handelt, die von brutalen Banden erobert wurden, dieses 7-teilige Shanty-Hindernis-Set bringt diese verzweifelten, behelfsm\u00e4\u00dfigen Strukturen auf dein Spielfeld.<\/p>\n","protected":false},"featured_media":17782,"comment_status":"open","ping_status":"closed","template":"","meta":[],"product_cat":[2717],"product_tag":[2952,2951,2948,2942,2751,2950,2940,2945,2939,2937,2938,2947,2944,2943,2946,2941,2949],"yoast_head":"<!-- This site is optimized with the Yoast SEO Premium plugin v22.9 (Yoast SEO v22.9) - https:\/\/yoast.com\/wordpress\/plugins\/seo\/ -->\n<title>Shanty-Hindernis-Set: Bauen Sie d\u00fcstere Schlachtenlandschaften f\u00fcr Ihre Miniaturen<\/title>\n<meta name=\"description\" content=\"Industrieh\u00fctten-Hindernis-Set f\u00fcr Tabletop-RPG-Kulissen und Wargame-Gel\u00e4nde. Perfekt f\u00fcr 28mm Miniaturen. Anpassbar, langlebig, d\u00fcstere \u00c4sthetik.\" \/>\n<meta name=\"robots\" content=\"index, follow, max-snippet:-1, max-image-preview:large, max-video-preview:-1\" \/>\n<link rel=\"canonical\" href=\"https:\/\/3dvikingsstore.com\/de\/shop\/shanty-hindernis-set\/\" \/>\n<meta property=\"og:locale\" content=\"de_DE\" \/>\n<meta property=\"og:type\" content=\"article\" \/>\n<meta property=\"og:title\" content=\"Shanty-Hindernis-Set: Bauen Sie d\u00fcstere Schlachtenlandschaften f\u00fcr Ihre Miniaturen\" \/>\n<meta property=\"og:description\" content=\"Industrieh\u00fctten-Hindernis-Set f\u00fcr Tabletop-RPG-Kulissen und Wargame-Gel\u00e4nde. Perfekt f\u00fcr 28mm Miniaturen. Anpassbar, langlebig, d\u00fcstere \u00c4sthetik.\" \/>\n<meta property=\"og:url\" content=\"https:\/\/3dvikingsstore.com\/de\/shop\/shanty-hindernis-set\/\" \/>\n<meta property=\"og:site_name\" content=\"3D Vikings Store\" \/>\n<meta property=\"article:modified_time\" content=\"2024-02-18T15:48:14+00:00\" \/>\n<meta property=\"og:image\" content=\"https:\/\/3dvikingsstore.com\/wp-content\/uploads\/2024\/02\/Shanty-obstacles-1024x768.png\" \/>\n\t<meta property=\"og:image:width\" content=\"1024\" \/>\n\t<meta property=\"og:image:height\" content=\"768\" \/>\n\t<meta property=\"og:image:type\" content=\"image\/png\" \/>\n<meta name=\"twitter:card\" content=\"summary_large_image\" \/>\n<meta name=\"twitter:label1\" content=\"Gesch\u00e4tzte Lesezeit\" \/>\n\t<meta name=\"twitter:data1\" content=\"2\u00a0Minuten\" \/>\n<script type=\"application\/ld+json\" class=\"yoast-schema-graph\">{\"@context\":\"https:\/\/schema.org\",\"@graph\":[{\"@type\":[\"WebPage\",\"ItemPage\"],\"@id\":\"https:\/\/3dvikingsstore.com\/de\/shop\/shanty-hindernis-set\/\",\"url\":\"https:\/\/3dvikingsstore.com\/de\/shop\/shanty-hindernis-set\/\",\"name\":\"Shanty-Hindernis-Set: Bauen Sie d\u00fcstere Schlachtenlandschaften f\u00fcr Ihre Miniaturen\",\"isPartOf\":{\"@id\":\"https:\/\/3dvikingsstore.com\/de\/#website\"},\"primaryImageOfPage\":{\"@id\":\"https:\/\/3dvikingsstore.com\/de\/shop\/shanty-hindernis-set\/#primaryimage\"},\"image\":{\"@id\":\"https:\/\/3dvikingsstore.com\/de\/shop\/shanty-hindernis-set\/#primaryimage\"},\"thumbnailUrl\":\"https:\/\/3dvikingsstore.com\/wp-content\/uploads\/2024\/02\/Shanty-obstacles.png\",\"datePublished\":\"2024-02-13T19:29:35+00:00\",\"dateModified\":\"2024-02-18T15:48:14+00:00\",\"description\":\"Industrieh\u00fctten-Hindernis-Set f\u00fcr Tabletop-RPG-Kulissen und Wargame-Gel\u00e4nde. Perfekt f\u00fcr 28mm Miniaturen. Anpassbar, langlebig, d\u00fcstere \u00c4sthetik.\",\"breadcrumb\":{\"@id\":\"https:\/\/3dvikingsstore.com\/de\/shop\/shanty-hindernis-set\/#breadcrumb\"},\"inLanguage\":\"de\",\"potentialAction\":[{\"@type\":\"ReadAction\",\"target\":[\"https:\/\/3dvikingsstore.com\/de\/shop\/shanty-hindernis-set\/\"]}]},{\"@type\":\"ImageObject\",\"inLanguage\":\"de\",\"@id\":\"https:\/\/3dvikingsstore.com\/de\/shop\/shanty-hindernis-set\/#primaryimage\",\"url\":\"https:\/\/3dvikingsstore.com\/wp-content\/uploads\/2024\/02\/Shanty-obstacles.png\",\"contentUrl\":\"https:\/\/3dvikingsstore.com\/wp-content\/uploads\/2024\/02\/Shanty-obstacles.png\",\"width\":3132,\"height\":2349,\"caption\":\"Industrial shanty obstacle scatter terrain\"},{\"@type\":\"BreadcrumbList\",\"@id\":\"https:\/\/3dvikingsstore.com\/de\/shop\/shanty-hindernis-set\/#breadcrumb\",\"itemListElement\":[{\"@type\":\"ListItem\",\"position\":1,\"name\":\"Home\",\"item\":\"https:\/\/3dvikingsstore.com\/de\/\"},{\"@type\":\"ListItem\",\"position\":2,\"name\":\"Gesch\u00e4ft\",\"item\":\"https:\/\/3dvikingsstore.com\/shop\/\"},{\"@type\":\"ListItem\",\"position\":3,\"name\":\"Shanty-Hindernis-Set: Bauen Sie d\u00fcstere Schlachtenlandschaften f\u00fcr Ihre Miniaturen\"}]},{\"@type\":\"WebSite\",\"@id\":\"https:\/\/3dvikingsstore.com\/de\/#website\",\"url\":\"https:\/\/3dvikingsstore.com\/de\/\",\"name\":\"3D Vikings Store\",\"description\":\"Scenery and Accessories for Tabletop and Board Games\",\"publisher\":{\"@id\":\"https:\/\/3dvikingsstore.com\/de\/#organization\"},\"potentialAction\":[{\"@type\":\"SearchAction\",\"target\":{\"@type\":\"EntryPoint\",\"urlTemplate\":\"https:\/\/3dvikingsstore.com\/de\/?s={search_term_string}\"},\"query-input\":\"required name=search_term_string\"}],\"inLanguage\":\"de\"},{\"@type\":\"Organization\",\"@id\":\"https:\/\/3dvikingsstore.com\/de\/#organization\",\"name\":\"3D Vikings Store\",\"url\":\"https:\/\/3dvikingsstore.com\/de\/\",\"logo\":{\"@type\":\"ImageObject\",\"inLanguage\":\"de\",\"@id\":\"https:\/\/3dvikingsstore.com\/de\/#\/schema\/logo\/image\/\",\"url\":\"https:\/\/3dvikingsstore.com\/wp-content\/uploads\/2020\/03\/3dvikings-logo-karge-white.jpg\",\"contentUrl\":\"https:\/\/3dvikingsstore.com\/wp-content\/uploads\/2020\/03\/3dvikings-logo-karge-white.jpg\",\"width\":800,\"height\":800,\"caption\":\"3D Vikings Store\"},\"image\":{\"@id\":\"https:\/\/3dvikingsstore.com\/de\/#\/schema\/logo\/image\/\"}}]}<\/script>\n<!-- \/ Yoast SEO Premium plugin. -->","yoast_head_json":{"title":"Shanty-Hindernis-Set: Bauen Sie d\u00fcstere Schlachtenlandschaften f\u00fcr Ihre Miniaturen","description":"Industrieh\u00fctten-Hindernis-Set f\u00fcr Tabletop-RPG-Kulissen und Wargame-Gel\u00e4nde. Perfekt f\u00fcr 28mm Miniaturen. Anpassbar, langlebig, d\u00fcstere \u00c4sthetik.","robots":{"index":"index","follow":"follow","max-snippet":"max-snippet:-1","max-image-preview":"max-image-preview:large","max-video-preview":"max-video-preview:-1"},"canonical":"https:\/\/3dvikingsstore.com\/de\/shop\/shanty-hindernis-set\/","og_locale":"de_DE","og_type":"article","og_title":"Shanty-Hindernis-Set: Bauen Sie d\u00fcstere Schlachtenlandschaften f\u00fcr Ihre Miniaturen","og_description":"Industrieh\u00fctten-Hindernis-Set f\u00fcr Tabletop-RPG-Kulissen und Wargame-Gel\u00e4nde. Perfekt f\u00fcr 28mm Miniaturen. Anpassbar, langlebig, d\u00fcstere \u00c4sthetik.","og_url":"https:\/\/3dvikingsstore.com\/de\/shop\/shanty-hindernis-set\/","og_site_name":"3D Vikings Store","article_modified_time":"2024-02-18T15:48:14+00:00","og_image":[{"width":1024,"height":768,"url":"https:\/\/3dvikingsstore.com\/wp-content\/uploads\/2024\/02\/Shanty-obstacles-1024x768.png","type":"image\/png"}],"twitter_card":"summary_large_image","twitter_misc":{"Gesch\u00e4tzte Lesezeit":"2\u00a0Minuten"},"schema":{"@context":"https:\/\/schema.org","@graph":[{"@type":["WebPage","ItemPage"],"@id":"https:\/\/3dvikingsstore.com\/de\/shop\/shanty-hindernis-set\/","url":"https:\/\/3dvikingsstore.com\/de\/shop\/shanty-hindernis-set\/","name":"Shanty-Hindernis-Set: Bauen Sie d\u00fcstere Schlachtenlandschaften f\u00fcr Ihre Miniaturen","isPartOf":{"@id":"https:\/\/3dvikingsstore.com\/de\/#website"},"primaryImageOfPage":{"@id":"https:\/\/3dvikingsstore.com\/de\/shop\/shanty-hindernis-set\/#primaryimage"},"image":{"@id":"https:\/\/3dvikingsstore.com\/de\/shop\/shanty-hindernis-set\/#primaryimage"},"thumbnailUrl":"https:\/\/3dvikingsstore.com\/wp-content\/uploads\/2024\/02\/Shanty-obstacles.png","datePublished":"2024-02-13T19:29:35+00:00","dateModified":"2024-02-18T15:48:14+00:00","description":"Industrieh\u00fctten-Hindernis-Set f\u00fcr Tabletop-RPG-Kulissen und Wargame-Gel\u00e4nde. Perfekt f\u00fcr 28mm Miniaturen. Anpassbar, langlebig, d\u00fcstere \u00c4sthetik.","breadcrumb":{"@id":"https:\/\/3dvikingsstore.com\/de\/shop\/shanty-hindernis-set\/#breadcrumb"},"inLanguage":"de","potentialAction":[{"@type":"ReadAction","target":["https:\/\/3dvikingsstore.com\/de\/shop\/shanty-hindernis-set\/"]}]},{"@type":"ImageObject","inLanguage":"de","@id":"https:\/\/3dvikingsstore.com\/de\/shop\/shanty-hindernis-set\/#primaryimage","url":"https:\/\/3dvikingsstore.com\/wp-content\/uploads\/2024\/02\/Shanty-obstacles.png","contentUrl":"https:\/\/3dvikingsstore.com\/wp-content\/uploads\/2024\/02\/Shanty-obstacles.png","width":3132,"height":2349,"caption":"Industrial shanty obstacle scatter terrain"},{"@type":"BreadcrumbList","@id":"https:\/\/3dvikingsstore.com\/de\/shop\/shanty-hindernis-set\/#breadcrumb","itemListElement":[{"@type":"ListItem","position":1,"name":"Home","item":"https:\/\/3dvikingsstore.com\/de\/"},{"@type":"ListItem","position":2,"name":"Gesch\u00e4ft","item":"https:\/\/3dvikingsstore.com\/shop\/"},{"@type":"ListItem","position":3,"name":"Shanty-Hindernis-Set: Bauen Sie d\u00fcstere Schlachtenlandschaften f\u00fcr Ihre Miniaturen"}]},{"@type":"WebSite","@id":"https:\/\/3dvikingsstore.com\/de\/#website","url":"https:\/\/3dvikingsstore.com\/de\/","name":"3D Vikings Store","description":"Scenery and Accessories for Tabletop and Board Games","publisher":{"@id":"https:\/\/3dvikingsstore.com\/de\/#organization"},"potentialAction":[{"@type":"SearchAction","target":{"@type":"EntryPoint","urlTemplate":"https:\/\/3dvikingsstore.com\/de\/?s={search_term_string}"},"query-input":"required name=search_term_string"}],"inLanguage":"de"},{"@type":"Organization","@id":"https:\/\/3dvikingsstore.com\/de\/#organization","name":"3D Vikings Store","url":"https:\/\/3dvikingsstore.com\/de\/","logo":{"@type":"ImageObject","inLanguage":"de","@id":"https:\/\/3dvikingsstore.com\/de\/#\/schema\/logo\/image\/","url":"https:\/\/3dvikingsstore.com\/wp-content\/uploads\/2020\/03\/3dvikings-logo-karge-white.jpg","contentUrl":"https:\/\/3dvikingsstore.com\/wp-content\/uploads\/2020\/03\/3dvikings-logo-karge-white.jpg","width":800,"height":800,"caption":"3D Vikings Store"},"image":{"@id":"https:\/\/3dvikingsstore.com\/de\/#\/schema\/logo\/image\/"}}]}},"_links":{"self":[{"href":"https:\/\/3dvikingsstore.com\/de\/wp-json\/wp\/v2\/product\/17780"}],"collection":[{"href":"https:\/\/3dvikingsstore.com\/de\/wp-json\/wp\/v2\/product"}],"about":[{"href":"https:\/\/3dvikingsstore.com\/de\/wp-json\/wp\/v2\/types\/product"}],"replies":[{"embeddable":true,"href":"https:\/\/3dvikingsstore.com\/de\/wp-json\/wp\/v2\/comments?post=17780"}],"version-history":[{"count":2,"href":"https:\/\/3dvikingsstore.com\/de\/wp-json\/wp\/v2\/product\/17780\/revisions"}],"predecessor-version":[{"id":17791,"href":"https:\/\/3dvikingsstore.com\/de\/wp-json\/wp\/v2\/product\/17780\/revisions\/17791"}],"wp:featuredmedia":[{"embeddable":true,"href":"https:\/\/3dvikingsstore.com\/de\/wp-json\/wp\/v2\/media\/17782"}],"wp:attachment":[{"href":"https:\/\/3dvikingsstore.com\/de\/wp-json\/wp\/v2\/media?parent=17780"}],"wp:term":[{"taxonomy":"product_cat","embeddable":true,"href":"https:\/\/3dvikingsstore.com\/de\/wp-json\/wp\/v2\/product_cat?post=17780"},{"taxonomy":"product_tag","embeddable":true,"href":"https:\/\/3dvikingsstore.com\/de\/wp-json\/wp\/v2\/product_tag?post=17780"}],"curies":[{"name":"wp","href":"https:\/\/api.w.org\/{rel}","templated":true}]}}