{"id":17774,"date":"2024-02-13T19:33:06","date_gmt":"2024-02-13T17:33:06","guid":{"rendered":"https:\/\/3dvikingsstore.com\/?post_type=product&#038;p=17774"},"modified":"2024-02-13T19:54:05","modified_gmt":"2024-02-13T17:54:05","slug":"industrielles-truemmerstreu-gelaende","status":"publish","type":"product","link":"https:\/\/3dvikingsstore.com\/de\/shop\/industrielles-truemmerstreu-gelaende\/","title":{"rendered":"Industrielles Tr\u00fcmmerstreu-Gel\u00e4nde: Immersive Warhammer 40k Schlachtfelder (28mm)"},"content":{"rendered":"<p>Inmitten der endlosen Kriege des 41. Jahrtausends zerfallen selbst die m\u00e4chtigsten Industriezentren&#8230; und machen sie zum perfekten Beutegebiet f\u00fcr jeden Ork, der etwas auf sich h\u00e4lt! Dieses massive 16-teilige Warhammer 40k-Gel\u00e4ndeset bringt Schrotthaufen, zerst\u00f6rte Gehwege und umgest\u00fcrzte Kriegsmaschinen direkt auf dein Tabletop. Es ist ein ganzes Schlachtfeld, das nur darauf wartet, ein Ork-Spielplatz zu werden! Jedes St\u00fcck Metall erz\u00e4hlt die Geschichte einer untergegangenen Industrie &#8211; aber noch wichtiger ist, dass es potenzielle Beute, Baumaterial und Schrott ist, um Streitigkeiten auf die gute alte Art und Weise beizulegen.<\/p>\n<p><strong>Merkmale: Baukl\u00f6tze f\u00fcr intensives Gameplay, dramatische Visuals &amp; Ork-tastischer Schrott<\/strong><\/p>\n<ul>\n<li><strong>Gebaut f\u00fcr die Grim-Dark und da Boyz:<\/strong> Jeder verbogene Balken und jede zerknitterte Maschine schreit nach Warhammer 40k &#8230; und endlosen Beutem\u00f6glichkeiten! Stellen Sie sich vor, wie Grots \u00fcber zertr\u00fcmmerte W\u00e4nde stapeln, Flash Gitz Tr\u00fcmmer in Deckung f\u00fcr ihre Sch\u00fcsse verwandeln oder der gr\u00f6\u00dfte Mekboy damit etwas besonders Kr\u00e4ftiges und Explosives basteln kann.<\/li>\n<li><strong>Heizen Sie Ihre Orky-Fantasie an:<\/strong> Diese Schlachtfeld-Ruinen sind nicht nur Kulisse! Benutze sie, um die anst\u00fcrmenden Slugga Boyz f\u00fcr eine richtige Schl\u00e4gerei zu b\u00fcndeln, errichte aus den gr\u00f6\u00dften Brocken behelfsm\u00e4\u00dfige Festungen und Plattformen oder markiere einfach, wo sich das ganze Vieh f\u00fcr eine brutale Schl\u00e4gerei nach der Schlacht versteckt.<\/li>\n<li><strong>Der perfekte Spielplatz f\u00fcr jede Gr\u00fcnhaut:<\/strong> Entwickelt f\u00fcr deine 28mm Jungs, egal ob Nobz zu Fu\u00df oder rasende Trukks, die Deckung brauchen, schrotthungrige Grots oder ein Stompa, der mehr Schrott als alles andere auf dem Schlachtfeld zerst\u00f6ren will.<\/li>\n<li><strong>Waaagh-freundliches Schlachtfeld:<\/strong> Wir haben die besten recycelten Ressourcen verwendet, die wir finden konnten (wahrscheinlich von einigen mickrigen Humie-Panzern), um diese kampftauglichen Ruinen zu bauen. Weniger bauen, mehr k\u00e4mpfen!<\/li>\n<li><strong>Bereit f\u00fcr Da Mek Workshop:<\/strong> Jedes St\u00fcck ist unbemalt und wartet darauf, dass du es richtig in Mitleidenschaft ziehst! Rost, Beute, Kampfnarben, Ork-Graffiti&#8230; die einzige Grenze ist dein Farbvorrat und wie brutal du es aussehen lassen willst.<\/li>\n<\/ul>\n<p><strong>Schmiede deinen schrottreifen Ork-Krieg! Bestellen Sie Ihr industrielles Tr\u00fcmmer-Set noch heute!<\/strong><\/p>\n<p><strong>Extra-Anpassungstipp:<\/strong> Dies ist bereits Schrott fit f\u00fcr eine proppa Waaagh!, aber nicht aufh\u00f6ren, da! Wirf zus\u00e4tzliche Glyphen auf, schnapp dir ein paar Ersatzwaffen und Bits f\u00fcr Beutestapel oder vielleicht ein oder zwei Grotten, die unter etwas stecken, das sie nie h\u00e4tten anfassen sollen. Denn wir alle wissen, dass es f\u00fcr die Orks nie zu viel Schrott geben kann!<\/p>\n","protected":false},"excerpt":{"rendered":"<p>Inmitten der endlosen Kriege des 41. Jahrtausends zerfallen selbst die m\u00e4chtigsten Industriezentren&#8230; und machen sie zum perfekten Beutegebiet f\u00fcr jeden Ork, der etwas auf sich h\u00e4lt! Dieses massive 16-teilige Warhammer 40k-Gel\u00e4ndeset bringt Schrotthaufen, zerst\u00f6rte Gehwege und umgest\u00fcrzte Kriegsmaschinen direkt auf dein Tabletop. Es ist ein ganzes Schlachtfeld, das nur darauf wartet, ein Ork-Spielplatz zu werden! Jedes St\u00fcck Metall erz\u00e4hlt die Geschichte einer untergegangenen Industrie &#8211; aber noch wichtiger ist, dass es potenzielle Beute, Baumaterial und Schrott ist, um Streitigkeiten auf die gute alte Art und Weise beizulegen.<\/p>\n","protected":false},"featured_media":16640,"comment_status":"open","ping_status":"closed","template":"","meta":[],"product_cat":[2717],"product_tag":[2952,2951,2948,2942,2751,2950,2940,2945,2939,2937,2938,2947,2944,2943,2946,2941,2949],"yoast_head":"<!-- This site is optimized with the Yoast SEO Premium plugin v22.9 (Yoast SEO v22.9) - https:\/\/yoast.com\/wordpress\/plugins\/seo\/ -->\n<title>Industrieschutt: Immersives Warhammer 40k Streugel\u00e4nde<\/title>\n<meta name=\"description\" content=\"Verwandle dein Warhammer 40k-Schlachtfeld in d\u00fcstere Industrieruinen. Ork-perfektes Warhammer 40k-Streugel\u00e4nde f\u00fcr strategische K\u00e4mpfe und brutale Optik.\" \/>\n<meta name=\"robots\" content=\"index, follow, max-snippet:-1, max-image-preview:large, max-video-preview:-1\" \/>\n<link rel=\"canonical\" href=\"https:\/\/3dvikingsstore.com\/de\/shop\/industrielles-truemmerstreu-gelaende\/\" \/>\n<meta property=\"og:locale\" content=\"de_DE\" \/>\n<meta property=\"og:type\" content=\"article\" \/>\n<meta property=\"og:title\" content=\"Industrielles Tr\u00fcmmerstreu-Gel\u00e4nde: Immersive Warhammer 40k Schlachtfelder (28mm)\" \/>\n<meta property=\"og:description\" content=\"Verwandle dein Warhammer 40k-Schlachtfeld in d\u00fcstere Industrieruinen. Ork-perfektes Warhammer 40k-Streugel\u00e4nde f\u00fcr strategische K\u00e4mpfe und brutale Optik.\" \/>\n<meta property=\"og:url\" content=\"https:\/\/3dvikingsstore.com\/de\/shop\/industrielles-truemmerstreu-gelaende\/\" \/>\n<meta property=\"og:site_name\" content=\"3D Vikings Store\" \/>\n<meta property=\"article:modified_time\" content=\"2024-02-13T17:54:05+00:00\" \/>\n<meta property=\"og:image\" content=\"https:\/\/3dvikingsstore.com\/wp-content\/uploads\/2024\/01\/DSC_6912-scaled.jpg\" \/>\n\t<meta property=\"og:image:width\" content=\"2560\" \/>\n\t<meta property=\"og:image:height\" content=\"2560\" \/>\n\t<meta property=\"og:image:type\" content=\"image\/jpeg\" \/>\n<meta name=\"twitter:card\" content=\"summary_large_image\" \/>\n<meta name=\"twitter:label1\" content=\"Gesch\u00e4tzte Lesezeit\" \/>\n\t<meta name=\"twitter:data1\" content=\"2\u00a0Minuten\" \/>\n<script type=\"application\/ld+json\" class=\"yoast-schema-graph\">{\"@context\":\"https:\/\/schema.org\",\"@graph\":[{\"@type\":[\"WebPage\",\"ItemPage\"],\"@id\":\"https:\/\/3dvikingsstore.com\/de\/shop\/industrielles-truemmerstreu-gelaende\/\",\"url\":\"https:\/\/3dvikingsstore.com\/de\/shop\/industrielles-truemmerstreu-gelaende\/\",\"name\":\"Industrieschutt: Immersives Warhammer 40k Streugel\u00e4nde\",\"isPartOf\":{\"@id\":\"https:\/\/3dvikingsstore.com\/de\/#website\"},\"primaryImageOfPage\":{\"@id\":\"https:\/\/3dvikingsstore.com\/de\/shop\/industrielles-truemmerstreu-gelaende\/#primaryimage\"},\"image\":{\"@id\":\"https:\/\/3dvikingsstore.com\/de\/shop\/industrielles-truemmerstreu-gelaende\/#primaryimage\"},\"thumbnailUrl\":\"https:\/\/3dvikingsstore.com\/wp-content\/uploads\/2024\/01\/DSC_6912-scaled.jpg\",\"datePublished\":\"2024-02-13T17:33:06+00:00\",\"dateModified\":\"2024-02-13T17:54:05+00:00\",\"description\":\"Verwandle dein Warhammer 40k-Schlachtfeld in d\u00fcstere Industrieruinen. Ork-perfektes Warhammer 40k-Streugel\u00e4nde f\u00fcr strategische K\u00e4mpfe und brutale Optik.\",\"breadcrumb\":{\"@id\":\"https:\/\/3dvikingsstore.com\/de\/shop\/industrielles-truemmerstreu-gelaende\/#breadcrumb\"},\"inLanguage\":\"de\",\"potentialAction\":[{\"@type\":\"ReadAction\",\"target\":[\"https:\/\/3dvikingsstore.com\/de\/shop\/industrielles-truemmerstreu-gelaende\/\"]}]},{\"@type\":\"ImageObject\",\"inLanguage\":\"de\",\"@id\":\"https:\/\/3dvikingsstore.com\/de\/shop\/industrielles-truemmerstreu-gelaende\/#primaryimage\",\"url\":\"https:\/\/3dvikingsstore.com\/wp-content\/uploads\/2024\/01\/DSC_6912-scaled.jpg\",\"contentUrl\":\"https:\/\/3dvikingsstore.com\/wp-content\/uploads\/2024\/01\/DSC_6912-scaled.jpg\",\"width\":2560,\"height\":2560},{\"@type\":\"BreadcrumbList\",\"@id\":\"https:\/\/3dvikingsstore.com\/de\/shop\/industrielles-truemmerstreu-gelaende\/#breadcrumb\",\"itemListElement\":[{\"@type\":\"ListItem\",\"position\":1,\"name\":\"Home\",\"item\":\"https:\/\/3dvikingsstore.com\/de\/\"},{\"@type\":\"ListItem\",\"position\":2,\"name\":\"Gesch\u00e4ft\",\"item\":\"https:\/\/3dvikingsstore.com\/shop\/\"},{\"@type\":\"ListItem\",\"position\":3,\"name\":\"Industrielles Tr\u00fcmmerstreu-Gel\u00e4nde: Immersive Warhammer 40k Schlachtfelder (28mm)\"}]},{\"@type\":\"WebSite\",\"@id\":\"https:\/\/3dvikingsstore.com\/de\/#website\",\"url\":\"https:\/\/3dvikingsstore.com\/de\/\",\"name\":\"3D Vikings Store\",\"description\":\"Scenery and Accessories for Tabletop and Board Games\",\"publisher\":{\"@id\":\"https:\/\/3dvikingsstore.com\/de\/#organization\"},\"potentialAction\":[{\"@type\":\"SearchAction\",\"target\":{\"@type\":\"EntryPoint\",\"urlTemplate\":\"https:\/\/3dvikingsstore.com\/de\/?s={search_term_string}\"},\"query-input\":\"required name=search_term_string\"}],\"inLanguage\":\"de\"},{\"@type\":\"Organization\",\"@id\":\"https:\/\/3dvikingsstore.com\/de\/#organization\",\"name\":\"3D Vikings Store\",\"url\":\"https:\/\/3dvikingsstore.com\/de\/\",\"logo\":{\"@type\":\"ImageObject\",\"inLanguage\":\"de\",\"@id\":\"https:\/\/3dvikingsstore.com\/de\/#\/schema\/logo\/image\/\",\"url\":\"https:\/\/3dvikingsstore.com\/wp-content\/uploads\/2020\/03\/3dvikings-logo-karge-white.jpg\",\"contentUrl\":\"https:\/\/3dvikingsstore.com\/wp-content\/uploads\/2020\/03\/3dvikings-logo-karge-white.jpg\",\"width\":800,\"height\":800,\"caption\":\"3D Vikings Store\"},\"image\":{\"@id\":\"https:\/\/3dvikingsstore.com\/de\/#\/schema\/logo\/image\/\"}}]}<\/script>\n<!-- \/ Yoast SEO Premium plugin. -->","yoast_head_json":{"title":"Industrieschutt: Immersives Warhammer 40k Streugel\u00e4nde","description":"Verwandle dein Warhammer 40k-Schlachtfeld in d\u00fcstere Industrieruinen. Ork-perfektes Warhammer 40k-Streugel\u00e4nde f\u00fcr strategische K\u00e4mpfe und brutale Optik.","robots":{"index":"index","follow":"follow","max-snippet":"max-snippet:-1","max-image-preview":"max-image-preview:large","max-video-preview":"max-video-preview:-1"},"canonical":"https:\/\/3dvikingsstore.com\/de\/shop\/industrielles-truemmerstreu-gelaende\/","og_locale":"de_DE","og_type":"article","og_title":"Industrielles Tr\u00fcmmerstreu-Gel\u00e4nde: Immersive Warhammer 40k Schlachtfelder (28mm)","og_description":"Verwandle dein Warhammer 40k-Schlachtfeld in d\u00fcstere Industrieruinen. Ork-perfektes Warhammer 40k-Streugel\u00e4nde f\u00fcr strategische K\u00e4mpfe und brutale Optik.","og_url":"https:\/\/3dvikingsstore.com\/de\/shop\/industrielles-truemmerstreu-gelaende\/","og_site_name":"3D Vikings Store","article_modified_time":"2024-02-13T17:54:05+00:00","og_image":[{"width":2560,"height":2560,"url":"https:\/\/3dvikingsstore.com\/wp-content\/uploads\/2024\/01\/DSC_6912-scaled.jpg","type":"image\/jpeg"}],"twitter_card":"summary_large_image","twitter_misc":{"Gesch\u00e4tzte Lesezeit":"2\u00a0Minuten"},"schema":{"@context":"https:\/\/schema.org","@graph":[{"@type":["WebPage","ItemPage"],"@id":"https:\/\/3dvikingsstore.com\/de\/shop\/industrielles-truemmerstreu-gelaende\/","url":"https:\/\/3dvikingsstore.com\/de\/shop\/industrielles-truemmerstreu-gelaende\/","name":"Industrieschutt: Immersives Warhammer 40k Streugel\u00e4nde","isPartOf":{"@id":"https:\/\/3dvikingsstore.com\/de\/#website"},"primaryImageOfPage":{"@id":"https:\/\/3dvikingsstore.com\/de\/shop\/industrielles-truemmerstreu-gelaende\/#primaryimage"},"image":{"@id":"https:\/\/3dvikingsstore.com\/de\/shop\/industrielles-truemmerstreu-gelaende\/#primaryimage"},"thumbnailUrl":"https:\/\/3dvikingsstore.com\/wp-content\/uploads\/2024\/01\/DSC_6912-scaled.jpg","datePublished":"2024-02-13T17:33:06+00:00","dateModified":"2024-02-13T17:54:05+00:00","description":"Verwandle dein Warhammer 40k-Schlachtfeld in d\u00fcstere Industrieruinen. Ork-perfektes Warhammer 40k-Streugel\u00e4nde f\u00fcr strategische K\u00e4mpfe und brutale Optik.","breadcrumb":{"@id":"https:\/\/3dvikingsstore.com\/de\/shop\/industrielles-truemmerstreu-gelaende\/#breadcrumb"},"inLanguage":"de","potentialAction":[{"@type":"ReadAction","target":["https:\/\/3dvikingsstore.com\/de\/shop\/industrielles-truemmerstreu-gelaende\/"]}]},{"@type":"ImageObject","inLanguage":"de","@id":"https:\/\/3dvikingsstore.com\/de\/shop\/industrielles-truemmerstreu-gelaende\/#primaryimage","url":"https:\/\/3dvikingsstore.com\/wp-content\/uploads\/2024\/01\/DSC_6912-scaled.jpg","contentUrl":"https:\/\/3dvikingsstore.com\/wp-content\/uploads\/2024\/01\/DSC_6912-scaled.jpg","width":2560,"height":2560},{"@type":"BreadcrumbList","@id":"https:\/\/3dvikingsstore.com\/de\/shop\/industrielles-truemmerstreu-gelaende\/#breadcrumb","itemListElement":[{"@type":"ListItem","position":1,"name":"Home","item":"https:\/\/3dvikingsstore.com\/de\/"},{"@type":"ListItem","position":2,"name":"Gesch\u00e4ft","item":"https:\/\/3dvikingsstore.com\/shop\/"},{"@type":"ListItem","position":3,"name":"Industrielles Tr\u00fcmmerstreu-Gel\u00e4nde: Immersive Warhammer 40k Schlachtfelder (28mm)"}]},{"@type":"WebSite","@id":"https:\/\/3dvikingsstore.com\/de\/#website","url":"https:\/\/3dvikingsstore.com\/de\/","name":"3D Vikings Store","description":"Scenery and Accessories for Tabletop and Board Games","publisher":{"@id":"https:\/\/3dvikingsstore.com\/de\/#organization"},"potentialAction":[{"@type":"SearchAction","target":{"@type":"EntryPoint","urlTemplate":"https:\/\/3dvikingsstore.com\/de\/?s={search_term_string}"},"query-input":"required name=search_term_string"}],"inLanguage":"de"},{"@type":"Organization","@id":"https:\/\/3dvikingsstore.com\/de\/#organization","name":"3D Vikings Store","url":"https:\/\/3dvikingsstore.com\/de\/","logo":{"@type":"ImageObject","inLanguage":"de","@id":"https:\/\/3dvikingsstore.com\/de\/#\/schema\/logo\/image\/","url":"https:\/\/3dvikingsstore.com\/wp-content\/uploads\/2020\/03\/3dvikings-logo-karge-white.jpg","contentUrl":"https:\/\/3dvikingsstore.com\/wp-content\/uploads\/2020\/03\/3dvikings-logo-karge-white.jpg","width":800,"height":800,"caption":"3D Vikings Store"},"image":{"@id":"https:\/\/3dvikingsstore.com\/de\/#\/schema\/logo\/image\/"}}]}},"_links":{"self":[{"href":"https:\/\/3dvikingsstore.com\/de\/wp-json\/wp\/v2\/product\/17774"}],"collection":[{"href":"https:\/\/3dvikingsstore.com\/de\/wp-json\/wp\/v2\/product"}],"about":[{"href":"https:\/\/3dvikingsstore.com\/de\/wp-json\/wp\/v2\/types\/product"}],"replies":[{"embeddable":true,"href":"https:\/\/3dvikingsstore.com\/de\/wp-json\/wp\/v2\/comments?post=17774"}],"version-history":[{"count":2,"href":"https:\/\/3dvikingsstore.com\/de\/wp-json\/wp\/v2\/product\/17774\/revisions"}],"predecessor-version":[{"id":17778,"href":"https:\/\/3dvikingsstore.com\/de\/wp-json\/wp\/v2\/product\/17774\/revisions\/17778"}],"wp:featuredmedia":[{"embeddable":true,"href":"https:\/\/3dvikingsstore.com\/de\/wp-json\/wp\/v2\/media\/16640"}],"wp:attachment":[{"href":"https:\/\/3dvikingsstore.com\/de\/wp-json\/wp\/v2\/media?parent=17774"}],"wp:term":[{"taxonomy":"product_cat","embeddable":true,"href":"https:\/\/3dvikingsstore.com\/de\/wp-json\/wp\/v2\/product_cat?post=17774"},{"taxonomy":"product_tag","embeddable":true,"href":"https:\/\/3dvikingsstore.com\/de\/wp-json\/wp\/v2\/product_tag?post=17774"}],"curies":[{"name":"wp","href":"https:\/\/api.w.org\/{rel}","templated":true}]}}