{"id":16790,"date":"2024-02-01T19:09:50","date_gmt":"2024-02-01T17:09:50","guid":{"rendered":"https:\/\/3dvikingsstore.com\/shop\/domina-ferrum-ruinen-set-gotische-ruinen-gelaende\/"},"modified":"2024-12-14T13:08:22","modified_gmt":"2024-12-14T11:08:22","slug":"domina-ferrum-ruinen-set-gotische-ruinen-gelaende","status":"publish","type":"product","link":"https:\/\/3dvikingsstore.com\/de\/shop\/domina-ferrum-ruinen-set-gotische-ruinen-gelaende\/","title":{"rendered":"Domina Ferrum Ruinen Set: Gotische Ruinen Gel\u00e4nde"},"content":{"rendered":"<p>Suchst du nach einer M\u00f6glichkeit, deine Tabletop-Spiele mit einem tollen Gel\u00e4nde aufzupeppen? M\u00f6chten Sie realistische Szenarien f\u00fcr Ihre Miniaturen entwerfen? Dann sollten Sie sich das Domina Ferrum Ruins Set ansehen!<\/p>\n<p>Dieses Set enth\u00e4lt atemberaubende gotische Ruinen-Gel\u00e4ndest\u00fccke, die perfekt f\u00fcr Spiele wie Warhammer 40k geeignet sind. Mit diesen modularen Ruinen kannst du deine eigene d\u00fcstere Stadtlandschaft aufbauen und epische Schlachten in einer dystopischen Zukunft austragen.<\/p>\n<p>Das Domina Ferrum Ruins Set ist aus hochwertigem PLA-Material gefertigt, das langlebig und leicht anpassbar ist. Du kannst sie nach Belieben bemalen und sie an die \u00c4sthetik deiner Spielwelt anpassen. Das Set enth\u00e4lt au\u00dferdem alle Teile, die Sie f\u00fcr einen einfachen Zusammenbau ben\u00f6tigen, so dass Sie Ihr Gel\u00e4nde im Handumdrehen fertigstellen k\u00f6nnen.<\/p>\n<p>Das Beste daran ist, dass dieses Set sowohl mit 28-mm- als auch mit 32-mm-Miniaturen kompatibel ist und dir somit mehr M\u00f6glichkeiten und Flexibilit\u00e4t f\u00fcr deine Spiele bietet. Egal ob du Warhammer 40k, Necromunda, Kill Team oder ein anderes Tabletop-Rollenspiel oder Wargame spielst, du wirst das Domina Ferrum Ruins Set lieben.<\/p>\n<p>Verpassen Sie nicht die Gelegenheit, dieses tolle Gel\u00e4ndeset zu ergattern. Bestellen Sie noch heute und erwecken Sie Ihre d\u00fcsteren Spiele zum Leben!<\/p>\n","protected":false},"excerpt":{"rendered":"<p>Dieses Set enth\u00e4lt atemberaubende gotische Ruinen-Gel\u00e4ndest\u00fccke, die perfekt f\u00fcr Spiele wie Warhammer 40k geeignet sind. Mit diesen modularen Ruinen kannst du deine eigene d\u00fcstere Stadtlandschaft aufbauen und epische Schlachten in einer dystopischen Zukunft austragen.<\/p>\n","protected":false},"featured_media":16660,"comment_status":"open","ping_status":"closed","template":"","meta":[],"product_cat":[2694,2732,2717],"product_tag":[2980,2890,3216,2979,2975,2862,2978,2680,2967,2838,2977],"yoast_head":"<!-- This site is optimized with the Yoast SEO Premium plugin v22.9 (Yoast SEO v22.9) - https:\/\/yoast.com\/wordpress\/plugins\/seo\/ -->\n<title>Domina Ferrum Ruinen Set: Gotische Ruinen Gel\u00e4nde<\/title>\n<meta name=\"description\" content=\"Sunning gothic ruins Gel\u00e4ndest\u00fcck, das perfekt f\u00fcr Spiele wie Warhammer 40k sind. Mit diesen modularen Ruinen kannst du deine eigene d\u00fcstere Stadtlandschaft bauen.\" \/>\n<meta name=\"robots\" content=\"index, follow, max-snippet:-1, max-image-preview:large, max-video-preview:-1\" \/>\n<link rel=\"canonical\" href=\"https:\/\/3dvikingsstore.com\/de\/shop\/domina-ferrum-ruinen-set-gotische-ruinen-gelaende\/\" \/>\n<meta property=\"og:locale\" content=\"de_DE\" \/>\n<meta property=\"og:type\" content=\"article\" \/>\n<meta property=\"og:title\" content=\"Domina Ferrum Ruinen Set: Gotische Ruinen Gel\u00e4nde\" \/>\n<meta property=\"og:description\" content=\"Sunning gothic ruins Gel\u00e4ndest\u00fcck, das perfekt f\u00fcr Spiele wie Warhammer 40k sind. Mit diesen modularen Ruinen kannst du deine eigene d\u00fcstere Stadtlandschaft bauen.\" \/>\n<meta property=\"og:url\" content=\"https:\/\/3dvikingsstore.com\/de\/shop\/domina-ferrum-ruinen-set-gotische-ruinen-gelaende\/\" \/>\n<meta property=\"og:site_name\" content=\"3D Vikings Store\" \/>\n<meta property=\"article:modified_time\" content=\"2024-12-14T11:08:22+00:00\" \/>\n<meta property=\"og:image\" content=\"https:\/\/3dvikingsstore.com\/wp-content\/uploads\/2024\/01\/DSC_7215-1024x1024.png\" \/>\n\t<meta property=\"og:image:width\" content=\"1024\" \/>\n\t<meta property=\"og:image:height\" content=\"1024\" \/>\n\t<meta property=\"og:image:type\" content=\"image\/png\" \/>\n<meta name=\"twitter:card\" content=\"summary_large_image\" \/>\n<meta name=\"twitter:label1\" content=\"Gesch\u00e4tzte Lesezeit\" \/>\n\t<meta name=\"twitter:data1\" content=\"2\u00a0Minuten\" \/>\n<script type=\"application\/ld+json\" class=\"yoast-schema-graph\">{\"@context\":\"https:\/\/schema.org\",\"@graph\":[{\"@type\":[\"WebPage\",\"ItemPage\"],\"@id\":\"https:\/\/3dvikingsstore.com\/de\/shop\/domina-ferrum-ruinen-set-gotische-ruinen-gelaende\/\",\"url\":\"https:\/\/3dvikingsstore.com\/de\/shop\/domina-ferrum-ruinen-set-gotische-ruinen-gelaende\/\",\"name\":\"Domina Ferrum Ruinen Set: Gotische Ruinen Gel\u00e4nde\",\"isPartOf\":{\"@id\":\"https:\/\/3dvikingsstore.com\/de\/#website\"},\"primaryImageOfPage\":{\"@id\":\"https:\/\/3dvikingsstore.com\/de\/shop\/domina-ferrum-ruinen-set-gotische-ruinen-gelaende\/#primaryimage\"},\"image\":{\"@id\":\"https:\/\/3dvikingsstore.com\/de\/shop\/domina-ferrum-ruinen-set-gotische-ruinen-gelaende\/#primaryimage\"},\"thumbnailUrl\":\"https:\/\/3dvikingsstore.com\/wp-content\/uploads\/2024\/01\/DSC_7215.png\",\"datePublished\":\"2024-02-01T17:09:50+00:00\",\"dateModified\":\"2024-12-14T11:08:22+00:00\",\"description\":\"Sunning gothic ruins Gel\u00e4ndest\u00fcck, das perfekt f\u00fcr Spiele wie Warhammer 40k sind. Mit diesen modularen Ruinen kannst du deine eigene d\u00fcstere Stadtlandschaft bauen.\",\"breadcrumb\":{\"@id\":\"https:\/\/3dvikingsstore.com\/de\/shop\/domina-ferrum-ruinen-set-gotische-ruinen-gelaende\/#breadcrumb\"},\"inLanguage\":\"de\",\"potentialAction\":[{\"@type\":\"ReadAction\",\"target\":[\"https:\/\/3dvikingsstore.com\/de\/shop\/domina-ferrum-ruinen-set-gotische-ruinen-gelaende\/\"]}]},{\"@type\":\"ImageObject\",\"inLanguage\":\"de\",\"@id\":\"https:\/\/3dvikingsstore.com\/de\/shop\/domina-ferrum-ruinen-set-gotische-ruinen-gelaende\/#primaryimage\",\"url\":\"https:\/\/3dvikingsstore.com\/wp-content\/uploads\/2024\/01\/DSC_7215.png\",\"contentUrl\":\"https:\/\/3dvikingsstore.com\/wp-content\/uploads\/2024\/01\/DSC_7215.png\",\"width\":3953,\"height\":3953},{\"@type\":\"BreadcrumbList\",\"@id\":\"https:\/\/3dvikingsstore.com\/de\/shop\/domina-ferrum-ruinen-set-gotische-ruinen-gelaende\/#breadcrumb\",\"itemListElement\":[{\"@type\":\"ListItem\",\"position\":1,\"name\":\"Home\",\"item\":\"https:\/\/3dvikingsstore.com\/de\/\"},{\"@type\":\"ListItem\",\"position\":2,\"name\":\"Gesch\u00e4ft\",\"item\":\"https:\/\/3dvikingsstore.com\/shop\/\"},{\"@type\":\"ListItem\",\"position\":3,\"name\":\"Domina Ferrum Ruinen Set: Gotische Ruinen Gel\u00e4nde\"}]},{\"@type\":\"WebSite\",\"@id\":\"https:\/\/3dvikingsstore.com\/de\/#website\",\"url\":\"https:\/\/3dvikingsstore.com\/de\/\",\"name\":\"3D Vikings Store\",\"description\":\"Scenery and Accessories for Tabletop and Board Games\",\"publisher\":{\"@id\":\"https:\/\/3dvikingsstore.com\/de\/#organization\"},\"potentialAction\":[{\"@type\":\"SearchAction\",\"target\":{\"@type\":\"EntryPoint\",\"urlTemplate\":\"https:\/\/3dvikingsstore.com\/de\/?s={search_term_string}\"},\"query-input\":\"required name=search_term_string\"}],\"inLanguage\":\"de\"},{\"@type\":\"Organization\",\"@id\":\"https:\/\/3dvikingsstore.com\/de\/#organization\",\"name\":\"3D Vikings Store\",\"url\":\"https:\/\/3dvikingsstore.com\/de\/\",\"logo\":{\"@type\":\"ImageObject\",\"inLanguage\":\"de\",\"@id\":\"https:\/\/3dvikingsstore.com\/de\/#\/schema\/logo\/image\/\",\"url\":\"https:\/\/3dvikingsstore.com\/wp-content\/uploads\/2020\/03\/3dvikings-logo-karge-white.jpg\",\"contentUrl\":\"https:\/\/3dvikingsstore.com\/wp-content\/uploads\/2020\/03\/3dvikings-logo-karge-white.jpg\",\"width\":800,\"height\":800,\"caption\":\"3D Vikings Store\"},\"image\":{\"@id\":\"https:\/\/3dvikingsstore.com\/de\/#\/schema\/logo\/image\/\"}}]}<\/script>\n<!-- \/ Yoast SEO Premium plugin. -->","yoast_head_json":{"title":"Domina Ferrum Ruinen Set: Gotische Ruinen Gel\u00e4nde","description":"Sunning gothic ruins Gel\u00e4ndest\u00fcck, das perfekt f\u00fcr Spiele wie Warhammer 40k sind. Mit diesen modularen Ruinen kannst du deine eigene d\u00fcstere Stadtlandschaft bauen.","robots":{"index":"index","follow":"follow","max-snippet":"max-snippet:-1","max-image-preview":"max-image-preview:large","max-video-preview":"max-video-preview:-1"},"canonical":"https:\/\/3dvikingsstore.com\/de\/shop\/domina-ferrum-ruinen-set-gotische-ruinen-gelaende\/","og_locale":"de_DE","og_type":"article","og_title":"Domina Ferrum Ruinen Set: Gotische Ruinen Gel\u00e4nde","og_description":"Sunning gothic ruins Gel\u00e4ndest\u00fcck, das perfekt f\u00fcr Spiele wie Warhammer 40k sind. Mit diesen modularen Ruinen kannst du deine eigene d\u00fcstere Stadtlandschaft bauen.","og_url":"https:\/\/3dvikingsstore.com\/de\/shop\/domina-ferrum-ruinen-set-gotische-ruinen-gelaende\/","og_site_name":"3D Vikings Store","article_modified_time":"2024-12-14T11:08:22+00:00","og_image":[{"width":1024,"height":1024,"url":"https:\/\/3dvikingsstore.com\/wp-content\/uploads\/2024\/01\/DSC_7215-1024x1024.png","type":"image\/png"}],"twitter_card":"summary_large_image","twitter_misc":{"Gesch\u00e4tzte Lesezeit":"2\u00a0Minuten"},"schema":{"@context":"https:\/\/schema.org","@graph":[{"@type":["WebPage","ItemPage"],"@id":"https:\/\/3dvikingsstore.com\/de\/shop\/domina-ferrum-ruinen-set-gotische-ruinen-gelaende\/","url":"https:\/\/3dvikingsstore.com\/de\/shop\/domina-ferrum-ruinen-set-gotische-ruinen-gelaende\/","name":"Domina Ferrum Ruinen Set: Gotische Ruinen Gel\u00e4nde","isPartOf":{"@id":"https:\/\/3dvikingsstore.com\/de\/#website"},"primaryImageOfPage":{"@id":"https:\/\/3dvikingsstore.com\/de\/shop\/domina-ferrum-ruinen-set-gotische-ruinen-gelaende\/#primaryimage"},"image":{"@id":"https:\/\/3dvikingsstore.com\/de\/shop\/domina-ferrum-ruinen-set-gotische-ruinen-gelaende\/#primaryimage"},"thumbnailUrl":"https:\/\/3dvikingsstore.com\/wp-content\/uploads\/2024\/01\/DSC_7215.png","datePublished":"2024-02-01T17:09:50+00:00","dateModified":"2024-12-14T11:08:22+00:00","description":"Sunning gothic ruins Gel\u00e4ndest\u00fcck, das perfekt f\u00fcr Spiele wie Warhammer 40k sind. Mit diesen modularen Ruinen kannst du deine eigene d\u00fcstere Stadtlandschaft bauen.","breadcrumb":{"@id":"https:\/\/3dvikingsstore.com\/de\/shop\/domina-ferrum-ruinen-set-gotische-ruinen-gelaende\/#breadcrumb"},"inLanguage":"de","potentialAction":[{"@type":"ReadAction","target":["https:\/\/3dvikingsstore.com\/de\/shop\/domina-ferrum-ruinen-set-gotische-ruinen-gelaende\/"]}]},{"@type":"ImageObject","inLanguage":"de","@id":"https:\/\/3dvikingsstore.com\/de\/shop\/domina-ferrum-ruinen-set-gotische-ruinen-gelaende\/#primaryimage","url":"https:\/\/3dvikingsstore.com\/wp-content\/uploads\/2024\/01\/DSC_7215.png","contentUrl":"https:\/\/3dvikingsstore.com\/wp-content\/uploads\/2024\/01\/DSC_7215.png","width":3953,"height":3953},{"@type":"BreadcrumbList","@id":"https:\/\/3dvikingsstore.com\/de\/shop\/domina-ferrum-ruinen-set-gotische-ruinen-gelaende\/#breadcrumb","itemListElement":[{"@type":"ListItem","position":1,"name":"Home","item":"https:\/\/3dvikingsstore.com\/de\/"},{"@type":"ListItem","position":2,"name":"Gesch\u00e4ft","item":"https:\/\/3dvikingsstore.com\/shop\/"},{"@type":"ListItem","position":3,"name":"Domina Ferrum Ruinen Set: Gotische Ruinen Gel\u00e4nde"}]},{"@type":"WebSite","@id":"https:\/\/3dvikingsstore.com\/de\/#website","url":"https:\/\/3dvikingsstore.com\/de\/","name":"3D Vikings Store","description":"Scenery and Accessories for Tabletop and Board Games","publisher":{"@id":"https:\/\/3dvikingsstore.com\/de\/#organization"},"potentialAction":[{"@type":"SearchAction","target":{"@type":"EntryPoint","urlTemplate":"https:\/\/3dvikingsstore.com\/de\/?s={search_term_string}"},"query-input":"required name=search_term_string"}],"inLanguage":"de"},{"@type":"Organization","@id":"https:\/\/3dvikingsstore.com\/de\/#organization","name":"3D Vikings Store","url":"https:\/\/3dvikingsstore.com\/de\/","logo":{"@type":"ImageObject","inLanguage":"de","@id":"https:\/\/3dvikingsstore.com\/de\/#\/schema\/logo\/image\/","url":"https:\/\/3dvikingsstore.com\/wp-content\/uploads\/2020\/03\/3dvikings-logo-karge-white.jpg","contentUrl":"https:\/\/3dvikingsstore.com\/wp-content\/uploads\/2020\/03\/3dvikings-logo-karge-white.jpg","width":800,"height":800,"caption":"3D Vikings Store"},"image":{"@id":"https:\/\/3dvikingsstore.com\/de\/#\/schema\/logo\/image\/"}}]}},"_links":{"self":[{"href":"https:\/\/3dvikingsstore.com\/de\/wp-json\/wp\/v2\/product\/16790"}],"collection":[{"href":"https:\/\/3dvikingsstore.com\/de\/wp-json\/wp\/v2\/product"}],"about":[{"href":"https:\/\/3dvikingsstore.com\/de\/wp-json\/wp\/v2\/types\/product"}],"replies":[{"embeddable":true,"href":"https:\/\/3dvikingsstore.com\/de\/wp-json\/wp\/v2\/comments?post=16790"}],"version-history":[{"count":0,"href":"https:\/\/3dvikingsstore.com\/de\/wp-json\/wp\/v2\/product\/16790\/revisions"}],"wp:featuredmedia":[{"embeddable":true,"href":"https:\/\/3dvikingsstore.com\/de\/wp-json\/wp\/v2\/media\/16660"}],"wp:attachment":[{"href":"https:\/\/3dvikingsstore.com\/de\/wp-json\/wp\/v2\/media?parent=16790"}],"wp:term":[{"taxonomy":"product_cat","embeddable":true,"href":"https:\/\/3dvikingsstore.com\/de\/wp-json\/wp\/v2\/product_cat?post=16790"},{"taxonomy":"product_tag","embeddable":true,"href":"https:\/\/3dvikingsstore.com\/de\/wp-json\/wp\/v2\/product_tag?post=16790"}],"curies":[{"name":"wp","href":"https:\/\/api.w.org\/{rel}","templated":true}]}}