{"id":16722,"date":"2024-01-31T23:57:54","date_gmt":"2024-01-31T21:57:54","guid":{"rendered":"https:\/\/3dvikingsstore.com\/shop\/gothic-ruins-set-3-zerfallende-abtei-fuer-fantasy-und-sci-fi-spiele\/"},"modified":"2024-02-01T00:05:39","modified_gmt":"2024-01-31T22:05:39","slug":"gothic-ruins-set-3-zerfallende-abtei","status":"publish","type":"product","link":"https:\/\/3dvikingsstore.com\/de\/shop\/gothic-ruins-set-3-zerfallende-abtei\/","title":{"rendered":"Gothic Ruins Set 3: Zerfallende Abtei f\u00fcr Fantasy und Sci-Fi Spiele"},"content":{"rendered":"<p>Sind Sie bereit, die Geheimnisse der Vergangenheit und die Mysterien der Zukunft zu erforschen? Dann brauchen Sie das Gothic Ruins Set. Dieses erstaunliche Set enth\u00e4lt die Zerfallende Abtei, ein modulares Gel\u00e4ndest\u00fcck, das deinen Spieltisch in eine atemberaubende und immersive Umgebung verwandelt.<\/p>\n<p>Die Zerfallende Abtei besteht aus drei separaten Teilen, die du auf verschiedene Weise anordnen kannst, um deine eigenen Ruinen zu erschaffen. Sie k\u00f6nnen ein hohes und majest\u00e4tisches Geb\u00e4ude bauen, das sich von den anderen abhebt, oder eine niedrige und gem\u00fctliche Ruine, die sich in die Umgebung einf\u00fcgt. Sie k\u00f6nnen auch mit anderen Teilen aus dem Gothic Ruins Set kombiniert werden, um endlose Kombinationen zu schaffen.<\/p>\n<p>Die Zerfallende Abtei ist nicht nur vielseitig, sondern auch sch\u00f6n. Jedes St\u00fcck ist unglaublich detailliert gestaltet und weist realistische Texturen und Muster auf, die den antiken und edlen Stil der Architektur widerspiegeln. An den W\u00e4nden, Fenstern und T\u00fcren sind die Zeichen der Zeit und des Krieges zu erkennen, an den S\u00e4ulen und B\u00f6gen die Zeichen der Gnade und Herrlichkeit. Das Set wird in unbemaltem Grau geliefert, so dass Sie es nach Belieben bemalen k\u00f6nnen, um es Ihrem Thema anzupassen (Grundierung empfohlen).<\/p>\n<p>Die Zerfallende Abtei ist au\u00dferdem perfekt auf 28\/32 mm skaliert, so dass sie mit den meisten g\u00e4ngigen Miniaturenspielen und RPGs kompatibel ist. Ob du nun Warhammer, Dungeons &amp; Dragons oder ein anderes Spiel spielst, du kannst dieses Set verwenden, um deinen Geschichten ein historisches und dramatisches Element hinzuzuf\u00fcgen. Sie k\u00f6nnen sich die Legenden und Geheimnisse vorstellen, die in den Ruinen verborgen sind, und die Abenteuer und Herausforderungen, die Sie dort erwarten.<\/p>\n<p>Die Zerfallende Abtei ist mehr als nur eine Sammlung von St\u00fccken. Es ist eine Reihe von M\u00f6glichkeiten. Es ist eine Reihe von Emotionen. Es ist eine Reihe von Erfahrungen. Bestellen Sie noch heute Ihr Exemplar und tauchen Sie ein in eine Welt voller Wunder und Ehrfurcht.<\/p>\n","protected":false},"excerpt":{"rendered":"<p>Die Zerfallende Abtei besteht aus drei separaten Teilen, die du auf verschiedene Weise anordnen kannst, um deine eigenen Ruinen zu erschaffen. Sie k\u00f6nnen ein hohes und majest\u00e4tisches Geb\u00e4ude bauen, das sich von den anderen abhebt, oder eine niedrige und gem\u00fctliche Ruine, die sich in die Umgebung einf\u00fcgt. Sie k\u00f6nnen auch mit anderen Teilen aus dem Gothic Ruins Set kombiniert werden, um endlose Kombinationen zu schaffen.<\/p>\n","protected":false},"featured_media":16983,"comment_status":"open","ping_status":"closed","template":"","meta":[],"product_cat":[2694,2732,2717],"product_tag":[2980,2890,3216,2979,2975,2862,2978,2680,2967,2838,2977],"yoast_head":"<!-- This site is optimized with the Yoast SEO Premium plugin v22.9 (Yoast SEO v22.9) - https:\/\/yoast.com\/wordpress\/plugins\/seo\/ -->\n<title>Gothic Ruins Set 3: Zerfallende Abtei f\u00fcr Fantasy und Sci-Fi Spiele<\/title>\n<meta name=\"description\" content=\"Die Zerfallende Abtei besteht aus drei separaten Teilen, die du auf verschiedene Weise anordnen kannst, um deine eigenen Ruinen zu erschaffen.\" \/>\n<meta name=\"robots\" content=\"index, follow, max-snippet:-1, max-image-preview:large, max-video-preview:-1\" \/>\n<link rel=\"canonical\" href=\"https:\/\/3dvikingsstore.com\/de\/shop\/gothic-ruins-set-3-zerfallende-abtei\/\" \/>\n<meta property=\"og:locale\" content=\"de_DE\" \/>\n<meta property=\"og:type\" content=\"article\" \/>\n<meta property=\"og:title\" content=\"Gothic Ruins Set 3: Zerfallende Abtei f\u00fcr Fantasy und Sci-Fi Spiele\" \/>\n<meta property=\"og:description\" content=\"Die Zerfallende Abtei besteht aus drei separaten Teilen, die du auf verschiedene Weise anordnen kannst, um deine eigenen Ruinen zu erschaffen.\" \/>\n<meta property=\"og:url\" content=\"https:\/\/3dvikingsstore.com\/de\/shop\/gothic-ruins-set-3-zerfallende-abtei\/\" \/>\n<meta property=\"og:site_name\" content=\"3D Vikings Store\" \/>\n<meta property=\"article:modified_time\" content=\"2024-01-31T22:05:39+00:00\" \/>\n<meta property=\"og:image\" content=\"https:\/\/3dvikingsstore.com\/wp-content\/uploads\/2024\/01\/gothic-ruin-3-e1707250495351.jpg\" \/>\n\t<meta property=\"og:image:width\" content=\"1440\" \/>\n\t<meta property=\"og:image:height\" content=\"1080\" \/>\n\t<meta property=\"og:image:type\" content=\"image\/jpeg\" \/>\n<meta name=\"twitter:card\" content=\"summary_large_image\" \/>\n<meta name=\"twitter:label1\" content=\"Gesch\u00e4tzte Lesezeit\" \/>\n\t<meta name=\"twitter:data1\" content=\"2\u00a0Minuten\" \/>\n<script type=\"application\/ld+json\" class=\"yoast-schema-graph\">{\"@context\":\"https:\/\/schema.org\",\"@graph\":[{\"@type\":[\"WebPage\",\"ItemPage\"],\"@id\":\"https:\/\/3dvikingsstore.com\/de\/shop\/gothic-ruins-set-3-zerfallende-abtei\/\",\"url\":\"https:\/\/3dvikingsstore.com\/de\/shop\/gothic-ruins-set-3-zerfallende-abtei\/\",\"name\":\"Gothic Ruins Set 3: Zerfallende Abtei f\u00fcr Fantasy und Sci-Fi Spiele\",\"isPartOf\":{\"@id\":\"https:\/\/3dvikingsstore.com\/de\/#website\"},\"primaryImageOfPage\":{\"@id\":\"https:\/\/3dvikingsstore.com\/de\/shop\/gothic-ruins-set-3-zerfallende-abtei\/#primaryimage\"},\"image\":{\"@id\":\"https:\/\/3dvikingsstore.com\/de\/shop\/gothic-ruins-set-3-zerfallende-abtei\/#primaryimage\"},\"thumbnailUrl\":\"https:\/\/3dvikingsstore.com\/wp-content\/uploads\/2024\/01\/gothic-ruin-3-e1707250495351.jpg\",\"datePublished\":\"2024-01-31T21:57:54+00:00\",\"dateModified\":\"2024-01-31T22:05:39+00:00\",\"description\":\"Die Zerfallende Abtei besteht aus drei separaten Teilen, die du auf verschiedene Weise anordnen kannst, um deine eigenen Ruinen zu erschaffen.\",\"breadcrumb\":{\"@id\":\"https:\/\/3dvikingsstore.com\/de\/shop\/gothic-ruins-set-3-zerfallende-abtei\/#breadcrumb\"},\"inLanguage\":\"de\",\"potentialAction\":[{\"@type\":\"ReadAction\",\"target\":[\"https:\/\/3dvikingsstore.com\/de\/shop\/gothic-ruins-set-3-zerfallende-abtei\/\"]}]},{\"@type\":\"ImageObject\",\"inLanguage\":\"de\",\"@id\":\"https:\/\/3dvikingsstore.com\/de\/shop\/gothic-ruins-set-3-zerfallende-abtei\/#primaryimage\",\"url\":\"https:\/\/3dvikingsstore.com\/wp-content\/uploads\/2024\/01\/gothic-ruin-3-e1707250495351.jpg\",\"contentUrl\":\"https:\/\/3dvikingsstore.com\/wp-content\/uploads\/2024\/01\/gothic-ruin-3-e1707250495351.jpg\",\"width\":1440,\"height\":1080},{\"@type\":\"BreadcrumbList\",\"@id\":\"https:\/\/3dvikingsstore.com\/de\/shop\/gothic-ruins-set-3-zerfallende-abtei\/#breadcrumb\",\"itemListElement\":[{\"@type\":\"ListItem\",\"position\":1,\"name\":\"Home\",\"item\":\"https:\/\/3dvikingsstore.com\/de\/\"},{\"@type\":\"ListItem\",\"position\":2,\"name\":\"Gesch\u00e4ft\",\"item\":\"https:\/\/3dvikingsstore.com\/shop\/\"},{\"@type\":\"ListItem\",\"position\":3,\"name\":\"Gothic Ruins Set 3: Zerfallende Abtei f\u00fcr Fantasy und Sci-Fi Spiele\"}]},{\"@type\":\"WebSite\",\"@id\":\"https:\/\/3dvikingsstore.com\/de\/#website\",\"url\":\"https:\/\/3dvikingsstore.com\/de\/\",\"name\":\"3D Vikings Store\",\"description\":\"Scenery and Accessories for Tabletop and Board Games\",\"publisher\":{\"@id\":\"https:\/\/3dvikingsstore.com\/de\/#organization\"},\"potentialAction\":[{\"@type\":\"SearchAction\",\"target\":{\"@type\":\"EntryPoint\",\"urlTemplate\":\"https:\/\/3dvikingsstore.com\/de\/?s={search_term_string}\"},\"query-input\":\"required name=search_term_string\"}],\"inLanguage\":\"de\"},{\"@type\":\"Organization\",\"@id\":\"https:\/\/3dvikingsstore.com\/de\/#organization\",\"name\":\"3D Vikings Store\",\"url\":\"https:\/\/3dvikingsstore.com\/de\/\",\"logo\":{\"@type\":\"ImageObject\",\"inLanguage\":\"de\",\"@id\":\"https:\/\/3dvikingsstore.com\/de\/#\/schema\/logo\/image\/\",\"url\":\"https:\/\/3dvikingsstore.com\/wp-content\/uploads\/2020\/03\/3dvikings-logo-karge-white.jpg\",\"contentUrl\":\"https:\/\/3dvikingsstore.com\/wp-content\/uploads\/2020\/03\/3dvikings-logo-karge-white.jpg\",\"width\":800,\"height\":800,\"caption\":\"3D Vikings Store\"},\"image\":{\"@id\":\"https:\/\/3dvikingsstore.com\/de\/#\/schema\/logo\/image\/\"}}]}<\/script>\n<!-- \/ Yoast SEO Premium plugin. -->","yoast_head_json":{"title":"Gothic Ruins Set 3: Zerfallende Abtei f\u00fcr Fantasy und Sci-Fi Spiele","description":"Die Zerfallende Abtei besteht aus drei separaten Teilen, die du auf verschiedene Weise anordnen kannst, um deine eigenen Ruinen zu erschaffen.","robots":{"index":"index","follow":"follow","max-snippet":"max-snippet:-1","max-image-preview":"max-image-preview:large","max-video-preview":"max-video-preview:-1"},"canonical":"https:\/\/3dvikingsstore.com\/de\/shop\/gothic-ruins-set-3-zerfallende-abtei\/","og_locale":"de_DE","og_type":"article","og_title":"Gothic Ruins Set 3: Zerfallende Abtei f\u00fcr Fantasy und Sci-Fi Spiele","og_description":"Die Zerfallende Abtei besteht aus drei separaten Teilen, die du auf verschiedene Weise anordnen kannst, um deine eigenen Ruinen zu erschaffen.","og_url":"https:\/\/3dvikingsstore.com\/de\/shop\/gothic-ruins-set-3-zerfallende-abtei\/","og_site_name":"3D Vikings Store","article_modified_time":"2024-01-31T22:05:39+00:00","og_image":[{"width":1440,"height":1080,"url":"https:\/\/3dvikingsstore.com\/wp-content\/uploads\/2024\/01\/gothic-ruin-3-e1707250495351.jpg","type":"image\/jpeg"}],"twitter_card":"summary_large_image","twitter_misc":{"Gesch\u00e4tzte Lesezeit":"2\u00a0Minuten"},"schema":{"@context":"https:\/\/schema.org","@graph":[{"@type":["WebPage","ItemPage"],"@id":"https:\/\/3dvikingsstore.com\/de\/shop\/gothic-ruins-set-3-zerfallende-abtei\/","url":"https:\/\/3dvikingsstore.com\/de\/shop\/gothic-ruins-set-3-zerfallende-abtei\/","name":"Gothic Ruins Set 3: Zerfallende Abtei f\u00fcr Fantasy und Sci-Fi Spiele","isPartOf":{"@id":"https:\/\/3dvikingsstore.com\/de\/#website"},"primaryImageOfPage":{"@id":"https:\/\/3dvikingsstore.com\/de\/shop\/gothic-ruins-set-3-zerfallende-abtei\/#primaryimage"},"image":{"@id":"https:\/\/3dvikingsstore.com\/de\/shop\/gothic-ruins-set-3-zerfallende-abtei\/#primaryimage"},"thumbnailUrl":"https:\/\/3dvikingsstore.com\/wp-content\/uploads\/2024\/01\/gothic-ruin-3-e1707250495351.jpg","datePublished":"2024-01-31T21:57:54+00:00","dateModified":"2024-01-31T22:05:39+00:00","description":"Die Zerfallende Abtei besteht aus drei separaten Teilen, die du auf verschiedene Weise anordnen kannst, um deine eigenen Ruinen zu erschaffen.","breadcrumb":{"@id":"https:\/\/3dvikingsstore.com\/de\/shop\/gothic-ruins-set-3-zerfallende-abtei\/#breadcrumb"},"inLanguage":"de","potentialAction":[{"@type":"ReadAction","target":["https:\/\/3dvikingsstore.com\/de\/shop\/gothic-ruins-set-3-zerfallende-abtei\/"]}]},{"@type":"ImageObject","inLanguage":"de","@id":"https:\/\/3dvikingsstore.com\/de\/shop\/gothic-ruins-set-3-zerfallende-abtei\/#primaryimage","url":"https:\/\/3dvikingsstore.com\/wp-content\/uploads\/2024\/01\/gothic-ruin-3-e1707250495351.jpg","contentUrl":"https:\/\/3dvikingsstore.com\/wp-content\/uploads\/2024\/01\/gothic-ruin-3-e1707250495351.jpg","width":1440,"height":1080},{"@type":"BreadcrumbList","@id":"https:\/\/3dvikingsstore.com\/de\/shop\/gothic-ruins-set-3-zerfallende-abtei\/#breadcrumb","itemListElement":[{"@type":"ListItem","position":1,"name":"Home","item":"https:\/\/3dvikingsstore.com\/de\/"},{"@type":"ListItem","position":2,"name":"Gesch\u00e4ft","item":"https:\/\/3dvikingsstore.com\/shop\/"},{"@type":"ListItem","position":3,"name":"Gothic Ruins Set 3: Zerfallende Abtei f\u00fcr Fantasy und Sci-Fi Spiele"}]},{"@type":"WebSite","@id":"https:\/\/3dvikingsstore.com\/de\/#website","url":"https:\/\/3dvikingsstore.com\/de\/","name":"3D Vikings Store","description":"Scenery and Accessories for Tabletop and Board Games","publisher":{"@id":"https:\/\/3dvikingsstore.com\/de\/#organization"},"potentialAction":[{"@type":"SearchAction","target":{"@type":"EntryPoint","urlTemplate":"https:\/\/3dvikingsstore.com\/de\/?s={search_term_string}"},"query-input":"required name=search_term_string"}],"inLanguage":"de"},{"@type":"Organization","@id":"https:\/\/3dvikingsstore.com\/de\/#organization","name":"3D Vikings Store","url":"https:\/\/3dvikingsstore.com\/de\/","logo":{"@type":"ImageObject","inLanguage":"de","@id":"https:\/\/3dvikingsstore.com\/de\/#\/schema\/logo\/image\/","url":"https:\/\/3dvikingsstore.com\/wp-content\/uploads\/2020\/03\/3dvikings-logo-karge-white.jpg","contentUrl":"https:\/\/3dvikingsstore.com\/wp-content\/uploads\/2020\/03\/3dvikings-logo-karge-white.jpg","width":800,"height":800,"caption":"3D Vikings Store"},"image":{"@id":"https:\/\/3dvikingsstore.com\/de\/#\/schema\/logo\/image\/"}}]}},"_links":{"self":[{"href":"https:\/\/3dvikingsstore.com\/de\/wp-json\/wp\/v2\/product\/16722"}],"collection":[{"href":"https:\/\/3dvikingsstore.com\/de\/wp-json\/wp\/v2\/product"}],"about":[{"href":"https:\/\/3dvikingsstore.com\/de\/wp-json\/wp\/v2\/types\/product"}],"replies":[{"embeddable":true,"href":"https:\/\/3dvikingsstore.com\/de\/wp-json\/wp\/v2\/comments?post=16722"}],"version-history":[{"count":0,"href":"https:\/\/3dvikingsstore.com\/de\/wp-json\/wp\/v2\/product\/16722\/revisions"}],"wp:featuredmedia":[{"embeddable":true,"href":"https:\/\/3dvikingsstore.com\/de\/wp-json\/wp\/v2\/media\/16983"}],"wp:attachment":[{"href":"https:\/\/3dvikingsstore.com\/de\/wp-json\/wp\/v2\/media?parent=16722"}],"wp:term":[{"taxonomy":"product_cat","embeddable":true,"href":"https:\/\/3dvikingsstore.com\/de\/wp-json\/wp\/v2\/product_cat?post=16722"},{"taxonomy":"product_tag","embeddable":true,"href":"https:\/\/3dvikingsstore.com\/de\/wp-json\/wp\/v2\/product_tag?post=16722"}],"curies":[{"name":"wp","href":"https:\/\/api.w.org\/{rel}","templated":true}]}}