{"id":16691,"date":"2020-03-01T02:58:20","date_gmt":"2020-03-01T00:58:20","guid":{"rendered":"https:\/\/3dvikingsstore.com\/shop\/wuerfelgefaengnis-fuer-fehlbare-wuerfel\/"},"modified":"2025-10-29T04:12:57","modified_gmt":"2025-10-29T02:12:57","slug":"wuerfelgefaengnis-fuer-fehlbare-wuerfel","status":"publish","type":"product","link":"https:\/\/3dvikingsstore.com\/de\/shop\/wuerfelgefaengnis-fuer-fehlbare-wuerfel\/","title":{"rendered":"W\u00fcrfelgef\u00e4ngnis f\u00fcr fehlbare W\u00fcrfel"},"content":{"rendered":"<p>Sind Sie es leid, niedrige Zahlen zu w\u00fcrfeln und das Spiel zu verlieren? M\u00f6chten Sie Ihren W\u00fcrfeln eine Lektion erteilen, die sie nicht vergessen werden? Dann brauchen Sie &#8222;Das W\u00fcrfelgef\u00e4ngnis&#8220;! Dies ist die ultimative L\u00f6sung, um Ihre unartigen W\u00fcrfel zu bestrafen und sie zum Benehmen zu bringen. Schlie\u00dfen Sie sie einfach in diese stabile Holzkiste ein und lassen Sie sie dar\u00fcber nachdenken, was sie getan haben.<\/p>\n<p><strong>Das &#8222;W\u00fcrfelgef\u00e4ngnis&#8220; gibt es in drei Gr\u00f6\u00dfen, um Ihren Bed\u00fcrfnissen gerecht zu werden:<\/strong><br \/>\nKlein &#8211; f\u00fcr bis zu 2 W\u00fcrfel (16mm D6) &#8211; 44mm x 51mm (1.75&#8243; x 2&#8243;)<br \/>\nMedium &#8211; f\u00fcr bis zu 6 W\u00fcrfel (16mm D6) &#8211; 57mm x 63mm (2.25&#8243; x 2.5&#8243;)<br \/>\nGro\u00df &#8211; f\u00fcr bis zu 12 W\u00fcrfel (16mm D6) &#8211; 63mm x 73mm (2.5&#8243; x 3&#8243;)<\/p>\n<p>Keine Sorge, die W\u00fcrfel werden in keiner Weise besch\u00e4digt. Sie werden einfach an einem gem\u00fctlichen und sicheren Ort aufbewahrt, bis Sie sich entscheiden, ihnen eine weitere Chance zu geben. Und wenn das Gef\u00e4ngnis voll ist, kann man den \u00e4ltesten Insassen freilassen und hoffen, dass er seine Lektion gelernt hat.<\/p>\n<p>Bestellen Sie noch heute Ihr &#8222;The Dice Jail&#8220; und zeigen Sie Ihren W\u00fcrfeln, wer der Boss ist!<\/p>\n<p>Hinweis: Die W\u00fcrfel sind nicht im Lieferumfang enthalten, sie sind nur ma\u00dfstabsgerecht abgebildet.<\/p>\n<p>Er wird mit PLA gedruckt, einem der umweltfreundlichsten Filamente, die es derzeit auf dem Markt gibt. PLA wird aus Pflanzen wie Mais und Zuckerrohr gewonnen, ist erneuerbar und vor allem biologisch abbaubar und ungiftig. Die damit bedruckten Gegenst\u00e4nde sind haltbar und stabil.<\/p>\n<p>\u00a9\ufe0f wurde von Markus Kothe entworfen und ist hier erh\u00e4ltlich: https:\/\/www.thingiverse.com\/thing:2390351<\/p>\n","protected":false},"excerpt":{"rendered":"<p>Was k\u00f6nnen Sie tun, wenn sich Ihr W\u00fcrfel zu sehr daneben benimmt? W\u00e4hle aus drei verschiedenen W\u00fcrfelgef\u00e4ngnissen, in die du ihn schickst, damit er seine Lektion lernt.<\/p>\n<p>Wir bieten drei Gr\u00f6\u00dfen &#8211; klein, mittel und gro\u00df &#8211; f\u00fcr die Aufbewahrung von W\u00fcrfeln, die sich nicht benehmen k\u00f6nnen.<\/p>\n","protected":false},"featured_media":14326,"comment_status":"open","ping_status":"closed","template":"","meta":[],"product_cat":[2675],"product_tag":[3006,3000,3003,3004,3005,2999,3001,3002,2998,2982,2996,2995,2997],"yoast_head":"<!-- This site is optimized with the Yoast SEO Premium plugin v22.9 (Yoast SEO v22.9) - https:\/\/yoast.com\/wordpress\/plugins\/seo\/ -->\n<title>W\u00fcrfelgef\u00e4ngnis f\u00fcr fehlbare W\u00fcrfel<\/title>\n<meta name=\"description\" content=\"Das W\u00fcrfelgef\u00e4ngnis ist die ultimative L\u00f6sung, um Ihre ungezogenen W\u00fcrfel zu bestrafen und sie zum Benehmen zu bringen. Sperrt sie einfach ein und lasst sie dar\u00fcber nachdenken, was sie getan haben.\" \/>\n<meta name=\"robots\" content=\"index, follow, max-snippet:-1, max-image-preview:large, max-video-preview:-1\" \/>\n<link rel=\"canonical\" href=\"https:\/\/3dvikingsstore.com\/de\/shop\/wuerfelgefaengnis-fuer-fehlbare-wuerfel\/\" \/>\n<meta property=\"og:locale\" content=\"de_DE\" \/>\n<meta property=\"og:type\" content=\"article\" \/>\n<meta property=\"og:title\" content=\"W\u00fcrfelgef\u00e4ngnis f\u00fcr fehlbare W\u00fcrfel\" \/>\n<meta property=\"og:description\" content=\"Das W\u00fcrfelgef\u00e4ngnis ist die ultimative L\u00f6sung, um Ihre ungezogenen W\u00fcrfel zu bestrafen und sie zum Benehmen zu bringen. Sperrt sie einfach ein und lasst sie dar\u00fcber nachdenken, was sie getan haben.\" \/>\n<meta property=\"og:url\" content=\"https:\/\/3dvikingsstore.com\/de\/shop\/wuerfelgefaengnis-fuer-fehlbare-wuerfel\/\" \/>\n<meta property=\"og:site_name\" content=\"3D Vikings Store\" \/>\n<meta property=\"article:modified_time\" content=\"2025-10-29T02:12:57+00:00\" \/>\n<meta property=\"og:image\" content=\"https:\/\/3dvikingsstore.com\/wp-content\/uploads\/2020\/03\/il_1588xN.2243665409_nulv.jpg\" \/>\n\t<meta property=\"og:image:width\" content=\"1588\" \/>\n\t<meta property=\"og:image:height\" content=\"1191\" \/>\n\t<meta property=\"og:image:type\" content=\"image\/jpeg\" \/>\n<meta name=\"twitter:card\" content=\"summary_large_image\" \/>\n<meta name=\"twitter:label1\" content=\"Gesch\u00e4tzte Lesezeit\" \/>\n\t<meta name=\"twitter:data1\" content=\"1\u00a0Minute\" \/>\n<script type=\"application\/ld+json\" class=\"yoast-schema-graph\">{\"@context\":\"https:\/\/schema.org\",\"@graph\":[{\"@type\":[\"WebPage\",\"ItemPage\"],\"@id\":\"https:\/\/3dvikingsstore.com\/de\/shop\/wuerfelgefaengnis-fuer-fehlbare-wuerfel\/\",\"url\":\"https:\/\/3dvikingsstore.com\/de\/shop\/wuerfelgefaengnis-fuer-fehlbare-wuerfel\/\",\"name\":\"W\u00fcrfelgef\u00e4ngnis f\u00fcr fehlbare W\u00fcrfel\",\"isPartOf\":{\"@id\":\"https:\/\/3dvikingsstore.com\/de\/#website\"},\"primaryImageOfPage\":{\"@id\":\"https:\/\/3dvikingsstore.com\/de\/shop\/wuerfelgefaengnis-fuer-fehlbare-wuerfel\/#primaryimage\"},\"image\":{\"@id\":\"https:\/\/3dvikingsstore.com\/de\/shop\/wuerfelgefaengnis-fuer-fehlbare-wuerfel\/#primaryimage\"},\"thumbnailUrl\":\"https:\/\/3dvikingsstore.com\/wp-content\/uploads\/2020\/03\/il_1588xN.2243665409_nulv.jpg\",\"datePublished\":\"2020-03-01T00:58:20+00:00\",\"dateModified\":\"2025-10-29T02:12:57+00:00\",\"description\":\"Das W\u00fcrfelgef\u00e4ngnis ist die ultimative L\u00f6sung, um Ihre ungezogenen W\u00fcrfel zu bestrafen und sie zum Benehmen zu bringen. Sperrt sie einfach ein und lasst sie dar\u00fcber nachdenken, was sie getan haben.\",\"breadcrumb\":{\"@id\":\"https:\/\/3dvikingsstore.com\/de\/shop\/wuerfelgefaengnis-fuer-fehlbare-wuerfel\/#breadcrumb\"},\"inLanguage\":\"de\",\"potentialAction\":[{\"@type\":\"ReadAction\",\"target\":[\"https:\/\/3dvikingsstore.com\/de\/shop\/wuerfelgefaengnis-fuer-fehlbare-wuerfel\/\"]}]},{\"@type\":\"ImageObject\",\"inLanguage\":\"de\",\"@id\":\"https:\/\/3dvikingsstore.com\/de\/shop\/wuerfelgefaengnis-fuer-fehlbare-wuerfel\/#primaryimage\",\"url\":\"https:\/\/3dvikingsstore.com\/wp-content\/uploads\/2020\/03\/il_1588xN.2243665409_nulv.jpg\",\"contentUrl\":\"https:\/\/3dvikingsstore.com\/wp-content\/uploads\/2020\/03\/il_1588xN.2243665409_nulv.jpg\",\"width\":1588,\"height\":1191,\"caption\":\"Dice jail\"},{\"@type\":\"BreadcrumbList\",\"@id\":\"https:\/\/3dvikingsstore.com\/de\/shop\/wuerfelgefaengnis-fuer-fehlbare-wuerfel\/#breadcrumb\",\"itemListElement\":[{\"@type\":\"ListItem\",\"position\":1,\"name\":\"Home\",\"item\":\"https:\/\/3dvikingsstore.com\/de\/\"},{\"@type\":\"ListItem\",\"position\":2,\"name\":\"Gesch\u00e4ft\",\"item\":\"https:\/\/3dvikingsstore.com\/shop\/\"},{\"@type\":\"ListItem\",\"position\":3,\"name\":\"W\u00fcrfelgef\u00e4ngnis f\u00fcr fehlbare W\u00fcrfel\"}]},{\"@type\":\"WebSite\",\"@id\":\"https:\/\/3dvikingsstore.com\/de\/#website\",\"url\":\"https:\/\/3dvikingsstore.com\/de\/\",\"name\":\"3D Vikings Store\",\"description\":\"Scenery and Accessories for Tabletop and Board Games\",\"publisher\":{\"@id\":\"https:\/\/3dvikingsstore.com\/de\/#organization\"},\"potentialAction\":[{\"@type\":\"SearchAction\",\"target\":{\"@type\":\"EntryPoint\",\"urlTemplate\":\"https:\/\/3dvikingsstore.com\/de\/?s={search_term_string}\"},\"query-input\":\"required name=search_term_string\"}],\"inLanguage\":\"de\"},{\"@type\":\"Organization\",\"@id\":\"https:\/\/3dvikingsstore.com\/de\/#organization\",\"name\":\"3D Vikings Store\",\"url\":\"https:\/\/3dvikingsstore.com\/de\/\",\"logo\":{\"@type\":\"ImageObject\",\"inLanguage\":\"de\",\"@id\":\"https:\/\/3dvikingsstore.com\/de\/#\/schema\/logo\/image\/\",\"url\":\"https:\/\/3dvikingsstore.com\/wp-content\/uploads\/2020\/03\/3dvikings-logo-karge-white.jpg\",\"contentUrl\":\"https:\/\/3dvikingsstore.com\/wp-content\/uploads\/2020\/03\/3dvikings-logo-karge-white.jpg\",\"width\":800,\"height\":800,\"caption\":\"3D Vikings Store\"},\"image\":{\"@id\":\"https:\/\/3dvikingsstore.com\/de\/#\/schema\/logo\/image\/\"}}]}<\/script>\n<!-- \/ Yoast SEO Premium plugin. -->","yoast_head_json":{"title":"W\u00fcrfelgef\u00e4ngnis f\u00fcr fehlbare W\u00fcrfel","description":"Das W\u00fcrfelgef\u00e4ngnis ist die ultimative L\u00f6sung, um Ihre ungezogenen W\u00fcrfel zu bestrafen und sie zum Benehmen zu bringen. Sperrt sie einfach ein und lasst sie dar\u00fcber nachdenken, was sie getan haben.","robots":{"index":"index","follow":"follow","max-snippet":"max-snippet:-1","max-image-preview":"max-image-preview:large","max-video-preview":"max-video-preview:-1"},"canonical":"https:\/\/3dvikingsstore.com\/de\/shop\/wuerfelgefaengnis-fuer-fehlbare-wuerfel\/","og_locale":"de_DE","og_type":"article","og_title":"W\u00fcrfelgef\u00e4ngnis f\u00fcr fehlbare W\u00fcrfel","og_description":"Das W\u00fcrfelgef\u00e4ngnis ist die ultimative L\u00f6sung, um Ihre ungezogenen W\u00fcrfel zu bestrafen und sie zum Benehmen zu bringen. Sperrt sie einfach ein und lasst sie dar\u00fcber nachdenken, was sie getan haben.","og_url":"https:\/\/3dvikingsstore.com\/de\/shop\/wuerfelgefaengnis-fuer-fehlbare-wuerfel\/","og_site_name":"3D Vikings Store","article_modified_time":"2025-10-29T02:12:57+00:00","og_image":[{"width":1588,"height":1191,"url":"https:\/\/3dvikingsstore.com\/wp-content\/uploads\/2020\/03\/il_1588xN.2243665409_nulv.jpg","type":"image\/jpeg"}],"twitter_card":"summary_large_image","twitter_misc":{"Gesch\u00e4tzte Lesezeit":"1\u00a0Minute"},"schema":{"@context":"https:\/\/schema.org","@graph":[{"@type":["WebPage","ItemPage"],"@id":"https:\/\/3dvikingsstore.com\/de\/shop\/wuerfelgefaengnis-fuer-fehlbare-wuerfel\/","url":"https:\/\/3dvikingsstore.com\/de\/shop\/wuerfelgefaengnis-fuer-fehlbare-wuerfel\/","name":"W\u00fcrfelgef\u00e4ngnis f\u00fcr fehlbare W\u00fcrfel","isPartOf":{"@id":"https:\/\/3dvikingsstore.com\/de\/#website"},"primaryImageOfPage":{"@id":"https:\/\/3dvikingsstore.com\/de\/shop\/wuerfelgefaengnis-fuer-fehlbare-wuerfel\/#primaryimage"},"image":{"@id":"https:\/\/3dvikingsstore.com\/de\/shop\/wuerfelgefaengnis-fuer-fehlbare-wuerfel\/#primaryimage"},"thumbnailUrl":"https:\/\/3dvikingsstore.com\/wp-content\/uploads\/2020\/03\/il_1588xN.2243665409_nulv.jpg","datePublished":"2020-03-01T00:58:20+00:00","dateModified":"2025-10-29T02:12:57+00:00","description":"Das W\u00fcrfelgef\u00e4ngnis ist die ultimative L\u00f6sung, um Ihre ungezogenen W\u00fcrfel zu bestrafen und sie zum Benehmen zu bringen. Sperrt sie einfach ein und lasst sie dar\u00fcber nachdenken, was sie getan haben.","breadcrumb":{"@id":"https:\/\/3dvikingsstore.com\/de\/shop\/wuerfelgefaengnis-fuer-fehlbare-wuerfel\/#breadcrumb"},"inLanguage":"de","potentialAction":[{"@type":"ReadAction","target":["https:\/\/3dvikingsstore.com\/de\/shop\/wuerfelgefaengnis-fuer-fehlbare-wuerfel\/"]}]},{"@type":"ImageObject","inLanguage":"de","@id":"https:\/\/3dvikingsstore.com\/de\/shop\/wuerfelgefaengnis-fuer-fehlbare-wuerfel\/#primaryimage","url":"https:\/\/3dvikingsstore.com\/wp-content\/uploads\/2020\/03\/il_1588xN.2243665409_nulv.jpg","contentUrl":"https:\/\/3dvikingsstore.com\/wp-content\/uploads\/2020\/03\/il_1588xN.2243665409_nulv.jpg","width":1588,"height":1191,"caption":"Dice jail"},{"@type":"BreadcrumbList","@id":"https:\/\/3dvikingsstore.com\/de\/shop\/wuerfelgefaengnis-fuer-fehlbare-wuerfel\/#breadcrumb","itemListElement":[{"@type":"ListItem","position":1,"name":"Home","item":"https:\/\/3dvikingsstore.com\/de\/"},{"@type":"ListItem","position":2,"name":"Gesch\u00e4ft","item":"https:\/\/3dvikingsstore.com\/shop\/"},{"@type":"ListItem","position":3,"name":"W\u00fcrfelgef\u00e4ngnis f\u00fcr fehlbare W\u00fcrfel"}]},{"@type":"WebSite","@id":"https:\/\/3dvikingsstore.com\/de\/#website","url":"https:\/\/3dvikingsstore.com\/de\/","name":"3D Vikings Store","description":"Scenery and Accessories for Tabletop and Board Games","publisher":{"@id":"https:\/\/3dvikingsstore.com\/de\/#organization"},"potentialAction":[{"@type":"SearchAction","target":{"@type":"EntryPoint","urlTemplate":"https:\/\/3dvikingsstore.com\/de\/?s={search_term_string}"},"query-input":"required name=search_term_string"}],"inLanguage":"de"},{"@type":"Organization","@id":"https:\/\/3dvikingsstore.com\/de\/#organization","name":"3D Vikings Store","url":"https:\/\/3dvikingsstore.com\/de\/","logo":{"@type":"ImageObject","inLanguage":"de","@id":"https:\/\/3dvikingsstore.com\/de\/#\/schema\/logo\/image\/","url":"https:\/\/3dvikingsstore.com\/wp-content\/uploads\/2020\/03\/3dvikings-logo-karge-white.jpg","contentUrl":"https:\/\/3dvikingsstore.com\/wp-content\/uploads\/2020\/03\/3dvikings-logo-karge-white.jpg","width":800,"height":800,"caption":"3D Vikings Store"},"image":{"@id":"https:\/\/3dvikingsstore.com\/de\/#\/schema\/logo\/image\/"}}]}},"_links":{"self":[{"href":"https:\/\/3dvikingsstore.com\/de\/wp-json\/wp\/v2\/product\/16691"}],"collection":[{"href":"https:\/\/3dvikingsstore.com\/de\/wp-json\/wp\/v2\/product"}],"about":[{"href":"https:\/\/3dvikingsstore.com\/de\/wp-json\/wp\/v2\/types\/product"}],"replies":[{"embeddable":true,"href":"https:\/\/3dvikingsstore.com\/de\/wp-json\/wp\/v2\/comments?post=16691"}],"version-history":[{"count":0,"href":"https:\/\/3dvikingsstore.com\/de\/wp-json\/wp\/v2\/product\/16691\/revisions"}],"wp:featuredmedia":[{"embeddable":true,"href":"https:\/\/3dvikingsstore.com\/de\/wp-json\/wp\/v2\/media\/14326"}],"wp:attachment":[{"href":"https:\/\/3dvikingsstore.com\/de\/wp-json\/wp\/v2\/media?parent=16691"}],"wp:term":[{"taxonomy":"product_cat","embeddable":true,"href":"https:\/\/3dvikingsstore.com\/de\/wp-json\/wp\/v2\/product_cat?post=16691"},{"taxonomy":"product_tag","embeddable":true,"href":"https:\/\/3dvikingsstore.com\/de\/wp-json\/wp\/v2\/product_tag?post=16691"}],"curies":[{"name":"wp","href":"https:\/\/api.w.org\/{rel}","templated":true}]}}