{"id":16688,"date":"2020-03-01T02:58:20","date_gmt":"2020-03-01T00:58:20","guid":{"rendered":"https:\/\/3dvikingsstore.com\/shop\/castle-grayskull-wuerfelturm-das-ultimative-accessoire-fuer-fantasy-spiele\/"},"modified":"2025-08-13T01:09:38","modified_gmt":"2025-08-12T23:09:38","slug":"castle-grayskull-wuerfelturm-das-ultimative-accessoire-fuer-fantasy-spiele","status":"publish","type":"product","link":"https:\/\/3dvikingsstore.com\/de\/shop\/castle-grayskull-wuerfelturm-das-ultimative-accessoire-fuer-fantasy-spiele\/","title":{"rendered":"Schloss Grayskull W\u00fcrfelturm: Das ultimative Accessoire f\u00fcr Fantasy-Spiele"},"content":{"rendered":"<p><strong>Schloss Grayskull W\u00fcrfelturm<\/strong>, das ultimative Zubeh\u00f6r f\u00fcr deinen Spieltisch.<\/p>\n<p>Der Schloss Grayskull W\u00fcrfelturm ist ein atemberaubender Turm der kultigen Festung aus Eternia.<strong> Er ist \u00fcber 15 cm hoch<\/strong> und verf\u00fcgt \u00fcber komplizierte Details, wie z. B. einen sch\u00e4delf\u00f6rmigen Eingang. Der Turm ist aus robustem Kunststoff gefertigt.<\/p>\n<p>Aber der Grayskull Castle Dice Tower ist nicht nur ein sch\u00f6nes Ausstellungsst\u00fcck. Er ist auch ein funktionaler W\u00fcrfelturm. Lassen Sie Ihre W\u00fcrfel einfach in die Spitze des Turms fallen und beobachten Sie, wie sie die Wendeltreppe hinunterst\u00fcrzen und im Graben unter Ihnen landen. Der Turm sorgt daf\u00fcr, dass jedes Mal fair und zuf\u00e4llig gew\u00fcrfelt wird, und bringt gleichzeitig Spa\u00df und Spannung in Ihr Spiel.<\/p>\n<p>Schloss Grayskull W\u00fcrfelturm ist mit allen Fantasy-Rollenspielen kompatibel, die W\u00fcrfel verwenden. Egal, ob du Dungeons erforschst, gegen Drachen k\u00e4mpfst oder die Welt rettest, der Turm wird dein Spielerlebnis verbessern und dir das Gef\u00fchl geben, ein echter Held zu sein. Der Turm eignet sich auch hervorragend als Geschenk f\u00fcr alle Fantasy- und Nostalgie-Fans.<\/p>\n<p>Verpassen Sie nicht die Chance, den Grayskull Castle Dice Tower zu besitzen, das ultimative Zubeh\u00f6r f\u00fcr Fantasy-Rollenspiele.  <strong>Bestellen Sie Ihr Exemplar noch heute und entfesseln Sie die Macht von Grayskull!<\/strong><\/p>\n","protected":false},"excerpt":{"rendered":"<p>Der Schloss Grayskull W\u00fcrfelturm ist ein atemberaubender Turm der ikonischen Festung aus Eternia. Sie ist \u00fcber 16 cm gro\u00df und verf\u00fcgt \u00fcber ausgefeilte Details, wie z. B. einen totenkopff\u00f6rmigen Eingang. Der Turm ist aus robustem Kunststoff gefertigt.<\/p>\n","protected":false},"featured_media":16683,"comment_status":"open","ping_status":"closed","template":"","meta":[],"product_cat":[2666],"product_tag":[2930,2990,2987,2983,2991,2982,2985,2929,2984,2986,2927,2993,2989,2988,2994,2992,2667],"yoast_head":"<!-- This site is optimized with the Yoast SEO Premium plugin v22.9 (Yoast SEO v22.9) - https:\/\/yoast.com\/wordpress\/plugins\/seo\/ -->\n<title>Schloss Grayskull W\u00fcrfelturm: Das ultimative Accessoire f\u00fcr Fantasy-Spiele<\/title>\n<meta name=\"description\" content=\"Der Castle Grayskull W\u00fcrfelturm ist ein atemberaubender Turm der ikonischen Festung aus Eternia. Die Figur ist \u00fcber 15 cm gro\u00df und weist aufw\u00e4ndige Details auf.\" \/>\n<meta name=\"robots\" content=\"index, follow, max-snippet:-1, max-image-preview:large, max-video-preview:-1\" \/>\n<link rel=\"canonical\" href=\"https:\/\/3dvikingsstore.com\/de\/shop\/castle-grayskull-wuerfelturm-das-ultimative-accessoire-fuer-fantasy-spiele\/\" \/>\n<meta property=\"og:locale\" content=\"de_DE\" \/>\n<meta property=\"og:type\" content=\"article\" \/>\n<meta property=\"og:title\" content=\"Schloss Grayskull W\u00fcrfelturm: Das ultimative Accessoire f\u00fcr Fantasy-Spiele\" \/>\n<meta property=\"og:description\" content=\"Der Castle Grayskull W\u00fcrfelturm ist ein atemberaubender Turm der ikonischen Festung aus Eternia. Die Figur ist \u00fcber 15 cm gro\u00df und weist aufw\u00e4ndige Details auf.\" \/>\n<meta property=\"og:url\" content=\"https:\/\/3dvikingsstore.com\/de\/shop\/castle-grayskull-wuerfelturm-das-ultimative-accessoire-fuer-fantasy-spiele\/\" \/>\n<meta property=\"og:site_name\" content=\"3D Vikings Store\" \/>\n<meta property=\"article:modified_time\" content=\"2025-08-12T23:09:38+00:00\" \/>\n<meta property=\"og:image\" content=\"https:\/\/3dvikingsstore.com\/wp-content\/uploads\/2020\/03\/grayskull-dice-tower-1.jpg\" \/>\n\t<meta property=\"og:image:width\" content=\"641\" \/>\n\t<meta property=\"og:image:height\" content=\"641\" \/>\n\t<meta property=\"og:image:type\" content=\"image\/jpeg\" \/>\n<meta name=\"twitter:card\" content=\"summary_large_image\" \/>\n<meta name=\"twitter:label1\" content=\"Gesch\u00e4tzte Lesezeit\" \/>\n\t<meta name=\"twitter:data1\" content=\"1\u00a0Minute\" \/>\n<script type=\"application\/ld+json\" class=\"yoast-schema-graph\">{\"@context\":\"https:\/\/schema.org\",\"@graph\":[{\"@type\":[\"WebPage\",\"ItemPage\"],\"@id\":\"https:\/\/3dvikingsstore.com\/de\/shop\/castle-grayskull-wuerfelturm-das-ultimative-accessoire-fuer-fantasy-spiele\/\",\"url\":\"https:\/\/3dvikingsstore.com\/de\/shop\/castle-grayskull-wuerfelturm-das-ultimative-accessoire-fuer-fantasy-spiele\/\",\"name\":\"Schloss Grayskull W\u00fcrfelturm: Das ultimative Accessoire f\u00fcr Fantasy-Spiele\",\"isPartOf\":{\"@id\":\"https:\/\/3dvikingsstore.com\/de\/#website\"},\"primaryImageOfPage\":{\"@id\":\"https:\/\/3dvikingsstore.com\/de\/shop\/castle-grayskull-wuerfelturm-das-ultimative-accessoire-fuer-fantasy-spiele\/#primaryimage\"},\"image\":{\"@id\":\"https:\/\/3dvikingsstore.com\/de\/shop\/castle-grayskull-wuerfelturm-das-ultimative-accessoire-fuer-fantasy-spiele\/#primaryimage\"},\"thumbnailUrl\":\"https:\/\/3dvikingsstore.com\/wp-content\/uploads\/2020\/03\/grayskull-dice-tower-1.jpg\",\"datePublished\":\"2020-03-01T00:58:20+00:00\",\"dateModified\":\"2025-08-12T23:09:38+00:00\",\"description\":\"Der Castle Grayskull W\u00fcrfelturm ist ein atemberaubender Turm der ikonischen Festung aus Eternia. Die Figur ist \u00fcber 15 cm gro\u00df und weist aufw\u00e4ndige Details auf.\",\"breadcrumb\":{\"@id\":\"https:\/\/3dvikingsstore.com\/de\/shop\/castle-grayskull-wuerfelturm-das-ultimative-accessoire-fuer-fantasy-spiele\/#breadcrumb\"},\"inLanguage\":\"de\",\"potentialAction\":[{\"@type\":\"ReadAction\",\"target\":[\"https:\/\/3dvikingsstore.com\/de\/shop\/castle-grayskull-wuerfelturm-das-ultimative-accessoire-fuer-fantasy-spiele\/\"]}]},{\"@type\":\"ImageObject\",\"inLanguage\":\"de\",\"@id\":\"https:\/\/3dvikingsstore.com\/de\/shop\/castle-grayskull-wuerfelturm-das-ultimative-accessoire-fuer-fantasy-spiele\/#primaryimage\",\"url\":\"https:\/\/3dvikingsstore.com\/wp-content\/uploads\/2020\/03\/grayskull-dice-tower-1.jpg\",\"contentUrl\":\"https:\/\/3dvikingsstore.com\/wp-content\/uploads\/2020\/03\/grayskull-dice-tower-1.jpg\",\"width\":641,\"height\":641},{\"@type\":\"BreadcrumbList\",\"@id\":\"https:\/\/3dvikingsstore.com\/de\/shop\/castle-grayskull-wuerfelturm-das-ultimative-accessoire-fuer-fantasy-spiele\/#breadcrumb\",\"itemListElement\":[{\"@type\":\"ListItem\",\"position\":1,\"name\":\"Home\",\"item\":\"https:\/\/3dvikingsstore.com\/de\/\"},{\"@type\":\"ListItem\",\"position\":2,\"name\":\"Gesch\u00e4ft\",\"item\":\"https:\/\/3dvikingsstore.com\/shop\/\"},{\"@type\":\"ListItem\",\"position\":3,\"name\":\"Schloss Grayskull W\u00fcrfelturm: Das ultimative Accessoire f\u00fcr Fantasy-Spiele\"}]},{\"@type\":\"WebSite\",\"@id\":\"https:\/\/3dvikingsstore.com\/de\/#website\",\"url\":\"https:\/\/3dvikingsstore.com\/de\/\",\"name\":\"3D Vikings Store\",\"description\":\"Scenery and Accessories for Tabletop and Board Games\",\"publisher\":{\"@id\":\"https:\/\/3dvikingsstore.com\/de\/#organization\"},\"potentialAction\":[{\"@type\":\"SearchAction\",\"target\":{\"@type\":\"EntryPoint\",\"urlTemplate\":\"https:\/\/3dvikingsstore.com\/de\/?s={search_term_string}\"},\"query-input\":\"required name=search_term_string\"}],\"inLanguage\":\"de\"},{\"@type\":\"Organization\",\"@id\":\"https:\/\/3dvikingsstore.com\/de\/#organization\",\"name\":\"3D Vikings Store\",\"url\":\"https:\/\/3dvikingsstore.com\/de\/\",\"logo\":{\"@type\":\"ImageObject\",\"inLanguage\":\"de\",\"@id\":\"https:\/\/3dvikingsstore.com\/de\/#\/schema\/logo\/image\/\",\"url\":\"https:\/\/3dvikingsstore.com\/wp-content\/uploads\/2020\/03\/3dvikings-logo-karge-white.jpg\",\"contentUrl\":\"https:\/\/3dvikingsstore.com\/wp-content\/uploads\/2020\/03\/3dvikings-logo-karge-white.jpg\",\"width\":800,\"height\":800,\"caption\":\"3D Vikings Store\"},\"image\":{\"@id\":\"https:\/\/3dvikingsstore.com\/de\/#\/schema\/logo\/image\/\"}}]}<\/script>\n<!-- \/ Yoast SEO Premium plugin. -->","yoast_head_json":{"title":"Schloss Grayskull W\u00fcrfelturm: Das ultimative Accessoire f\u00fcr Fantasy-Spiele","description":"Der Castle Grayskull W\u00fcrfelturm ist ein atemberaubender Turm der ikonischen Festung aus Eternia. Die Figur ist \u00fcber 15 cm gro\u00df und weist aufw\u00e4ndige Details auf.","robots":{"index":"index","follow":"follow","max-snippet":"max-snippet:-1","max-image-preview":"max-image-preview:large","max-video-preview":"max-video-preview:-1"},"canonical":"https:\/\/3dvikingsstore.com\/de\/shop\/castle-grayskull-wuerfelturm-das-ultimative-accessoire-fuer-fantasy-spiele\/","og_locale":"de_DE","og_type":"article","og_title":"Schloss Grayskull W\u00fcrfelturm: Das ultimative Accessoire f\u00fcr Fantasy-Spiele","og_description":"Der Castle Grayskull W\u00fcrfelturm ist ein atemberaubender Turm der ikonischen Festung aus Eternia. Die Figur ist \u00fcber 15 cm gro\u00df und weist aufw\u00e4ndige Details auf.","og_url":"https:\/\/3dvikingsstore.com\/de\/shop\/castle-grayskull-wuerfelturm-das-ultimative-accessoire-fuer-fantasy-spiele\/","og_site_name":"3D Vikings Store","article_modified_time":"2025-08-12T23:09:38+00:00","og_image":[{"width":641,"height":641,"url":"https:\/\/3dvikingsstore.com\/wp-content\/uploads\/2020\/03\/grayskull-dice-tower-1.jpg","type":"image\/jpeg"}],"twitter_card":"summary_large_image","twitter_misc":{"Gesch\u00e4tzte Lesezeit":"1\u00a0Minute"},"schema":{"@context":"https:\/\/schema.org","@graph":[{"@type":["WebPage","ItemPage"],"@id":"https:\/\/3dvikingsstore.com\/de\/shop\/castle-grayskull-wuerfelturm-das-ultimative-accessoire-fuer-fantasy-spiele\/","url":"https:\/\/3dvikingsstore.com\/de\/shop\/castle-grayskull-wuerfelturm-das-ultimative-accessoire-fuer-fantasy-spiele\/","name":"Schloss Grayskull W\u00fcrfelturm: Das ultimative Accessoire f\u00fcr Fantasy-Spiele","isPartOf":{"@id":"https:\/\/3dvikingsstore.com\/de\/#website"},"primaryImageOfPage":{"@id":"https:\/\/3dvikingsstore.com\/de\/shop\/castle-grayskull-wuerfelturm-das-ultimative-accessoire-fuer-fantasy-spiele\/#primaryimage"},"image":{"@id":"https:\/\/3dvikingsstore.com\/de\/shop\/castle-grayskull-wuerfelturm-das-ultimative-accessoire-fuer-fantasy-spiele\/#primaryimage"},"thumbnailUrl":"https:\/\/3dvikingsstore.com\/wp-content\/uploads\/2020\/03\/grayskull-dice-tower-1.jpg","datePublished":"2020-03-01T00:58:20+00:00","dateModified":"2025-08-12T23:09:38+00:00","description":"Der Castle Grayskull W\u00fcrfelturm ist ein atemberaubender Turm der ikonischen Festung aus Eternia. Die Figur ist \u00fcber 15 cm gro\u00df und weist aufw\u00e4ndige Details auf.","breadcrumb":{"@id":"https:\/\/3dvikingsstore.com\/de\/shop\/castle-grayskull-wuerfelturm-das-ultimative-accessoire-fuer-fantasy-spiele\/#breadcrumb"},"inLanguage":"de","potentialAction":[{"@type":"ReadAction","target":["https:\/\/3dvikingsstore.com\/de\/shop\/castle-grayskull-wuerfelturm-das-ultimative-accessoire-fuer-fantasy-spiele\/"]}]},{"@type":"ImageObject","inLanguage":"de","@id":"https:\/\/3dvikingsstore.com\/de\/shop\/castle-grayskull-wuerfelturm-das-ultimative-accessoire-fuer-fantasy-spiele\/#primaryimage","url":"https:\/\/3dvikingsstore.com\/wp-content\/uploads\/2020\/03\/grayskull-dice-tower-1.jpg","contentUrl":"https:\/\/3dvikingsstore.com\/wp-content\/uploads\/2020\/03\/grayskull-dice-tower-1.jpg","width":641,"height":641},{"@type":"BreadcrumbList","@id":"https:\/\/3dvikingsstore.com\/de\/shop\/castle-grayskull-wuerfelturm-das-ultimative-accessoire-fuer-fantasy-spiele\/#breadcrumb","itemListElement":[{"@type":"ListItem","position":1,"name":"Home","item":"https:\/\/3dvikingsstore.com\/de\/"},{"@type":"ListItem","position":2,"name":"Gesch\u00e4ft","item":"https:\/\/3dvikingsstore.com\/shop\/"},{"@type":"ListItem","position":3,"name":"Schloss Grayskull W\u00fcrfelturm: Das ultimative Accessoire f\u00fcr Fantasy-Spiele"}]},{"@type":"WebSite","@id":"https:\/\/3dvikingsstore.com\/de\/#website","url":"https:\/\/3dvikingsstore.com\/de\/","name":"3D Vikings Store","description":"Scenery and Accessories for Tabletop and Board Games","publisher":{"@id":"https:\/\/3dvikingsstore.com\/de\/#organization"},"potentialAction":[{"@type":"SearchAction","target":{"@type":"EntryPoint","urlTemplate":"https:\/\/3dvikingsstore.com\/de\/?s={search_term_string}"},"query-input":"required name=search_term_string"}],"inLanguage":"de"},{"@type":"Organization","@id":"https:\/\/3dvikingsstore.com\/de\/#organization","name":"3D Vikings Store","url":"https:\/\/3dvikingsstore.com\/de\/","logo":{"@type":"ImageObject","inLanguage":"de","@id":"https:\/\/3dvikingsstore.com\/de\/#\/schema\/logo\/image\/","url":"https:\/\/3dvikingsstore.com\/wp-content\/uploads\/2020\/03\/3dvikings-logo-karge-white.jpg","contentUrl":"https:\/\/3dvikingsstore.com\/wp-content\/uploads\/2020\/03\/3dvikings-logo-karge-white.jpg","width":800,"height":800,"caption":"3D Vikings Store"},"image":{"@id":"https:\/\/3dvikingsstore.com\/de\/#\/schema\/logo\/image\/"}}]}},"_links":{"self":[{"href":"https:\/\/3dvikingsstore.com\/de\/wp-json\/wp\/v2\/product\/16688"}],"collection":[{"href":"https:\/\/3dvikingsstore.com\/de\/wp-json\/wp\/v2\/product"}],"about":[{"href":"https:\/\/3dvikingsstore.com\/de\/wp-json\/wp\/v2\/types\/product"}],"replies":[{"embeddable":true,"href":"https:\/\/3dvikingsstore.com\/de\/wp-json\/wp\/v2\/comments?post=16688"}],"version-history":[{"count":1,"href":"https:\/\/3dvikingsstore.com\/de\/wp-json\/wp\/v2\/product\/16688\/revisions"}],"predecessor-version":[{"id":18397,"href":"https:\/\/3dvikingsstore.com\/de\/wp-json\/wp\/v2\/product\/16688\/revisions\/18397"}],"wp:featuredmedia":[{"embeddable":true,"href":"https:\/\/3dvikingsstore.com\/de\/wp-json\/wp\/v2\/media\/16683"}],"wp:attachment":[{"href":"https:\/\/3dvikingsstore.com\/de\/wp-json\/wp\/v2\/media?parent=16688"}],"wp:term":[{"taxonomy":"product_cat","embeddable":true,"href":"https:\/\/3dvikingsstore.com\/de\/wp-json\/wp\/v2\/product_cat?post=16688"},{"taxonomy":"product_tag","embeddable":true,"href":"https:\/\/3dvikingsstore.com\/de\/wp-json\/wp\/v2\/product_tag?post=16688"}],"curies":[{"name":"wp","href":"https:\/\/api.w.org\/{rel}","templated":true}]}}