{"id":16675,"date":"2020-03-01T02:58:31","date_gmt":"2020-03-01T00:58:31","guid":{"rendered":"https:\/\/3dvikingsstore.com\/shop\/1-x-sci-fi-block-struktur\/"},"modified":"2024-01-31T17:44:19","modified_gmt":"2024-01-31T15:44:19","slug":"1-x-sci-fi-block-struktur","status":"publish","type":"product","link":"https:\/\/3dvikingsstore.com\/de\/shop\/1-x-sci-fi-block-struktur\/","title":{"rendered":"1 x Sci-Fi Block Struktur"},"content":{"rendered":"<p>Diese Auflistung ist f\u00fcr 1 x Block Struktur f\u00fcr Ihre Fantasy-Szenerie. Diese Bl\u00f6cke werden am besten schmutzig und rostig gestrichen. Stapeln Sie sie hoch, richten Sie die Rohre hierhin und dorthin.<\/p>\n<p><strong>F\u00fcr einen Satz von 3 Bl\u00f6cken siehe dieses Angebot f\u00fcr <a href=\"https:\/\/3dvikingsstore.com\/de\/shop\/ein-satz-von-3-grimdark-block-strukturen\/\">Industriegel\u00e4nde<\/a>.<\/strong><\/p>\n<p>Abmessungen von 1 Block: 100mm x 125mm x 100mm. Zoll 3,93&#8243; x 4,92&#8243; x 3,93&#8243;<\/p>\n<p>Er wird unbemalt geliefert.<\/p>\n<p>Es wird mit PLA gedruckt, einem der umweltfreundlichsten Filamente, die es derzeit auf dem Markt gibt. PLA wird aus Pflanzen wie Mais und Zuckerrohr gewonnen, ist erneuerbar und vor allem biologisch abbaubar und ungiftig. Die damit bedruckten Gegenst\u00e4nde sind haltbar und stabil.<\/p>\n<p>Der Versand nach Europa dauert in der Regel 3-7 Arbeitstage, in die Vereinigten Staaten 5-10 Tage, weltweit 10-20 Tage.<\/p>\n<p>Das Modell wurde uns von Terrain4Print als offiziell lizenziertem Verk\u00e4ufer zur Verf\u00fcgung gestellt. Bitte besuchen Sie den Terrain4Print Thingiverse Account f\u00fcr die Quelldateien: https:\/\/www.thingiverse.com\/Terrain4Print\/about Wir sind in der Lage, ALLE von Terrain4Print entworfenen Modelle zu drucken. Bitte kontaktieren Sie uns f\u00fcr Anfragen zu einem der Designs und wir werden das Produkt f\u00fcr Sie hinzuf\u00fcgen!<\/p>\n","protected":false},"excerpt":{"rendered":"<p>Diese Auflistung ist f\u00fcr 1 x Block Struktur f\u00fcr Ihre Fantasy-Szenerie. Wird unbemalt geliefert. Diese Bl\u00f6cke werden am besten schmutzig und rostig gestrichen.<\/p>\n","protected":false},"featured_media":14486,"comment_status":"open","ping_status":"closed","template":"","meta":[],"product_cat":[2732,2717],"product_tag":[2751,2733,2738,2981,2969,2739,2806,2737,2766,2679,2968,2753,2736,2857,2678,2735,2967],"yoast_head":"<!-- This site is optimized with the Yoast SEO Premium plugin v22.9 (Yoast SEO v22.9) - https:\/\/yoast.com\/wordpress\/plugins\/seo\/ -->\n<title>1 x Sci-Fi Block Struktur<\/title>\n<meta name=\"robots\" content=\"index, follow, max-snippet:-1, max-image-preview:large, max-video-preview:-1\" \/>\n<link rel=\"canonical\" href=\"https:\/\/3dvikingsstore.com\/de\/shop\/1-x-sci-fi-block-struktur\/\" \/>\n<meta property=\"og:locale\" content=\"de_DE\" \/>\n<meta property=\"og:type\" content=\"article\" \/>\n<meta property=\"og:title\" content=\"1 x Sci-Fi Block Struktur\" \/>\n<meta property=\"og:description\" content=\"Diese Auflistung ist f\u00fcr 1 x Block Struktur f\u00fcr Ihre Fantasy-Szenerie. Wird unbemalt geliefert. Diese Bl\u00f6cke werden am besten schmutzig und rostig gestrichen.\" \/>\n<meta property=\"og:url\" content=\"https:\/\/3dvikingsstore.com\/de\/shop\/1-x-sci-fi-block-struktur\/\" \/>\n<meta property=\"og:site_name\" content=\"3D Vikings Store\" \/>\n<meta property=\"article:modified_time\" content=\"2024-01-31T15:44:19+00:00\" \/>\n<meta property=\"og:image\" content=\"https:\/\/3dvikingsstore.com\/wp-content\/uploads\/2020\/03\/il_794xN.1979709347_m8w4.jpg\" \/>\n\t<meta property=\"og:image:width\" content=\"794\" \/>\n\t<meta property=\"og:image:height\" content=\"540\" \/>\n\t<meta property=\"og:image:type\" content=\"image\/jpeg\" \/>\n<meta name=\"twitter:card\" content=\"summary_large_image\" \/>\n<meta name=\"twitter:label1\" content=\"Gesch\u00e4tzte Lesezeit\" \/>\n\t<meta name=\"twitter:data1\" content=\"1\u00a0Minute\" \/>\n<script type=\"application\/ld+json\" class=\"yoast-schema-graph\">{\"@context\":\"https:\/\/schema.org\",\"@graph\":[{\"@type\":[\"WebPage\",\"ItemPage\"],\"@id\":\"https:\/\/3dvikingsstore.com\/de\/shop\/1-x-sci-fi-block-struktur\/\",\"url\":\"https:\/\/3dvikingsstore.com\/de\/shop\/1-x-sci-fi-block-struktur\/\",\"name\":\"1 x Sci-Fi Block Struktur\",\"isPartOf\":{\"@id\":\"https:\/\/3dvikingsstore.com\/de\/#website\"},\"primaryImageOfPage\":{\"@id\":\"https:\/\/3dvikingsstore.com\/de\/shop\/1-x-sci-fi-block-struktur\/#primaryimage\"},\"image\":{\"@id\":\"https:\/\/3dvikingsstore.com\/de\/shop\/1-x-sci-fi-block-struktur\/#primaryimage\"},\"thumbnailUrl\":\"https:\/\/3dvikingsstore.com\/wp-content\/uploads\/2020\/03\/il_794xN.1979709347_m8w4.jpg\",\"datePublished\":\"2020-03-01T00:58:31+00:00\",\"dateModified\":\"2024-01-31T15:44:19+00:00\",\"breadcrumb\":{\"@id\":\"https:\/\/3dvikingsstore.com\/de\/shop\/1-x-sci-fi-block-struktur\/#breadcrumb\"},\"inLanguage\":\"de\",\"potentialAction\":[{\"@type\":\"ReadAction\",\"target\":[\"https:\/\/3dvikingsstore.com\/de\/shop\/1-x-sci-fi-block-struktur\/\"]}]},{\"@type\":\"ImageObject\",\"inLanguage\":\"de\",\"@id\":\"https:\/\/3dvikingsstore.com\/de\/shop\/1-x-sci-fi-block-struktur\/#primaryimage\",\"url\":\"https:\/\/3dvikingsstore.com\/wp-content\/uploads\/2020\/03\/il_794xN.1979709347_m8w4.jpg\",\"contentUrl\":\"https:\/\/3dvikingsstore.com\/wp-content\/uploads\/2020\/03\/il_794xN.1979709347_m8w4.jpg\",\"width\":794,\"height\":540},{\"@type\":\"BreadcrumbList\",\"@id\":\"https:\/\/3dvikingsstore.com\/de\/shop\/1-x-sci-fi-block-struktur\/#breadcrumb\",\"itemListElement\":[{\"@type\":\"ListItem\",\"position\":1,\"name\":\"Home\",\"item\":\"https:\/\/3dvikingsstore.com\/de\/\"},{\"@type\":\"ListItem\",\"position\":2,\"name\":\"Gesch\u00e4ft\",\"item\":\"https:\/\/3dvikingsstore.com\/shop\/\"},{\"@type\":\"ListItem\",\"position\":3,\"name\":\"1 x Sci-Fi Block Struktur\"}]},{\"@type\":\"WebSite\",\"@id\":\"https:\/\/3dvikingsstore.com\/de\/#website\",\"url\":\"https:\/\/3dvikingsstore.com\/de\/\",\"name\":\"3D Vikings Store\",\"description\":\"Scenery and Accessories for Tabletop and Board Games\",\"publisher\":{\"@id\":\"https:\/\/3dvikingsstore.com\/de\/#organization\"},\"potentialAction\":[{\"@type\":\"SearchAction\",\"target\":{\"@type\":\"EntryPoint\",\"urlTemplate\":\"https:\/\/3dvikingsstore.com\/de\/?s={search_term_string}\"},\"query-input\":\"required name=search_term_string\"}],\"inLanguage\":\"de\"},{\"@type\":\"Organization\",\"@id\":\"https:\/\/3dvikingsstore.com\/de\/#organization\",\"name\":\"3D Vikings Store\",\"url\":\"https:\/\/3dvikingsstore.com\/de\/\",\"logo\":{\"@type\":\"ImageObject\",\"inLanguage\":\"de\",\"@id\":\"https:\/\/3dvikingsstore.com\/de\/#\/schema\/logo\/image\/\",\"url\":\"https:\/\/3dvikingsstore.com\/wp-content\/uploads\/2020\/03\/3dvikings-logo-karge-white.jpg\",\"contentUrl\":\"https:\/\/3dvikingsstore.com\/wp-content\/uploads\/2020\/03\/3dvikings-logo-karge-white.jpg\",\"width\":800,\"height\":800,\"caption\":\"3D Vikings Store\"},\"image\":{\"@id\":\"https:\/\/3dvikingsstore.com\/de\/#\/schema\/logo\/image\/\"}}]}<\/script>\n<!-- \/ Yoast SEO Premium plugin. -->","yoast_head_json":{"title":"1 x Sci-Fi Block Struktur","robots":{"index":"index","follow":"follow","max-snippet":"max-snippet:-1","max-image-preview":"max-image-preview:large","max-video-preview":"max-video-preview:-1"},"canonical":"https:\/\/3dvikingsstore.com\/de\/shop\/1-x-sci-fi-block-struktur\/","og_locale":"de_DE","og_type":"article","og_title":"1 x Sci-Fi Block Struktur","og_description":"Diese Auflistung ist f\u00fcr 1 x Block Struktur f\u00fcr Ihre Fantasy-Szenerie. Wird unbemalt geliefert. Diese Bl\u00f6cke werden am besten schmutzig und rostig gestrichen.","og_url":"https:\/\/3dvikingsstore.com\/de\/shop\/1-x-sci-fi-block-struktur\/","og_site_name":"3D Vikings Store","article_modified_time":"2024-01-31T15:44:19+00:00","og_image":[{"width":794,"height":540,"url":"https:\/\/3dvikingsstore.com\/wp-content\/uploads\/2020\/03\/il_794xN.1979709347_m8w4.jpg","type":"image\/jpeg"}],"twitter_card":"summary_large_image","twitter_misc":{"Gesch\u00e4tzte Lesezeit":"1\u00a0Minute"},"schema":{"@context":"https:\/\/schema.org","@graph":[{"@type":["WebPage","ItemPage"],"@id":"https:\/\/3dvikingsstore.com\/de\/shop\/1-x-sci-fi-block-struktur\/","url":"https:\/\/3dvikingsstore.com\/de\/shop\/1-x-sci-fi-block-struktur\/","name":"1 x Sci-Fi Block Struktur","isPartOf":{"@id":"https:\/\/3dvikingsstore.com\/de\/#website"},"primaryImageOfPage":{"@id":"https:\/\/3dvikingsstore.com\/de\/shop\/1-x-sci-fi-block-struktur\/#primaryimage"},"image":{"@id":"https:\/\/3dvikingsstore.com\/de\/shop\/1-x-sci-fi-block-struktur\/#primaryimage"},"thumbnailUrl":"https:\/\/3dvikingsstore.com\/wp-content\/uploads\/2020\/03\/il_794xN.1979709347_m8w4.jpg","datePublished":"2020-03-01T00:58:31+00:00","dateModified":"2024-01-31T15:44:19+00:00","breadcrumb":{"@id":"https:\/\/3dvikingsstore.com\/de\/shop\/1-x-sci-fi-block-struktur\/#breadcrumb"},"inLanguage":"de","potentialAction":[{"@type":"ReadAction","target":["https:\/\/3dvikingsstore.com\/de\/shop\/1-x-sci-fi-block-struktur\/"]}]},{"@type":"ImageObject","inLanguage":"de","@id":"https:\/\/3dvikingsstore.com\/de\/shop\/1-x-sci-fi-block-struktur\/#primaryimage","url":"https:\/\/3dvikingsstore.com\/wp-content\/uploads\/2020\/03\/il_794xN.1979709347_m8w4.jpg","contentUrl":"https:\/\/3dvikingsstore.com\/wp-content\/uploads\/2020\/03\/il_794xN.1979709347_m8w4.jpg","width":794,"height":540},{"@type":"BreadcrumbList","@id":"https:\/\/3dvikingsstore.com\/de\/shop\/1-x-sci-fi-block-struktur\/#breadcrumb","itemListElement":[{"@type":"ListItem","position":1,"name":"Home","item":"https:\/\/3dvikingsstore.com\/de\/"},{"@type":"ListItem","position":2,"name":"Gesch\u00e4ft","item":"https:\/\/3dvikingsstore.com\/shop\/"},{"@type":"ListItem","position":3,"name":"1 x Sci-Fi Block Struktur"}]},{"@type":"WebSite","@id":"https:\/\/3dvikingsstore.com\/de\/#website","url":"https:\/\/3dvikingsstore.com\/de\/","name":"3D Vikings Store","description":"Scenery and Accessories for Tabletop and Board Games","publisher":{"@id":"https:\/\/3dvikingsstore.com\/de\/#organization"},"potentialAction":[{"@type":"SearchAction","target":{"@type":"EntryPoint","urlTemplate":"https:\/\/3dvikingsstore.com\/de\/?s={search_term_string}"},"query-input":"required name=search_term_string"}],"inLanguage":"de"},{"@type":"Organization","@id":"https:\/\/3dvikingsstore.com\/de\/#organization","name":"3D Vikings Store","url":"https:\/\/3dvikingsstore.com\/de\/","logo":{"@type":"ImageObject","inLanguage":"de","@id":"https:\/\/3dvikingsstore.com\/de\/#\/schema\/logo\/image\/","url":"https:\/\/3dvikingsstore.com\/wp-content\/uploads\/2020\/03\/3dvikings-logo-karge-white.jpg","contentUrl":"https:\/\/3dvikingsstore.com\/wp-content\/uploads\/2020\/03\/3dvikings-logo-karge-white.jpg","width":800,"height":800,"caption":"3D Vikings Store"},"image":{"@id":"https:\/\/3dvikingsstore.com\/de\/#\/schema\/logo\/image\/"}}]}},"_links":{"self":[{"href":"https:\/\/3dvikingsstore.com\/de\/wp-json\/wp\/v2\/product\/16675"}],"collection":[{"href":"https:\/\/3dvikingsstore.com\/de\/wp-json\/wp\/v2\/product"}],"about":[{"href":"https:\/\/3dvikingsstore.com\/de\/wp-json\/wp\/v2\/types\/product"}],"replies":[{"embeddable":true,"href":"https:\/\/3dvikingsstore.com\/de\/wp-json\/wp\/v2\/comments?post=16675"}],"version-history":[{"count":0,"href":"https:\/\/3dvikingsstore.com\/de\/wp-json\/wp\/v2\/product\/16675\/revisions"}],"wp:featuredmedia":[{"embeddable":true,"href":"https:\/\/3dvikingsstore.com\/de\/wp-json\/wp\/v2\/media\/14486"}],"wp:attachment":[{"href":"https:\/\/3dvikingsstore.com\/de\/wp-json\/wp\/v2\/media?parent=16675"}],"wp:term":[{"taxonomy":"product_cat","embeddable":true,"href":"https:\/\/3dvikingsstore.com\/de\/wp-json\/wp\/v2\/product_cat?post=16675"},{"taxonomy":"product_tag","embeddable":true,"href":"https:\/\/3dvikingsstore.com\/de\/wp-json\/wp\/v2\/product_tag?post=16675"}],"curies":[{"name":"wp","href":"https:\/\/api.w.org\/{rel}","templated":true}]}}