{"id":16601,"date":"2020-03-01T02:58:04","date_gmt":"2020-03-01T00:58:04","guid":{"rendered":"https:\/\/3dvikingsstore.com\/shop\/gotische-raumschiff-wrack-triebwerke-28mm-massstab\/"},"modified":"2024-01-31T13:36:31","modified_gmt":"2024-01-31T11:36:31","slug":"gotische-raumschiff-wrack-triebwerke-28mm-massstab","status":"publish","type":"product","link":"https:\/\/3dvikingsstore.com\/de\/shop\/gotische-raumschiff-wrack-triebwerke-28mm-massstab\/","title":{"rendered":"Gotische Raumschiff Wrack Triebwerke 28mm Ma\u00dfstab"},"content":{"rendered":"<p>? Wenn du auf der Suche nach einem atemberaubenden <strong>Gothic-Raumschiff-Wrack<\/strong> bist, um deine Tabletop-Schlachten aufzupeppen, dann sind diese Motoren aus der Terrain4Print Gothic Spaceship Serie genau das Richtige f\u00fcr dich. Diese Triebwerke sind so konzipiert, dass sie perfekt zu den anderen Teilen der Serie passen und eine realistische und beeindruckende Szene eines abgest\u00fcrzten Raumschiffs schaffen. Dank der kleinen Zapfen und L\u00f6cher, die als Orientierungshilfe dienen, k\u00f6nnen Sie die Motorringe leicht an die anderen Teile kleben. Die Motoren haben viele Details und Texturen, die sie nach der Bemalung erstaunlich aussehen lassen. Egal, ob Sie Warhammer 40k, Star Wars Legion oder ein anderes Sci-Fi-Kriegsspiel spielen, diese Motoren werden Ihrem Gel\u00e4nde viel Charakter und Atmosph\u00e4re verleihen. Verpassen Sie nicht die Gelegenheit, diese fantastischen Motoren f\u00fcr Ihr gotisches Raumschiffwrack zu bekommen!<\/p>\n<p>Die Motoren sind unlackiert.<\/p>\n<p>Die Miniaturen sind nicht im Lieferumfang enthalten, sie sind nur ma\u00dfstabsgerecht abgebildet.<\/p>\n<p>Er wird mit PLA gedruckt, einem der umweltfreundlichsten Filamente, die es derzeit auf dem Markt gibt. PLA wird aus Pflanzen wie Mais und Zuckerrohr gewonnen, ist erneuerbar und vor allem biologisch abbaubar und ungiftig. Die damit bedruckten Gegenst\u00e4nde sind haltbar und stabil.<\/p>\n<p>\u00a9\ufe0f Modell wird uns von Terrain4Print als offiziell lizenzierter Verk\u00e4ufer zur Verf\u00fcgung gestellt. Bitte besuchen Sie den Terrain4Print Thingiverse Account f\u00fcr die Quelldateien: https:\/\/www.thingiverse.com\/Terrain4Print\/about Wir sind in der Lage, ALLE von Terrain4Print entworfenen Modelle zu drucken. Bitte kontaktieren Sie uns f\u00fcr Anfragen zu einem der Designs und wir werden das Produkt f\u00fcr Sie hinzuf\u00fcgen!<\/p>\n","protected":false},"excerpt":{"rendered":"<p>Wenn du auf der Suche nach einem atemberaubenden <strong>Gothic-Raumschiff-Wrack<\/strong> bist, um deine Tabletop-Schlachten aufzupeppen, dann sind diese Motoren aus der Terrain4Print Gothic Spaceship Serie genau das Richtige f\u00fcr dich. Diese Triebwerke sind so konzipiert, dass sie perfekt zu den anderen Teilen der Serie passen und eine realistische und beeindruckende Szene eines abgest\u00fcrzten Raumschiffs schaffen. Perfekt f\u00fcr Warhammer 40k Terrain, Star Wars Legion Scenery und Wargaming insgesamt.<\/p>\n","protected":false},"featured_media":14056,"comment_status":"open","ping_status":"closed","template":"","meta":[],"product_cat":[2732,2717],"product_tag":[2751,2974,2890,2971,2970,2975,2973,2972,2806,2737,2766,2744,2896,2895,2967,2976],"yoast_head":"<!-- This site is optimized with the Yoast SEO Premium plugin v22.9 (Yoast SEO v22.9) - https:\/\/yoast.com\/wordpress\/plugins\/seo\/ -->\n<title>Gotische Raumschiff Wrack Triebwerke 28mm Ma\u00dfstab<\/title>\n<meta name=\"description\" content=\"Wenn du auf der Suche nach einem atemberaubenden gotischen Raumschiffwrack bist, um deine Tabletop-Schlachten aufzupeppen, dann sind diese Maschinen genau das Richtige f\u00fcr dich.\" \/>\n<meta name=\"robots\" content=\"index, follow, max-snippet:-1, max-image-preview:large, max-video-preview:-1\" \/>\n<link rel=\"canonical\" href=\"https:\/\/3dvikingsstore.com\/de\/shop\/gotische-raumschiff-wrack-triebwerke-28mm-massstab\/\" \/>\n<meta property=\"og:locale\" content=\"de_DE\" \/>\n<meta property=\"og:type\" content=\"article\" \/>\n<meta property=\"og:title\" content=\"Gotische Raumschiff Wrack Triebwerke 28mm Ma\u00dfstab\" \/>\n<meta property=\"og:description\" content=\"Wenn du auf der Suche nach einem atemberaubenden gotischen Raumschiffwrack bist, um deine Tabletop-Schlachten aufzupeppen, dann sind diese Maschinen genau das Richtige f\u00fcr dich.\" \/>\n<meta property=\"og:url\" content=\"https:\/\/3dvikingsstore.com\/de\/shop\/gotische-raumschiff-wrack-triebwerke-28mm-massstab\/\" \/>\n<meta property=\"og:site_name\" content=\"3D Vikings Store\" \/>\n<meta property=\"article:modified_time\" content=\"2024-01-31T11:36:31+00:00\" \/>\n<meta property=\"og:image\" content=\"https:\/\/3dvikingsstore.com\/wp-content\/uploads\/2020\/03\/il_1588xN.1978652367_nhdy.jpg\" \/>\n\t<meta property=\"og:image:width\" content=\"1588\" \/>\n\t<meta property=\"og:image:height\" content=\"1079\" \/>\n\t<meta property=\"og:image:type\" content=\"image\/jpeg\" \/>\n<meta name=\"twitter:card\" content=\"summary_large_image\" \/>\n<meta name=\"twitter:label1\" content=\"Gesch\u00e4tzte Lesezeit\" \/>\n\t<meta name=\"twitter:data1\" content=\"2\u00a0Minuten\" \/>\n<script type=\"application\/ld+json\" class=\"yoast-schema-graph\">{\"@context\":\"https:\/\/schema.org\",\"@graph\":[{\"@type\":[\"WebPage\",\"ItemPage\"],\"@id\":\"https:\/\/3dvikingsstore.com\/de\/shop\/gotische-raumschiff-wrack-triebwerke-28mm-massstab\/\",\"url\":\"https:\/\/3dvikingsstore.com\/de\/shop\/gotische-raumschiff-wrack-triebwerke-28mm-massstab\/\",\"name\":\"Gotische Raumschiff Wrack Triebwerke 28mm Ma\u00dfstab\",\"isPartOf\":{\"@id\":\"https:\/\/3dvikingsstore.com\/de\/#website\"},\"primaryImageOfPage\":{\"@id\":\"https:\/\/3dvikingsstore.com\/de\/shop\/gotische-raumschiff-wrack-triebwerke-28mm-massstab\/#primaryimage\"},\"image\":{\"@id\":\"https:\/\/3dvikingsstore.com\/de\/shop\/gotische-raumschiff-wrack-triebwerke-28mm-massstab\/#primaryimage\"},\"thumbnailUrl\":\"https:\/\/3dvikingsstore.com\/wp-content\/uploads\/2020\/03\/il_1588xN.1978652367_nhdy.jpg\",\"datePublished\":\"2020-03-01T00:58:04+00:00\",\"dateModified\":\"2024-01-31T11:36:31+00:00\",\"description\":\"Wenn du auf der Suche nach einem atemberaubenden gotischen Raumschiffwrack bist, um deine Tabletop-Schlachten aufzupeppen, dann sind diese Maschinen genau das Richtige f\u00fcr dich.\",\"breadcrumb\":{\"@id\":\"https:\/\/3dvikingsstore.com\/de\/shop\/gotische-raumschiff-wrack-triebwerke-28mm-massstab\/#breadcrumb\"},\"inLanguage\":\"de\",\"potentialAction\":[{\"@type\":\"ReadAction\",\"target\":[\"https:\/\/3dvikingsstore.com\/de\/shop\/gotische-raumschiff-wrack-triebwerke-28mm-massstab\/\"]}]},{\"@type\":\"ImageObject\",\"inLanguage\":\"de\",\"@id\":\"https:\/\/3dvikingsstore.com\/de\/shop\/gotische-raumschiff-wrack-triebwerke-28mm-massstab\/#primaryimage\",\"url\":\"https:\/\/3dvikingsstore.com\/wp-content\/uploads\/2020\/03\/il_1588xN.1978652367_nhdy.jpg\",\"contentUrl\":\"https:\/\/3dvikingsstore.com\/wp-content\/uploads\/2020\/03\/il_1588xN.1978652367_nhdy.jpg\",\"width\":1588,\"height\":1079},{\"@type\":\"BreadcrumbList\",\"@id\":\"https:\/\/3dvikingsstore.com\/de\/shop\/gotische-raumschiff-wrack-triebwerke-28mm-massstab\/#breadcrumb\",\"itemListElement\":[{\"@type\":\"ListItem\",\"position\":1,\"name\":\"Home\",\"item\":\"https:\/\/3dvikingsstore.com\/de\/\"},{\"@type\":\"ListItem\",\"position\":2,\"name\":\"Gesch\u00e4ft\",\"item\":\"https:\/\/3dvikingsstore.com\/shop\/\"},{\"@type\":\"ListItem\",\"position\":3,\"name\":\"Gotische Raumschiff Wrack Triebwerke 28mm Ma\u00dfstab\"}]},{\"@type\":\"WebSite\",\"@id\":\"https:\/\/3dvikingsstore.com\/de\/#website\",\"url\":\"https:\/\/3dvikingsstore.com\/de\/\",\"name\":\"3D Vikings Store\",\"description\":\"Scenery and Accessories for Tabletop and Board Games\",\"publisher\":{\"@id\":\"https:\/\/3dvikingsstore.com\/de\/#organization\"},\"potentialAction\":[{\"@type\":\"SearchAction\",\"target\":{\"@type\":\"EntryPoint\",\"urlTemplate\":\"https:\/\/3dvikingsstore.com\/de\/?s={search_term_string}\"},\"query-input\":\"required name=search_term_string\"}],\"inLanguage\":\"de\"},{\"@type\":\"Organization\",\"@id\":\"https:\/\/3dvikingsstore.com\/de\/#organization\",\"name\":\"3D Vikings Store\",\"url\":\"https:\/\/3dvikingsstore.com\/de\/\",\"logo\":{\"@type\":\"ImageObject\",\"inLanguage\":\"de\",\"@id\":\"https:\/\/3dvikingsstore.com\/de\/#\/schema\/logo\/image\/\",\"url\":\"https:\/\/3dvikingsstore.com\/wp-content\/uploads\/2020\/03\/3dvikings-logo-karge-white.jpg\",\"contentUrl\":\"https:\/\/3dvikingsstore.com\/wp-content\/uploads\/2020\/03\/3dvikings-logo-karge-white.jpg\",\"width\":800,\"height\":800,\"caption\":\"3D Vikings Store\"},\"image\":{\"@id\":\"https:\/\/3dvikingsstore.com\/de\/#\/schema\/logo\/image\/\"}}]}<\/script>\n<!-- \/ Yoast SEO Premium plugin. -->","yoast_head_json":{"title":"Gotische Raumschiff Wrack Triebwerke 28mm Ma\u00dfstab","description":"Wenn du auf der Suche nach einem atemberaubenden gotischen Raumschiffwrack bist, um deine Tabletop-Schlachten aufzupeppen, dann sind diese Maschinen genau das Richtige f\u00fcr dich.","robots":{"index":"index","follow":"follow","max-snippet":"max-snippet:-1","max-image-preview":"max-image-preview:large","max-video-preview":"max-video-preview:-1"},"canonical":"https:\/\/3dvikingsstore.com\/de\/shop\/gotische-raumschiff-wrack-triebwerke-28mm-massstab\/","og_locale":"de_DE","og_type":"article","og_title":"Gotische Raumschiff Wrack Triebwerke 28mm Ma\u00dfstab","og_description":"Wenn du auf der Suche nach einem atemberaubenden gotischen Raumschiffwrack bist, um deine Tabletop-Schlachten aufzupeppen, dann sind diese Maschinen genau das Richtige f\u00fcr dich.","og_url":"https:\/\/3dvikingsstore.com\/de\/shop\/gotische-raumschiff-wrack-triebwerke-28mm-massstab\/","og_site_name":"3D Vikings Store","article_modified_time":"2024-01-31T11:36:31+00:00","og_image":[{"width":1588,"height":1079,"url":"https:\/\/3dvikingsstore.com\/wp-content\/uploads\/2020\/03\/il_1588xN.1978652367_nhdy.jpg","type":"image\/jpeg"}],"twitter_card":"summary_large_image","twitter_misc":{"Gesch\u00e4tzte Lesezeit":"2\u00a0Minuten"},"schema":{"@context":"https:\/\/schema.org","@graph":[{"@type":["WebPage","ItemPage"],"@id":"https:\/\/3dvikingsstore.com\/de\/shop\/gotische-raumschiff-wrack-triebwerke-28mm-massstab\/","url":"https:\/\/3dvikingsstore.com\/de\/shop\/gotische-raumschiff-wrack-triebwerke-28mm-massstab\/","name":"Gotische Raumschiff Wrack Triebwerke 28mm Ma\u00dfstab","isPartOf":{"@id":"https:\/\/3dvikingsstore.com\/de\/#website"},"primaryImageOfPage":{"@id":"https:\/\/3dvikingsstore.com\/de\/shop\/gotische-raumschiff-wrack-triebwerke-28mm-massstab\/#primaryimage"},"image":{"@id":"https:\/\/3dvikingsstore.com\/de\/shop\/gotische-raumschiff-wrack-triebwerke-28mm-massstab\/#primaryimage"},"thumbnailUrl":"https:\/\/3dvikingsstore.com\/wp-content\/uploads\/2020\/03\/il_1588xN.1978652367_nhdy.jpg","datePublished":"2020-03-01T00:58:04+00:00","dateModified":"2024-01-31T11:36:31+00:00","description":"Wenn du auf der Suche nach einem atemberaubenden gotischen Raumschiffwrack bist, um deine Tabletop-Schlachten aufzupeppen, dann sind diese Maschinen genau das Richtige f\u00fcr dich.","breadcrumb":{"@id":"https:\/\/3dvikingsstore.com\/de\/shop\/gotische-raumschiff-wrack-triebwerke-28mm-massstab\/#breadcrumb"},"inLanguage":"de","potentialAction":[{"@type":"ReadAction","target":["https:\/\/3dvikingsstore.com\/de\/shop\/gotische-raumschiff-wrack-triebwerke-28mm-massstab\/"]}]},{"@type":"ImageObject","inLanguage":"de","@id":"https:\/\/3dvikingsstore.com\/de\/shop\/gotische-raumschiff-wrack-triebwerke-28mm-massstab\/#primaryimage","url":"https:\/\/3dvikingsstore.com\/wp-content\/uploads\/2020\/03\/il_1588xN.1978652367_nhdy.jpg","contentUrl":"https:\/\/3dvikingsstore.com\/wp-content\/uploads\/2020\/03\/il_1588xN.1978652367_nhdy.jpg","width":1588,"height":1079},{"@type":"BreadcrumbList","@id":"https:\/\/3dvikingsstore.com\/de\/shop\/gotische-raumschiff-wrack-triebwerke-28mm-massstab\/#breadcrumb","itemListElement":[{"@type":"ListItem","position":1,"name":"Home","item":"https:\/\/3dvikingsstore.com\/de\/"},{"@type":"ListItem","position":2,"name":"Gesch\u00e4ft","item":"https:\/\/3dvikingsstore.com\/shop\/"},{"@type":"ListItem","position":3,"name":"Gotische Raumschiff Wrack Triebwerke 28mm Ma\u00dfstab"}]},{"@type":"WebSite","@id":"https:\/\/3dvikingsstore.com\/de\/#website","url":"https:\/\/3dvikingsstore.com\/de\/","name":"3D Vikings Store","description":"Scenery and Accessories for Tabletop and Board Games","publisher":{"@id":"https:\/\/3dvikingsstore.com\/de\/#organization"},"potentialAction":[{"@type":"SearchAction","target":{"@type":"EntryPoint","urlTemplate":"https:\/\/3dvikingsstore.com\/de\/?s={search_term_string}"},"query-input":"required name=search_term_string"}],"inLanguage":"de"},{"@type":"Organization","@id":"https:\/\/3dvikingsstore.com\/de\/#organization","name":"3D Vikings Store","url":"https:\/\/3dvikingsstore.com\/de\/","logo":{"@type":"ImageObject","inLanguage":"de","@id":"https:\/\/3dvikingsstore.com\/de\/#\/schema\/logo\/image\/","url":"https:\/\/3dvikingsstore.com\/wp-content\/uploads\/2020\/03\/3dvikings-logo-karge-white.jpg","contentUrl":"https:\/\/3dvikingsstore.com\/wp-content\/uploads\/2020\/03\/3dvikings-logo-karge-white.jpg","width":800,"height":800,"caption":"3D Vikings Store"},"image":{"@id":"https:\/\/3dvikingsstore.com\/de\/#\/schema\/logo\/image\/"}}]}},"_links":{"self":[{"href":"https:\/\/3dvikingsstore.com\/de\/wp-json\/wp\/v2\/product\/16601"}],"collection":[{"href":"https:\/\/3dvikingsstore.com\/de\/wp-json\/wp\/v2\/product"}],"about":[{"href":"https:\/\/3dvikingsstore.com\/de\/wp-json\/wp\/v2\/types\/product"}],"replies":[{"embeddable":true,"href":"https:\/\/3dvikingsstore.com\/de\/wp-json\/wp\/v2\/comments?post=16601"}],"version-history":[{"count":0,"href":"https:\/\/3dvikingsstore.com\/de\/wp-json\/wp\/v2\/product\/16601\/revisions"}],"wp:featuredmedia":[{"embeddable":true,"href":"https:\/\/3dvikingsstore.com\/de\/wp-json\/wp\/v2\/media\/14056"}],"wp:attachment":[{"href":"https:\/\/3dvikingsstore.com\/de\/wp-json\/wp\/v2\/media?parent=16601"}],"wp:term":[{"taxonomy":"product_cat","embeddable":true,"href":"https:\/\/3dvikingsstore.com\/de\/wp-json\/wp\/v2\/product_cat?post=16601"},{"taxonomy":"product_tag","embeddable":true,"href":"https:\/\/3dvikingsstore.com\/de\/wp-json\/wp\/v2\/product_tag?post=16601"}],"curies":[{"name":"wp","href":"https:\/\/api.w.org\/{rel}","templated":true}]}}