{"id":16597,"date":"2020-03-01T02:58:30","date_gmt":"2020-03-01T00:58:30","guid":{"rendered":"https:\/\/3dvikingsstore.com\/shop\/massives-gotisches-raumschiffwrack-im-28mm-massstab\/"},"modified":"2024-02-19T20:03:09","modified_gmt":"2024-02-19T18:03:09","slug":"massives-gotisches-raumschiffwrack-im-28mm-massstab","status":"publish","type":"product","link":"https:\/\/3dvikingsstore.com\/de\/shop\/massives-gotisches-raumschiffwrack-im-28mm-massstab\/","title":{"rendered":"Massives gotisches Raumschiffwrack im 28mm Ma\u00dfstab"},"content":{"rendered":"<p>Sind Sie ein Fan von <strong>Gotisches Raumschiffmodellen<\/strong>? Dann werden Sie von diesem atemberaubenden St\u00fcck von Terrain4Print begeistert sein. Es ist die Nase des Schiffes, die die Essenz des gotischen Stils einf\u00e4ngt. Er besteht aus drei Teilen, die sich mit Clips problemlos zusammenstecken lassen.<\/p>\n<p>Das Innere der Nase ist voll von komplizierten Details, die sie realistisch und beeindruckend aussehen lassen. Sie k\u00f6nnen die Torpedorohr-Luken und die Instrumente zur Steuerung des Schiffes sehen. Sie sind ideal, um Ihren Spielen und Szenarien Tiefe und Interesse zu verleihen. Sie k\u00f6nnen sie als Zielmarkierungen oder als Teil der Szenerie verwenden.<\/p>\n<p>Dieses St\u00fcck ist nicht nur sch\u00f6n, sondern auch umweltfreundlich. Er wird mit PLA gedruckt, einem Filament, das aus Pflanzen wie Mais und Zuckerrohr hergestellt wird. PLA ist erneuerbar und biologisch abbaubar, so dass es die Umwelt nicht belastet. Au\u00dferdem ist es ungiftig und sicher in der Handhabung. Die PLA-Drucke sind robust und langlebig, so dass Sie lange Freude an Ihrer Gothic Spaceship Nase haben werden, ohne sich Sorgen machen zu m\u00fcssen, dass sie bricht oder verblasst.<\/p>\n<p>Wird unbemalt geliefert.<\/p>\n","protected":false},"excerpt":{"rendered":"<p>Das Innere der Nase ist voll von komplizierten Details, die sie realistisch und beeindruckend aussehen lassen. Sie k\u00f6nnen die Torpedorohr-Luken und die Instrumente zur Steuerung des Schiffes sehen. Sie sind ideal, um Ihren Spielen und Szenarien Tiefe und Interesse zu verleihen. Sie k\u00f6nnen sie als Zielmarkierungen oder als Teil der Szenerie verwenden.<\/p>\n","protected":false},"featured_media":14476,"comment_status":"open","ping_status":"closed","template":"","meta":[],"product_cat":[2732,2717],"product_tag":[2734,2733,2970,2740,2738,2969,2741,2739,2737,2744,2742,2968,2736,2678,2735,2967,2743],"yoast_head":"<!-- This site is optimized with the Yoast SEO Premium plugin v22.9 (Yoast SEO v22.9) - https:\/\/yoast.com\/wordpress\/plugins\/seo\/ -->\n<title>Massives gotisches Raumschiffwrack im 28mm Ma\u00dfstab<\/title>\n<meta name=\"description\" content=\"Entdecken Sie das Gotisches Raumschiff Bugwrack, ein atemberaubendes St\u00fcck, das Ihre Spiele und Szenarien bereichern wird. Es f\u00e4ngt die Essenz des gotischen Stils ein.\" \/>\n<meta name=\"robots\" content=\"index, follow, max-snippet:-1, max-image-preview:large, max-video-preview:-1\" \/>\n<link rel=\"canonical\" href=\"https:\/\/3dvikingsstore.com\/de\/shop\/massives-gotisches-raumschiffwrack-im-28mm-massstab\/\" \/>\n<meta property=\"og:locale\" content=\"de_DE\" \/>\n<meta property=\"og:type\" content=\"article\" \/>\n<meta property=\"og:title\" content=\"Massives gotisches Raumschiffwrack im 28mm Ma\u00dfstab\" \/>\n<meta property=\"og:description\" content=\"Entdecken Sie das Gotisches Raumschiff Bugwrack, ein atemberaubendes St\u00fcck, das Ihre Spiele und Szenarien bereichern wird. Es f\u00e4ngt die Essenz des gotischen Stils ein.\" \/>\n<meta property=\"og:url\" content=\"https:\/\/3dvikingsstore.com\/de\/shop\/massives-gotisches-raumschiffwrack-im-28mm-massstab\/\" \/>\n<meta property=\"og:site_name\" content=\"3D Vikings Store\" \/>\n<meta property=\"article:modified_time\" content=\"2024-02-19T18:03:09+00:00\" \/>\n<meta property=\"og:image\" content=\"https:\/\/3dvikingsstore.com\/wp-content\/uploads\/2020\/03\/il_794xN.1931076308_eh8t.jpg\" \/>\n\t<meta property=\"og:image:width\" content=\"794\" \/>\n\t<meta property=\"og:image:height\" content=\"790\" \/>\n\t<meta property=\"og:image:type\" content=\"image\/jpeg\" \/>\n<meta name=\"twitter:card\" content=\"summary_large_image\" \/>\n<meta name=\"twitter:label1\" content=\"Gesch\u00e4tzte Lesezeit\" \/>\n\t<meta name=\"twitter:data1\" content=\"2\u00a0Minuten\" \/>\n<script type=\"application\/ld+json\" class=\"yoast-schema-graph\">{\"@context\":\"https:\/\/schema.org\",\"@graph\":[{\"@type\":[\"WebPage\",\"ItemPage\"],\"@id\":\"https:\/\/3dvikingsstore.com\/de\/shop\/massives-gotisches-raumschiffwrack-im-28mm-massstab\/\",\"url\":\"https:\/\/3dvikingsstore.com\/de\/shop\/massives-gotisches-raumschiffwrack-im-28mm-massstab\/\",\"name\":\"Massives gotisches Raumschiffwrack im 28mm Ma\u00dfstab\",\"isPartOf\":{\"@id\":\"https:\/\/3dvikingsstore.com\/de\/#website\"},\"primaryImageOfPage\":{\"@id\":\"https:\/\/3dvikingsstore.com\/de\/shop\/massives-gotisches-raumschiffwrack-im-28mm-massstab\/#primaryimage\"},\"image\":{\"@id\":\"https:\/\/3dvikingsstore.com\/de\/shop\/massives-gotisches-raumschiffwrack-im-28mm-massstab\/#primaryimage\"},\"thumbnailUrl\":\"https:\/\/3dvikingsstore.com\/wp-content\/uploads\/2020\/03\/il_794xN.1931076308_eh8t.jpg\",\"datePublished\":\"2020-03-01T00:58:30+00:00\",\"dateModified\":\"2024-02-19T18:03:09+00:00\",\"description\":\"Entdecken Sie das Gotisches Raumschiff Bugwrack, ein atemberaubendes St\u00fcck, das Ihre Spiele und Szenarien bereichern wird. Es f\u00e4ngt die Essenz des gotischen Stils ein.\",\"breadcrumb\":{\"@id\":\"https:\/\/3dvikingsstore.com\/de\/shop\/massives-gotisches-raumschiffwrack-im-28mm-massstab\/#breadcrumb\"},\"inLanguage\":\"de\",\"potentialAction\":[{\"@type\":\"ReadAction\",\"target\":[\"https:\/\/3dvikingsstore.com\/de\/shop\/massives-gotisches-raumschiffwrack-im-28mm-massstab\/\"]}]},{\"@type\":\"ImageObject\",\"inLanguage\":\"de\",\"@id\":\"https:\/\/3dvikingsstore.com\/de\/shop\/massives-gotisches-raumschiffwrack-im-28mm-massstab\/#primaryimage\",\"url\":\"https:\/\/3dvikingsstore.com\/wp-content\/uploads\/2020\/03\/il_794xN.1931076308_eh8t.jpg\",\"contentUrl\":\"https:\/\/3dvikingsstore.com\/wp-content\/uploads\/2020\/03\/il_794xN.1931076308_eh8t.jpg\",\"width\":794,\"height\":790,\"caption\":\"Gothic Spaceship\"},{\"@type\":\"BreadcrumbList\",\"@id\":\"https:\/\/3dvikingsstore.com\/de\/shop\/massives-gotisches-raumschiffwrack-im-28mm-massstab\/#breadcrumb\",\"itemListElement\":[{\"@type\":\"ListItem\",\"position\":1,\"name\":\"Home\",\"item\":\"https:\/\/3dvikingsstore.com\/de\/\"},{\"@type\":\"ListItem\",\"position\":2,\"name\":\"Gesch\u00e4ft\",\"item\":\"https:\/\/3dvikingsstore.com\/shop\/\"},{\"@type\":\"ListItem\",\"position\":3,\"name\":\"Massives gotisches Raumschiffwrack im 28mm Ma\u00dfstab\"}]},{\"@type\":\"WebSite\",\"@id\":\"https:\/\/3dvikingsstore.com\/de\/#website\",\"url\":\"https:\/\/3dvikingsstore.com\/de\/\",\"name\":\"3D Vikings Store\",\"description\":\"Scenery and Accessories for Tabletop and Board Games\",\"publisher\":{\"@id\":\"https:\/\/3dvikingsstore.com\/de\/#organization\"},\"potentialAction\":[{\"@type\":\"SearchAction\",\"target\":{\"@type\":\"EntryPoint\",\"urlTemplate\":\"https:\/\/3dvikingsstore.com\/de\/?s={search_term_string}\"},\"query-input\":\"required name=search_term_string\"}],\"inLanguage\":\"de\"},{\"@type\":\"Organization\",\"@id\":\"https:\/\/3dvikingsstore.com\/de\/#organization\",\"name\":\"3D Vikings Store\",\"url\":\"https:\/\/3dvikingsstore.com\/de\/\",\"logo\":{\"@type\":\"ImageObject\",\"inLanguage\":\"de\",\"@id\":\"https:\/\/3dvikingsstore.com\/de\/#\/schema\/logo\/image\/\",\"url\":\"https:\/\/3dvikingsstore.com\/wp-content\/uploads\/2020\/03\/3dvikings-logo-karge-white.jpg\",\"contentUrl\":\"https:\/\/3dvikingsstore.com\/wp-content\/uploads\/2020\/03\/3dvikings-logo-karge-white.jpg\",\"width\":800,\"height\":800,\"caption\":\"3D Vikings Store\"},\"image\":{\"@id\":\"https:\/\/3dvikingsstore.com\/de\/#\/schema\/logo\/image\/\"}}]}<\/script>\n<!-- \/ Yoast SEO Premium plugin. -->","yoast_head_json":{"title":"Massives gotisches Raumschiffwrack im 28mm Ma\u00dfstab","description":"Entdecken Sie das Gotisches Raumschiff Bugwrack, ein atemberaubendes St\u00fcck, das Ihre Spiele und Szenarien bereichern wird. Es f\u00e4ngt die Essenz des gotischen Stils ein.","robots":{"index":"index","follow":"follow","max-snippet":"max-snippet:-1","max-image-preview":"max-image-preview:large","max-video-preview":"max-video-preview:-1"},"canonical":"https:\/\/3dvikingsstore.com\/de\/shop\/massives-gotisches-raumschiffwrack-im-28mm-massstab\/","og_locale":"de_DE","og_type":"article","og_title":"Massives gotisches Raumschiffwrack im 28mm Ma\u00dfstab","og_description":"Entdecken Sie das Gotisches Raumschiff Bugwrack, ein atemberaubendes St\u00fcck, das Ihre Spiele und Szenarien bereichern wird. Es f\u00e4ngt die Essenz des gotischen Stils ein.","og_url":"https:\/\/3dvikingsstore.com\/de\/shop\/massives-gotisches-raumschiffwrack-im-28mm-massstab\/","og_site_name":"3D Vikings Store","article_modified_time":"2024-02-19T18:03:09+00:00","og_image":[{"width":794,"height":790,"url":"https:\/\/3dvikingsstore.com\/wp-content\/uploads\/2020\/03\/il_794xN.1931076308_eh8t.jpg","type":"image\/jpeg"}],"twitter_card":"summary_large_image","twitter_misc":{"Gesch\u00e4tzte Lesezeit":"2\u00a0Minuten"},"schema":{"@context":"https:\/\/schema.org","@graph":[{"@type":["WebPage","ItemPage"],"@id":"https:\/\/3dvikingsstore.com\/de\/shop\/massives-gotisches-raumschiffwrack-im-28mm-massstab\/","url":"https:\/\/3dvikingsstore.com\/de\/shop\/massives-gotisches-raumschiffwrack-im-28mm-massstab\/","name":"Massives gotisches Raumschiffwrack im 28mm Ma\u00dfstab","isPartOf":{"@id":"https:\/\/3dvikingsstore.com\/de\/#website"},"primaryImageOfPage":{"@id":"https:\/\/3dvikingsstore.com\/de\/shop\/massives-gotisches-raumschiffwrack-im-28mm-massstab\/#primaryimage"},"image":{"@id":"https:\/\/3dvikingsstore.com\/de\/shop\/massives-gotisches-raumschiffwrack-im-28mm-massstab\/#primaryimage"},"thumbnailUrl":"https:\/\/3dvikingsstore.com\/wp-content\/uploads\/2020\/03\/il_794xN.1931076308_eh8t.jpg","datePublished":"2020-03-01T00:58:30+00:00","dateModified":"2024-02-19T18:03:09+00:00","description":"Entdecken Sie das Gotisches Raumschiff Bugwrack, ein atemberaubendes St\u00fcck, das Ihre Spiele und Szenarien bereichern wird. Es f\u00e4ngt die Essenz des gotischen Stils ein.","breadcrumb":{"@id":"https:\/\/3dvikingsstore.com\/de\/shop\/massives-gotisches-raumschiffwrack-im-28mm-massstab\/#breadcrumb"},"inLanguage":"de","potentialAction":[{"@type":"ReadAction","target":["https:\/\/3dvikingsstore.com\/de\/shop\/massives-gotisches-raumschiffwrack-im-28mm-massstab\/"]}]},{"@type":"ImageObject","inLanguage":"de","@id":"https:\/\/3dvikingsstore.com\/de\/shop\/massives-gotisches-raumschiffwrack-im-28mm-massstab\/#primaryimage","url":"https:\/\/3dvikingsstore.com\/wp-content\/uploads\/2020\/03\/il_794xN.1931076308_eh8t.jpg","contentUrl":"https:\/\/3dvikingsstore.com\/wp-content\/uploads\/2020\/03\/il_794xN.1931076308_eh8t.jpg","width":794,"height":790,"caption":"Gothic Spaceship"},{"@type":"BreadcrumbList","@id":"https:\/\/3dvikingsstore.com\/de\/shop\/massives-gotisches-raumschiffwrack-im-28mm-massstab\/#breadcrumb","itemListElement":[{"@type":"ListItem","position":1,"name":"Home","item":"https:\/\/3dvikingsstore.com\/de\/"},{"@type":"ListItem","position":2,"name":"Gesch\u00e4ft","item":"https:\/\/3dvikingsstore.com\/shop\/"},{"@type":"ListItem","position":3,"name":"Massives gotisches Raumschiffwrack im 28mm Ma\u00dfstab"}]},{"@type":"WebSite","@id":"https:\/\/3dvikingsstore.com\/de\/#website","url":"https:\/\/3dvikingsstore.com\/de\/","name":"3D Vikings Store","description":"Scenery and Accessories for Tabletop and Board Games","publisher":{"@id":"https:\/\/3dvikingsstore.com\/de\/#organization"},"potentialAction":[{"@type":"SearchAction","target":{"@type":"EntryPoint","urlTemplate":"https:\/\/3dvikingsstore.com\/de\/?s={search_term_string}"},"query-input":"required name=search_term_string"}],"inLanguage":"de"},{"@type":"Organization","@id":"https:\/\/3dvikingsstore.com\/de\/#organization","name":"3D Vikings Store","url":"https:\/\/3dvikingsstore.com\/de\/","logo":{"@type":"ImageObject","inLanguage":"de","@id":"https:\/\/3dvikingsstore.com\/de\/#\/schema\/logo\/image\/","url":"https:\/\/3dvikingsstore.com\/wp-content\/uploads\/2020\/03\/3dvikings-logo-karge-white.jpg","contentUrl":"https:\/\/3dvikingsstore.com\/wp-content\/uploads\/2020\/03\/3dvikings-logo-karge-white.jpg","width":800,"height":800,"caption":"3D Vikings Store"},"image":{"@id":"https:\/\/3dvikingsstore.com\/de\/#\/schema\/logo\/image\/"}}]}},"_links":{"self":[{"href":"https:\/\/3dvikingsstore.com\/de\/wp-json\/wp\/v2\/product\/16597"}],"collection":[{"href":"https:\/\/3dvikingsstore.com\/de\/wp-json\/wp\/v2\/product"}],"about":[{"href":"https:\/\/3dvikingsstore.com\/de\/wp-json\/wp\/v2\/types\/product"}],"replies":[{"embeddable":true,"href":"https:\/\/3dvikingsstore.com\/de\/wp-json\/wp\/v2\/comments?post=16597"}],"version-history":[{"count":1,"href":"https:\/\/3dvikingsstore.com\/de\/wp-json\/wp\/v2\/product\/16597\/revisions"}],"predecessor-version":[{"id":18189,"href":"https:\/\/3dvikingsstore.com\/de\/wp-json\/wp\/v2\/product\/16597\/revisions\/18189"}],"wp:featuredmedia":[{"embeddable":true,"href":"https:\/\/3dvikingsstore.com\/de\/wp-json\/wp\/v2\/media\/14476"}],"wp:attachment":[{"href":"https:\/\/3dvikingsstore.com\/de\/wp-json\/wp\/v2\/media?parent=16597"}],"wp:term":[{"taxonomy":"product_cat","embeddable":true,"href":"https:\/\/3dvikingsstore.com\/de\/wp-json\/wp\/v2\/product_cat?post=16597"},{"taxonomy":"product_tag","embeddable":true,"href":"https:\/\/3dvikingsstore.com\/de\/wp-json\/wp\/v2\/product_tag?post=16597"}],"curies":[{"name":"wp","href":"https:\/\/api.w.org\/{rel}","templated":true}]}}