{"id":16586,"date":"2020-03-01T02:58:05","date_gmt":"2020-03-01T00:58:05","guid":{"rendered":"https:\/\/3dvikingsstore.com\/shop\/3-riesige-28mm-wargaming-baeume-jeweils-12-cm-hoch-472\/"},"modified":"2024-01-31T11:51:41","modified_gmt":"2024-01-31T09:51:41","slug":"28mm-wargaming-baeume","status":"publish","type":"product","link":"https:\/\/3dvikingsstore.com\/de\/shop\/28mm-wargaming-baeume\/","title":{"rendered":"3 riesige 28mm Wargaming-B\u00e4ume. Jeweils 12 cm hoch (4,72&#8243;)"},"content":{"rendered":"<p>? Stell dir die M\u00f6glichkeiten dieser kolossalen 12cm &#8211; <strong>28mm Wargaming-B\u00e4ume<\/strong> vor! Du kannst atemberaubende Szenen von tiefen W\u00e4ldern erschaffen, in denen deine Charaktere erkunden, sich verstecken oder k\u00e4mpfen k\u00f6nnen. Ganz gleich, ob Sie Fantasy, Historisches oder Science-Fiction m\u00f6gen, diese B\u00e4ume sind genau das Richtige f\u00fcr Sie. Steig auf das Jet-Bike und sause um den Feind herum.<\/p>\n<p>Diese Gel\u00e4ndeb\u00e4ume sind die gleichen wie die <a href=\"https:\/\/3dvikingsstore.com\/de\/shop\/28mm-baeume\/\">28-mm-B\u00e4ume<\/a>, aber sie sind kleiner in der Gr\u00f6\u00dfe. Jeder Baum in diesem Set ist 12 cm hoch (4.72&#8243;).<\/p>\n<p>Sie werden unbemalt geliefert, so dass Sie sie nach Ihren W\u00fcnschen gestalten k\u00f6nnen.<\/p>\n<p>Die Miniaturen sind nicht im Lieferumfang enthalten, sie sind nur ma\u00dfstabsgerecht dargestellt.<\/p>\n<p>Er wird mit PLA gedruckt, einem der umweltfreundlichsten Filamente, die es derzeit auf dem Markt gibt. PLA wird aus Pflanzen wie Mais und Zuckerrohr gewonnen, ist erneuerbar und vor allem biologisch abbaubar und ungiftig. Die damit bedruckten Gegenst\u00e4nde sind haltbar und stabil.<\/p>\n<p>\u00a9\ufe0f Modell wird uns von Terrain4Print als offiziell lizenzierter Verk\u00e4ufer zur Verf\u00fcgung gestellt. Bitte besuchen Sie den Terrain4Print Thingiverse Account f\u00fcr die Quelldateien: https:\/\/www.thingiverse.com\/Terrain4Print\/about Wir sind in der Lage, ALLE von Terrain4Print entworfenen Modelle zu drucken. Bitte kontaktieren Sie uns f\u00fcr Anfragen zu einem der Designs und wir werden das Produkt f\u00fcr Sie hinzuf\u00fcgen!<\/p>\n","protected":false},"excerpt":{"rendered":"<p>Stellen Sie sich die M\u00f6glichkeiten dieser kolossalen 12cm B\u00e4ume im 28mm Ma\u00dfstab vor! Sie k\u00f6nnen atemberaubende Szenen mit tiefen W\u00e4ldern erstellen, in denen Ihre Charaktere erkunden, sich verstecken oder k\u00e4mpfen k\u00f6nnen. Ganz gleich, ob Sie Fantasy, Historisches oder Science-Fiction m\u00f6gen, diese B\u00e4ume passen genau zu Ihnen. Steig auf das Jet-Bike und rase um den Feind herum.<\/p>\n","protected":false},"featured_media":14106,"comment_status":"open","ping_status":"closed","template":"","meta":[],"product_cat":[2717],"product_tag":[2959,2963,2958,2937,2960,2811,2957,2884,2962,2965,2682,2961,2964],"yoast_head":"<!-- This site is optimized with the Yoast SEO Premium plugin v22.9 (Yoast SEO v22.9) - https:\/\/yoast.com\/wordpress\/plugins\/seo\/ -->\n<title>3 riesige 28mm Wargaming-B\u00e4ume. Jeweils 12 cm hoch (4,72&quot;)<\/title>\n<meta name=\"description\" content=\"Stellen Sie sich die M\u00f6glichkeiten dieser kolossalen 28mm Wargaming-B\u00e4ume vor! Sie k\u00f6nnen Szenen mit tiefen W\u00e4ldern erstellen, in denen Ihre Charaktere erkunden, sich verstecken oder k\u00e4mpfen k\u00f6nnen.\" \/>\n<meta name=\"robots\" content=\"index, follow, max-snippet:-1, max-image-preview:large, max-video-preview:-1\" \/>\n<link rel=\"canonical\" href=\"https:\/\/3dvikingsstore.com\/de\/shop\/28mm-wargaming-baeume\/\" \/>\n<meta property=\"og:locale\" content=\"de_DE\" \/>\n<meta property=\"og:type\" content=\"article\" \/>\n<meta property=\"og:title\" content=\"3 riesige 28mm Wargaming-B\u00e4ume. Jeweils 12 cm hoch (4,72&quot;)\" \/>\n<meta property=\"og:description\" content=\"Stellen Sie sich die M\u00f6glichkeiten dieser kolossalen 28mm Wargaming-B\u00e4ume vor! Sie k\u00f6nnen Szenen mit tiefen W\u00e4ldern erstellen, in denen Ihre Charaktere erkunden, sich verstecken oder k\u00e4mpfen k\u00f6nnen.\" \/>\n<meta property=\"og:url\" content=\"https:\/\/3dvikingsstore.com\/de\/shop\/28mm-wargaming-baeume\/\" \/>\n<meta property=\"og:site_name\" content=\"3D Vikings Store\" \/>\n<meta property=\"article:modified_time\" content=\"2024-01-31T09:51:41+00:00\" \/>\n<meta property=\"og:image\" content=\"https:\/\/3dvikingsstore.com\/wp-content\/uploads\/2020\/03\/il_1588xN.1934515842_bn7l.jpg\" \/>\n\t<meta property=\"og:image:width\" content=\"1588\" \/>\n\t<meta property=\"og:image:height\" content=\"1061\" \/>\n\t<meta property=\"og:image:type\" content=\"image\/jpeg\" \/>\n<meta name=\"twitter:card\" content=\"summary_large_image\" \/>\n<meta name=\"twitter:label1\" content=\"Gesch\u00e4tzte Lesezeit\" \/>\n\t<meta name=\"twitter:data1\" content=\"2\u00a0Minuten\" \/>\n<script type=\"application\/ld+json\" class=\"yoast-schema-graph\">{\"@context\":\"https:\/\/schema.org\",\"@graph\":[{\"@type\":[\"WebPage\",\"ItemPage\"],\"@id\":\"https:\/\/3dvikingsstore.com\/de\/shop\/28mm-wargaming-baeume\/\",\"url\":\"https:\/\/3dvikingsstore.com\/de\/shop\/28mm-wargaming-baeume\/\",\"name\":\"3 riesige 28mm Wargaming-B\u00e4ume. Jeweils 12 cm hoch (4,72\\\")\",\"isPartOf\":{\"@id\":\"https:\/\/3dvikingsstore.com\/de\/#website\"},\"primaryImageOfPage\":{\"@id\":\"https:\/\/3dvikingsstore.com\/de\/shop\/28mm-wargaming-baeume\/#primaryimage\"},\"image\":{\"@id\":\"https:\/\/3dvikingsstore.com\/de\/shop\/28mm-wargaming-baeume\/#primaryimage\"},\"thumbnailUrl\":\"https:\/\/3dvikingsstore.com\/wp-content\/uploads\/2020\/03\/il_1588xN.1934515842_bn7l.jpg\",\"datePublished\":\"2020-03-01T00:58:05+00:00\",\"dateModified\":\"2024-01-31T09:51:41+00:00\",\"description\":\"Stellen Sie sich die M\u00f6glichkeiten dieser kolossalen 28mm Wargaming-B\u00e4ume vor! Sie k\u00f6nnen Szenen mit tiefen W\u00e4ldern erstellen, in denen Ihre Charaktere erkunden, sich verstecken oder k\u00e4mpfen k\u00f6nnen.\",\"breadcrumb\":{\"@id\":\"https:\/\/3dvikingsstore.com\/de\/shop\/28mm-wargaming-baeume\/#breadcrumb\"},\"inLanguage\":\"de\",\"potentialAction\":[{\"@type\":\"ReadAction\",\"target\":[\"https:\/\/3dvikingsstore.com\/de\/shop\/28mm-wargaming-baeume\/\"]}]},{\"@type\":\"ImageObject\",\"inLanguage\":\"de\",\"@id\":\"https:\/\/3dvikingsstore.com\/de\/shop\/28mm-wargaming-baeume\/#primaryimage\",\"url\":\"https:\/\/3dvikingsstore.com\/wp-content\/uploads\/2020\/03\/il_1588xN.1934515842_bn7l.jpg\",\"contentUrl\":\"https:\/\/3dvikingsstore.com\/wp-content\/uploads\/2020\/03\/il_1588xN.1934515842_bn7l.jpg\",\"width\":1588,\"height\":1061},{\"@type\":\"BreadcrumbList\",\"@id\":\"https:\/\/3dvikingsstore.com\/de\/shop\/28mm-wargaming-baeume\/#breadcrumb\",\"itemListElement\":[{\"@type\":\"ListItem\",\"position\":1,\"name\":\"Home\",\"item\":\"https:\/\/3dvikingsstore.com\/de\/\"},{\"@type\":\"ListItem\",\"position\":2,\"name\":\"Gesch\u00e4ft\",\"item\":\"https:\/\/3dvikingsstore.com\/shop\/\"},{\"@type\":\"ListItem\",\"position\":3,\"name\":\"3 riesige 28mm Wargaming-B\u00e4ume. Jeweils 12 cm hoch (4,72&#8243;)\"}]},{\"@type\":\"WebSite\",\"@id\":\"https:\/\/3dvikingsstore.com\/de\/#website\",\"url\":\"https:\/\/3dvikingsstore.com\/de\/\",\"name\":\"3D Vikings Store\",\"description\":\"Scenery and Accessories for Tabletop and Board Games\",\"publisher\":{\"@id\":\"https:\/\/3dvikingsstore.com\/de\/#organization\"},\"potentialAction\":[{\"@type\":\"SearchAction\",\"target\":{\"@type\":\"EntryPoint\",\"urlTemplate\":\"https:\/\/3dvikingsstore.com\/de\/?s={search_term_string}\"},\"query-input\":\"required name=search_term_string\"}],\"inLanguage\":\"de\"},{\"@type\":\"Organization\",\"@id\":\"https:\/\/3dvikingsstore.com\/de\/#organization\",\"name\":\"3D Vikings Store\",\"url\":\"https:\/\/3dvikingsstore.com\/de\/\",\"logo\":{\"@type\":\"ImageObject\",\"inLanguage\":\"de\",\"@id\":\"https:\/\/3dvikingsstore.com\/de\/#\/schema\/logo\/image\/\",\"url\":\"https:\/\/3dvikingsstore.com\/wp-content\/uploads\/2020\/03\/3dvikings-logo-karge-white.jpg\",\"contentUrl\":\"https:\/\/3dvikingsstore.com\/wp-content\/uploads\/2020\/03\/3dvikings-logo-karge-white.jpg\",\"width\":800,\"height\":800,\"caption\":\"3D Vikings Store\"},\"image\":{\"@id\":\"https:\/\/3dvikingsstore.com\/de\/#\/schema\/logo\/image\/\"}}]}<\/script>\n<!-- \/ Yoast SEO Premium plugin. -->","yoast_head_json":{"title":"3 riesige 28mm Wargaming-B\u00e4ume. Jeweils 12 cm hoch (4,72\")","description":"Stellen Sie sich die M\u00f6glichkeiten dieser kolossalen 28mm Wargaming-B\u00e4ume vor! Sie k\u00f6nnen Szenen mit tiefen W\u00e4ldern erstellen, in denen Ihre Charaktere erkunden, sich verstecken oder k\u00e4mpfen k\u00f6nnen.","robots":{"index":"index","follow":"follow","max-snippet":"max-snippet:-1","max-image-preview":"max-image-preview:large","max-video-preview":"max-video-preview:-1"},"canonical":"https:\/\/3dvikingsstore.com\/de\/shop\/28mm-wargaming-baeume\/","og_locale":"de_DE","og_type":"article","og_title":"3 riesige 28mm Wargaming-B\u00e4ume. Jeweils 12 cm hoch (4,72\")","og_description":"Stellen Sie sich die M\u00f6glichkeiten dieser kolossalen 28mm Wargaming-B\u00e4ume vor! Sie k\u00f6nnen Szenen mit tiefen W\u00e4ldern erstellen, in denen Ihre Charaktere erkunden, sich verstecken oder k\u00e4mpfen k\u00f6nnen.","og_url":"https:\/\/3dvikingsstore.com\/de\/shop\/28mm-wargaming-baeume\/","og_site_name":"3D Vikings Store","article_modified_time":"2024-01-31T09:51:41+00:00","og_image":[{"width":1588,"height":1061,"url":"https:\/\/3dvikingsstore.com\/wp-content\/uploads\/2020\/03\/il_1588xN.1934515842_bn7l.jpg","type":"image\/jpeg"}],"twitter_card":"summary_large_image","twitter_misc":{"Gesch\u00e4tzte Lesezeit":"2\u00a0Minuten"},"schema":{"@context":"https:\/\/schema.org","@graph":[{"@type":["WebPage","ItemPage"],"@id":"https:\/\/3dvikingsstore.com\/de\/shop\/28mm-wargaming-baeume\/","url":"https:\/\/3dvikingsstore.com\/de\/shop\/28mm-wargaming-baeume\/","name":"3 riesige 28mm Wargaming-B\u00e4ume. Jeweils 12 cm hoch (4,72\")","isPartOf":{"@id":"https:\/\/3dvikingsstore.com\/de\/#website"},"primaryImageOfPage":{"@id":"https:\/\/3dvikingsstore.com\/de\/shop\/28mm-wargaming-baeume\/#primaryimage"},"image":{"@id":"https:\/\/3dvikingsstore.com\/de\/shop\/28mm-wargaming-baeume\/#primaryimage"},"thumbnailUrl":"https:\/\/3dvikingsstore.com\/wp-content\/uploads\/2020\/03\/il_1588xN.1934515842_bn7l.jpg","datePublished":"2020-03-01T00:58:05+00:00","dateModified":"2024-01-31T09:51:41+00:00","description":"Stellen Sie sich die M\u00f6glichkeiten dieser kolossalen 28mm Wargaming-B\u00e4ume vor! Sie k\u00f6nnen Szenen mit tiefen W\u00e4ldern erstellen, in denen Ihre Charaktere erkunden, sich verstecken oder k\u00e4mpfen k\u00f6nnen.","breadcrumb":{"@id":"https:\/\/3dvikingsstore.com\/de\/shop\/28mm-wargaming-baeume\/#breadcrumb"},"inLanguage":"de","potentialAction":[{"@type":"ReadAction","target":["https:\/\/3dvikingsstore.com\/de\/shop\/28mm-wargaming-baeume\/"]}]},{"@type":"ImageObject","inLanguage":"de","@id":"https:\/\/3dvikingsstore.com\/de\/shop\/28mm-wargaming-baeume\/#primaryimage","url":"https:\/\/3dvikingsstore.com\/wp-content\/uploads\/2020\/03\/il_1588xN.1934515842_bn7l.jpg","contentUrl":"https:\/\/3dvikingsstore.com\/wp-content\/uploads\/2020\/03\/il_1588xN.1934515842_bn7l.jpg","width":1588,"height":1061},{"@type":"BreadcrumbList","@id":"https:\/\/3dvikingsstore.com\/de\/shop\/28mm-wargaming-baeume\/#breadcrumb","itemListElement":[{"@type":"ListItem","position":1,"name":"Home","item":"https:\/\/3dvikingsstore.com\/de\/"},{"@type":"ListItem","position":2,"name":"Gesch\u00e4ft","item":"https:\/\/3dvikingsstore.com\/shop\/"},{"@type":"ListItem","position":3,"name":"3 riesige 28mm Wargaming-B\u00e4ume. Jeweils 12 cm hoch (4,72&#8243;)"}]},{"@type":"WebSite","@id":"https:\/\/3dvikingsstore.com\/de\/#website","url":"https:\/\/3dvikingsstore.com\/de\/","name":"3D Vikings Store","description":"Scenery and Accessories for Tabletop and Board Games","publisher":{"@id":"https:\/\/3dvikingsstore.com\/de\/#organization"},"potentialAction":[{"@type":"SearchAction","target":{"@type":"EntryPoint","urlTemplate":"https:\/\/3dvikingsstore.com\/de\/?s={search_term_string}"},"query-input":"required name=search_term_string"}],"inLanguage":"de"},{"@type":"Organization","@id":"https:\/\/3dvikingsstore.com\/de\/#organization","name":"3D Vikings Store","url":"https:\/\/3dvikingsstore.com\/de\/","logo":{"@type":"ImageObject","inLanguage":"de","@id":"https:\/\/3dvikingsstore.com\/de\/#\/schema\/logo\/image\/","url":"https:\/\/3dvikingsstore.com\/wp-content\/uploads\/2020\/03\/3dvikings-logo-karge-white.jpg","contentUrl":"https:\/\/3dvikingsstore.com\/wp-content\/uploads\/2020\/03\/3dvikings-logo-karge-white.jpg","width":800,"height":800,"caption":"3D Vikings Store"},"image":{"@id":"https:\/\/3dvikingsstore.com\/de\/#\/schema\/logo\/image\/"}}]}},"_links":{"self":[{"href":"https:\/\/3dvikingsstore.com\/de\/wp-json\/wp\/v2\/product\/16586"}],"collection":[{"href":"https:\/\/3dvikingsstore.com\/de\/wp-json\/wp\/v2\/product"}],"about":[{"href":"https:\/\/3dvikingsstore.com\/de\/wp-json\/wp\/v2\/types\/product"}],"replies":[{"embeddable":true,"href":"https:\/\/3dvikingsstore.com\/de\/wp-json\/wp\/v2\/comments?post=16586"}],"version-history":[{"count":0,"href":"https:\/\/3dvikingsstore.com\/de\/wp-json\/wp\/v2\/product\/16586\/revisions"}],"wp:featuredmedia":[{"embeddable":true,"href":"https:\/\/3dvikingsstore.com\/de\/wp-json\/wp\/v2\/media\/14106"}],"wp:attachment":[{"href":"https:\/\/3dvikingsstore.com\/de\/wp-json\/wp\/v2\/media?parent=16586"}],"wp:term":[{"taxonomy":"product_cat","embeddable":true,"href":"https:\/\/3dvikingsstore.com\/de\/wp-json\/wp\/v2\/product_cat?post=16586"},{"taxonomy":"product_tag","embeddable":true,"href":"https:\/\/3dvikingsstore.com\/de\/wp-json\/wp\/v2\/product_tag?post=16586"}],"curies":[{"name":"wp","href":"https:\/\/api.w.org\/{rel}","templated":true}]}}