{"id":16551,"date":"2020-03-01T02:58:05","date_gmt":"2020-03-01T00:58:05","guid":{"rendered":"https:\/\/3dvikingsstore.com\/shop\/28mm-baeume-je-20cm-7-78-hoch\/"},"modified":"2024-01-31T11:51:44","modified_gmt":"2024-01-31T09:51:44","slug":"28mm-baeume","status":"publish","type":"product","link":"https:\/\/3dvikingsstore.com\/de\/shop\/28mm-baeume\/","title":{"rendered":"28mm B\u00e4ume je 20cm\/7.78&#8243; hoch"},"content":{"rendered":"<p>Diese 28-mm-B\u00e4ume sind die perfekte Erg\u00e4nzung f\u00fcr Ihre Tischspiele. Sie wurden entwickelt, um dein Spielerlebnis zu verbessern, egal ob du Dungeons and Dragons, Warhammer, 40k oder ein anderes Spiel spielst, das Miniaturen beinhaltet. Sie k\u00f6nnen f\u00fcr jedes Genre verwendet werden, von Fantasy bis Science-Fiction, von Mittelalter bis Futurismus. Diese B\u00e4ume sind nicht nur Requisiten, sie sind Teil der Geschichte. Sie k\u00f6nnen atemberaubende Szenen in tiefen W\u00e4ldern erschaffen, in denen man allen m\u00f6glichen Kreaturen und Gefahren begegnen kann. Sie k\u00f6nnen f\u00fcr jedes Genre verwendet werden, von Fantasy bis Science-Fiction, von Mittelalter bis Futurismus. Sie passen in jede Umgebung und zu jedem Thema.<\/p>\n<p>Diese B\u00e4ume sind keine gew\u00f6hnlichen B\u00e4ume, sie sind gigantisch! Jeder ist 20 cm gro\u00df, also viel gr\u00f6\u00dfer als deine 28-mm-Miniaturen. Sie machen Ihre Spiele realistischer und fesselnder. Sie k\u00f6nnen einen oder alle drei bestellen, je nachdem, wie viele B\u00e4ume Sie auf Ihrem Tisch haben m\u00f6chten. Sie werden unbemalt geliefert, so dass Sie Ihrer Kreativit\u00e4t freien Lauf lassen und sie nach Belieben bemalen k\u00f6nnen.<\/p>\n<p>Diese B\u00e4ume sind die gleichen wie die <a href=\"https:\/\/3dvikingsstore.com\/de\/shop\/28mm-wargaming-baeume\/\">28mm Wargaming-B\u00e4ume<\/a>, aber sie sind gr\u00f6\u00dfer. Jeder Baum in diesem Set ist 20 cm hoch (7.87&#8243;).<\/p>\n<p>Die Miniaturen sind nicht im Lieferumfang enthalten, sie sind nur ma\u00dfstabsgerecht dargestellt. Aber du kannst dir vorstellen, wie toll sie neben diesen 28-mm-B\u00e4umen aussehen w\u00fcrden.<\/p>\n<p>Z\u00f6gern Sie nicht, sich diese erstaunlichen 28mm B\u00e4ume f\u00fcr Ihre Tischspiele zu besorgen. Sie sind ein Muss f\u00fcr jeden Gamer, der gerne epische Abenteuer erlebt. Bestellen Sie jetzt und machen Sie sich bereit, Spa\u00df zu haben!<\/p>\n<p>Es wird mit PLA gedruckt, einem der umweltfreundlichsten Filamente, die es derzeit auf dem Markt gibt. PLA wird aus Pflanzen wie Mais und Zuckerrohr gewonnen, ist erneuerbar und vor allem biologisch abbaubar und ungiftig. Die damit bedruckten Gegenst\u00e4nde sind haltbar und stabil.<\/p>\n<p>Das Modell wird uns von Terrain4Print als offiziell lizenziertem Verk\u00e4ufer zur Verf\u00fcgung gestellt. Bitte besuchen Sie den Terrain4Print Thingiverse Account f\u00fcr die Quelldateien: https:\/\/www.thingiverse.com\/Terrain4Print\/about Wir sind in der Lage, ALLE von Terrain4Print entworfenen Modelle zu drucken. Bitte kontaktieren Sie uns f\u00fcr Anfragen zu einem der Designs und wir werden das Produkt f\u00fcr Sie hinzuf\u00fcgen!<\/p>\n","protected":false},"excerpt":{"rendered":"<p>Diese 28-mm-B\u00e4ume sind die perfekte Erg\u00e4nzung f\u00fcr Ihre Tischspiele. Sie wurden entwickelt, um dein Spielerlebnis zu verbessern, egal ob du Dungeons and Dragons, Warhammer, 40k oder ein anderes Spiel spielst, das Miniaturen beinhaltet.<\/p>\n","protected":false},"featured_media":14096,"comment_status":"open","ping_status":"closed","template":"","meta":[],"product_cat":[2717],"product_tag":[2952,2951,2948,2942,2751,2950,2940,2945,2939,2937,2938,2947,2944,2943,2946,2941,2949],"yoast_head":"<!-- This site is optimized with the Yoast SEO Premium plugin v22.9 (Yoast SEO v22.9) - https:\/\/yoast.com\/wordpress\/plugins\/seo\/ -->\n<title>28mm B\u00e4ume je 20cm\/7.78&quot; hoch<\/title>\n<meta name=\"description\" content=\"Diese 28-mm-B\u00e4ume sind die perfekte Erg\u00e4nzung f\u00fcr Ihre Tischspiele. Diese B\u00e4ume sind keine gew\u00f6hnlichen B\u00e4ume, sie sind gigantisch!\" \/>\n<meta name=\"robots\" content=\"index, follow, max-snippet:-1, max-image-preview:large, max-video-preview:-1\" \/>\n<link rel=\"canonical\" href=\"https:\/\/3dvikingsstore.com\/de\/shop\/28mm-baeume\/\" \/>\n<meta property=\"og:locale\" content=\"de_DE\" \/>\n<meta property=\"og:type\" content=\"article\" \/>\n<meta property=\"og:title\" content=\"28mm B\u00e4ume je 20cm\/7.78&quot; hoch\" \/>\n<meta property=\"og:description\" content=\"Diese 28-mm-B\u00e4ume sind die perfekte Erg\u00e4nzung f\u00fcr Ihre Tischspiele. Diese B\u00e4ume sind keine gew\u00f6hnlichen B\u00e4ume, sie sind gigantisch!\" \/>\n<meta property=\"og:url\" content=\"https:\/\/3dvikingsstore.com\/de\/shop\/28mm-baeume\/\" \/>\n<meta property=\"og:site_name\" content=\"3D Vikings Store\" \/>\n<meta property=\"article:modified_time\" content=\"2024-01-31T09:51:44+00:00\" \/>\n<meta property=\"og:image\" content=\"https:\/\/3dvikingsstore.com\/wp-content\/uploads\/2020\/03\/il_1588xN.2243725085_2fgh.jpg\" \/>\n\t<meta property=\"og:image:width\" content=\"1588\" \/>\n\t<meta property=\"og:image:height\" content=\"1191\" \/>\n\t<meta property=\"og:image:type\" content=\"image\/jpeg\" \/>\n<meta name=\"twitter:card\" content=\"summary_large_image\" \/>\n<meta name=\"twitter:label1\" content=\"Gesch\u00e4tzte Lesezeit\" \/>\n\t<meta name=\"twitter:data1\" content=\"2\u00a0Minuten\" \/>\n<script type=\"application\/ld+json\" class=\"yoast-schema-graph\">{\"@context\":\"https:\/\/schema.org\",\"@graph\":[{\"@type\":[\"WebPage\",\"ItemPage\"],\"@id\":\"https:\/\/3dvikingsstore.com\/de\/shop\/28mm-baeume\/\",\"url\":\"https:\/\/3dvikingsstore.com\/de\/shop\/28mm-baeume\/\",\"name\":\"28mm B\u00e4ume je 20cm\/7.78\\\" hoch\",\"isPartOf\":{\"@id\":\"https:\/\/3dvikingsstore.com\/de\/#website\"},\"primaryImageOfPage\":{\"@id\":\"https:\/\/3dvikingsstore.com\/de\/shop\/28mm-baeume\/#primaryimage\"},\"image\":{\"@id\":\"https:\/\/3dvikingsstore.com\/de\/shop\/28mm-baeume\/#primaryimage\"},\"thumbnailUrl\":\"https:\/\/3dvikingsstore.com\/wp-content\/uploads\/2020\/03\/il_1588xN.2243725085_2fgh.jpg\",\"datePublished\":\"2020-03-01T00:58:05+00:00\",\"dateModified\":\"2024-01-31T09:51:44+00:00\",\"description\":\"Diese 28-mm-B\u00e4ume sind die perfekte Erg\u00e4nzung f\u00fcr Ihre Tischspiele. Diese B\u00e4ume sind keine gew\u00f6hnlichen B\u00e4ume, sie sind gigantisch!\",\"breadcrumb\":{\"@id\":\"https:\/\/3dvikingsstore.com\/de\/shop\/28mm-baeume\/#breadcrumb\"},\"inLanguage\":\"de\",\"potentialAction\":[{\"@type\":\"ReadAction\",\"target\":[\"https:\/\/3dvikingsstore.com\/de\/shop\/28mm-baeume\/\"]}]},{\"@type\":\"ImageObject\",\"inLanguage\":\"de\",\"@id\":\"https:\/\/3dvikingsstore.com\/de\/shop\/28mm-baeume\/#primaryimage\",\"url\":\"https:\/\/3dvikingsstore.com\/wp-content\/uploads\/2020\/03\/il_1588xN.2243725085_2fgh.jpg\",\"contentUrl\":\"https:\/\/3dvikingsstore.com\/wp-content\/uploads\/2020\/03\/il_1588xN.2243725085_2fgh.jpg\",\"width\":1588,\"height\":1191,\"caption\":\"tree terrain\"},{\"@type\":\"BreadcrumbList\",\"@id\":\"https:\/\/3dvikingsstore.com\/de\/shop\/28mm-baeume\/#breadcrumb\",\"itemListElement\":[{\"@type\":\"ListItem\",\"position\":1,\"name\":\"Home\",\"item\":\"https:\/\/3dvikingsstore.com\/de\/\"},{\"@type\":\"ListItem\",\"position\":2,\"name\":\"Gesch\u00e4ft\",\"item\":\"https:\/\/3dvikingsstore.com\/shop\/\"},{\"@type\":\"ListItem\",\"position\":3,\"name\":\"28mm B\u00e4ume je 20cm\/7.78&#8243; hoch\"}]},{\"@type\":\"WebSite\",\"@id\":\"https:\/\/3dvikingsstore.com\/de\/#website\",\"url\":\"https:\/\/3dvikingsstore.com\/de\/\",\"name\":\"3D Vikings Store\",\"description\":\"Scenery and Accessories for Tabletop and Board Games\",\"publisher\":{\"@id\":\"https:\/\/3dvikingsstore.com\/de\/#organization\"},\"potentialAction\":[{\"@type\":\"SearchAction\",\"target\":{\"@type\":\"EntryPoint\",\"urlTemplate\":\"https:\/\/3dvikingsstore.com\/de\/?s={search_term_string}\"},\"query-input\":\"required name=search_term_string\"}],\"inLanguage\":\"de\"},{\"@type\":\"Organization\",\"@id\":\"https:\/\/3dvikingsstore.com\/de\/#organization\",\"name\":\"3D Vikings Store\",\"url\":\"https:\/\/3dvikingsstore.com\/de\/\",\"logo\":{\"@type\":\"ImageObject\",\"inLanguage\":\"de\",\"@id\":\"https:\/\/3dvikingsstore.com\/de\/#\/schema\/logo\/image\/\",\"url\":\"https:\/\/3dvikingsstore.com\/wp-content\/uploads\/2020\/03\/3dvikings-logo-karge-white.jpg\",\"contentUrl\":\"https:\/\/3dvikingsstore.com\/wp-content\/uploads\/2020\/03\/3dvikings-logo-karge-white.jpg\",\"width\":800,\"height\":800,\"caption\":\"3D Vikings Store\"},\"image\":{\"@id\":\"https:\/\/3dvikingsstore.com\/de\/#\/schema\/logo\/image\/\"}}]}<\/script>\n<!-- \/ Yoast SEO Premium plugin. -->","yoast_head_json":{"title":"28mm B\u00e4ume je 20cm\/7.78\" hoch","description":"Diese 28-mm-B\u00e4ume sind die perfekte Erg\u00e4nzung f\u00fcr Ihre Tischspiele. Diese B\u00e4ume sind keine gew\u00f6hnlichen B\u00e4ume, sie sind gigantisch!","robots":{"index":"index","follow":"follow","max-snippet":"max-snippet:-1","max-image-preview":"max-image-preview:large","max-video-preview":"max-video-preview:-1"},"canonical":"https:\/\/3dvikingsstore.com\/de\/shop\/28mm-baeume\/","og_locale":"de_DE","og_type":"article","og_title":"28mm B\u00e4ume je 20cm\/7.78\" hoch","og_description":"Diese 28-mm-B\u00e4ume sind die perfekte Erg\u00e4nzung f\u00fcr Ihre Tischspiele. Diese B\u00e4ume sind keine gew\u00f6hnlichen B\u00e4ume, sie sind gigantisch!","og_url":"https:\/\/3dvikingsstore.com\/de\/shop\/28mm-baeume\/","og_site_name":"3D Vikings Store","article_modified_time":"2024-01-31T09:51:44+00:00","og_image":[{"width":1588,"height":1191,"url":"https:\/\/3dvikingsstore.com\/wp-content\/uploads\/2020\/03\/il_1588xN.2243725085_2fgh.jpg","type":"image\/jpeg"}],"twitter_card":"summary_large_image","twitter_misc":{"Gesch\u00e4tzte Lesezeit":"2\u00a0Minuten"},"schema":{"@context":"https:\/\/schema.org","@graph":[{"@type":["WebPage","ItemPage"],"@id":"https:\/\/3dvikingsstore.com\/de\/shop\/28mm-baeume\/","url":"https:\/\/3dvikingsstore.com\/de\/shop\/28mm-baeume\/","name":"28mm B\u00e4ume je 20cm\/7.78\" hoch","isPartOf":{"@id":"https:\/\/3dvikingsstore.com\/de\/#website"},"primaryImageOfPage":{"@id":"https:\/\/3dvikingsstore.com\/de\/shop\/28mm-baeume\/#primaryimage"},"image":{"@id":"https:\/\/3dvikingsstore.com\/de\/shop\/28mm-baeume\/#primaryimage"},"thumbnailUrl":"https:\/\/3dvikingsstore.com\/wp-content\/uploads\/2020\/03\/il_1588xN.2243725085_2fgh.jpg","datePublished":"2020-03-01T00:58:05+00:00","dateModified":"2024-01-31T09:51:44+00:00","description":"Diese 28-mm-B\u00e4ume sind die perfekte Erg\u00e4nzung f\u00fcr Ihre Tischspiele. Diese B\u00e4ume sind keine gew\u00f6hnlichen B\u00e4ume, sie sind gigantisch!","breadcrumb":{"@id":"https:\/\/3dvikingsstore.com\/de\/shop\/28mm-baeume\/#breadcrumb"},"inLanguage":"de","potentialAction":[{"@type":"ReadAction","target":["https:\/\/3dvikingsstore.com\/de\/shop\/28mm-baeume\/"]}]},{"@type":"ImageObject","inLanguage":"de","@id":"https:\/\/3dvikingsstore.com\/de\/shop\/28mm-baeume\/#primaryimage","url":"https:\/\/3dvikingsstore.com\/wp-content\/uploads\/2020\/03\/il_1588xN.2243725085_2fgh.jpg","contentUrl":"https:\/\/3dvikingsstore.com\/wp-content\/uploads\/2020\/03\/il_1588xN.2243725085_2fgh.jpg","width":1588,"height":1191,"caption":"tree terrain"},{"@type":"BreadcrumbList","@id":"https:\/\/3dvikingsstore.com\/de\/shop\/28mm-baeume\/#breadcrumb","itemListElement":[{"@type":"ListItem","position":1,"name":"Home","item":"https:\/\/3dvikingsstore.com\/de\/"},{"@type":"ListItem","position":2,"name":"Gesch\u00e4ft","item":"https:\/\/3dvikingsstore.com\/shop\/"},{"@type":"ListItem","position":3,"name":"28mm B\u00e4ume je 20cm\/7.78&#8243; hoch"}]},{"@type":"WebSite","@id":"https:\/\/3dvikingsstore.com\/de\/#website","url":"https:\/\/3dvikingsstore.com\/de\/","name":"3D Vikings Store","description":"Scenery and Accessories for Tabletop and Board Games","publisher":{"@id":"https:\/\/3dvikingsstore.com\/de\/#organization"},"potentialAction":[{"@type":"SearchAction","target":{"@type":"EntryPoint","urlTemplate":"https:\/\/3dvikingsstore.com\/de\/?s={search_term_string}"},"query-input":"required name=search_term_string"}],"inLanguage":"de"},{"@type":"Organization","@id":"https:\/\/3dvikingsstore.com\/de\/#organization","name":"3D Vikings Store","url":"https:\/\/3dvikingsstore.com\/de\/","logo":{"@type":"ImageObject","inLanguage":"de","@id":"https:\/\/3dvikingsstore.com\/de\/#\/schema\/logo\/image\/","url":"https:\/\/3dvikingsstore.com\/wp-content\/uploads\/2020\/03\/3dvikings-logo-karge-white.jpg","contentUrl":"https:\/\/3dvikingsstore.com\/wp-content\/uploads\/2020\/03\/3dvikings-logo-karge-white.jpg","width":800,"height":800,"caption":"3D Vikings Store"},"image":{"@id":"https:\/\/3dvikingsstore.com\/de\/#\/schema\/logo\/image\/"}}]}},"_links":{"self":[{"href":"https:\/\/3dvikingsstore.com\/de\/wp-json\/wp\/v2\/product\/16551"}],"collection":[{"href":"https:\/\/3dvikingsstore.com\/de\/wp-json\/wp\/v2\/product"}],"about":[{"href":"https:\/\/3dvikingsstore.com\/de\/wp-json\/wp\/v2\/types\/product"}],"replies":[{"embeddable":true,"href":"https:\/\/3dvikingsstore.com\/de\/wp-json\/wp\/v2\/comments?post=16551"}],"version-history":[{"count":0,"href":"https:\/\/3dvikingsstore.com\/de\/wp-json\/wp\/v2\/product\/16551\/revisions"}],"wp:featuredmedia":[{"embeddable":true,"href":"https:\/\/3dvikingsstore.com\/de\/wp-json\/wp\/v2\/media\/14096"}],"wp:attachment":[{"href":"https:\/\/3dvikingsstore.com\/de\/wp-json\/wp\/v2\/media?parent=16551"}],"wp:term":[{"taxonomy":"product_cat","embeddable":true,"href":"https:\/\/3dvikingsstore.com\/de\/wp-json\/wp\/v2\/product_cat?post=16551"},{"taxonomy":"product_tag","embeddable":true,"href":"https:\/\/3dvikingsstore.com\/de\/wp-json\/wp\/v2\/product_tag?post=16551"}],"curies":[{"name":"wp","href":"https:\/\/api.w.org\/{rel}","templated":true}]}}