{"id":16535,"date":"2020-03-01T02:58:22","date_gmt":"2020-03-01T00:58:22","guid":{"rendered":"https:\/\/3dvikingsstore.com\/shop\/warp-gate-wuerfelturm-fuer-alle-wuerfelgroessen\/"},"modified":"2025-10-29T04:13:01","modified_gmt":"2025-10-29T02:13:01","slug":"warp-gate-wuerfelturm-fuer-alle-wuerfelgroessen","status":"publish","type":"product","link":"https:\/\/3dvikingsstore.com\/de\/shop\/warp-gate-wuerfelturm-fuer-alle-wuerfelgroessen\/","title":{"rendered":"Warp Gate Sci-Fi W\u00fcrfelturm f\u00fcr alle W\u00fcrfelgr\u00f6\u00dfen"},"content":{"rendered":"<p>? Bist du es leid, deine W\u00fcrfel w\u00e4hrend des Spieleabends zu verlieren? Wollen Sie mit Stil und Selbstbewusstsein unterwegs sein? Dann brauchen Sie den Warp Gate W\u00fcrfelturm, das ultimative Zubeh\u00f6r f\u00fcr jeden W\u00fcrfelliebhaber. Dieser Turm kann mit W\u00fcrfeln jeder Gr\u00f6\u00dfe umgehen, vom kleinen D6er bis zum gro\u00dfen D20er. Lassen Sie sie einfach oben hineinfallen und beobachten Sie, wie sie die Rutsche hinunterpurzeln und sauber in der Schale landen. Keine W\u00fcrfel mehr, die vom Tisch fliegen, deine Miniaturen umwerfen oder sich unter der Couch verstecken. Keine verd\u00e4chtigen Rollen oder Betrugsanschuldigungen mehr. Purer Spa\u00df und Spannung bei jedem Wurf&#8230;<\/p>\n<p>Der Warp Gate W\u00fcrfelturm ist einfach zusammenzubauen und wird unbemalt geliefert, so dass du ihn nach deinen W\u00fcnschen gestalten kannst. Es ist eine gro\u00dfartige M\u00f6glichkeit, Ihrem Spieltisch etwas Flair und Pers\u00f6nlichkeit zu verleihen. Egal, ob du Fantasy, Sci-Fi oder irgendetwas dazwischen spielst, der Warp Gate W\u00fcrfelturm wird dein W\u00fcrfelerlebnis noch angenehmer und befriedigender machen.<\/p>\n","protected":false},"excerpt":{"rendered":"<p>Du brauchst den Warp Gate W\u00fcrfelturm, das ultimative Zubeh\u00f6r f\u00fcr jeden W\u00fcrfelliebhaber. Dieser Turm kann mit W\u00fcrfeln jeder Gr\u00f6\u00dfe umgehen, vom kleinen D6er bis zum gro\u00dfen D20er. Lassen Sie sie einfach oben hineinfallen und beobachten Sie, wie sie die Rutsche hinunterpurzeln und sauber in der Schale landen. Keine W\u00fcrfel mehr, die vom Tisch fliegen, deine Miniaturen umwerfen oder sich unter der Couch verstecken. Keine verd\u00e4chtigen Rollen oder Betrugsanschuldigungen mehr. Purer Spa\u00df und Spannung bei jedem Wurf&#8230;<\/p>\n","protected":false},"featured_media":14376,"comment_status":"open","ping_status":"closed","template":"","meta":[],"product_cat":[2666],"product_tag":[2925,2934,2930,2926,2933,2931,2852,2935,2936,2932,2929,2928,2927],"yoast_head":"<!-- This site is optimized with the Yoast SEO Premium plugin v22.9 (Yoast SEO v22.9) - https:\/\/yoast.com\/wordpress\/plugins\/seo\/ -->\n<title>Warp Gate Sci-Fi W\u00fcrfelturm f\u00fcr alle W\u00fcrfelgr\u00f6\u00dfen<\/title>\n<meta name=\"description\" content=\"Du brauchst den Warp Gate W\u00fcrfelturm, das ultimative Zubeh\u00f6r f\u00fcr jeden W\u00fcrfelliebhaber. Dieser Turm kann mit W\u00fcrfeln jeder Gr\u00f6\u00dfe umgehen, vom kleinen D6er bis zum gro\u00dfen D20er.\" \/>\n<meta name=\"robots\" content=\"index, follow, max-snippet:-1, max-image-preview:large, max-video-preview:-1\" \/>\n<link rel=\"canonical\" href=\"https:\/\/3dvikingsstore.com\/de\/shop\/warp-gate-wuerfelturm-fuer-alle-wuerfelgroessen\/\" \/>\n<meta property=\"og:locale\" content=\"de_DE\" \/>\n<meta property=\"og:type\" content=\"article\" \/>\n<meta property=\"og:title\" content=\"Warp Gate Sci-Fi W\u00fcrfelturm f\u00fcr alle W\u00fcrfelgr\u00f6\u00dfen\" \/>\n<meta property=\"og:description\" content=\"Du brauchst den Warp Gate W\u00fcrfelturm, das ultimative Zubeh\u00f6r f\u00fcr jeden W\u00fcrfelliebhaber. Dieser Turm kann mit W\u00fcrfeln jeder Gr\u00f6\u00dfe umgehen, vom kleinen D6er bis zum gro\u00dfen D20er.\" \/>\n<meta property=\"og:url\" content=\"https:\/\/3dvikingsstore.com\/de\/shop\/warp-gate-wuerfelturm-fuer-alle-wuerfelgroessen\/\" \/>\n<meta property=\"og:site_name\" content=\"3D Vikings Store\" \/>\n<meta property=\"article:modified_time\" content=\"2025-10-29T02:13:01+00:00\" \/>\n<meta property=\"og:image\" content=\"https:\/\/3dvikingsstore.com\/wp-content\/uploads\/2020\/03\/il_794xN.2061843411_ceb5.jpg\" \/>\n\t<meta property=\"og:image:width\" content=\"794\" \/>\n\t<meta property=\"og:image:height\" content=\"596\" \/>\n\t<meta property=\"og:image:type\" content=\"image\/jpeg\" \/>\n<meta name=\"twitter:card\" content=\"summary_large_image\" \/>\n<meta name=\"twitter:label1\" content=\"Gesch\u00e4tzte Lesezeit\" \/>\n\t<meta name=\"twitter:data1\" content=\"2\u00a0Minuten\" \/>\n<script type=\"application\/ld+json\" class=\"yoast-schema-graph\">{\"@context\":\"https:\/\/schema.org\",\"@graph\":[{\"@type\":[\"WebPage\",\"ItemPage\"],\"@id\":\"https:\/\/3dvikingsstore.com\/de\/shop\/warp-gate-wuerfelturm-fuer-alle-wuerfelgroessen\/\",\"url\":\"https:\/\/3dvikingsstore.com\/de\/shop\/warp-gate-wuerfelturm-fuer-alle-wuerfelgroessen\/\",\"name\":\"Warp Gate Sci-Fi W\u00fcrfelturm f\u00fcr alle W\u00fcrfelgr\u00f6\u00dfen\",\"isPartOf\":{\"@id\":\"https:\/\/3dvikingsstore.com\/de\/#website\"},\"primaryImageOfPage\":{\"@id\":\"https:\/\/3dvikingsstore.com\/de\/shop\/warp-gate-wuerfelturm-fuer-alle-wuerfelgroessen\/#primaryimage\"},\"image\":{\"@id\":\"https:\/\/3dvikingsstore.com\/de\/shop\/warp-gate-wuerfelturm-fuer-alle-wuerfelgroessen\/#primaryimage\"},\"thumbnailUrl\":\"https:\/\/3dvikingsstore.com\/wp-content\/uploads\/2020\/03\/il_794xN.2061843411_ceb5.jpg\",\"datePublished\":\"2020-03-01T00:58:22+00:00\",\"dateModified\":\"2025-10-29T02:13:01+00:00\",\"description\":\"Du brauchst den Warp Gate W\u00fcrfelturm, das ultimative Zubeh\u00f6r f\u00fcr jeden W\u00fcrfelliebhaber. Dieser Turm kann mit W\u00fcrfeln jeder Gr\u00f6\u00dfe umgehen, vom kleinen D6er bis zum gro\u00dfen D20er.\",\"breadcrumb\":{\"@id\":\"https:\/\/3dvikingsstore.com\/de\/shop\/warp-gate-wuerfelturm-fuer-alle-wuerfelgroessen\/#breadcrumb\"},\"inLanguage\":\"de\",\"potentialAction\":[{\"@type\":\"ReadAction\",\"target\":[\"https:\/\/3dvikingsstore.com\/de\/shop\/warp-gate-wuerfelturm-fuer-alle-wuerfelgroessen\/\"]}]},{\"@type\":\"ImageObject\",\"inLanguage\":\"de\",\"@id\":\"https:\/\/3dvikingsstore.com\/de\/shop\/warp-gate-wuerfelturm-fuer-alle-wuerfelgroessen\/#primaryimage\",\"url\":\"https:\/\/3dvikingsstore.com\/wp-content\/uploads\/2020\/03\/il_794xN.2061843411_ceb5.jpg\",\"contentUrl\":\"https:\/\/3dvikingsstore.com\/wp-content\/uploads\/2020\/03\/il_794xN.2061843411_ceb5.jpg\",\"width\":794,\"height\":596},{\"@type\":\"BreadcrumbList\",\"@id\":\"https:\/\/3dvikingsstore.com\/de\/shop\/warp-gate-wuerfelturm-fuer-alle-wuerfelgroessen\/#breadcrumb\",\"itemListElement\":[{\"@type\":\"ListItem\",\"position\":1,\"name\":\"Home\",\"item\":\"https:\/\/3dvikingsstore.com\/de\/\"},{\"@type\":\"ListItem\",\"position\":2,\"name\":\"Gesch\u00e4ft\",\"item\":\"https:\/\/3dvikingsstore.com\/shop\/\"},{\"@type\":\"ListItem\",\"position\":3,\"name\":\"Warp Gate Sci-Fi W\u00fcrfelturm f\u00fcr alle W\u00fcrfelgr\u00f6\u00dfen\"}]},{\"@type\":\"WebSite\",\"@id\":\"https:\/\/3dvikingsstore.com\/de\/#website\",\"url\":\"https:\/\/3dvikingsstore.com\/de\/\",\"name\":\"3D Vikings Store\",\"description\":\"Scenery and Accessories for Tabletop and Board Games\",\"publisher\":{\"@id\":\"https:\/\/3dvikingsstore.com\/de\/#organization\"},\"potentialAction\":[{\"@type\":\"SearchAction\",\"target\":{\"@type\":\"EntryPoint\",\"urlTemplate\":\"https:\/\/3dvikingsstore.com\/de\/?s={search_term_string}\"},\"query-input\":\"required name=search_term_string\"}],\"inLanguage\":\"de\"},{\"@type\":\"Organization\",\"@id\":\"https:\/\/3dvikingsstore.com\/de\/#organization\",\"name\":\"3D Vikings Store\",\"url\":\"https:\/\/3dvikingsstore.com\/de\/\",\"logo\":{\"@type\":\"ImageObject\",\"inLanguage\":\"de\",\"@id\":\"https:\/\/3dvikingsstore.com\/de\/#\/schema\/logo\/image\/\",\"url\":\"https:\/\/3dvikingsstore.com\/wp-content\/uploads\/2020\/03\/3dvikings-logo-karge-white.jpg\",\"contentUrl\":\"https:\/\/3dvikingsstore.com\/wp-content\/uploads\/2020\/03\/3dvikings-logo-karge-white.jpg\",\"width\":800,\"height\":800,\"caption\":\"3D Vikings Store\"},\"image\":{\"@id\":\"https:\/\/3dvikingsstore.com\/de\/#\/schema\/logo\/image\/\"}}]}<\/script>\n<!-- \/ Yoast SEO Premium plugin. -->","yoast_head_json":{"title":"Warp Gate Sci-Fi W\u00fcrfelturm f\u00fcr alle W\u00fcrfelgr\u00f6\u00dfen","description":"Du brauchst den Warp Gate W\u00fcrfelturm, das ultimative Zubeh\u00f6r f\u00fcr jeden W\u00fcrfelliebhaber. Dieser Turm kann mit W\u00fcrfeln jeder Gr\u00f6\u00dfe umgehen, vom kleinen D6er bis zum gro\u00dfen D20er.","robots":{"index":"index","follow":"follow","max-snippet":"max-snippet:-1","max-image-preview":"max-image-preview:large","max-video-preview":"max-video-preview:-1"},"canonical":"https:\/\/3dvikingsstore.com\/de\/shop\/warp-gate-wuerfelturm-fuer-alle-wuerfelgroessen\/","og_locale":"de_DE","og_type":"article","og_title":"Warp Gate Sci-Fi W\u00fcrfelturm f\u00fcr alle W\u00fcrfelgr\u00f6\u00dfen","og_description":"Du brauchst den Warp Gate W\u00fcrfelturm, das ultimative Zubeh\u00f6r f\u00fcr jeden W\u00fcrfelliebhaber. Dieser Turm kann mit W\u00fcrfeln jeder Gr\u00f6\u00dfe umgehen, vom kleinen D6er bis zum gro\u00dfen D20er.","og_url":"https:\/\/3dvikingsstore.com\/de\/shop\/warp-gate-wuerfelturm-fuer-alle-wuerfelgroessen\/","og_site_name":"3D Vikings Store","article_modified_time":"2025-10-29T02:13:01+00:00","og_image":[{"width":794,"height":596,"url":"https:\/\/3dvikingsstore.com\/wp-content\/uploads\/2020\/03\/il_794xN.2061843411_ceb5.jpg","type":"image\/jpeg"}],"twitter_card":"summary_large_image","twitter_misc":{"Gesch\u00e4tzte Lesezeit":"2\u00a0Minuten"},"schema":{"@context":"https:\/\/schema.org","@graph":[{"@type":["WebPage","ItemPage"],"@id":"https:\/\/3dvikingsstore.com\/de\/shop\/warp-gate-wuerfelturm-fuer-alle-wuerfelgroessen\/","url":"https:\/\/3dvikingsstore.com\/de\/shop\/warp-gate-wuerfelturm-fuer-alle-wuerfelgroessen\/","name":"Warp Gate Sci-Fi W\u00fcrfelturm f\u00fcr alle W\u00fcrfelgr\u00f6\u00dfen","isPartOf":{"@id":"https:\/\/3dvikingsstore.com\/de\/#website"},"primaryImageOfPage":{"@id":"https:\/\/3dvikingsstore.com\/de\/shop\/warp-gate-wuerfelturm-fuer-alle-wuerfelgroessen\/#primaryimage"},"image":{"@id":"https:\/\/3dvikingsstore.com\/de\/shop\/warp-gate-wuerfelturm-fuer-alle-wuerfelgroessen\/#primaryimage"},"thumbnailUrl":"https:\/\/3dvikingsstore.com\/wp-content\/uploads\/2020\/03\/il_794xN.2061843411_ceb5.jpg","datePublished":"2020-03-01T00:58:22+00:00","dateModified":"2025-10-29T02:13:01+00:00","description":"Du brauchst den Warp Gate W\u00fcrfelturm, das ultimative Zubeh\u00f6r f\u00fcr jeden W\u00fcrfelliebhaber. Dieser Turm kann mit W\u00fcrfeln jeder Gr\u00f6\u00dfe umgehen, vom kleinen D6er bis zum gro\u00dfen D20er.","breadcrumb":{"@id":"https:\/\/3dvikingsstore.com\/de\/shop\/warp-gate-wuerfelturm-fuer-alle-wuerfelgroessen\/#breadcrumb"},"inLanguage":"de","potentialAction":[{"@type":"ReadAction","target":["https:\/\/3dvikingsstore.com\/de\/shop\/warp-gate-wuerfelturm-fuer-alle-wuerfelgroessen\/"]}]},{"@type":"ImageObject","inLanguage":"de","@id":"https:\/\/3dvikingsstore.com\/de\/shop\/warp-gate-wuerfelturm-fuer-alle-wuerfelgroessen\/#primaryimage","url":"https:\/\/3dvikingsstore.com\/wp-content\/uploads\/2020\/03\/il_794xN.2061843411_ceb5.jpg","contentUrl":"https:\/\/3dvikingsstore.com\/wp-content\/uploads\/2020\/03\/il_794xN.2061843411_ceb5.jpg","width":794,"height":596},{"@type":"BreadcrumbList","@id":"https:\/\/3dvikingsstore.com\/de\/shop\/warp-gate-wuerfelturm-fuer-alle-wuerfelgroessen\/#breadcrumb","itemListElement":[{"@type":"ListItem","position":1,"name":"Home","item":"https:\/\/3dvikingsstore.com\/de\/"},{"@type":"ListItem","position":2,"name":"Gesch\u00e4ft","item":"https:\/\/3dvikingsstore.com\/shop\/"},{"@type":"ListItem","position":3,"name":"Warp Gate Sci-Fi W\u00fcrfelturm f\u00fcr alle W\u00fcrfelgr\u00f6\u00dfen"}]},{"@type":"WebSite","@id":"https:\/\/3dvikingsstore.com\/de\/#website","url":"https:\/\/3dvikingsstore.com\/de\/","name":"3D Vikings Store","description":"Scenery and Accessories for Tabletop and Board Games","publisher":{"@id":"https:\/\/3dvikingsstore.com\/de\/#organization"},"potentialAction":[{"@type":"SearchAction","target":{"@type":"EntryPoint","urlTemplate":"https:\/\/3dvikingsstore.com\/de\/?s={search_term_string}"},"query-input":"required name=search_term_string"}],"inLanguage":"de"},{"@type":"Organization","@id":"https:\/\/3dvikingsstore.com\/de\/#organization","name":"3D Vikings Store","url":"https:\/\/3dvikingsstore.com\/de\/","logo":{"@type":"ImageObject","inLanguage":"de","@id":"https:\/\/3dvikingsstore.com\/de\/#\/schema\/logo\/image\/","url":"https:\/\/3dvikingsstore.com\/wp-content\/uploads\/2020\/03\/3dvikings-logo-karge-white.jpg","contentUrl":"https:\/\/3dvikingsstore.com\/wp-content\/uploads\/2020\/03\/3dvikings-logo-karge-white.jpg","width":800,"height":800,"caption":"3D Vikings Store"},"image":{"@id":"https:\/\/3dvikingsstore.com\/de\/#\/schema\/logo\/image\/"}}]}},"_links":{"self":[{"href":"https:\/\/3dvikingsstore.com\/de\/wp-json\/wp\/v2\/product\/16535"}],"collection":[{"href":"https:\/\/3dvikingsstore.com\/de\/wp-json\/wp\/v2\/product"}],"about":[{"href":"https:\/\/3dvikingsstore.com\/de\/wp-json\/wp\/v2\/types\/product"}],"replies":[{"embeddable":true,"href":"https:\/\/3dvikingsstore.com\/de\/wp-json\/wp\/v2\/comments?post=16535"}],"version-history":[{"count":2,"href":"https:\/\/3dvikingsstore.com\/de\/wp-json\/wp\/v2\/product\/16535\/revisions"}],"predecessor-version":[{"id":18393,"href":"https:\/\/3dvikingsstore.com\/de\/wp-json\/wp\/v2\/product\/16535\/revisions\/18393"}],"wp:featuredmedia":[{"embeddable":true,"href":"https:\/\/3dvikingsstore.com\/de\/wp-json\/wp\/v2\/media\/14376"}],"wp:attachment":[{"href":"https:\/\/3dvikingsstore.com\/de\/wp-json\/wp\/v2\/media?parent=16535"}],"wp:term":[{"taxonomy":"product_cat","embeddable":true,"href":"https:\/\/3dvikingsstore.com\/de\/wp-json\/wp\/v2\/product_cat?post=16535"},{"taxonomy":"product_tag","embeddable":true,"href":"https:\/\/3dvikingsstore.com\/de\/wp-json\/wp\/v2\/product_tag?post=16535"}],"curies":[{"name":"wp","href":"https:\/\/api.w.org\/{rel}","templated":true}]}}