{"id":16531,"date":"2020-03-01T02:58:18","date_gmt":"2020-03-01T00:58:18","guid":{"rendered":"https:\/\/3dvikingsstore.com\/shop\/zwei-level-fantasy-ruinen-geeignet-fuer-mittelalterliche-oder-fantasy-szenarien-28mm\/"},"modified":"2025-10-29T04:11:47","modified_gmt":"2025-10-29T02:11:47","slug":"zwei-level-fantasy-ruinen-geeignet-fuer-mittelalterliche-oder-fantasy-szenarien-28mm","status":"publish","type":"product","link":"https:\/\/3dvikingsstore.com\/de\/shop\/zwei-level-fantasy-ruinen-geeignet-fuer-mittelalterliche-oder-fantasy-szenarien-28mm\/","title":{"rendered":"Zwei Level Fantasy Ruinen Geeignet f\u00fcr Mittelalterliche oder Fantasy Szenarien 28mm"},"content":{"rendered":"<p><strong>Zwei Level Fantasy-Ruinen<\/strong>, geeignet f\u00fcr mittelalterliche oder Fantasy-Szenarien im 28mm-Ma\u00dfstab! Diese Ruinen sind so gestaltet, dass sie wie alte Backsteingeb\u00e4ude aussehen, die durch Zeit, Wetter oder Krieg teilweise zerst\u00f6rt worden sind. Sie haben Fenster, T\u00fcren, B\u00f6gen und Treppen, die ein dynamisches und interessantes Terrain f\u00fcr Ihre Miniaturen schaffen. Mit ihnen k\u00f6nnen Sie Erkundungs-, Kampf- oder Schleichszenen an verschiedenen Schaupl\u00e4tzen wie antiken Tempeln, Spukschl\u00f6ssern oder vom Krieg gezeichneten D\u00f6rfern erstellen.<\/p>\n<p>Die Ruinen bestehen aus zwei Teilen, die leicht an- oder abmontiert werden k\u00f6nnen, so dass Sie die M\u00f6glichkeit haben, die Anordnung und H\u00f6he der Struktur zu \u00e4ndern. Sie k\u00f6nnen auch mit anderen Kulissenteilen kombiniert werden, um gr\u00f6\u00dfere und komplexere Umgebungen zu schaffen. Die Ruinen sind aus hochwertigem Kunststoff gefertigt und <strong>werden unbemalt geliefert<\/strong>, so dass du deiner Kreativit\u00e4t freien Lauf lassen und sie nach deinen Vorstellungen bemalen kannst. Sie k\u00f6nnen auch Details wie Moos, Ranken, Ger\u00f6ll oder Graffiti hinzuf\u00fcgen, um sie realistischer zu gestalten. Bitte beachten Sie, dass die auf den Fotos abgebildeten Miniaturen nicht im Lieferumfang enthalten sind, sie dienen nur als Ma\u00dfstabsreferenz.<\/p>\n<p>Bestellen Sie jetzt Ihre zweistufigen Fantasy-Ruinen und erweitern Sie Ihr Tabletop-Spielerlebnis!<\/p>\n","protected":false},"excerpt":{"rendered":"<p><strong>Zwei Level Fantasy-Ruinen<\/strong>, geeignet f\u00fcr mittelalterliche oder Fantasy-Szenarien im 28mm-Ma\u00dfstab! Diese Ruinen sind so gestaltet, dass sie wie alte Backsteingeb\u00e4ude aussehen, die durch Zeit, Wetter oder Krieg teilweise zerst\u00f6rt worden sind.<\/p>\n","protected":false},"featured_media":14299,"comment_status":"open","ping_status":"closed","template":"","meta":[],"product_cat":[2694,2717],"product_tag":[2751,2923,2844,2811,2737,2924,2766,2922,2835,2859,2767,2736,2678,2683],"yoast_head":"<!-- This site is optimized with the Yoast SEO Premium plugin v22.9 (Yoast SEO v22.9) - https:\/\/yoast.com\/wordpress\/plugins\/seo\/ -->\n<title>Zwei Level Fantasy Ruinen Geeignet f\u00fcr Mittelalterliche oder Fantasy Szenarien 28mm<\/title>\n<meta name=\"description\" content=\"Zwei Level Fantasy Ruinen, geeignet f\u00fcr mittelalterliche oder Fantasy Szenarien im 28mm Ma\u00dfstab! Diese Ruinen sind so gestaltet, dass sie wie alte Backsteinbauten aussehen.\" \/>\n<meta name=\"robots\" content=\"index, follow, max-snippet:-1, max-image-preview:large, max-video-preview:-1\" \/>\n<link rel=\"canonical\" href=\"https:\/\/3dvikingsstore.com\/de\/shop\/zwei-level-fantasy-ruinen-geeignet-fuer-mittelalterliche-oder-fantasy-szenarien-28mm\/\" \/>\n<meta property=\"og:locale\" content=\"de_DE\" \/>\n<meta property=\"og:type\" content=\"article\" \/>\n<meta property=\"og:title\" content=\"Zwei Level Fantasy Ruinen Geeignet f\u00fcr Mittelalterliche oder Fantasy Szenarien 28mm\" \/>\n<meta property=\"og:description\" content=\"Zwei Level Fantasy Ruinen, geeignet f\u00fcr mittelalterliche oder Fantasy Szenarien im 28mm Ma\u00dfstab! Diese Ruinen sind so gestaltet, dass sie wie alte Backsteinbauten aussehen.\" \/>\n<meta property=\"og:url\" content=\"https:\/\/3dvikingsstore.com\/de\/shop\/zwei-level-fantasy-ruinen-geeignet-fuer-mittelalterliche-oder-fantasy-szenarien-28mm\/\" \/>\n<meta property=\"og:site_name\" content=\"3D Vikings Store\" \/>\n<meta property=\"article:modified_time\" content=\"2025-10-29T02:11:47+00:00\" \/>\n<meta property=\"og:image\" content=\"https:\/\/3dvikingsstore.com\/wp-content\/uploads\/2020\/03\/il_794xN.1979787329_dewz.jpg\" \/>\n\t<meta property=\"og:image:width\" content=\"794\" \/>\n\t<meta property=\"og:image:height\" content=\"635\" \/>\n\t<meta property=\"og:image:type\" content=\"image\/jpeg\" \/>\n<meta name=\"twitter:card\" content=\"summary_large_image\" \/>\n<meta name=\"twitter:label1\" content=\"Gesch\u00e4tzte Lesezeit\" \/>\n\t<meta name=\"twitter:data1\" content=\"2\u00a0Minuten\" \/>\n<script type=\"application\/ld+json\" class=\"yoast-schema-graph\">{\"@context\":\"https:\/\/schema.org\",\"@graph\":[{\"@type\":[\"WebPage\",\"ItemPage\"],\"@id\":\"https:\/\/3dvikingsstore.com\/de\/shop\/zwei-level-fantasy-ruinen-geeignet-fuer-mittelalterliche-oder-fantasy-szenarien-28mm\/\",\"url\":\"https:\/\/3dvikingsstore.com\/de\/shop\/zwei-level-fantasy-ruinen-geeignet-fuer-mittelalterliche-oder-fantasy-szenarien-28mm\/\",\"name\":\"Zwei Level Fantasy Ruinen Geeignet f\u00fcr Mittelalterliche oder Fantasy Szenarien 28mm\",\"isPartOf\":{\"@id\":\"https:\/\/3dvikingsstore.com\/de\/#website\"},\"primaryImageOfPage\":{\"@id\":\"https:\/\/3dvikingsstore.com\/de\/shop\/zwei-level-fantasy-ruinen-geeignet-fuer-mittelalterliche-oder-fantasy-szenarien-28mm\/#primaryimage\"},\"image\":{\"@id\":\"https:\/\/3dvikingsstore.com\/de\/shop\/zwei-level-fantasy-ruinen-geeignet-fuer-mittelalterliche-oder-fantasy-szenarien-28mm\/#primaryimage\"},\"thumbnailUrl\":\"https:\/\/3dvikingsstore.com\/wp-content\/uploads\/2020\/03\/il_794xN.1979787329_dewz.jpg\",\"datePublished\":\"2020-03-01T00:58:18+00:00\",\"dateModified\":\"2025-10-29T02:11:47+00:00\",\"description\":\"Zwei Level Fantasy Ruinen, geeignet f\u00fcr mittelalterliche oder Fantasy Szenarien im 28mm Ma\u00dfstab! Diese Ruinen sind so gestaltet, dass sie wie alte Backsteinbauten aussehen.\",\"breadcrumb\":{\"@id\":\"https:\/\/3dvikingsstore.com\/de\/shop\/zwei-level-fantasy-ruinen-geeignet-fuer-mittelalterliche-oder-fantasy-szenarien-28mm\/#breadcrumb\"},\"inLanguage\":\"de\",\"potentialAction\":[{\"@type\":\"ReadAction\",\"target\":[\"https:\/\/3dvikingsstore.com\/de\/shop\/zwei-level-fantasy-ruinen-geeignet-fuer-mittelalterliche-oder-fantasy-szenarien-28mm\/\"]}]},{\"@type\":\"ImageObject\",\"inLanguage\":\"de\",\"@id\":\"https:\/\/3dvikingsstore.com\/de\/shop\/zwei-level-fantasy-ruinen-geeignet-fuer-mittelalterliche-oder-fantasy-szenarien-28mm\/#primaryimage\",\"url\":\"https:\/\/3dvikingsstore.com\/wp-content\/uploads\/2020\/03\/il_794xN.1979787329_dewz.jpg\",\"contentUrl\":\"https:\/\/3dvikingsstore.com\/wp-content\/uploads\/2020\/03\/il_794xN.1979787329_dewz.jpg\",\"width\":794,\"height\":635,\"caption\":\"fantasy ruins terrain\"},{\"@type\":\"BreadcrumbList\",\"@id\":\"https:\/\/3dvikingsstore.com\/de\/shop\/zwei-level-fantasy-ruinen-geeignet-fuer-mittelalterliche-oder-fantasy-szenarien-28mm\/#breadcrumb\",\"itemListElement\":[{\"@type\":\"ListItem\",\"position\":1,\"name\":\"Home\",\"item\":\"https:\/\/3dvikingsstore.com\/de\/\"},{\"@type\":\"ListItem\",\"position\":2,\"name\":\"Gesch\u00e4ft\",\"item\":\"https:\/\/3dvikingsstore.com\/shop\/\"},{\"@type\":\"ListItem\",\"position\":3,\"name\":\"Zwei Level Fantasy Ruinen Geeignet f\u00fcr Mittelalterliche oder Fantasy Szenarien 28mm\"}]},{\"@type\":\"WebSite\",\"@id\":\"https:\/\/3dvikingsstore.com\/de\/#website\",\"url\":\"https:\/\/3dvikingsstore.com\/de\/\",\"name\":\"3D Vikings Store\",\"description\":\"Scenery and Accessories for Tabletop and Board Games\",\"publisher\":{\"@id\":\"https:\/\/3dvikingsstore.com\/de\/#organization\"},\"potentialAction\":[{\"@type\":\"SearchAction\",\"target\":{\"@type\":\"EntryPoint\",\"urlTemplate\":\"https:\/\/3dvikingsstore.com\/de\/?s={search_term_string}\"},\"query-input\":\"required name=search_term_string\"}],\"inLanguage\":\"de\"},{\"@type\":\"Organization\",\"@id\":\"https:\/\/3dvikingsstore.com\/de\/#organization\",\"name\":\"3D Vikings Store\",\"url\":\"https:\/\/3dvikingsstore.com\/de\/\",\"logo\":{\"@type\":\"ImageObject\",\"inLanguage\":\"de\",\"@id\":\"https:\/\/3dvikingsstore.com\/de\/#\/schema\/logo\/image\/\",\"url\":\"https:\/\/3dvikingsstore.com\/wp-content\/uploads\/2020\/03\/3dvikings-logo-karge-white.jpg\",\"contentUrl\":\"https:\/\/3dvikingsstore.com\/wp-content\/uploads\/2020\/03\/3dvikings-logo-karge-white.jpg\",\"width\":800,\"height\":800,\"caption\":\"3D Vikings Store\"},\"image\":{\"@id\":\"https:\/\/3dvikingsstore.com\/de\/#\/schema\/logo\/image\/\"}}]}<\/script>\n<!-- \/ Yoast SEO Premium plugin. -->","yoast_head_json":{"title":"Zwei Level Fantasy Ruinen Geeignet f\u00fcr Mittelalterliche oder Fantasy Szenarien 28mm","description":"Zwei Level Fantasy Ruinen, geeignet f\u00fcr mittelalterliche oder Fantasy Szenarien im 28mm Ma\u00dfstab! Diese Ruinen sind so gestaltet, dass sie wie alte Backsteinbauten aussehen.","robots":{"index":"index","follow":"follow","max-snippet":"max-snippet:-1","max-image-preview":"max-image-preview:large","max-video-preview":"max-video-preview:-1"},"canonical":"https:\/\/3dvikingsstore.com\/de\/shop\/zwei-level-fantasy-ruinen-geeignet-fuer-mittelalterliche-oder-fantasy-szenarien-28mm\/","og_locale":"de_DE","og_type":"article","og_title":"Zwei Level Fantasy Ruinen Geeignet f\u00fcr Mittelalterliche oder Fantasy Szenarien 28mm","og_description":"Zwei Level Fantasy Ruinen, geeignet f\u00fcr mittelalterliche oder Fantasy Szenarien im 28mm Ma\u00dfstab! Diese Ruinen sind so gestaltet, dass sie wie alte Backsteinbauten aussehen.","og_url":"https:\/\/3dvikingsstore.com\/de\/shop\/zwei-level-fantasy-ruinen-geeignet-fuer-mittelalterliche-oder-fantasy-szenarien-28mm\/","og_site_name":"3D Vikings Store","article_modified_time":"2025-10-29T02:11:47+00:00","og_image":[{"width":794,"height":635,"url":"https:\/\/3dvikingsstore.com\/wp-content\/uploads\/2020\/03\/il_794xN.1979787329_dewz.jpg","type":"image\/jpeg"}],"twitter_card":"summary_large_image","twitter_misc":{"Gesch\u00e4tzte Lesezeit":"2\u00a0Minuten"},"schema":{"@context":"https:\/\/schema.org","@graph":[{"@type":["WebPage","ItemPage"],"@id":"https:\/\/3dvikingsstore.com\/de\/shop\/zwei-level-fantasy-ruinen-geeignet-fuer-mittelalterliche-oder-fantasy-szenarien-28mm\/","url":"https:\/\/3dvikingsstore.com\/de\/shop\/zwei-level-fantasy-ruinen-geeignet-fuer-mittelalterliche-oder-fantasy-szenarien-28mm\/","name":"Zwei Level Fantasy Ruinen Geeignet f\u00fcr Mittelalterliche oder Fantasy Szenarien 28mm","isPartOf":{"@id":"https:\/\/3dvikingsstore.com\/de\/#website"},"primaryImageOfPage":{"@id":"https:\/\/3dvikingsstore.com\/de\/shop\/zwei-level-fantasy-ruinen-geeignet-fuer-mittelalterliche-oder-fantasy-szenarien-28mm\/#primaryimage"},"image":{"@id":"https:\/\/3dvikingsstore.com\/de\/shop\/zwei-level-fantasy-ruinen-geeignet-fuer-mittelalterliche-oder-fantasy-szenarien-28mm\/#primaryimage"},"thumbnailUrl":"https:\/\/3dvikingsstore.com\/wp-content\/uploads\/2020\/03\/il_794xN.1979787329_dewz.jpg","datePublished":"2020-03-01T00:58:18+00:00","dateModified":"2025-10-29T02:11:47+00:00","description":"Zwei Level Fantasy Ruinen, geeignet f\u00fcr mittelalterliche oder Fantasy Szenarien im 28mm Ma\u00dfstab! Diese Ruinen sind so gestaltet, dass sie wie alte Backsteinbauten aussehen.","breadcrumb":{"@id":"https:\/\/3dvikingsstore.com\/de\/shop\/zwei-level-fantasy-ruinen-geeignet-fuer-mittelalterliche-oder-fantasy-szenarien-28mm\/#breadcrumb"},"inLanguage":"de","potentialAction":[{"@type":"ReadAction","target":["https:\/\/3dvikingsstore.com\/de\/shop\/zwei-level-fantasy-ruinen-geeignet-fuer-mittelalterliche-oder-fantasy-szenarien-28mm\/"]}]},{"@type":"ImageObject","inLanguage":"de","@id":"https:\/\/3dvikingsstore.com\/de\/shop\/zwei-level-fantasy-ruinen-geeignet-fuer-mittelalterliche-oder-fantasy-szenarien-28mm\/#primaryimage","url":"https:\/\/3dvikingsstore.com\/wp-content\/uploads\/2020\/03\/il_794xN.1979787329_dewz.jpg","contentUrl":"https:\/\/3dvikingsstore.com\/wp-content\/uploads\/2020\/03\/il_794xN.1979787329_dewz.jpg","width":794,"height":635,"caption":"fantasy ruins terrain"},{"@type":"BreadcrumbList","@id":"https:\/\/3dvikingsstore.com\/de\/shop\/zwei-level-fantasy-ruinen-geeignet-fuer-mittelalterliche-oder-fantasy-szenarien-28mm\/#breadcrumb","itemListElement":[{"@type":"ListItem","position":1,"name":"Home","item":"https:\/\/3dvikingsstore.com\/de\/"},{"@type":"ListItem","position":2,"name":"Gesch\u00e4ft","item":"https:\/\/3dvikingsstore.com\/shop\/"},{"@type":"ListItem","position":3,"name":"Zwei Level Fantasy Ruinen Geeignet f\u00fcr Mittelalterliche oder Fantasy Szenarien 28mm"}]},{"@type":"WebSite","@id":"https:\/\/3dvikingsstore.com\/de\/#website","url":"https:\/\/3dvikingsstore.com\/de\/","name":"3D Vikings Store","description":"Scenery and Accessories for Tabletop and Board Games","publisher":{"@id":"https:\/\/3dvikingsstore.com\/de\/#organization"},"potentialAction":[{"@type":"SearchAction","target":{"@type":"EntryPoint","urlTemplate":"https:\/\/3dvikingsstore.com\/de\/?s={search_term_string}"},"query-input":"required name=search_term_string"}],"inLanguage":"de"},{"@type":"Organization","@id":"https:\/\/3dvikingsstore.com\/de\/#organization","name":"3D Vikings Store","url":"https:\/\/3dvikingsstore.com\/de\/","logo":{"@type":"ImageObject","inLanguage":"de","@id":"https:\/\/3dvikingsstore.com\/de\/#\/schema\/logo\/image\/","url":"https:\/\/3dvikingsstore.com\/wp-content\/uploads\/2020\/03\/3dvikings-logo-karge-white.jpg","contentUrl":"https:\/\/3dvikingsstore.com\/wp-content\/uploads\/2020\/03\/3dvikings-logo-karge-white.jpg","width":800,"height":800,"caption":"3D Vikings Store"},"image":{"@id":"https:\/\/3dvikingsstore.com\/de\/#\/schema\/logo\/image\/"}}]}},"_links":{"self":[{"href":"https:\/\/3dvikingsstore.com\/de\/wp-json\/wp\/v2\/product\/16531"}],"collection":[{"href":"https:\/\/3dvikingsstore.com\/de\/wp-json\/wp\/v2\/product"}],"about":[{"href":"https:\/\/3dvikingsstore.com\/de\/wp-json\/wp\/v2\/types\/product"}],"replies":[{"embeddable":true,"href":"https:\/\/3dvikingsstore.com\/de\/wp-json\/wp\/v2\/comments?post=16531"}],"version-history":[{"count":1,"href":"https:\/\/3dvikingsstore.com\/de\/wp-json\/wp\/v2\/product\/16531\/revisions"}],"predecessor-version":[{"id":18940,"href":"https:\/\/3dvikingsstore.com\/de\/wp-json\/wp\/v2\/product\/16531\/revisions\/18940"}],"wp:featuredmedia":[{"embeddable":true,"href":"https:\/\/3dvikingsstore.com\/de\/wp-json\/wp\/v2\/media\/14299"}],"wp:attachment":[{"href":"https:\/\/3dvikingsstore.com\/de\/wp-json\/wp\/v2\/media?parent=16531"}],"wp:term":[{"taxonomy":"product_cat","embeddable":true,"href":"https:\/\/3dvikingsstore.com\/de\/wp-json\/wp\/v2\/product_cat?post=16531"},{"taxonomy":"product_tag","embeddable":true,"href":"https:\/\/3dvikingsstore.com\/de\/wp-json\/wp\/v2\/product_tag?post=16531"}],"curies":[{"name":"wp","href":"https:\/\/api.w.org\/{rel}","templated":true}]}}