{"id":16525,"date":"2020-03-01T02:58:04","date_gmt":"2020-03-01T00:58:04","guid":{"rendered":"https:\/\/3dvikingsstore.com\/shop\/solarpanel-sci-fi-scatter-terrain-28mm-massstab\/"},"modified":"2024-01-30T19:07:29","modified_gmt":"2024-01-30T17:07:29","slug":"solarpanel-sci-fi-scatter-terrain-28mm-massstab","status":"publish","type":"product","link":"https:\/\/3dvikingsstore.com\/de\/shop\/solarpanel-sci-fi-scatter-terrain-28mm-massstab\/","title":{"rendered":"Solarpanel Sci-Fi Scatter Terrain 28mm Ma\u00dfstab"},"content":{"rendered":"<p>? Verleihen Sie Ihren Tabletop-Spielen ein futuristisches Flair mit diesem Solarzellenfeld-Streugel\u00e4nde. Dieses Gel\u00e4ndest\u00fcck kann verwendet werden, um interessante Szenarien und Herausforderungen f\u00fcr Ihre Miniaturen zu schaffen, sowie die visuelle Attraktivit\u00e4t Ihrer Spielumgebung zu verbessern.<\/p>\n<p>Die Solaranlage ist modular aufgebaut und besteht aus einem gro\u00dfen Panel, einem Sockel und einer Konsole. Das Panel kann gekippt und gedreht werden, um die optimale Menge an Sonnenlicht einzufangen oder um verschiedene Abdeckungswinkel zu schaffen. Der Sockel ist robust und stabil und kann auf jeder ebenen Fl\u00e4che befestigt werden. Die Konsole ist ein separates Teil, das an einem beliebigen Ort aufgestellt werden kann und \u00fcber einen Bildschirm und Tasten zur Steuerung des Arrays verf\u00fcgt.<\/p>\n<p>Das Solarfeld ist aus hochwertigem Kunststoff gedruckt und wird in 3 Teilen geliefert, die sich leicht zusammenbauen lassen.<\/p>\n<p>Das Solarfeld ist unbemalt und muss noch bemalt werden, um seine Sci-Fi-Details und seinen Stil zur Geltung zu bringen.<\/p>\n<p>Er wird mit PLA gedruckt, einem der umweltfreundlichsten Filamente, die es derzeit auf dem Markt gibt. PLA wird aus Pflanzen wie Mais und Zuckerrohr gewonnen, ist erneuerbar und vor allem biologisch abbaubar und ungiftig. Die damit bedruckten Gegenst\u00e4nde sind haltbar und stabil.<\/p>\n<p>Das Modell \u00a9\ufe0f wurde uns von den fantastischen Designern von Dragons Rest zur Verf\u00fcgung gestellt. Bitte besuchen Sie https:\/\/dragons.rest f\u00fcr die Quelldateien. Wir sind in der Lage, ALLE von Drachenruhe entworfenen Modelle zu drucken. Bitte kontaktieren Sie uns f\u00fcr Anfragen zu einem der Designs und wir werden das Produkt f\u00fcr Sie hinzuf\u00fcgen!<\/p>\n","protected":false},"excerpt":{"rendered":"<p>Die Solaranlage ist modular aufgebaut und besteht aus einem gro\u00dfen Panel, einem Sockel und einer Konsole. Das Panel kann gekippt und gedreht werden, um die optimale Menge an Sonnenlicht einzufangen oder um verschiedene Abdeckungswinkel zu schaffen. Der Sockel ist robust und stabil und kann auf jeder ebenen Fl\u00e4che befestigt werden. Die Konsole ist ein separates Teil, das an einem beliebigen Ort aufgestellt werden kann und \u00fcber einen Bildschirm und Tasten zur Steuerung des Arrays verf\u00fcgt.<\/p>\n","protected":false},"featured_media":14068,"comment_status":"open","ping_status":"closed","template":"","meta":[],"product_cat":[2732,2717],"product_tag":[2851,2733,2806,2737,2803,2916,2809,2808,2752,2805,2682,2677,2683],"yoast_head":"<!-- This site is optimized with the Yoast SEO Premium plugin v22.9 (Yoast SEO v22.9) - https:\/\/yoast.com\/wordpress\/plugins\/seo\/ -->\n<title>Solarpanel Sci-Fi Scatter Terrain 28mm Ma\u00dfstab<\/title>\n<meta name=\"description\" content=\"Das beste Solarzellenfeld-Streugel\u00e4nde f\u00fcr deine Sci-Fi-Tabletop-Spiele im 28mm-Ma\u00dfstab. Schaffe spannende Szenarien und Herausforderungen mit diesem futuristischen Gel\u00e4ndest\u00fcck.\" \/>\n<meta name=\"robots\" content=\"index, follow, max-snippet:-1, max-image-preview:large, max-video-preview:-1\" \/>\n<link rel=\"canonical\" href=\"https:\/\/3dvikingsstore.com\/de\/shop\/solarpanel-sci-fi-scatter-terrain-28mm-massstab\/\" \/>\n<meta property=\"og:locale\" content=\"de_DE\" \/>\n<meta property=\"og:type\" content=\"article\" \/>\n<meta property=\"og:title\" content=\"Solarpanel Sci-Fi Scatter Terrain 28mm Ma\u00dfstab\" \/>\n<meta property=\"og:description\" content=\"Das beste Solarzellenfeld-Streugel\u00e4nde f\u00fcr deine Sci-Fi-Tabletop-Spiele im 28mm-Ma\u00dfstab. Schaffe spannende Szenarien und Herausforderungen mit diesem futuristischen Gel\u00e4ndest\u00fcck.\" \/>\n<meta property=\"og:url\" content=\"https:\/\/3dvikingsstore.com\/de\/shop\/solarpanel-sci-fi-scatter-terrain-28mm-massstab\/\" \/>\n<meta property=\"og:site_name\" content=\"3D Vikings Store\" \/>\n<meta property=\"article:modified_time\" content=\"2024-01-30T17:07:29+00:00\" \/>\n<meta property=\"og:image\" content=\"https:\/\/3dvikingsstore.com\/wp-content\/uploads\/2020\/03\/il_1588xN.1990791561_dx9h.jpg\" \/>\n\t<meta property=\"og:image:width\" content=\"1588\" \/>\n\t<meta property=\"og:image:height\" content=\"1191\" \/>\n\t<meta property=\"og:image:type\" content=\"image\/jpeg\" \/>\n<meta name=\"twitter:card\" content=\"summary_large_image\" \/>\n<meta name=\"twitter:label1\" content=\"Gesch\u00e4tzte Lesezeit\" \/>\n\t<meta name=\"twitter:data1\" content=\"1\u00a0Minute\" \/>\n<script type=\"application\/ld+json\" class=\"yoast-schema-graph\">{\"@context\":\"https:\/\/schema.org\",\"@graph\":[{\"@type\":[\"WebPage\",\"ItemPage\"],\"@id\":\"https:\/\/3dvikingsstore.com\/de\/shop\/solarpanel-sci-fi-scatter-terrain-28mm-massstab\/\",\"url\":\"https:\/\/3dvikingsstore.com\/de\/shop\/solarpanel-sci-fi-scatter-terrain-28mm-massstab\/\",\"name\":\"Solarpanel Sci-Fi Scatter Terrain 28mm Ma\u00dfstab\",\"isPartOf\":{\"@id\":\"https:\/\/3dvikingsstore.com\/de\/#website\"},\"primaryImageOfPage\":{\"@id\":\"https:\/\/3dvikingsstore.com\/de\/shop\/solarpanel-sci-fi-scatter-terrain-28mm-massstab\/#primaryimage\"},\"image\":{\"@id\":\"https:\/\/3dvikingsstore.com\/de\/shop\/solarpanel-sci-fi-scatter-terrain-28mm-massstab\/#primaryimage\"},\"thumbnailUrl\":\"https:\/\/3dvikingsstore.com\/wp-content\/uploads\/2020\/03\/il_1588xN.1990791561_dx9h.jpg\",\"datePublished\":\"2020-03-01T00:58:04+00:00\",\"dateModified\":\"2024-01-30T17:07:29+00:00\",\"description\":\"Das beste Solarzellenfeld-Streugel\u00e4nde f\u00fcr deine Sci-Fi-Tabletop-Spiele im 28mm-Ma\u00dfstab. Schaffe spannende Szenarien und Herausforderungen mit diesem futuristischen Gel\u00e4ndest\u00fcck.\",\"breadcrumb\":{\"@id\":\"https:\/\/3dvikingsstore.com\/de\/shop\/solarpanel-sci-fi-scatter-terrain-28mm-massstab\/#breadcrumb\"},\"inLanguage\":\"de\",\"potentialAction\":[{\"@type\":\"ReadAction\",\"target\":[\"https:\/\/3dvikingsstore.com\/de\/shop\/solarpanel-sci-fi-scatter-terrain-28mm-massstab\/\"]}]},{\"@type\":\"ImageObject\",\"inLanguage\":\"de\",\"@id\":\"https:\/\/3dvikingsstore.com\/de\/shop\/solarpanel-sci-fi-scatter-terrain-28mm-massstab\/#primaryimage\",\"url\":\"https:\/\/3dvikingsstore.com\/wp-content\/uploads\/2020\/03\/il_1588xN.1990791561_dx9h.jpg\",\"contentUrl\":\"https:\/\/3dvikingsstore.com\/wp-content\/uploads\/2020\/03\/il_1588xN.1990791561_dx9h.jpg\",\"width\":1588,\"height\":1191,\"caption\":\"sci fi solar array\"},{\"@type\":\"BreadcrumbList\",\"@id\":\"https:\/\/3dvikingsstore.com\/de\/shop\/solarpanel-sci-fi-scatter-terrain-28mm-massstab\/#breadcrumb\",\"itemListElement\":[{\"@type\":\"ListItem\",\"position\":1,\"name\":\"Home\",\"item\":\"https:\/\/3dvikingsstore.com\/de\/\"},{\"@type\":\"ListItem\",\"position\":2,\"name\":\"Gesch\u00e4ft\",\"item\":\"https:\/\/3dvikingsstore.com\/shop\/\"},{\"@type\":\"ListItem\",\"position\":3,\"name\":\"Solarpanel Sci-Fi Scatter Terrain 28mm Ma\u00dfstab\"}]},{\"@type\":\"WebSite\",\"@id\":\"https:\/\/3dvikingsstore.com\/de\/#website\",\"url\":\"https:\/\/3dvikingsstore.com\/de\/\",\"name\":\"3D Vikings Store\",\"description\":\"Scenery and Accessories for Tabletop and Board Games\",\"publisher\":{\"@id\":\"https:\/\/3dvikingsstore.com\/de\/#organization\"},\"potentialAction\":[{\"@type\":\"SearchAction\",\"target\":{\"@type\":\"EntryPoint\",\"urlTemplate\":\"https:\/\/3dvikingsstore.com\/de\/?s={search_term_string}\"},\"query-input\":\"required name=search_term_string\"}],\"inLanguage\":\"de\"},{\"@type\":\"Organization\",\"@id\":\"https:\/\/3dvikingsstore.com\/de\/#organization\",\"name\":\"3D Vikings Store\",\"url\":\"https:\/\/3dvikingsstore.com\/de\/\",\"logo\":{\"@type\":\"ImageObject\",\"inLanguage\":\"de\",\"@id\":\"https:\/\/3dvikingsstore.com\/de\/#\/schema\/logo\/image\/\",\"url\":\"https:\/\/3dvikingsstore.com\/wp-content\/uploads\/2020\/03\/3dvikings-logo-karge-white.jpg\",\"contentUrl\":\"https:\/\/3dvikingsstore.com\/wp-content\/uploads\/2020\/03\/3dvikings-logo-karge-white.jpg\",\"width\":800,\"height\":800,\"caption\":\"3D Vikings Store\"},\"image\":{\"@id\":\"https:\/\/3dvikingsstore.com\/de\/#\/schema\/logo\/image\/\"}}]}<\/script>\n<!-- \/ Yoast SEO Premium plugin. -->","yoast_head_json":{"title":"Solarpanel Sci-Fi Scatter Terrain 28mm Ma\u00dfstab","description":"Das beste Solarzellenfeld-Streugel\u00e4nde f\u00fcr deine Sci-Fi-Tabletop-Spiele im 28mm-Ma\u00dfstab. Schaffe spannende Szenarien und Herausforderungen mit diesem futuristischen Gel\u00e4ndest\u00fcck.","robots":{"index":"index","follow":"follow","max-snippet":"max-snippet:-1","max-image-preview":"max-image-preview:large","max-video-preview":"max-video-preview:-1"},"canonical":"https:\/\/3dvikingsstore.com\/de\/shop\/solarpanel-sci-fi-scatter-terrain-28mm-massstab\/","og_locale":"de_DE","og_type":"article","og_title":"Solarpanel Sci-Fi Scatter Terrain 28mm Ma\u00dfstab","og_description":"Das beste Solarzellenfeld-Streugel\u00e4nde f\u00fcr deine Sci-Fi-Tabletop-Spiele im 28mm-Ma\u00dfstab. Schaffe spannende Szenarien und Herausforderungen mit diesem futuristischen Gel\u00e4ndest\u00fcck.","og_url":"https:\/\/3dvikingsstore.com\/de\/shop\/solarpanel-sci-fi-scatter-terrain-28mm-massstab\/","og_site_name":"3D Vikings Store","article_modified_time":"2024-01-30T17:07:29+00:00","og_image":[{"width":1588,"height":1191,"url":"https:\/\/3dvikingsstore.com\/wp-content\/uploads\/2020\/03\/il_1588xN.1990791561_dx9h.jpg","type":"image\/jpeg"}],"twitter_card":"summary_large_image","twitter_misc":{"Gesch\u00e4tzte Lesezeit":"1\u00a0Minute"},"schema":{"@context":"https:\/\/schema.org","@graph":[{"@type":["WebPage","ItemPage"],"@id":"https:\/\/3dvikingsstore.com\/de\/shop\/solarpanel-sci-fi-scatter-terrain-28mm-massstab\/","url":"https:\/\/3dvikingsstore.com\/de\/shop\/solarpanel-sci-fi-scatter-terrain-28mm-massstab\/","name":"Solarpanel Sci-Fi Scatter Terrain 28mm Ma\u00dfstab","isPartOf":{"@id":"https:\/\/3dvikingsstore.com\/de\/#website"},"primaryImageOfPage":{"@id":"https:\/\/3dvikingsstore.com\/de\/shop\/solarpanel-sci-fi-scatter-terrain-28mm-massstab\/#primaryimage"},"image":{"@id":"https:\/\/3dvikingsstore.com\/de\/shop\/solarpanel-sci-fi-scatter-terrain-28mm-massstab\/#primaryimage"},"thumbnailUrl":"https:\/\/3dvikingsstore.com\/wp-content\/uploads\/2020\/03\/il_1588xN.1990791561_dx9h.jpg","datePublished":"2020-03-01T00:58:04+00:00","dateModified":"2024-01-30T17:07:29+00:00","description":"Das beste Solarzellenfeld-Streugel\u00e4nde f\u00fcr deine Sci-Fi-Tabletop-Spiele im 28mm-Ma\u00dfstab. Schaffe spannende Szenarien und Herausforderungen mit diesem futuristischen Gel\u00e4ndest\u00fcck.","breadcrumb":{"@id":"https:\/\/3dvikingsstore.com\/de\/shop\/solarpanel-sci-fi-scatter-terrain-28mm-massstab\/#breadcrumb"},"inLanguage":"de","potentialAction":[{"@type":"ReadAction","target":["https:\/\/3dvikingsstore.com\/de\/shop\/solarpanel-sci-fi-scatter-terrain-28mm-massstab\/"]}]},{"@type":"ImageObject","inLanguage":"de","@id":"https:\/\/3dvikingsstore.com\/de\/shop\/solarpanel-sci-fi-scatter-terrain-28mm-massstab\/#primaryimage","url":"https:\/\/3dvikingsstore.com\/wp-content\/uploads\/2020\/03\/il_1588xN.1990791561_dx9h.jpg","contentUrl":"https:\/\/3dvikingsstore.com\/wp-content\/uploads\/2020\/03\/il_1588xN.1990791561_dx9h.jpg","width":1588,"height":1191,"caption":"sci fi solar array"},{"@type":"BreadcrumbList","@id":"https:\/\/3dvikingsstore.com\/de\/shop\/solarpanel-sci-fi-scatter-terrain-28mm-massstab\/#breadcrumb","itemListElement":[{"@type":"ListItem","position":1,"name":"Home","item":"https:\/\/3dvikingsstore.com\/de\/"},{"@type":"ListItem","position":2,"name":"Gesch\u00e4ft","item":"https:\/\/3dvikingsstore.com\/shop\/"},{"@type":"ListItem","position":3,"name":"Solarpanel Sci-Fi Scatter Terrain 28mm Ma\u00dfstab"}]},{"@type":"WebSite","@id":"https:\/\/3dvikingsstore.com\/de\/#website","url":"https:\/\/3dvikingsstore.com\/de\/","name":"3D Vikings Store","description":"Scenery and Accessories for Tabletop and Board Games","publisher":{"@id":"https:\/\/3dvikingsstore.com\/de\/#organization"},"potentialAction":[{"@type":"SearchAction","target":{"@type":"EntryPoint","urlTemplate":"https:\/\/3dvikingsstore.com\/de\/?s={search_term_string}"},"query-input":"required name=search_term_string"}],"inLanguage":"de"},{"@type":"Organization","@id":"https:\/\/3dvikingsstore.com\/de\/#organization","name":"3D Vikings Store","url":"https:\/\/3dvikingsstore.com\/de\/","logo":{"@type":"ImageObject","inLanguage":"de","@id":"https:\/\/3dvikingsstore.com\/de\/#\/schema\/logo\/image\/","url":"https:\/\/3dvikingsstore.com\/wp-content\/uploads\/2020\/03\/3dvikings-logo-karge-white.jpg","contentUrl":"https:\/\/3dvikingsstore.com\/wp-content\/uploads\/2020\/03\/3dvikings-logo-karge-white.jpg","width":800,"height":800,"caption":"3D Vikings Store"},"image":{"@id":"https:\/\/3dvikingsstore.com\/de\/#\/schema\/logo\/image\/"}}]}},"_links":{"self":[{"href":"https:\/\/3dvikingsstore.com\/de\/wp-json\/wp\/v2\/product\/16525"}],"collection":[{"href":"https:\/\/3dvikingsstore.com\/de\/wp-json\/wp\/v2\/product"}],"about":[{"href":"https:\/\/3dvikingsstore.com\/de\/wp-json\/wp\/v2\/types\/product"}],"replies":[{"embeddable":true,"href":"https:\/\/3dvikingsstore.com\/de\/wp-json\/wp\/v2\/comments?post=16525"}],"version-history":[{"count":0,"href":"https:\/\/3dvikingsstore.com\/de\/wp-json\/wp\/v2\/product\/16525\/revisions"}],"wp:featuredmedia":[{"embeddable":true,"href":"https:\/\/3dvikingsstore.com\/de\/wp-json\/wp\/v2\/media\/14068"}],"wp:attachment":[{"href":"https:\/\/3dvikingsstore.com\/de\/wp-json\/wp\/v2\/media?parent=16525"}],"wp:term":[{"taxonomy":"product_cat","embeddable":true,"href":"https:\/\/3dvikingsstore.com\/de\/wp-json\/wp\/v2\/product_cat?post=16525"},{"taxonomy":"product_tag","embeddable":true,"href":"https:\/\/3dvikingsstore.com\/de\/wp-json\/wp\/v2\/product_tag?post=16525"}],"curies":[{"name":"wp","href":"https:\/\/api.w.org\/{rel}","templated":true}]}}