{"id":16519,"date":"2020-03-01T02:58:28","date_gmt":"2020-03-01T00:58:28","guid":{"rendered":"https:\/\/3dvikingsstore.com\/shop\/mineralienextraktor-sci-fi-scatter-terrain-28mm-32mm-massstab\/"},"modified":"2024-02-19T20:08:59","modified_gmt":"2024-02-19T18:08:59","slug":"mineralienextraktor-sci-fi-scatter-terrain-28mm-32mm-massstab","status":"publish","type":"product","link":"https:\/\/3dvikingsstore.com\/de\/shop\/mineralienextraktor-sci-fi-scatter-terrain-28mm-32mm-massstab\/","title":{"rendered":"Mineralienextraktor Sci-Fi Scatter Terrain 28mm &#8211; 32mm Ma\u00dfstab"},"content":{"rendered":"<p>? Die automatisierten Mineralienextraktoren sind hochentwickelte Maschinen, die wertvolle Mineralien von der Planetenoberfl\u00e4che ernten. Sie arbeiten in Gruppen, bohren und graben nach Rohstoffen, die f\u00fcr den Bau und die Erweiterung des Au\u00dfenpostens unerl\u00e4sslich sind. Sie sind mit Sensoren und Scannern ausgestattet, die die profitabelsten Stellen f\u00fcr den Abbau aufsp\u00fcren.<\/p>\n<p>Der automatische Mineralienextraktor ist ein perfektes St\u00fcck f\u00fcr Ihre Sci-Fi Scatter Terrain Sammlung. Es ist ein einteiliges Design, das keine Montage erfordert. Es ist leicht zu bemalen und hat viele Details und Texturen, die es realistisch aussehen lassen. Er steht 98 mm hoch auf dem felsigen Sockel, mit dem Sie verschiedene Ebenen und Erh\u00f6hungen auf Ihrem Gel\u00e4nde schaffen k\u00f6nnen. Wenn Sie ihn im richtigen Winkel aufstellen, kann er Ihren Einheiten auch leichten Schutz bieten. Es sieht auf jeder Planetenoberfl\u00e4che gro\u00dfartig aus, besonders auf felsigem oder w\u00fcstenartigem Terrain.<\/p>\n<p>Gesamtgr\u00f6\u00dfe &#8211; 145 x 138 x 98 (mm)<\/p>\n<p>Wird unbemalt geliefert.<\/p>\n<p>Er wird mit PLA gedruckt, einem der umweltfreundlichsten Filamente, die es derzeit auf dem Markt gibt. PLA wird aus Pflanzen wie Mais und Zuckerrohr gewonnen, ist erneuerbar und vor allem biologisch abbaubar und ungiftig. Die damit bedruckten Gegenst\u00e4nde sind haltbar und stabil.<\/p>\n","protected":false},"excerpt":{"rendered":"<p>Die Automated Mineral Extractors sind fortschrittliche Maschinen, die die wertvollen Mineralien von der Planetenoberfl\u00e4che abbauen. Sie arbeiten in Gruppen, bohren und graben nach Rohstoffen, die f\u00fcr den Bau und die Erweiterung des Au\u00dfenpostens unerl\u00e4sslich sind. Sie sind mit Sensoren und Scannern ausgestattet, die die profitabelsten Stellen f\u00fcr den Abbau aufsp\u00fcren.<\/p>\n","protected":false},"featured_media":14424,"comment_status":"open","ping_status":"closed","template":"","meta":[],"product_cat":[2732,2717],"product_tag":[2734,2733,2804,2806,2915,2803,2809,2808,2752,2736,2805,2678,2735],"yoast_head":"<!-- This site is optimized with the Yoast SEO Premium plugin v22.9 (Yoast SEO v22.9) - https:\/\/yoast.com\/wordpress\/plugins\/seo\/ -->\n<title>Mineralienextraktor Sci-Fi Scatter Terrain 28mm - 32mm Ma\u00dfstab<\/title>\n<meta name=\"description\" content=\"Der automatische Mineralienextraktor ist ein perfektes St\u00fcck f\u00fcr Ihre Sci-Fi Scatter Terrain Sammlung. Es ist ein einteiliges Design. Erfordert keine Montage.\" \/>\n<meta name=\"robots\" content=\"index, follow, max-snippet:-1, max-image-preview:large, max-video-preview:-1\" \/>\n<link rel=\"canonical\" href=\"https:\/\/3dvikingsstore.com\/de\/shop\/mineralienextraktor-sci-fi-scatter-terrain-28mm-32mm-massstab\/\" \/>\n<meta property=\"og:locale\" content=\"de_DE\" \/>\n<meta property=\"og:type\" content=\"article\" \/>\n<meta property=\"og:title\" content=\"Mineralienextraktor Sci-Fi Scatter Terrain 28mm - 32mm Ma\u00dfstab\" \/>\n<meta property=\"og:description\" content=\"Der automatische Mineralienextraktor ist ein perfektes St\u00fcck f\u00fcr Ihre Sci-Fi Scatter Terrain Sammlung. Es ist ein einteiliges Design. Erfordert keine Montage.\" \/>\n<meta property=\"og:url\" content=\"https:\/\/3dvikingsstore.com\/de\/shop\/mineralienextraktor-sci-fi-scatter-terrain-28mm-32mm-massstab\/\" \/>\n<meta property=\"og:site_name\" content=\"3D Vikings Store\" \/>\n<meta property=\"article:modified_time\" content=\"2024-02-19T18:08:59+00:00\" \/>\n<meta property=\"og:image\" content=\"https:\/\/3dvikingsstore.com\/wp-content\/uploads\/2020\/03\/il_794xN.1983744767_8k3e.jpg\" \/>\n\t<meta property=\"og:image:width\" content=\"794\" \/>\n\t<meta property=\"og:image:height\" content=\"595\" \/>\n\t<meta property=\"og:image:type\" content=\"image\/jpeg\" \/>\n<meta name=\"twitter:card\" content=\"summary_large_image\" \/>\n<meta name=\"twitter:label1\" content=\"Gesch\u00e4tzte Lesezeit\" \/>\n\t<meta name=\"twitter:data1\" content=\"2\u00a0Minuten\" \/>\n<script type=\"application\/ld+json\" class=\"yoast-schema-graph\">{\"@context\":\"https:\/\/schema.org\",\"@graph\":[{\"@type\":[\"WebPage\",\"ItemPage\"],\"@id\":\"https:\/\/3dvikingsstore.com\/de\/shop\/mineralienextraktor-sci-fi-scatter-terrain-28mm-32mm-massstab\/\",\"url\":\"https:\/\/3dvikingsstore.com\/de\/shop\/mineralienextraktor-sci-fi-scatter-terrain-28mm-32mm-massstab\/\",\"name\":\"Mineralienextraktor Sci-Fi Scatter Terrain 28mm - 32mm Ma\u00dfstab\",\"isPartOf\":{\"@id\":\"https:\/\/3dvikingsstore.com\/de\/#website\"},\"primaryImageOfPage\":{\"@id\":\"https:\/\/3dvikingsstore.com\/de\/shop\/mineralienextraktor-sci-fi-scatter-terrain-28mm-32mm-massstab\/#primaryimage\"},\"image\":{\"@id\":\"https:\/\/3dvikingsstore.com\/de\/shop\/mineralienextraktor-sci-fi-scatter-terrain-28mm-32mm-massstab\/#primaryimage\"},\"thumbnailUrl\":\"https:\/\/3dvikingsstore.com\/wp-content\/uploads\/2020\/03\/il_794xN.1983744767_8k3e.jpg\",\"datePublished\":\"2020-03-01T00:58:28+00:00\",\"dateModified\":\"2024-02-19T18:08:59+00:00\",\"description\":\"Der automatische Mineralienextraktor ist ein perfektes St\u00fcck f\u00fcr Ihre Sci-Fi Scatter Terrain Sammlung. Es ist ein einteiliges Design. Erfordert keine Montage.\",\"breadcrumb\":{\"@id\":\"https:\/\/3dvikingsstore.com\/de\/shop\/mineralienextraktor-sci-fi-scatter-terrain-28mm-32mm-massstab\/#breadcrumb\"},\"inLanguage\":\"de\",\"potentialAction\":[{\"@type\":\"ReadAction\",\"target\":[\"https:\/\/3dvikingsstore.com\/de\/shop\/mineralienextraktor-sci-fi-scatter-terrain-28mm-32mm-massstab\/\"]}]},{\"@type\":\"ImageObject\",\"inLanguage\":\"de\",\"@id\":\"https:\/\/3dvikingsstore.com\/de\/shop\/mineralienextraktor-sci-fi-scatter-terrain-28mm-32mm-massstab\/#primaryimage\",\"url\":\"https:\/\/3dvikingsstore.com\/wp-content\/uploads\/2020\/03\/il_794xN.1983744767_8k3e.jpg\",\"contentUrl\":\"https:\/\/3dvikingsstore.com\/wp-content\/uploads\/2020\/03\/il_794xN.1983744767_8k3e.jpg\",\"width\":794,\"height\":595},{\"@type\":\"BreadcrumbList\",\"@id\":\"https:\/\/3dvikingsstore.com\/de\/shop\/mineralienextraktor-sci-fi-scatter-terrain-28mm-32mm-massstab\/#breadcrumb\",\"itemListElement\":[{\"@type\":\"ListItem\",\"position\":1,\"name\":\"Home\",\"item\":\"https:\/\/3dvikingsstore.com\/de\/\"},{\"@type\":\"ListItem\",\"position\":2,\"name\":\"Gesch\u00e4ft\",\"item\":\"https:\/\/3dvikingsstore.com\/shop\/\"},{\"@type\":\"ListItem\",\"position\":3,\"name\":\"Mineralienextraktor Sci-Fi Scatter Terrain 28mm &#8211; 32mm Ma\u00dfstab\"}]},{\"@type\":\"WebSite\",\"@id\":\"https:\/\/3dvikingsstore.com\/de\/#website\",\"url\":\"https:\/\/3dvikingsstore.com\/de\/\",\"name\":\"3D Vikings Store\",\"description\":\"Scenery and Accessories for Tabletop and Board Games\",\"publisher\":{\"@id\":\"https:\/\/3dvikingsstore.com\/de\/#organization\"},\"potentialAction\":[{\"@type\":\"SearchAction\",\"target\":{\"@type\":\"EntryPoint\",\"urlTemplate\":\"https:\/\/3dvikingsstore.com\/de\/?s={search_term_string}\"},\"query-input\":\"required name=search_term_string\"}],\"inLanguage\":\"de\"},{\"@type\":\"Organization\",\"@id\":\"https:\/\/3dvikingsstore.com\/de\/#organization\",\"name\":\"3D Vikings Store\",\"url\":\"https:\/\/3dvikingsstore.com\/de\/\",\"logo\":{\"@type\":\"ImageObject\",\"inLanguage\":\"de\",\"@id\":\"https:\/\/3dvikingsstore.com\/de\/#\/schema\/logo\/image\/\",\"url\":\"https:\/\/3dvikingsstore.com\/wp-content\/uploads\/2020\/03\/3dvikings-logo-karge-white.jpg\",\"contentUrl\":\"https:\/\/3dvikingsstore.com\/wp-content\/uploads\/2020\/03\/3dvikings-logo-karge-white.jpg\",\"width\":800,\"height\":800,\"caption\":\"3D Vikings Store\"},\"image\":{\"@id\":\"https:\/\/3dvikingsstore.com\/de\/#\/schema\/logo\/image\/\"}}]}<\/script>\n<!-- \/ Yoast SEO Premium plugin. -->","yoast_head_json":{"title":"Mineralienextraktor Sci-Fi Scatter Terrain 28mm - 32mm Ma\u00dfstab","description":"Der automatische Mineralienextraktor ist ein perfektes St\u00fcck f\u00fcr Ihre Sci-Fi Scatter Terrain Sammlung. Es ist ein einteiliges Design. Erfordert keine Montage.","robots":{"index":"index","follow":"follow","max-snippet":"max-snippet:-1","max-image-preview":"max-image-preview:large","max-video-preview":"max-video-preview:-1"},"canonical":"https:\/\/3dvikingsstore.com\/de\/shop\/mineralienextraktor-sci-fi-scatter-terrain-28mm-32mm-massstab\/","og_locale":"de_DE","og_type":"article","og_title":"Mineralienextraktor Sci-Fi Scatter Terrain 28mm - 32mm Ma\u00dfstab","og_description":"Der automatische Mineralienextraktor ist ein perfektes St\u00fcck f\u00fcr Ihre Sci-Fi Scatter Terrain Sammlung. Es ist ein einteiliges Design. Erfordert keine Montage.","og_url":"https:\/\/3dvikingsstore.com\/de\/shop\/mineralienextraktor-sci-fi-scatter-terrain-28mm-32mm-massstab\/","og_site_name":"3D Vikings Store","article_modified_time":"2024-02-19T18:08:59+00:00","og_image":[{"width":794,"height":595,"url":"https:\/\/3dvikingsstore.com\/wp-content\/uploads\/2020\/03\/il_794xN.1983744767_8k3e.jpg","type":"image\/jpeg"}],"twitter_card":"summary_large_image","twitter_misc":{"Gesch\u00e4tzte Lesezeit":"2\u00a0Minuten"},"schema":{"@context":"https:\/\/schema.org","@graph":[{"@type":["WebPage","ItemPage"],"@id":"https:\/\/3dvikingsstore.com\/de\/shop\/mineralienextraktor-sci-fi-scatter-terrain-28mm-32mm-massstab\/","url":"https:\/\/3dvikingsstore.com\/de\/shop\/mineralienextraktor-sci-fi-scatter-terrain-28mm-32mm-massstab\/","name":"Mineralienextraktor Sci-Fi Scatter Terrain 28mm - 32mm Ma\u00dfstab","isPartOf":{"@id":"https:\/\/3dvikingsstore.com\/de\/#website"},"primaryImageOfPage":{"@id":"https:\/\/3dvikingsstore.com\/de\/shop\/mineralienextraktor-sci-fi-scatter-terrain-28mm-32mm-massstab\/#primaryimage"},"image":{"@id":"https:\/\/3dvikingsstore.com\/de\/shop\/mineralienextraktor-sci-fi-scatter-terrain-28mm-32mm-massstab\/#primaryimage"},"thumbnailUrl":"https:\/\/3dvikingsstore.com\/wp-content\/uploads\/2020\/03\/il_794xN.1983744767_8k3e.jpg","datePublished":"2020-03-01T00:58:28+00:00","dateModified":"2024-02-19T18:08:59+00:00","description":"Der automatische Mineralienextraktor ist ein perfektes St\u00fcck f\u00fcr Ihre Sci-Fi Scatter Terrain Sammlung. Es ist ein einteiliges Design. Erfordert keine Montage.","breadcrumb":{"@id":"https:\/\/3dvikingsstore.com\/de\/shop\/mineralienextraktor-sci-fi-scatter-terrain-28mm-32mm-massstab\/#breadcrumb"},"inLanguage":"de","potentialAction":[{"@type":"ReadAction","target":["https:\/\/3dvikingsstore.com\/de\/shop\/mineralienextraktor-sci-fi-scatter-terrain-28mm-32mm-massstab\/"]}]},{"@type":"ImageObject","inLanguage":"de","@id":"https:\/\/3dvikingsstore.com\/de\/shop\/mineralienextraktor-sci-fi-scatter-terrain-28mm-32mm-massstab\/#primaryimage","url":"https:\/\/3dvikingsstore.com\/wp-content\/uploads\/2020\/03\/il_794xN.1983744767_8k3e.jpg","contentUrl":"https:\/\/3dvikingsstore.com\/wp-content\/uploads\/2020\/03\/il_794xN.1983744767_8k3e.jpg","width":794,"height":595},{"@type":"BreadcrumbList","@id":"https:\/\/3dvikingsstore.com\/de\/shop\/mineralienextraktor-sci-fi-scatter-terrain-28mm-32mm-massstab\/#breadcrumb","itemListElement":[{"@type":"ListItem","position":1,"name":"Home","item":"https:\/\/3dvikingsstore.com\/de\/"},{"@type":"ListItem","position":2,"name":"Gesch\u00e4ft","item":"https:\/\/3dvikingsstore.com\/shop\/"},{"@type":"ListItem","position":3,"name":"Mineralienextraktor Sci-Fi Scatter Terrain 28mm &#8211; 32mm Ma\u00dfstab"}]},{"@type":"WebSite","@id":"https:\/\/3dvikingsstore.com\/de\/#website","url":"https:\/\/3dvikingsstore.com\/de\/","name":"3D Vikings Store","description":"Scenery and Accessories for Tabletop and Board Games","publisher":{"@id":"https:\/\/3dvikingsstore.com\/de\/#organization"},"potentialAction":[{"@type":"SearchAction","target":{"@type":"EntryPoint","urlTemplate":"https:\/\/3dvikingsstore.com\/de\/?s={search_term_string}"},"query-input":"required name=search_term_string"}],"inLanguage":"de"},{"@type":"Organization","@id":"https:\/\/3dvikingsstore.com\/de\/#organization","name":"3D Vikings Store","url":"https:\/\/3dvikingsstore.com\/de\/","logo":{"@type":"ImageObject","inLanguage":"de","@id":"https:\/\/3dvikingsstore.com\/de\/#\/schema\/logo\/image\/","url":"https:\/\/3dvikingsstore.com\/wp-content\/uploads\/2020\/03\/3dvikings-logo-karge-white.jpg","contentUrl":"https:\/\/3dvikingsstore.com\/wp-content\/uploads\/2020\/03\/3dvikings-logo-karge-white.jpg","width":800,"height":800,"caption":"3D Vikings Store"},"image":{"@id":"https:\/\/3dvikingsstore.com\/de\/#\/schema\/logo\/image\/"}}]}},"_links":{"self":[{"href":"https:\/\/3dvikingsstore.com\/de\/wp-json\/wp\/v2\/product\/16519"}],"collection":[{"href":"https:\/\/3dvikingsstore.com\/de\/wp-json\/wp\/v2\/product"}],"about":[{"href":"https:\/\/3dvikingsstore.com\/de\/wp-json\/wp\/v2\/types\/product"}],"replies":[{"embeddable":true,"href":"https:\/\/3dvikingsstore.com\/de\/wp-json\/wp\/v2\/comments?post=16519"}],"version-history":[{"count":1,"href":"https:\/\/3dvikingsstore.com\/de\/wp-json\/wp\/v2\/product\/16519\/revisions"}],"predecessor-version":[{"id":18197,"href":"https:\/\/3dvikingsstore.com\/de\/wp-json\/wp\/v2\/product\/16519\/revisions\/18197"}],"wp:featuredmedia":[{"embeddable":true,"href":"https:\/\/3dvikingsstore.com\/de\/wp-json\/wp\/v2\/media\/14424"}],"wp:attachment":[{"href":"https:\/\/3dvikingsstore.com\/de\/wp-json\/wp\/v2\/media?parent=16519"}],"wp:term":[{"taxonomy":"product_cat","embeddable":true,"href":"https:\/\/3dvikingsstore.com\/de\/wp-json\/wp\/v2\/product_cat?post=16519"},{"taxonomy":"product_tag","embeddable":true,"href":"https:\/\/3dvikingsstore.com\/de\/wp-json\/wp\/v2\/product_tag?post=16519"}],"curies":[{"name":"wp","href":"https:\/\/api.w.org\/{rel}","templated":true}]}}