{"id":16513,"date":"2020-03-01T02:58:04","date_gmt":"2020-03-01T00:58:04","guid":{"rendered":"https:\/\/3dvikingsstore.com\/shop\/generator-sci-fi-streugelaende-28mm-massstab\/"},"modified":"2024-01-30T11:35:26","modified_gmt":"2024-01-30T09:35:26","slug":"generator-sci-fi-streugelaende-28mm-massstab","status":"publish","type":"product","link":"https:\/\/3dvikingsstore.com\/de\/shop\/generator-sci-fi-streugelaende-28mm-massstab\/","title":{"rendered":"Generator &#8211; Sci Fi Streugel\u00e4nde 28mm Ma\u00dfstab"},"content":{"rendered":"<p>? <strong>Galaktischer Stromgenerator. <\/strong>Dieser <strong>galaktische Stromgenerator<\/strong> ist eine vielseitige und zuverl\u00e4ssige Maschine, die mechanische Energie in Elektrizit\u00e4t f\u00fcr verschiedene Zwecke umwandelt. Ganz gleich, ob Sie einen kleinen Au\u00dfenposten auf einem abgelegenen Planeten, ein riesiges Raumschiff oder ein milit\u00e4risches Verteidigungssystem mit Strom versorgen m\u00fcssen, dieser Generator ist f\u00fcr alles geeignet.<\/p>\n<p>Dieser Generator ist aus einem <strong>St\u00fcck gefertigt<\/strong> und daher einfach zu installieren und zu warten. Es verf\u00fcgt \u00fcber ein robustes und elegantes Metallgeh\u00e4use, das die internen Komponenten vor Besch\u00e4digung und Korrosion sch\u00fctzt. Der Generator verf\u00fcgt au\u00dferdem \u00fcber ein <strong>eingebautes K\u00fchlsystem<\/strong>, das eine \u00dcberhitzung verhindert und eine optimale Leistung gew\u00e4hrleistet.<\/p>\n<p>Aufgrund ihrer Gr\u00f6\u00dfe eignen sich diese Generatoren hervorragend als <strong>28-mm-Sci-Fi-Gel\u00e4ndeabdeckung<\/strong> f\u00fcr Truppen in Kampfsituationen. Sie bieten Schutz vor feindlichem Beschuss und dienen auch als Stromquelle f\u00fcr Waffen und Ausr\u00fcstung. Sie sehen gro\u00dfartig aus, wenn einige von ihnen aneinandergereiht oder in Vierer-Gittern angeordnet sind, wodurch eine futuristische und industrielle \u00c4sthetik entsteht.<\/p>\n<p>Gesamtgr\u00f6\u00dfe &#8211; 138 x 152 x 70 mm<\/p>\n<p>Wird unlackiert geliefert, kann aber mit Ihren eigenen Farben und Aufklebern angepasst werden.<\/p>\n<p>Bestellen Sie Ihr Exemplar noch heute und genie\u00dfen Sie die Vorteile eines <strong>galaktischen Stromgenerators<\/strong>, der Ihnen zur Verf\u00fcgung steht!<\/p>\n<p>Er wird mit PLA gedruckt, einem der umweltfreundlichsten Filamente, die es derzeit auf dem Markt gibt. PLA wird aus Pflanzen wie Mais und Zuckerrohr gewonnen, ist erneuerbar und vor allem biologisch abbaubar und ungiftig. Die damit bedruckten Gegenst\u00e4nde sind haltbar und stabil.<\/p>\n<p>\u00a9\ufe0f Das Modell wurde uns von Dragons Rest als offiziell lizenziertem Verk\u00e4ufer zur Verf\u00fcgung gestellt. Bitte besuchen Sie https:\/\/dragons.rest f\u00fcr die Quelldateien. Wir sind in der Lage, ALLE von Drachenruhe entworfenen Modelle zu drucken. Bitte kontaktieren Sie uns f\u00fcr Anfragen zu einem der Designs und wir werden das Produkt f\u00fcr Sie hinzuf\u00fcgen!<\/p>\n","protected":false},"excerpt":{"rendered":"<p>Perfekt f\u00fcr Warhammer 40k Terrain, Star Wars Legion Szenerie.<\/p>\n","protected":false},"featured_media":14071,"comment_status":"open","ping_status":"closed","template":"","meta":[],"product_cat":[2732,2717],"product_tag":[2910,2908,2913,2734,2733,2914,2804,2909,2807,2806,2803,2809,2808,2752,2911,2912,2736,2805,2907,2678,2735],"yoast_head":"<!-- This site is optimized with the Yoast SEO Premium plugin v22.9 (Yoast SEO v22.9) - https:\/\/yoast.com\/wordpress\/plugins\/seo\/ -->\n<title>Generator - Sci Fi Streugel\u00e4nde 28mm Ma\u00dfstab<\/title>\n<meta name=\"description\" content=\"Aufgrund ihrer Gr\u00f6\u00dfe eignen sich diese Generatoren hervorragend als 28-mm-Sci-Fi-Gel\u00e4ndeabdeckung f\u00fcr Truppen in Kampfsituationen.\" \/>\n<meta name=\"robots\" content=\"index, follow, max-snippet:-1, max-image-preview:large, max-video-preview:-1\" \/>\n<link rel=\"canonical\" href=\"https:\/\/3dvikingsstore.com\/de\/shop\/generator-sci-fi-streugelaende-28mm-massstab\/\" \/>\n<meta property=\"og:locale\" content=\"de_DE\" \/>\n<meta property=\"og:type\" content=\"article\" \/>\n<meta property=\"og:title\" content=\"Generator - Sci Fi Streugel\u00e4nde 28mm Ma\u00dfstab\" \/>\n<meta property=\"og:description\" content=\"Aufgrund ihrer Gr\u00f6\u00dfe eignen sich diese Generatoren hervorragend als 28-mm-Sci-Fi-Gel\u00e4ndeabdeckung f\u00fcr Truppen in Kampfsituationen.\" \/>\n<meta property=\"og:url\" content=\"https:\/\/3dvikingsstore.com\/de\/shop\/generator-sci-fi-streugelaende-28mm-massstab\/\" \/>\n<meta property=\"og:site_name\" content=\"3D Vikings Store\" \/>\n<meta property=\"article:modified_time\" content=\"2024-01-30T09:35:26+00:00\" \/>\n<meta property=\"og:image\" content=\"https:\/\/3dvikingsstore.com\/wp-content\/uploads\/2020\/03\/il_794xN.1990513473_lt5i.jpg\" \/>\n\t<meta property=\"og:image:width\" content=\"794\" \/>\n\t<meta property=\"og:image:height\" content=\"596\" \/>\n\t<meta property=\"og:image:type\" content=\"image\/jpeg\" \/>\n<meta name=\"twitter:card\" content=\"summary_large_image\" \/>\n<meta name=\"twitter:label1\" content=\"Gesch\u00e4tzte Lesezeit\" \/>\n\t<meta name=\"twitter:data1\" content=\"2\u00a0Minuten\" \/>\n<script type=\"application\/ld+json\" class=\"yoast-schema-graph\">{\"@context\":\"https:\/\/schema.org\",\"@graph\":[{\"@type\":[\"WebPage\",\"ItemPage\"],\"@id\":\"https:\/\/3dvikingsstore.com\/de\/shop\/generator-sci-fi-streugelaende-28mm-massstab\/\",\"url\":\"https:\/\/3dvikingsstore.com\/de\/shop\/generator-sci-fi-streugelaende-28mm-massstab\/\",\"name\":\"Generator - Sci Fi Streugel\u00e4nde 28mm Ma\u00dfstab\",\"isPartOf\":{\"@id\":\"https:\/\/3dvikingsstore.com\/de\/#website\"},\"primaryImageOfPage\":{\"@id\":\"https:\/\/3dvikingsstore.com\/de\/shop\/generator-sci-fi-streugelaende-28mm-massstab\/#primaryimage\"},\"image\":{\"@id\":\"https:\/\/3dvikingsstore.com\/de\/shop\/generator-sci-fi-streugelaende-28mm-massstab\/#primaryimage\"},\"thumbnailUrl\":\"https:\/\/3dvikingsstore.com\/wp-content\/uploads\/2020\/03\/il_794xN.1990513473_lt5i.jpg\",\"datePublished\":\"2020-03-01T00:58:04+00:00\",\"dateModified\":\"2024-01-30T09:35:26+00:00\",\"description\":\"Aufgrund ihrer Gr\u00f6\u00dfe eignen sich diese Generatoren hervorragend als 28-mm-Sci-Fi-Gel\u00e4ndeabdeckung f\u00fcr Truppen in Kampfsituationen.\",\"breadcrumb\":{\"@id\":\"https:\/\/3dvikingsstore.com\/de\/shop\/generator-sci-fi-streugelaende-28mm-massstab\/#breadcrumb\"},\"inLanguage\":\"de\",\"potentialAction\":[{\"@type\":\"ReadAction\",\"target\":[\"https:\/\/3dvikingsstore.com\/de\/shop\/generator-sci-fi-streugelaende-28mm-massstab\/\"]}]},{\"@type\":\"ImageObject\",\"inLanguage\":\"de\",\"@id\":\"https:\/\/3dvikingsstore.com\/de\/shop\/generator-sci-fi-streugelaende-28mm-massstab\/#primaryimage\",\"url\":\"https:\/\/3dvikingsstore.com\/wp-content\/uploads\/2020\/03\/il_794xN.1990513473_lt5i.jpg\",\"contentUrl\":\"https:\/\/3dvikingsstore.com\/wp-content\/uploads\/2020\/03\/il_794xN.1990513473_lt5i.jpg\",\"width\":794,\"height\":596},{\"@type\":\"BreadcrumbList\",\"@id\":\"https:\/\/3dvikingsstore.com\/de\/shop\/generator-sci-fi-streugelaende-28mm-massstab\/#breadcrumb\",\"itemListElement\":[{\"@type\":\"ListItem\",\"position\":1,\"name\":\"Home\",\"item\":\"https:\/\/3dvikingsstore.com\/de\/\"},{\"@type\":\"ListItem\",\"position\":2,\"name\":\"Gesch\u00e4ft\",\"item\":\"https:\/\/3dvikingsstore.com\/shop\/\"},{\"@type\":\"ListItem\",\"position\":3,\"name\":\"Generator &#8211; Sci Fi Streugel\u00e4nde 28mm Ma\u00dfstab\"}]},{\"@type\":\"WebSite\",\"@id\":\"https:\/\/3dvikingsstore.com\/de\/#website\",\"url\":\"https:\/\/3dvikingsstore.com\/de\/\",\"name\":\"3D Vikings Store\",\"description\":\"Scenery and Accessories for Tabletop and Board Games\",\"publisher\":{\"@id\":\"https:\/\/3dvikingsstore.com\/de\/#organization\"},\"potentialAction\":[{\"@type\":\"SearchAction\",\"target\":{\"@type\":\"EntryPoint\",\"urlTemplate\":\"https:\/\/3dvikingsstore.com\/de\/?s={search_term_string}\"},\"query-input\":\"required name=search_term_string\"}],\"inLanguage\":\"de\"},{\"@type\":\"Organization\",\"@id\":\"https:\/\/3dvikingsstore.com\/de\/#organization\",\"name\":\"3D Vikings Store\",\"url\":\"https:\/\/3dvikingsstore.com\/de\/\",\"logo\":{\"@type\":\"ImageObject\",\"inLanguage\":\"de\",\"@id\":\"https:\/\/3dvikingsstore.com\/de\/#\/schema\/logo\/image\/\",\"url\":\"https:\/\/3dvikingsstore.com\/wp-content\/uploads\/2020\/03\/3dvikings-logo-karge-white.jpg\",\"contentUrl\":\"https:\/\/3dvikingsstore.com\/wp-content\/uploads\/2020\/03\/3dvikings-logo-karge-white.jpg\",\"width\":800,\"height\":800,\"caption\":\"3D Vikings Store\"},\"image\":{\"@id\":\"https:\/\/3dvikingsstore.com\/de\/#\/schema\/logo\/image\/\"}}]}<\/script>\n<!-- \/ Yoast SEO Premium plugin. -->","yoast_head_json":{"title":"Generator - Sci Fi Streugel\u00e4nde 28mm Ma\u00dfstab","description":"Aufgrund ihrer Gr\u00f6\u00dfe eignen sich diese Generatoren hervorragend als 28-mm-Sci-Fi-Gel\u00e4ndeabdeckung f\u00fcr Truppen in Kampfsituationen.","robots":{"index":"index","follow":"follow","max-snippet":"max-snippet:-1","max-image-preview":"max-image-preview:large","max-video-preview":"max-video-preview:-1"},"canonical":"https:\/\/3dvikingsstore.com\/de\/shop\/generator-sci-fi-streugelaende-28mm-massstab\/","og_locale":"de_DE","og_type":"article","og_title":"Generator - Sci Fi Streugel\u00e4nde 28mm Ma\u00dfstab","og_description":"Aufgrund ihrer Gr\u00f6\u00dfe eignen sich diese Generatoren hervorragend als 28-mm-Sci-Fi-Gel\u00e4ndeabdeckung f\u00fcr Truppen in Kampfsituationen.","og_url":"https:\/\/3dvikingsstore.com\/de\/shop\/generator-sci-fi-streugelaende-28mm-massstab\/","og_site_name":"3D Vikings Store","article_modified_time":"2024-01-30T09:35:26+00:00","og_image":[{"width":794,"height":596,"url":"https:\/\/3dvikingsstore.com\/wp-content\/uploads\/2020\/03\/il_794xN.1990513473_lt5i.jpg","type":"image\/jpeg"}],"twitter_card":"summary_large_image","twitter_misc":{"Gesch\u00e4tzte Lesezeit":"2\u00a0Minuten"},"schema":{"@context":"https:\/\/schema.org","@graph":[{"@type":["WebPage","ItemPage"],"@id":"https:\/\/3dvikingsstore.com\/de\/shop\/generator-sci-fi-streugelaende-28mm-massstab\/","url":"https:\/\/3dvikingsstore.com\/de\/shop\/generator-sci-fi-streugelaende-28mm-massstab\/","name":"Generator - Sci Fi Streugel\u00e4nde 28mm Ma\u00dfstab","isPartOf":{"@id":"https:\/\/3dvikingsstore.com\/de\/#website"},"primaryImageOfPage":{"@id":"https:\/\/3dvikingsstore.com\/de\/shop\/generator-sci-fi-streugelaende-28mm-massstab\/#primaryimage"},"image":{"@id":"https:\/\/3dvikingsstore.com\/de\/shop\/generator-sci-fi-streugelaende-28mm-massstab\/#primaryimage"},"thumbnailUrl":"https:\/\/3dvikingsstore.com\/wp-content\/uploads\/2020\/03\/il_794xN.1990513473_lt5i.jpg","datePublished":"2020-03-01T00:58:04+00:00","dateModified":"2024-01-30T09:35:26+00:00","description":"Aufgrund ihrer Gr\u00f6\u00dfe eignen sich diese Generatoren hervorragend als 28-mm-Sci-Fi-Gel\u00e4ndeabdeckung f\u00fcr Truppen in Kampfsituationen.","breadcrumb":{"@id":"https:\/\/3dvikingsstore.com\/de\/shop\/generator-sci-fi-streugelaende-28mm-massstab\/#breadcrumb"},"inLanguage":"de","potentialAction":[{"@type":"ReadAction","target":["https:\/\/3dvikingsstore.com\/de\/shop\/generator-sci-fi-streugelaende-28mm-massstab\/"]}]},{"@type":"ImageObject","inLanguage":"de","@id":"https:\/\/3dvikingsstore.com\/de\/shop\/generator-sci-fi-streugelaende-28mm-massstab\/#primaryimage","url":"https:\/\/3dvikingsstore.com\/wp-content\/uploads\/2020\/03\/il_794xN.1990513473_lt5i.jpg","contentUrl":"https:\/\/3dvikingsstore.com\/wp-content\/uploads\/2020\/03\/il_794xN.1990513473_lt5i.jpg","width":794,"height":596},{"@type":"BreadcrumbList","@id":"https:\/\/3dvikingsstore.com\/de\/shop\/generator-sci-fi-streugelaende-28mm-massstab\/#breadcrumb","itemListElement":[{"@type":"ListItem","position":1,"name":"Home","item":"https:\/\/3dvikingsstore.com\/de\/"},{"@type":"ListItem","position":2,"name":"Gesch\u00e4ft","item":"https:\/\/3dvikingsstore.com\/shop\/"},{"@type":"ListItem","position":3,"name":"Generator &#8211; Sci Fi Streugel\u00e4nde 28mm Ma\u00dfstab"}]},{"@type":"WebSite","@id":"https:\/\/3dvikingsstore.com\/de\/#website","url":"https:\/\/3dvikingsstore.com\/de\/","name":"3D Vikings Store","description":"Scenery and Accessories for Tabletop and Board Games","publisher":{"@id":"https:\/\/3dvikingsstore.com\/de\/#organization"},"potentialAction":[{"@type":"SearchAction","target":{"@type":"EntryPoint","urlTemplate":"https:\/\/3dvikingsstore.com\/de\/?s={search_term_string}"},"query-input":"required name=search_term_string"}],"inLanguage":"de"},{"@type":"Organization","@id":"https:\/\/3dvikingsstore.com\/de\/#organization","name":"3D Vikings Store","url":"https:\/\/3dvikingsstore.com\/de\/","logo":{"@type":"ImageObject","inLanguage":"de","@id":"https:\/\/3dvikingsstore.com\/de\/#\/schema\/logo\/image\/","url":"https:\/\/3dvikingsstore.com\/wp-content\/uploads\/2020\/03\/3dvikings-logo-karge-white.jpg","contentUrl":"https:\/\/3dvikingsstore.com\/wp-content\/uploads\/2020\/03\/3dvikings-logo-karge-white.jpg","width":800,"height":800,"caption":"3D Vikings Store"},"image":{"@id":"https:\/\/3dvikingsstore.com\/de\/#\/schema\/logo\/image\/"}}]}},"_links":{"self":[{"href":"https:\/\/3dvikingsstore.com\/de\/wp-json\/wp\/v2\/product\/16513"}],"collection":[{"href":"https:\/\/3dvikingsstore.com\/de\/wp-json\/wp\/v2\/product"}],"about":[{"href":"https:\/\/3dvikingsstore.com\/de\/wp-json\/wp\/v2\/types\/product"}],"replies":[{"embeddable":true,"href":"https:\/\/3dvikingsstore.com\/de\/wp-json\/wp\/v2\/comments?post=16513"}],"version-history":[{"count":0,"href":"https:\/\/3dvikingsstore.com\/de\/wp-json\/wp\/v2\/product\/16513\/revisions"}],"wp:featuredmedia":[{"embeddable":true,"href":"https:\/\/3dvikingsstore.com\/de\/wp-json\/wp\/v2\/media\/14071"}],"wp:attachment":[{"href":"https:\/\/3dvikingsstore.com\/de\/wp-json\/wp\/v2\/media?parent=16513"}],"wp:term":[{"taxonomy":"product_cat","embeddable":true,"href":"https:\/\/3dvikingsstore.com\/de\/wp-json\/wp\/v2\/product_cat?post=16513"},{"taxonomy":"product_tag","embeddable":true,"href":"https:\/\/3dvikingsstore.com\/de\/wp-json\/wp\/v2\/product_tag?post=16513"}],"curies":[{"name":"wp","href":"https:\/\/api.w.org\/{rel}","templated":true}]}}