{"id":16491,"date":"2020-03-01T02:57:49","date_gmt":"2020-03-01T00:57:49","guid":{"rendered":"https:\/\/3dvikingsstore.com\/shop\/gloomhaven-monster-deckhalter-gloomhaven-organizer\/"},"modified":"2025-10-29T04:12:46","modified_gmt":"2025-10-29T02:12:46","slug":"gloomhaven-monster-deckhalter-gloomhaven-organizer","status":"publish","type":"product","link":"https:\/\/3dvikingsstore.com\/de\/shop\/gloomhaven-monster-deckhalter-gloomhaven-organizer\/","title":{"rendered":"Gloomhaven Monster Deckhalter &#8211; Gloomhaven Organizer"},"content":{"rendered":"<p>? Du liebst es, Gloomhaven zu spielen, hasst aber die M\u00fche, deine Monsterdecks zu verwalten? W\u00fcnschst du dir eine bessere M\u00f6glichkeit, die Werte und F\u00e4higkeiten deiner Gegner im Auge zu behalten? Dann brauchen Sie diesen Gloomhaven-Organizer!<\/p>\n<p>Dieses praktische Accessoire ist so konzipiert, dass alle Monsterdecks an einem Ort aufbewahrt werden k\u00f6nnen, mit einem praktischen Schlitz auf der R\u00fcckseite f\u00fcr die einzelnen Monster-Informationskarten. Kein Mischen von Kartenstapeln oder Bl\u00e4ttern im Regelbuch mehr. Schieben Sie einfach die gew\u00fcnschte Karte in den Schlitz, und schon k\u00f6nnen Sie loslegen!<\/p>\n<p>Dieser Kartenhalter ist aus strapazierf\u00e4higem Kunststoff gefertigt und hat eine glatte schwarze Oberfl\u00e4che.<\/p>\n<p>Egal, ob du ein erfahrener Veteran oder ein neuer Abenteurer bist, dieser Gloomhaven-Organizer\/Deckhalter wird dein Spielerlebnis noch angenehmer und intensiver machen. Bestellen Sie Ihr Exemplar noch heute und entfesseln Sie die Macht von Gloomhaven!<\/p>\n<p>Was ist Gloomhaven?<\/p>\n<p>Gloomhaven ist ein Spiel mit europ\u00e4isch inspirierten taktischen K\u00e4mpfen in einer persistenten Welt mit wechselnden Motiven, das idealerweise \u00fcber mehrere Spielsitzungen gespielt wird. Das Durchspielen eines Szenarios ist eine kooperative Angelegenheit, bei der die Spieler zusammenarbeiten m\u00fcssen, um gegen automatisierte Monster zu k\u00e4mpfen und bedrohliche Verliese und vergessene Ruinen zu s\u00e4ubern. Dabei kommt ein innovatives Kartensystem zum Einsatz, das die Spielreihenfolge bestimmt und festlegt, was ein Spieler in seinem Zug tut. Dabei verbessern sie ihre F\u00e4higkeiten durch Erfahrung und Beute, entdecken neue Orte, die sie erforschen und pl\u00fcndern k\u00f6nnen, und erweitern eine immer weiter verzweigte Geschichte, die durch die von ihnen getroffenen Entscheidungen vorangetrieben wird.<\/p>\n<p>Er wird mit PLA gedruckt, einem der umweltfreundlichsten Filamente, die es derzeit auf dem Markt gibt. PLA wird aus Pflanzen wie Mais und Zuckerrohr gewonnen, ist erneuerbar und vor allem biologisch abbaubar und ungiftig. Die damit bedruckten Gegenst\u00e4nde sind haltbar und stabil.<\/p>\n<p>Das Modell \u00a9\ufe0f wurde von Naris Vipatapat entworfen. Bitte besuchen Sie http:\/\/www.thingiverse.com\/thing:2845643 f\u00fcr die Quelldateien.<\/p>\n","protected":false},"excerpt":{"rendered":"<p>Du liebst es, Gloomhaven zu spielen, hasst aber die M\u00fche, deine Monsterdecks zu verwalten? W\u00fcnschst du dir eine bessere M\u00f6glichkeit, die Werte und F\u00e4higkeiten deiner Gegner im Auge zu behalten? Dann brauchen Sie diesen Gloomhaven-Organizer!<\/p>\n","protected":false},"featured_media":15814,"comment_status":"open","ping_status":"closed","template":"","meta":[],"product_cat":[2690,2691],"product_tag":[2713,2712,2697,2707,2711,2901,2692,2693,2902,2709,2695,2699,2706],"yoast_head":"<!-- This site is optimized with the Yoast SEO Premium plugin v22.9 (Yoast SEO v22.9) - https:\/\/yoast.com\/wordpress\/plugins\/seo\/ -->\n<title>Gloomhaven Monster Deckhalter - Gloomhaven Organizer<\/title>\n<meta name=\"description\" content=\"Dieses praktische Accessoire ist so konzipiert, dass alle Monsterdecks an einem Ort aufbewahrt werden k\u00f6nnen, mit einem praktischen Schlitz auf der R\u00fcckseite f\u00fcr die einzelnen Monster-Informationskarten.\" \/>\n<meta name=\"robots\" content=\"index, follow, max-snippet:-1, max-image-preview:large, max-video-preview:-1\" \/>\n<link rel=\"canonical\" href=\"https:\/\/3dvikingsstore.com\/de\/shop\/gloomhaven-monster-deckhalter-gloomhaven-organizer\/\" \/>\n<meta property=\"og:locale\" content=\"de_DE\" \/>\n<meta property=\"og:type\" content=\"article\" \/>\n<meta property=\"og:title\" content=\"Gloomhaven Monster Deckhalter - Gloomhaven Organizer\" \/>\n<meta property=\"og:description\" content=\"Dieses praktische Accessoire ist so konzipiert, dass alle Monsterdecks an einem Ort aufbewahrt werden k\u00f6nnen, mit einem praktischen Schlitz auf der R\u00fcckseite f\u00fcr die einzelnen Monster-Informationskarten.\" \/>\n<meta property=\"og:url\" content=\"https:\/\/3dvikingsstore.com\/de\/shop\/gloomhaven-monster-deckhalter-gloomhaven-organizer\/\" \/>\n<meta property=\"og:site_name\" content=\"3D Vikings Store\" \/>\n<meta property=\"article:modified_time\" content=\"2025-10-29T02:12:46+00:00\" \/>\n<meta property=\"og:image\" content=\"https:\/\/3dvikingsstore.com\/wp-content\/uploads\/2020\/03\/DSC_5783-scaled-e1617178104950.jpg\" \/>\n\t<meta property=\"og:image:width\" content=\"1333\" \/>\n\t<meta property=\"og:image:height\" content=\"1000\" \/>\n\t<meta property=\"og:image:type\" content=\"image\/jpeg\" \/>\n<meta name=\"twitter:card\" content=\"summary_large_image\" \/>\n<meta name=\"twitter:label1\" content=\"Gesch\u00e4tzte Lesezeit\" \/>\n\t<meta name=\"twitter:data1\" content=\"2\u00a0Minuten\" \/>\n<script type=\"application\/ld+json\" class=\"yoast-schema-graph\">{\"@context\":\"https:\/\/schema.org\",\"@graph\":[{\"@type\":[\"WebPage\",\"ItemPage\"],\"@id\":\"https:\/\/3dvikingsstore.com\/de\/shop\/gloomhaven-monster-deckhalter-gloomhaven-organizer\/\",\"url\":\"https:\/\/3dvikingsstore.com\/de\/shop\/gloomhaven-monster-deckhalter-gloomhaven-organizer\/\",\"name\":\"Gloomhaven Monster Deckhalter - Gloomhaven Organizer\",\"isPartOf\":{\"@id\":\"https:\/\/3dvikingsstore.com\/de\/#website\"},\"primaryImageOfPage\":{\"@id\":\"https:\/\/3dvikingsstore.com\/de\/shop\/gloomhaven-monster-deckhalter-gloomhaven-organizer\/#primaryimage\"},\"image\":{\"@id\":\"https:\/\/3dvikingsstore.com\/de\/shop\/gloomhaven-monster-deckhalter-gloomhaven-organizer\/#primaryimage\"},\"thumbnailUrl\":\"https:\/\/3dvikingsstore.com\/wp-content\/uploads\/2020\/03\/DSC_5783-scaled-e1617178104950.jpg\",\"datePublished\":\"2020-03-01T00:57:49+00:00\",\"dateModified\":\"2025-10-29T02:12:46+00:00\",\"description\":\"Dieses praktische Accessoire ist so konzipiert, dass alle Monsterdecks an einem Ort aufbewahrt werden k\u00f6nnen, mit einem praktischen Schlitz auf der R\u00fcckseite f\u00fcr die einzelnen Monster-Informationskarten.\",\"breadcrumb\":{\"@id\":\"https:\/\/3dvikingsstore.com\/de\/shop\/gloomhaven-monster-deckhalter-gloomhaven-organizer\/#breadcrumb\"},\"inLanguage\":\"de\",\"potentialAction\":[{\"@type\":\"ReadAction\",\"target\":[\"https:\/\/3dvikingsstore.com\/de\/shop\/gloomhaven-monster-deckhalter-gloomhaven-organizer\/\"]}]},{\"@type\":\"ImageObject\",\"inLanguage\":\"de\",\"@id\":\"https:\/\/3dvikingsstore.com\/de\/shop\/gloomhaven-monster-deckhalter-gloomhaven-organizer\/#primaryimage\",\"url\":\"https:\/\/3dvikingsstore.com\/wp-content\/uploads\/2020\/03\/DSC_5783-scaled-e1617178104950.jpg\",\"contentUrl\":\"https:\/\/3dvikingsstore.com\/wp-content\/uploads\/2020\/03\/DSC_5783-scaled-e1617178104950.jpg\",\"width\":1333,\"height\":1000,\"caption\":\"gloomhaven organizer\"},{\"@type\":\"BreadcrumbList\",\"@id\":\"https:\/\/3dvikingsstore.com\/de\/shop\/gloomhaven-monster-deckhalter-gloomhaven-organizer\/#breadcrumb\",\"itemListElement\":[{\"@type\":\"ListItem\",\"position\":1,\"name\":\"Home\",\"item\":\"https:\/\/3dvikingsstore.com\/de\/\"},{\"@type\":\"ListItem\",\"position\":2,\"name\":\"Gesch\u00e4ft\",\"item\":\"https:\/\/3dvikingsstore.com\/shop\/\"},{\"@type\":\"ListItem\",\"position\":3,\"name\":\"Gloomhaven Monster Deckhalter &#8211; Gloomhaven Organizer\"}]},{\"@type\":\"WebSite\",\"@id\":\"https:\/\/3dvikingsstore.com\/de\/#website\",\"url\":\"https:\/\/3dvikingsstore.com\/de\/\",\"name\":\"3D Vikings Store\",\"description\":\"Scenery and Accessories for Tabletop and Board Games\",\"publisher\":{\"@id\":\"https:\/\/3dvikingsstore.com\/de\/#organization\"},\"potentialAction\":[{\"@type\":\"SearchAction\",\"target\":{\"@type\":\"EntryPoint\",\"urlTemplate\":\"https:\/\/3dvikingsstore.com\/de\/?s={search_term_string}\"},\"query-input\":\"required name=search_term_string\"}],\"inLanguage\":\"de\"},{\"@type\":\"Organization\",\"@id\":\"https:\/\/3dvikingsstore.com\/de\/#organization\",\"name\":\"3D Vikings Store\",\"url\":\"https:\/\/3dvikingsstore.com\/de\/\",\"logo\":{\"@type\":\"ImageObject\",\"inLanguage\":\"de\",\"@id\":\"https:\/\/3dvikingsstore.com\/de\/#\/schema\/logo\/image\/\",\"url\":\"https:\/\/3dvikingsstore.com\/wp-content\/uploads\/2020\/03\/3dvikings-logo-karge-white.jpg\",\"contentUrl\":\"https:\/\/3dvikingsstore.com\/wp-content\/uploads\/2020\/03\/3dvikings-logo-karge-white.jpg\",\"width\":800,\"height\":800,\"caption\":\"3D Vikings Store\"},\"image\":{\"@id\":\"https:\/\/3dvikingsstore.com\/de\/#\/schema\/logo\/image\/\"}}]}<\/script>\n<!-- \/ Yoast SEO Premium plugin. -->","yoast_head_json":{"title":"Gloomhaven Monster Deckhalter - Gloomhaven Organizer","description":"Dieses praktische Accessoire ist so konzipiert, dass alle Monsterdecks an einem Ort aufbewahrt werden k\u00f6nnen, mit einem praktischen Schlitz auf der R\u00fcckseite f\u00fcr die einzelnen Monster-Informationskarten.","robots":{"index":"index","follow":"follow","max-snippet":"max-snippet:-1","max-image-preview":"max-image-preview:large","max-video-preview":"max-video-preview:-1"},"canonical":"https:\/\/3dvikingsstore.com\/de\/shop\/gloomhaven-monster-deckhalter-gloomhaven-organizer\/","og_locale":"de_DE","og_type":"article","og_title":"Gloomhaven Monster Deckhalter - Gloomhaven Organizer","og_description":"Dieses praktische Accessoire ist so konzipiert, dass alle Monsterdecks an einem Ort aufbewahrt werden k\u00f6nnen, mit einem praktischen Schlitz auf der R\u00fcckseite f\u00fcr die einzelnen Monster-Informationskarten.","og_url":"https:\/\/3dvikingsstore.com\/de\/shop\/gloomhaven-monster-deckhalter-gloomhaven-organizer\/","og_site_name":"3D Vikings Store","article_modified_time":"2025-10-29T02:12:46+00:00","og_image":[{"width":1333,"height":1000,"url":"https:\/\/3dvikingsstore.com\/wp-content\/uploads\/2020\/03\/DSC_5783-scaled-e1617178104950.jpg","type":"image\/jpeg"}],"twitter_card":"summary_large_image","twitter_misc":{"Gesch\u00e4tzte Lesezeit":"2\u00a0Minuten"},"schema":{"@context":"https:\/\/schema.org","@graph":[{"@type":["WebPage","ItemPage"],"@id":"https:\/\/3dvikingsstore.com\/de\/shop\/gloomhaven-monster-deckhalter-gloomhaven-organizer\/","url":"https:\/\/3dvikingsstore.com\/de\/shop\/gloomhaven-monster-deckhalter-gloomhaven-organizer\/","name":"Gloomhaven Monster Deckhalter - Gloomhaven Organizer","isPartOf":{"@id":"https:\/\/3dvikingsstore.com\/de\/#website"},"primaryImageOfPage":{"@id":"https:\/\/3dvikingsstore.com\/de\/shop\/gloomhaven-monster-deckhalter-gloomhaven-organizer\/#primaryimage"},"image":{"@id":"https:\/\/3dvikingsstore.com\/de\/shop\/gloomhaven-monster-deckhalter-gloomhaven-organizer\/#primaryimage"},"thumbnailUrl":"https:\/\/3dvikingsstore.com\/wp-content\/uploads\/2020\/03\/DSC_5783-scaled-e1617178104950.jpg","datePublished":"2020-03-01T00:57:49+00:00","dateModified":"2025-10-29T02:12:46+00:00","description":"Dieses praktische Accessoire ist so konzipiert, dass alle Monsterdecks an einem Ort aufbewahrt werden k\u00f6nnen, mit einem praktischen Schlitz auf der R\u00fcckseite f\u00fcr die einzelnen Monster-Informationskarten.","breadcrumb":{"@id":"https:\/\/3dvikingsstore.com\/de\/shop\/gloomhaven-monster-deckhalter-gloomhaven-organizer\/#breadcrumb"},"inLanguage":"de","potentialAction":[{"@type":"ReadAction","target":["https:\/\/3dvikingsstore.com\/de\/shop\/gloomhaven-monster-deckhalter-gloomhaven-organizer\/"]}]},{"@type":"ImageObject","inLanguage":"de","@id":"https:\/\/3dvikingsstore.com\/de\/shop\/gloomhaven-monster-deckhalter-gloomhaven-organizer\/#primaryimage","url":"https:\/\/3dvikingsstore.com\/wp-content\/uploads\/2020\/03\/DSC_5783-scaled-e1617178104950.jpg","contentUrl":"https:\/\/3dvikingsstore.com\/wp-content\/uploads\/2020\/03\/DSC_5783-scaled-e1617178104950.jpg","width":1333,"height":1000,"caption":"gloomhaven organizer"},{"@type":"BreadcrumbList","@id":"https:\/\/3dvikingsstore.com\/de\/shop\/gloomhaven-monster-deckhalter-gloomhaven-organizer\/#breadcrumb","itemListElement":[{"@type":"ListItem","position":1,"name":"Home","item":"https:\/\/3dvikingsstore.com\/de\/"},{"@type":"ListItem","position":2,"name":"Gesch\u00e4ft","item":"https:\/\/3dvikingsstore.com\/shop\/"},{"@type":"ListItem","position":3,"name":"Gloomhaven Monster Deckhalter &#8211; Gloomhaven Organizer"}]},{"@type":"WebSite","@id":"https:\/\/3dvikingsstore.com\/de\/#website","url":"https:\/\/3dvikingsstore.com\/de\/","name":"3D Vikings Store","description":"Scenery and Accessories for Tabletop and Board Games","publisher":{"@id":"https:\/\/3dvikingsstore.com\/de\/#organization"},"potentialAction":[{"@type":"SearchAction","target":{"@type":"EntryPoint","urlTemplate":"https:\/\/3dvikingsstore.com\/de\/?s={search_term_string}"},"query-input":"required name=search_term_string"}],"inLanguage":"de"},{"@type":"Organization","@id":"https:\/\/3dvikingsstore.com\/de\/#organization","name":"3D Vikings Store","url":"https:\/\/3dvikingsstore.com\/de\/","logo":{"@type":"ImageObject","inLanguage":"de","@id":"https:\/\/3dvikingsstore.com\/de\/#\/schema\/logo\/image\/","url":"https:\/\/3dvikingsstore.com\/wp-content\/uploads\/2020\/03\/3dvikings-logo-karge-white.jpg","contentUrl":"https:\/\/3dvikingsstore.com\/wp-content\/uploads\/2020\/03\/3dvikings-logo-karge-white.jpg","width":800,"height":800,"caption":"3D Vikings Store"},"image":{"@id":"https:\/\/3dvikingsstore.com\/de\/#\/schema\/logo\/image\/"}}]}},"_links":{"self":[{"href":"https:\/\/3dvikingsstore.com\/de\/wp-json\/wp\/v2\/product\/16491"}],"collection":[{"href":"https:\/\/3dvikingsstore.com\/de\/wp-json\/wp\/v2\/product"}],"about":[{"href":"https:\/\/3dvikingsstore.com\/de\/wp-json\/wp\/v2\/types\/product"}],"replies":[{"embeddable":true,"href":"https:\/\/3dvikingsstore.com\/de\/wp-json\/wp\/v2\/comments?post=16491"}],"version-history":[{"count":0,"href":"https:\/\/3dvikingsstore.com\/de\/wp-json\/wp\/v2\/product\/16491\/revisions"}],"wp:featuredmedia":[{"embeddable":true,"href":"https:\/\/3dvikingsstore.com\/de\/wp-json\/wp\/v2\/media\/15814"}],"wp:attachment":[{"href":"https:\/\/3dvikingsstore.com\/de\/wp-json\/wp\/v2\/media?parent=16491"}],"wp:term":[{"taxonomy":"product_cat","embeddable":true,"href":"https:\/\/3dvikingsstore.com\/de\/wp-json\/wp\/v2\/product_cat?post=16491"},{"taxonomy":"product_tag","embeddable":true,"href":"https:\/\/3dvikingsstore.com\/de\/wp-json\/wp\/v2\/product_tag?post=16491"}],"curies":[{"name":"wp","href":"https:\/\/api.w.org\/{rel}","templated":true}]}}