{"id":16439,"date":"2024-01-28T15:58:03","date_gmt":"2024-01-28T13:58:03","guid":{"rendered":"https:\/\/3dvikingsstore.com\/shop\/pestdoktor-wuerfelturm-wuerfeln-sie-mit-stil-und-geheimnis\/"},"modified":"2024-12-03T23:13:36","modified_gmt":"2024-12-03T21:13:36","slug":"pestdoktor-wuerfelturm","status":"publish","type":"product","link":"https:\/\/3dvikingsstore.com\/de\/shop\/pestdoktor-wuerfelturm\/","title":{"rendered":"Pestdoktor W\u00fcrfelturm &#8211; W\u00fcrfeln Sie mit Stil und Geheimnis"},"content":{"rendered":"<p>Sind Sie auf der Suche nach einem einzigartigen und auff\u00e4lligen Accessoire f\u00fcr Ihre Tabletop-Spiele? M\u00f6chten Sie Ihren W\u00fcrfelw\u00fcrfen etwas mehr Flair und Intrigen verleihen? Dann brauchen Sie den <strong>Pestdoktor W\u00fcrfelturm<\/strong> &#8211; den ultimativen W\u00fcrfelturm f\u00fcr jeden Spieleliebhaber.<\/p>\n<p>Der Plague Dice Tower ist ein W\u00fcrfelturm, der ein detailliertes und realistisches Design eines Pestarztes zeigt &#8211; einer historischen Figur, die eine charakteristische Maske und einen Mantel trug, um die Opfer der Pest zu behandeln. Der W\u00fcrfelturm ist aus hochwertigem PLA-Filament gefertigt, das langlebig, leicht und umweltfreundlich ist.<\/p>\n<p>Der W\u00fcrfelturm ist einfach zu bedienen und macht Spa\u00df zu beobachten. Lassen Sie Ihre W\u00fcrfel einfach in die Spitze des Turms fallen, und beobachten Sie, wie sie aus den F\u00fc\u00dfen des Pestarztes in das darunter liegende Tablett rollen. Der W\u00fcrfelturm sorgt daf\u00fcr, dass jedes Mal fair und zuf\u00e4llig gew\u00fcrfelt wird, und bringt gleichzeitig etwas Stil und Geheimnis in Ihr Spiel.<\/p>\n<p>Der W\u00fcrfelturm ist mit allen handels\u00fcblichen W\u00fcrfeln kompatibel und kann f\u00fcr jedes Spiel verwendet werden, bei dem gew\u00fcrfelt werden muss, z. B. Dungeons &amp; Dragons, Pathfinder, Warhammer oder Catan. Der W\u00fcrfelturm ist auch ein toller Gespr\u00e4chsgegenstand und ein perfektes Geschenk f\u00fcr jeden Spielbegeisterten.<\/p>\n<p>Geben Sie sich nicht mit einem langweiligen, schlichten oder gew\u00f6hnlichen W\u00fcrfelturm zufrieden. Peppen Sie Ihr Spiel mit dem <strong>Pestdoktor W\u00fcrfelturm<\/strong> auf und w\u00fcrfeln Sie mit Stil und Geheimnis. Bestellen Sie noch heute Ihren W\u00fcrfelturm und beeindrucken Sie Ihre Freunde und Feinde mit Ihrem fantastischen W\u00fcrfelturm! ???<\/p>\n","protected":false},"excerpt":{"rendered":"<p>Sind Sie auf der Suche nach einem einzigartigen und auff\u00e4lligen Accessoire f\u00fcr Ihre Tabletop-Spiele? M\u00f6chten Sie Ihren W\u00fcrfelw\u00fcrfen etwas mehr Flair und Intrigen verleihen? Dann brauchen Sie den <strong>Pestdoktor W\u00fcrfelturm<\/strong> &#8211; den ultimativen W\u00fcrfelturm f\u00fcr jeden Spieleliebhaber.<\/p>\n","protected":false},"featured_media":16432,"comment_status":"open","ping_status":"closed","template":"","meta":[],"product_cat":[2666],"product_tag":[2668,2667,2865],"yoast_head":"<!-- This site is optimized with the Yoast SEO Premium plugin v22.9 (Yoast SEO v22.9) - https:\/\/yoast.com\/wordpress\/plugins\/seo\/ -->\n<title>Pestdoktor W\u00fcrfelturm - W\u00fcrfeln Sie mit Stil und Geheimnis<\/title>\n<meta name=\"description\" content=\"Du brauchst den Pestdoktor W\u00fcrfelturm - den ultimativen W\u00fcrfelturm f\u00fcr jeden Spieleliebhaber. Der Pestdoktor W\u00fcrfelturm ist einfach zu bedienen und macht Spa\u00df zu beobachten.\" \/>\n<meta name=\"robots\" content=\"index, follow, max-snippet:-1, max-image-preview:large, max-video-preview:-1\" \/>\n<link rel=\"canonical\" href=\"https:\/\/3dvikingsstore.com\/de\/shop\/pestdoktor-wuerfelturm\/\" \/>\n<meta property=\"og:locale\" content=\"de_DE\" \/>\n<meta property=\"og:type\" content=\"article\" \/>\n<meta property=\"og:title\" content=\"Pestdoktor W\u00fcrfelturm - W\u00fcrfeln Sie mit Stil und Geheimnis\" \/>\n<meta property=\"og:description\" content=\"Du brauchst den Pestdoktor W\u00fcrfelturm - den ultimativen W\u00fcrfelturm f\u00fcr jeden Spieleliebhaber. Der Pestdoktor W\u00fcrfelturm ist einfach zu bedienen und macht Spa\u00df zu beobachten.\" \/>\n<meta property=\"og:url\" content=\"https:\/\/3dvikingsstore.com\/de\/shop\/pestdoktor-wuerfelturm\/\" \/>\n<meta property=\"og:site_name\" content=\"3D Vikings Store\" \/>\n<meta property=\"article:modified_time\" content=\"2024-12-03T21:13:36+00:00\" \/>\n<meta property=\"og:image\" content=\"https:\/\/3dvikingsstore.com\/wp-content\/uploads\/2024\/01\/DSC_6175.jpg\" \/>\n\t<meta property=\"og:image:width\" content=\"1030\" \/>\n\t<meta property=\"og:image:height\" content=\"2438\" \/>\n\t<meta property=\"og:image:type\" content=\"image\/jpeg\" \/>\n<meta name=\"twitter:card\" content=\"summary_large_image\" \/>\n<meta name=\"twitter:label1\" content=\"Gesch\u00e4tzte Lesezeit\" \/>\n\t<meta name=\"twitter:data1\" content=\"2\u00a0Minuten\" \/>\n<script type=\"application\/ld+json\" class=\"yoast-schema-graph\">{\"@context\":\"https:\/\/schema.org\",\"@graph\":[{\"@type\":[\"WebPage\",\"ItemPage\"],\"@id\":\"https:\/\/3dvikingsstore.com\/de\/shop\/pestdoktor-wuerfelturm\/\",\"url\":\"https:\/\/3dvikingsstore.com\/de\/shop\/pestdoktor-wuerfelturm\/\",\"name\":\"Pestdoktor W\u00fcrfelturm - W\u00fcrfeln Sie mit Stil und Geheimnis\",\"isPartOf\":{\"@id\":\"https:\/\/3dvikingsstore.com\/de\/#website\"},\"primaryImageOfPage\":{\"@id\":\"https:\/\/3dvikingsstore.com\/de\/shop\/pestdoktor-wuerfelturm\/#primaryimage\"},\"image\":{\"@id\":\"https:\/\/3dvikingsstore.com\/de\/shop\/pestdoktor-wuerfelturm\/#primaryimage\"},\"thumbnailUrl\":\"https:\/\/3dvikingsstore.com\/wp-content\/uploads\/2024\/01\/DSC_6175.jpg\",\"datePublished\":\"2024-01-28T13:58:03+00:00\",\"dateModified\":\"2024-12-03T21:13:36+00:00\",\"description\":\"Du brauchst den Pestdoktor W\u00fcrfelturm - den ultimativen W\u00fcrfelturm f\u00fcr jeden Spieleliebhaber. Der Pestdoktor W\u00fcrfelturm ist einfach zu bedienen und macht Spa\u00df zu beobachten.\",\"breadcrumb\":{\"@id\":\"https:\/\/3dvikingsstore.com\/de\/shop\/pestdoktor-wuerfelturm\/#breadcrumb\"},\"inLanguage\":\"de\",\"potentialAction\":[{\"@type\":\"ReadAction\",\"target\":[\"https:\/\/3dvikingsstore.com\/de\/shop\/pestdoktor-wuerfelturm\/\"]}]},{\"@type\":\"ImageObject\",\"inLanguage\":\"de\",\"@id\":\"https:\/\/3dvikingsstore.com\/de\/shop\/pestdoktor-wuerfelturm\/#primaryimage\",\"url\":\"https:\/\/3dvikingsstore.com\/wp-content\/uploads\/2024\/01\/DSC_6175.jpg\",\"contentUrl\":\"https:\/\/3dvikingsstore.com\/wp-content\/uploads\/2024\/01\/DSC_6175.jpg\",\"width\":1030,\"height\":2438,\"caption\":\"Plague doctor dice tower\"},{\"@type\":\"BreadcrumbList\",\"@id\":\"https:\/\/3dvikingsstore.com\/de\/shop\/pestdoktor-wuerfelturm\/#breadcrumb\",\"itemListElement\":[{\"@type\":\"ListItem\",\"position\":1,\"name\":\"Home\",\"item\":\"https:\/\/3dvikingsstore.com\/de\/\"},{\"@type\":\"ListItem\",\"position\":2,\"name\":\"Gesch\u00e4ft\",\"item\":\"https:\/\/3dvikingsstore.com\/shop\/\"},{\"@type\":\"ListItem\",\"position\":3,\"name\":\"Pestdoktor W\u00fcrfelturm &#8211; W\u00fcrfeln Sie mit Stil und Geheimnis\"}]},{\"@type\":\"WebSite\",\"@id\":\"https:\/\/3dvikingsstore.com\/de\/#website\",\"url\":\"https:\/\/3dvikingsstore.com\/de\/\",\"name\":\"3D Vikings Store\",\"description\":\"Scenery and Accessories for Tabletop and Board Games\",\"publisher\":{\"@id\":\"https:\/\/3dvikingsstore.com\/de\/#organization\"},\"potentialAction\":[{\"@type\":\"SearchAction\",\"target\":{\"@type\":\"EntryPoint\",\"urlTemplate\":\"https:\/\/3dvikingsstore.com\/de\/?s={search_term_string}\"},\"query-input\":\"required name=search_term_string\"}],\"inLanguage\":\"de\"},{\"@type\":\"Organization\",\"@id\":\"https:\/\/3dvikingsstore.com\/de\/#organization\",\"name\":\"3D Vikings Store\",\"url\":\"https:\/\/3dvikingsstore.com\/de\/\",\"logo\":{\"@type\":\"ImageObject\",\"inLanguage\":\"de\",\"@id\":\"https:\/\/3dvikingsstore.com\/de\/#\/schema\/logo\/image\/\",\"url\":\"https:\/\/3dvikingsstore.com\/wp-content\/uploads\/2020\/03\/3dvikings-logo-karge-white.jpg\",\"contentUrl\":\"https:\/\/3dvikingsstore.com\/wp-content\/uploads\/2020\/03\/3dvikings-logo-karge-white.jpg\",\"width\":800,\"height\":800,\"caption\":\"3D Vikings Store\"},\"image\":{\"@id\":\"https:\/\/3dvikingsstore.com\/de\/#\/schema\/logo\/image\/\"}}]}<\/script>\n<!-- \/ Yoast SEO Premium plugin. -->","yoast_head_json":{"title":"Pestdoktor W\u00fcrfelturm - W\u00fcrfeln Sie mit Stil und Geheimnis","description":"Du brauchst den Pestdoktor W\u00fcrfelturm - den ultimativen W\u00fcrfelturm f\u00fcr jeden Spieleliebhaber. Der Pestdoktor W\u00fcrfelturm ist einfach zu bedienen und macht Spa\u00df zu beobachten.","robots":{"index":"index","follow":"follow","max-snippet":"max-snippet:-1","max-image-preview":"max-image-preview:large","max-video-preview":"max-video-preview:-1"},"canonical":"https:\/\/3dvikingsstore.com\/de\/shop\/pestdoktor-wuerfelturm\/","og_locale":"de_DE","og_type":"article","og_title":"Pestdoktor W\u00fcrfelturm - W\u00fcrfeln Sie mit Stil und Geheimnis","og_description":"Du brauchst den Pestdoktor W\u00fcrfelturm - den ultimativen W\u00fcrfelturm f\u00fcr jeden Spieleliebhaber. Der Pestdoktor W\u00fcrfelturm ist einfach zu bedienen und macht Spa\u00df zu beobachten.","og_url":"https:\/\/3dvikingsstore.com\/de\/shop\/pestdoktor-wuerfelturm\/","og_site_name":"3D Vikings Store","article_modified_time":"2024-12-03T21:13:36+00:00","og_image":[{"width":1030,"height":2438,"url":"https:\/\/3dvikingsstore.com\/wp-content\/uploads\/2024\/01\/DSC_6175.jpg","type":"image\/jpeg"}],"twitter_card":"summary_large_image","twitter_misc":{"Gesch\u00e4tzte Lesezeit":"2\u00a0Minuten"},"schema":{"@context":"https:\/\/schema.org","@graph":[{"@type":["WebPage","ItemPage"],"@id":"https:\/\/3dvikingsstore.com\/de\/shop\/pestdoktor-wuerfelturm\/","url":"https:\/\/3dvikingsstore.com\/de\/shop\/pestdoktor-wuerfelturm\/","name":"Pestdoktor W\u00fcrfelturm - W\u00fcrfeln Sie mit Stil und Geheimnis","isPartOf":{"@id":"https:\/\/3dvikingsstore.com\/de\/#website"},"primaryImageOfPage":{"@id":"https:\/\/3dvikingsstore.com\/de\/shop\/pestdoktor-wuerfelturm\/#primaryimage"},"image":{"@id":"https:\/\/3dvikingsstore.com\/de\/shop\/pestdoktor-wuerfelturm\/#primaryimage"},"thumbnailUrl":"https:\/\/3dvikingsstore.com\/wp-content\/uploads\/2024\/01\/DSC_6175.jpg","datePublished":"2024-01-28T13:58:03+00:00","dateModified":"2024-12-03T21:13:36+00:00","description":"Du brauchst den Pestdoktor W\u00fcrfelturm - den ultimativen W\u00fcrfelturm f\u00fcr jeden Spieleliebhaber. Der Pestdoktor W\u00fcrfelturm ist einfach zu bedienen und macht Spa\u00df zu beobachten.","breadcrumb":{"@id":"https:\/\/3dvikingsstore.com\/de\/shop\/pestdoktor-wuerfelturm\/#breadcrumb"},"inLanguage":"de","potentialAction":[{"@type":"ReadAction","target":["https:\/\/3dvikingsstore.com\/de\/shop\/pestdoktor-wuerfelturm\/"]}]},{"@type":"ImageObject","inLanguage":"de","@id":"https:\/\/3dvikingsstore.com\/de\/shop\/pestdoktor-wuerfelturm\/#primaryimage","url":"https:\/\/3dvikingsstore.com\/wp-content\/uploads\/2024\/01\/DSC_6175.jpg","contentUrl":"https:\/\/3dvikingsstore.com\/wp-content\/uploads\/2024\/01\/DSC_6175.jpg","width":1030,"height":2438,"caption":"Plague doctor dice tower"},{"@type":"BreadcrumbList","@id":"https:\/\/3dvikingsstore.com\/de\/shop\/pestdoktor-wuerfelturm\/#breadcrumb","itemListElement":[{"@type":"ListItem","position":1,"name":"Home","item":"https:\/\/3dvikingsstore.com\/de\/"},{"@type":"ListItem","position":2,"name":"Gesch\u00e4ft","item":"https:\/\/3dvikingsstore.com\/shop\/"},{"@type":"ListItem","position":3,"name":"Pestdoktor W\u00fcrfelturm &#8211; W\u00fcrfeln Sie mit Stil und Geheimnis"}]},{"@type":"WebSite","@id":"https:\/\/3dvikingsstore.com\/de\/#website","url":"https:\/\/3dvikingsstore.com\/de\/","name":"3D Vikings Store","description":"Scenery and Accessories for Tabletop and Board Games","publisher":{"@id":"https:\/\/3dvikingsstore.com\/de\/#organization"},"potentialAction":[{"@type":"SearchAction","target":{"@type":"EntryPoint","urlTemplate":"https:\/\/3dvikingsstore.com\/de\/?s={search_term_string}"},"query-input":"required name=search_term_string"}],"inLanguage":"de"},{"@type":"Organization","@id":"https:\/\/3dvikingsstore.com\/de\/#organization","name":"3D Vikings Store","url":"https:\/\/3dvikingsstore.com\/de\/","logo":{"@type":"ImageObject","inLanguage":"de","@id":"https:\/\/3dvikingsstore.com\/de\/#\/schema\/logo\/image\/","url":"https:\/\/3dvikingsstore.com\/wp-content\/uploads\/2020\/03\/3dvikings-logo-karge-white.jpg","contentUrl":"https:\/\/3dvikingsstore.com\/wp-content\/uploads\/2020\/03\/3dvikings-logo-karge-white.jpg","width":800,"height":800,"caption":"3D Vikings Store"},"image":{"@id":"https:\/\/3dvikingsstore.com\/de\/#\/schema\/logo\/image\/"}}]}},"_links":{"self":[{"href":"https:\/\/3dvikingsstore.com\/de\/wp-json\/wp\/v2\/product\/16439"}],"collection":[{"href":"https:\/\/3dvikingsstore.com\/de\/wp-json\/wp\/v2\/product"}],"about":[{"href":"https:\/\/3dvikingsstore.com\/de\/wp-json\/wp\/v2\/types\/product"}],"replies":[{"embeddable":true,"href":"https:\/\/3dvikingsstore.com\/de\/wp-json\/wp\/v2\/comments?post=16439"}],"version-history":[{"count":0,"href":"https:\/\/3dvikingsstore.com\/de\/wp-json\/wp\/v2\/product\/16439\/revisions"}],"wp:featuredmedia":[{"embeddable":true,"href":"https:\/\/3dvikingsstore.com\/de\/wp-json\/wp\/v2\/media\/16432"}],"wp:attachment":[{"href":"https:\/\/3dvikingsstore.com\/de\/wp-json\/wp\/v2\/media?parent=16439"}],"wp:term":[{"taxonomy":"product_cat","embeddable":true,"href":"https:\/\/3dvikingsstore.com\/de\/wp-json\/wp\/v2\/product_cat?post=16439"},{"taxonomy":"product_tag","embeddable":true,"href":"https:\/\/3dvikingsstore.com\/de\/wp-json\/wp\/v2\/product_tag?post=16439"}],"curies":[{"name":"wp","href":"https:\/\/api.w.org\/{rel}","templated":true}]}}