{"id":16420,"date":"2020-03-01T02:57:56","date_gmt":"2020-03-01T00:57:56","guid":{"rendered":"https:\/\/3dvikingsstore.com\/shop\/gloomhaven-tueren\/"},"modified":"2025-10-29T08:21:58","modified_gmt":"2025-10-29T06:21:58","slug":"gloomhaven-tueren","status":"publish","type":"product","link":"https:\/\/3dvikingsstore.com\/de\/shop\/gloomhaven-tueren\/","title":{"rendered":"Gloomhaven-T\u00fcren"},"content":{"rendered":"<p>? Diese Gloomhaven-T\u00fcren sind voll funktionsf\u00e4hig, d.h. die T\u00fcr kann entfernt werden, so dass die T\u00fcr\u00f6ffnung sch\u00f6n an Ort und Stelle bleibt und alle Modelle in der T\u00fcr stehen k\u00f6nnen, wenn sie entfernt wurde.<\/p>\n<p>Was ist Gloomhaven?<\/p>\n<p>Gloomhaven ist ein Spiel mit europ\u00e4isch inspirierten taktischen K\u00e4mpfen in einer persistenten Welt mit wechselnden Motiven, das idealerweise \u00fcber mehrere Spielsitzungen gespielt wird. Das Durchspielen eines Szenarios ist eine kooperative Angelegenheit, bei der die Spieler zusammenarbeiten m\u00fcssen, um gegen automatisierte Monster zu k\u00e4mpfen und bedrohliche Verliese und vergessene Ruinen zu s\u00e4ubern. Dabei kommt ein innovatives Kartensystem zum Einsatz, das die Spielreihenfolge bestimmt und festlegt, was ein Spieler in seinem Zug tut. Dabei verbessern sie ihre F\u00e4higkeiten durch Erfahrung und Beute, entdecken neue Orte, die sie erforschen und pl\u00fcndern k\u00f6nnen, und erweitern eine immer weiter verzweigte Geschichte, die durch die von ihnen getroffenen Entscheidungen vorangetrieben wird.<\/p>\n<p>Er wird mit PLA gedruckt, einem der umweltfreundlichsten Filamente, die es derzeit auf dem Markt gibt. PLA wird aus Pflanzen wie Mais und Zuckerrohr gewonnen, ist erneuerbar und vor allem biologisch abbaubar und ungiftig. Die damit bedruckten Gegenst\u00e4nde sind haltbar und stabil.<\/p>\n<p>Das Modell \u00a9\ufe0f wurde uns von Rob R. zur Verf\u00fcgung gestellt. Die Quelldateien finden Sie unter http:\/\/www.thingiverse.com\/thing:3290089.<\/p>\n","protected":false},"excerpt":{"rendered":"<p>Diese T\u00fcren sind voll funktionsf\u00e4hig, d. h. die T\u00fcr kann entfernt werden, so dass die T\u00fcr\u00f6ffnung sch\u00f6n an ihrem Platz bleibt und alle Modelle in der T\u00fcr stehen k\u00f6nnen.<\/p>\n","protected":false},"featured_media":13985,"comment_status":"open","ping_status":"closed","template":"","meta":[],"product_cat":[2690,2691],"product_tag":[2874,2869,2712,2697,2878,2871,2875,2866,2872,2867,2868,2692,2710,2693,2695,2699,2876,2714,2870,2873,2877],"yoast_head":"<!-- This site is optimized with the Yoast SEO Premium plugin v22.9 (Yoast SEO v22.9) - https:\/\/yoast.com\/wordpress\/plugins\/seo\/ -->\n<title>Gloomhaven-T\u00fcren<\/title>\n<meta name=\"description\" content=\"Diese Gloomhaven-T\u00fcren sind voll funktionsf\u00e4hig, d. h. die T\u00fcr kann entfernt werden, so dass die T\u00fcr\u00f6ffnung sch\u00f6n an ihrem Platz bleibt und alle Modelle in der T\u00fcr stehen k\u00f6nnen, wenn sie entfernt wurde.\" \/>\n<meta name=\"robots\" content=\"index, follow, max-snippet:-1, max-image-preview:large, max-video-preview:-1\" \/>\n<link rel=\"canonical\" href=\"https:\/\/3dvikingsstore.com\/de\/shop\/gloomhaven-tueren\/\" \/>\n<meta property=\"og:locale\" content=\"de_DE\" \/>\n<meta property=\"og:type\" content=\"article\" \/>\n<meta property=\"og:title\" content=\"Gloomhaven-T\u00fcren\" \/>\n<meta property=\"og:description\" content=\"Diese Gloomhaven-T\u00fcren sind voll funktionsf\u00e4hig, d. h. die T\u00fcr kann entfernt werden, so dass die T\u00fcr\u00f6ffnung sch\u00f6n an ihrem Platz bleibt und alle Modelle in der T\u00fcr stehen k\u00f6nnen, wenn sie entfernt wurde.\" \/>\n<meta property=\"og:url\" content=\"https:\/\/3dvikingsstore.com\/de\/shop\/gloomhaven-tueren\/\" \/>\n<meta property=\"og:site_name\" content=\"3D Vikings Store\" \/>\n<meta property=\"article:modified_time\" content=\"2025-10-29T06:21:58+00:00\" \/>\n<meta property=\"og:image\" content=\"https:\/\/3dvikingsstore.com\/wp-content\/uploads\/2020\/03\/il_1588xN.2249770887_6c4i.jpg\" \/>\n\t<meta property=\"og:image:width\" content=\"1588\" \/>\n\t<meta property=\"og:image:height\" content=\"1191\" \/>\n\t<meta property=\"og:image:type\" content=\"image\/jpeg\" \/>\n<meta name=\"twitter:card\" content=\"summary_large_image\" \/>\n<meta name=\"twitter:label1\" content=\"Gesch\u00e4tzte Lesezeit\" \/>\n\t<meta name=\"twitter:data1\" content=\"2\u00a0Minuten\" \/>\n<script type=\"application\/ld+json\" class=\"yoast-schema-graph\">{\"@context\":\"https:\/\/schema.org\",\"@graph\":[{\"@type\":[\"WebPage\",\"ItemPage\"],\"@id\":\"https:\/\/3dvikingsstore.com\/de\/shop\/gloomhaven-tueren\/\",\"url\":\"https:\/\/3dvikingsstore.com\/de\/shop\/gloomhaven-tueren\/\",\"name\":\"Gloomhaven-T\u00fcren\",\"isPartOf\":{\"@id\":\"https:\/\/3dvikingsstore.com\/de\/#website\"},\"primaryImageOfPage\":{\"@id\":\"https:\/\/3dvikingsstore.com\/de\/shop\/gloomhaven-tueren\/#primaryimage\"},\"image\":{\"@id\":\"https:\/\/3dvikingsstore.com\/de\/shop\/gloomhaven-tueren\/#primaryimage\"},\"thumbnailUrl\":\"https:\/\/3dvikingsstore.com\/wp-content\/uploads\/2020\/03\/il_1588xN.2249770887_6c4i.jpg\",\"datePublished\":\"2020-03-01T00:57:56+00:00\",\"dateModified\":\"2025-10-29T06:21:58+00:00\",\"description\":\"Diese Gloomhaven-T\u00fcren sind voll funktionsf\u00e4hig, d. h. die T\u00fcr kann entfernt werden, so dass die T\u00fcr\u00f6ffnung sch\u00f6n an ihrem Platz bleibt und alle Modelle in der T\u00fcr stehen k\u00f6nnen, wenn sie entfernt wurde.\",\"breadcrumb\":{\"@id\":\"https:\/\/3dvikingsstore.com\/de\/shop\/gloomhaven-tueren\/#breadcrumb\"},\"inLanguage\":\"de\",\"potentialAction\":[{\"@type\":\"ReadAction\",\"target\":[\"https:\/\/3dvikingsstore.com\/de\/shop\/gloomhaven-tueren\/\"]}]},{\"@type\":\"ImageObject\",\"inLanguage\":\"de\",\"@id\":\"https:\/\/3dvikingsstore.com\/de\/shop\/gloomhaven-tueren\/#primaryimage\",\"url\":\"https:\/\/3dvikingsstore.com\/wp-content\/uploads\/2020\/03\/il_1588xN.2249770887_6c4i.jpg\",\"contentUrl\":\"https:\/\/3dvikingsstore.com\/wp-content\/uploads\/2020\/03\/il_1588xN.2249770887_6c4i.jpg\",\"width\":1588,\"height\":1191,\"caption\":\"Gloomhaven doors\"},{\"@type\":\"BreadcrumbList\",\"@id\":\"https:\/\/3dvikingsstore.com\/de\/shop\/gloomhaven-tueren\/#breadcrumb\",\"itemListElement\":[{\"@type\":\"ListItem\",\"position\":1,\"name\":\"Home\",\"item\":\"https:\/\/3dvikingsstore.com\/de\/\"},{\"@type\":\"ListItem\",\"position\":2,\"name\":\"Gesch\u00e4ft\",\"item\":\"https:\/\/3dvikingsstore.com\/shop\/\"},{\"@type\":\"ListItem\",\"position\":3,\"name\":\"Gloomhaven-T\u00fcren\"}]},{\"@type\":\"WebSite\",\"@id\":\"https:\/\/3dvikingsstore.com\/de\/#website\",\"url\":\"https:\/\/3dvikingsstore.com\/de\/\",\"name\":\"3D Vikings Store\",\"description\":\"Scenery and Accessories for Tabletop and Board Games\",\"publisher\":{\"@id\":\"https:\/\/3dvikingsstore.com\/de\/#organization\"},\"potentialAction\":[{\"@type\":\"SearchAction\",\"target\":{\"@type\":\"EntryPoint\",\"urlTemplate\":\"https:\/\/3dvikingsstore.com\/de\/?s={search_term_string}\"},\"query-input\":\"required name=search_term_string\"}],\"inLanguage\":\"de\"},{\"@type\":\"Organization\",\"@id\":\"https:\/\/3dvikingsstore.com\/de\/#organization\",\"name\":\"3D Vikings Store\",\"url\":\"https:\/\/3dvikingsstore.com\/de\/\",\"logo\":{\"@type\":\"ImageObject\",\"inLanguage\":\"de\",\"@id\":\"https:\/\/3dvikingsstore.com\/de\/#\/schema\/logo\/image\/\",\"url\":\"https:\/\/3dvikingsstore.com\/wp-content\/uploads\/2020\/03\/3dvikings-logo-karge-white.jpg\",\"contentUrl\":\"https:\/\/3dvikingsstore.com\/wp-content\/uploads\/2020\/03\/3dvikings-logo-karge-white.jpg\",\"width\":800,\"height\":800,\"caption\":\"3D Vikings Store\"},\"image\":{\"@id\":\"https:\/\/3dvikingsstore.com\/de\/#\/schema\/logo\/image\/\"}}]}<\/script>\n<!-- \/ Yoast SEO Premium plugin. -->","yoast_head_json":{"title":"Gloomhaven-T\u00fcren","description":"Diese Gloomhaven-T\u00fcren sind voll funktionsf\u00e4hig, d. h. die T\u00fcr kann entfernt werden, so dass die T\u00fcr\u00f6ffnung sch\u00f6n an ihrem Platz bleibt und alle Modelle in der T\u00fcr stehen k\u00f6nnen, wenn sie entfernt wurde.","robots":{"index":"index","follow":"follow","max-snippet":"max-snippet:-1","max-image-preview":"max-image-preview:large","max-video-preview":"max-video-preview:-1"},"canonical":"https:\/\/3dvikingsstore.com\/de\/shop\/gloomhaven-tueren\/","og_locale":"de_DE","og_type":"article","og_title":"Gloomhaven-T\u00fcren","og_description":"Diese Gloomhaven-T\u00fcren sind voll funktionsf\u00e4hig, d. h. die T\u00fcr kann entfernt werden, so dass die T\u00fcr\u00f6ffnung sch\u00f6n an ihrem Platz bleibt und alle Modelle in der T\u00fcr stehen k\u00f6nnen, wenn sie entfernt wurde.","og_url":"https:\/\/3dvikingsstore.com\/de\/shop\/gloomhaven-tueren\/","og_site_name":"3D Vikings Store","article_modified_time":"2025-10-29T06:21:58+00:00","og_image":[{"width":1588,"height":1191,"url":"https:\/\/3dvikingsstore.com\/wp-content\/uploads\/2020\/03\/il_1588xN.2249770887_6c4i.jpg","type":"image\/jpeg"}],"twitter_card":"summary_large_image","twitter_misc":{"Gesch\u00e4tzte Lesezeit":"2\u00a0Minuten"},"schema":{"@context":"https:\/\/schema.org","@graph":[{"@type":["WebPage","ItemPage"],"@id":"https:\/\/3dvikingsstore.com\/de\/shop\/gloomhaven-tueren\/","url":"https:\/\/3dvikingsstore.com\/de\/shop\/gloomhaven-tueren\/","name":"Gloomhaven-T\u00fcren","isPartOf":{"@id":"https:\/\/3dvikingsstore.com\/de\/#website"},"primaryImageOfPage":{"@id":"https:\/\/3dvikingsstore.com\/de\/shop\/gloomhaven-tueren\/#primaryimage"},"image":{"@id":"https:\/\/3dvikingsstore.com\/de\/shop\/gloomhaven-tueren\/#primaryimage"},"thumbnailUrl":"https:\/\/3dvikingsstore.com\/wp-content\/uploads\/2020\/03\/il_1588xN.2249770887_6c4i.jpg","datePublished":"2020-03-01T00:57:56+00:00","dateModified":"2025-10-29T06:21:58+00:00","description":"Diese Gloomhaven-T\u00fcren sind voll funktionsf\u00e4hig, d. h. die T\u00fcr kann entfernt werden, so dass die T\u00fcr\u00f6ffnung sch\u00f6n an ihrem Platz bleibt und alle Modelle in der T\u00fcr stehen k\u00f6nnen, wenn sie entfernt wurde.","breadcrumb":{"@id":"https:\/\/3dvikingsstore.com\/de\/shop\/gloomhaven-tueren\/#breadcrumb"},"inLanguage":"de","potentialAction":[{"@type":"ReadAction","target":["https:\/\/3dvikingsstore.com\/de\/shop\/gloomhaven-tueren\/"]}]},{"@type":"ImageObject","inLanguage":"de","@id":"https:\/\/3dvikingsstore.com\/de\/shop\/gloomhaven-tueren\/#primaryimage","url":"https:\/\/3dvikingsstore.com\/wp-content\/uploads\/2020\/03\/il_1588xN.2249770887_6c4i.jpg","contentUrl":"https:\/\/3dvikingsstore.com\/wp-content\/uploads\/2020\/03\/il_1588xN.2249770887_6c4i.jpg","width":1588,"height":1191,"caption":"Gloomhaven doors"},{"@type":"BreadcrumbList","@id":"https:\/\/3dvikingsstore.com\/de\/shop\/gloomhaven-tueren\/#breadcrumb","itemListElement":[{"@type":"ListItem","position":1,"name":"Home","item":"https:\/\/3dvikingsstore.com\/de\/"},{"@type":"ListItem","position":2,"name":"Gesch\u00e4ft","item":"https:\/\/3dvikingsstore.com\/shop\/"},{"@type":"ListItem","position":3,"name":"Gloomhaven-T\u00fcren"}]},{"@type":"WebSite","@id":"https:\/\/3dvikingsstore.com\/de\/#website","url":"https:\/\/3dvikingsstore.com\/de\/","name":"3D Vikings Store","description":"Scenery and Accessories for Tabletop and Board Games","publisher":{"@id":"https:\/\/3dvikingsstore.com\/de\/#organization"},"potentialAction":[{"@type":"SearchAction","target":{"@type":"EntryPoint","urlTemplate":"https:\/\/3dvikingsstore.com\/de\/?s={search_term_string}"},"query-input":"required name=search_term_string"}],"inLanguage":"de"},{"@type":"Organization","@id":"https:\/\/3dvikingsstore.com\/de\/#organization","name":"3D Vikings Store","url":"https:\/\/3dvikingsstore.com\/de\/","logo":{"@type":"ImageObject","inLanguage":"de","@id":"https:\/\/3dvikingsstore.com\/de\/#\/schema\/logo\/image\/","url":"https:\/\/3dvikingsstore.com\/wp-content\/uploads\/2020\/03\/3dvikings-logo-karge-white.jpg","contentUrl":"https:\/\/3dvikingsstore.com\/wp-content\/uploads\/2020\/03\/3dvikings-logo-karge-white.jpg","width":800,"height":800,"caption":"3D Vikings Store"},"image":{"@id":"https:\/\/3dvikingsstore.com\/de\/#\/schema\/logo\/image\/"}}]}},"_links":{"self":[{"href":"https:\/\/3dvikingsstore.com\/de\/wp-json\/wp\/v2\/product\/16420"}],"collection":[{"href":"https:\/\/3dvikingsstore.com\/de\/wp-json\/wp\/v2\/product"}],"about":[{"href":"https:\/\/3dvikingsstore.com\/de\/wp-json\/wp\/v2\/types\/product"}],"replies":[{"embeddable":true,"href":"https:\/\/3dvikingsstore.com\/de\/wp-json\/wp\/v2\/comments?post=16420"}],"version-history":[{"count":0,"href":"https:\/\/3dvikingsstore.com\/de\/wp-json\/wp\/v2\/product\/16420\/revisions"}],"wp:featuredmedia":[{"embeddable":true,"href":"https:\/\/3dvikingsstore.com\/de\/wp-json\/wp\/v2\/media\/13985"}],"wp:attachment":[{"href":"https:\/\/3dvikingsstore.com\/de\/wp-json\/wp\/v2\/media?parent=16420"}],"wp:term":[{"taxonomy":"product_cat","embeddable":true,"href":"https:\/\/3dvikingsstore.com\/de\/wp-json\/wp\/v2\/product_cat?post=16420"},{"taxonomy":"product_tag","embeddable":true,"href":"https:\/\/3dvikingsstore.com\/de\/wp-json\/wp\/v2\/product_tag?post=16420"}],"curies":[{"name":"wp","href":"https:\/\/api.w.org\/{rel}","templated":true}]}}